{"id":82731,"date":"2024-01-04T10:58:01","date_gmt":"2024-01-04T08:58:01","guid":{"rendered":"https:\/\/bien-etreiris.ch\/produktpraesentation\/aromatherapie\/selbst-herstellen\/material-zur-herstellung\/behaelter\/sticks\/"},"modified":"2024-01-04T10:58:53","modified_gmt":"2024-01-04T08:58:53","slug":"sticks","status":"publish","type":"page","link":"https:\/\/bien-etreiris.ch\/de\/produktpraesentation\/aromatherapie\/selbst-herstellen\/material-zur-herstellung\/behaelter\/sticks\/","title":{"rendered":"STICKS"},"content":{"rendered":"\n<div id=\"product-list-header\">\n<div class=\"block-category\">\n<h2 class=\"h1\">Sticks<\/h2>\n<div class=\"block-category-inner\">\n<div id=\"category-description\" class=\"cms-content\">\n<p>Retrouvez notre choix de sticks \u00e0 emmener partout : stick d\u00e9odorant, pour les l\u00e8vres ou inhalateur, en aluminium, bambou ou carton. En diff\u00e9rents formats (5, 15, 50\u2026)! Choisissez celui qui vous convient !<\/p>\n<p>&nbsp;<\/p>\n<\/div>\n<\/div>\n<\/div>\n<\/div>\n\n\n\n<h2>&nbsp;<\/h2>\n<h2 class=\"c-tp-headline c-tp-headline--80\">Inhalateur de poche<\/h2>\n<h2 class=\"c-tp-headline c-tp-headline--80\"><a href=\"https:\/\/bien-etreiris.ch\/wp-content\/uploads\/2021\/07\/inhalateur-de-poche.png\"><img loading=\"lazy\" decoding=\"async\" class=\"wp-image-51703  alignleft\" src=\"https:\/\/bien-etreiris.ch\/wp-content\/uploads\/2021\/07\/inhalateur-de-poche.png\" sizes=\"auto, (max-width: 479px) 100vw, 479px\" srcset=\"https:\/\/bien-etreiris.ch\/wp-content\/uploads\/2021\/07\/inhalateur-de-poche.png 400w, https:\/\/bien-etreiris.ch\/wp-content\/uploads\/2021\/07\/inhalateur-de-poche-300x107.png 300w\" alt=\"\" width=\"479\" height=\"170\"><\/a><\/h2>\n<div class=\"m-tp-base-column m-tp-base-column--half\"><strong>Coloris<\/strong>\n<div class=\"c-tp-copytext\">6 couleurs<\/div>\n<div>&nbsp;<\/div>\n<strong>Composition<\/strong>\n<div class=\"c-tp-copytext\">Bo\u00eetier et couvercle 100% aluminium Int\u00e9rieur du flacon en verre M\u00e8che 100% coton<\/div>\n<div>&nbsp;<\/div>\n<strong>Dimensions<\/strong><\/div>\n<div class=\"m-tp-base-column m-tp-base-column--half\">\n<div class=\"c-tp-copytext\">Hauteur env. 9 cm\u00d8 env. 2 cm<\/div>\n<p class=\"c-tp-headline c-tp-headline--70\"><strong>Poids&nbsp;&nbsp;&nbsp; <\/strong>Env. 15 g<\/p>\n<\/div>\n<div>1 pi\u00e8ce <strong>CHF 4.00<\/strong><\/div>\n<div>&nbsp;<\/div>\n<div>&nbsp;<\/div>\n<div>&nbsp;<\/div>\n<div>&nbsp;<\/div>\n<div>&nbsp;<\/div>\n<div>&nbsp;<\/div>\n<div>&nbsp;<\/div>\n<div>&nbsp;<\/div>\n<div class=\"m-tp-base-column m-tp-base-column--half\">\n<h4 class=\"c-tp-headline c-tp-headline--70\">Mode d'emploi<\/h4>\n<div class=\"c-tp-copytext\">Ouvrir le bouchon, ins\u00e9rer la m\u00e8che dans le flacon en verre et mettre l\u2019huile s\u00e9lectionn\u00e9e sur la m\u00e8che<\/div>\n<\/div>\n<p>&nbsp;<\/p>\n<div class=\"m-tp-base-column m-tp-base-column--first m-tp-base-column--half\">\n<ul class=\"c-tp-simplelist\">\n<li>Remplir d\u2019huiles essentielles pour les d\u00e9placements<\/li>\n<li>Les huiles essentielles agissent naturellement sur le corps et l\u2019\u00e2me en inspirant par le nez<\/li>\n<li>Il peut avoir un effet bienfaisant, rafra\u00eechissant ou r\u00e9guler le stress&nbsp;: en fonction de l\u2019huile utilis\u00e9e<\/li>\n<li>Utilisation facile<\/li>\n<li>R\u00e9utilisable plusieurs fois<\/li>\n<li>Huiles non fournies<\/li>\n<li>Pour une exp\u00e9rience de bien-\u00eatre parfum\u00e9e&nbsp;: id\u00e9al aussi en voyage ou au travail<\/li>\n<\/ul>\n<\/div>\n<p>&nbsp;<\/p>\n<p>&nbsp;<\/p>\n<hr>\n<h2 class=\"h1 mb-1\">Stick pour les l\u00e8vres en Bambou<\/h2>\n<p><a href=\"https:\/\/bien-etreiris.ch\/de\/produktpraesentation\/aromatherapie\/selbst-herstellen\/material-zur-herstellung\/behaelter\/sticks\/stick-pour-les-levres-en-bambou-2\/\" rel=\"attachment wp-att-82722\"><img loading=\"lazy\" decoding=\"async\" class=\"size-full wp-image-82722 alignleft\" src=\"https:\/\/bien-etreiris.ch\/wp-content\/uploads\/2024\/01\/Stick-pour-les-levres-en-Bambou.jpg\" alt=\"\" width=\"189\" height=\"351\" srcset=\"https:\/\/bien-etreiris.ch\/wp-content\/uploads\/2024\/01\/Stick-pour-les-levres-en-Bambou.jpg 189w, https:\/\/bien-etreiris.ch\/wp-content\/uploads\/2024\/01\/Stick-pour-les-levres-en-Bambou-162x300.jpg 162w\" sizes=\"auto, (max-width: 189px) 100vw, 189px\" \/><\/a><\/p>\n\n\n\n<p>&nbsp;<\/p>\n<p>a remplir avec votre recette.<\/p>\n<p>Facile \u00e0 d\u00e9sinfecter, \u00e0 remplir et \u00e0 nettoyer.<\/p>\n<p>Vis crant\u00e9e pour la mont\u00e9e et la descente du stick \u00e0 l\u00e8vres<\/p>\n<p>Taille du Tube: 74X20.3mm<\/p>\n<p>Int\u00e9rieur en plastique blanc.<\/p>\n<p>1 pi\u00e8ce&nbsp;<strong> CHF 4.40<\/strong><\/p>\n<p>&nbsp;<\/p>\n<p>&nbsp;<\/p>\n<h4>Peut \u00eatre utilis\u00e9 pour:<\/h4>\n<p>&nbsp;<\/p>\n<ul style=\"list-style-type: disc;\">\n<li>Stick \u00e0 l\u00e8vres r\u00e9parateurs<\/li>\n<li>Stick \u00e0 l\u00e8vres protecteurs<\/li>\n<li>Stick \u00e0 l\u00e8vres hydratants<\/li>\n<li>Baume \u00e0 appilquer sur les boutons<\/li>\n<li>Baume anti bobos<\/li>\n<li>Parfums solides<\/li>\n<\/ul>\n<p>&nbsp;<\/p>\n<hr>\n<p>&nbsp;<\/p>\n","protected":false},"excerpt":{"rendered":"<p>Sticks Retrouvez notre choix de sticks \u00e0 emmener partout : stick d\u00e9odorant, pour les l\u00e8vres ou inhalateur, en aluminium, bambou ou carton. En diff\u00e9rents formats (5, 15, 50\u2026)! Choisissez celui qui vous convient ! &nbsp; &nbsp; Inhalateur de poche Coloris 6 couleurs &nbsp; Composition Bo\u00eetier et couvercle 100% aluminium Int\u00e9rieur du flacon en verre M\u00e8che 100% coton &nbsp; Dimensions Hauteur&nbsp;<a href=\"https:\/\/bien-etreiris.ch\/de\/produktpraesentation\/aromatherapie\/selbst-herstellen\/material-zur-herstellung\/behaelter\/sticks\/\" class=\"read-more\">Weiter lesen<\/a><\/p>\n","protected":false},"author":1,"featured_media":82727,"parent":50682,"menu_order":2230,"comment_status":"closed","ping_status":"closed","template":"page-with-child.php","meta":{"_acf_changed":false,"ngg_post_thumbnail":0,"footnotes":""},"class_list":["post-82731","page","type-page","status-publish","has-post-thumbnail","hentry"],"acf":[],"yoast_head":"<!-- This site is optimized with the Yoast SEO plugin v27.4 - https:\/\/yoast.com\/product\/yoast-seo-wordpress\/ -->\n<title>STICKS - WOHLBEFINDEN<\/title>\n<meta name=\"robots\" content=\"index, follow, max-snippet:-1, max-image-preview:large, max-video-preview:-1\" \/>\n<link rel=\"canonical\" href=\"https:\/\/bien-etreiris.ch\/de\/produktpraesentation\/aromatherapie\/selbst-herstellen\/material-zur-herstellung\/behaelter\/sticks\/\" \/>\n<meta property=\"og:locale\" content=\"de_DE\" \/>\n<meta property=\"og:type\" content=\"article\" \/>\n<meta property=\"og:title\" content=\"STICKS - WOHLBEFINDEN\" \/>\n<meta property=\"og:description\" content=\"Sticks Retrouvez notre choix de sticks \u00e0 emmener partout : stick d\u00e9odorant, pour les l\u00e8vres ou inhalateur, en aluminium, bambou ou carton. En diff\u00e9rents formats (5, 15, 50\u2026)! Choisissez celui qui vous convient ! &nbsp; &nbsp; Inhalateur de poche Coloris 6 couleurs &nbsp; Composition Bo\u00eetier et couvercle 100% aluminium Int\u00e9rieur du flacon en verre M\u00e8che 100% coton &nbsp; Dimensions Hauteur&nbsp;Weiter lesen\" \/>\n<meta property=\"og:url\" content=\"https:\/\/bien-etreiris.ch\/de\/produktpraesentation\/aromatherapie\/selbst-herstellen\/material-zur-herstellung\/behaelter\/sticks\/\" \/>\n<meta property=\"og:site_name\" content=\"WOHLBEFINDEN\" \/>\n<meta property=\"article:publisher\" content=\"https:\/\/www.facebook.com\/bienetreiris\/\" \/>\n<meta property=\"article:modified_time\" content=\"2024-01-04T08:58:53+00:00\" \/>\n<meta property=\"og:image\" content=\"https:\/\/bien-etreiris.ch\/wp-content\/uploads\/2024\/01\/acceuil-sticks.jpg\" \/>\n\t<meta property=\"og:image:width\" content=\"500\" \/>\n\t<meta property=\"og:image:height\" content=\"305\" \/>\n\t<meta property=\"og:image:type\" content=\"image\/jpeg\" \/>\n<meta name=\"twitter:label1\" content=\"Gesch\u00e4tzte Lesezeit\" \/>\n\t<meta name=\"twitter:data1\" content=\"2\u00a0Minuten\" \/>\n<script type=\"application\/ld+json\" class=\"yoast-schema-graph\">{\"@context\":\"https:\\\/\\\/schema.org\",\"@graph\":[{\"@type\":\"WebPage\",\"@id\":\"https:\\\/\\\/bien-etreiris.ch\\\/de\\\/produktpraesentation\\\/aromatherapie\\\/selbst-herstellen\\\/material-zur-herstellung\\\/behaelter\\\/sticks\\\/\",\"url\":\"https:\\\/\\\/bien-etreiris.ch\\\/de\\\/produktpraesentation\\\/aromatherapie\\\/selbst-herstellen\\\/material-zur-herstellung\\\/behaelter\\\/sticks\\\/\",\"name\":\"STICKS - WOHLBEFINDEN\",\"isPartOf\":{\"@id\":\"https:\\\/\\\/bien-etreiris.ch\\\/de\\\/#website\"},\"primaryImageOfPage\":{\"@id\":\"https:\\\/\\\/bien-etreiris.ch\\\/de\\\/produktpraesentation\\\/aromatherapie\\\/selbst-herstellen\\\/material-zur-herstellung\\\/behaelter\\\/sticks\\\/#primaryimage\"},\"image\":{\"@id\":\"https:\\\/\\\/bien-etreiris.ch\\\/de\\\/produktpraesentation\\\/aromatherapie\\\/selbst-herstellen\\\/material-zur-herstellung\\\/behaelter\\\/sticks\\\/#primaryimage\"},\"thumbnailUrl\":\"https:\\\/\\\/bien-etreiris.ch\\\/wp-content\\\/uploads\\\/2024\\\/01\\\/acceuil-sticks.jpg\",\"datePublished\":\"2024-01-04T08:58:01+00:00\",\"dateModified\":\"2024-01-04T08:58:53+00:00\",\"breadcrumb\":{\"@id\":\"https:\\\/\\\/bien-etreiris.ch\\\/de\\\/produktpraesentation\\\/aromatherapie\\\/selbst-herstellen\\\/material-zur-herstellung\\\/behaelter\\\/sticks\\\/#breadcrumb\"},\"inLanguage\":\"de\",\"potentialAction\":[{\"@type\":\"ReadAction\",\"target\":[\"https:\\\/\\\/bien-etreiris.ch\\\/de\\\/produktpraesentation\\\/aromatherapie\\\/selbst-herstellen\\\/material-zur-herstellung\\\/behaelter\\\/sticks\\\/\"]}]},{\"@type\":\"ImageObject\",\"inLanguage\":\"de\",\"@id\":\"https:\\\/\\\/bien-etreiris.ch\\\/de\\\/produktpraesentation\\\/aromatherapie\\\/selbst-herstellen\\\/material-zur-herstellung\\\/behaelter\\\/sticks\\\/#primaryimage\",\"url\":\"https:\\\/\\\/bien-etreiris.ch\\\/wp-content\\\/uploads\\\/2024\\\/01\\\/acceuil-sticks.jpg\",\"contentUrl\":\"https:\\\/\\\/bien-etreiris.ch\\\/wp-content\\\/uploads\\\/2024\\\/01\\\/acceuil-sticks.jpg\",\"width\":500,\"height\":305},{\"@type\":\"BreadcrumbList\",\"@id\":\"https:\\\/\\\/bien-etreiris.ch\\\/de\\\/produktpraesentation\\\/aromatherapie\\\/selbst-herstellen\\\/material-zur-herstellung\\\/behaelter\\\/sticks\\\/#breadcrumb\",\"itemListElement\":[{\"@type\":\"ListItem\",\"position\":1,\"name\":\"Home\",\"item\":\"https:\\\/\\\/bien-etreiris.ch\\\/de\\\/\"},{\"@type\":\"ListItem\",\"position\":2,\"name\":\"PRODUKTPR\u00c4SENTATION\",\"item\":\"https:\\\/\\\/bien-etreiris.ch\\\/de\\\/produktpraesentation\\\/\"},{\"@type\":\"ListItem\",\"position\":3,\"name\":\"AROMATHERAPIE\",\"item\":\"https:\\\/\\\/bien-etreiris.ch\\\/de\\\/produktpraesentation\\\/aromatherapie\\\/\"},{\"@type\":\"ListItem\",\"position\":4,\"name\":\"SELBST HERSTELLEN&#8230;\",\"item\":\"https:\\\/\\\/bien-etreiris.ch\\\/de\\\/produktpraesentation\\\/aromatherapie\\\/selbst-herstellen\\\/\"},{\"@type\":\"ListItem\",\"position\":5,\"name\":\"MATERIAL ZUR HERSTELLUNG\",\"item\":\"https:\\\/\\\/bien-etreiris.ch\\\/de\\\/produktpraesentation\\\/aromatherapie\\\/selbst-herstellen\\\/material-zur-herstellung\\\/\"},{\"@type\":\"ListItem\",\"position\":6,\"name\":\"BEH\u00c4LTER\",\"item\":\"https:\\\/\\\/bien-etreiris.ch\\\/de\\\/produktpraesentation\\\/aromatherapie\\\/selbst-herstellen\\\/material-zur-herstellung\\\/behaelter\\\/\"},{\"@type\":\"ListItem\",\"position\":7,\"name\":\"STICKS\"}]},{\"@type\":\"WebSite\",\"@id\":\"https:\\\/\\\/bien-etreiris.ch\\\/de\\\/#website\",\"url\":\"https:\\\/\\\/bien-etreiris.ch\\\/de\\\/\",\"name\":\"Bien-\u00eatre Iris\",\"description\":\"IHRE Gesundheit ist uns wichtig\",\"potentialAction\":[{\"@type\":\"SearchAction\",\"target\":{\"@type\":\"EntryPoint\",\"urlTemplate\":\"https:\\\/\\\/bien-etreiris.ch\\\/de\\\/?s={search_term_string}\"},\"query-input\":{\"@type\":\"PropertyValueSpecification\",\"valueRequired\":true,\"valueName\":\"search_term_string\"}}],\"inLanguage\":\"de\"}]}<\/script>\n<!-- \/ Yoast SEO plugin. -->","yoast_head_json":{"title":"STICKS - WOHLBEFINDEN","robots":{"index":"index","follow":"follow","max-snippet":"max-snippet:-1","max-image-preview":"max-image-preview:large","max-video-preview":"max-video-preview:-1"},"canonical":"https:\/\/bien-etreiris.ch\/de\/produktpraesentation\/aromatherapie\/selbst-herstellen\/material-zur-herstellung\/behaelter\/sticks\/","og_locale":"de_DE","og_type":"article","og_title":"STICKS - WOHLBEFINDEN","og_description":"Sticks Retrouvez notre choix de sticks \u00e0 emmener partout : stick d\u00e9odorant, pour les l\u00e8vres ou inhalateur, en aluminium, bambou ou carton. En diff\u00e9rents formats (5, 15, 50\u2026)! Choisissez celui qui vous convient ! &nbsp; &nbsp; Inhalateur de poche Coloris 6 couleurs &nbsp; Composition Bo\u00eetier et couvercle 100% aluminium Int\u00e9rieur du flacon en verre M\u00e8che 100% coton &nbsp; Dimensions Hauteur&nbsp;Weiter lesen","og_url":"https:\/\/bien-etreiris.ch\/de\/produktpraesentation\/aromatherapie\/selbst-herstellen\/material-zur-herstellung\/behaelter\/sticks\/","og_site_name":"WOHLBEFINDEN","article_publisher":"https:\/\/www.facebook.com\/bienetreiris\/","article_modified_time":"2024-01-04T08:58:53+00:00","og_image":[{"width":500,"height":305,"url":"https:\/\/bien-etreiris.ch\/wp-content\/uploads\/2024\/01\/acceuil-sticks.jpg","type":"image\/jpeg"}],"twitter_misc":{"Gesch\u00e4tzte Lesezeit":"2\u00a0Minuten"},"schema":{"@context":"https:\/\/schema.org","@graph":[{"@type":"WebPage","@id":"https:\/\/bien-etreiris.ch\/de\/produktpraesentation\/aromatherapie\/selbst-herstellen\/material-zur-herstellung\/behaelter\/sticks\/","url":"https:\/\/bien-etreiris.ch\/de\/produktpraesentation\/aromatherapie\/selbst-herstellen\/material-zur-herstellung\/behaelter\/sticks\/","name":"STICKS - WOHLBEFINDEN","isPartOf":{"@id":"https:\/\/bien-etreiris.ch\/de\/#website"},"primaryImageOfPage":{"@id":"https:\/\/bien-etreiris.ch\/de\/produktpraesentation\/aromatherapie\/selbst-herstellen\/material-zur-herstellung\/behaelter\/sticks\/#primaryimage"},"image":{"@id":"https:\/\/bien-etreiris.ch\/de\/produktpraesentation\/aromatherapie\/selbst-herstellen\/material-zur-herstellung\/behaelter\/sticks\/#primaryimage"},"thumbnailUrl":"https:\/\/bien-etreiris.ch\/wp-content\/uploads\/2024\/01\/acceuil-sticks.jpg","datePublished":"2024-01-04T08:58:01+00:00","dateModified":"2024-01-04T08:58:53+00:00","breadcrumb":{"@id":"https:\/\/bien-etreiris.ch\/de\/produktpraesentation\/aromatherapie\/selbst-herstellen\/material-zur-herstellung\/behaelter\/sticks\/#breadcrumb"},"inLanguage":"de","potentialAction":[{"@type":"ReadAction","target":["https:\/\/bien-etreiris.ch\/de\/produktpraesentation\/aromatherapie\/selbst-herstellen\/material-zur-herstellung\/behaelter\/sticks\/"]}]},{"@type":"ImageObject","inLanguage":"de","@id":"https:\/\/bien-etreiris.ch\/de\/produktpraesentation\/aromatherapie\/selbst-herstellen\/material-zur-herstellung\/behaelter\/sticks\/#primaryimage","url":"https:\/\/bien-etreiris.ch\/wp-content\/uploads\/2024\/01\/acceuil-sticks.jpg","contentUrl":"https:\/\/bien-etreiris.ch\/wp-content\/uploads\/2024\/01\/acceuil-sticks.jpg","width":500,"height":305},{"@type":"BreadcrumbList","@id":"https:\/\/bien-etreiris.ch\/de\/produktpraesentation\/aromatherapie\/selbst-herstellen\/material-zur-herstellung\/behaelter\/sticks\/#breadcrumb","itemListElement":[{"@type":"ListItem","position":1,"name":"Home","item":"https:\/\/bien-etreiris.ch\/de\/"},{"@type":"ListItem","position":2,"name":"PRODUKTPR\u00c4SENTATION","item":"https:\/\/bien-etreiris.ch\/de\/produktpraesentation\/"},{"@type":"ListItem","position":3,"name":"AROMATHERAPIE","item":"https:\/\/bien-etreiris.ch\/de\/produktpraesentation\/aromatherapie\/"},{"@type":"ListItem","position":4,"name":"SELBST HERSTELLEN&#8230;","item":"https:\/\/bien-etreiris.ch\/de\/produktpraesentation\/aromatherapie\/selbst-herstellen\/"},{"@type":"ListItem","position":5,"name":"MATERIAL ZUR HERSTELLUNG","item":"https:\/\/bien-etreiris.ch\/de\/produktpraesentation\/aromatherapie\/selbst-herstellen\/material-zur-herstellung\/"},{"@type":"ListItem","position":6,"name":"BEH\u00c4LTER","item":"https:\/\/bien-etreiris.ch\/de\/produktpraesentation\/aromatherapie\/selbst-herstellen\/material-zur-herstellung\/behaelter\/"},{"@type":"ListItem","position":7,"name":"STICKS"}]},{"@type":"WebSite","@id":"https:\/\/bien-etreiris.ch\/de\/#website","url":"https:\/\/bien-etreiris.ch\/de\/","name":"Bien-\u00eatre Iris","description":"IHRE Gesundheit ist uns wichtig","potentialAction":[{"@type":"SearchAction","target":{"@type":"EntryPoint","urlTemplate":"https:\/\/bien-etreiris.ch\/de\/?s={search_term_string}"},"query-input":{"@type":"PropertyValueSpecification","valueRequired":true,"valueName":"search_term_string"}}],"inLanguage":"de"}]}},"_links":{"self":[{"href":"https:\/\/bien-etreiris.ch\/de\/wp-json\/wp\/v2\/pages\/82731","targetHints":{"allow":["GET"]}}],"collection":[{"href":"https:\/\/bien-etreiris.ch\/de\/wp-json\/wp\/v2\/pages"}],"about":[{"href":"https:\/\/bien-etreiris.ch\/de\/wp-json\/wp\/v2\/types\/page"}],"author":[{"embeddable":true,"href":"https:\/\/bien-etreiris.ch\/de\/wp-json\/wp\/v2\/users\/1"}],"replies":[{"embeddable":true,"href":"https:\/\/bien-etreiris.ch\/de\/wp-json\/wp\/v2\/comments?post=82731"}],"version-history":[{"count":3,"href":"https:\/\/bien-etreiris.ch\/de\/wp-json\/wp\/v2\/pages\/82731\/revisions"}],"predecessor-version":[{"id":82740,"href":"https:\/\/bien-etreiris.ch\/de\/wp-json\/wp\/v2\/pages\/82731\/revisions\/82740"}],"up":[{"embeddable":true,"href":"https:\/\/bien-etreiris.ch\/de\/wp-json\/wp\/v2\/pages\/50682"}],"wp:featuredmedia":[{"embeddable":true,"href":"https:\/\/bien-etreiris.ch\/de\/wp-json\/wp\/v2\/media\/82727"}],"wp:attachment":[{"href":"https:\/\/bien-etreiris.ch\/de\/wp-json\/wp\/v2\/media?parent=82731"}],"curies":[{"name":"wp","href":"https:\/\/api.w.org\/{rel}","templated":true}]}}