{"id":82691,"date":"2023-02-18T09:25:25","date_gmt":"2023-02-18T07:25:25","guid":{"rendered":"https:\/\/bien-etreiris.ch\/produktpraesentation\/aromatherapie\/selbst-herstellen\/material-zur-herstellung\/behaelter\/bouchons-pipette-o-18\/"},"modified":"2024-01-04T09:19:37","modified_gmt":"2024-01-04T07:19:37","slug":"bouchons-pipette-o-18","status":"publish","type":"page","link":"https:\/\/bien-etreiris.ch\/de\/produktpraesentation\/aromatherapie\/selbst-herstellen\/material-zur-herstellung\/behaelter\/bouchons-pipette-o-18\/","title":{"rendered":"BOUCHONS &#038; PIPETTE \u00f8 18"},"content":{"rendered":"\n<h2>Bouchons &amp; Pipette pour \u00f8 18<\/h2>\n<h2>&nbsp;<\/h2>\n<h2>Bouchon huiles essentielles DIN 18<\/h2>\n<p><a href=\"https:\/\/bien-etreiris.ch\/de\/produktpraesentation\/aromatherapie\/selbst-herstellen\/material-zur-herstellung\/behaelter\/bouchons-pipette-o-18\/bouchon-pour-lhuile-essentielle-18-2\/\" rel=\"attachment wp-att-82692\"><img loading=\"lazy\" decoding=\"async\" class=\"wp-image-82692 alignleft\" src=\"https:\/\/bien-etreiris.ch\/wp-content\/uploads\/2024\/01\/Bouchon-pour-lhuile-essentielle-18.jpg\" alt=\"\" width=\"351\" height=\"351\" srcset=\"https:\/\/bien-etreiris.ch\/wp-content\/uploads\/2024\/01\/Bouchon-pour-lhuile-essentielle-18.jpg 700w, https:\/\/bien-etreiris.ch\/wp-content\/uploads\/2024\/01\/Bouchon-pour-lhuile-essentielle-18-300x300.jpg 300w, https:\/\/bien-etreiris.ch\/wp-content\/uploads\/2024\/01\/Bouchon-pour-lhuile-essentielle-18-150x150.jpg 150w\" sizes=\"auto, (max-width: 351px) 100vw, 351px\" \/><\/a><\/p>\n<p>&nbsp;<\/p>\n<p>&nbsp;<\/p>\n<p>&nbsp;<\/p>\n<p>&nbsp;<\/p>\n<p>&nbsp;<\/p>\n<p>&nbsp;<\/p>\n<p>&nbsp;<\/p>\n<p>1 pi\u00e8ce <strong>CHF 0.45<\/strong><\/p>\n<p>Pour flacons compte-gouttes 5ml - 100ml<\/p>\n<div class=\"product-section__content product-description cms-content\">\n<p>Bouchon avec&nbsp;compte-gouttes, dispositif de s\u00e9curit\u00e9 pour enfant et&nbsp;fermeture de garantie.<\/p>\n<p>Compte-goutte utiliser pour vos m\u00e9lange d'huiles essentielles (seulement des HEs)<\/p>\n<\/div>\n<p>&nbsp;<\/p>\n<hr>\n<h2>Bouchon pour huiles \u00e9paisses<\/h2>\n<p><a href=\"https:\/\/bien-etreiris.ch\/de\/produktpraesentation\/aromatherapie\/selbst-herstellen\/material-zur-herstellung\/behaelter\/bouchons-pipette-o-18\/bouchon-pour-lhuile-vegetale-18-2\/\" rel=\"attachment wp-att-82695\"><img loading=\"lazy\" decoding=\"async\" class=\"wp-image-82695 alignleft\" src=\"https:\/\/bien-etreiris.ch\/wp-content\/uploads\/2024\/01\/Bouchon-pour-lhuile-vegetale-18.jpg\" alt=\"\" width=\"378\" height=\"378\" srcset=\"https:\/\/bien-etreiris.ch\/wp-content\/uploads\/2024\/01\/Bouchon-pour-lhuile-vegetale-18.jpg 700w, https:\/\/bien-etreiris.ch\/wp-content\/uploads\/2024\/01\/Bouchon-pour-lhuile-vegetale-18-300x300.jpg 300w, https:\/\/bien-etreiris.ch\/wp-content\/uploads\/2024\/01\/Bouchon-pour-lhuile-vegetale-18-150x150.jpg 150w\" sizes=\"auto, (max-width: 378px) 100vw, 378px\" \/><\/a><\/p>\n<p>&nbsp;<\/p>\n<p>&nbsp;<\/p>\n<p>&nbsp;<\/p>\n<p>&nbsp;<\/p>\n<p>&nbsp;<\/p>\n<p>&nbsp;<\/p>\n<p>&nbsp;<\/p>\n<p>&nbsp;<\/p>\n<p>1 pi\u00e8ce <strong>CHF 0.50<\/strong><\/p>\n<p>Pour flacons compte-gouttes 5ml - 100ml<\/p>\n<p>Bouchon avec compte-gouttes, dispositif de s\u00e9curit\u00e9 pour enfant et fermeture de garantie.<\/p>\n<p>Compte-goutte utiliser pour vos m\u00e9lange d'huiles essentielles avec de l'huile v\u00e9g\u00e9tales.<\/p>\n<p>&nbsp;<\/p>\n<hr>\n<h2>Bouchon avec anneau verseur<\/h2>\n<p><a href=\"https:\/\/bien-etreiris.ch\/wp-content\/uploads\/2023\/02\/Bouchon-avec-bague-de-deversement.jpg\"><img loading=\"lazy\" decoding=\"async\" class=\"wp-image-67024 alignleft\" src=\"https:\/\/bien-etreiris.ch\/wp-content\/uploads\/2023\/02\/Bouchon-avec-bague-de-deversement.jpg\" alt=\"\" width=\"518\" height=\"322\" srcset=\"https:\/\/bien-etreiris.ch\/wp-content\/uploads\/2023\/02\/Bouchon-avec-bague-de-deversement.jpg 610w, https:\/\/bien-etreiris.ch\/wp-content\/uploads\/2023\/02\/Bouchon-avec-bague-de-deversement-300x186.jpg 300w\" sizes=\"auto, (max-width: 518px) 100vw, 518px\" \/><\/a><\/p>\n<p>&nbsp;<\/p>\n<p>&nbsp;<\/p>\n<p>&nbsp;<\/p>\n<p>&nbsp;<\/p>\n<p>&nbsp;<\/p>\n<p>&nbsp;<\/p>\n<p>&nbsp;<\/p>\n<p>1 pi\u00e8ce <strong>CHF 0.45<\/strong><\/p>\n<p>Pour flacons compte-gouttes 5ml - 100ml<\/p>\n<p>Type : Fermeture inviolable<\/p>\n<hr>\n<h2>&nbsp;<\/h2>\n","protected":false},"excerpt":{"rendered":"<p>Bouchons &amp; Pipette pour \u00f8 18 &nbsp; Bouchon huiles essentielles DIN 18 &nbsp; &nbsp; &nbsp; &nbsp; &nbsp; &nbsp; &nbsp; 1 pi\u00e8ce CHF 0.45 Pour flacons compte-gouttes 5ml - 100ml Bouchon avec&nbsp;compte-gouttes, dispositif de s\u00e9curit\u00e9 pour enfant et&nbsp;fermeture de garantie. Compte-goutte utiliser pour vos m\u00e9lange d'huiles essentielles (seulement des HEs) &nbsp; Bouchon pour huiles \u00e9paisses &nbsp; &nbsp; &nbsp; &nbsp; &nbsp; &nbsp;&nbsp;<a href=\"https:\/\/bien-etreiris.ch\/de\/produktpraesentation\/aromatherapie\/selbst-herstellen\/material-zur-herstellung\/behaelter\/bouchons-pipette-o-18\/\" class=\"read-more\">Weiter lesen<\/a><\/p>\n","protected":false},"author":1,"featured_media":67011,"parent":50682,"menu_order":3852,"comment_status":"closed","ping_status":"closed","template":"page-with-child.php","meta":{"_acf_changed":false,"ngg_post_thumbnail":0,"footnotes":""},"class_list":["post-82691","page","type-page","status-publish","has-post-thumbnail","hentry"],"acf":[],"yoast_head":"<!-- This site is optimized with the Yoast SEO plugin v27.4 - https:\/\/yoast.com\/product\/yoast-seo-wordpress\/ -->\n<title>BOUCHONS &amp; PIPETTE \u00f8 18 - WOHLBEFINDEN<\/title>\n<meta name=\"robots\" content=\"index, follow, max-snippet:-1, max-image-preview:large, max-video-preview:-1\" \/>\n<link rel=\"canonical\" href=\"https:\/\/bien-etreiris.ch\/de\/produktpraesentation\/aromatherapie\/selbst-herstellen\/material-zur-herstellung\/behaelter\/bouchons-pipette-o-18\/\" \/>\n<meta property=\"og:locale\" content=\"de_DE\" \/>\n<meta property=\"og:type\" content=\"article\" \/>\n<meta property=\"og:title\" content=\"BOUCHONS &amp; PIPETTE \u00f8 18 - WOHLBEFINDEN\" \/>\n<meta property=\"og:description\" content=\"Bouchons &amp; Pipette pour \u00f8 18 &nbsp; Bouchon huiles essentielles DIN 18 &nbsp; &nbsp; &nbsp; &nbsp; &nbsp; &nbsp; &nbsp; 1 pi\u00e8ce CHF 0.45 Pour flacons compte-gouttes 5ml - 100ml Bouchon avec&nbsp;compte-gouttes, dispositif de s\u00e9curit\u00e9 pour enfant et&nbsp;fermeture de garantie. Compte-goutte utiliser pour vos m\u00e9lange d&#039;huiles essentielles (seulement des HEs) &nbsp; Bouchon pour huiles \u00e9paisses &nbsp; &nbsp; &nbsp; &nbsp; &nbsp; &nbsp;&nbsp;Weiter lesen\" \/>\n<meta property=\"og:url\" content=\"https:\/\/bien-etreiris.ch\/de\/produktpraesentation\/aromatherapie\/selbst-herstellen\/material-zur-herstellung\/behaelter\/bouchons-pipette-o-18\/\" \/>\n<meta property=\"og:site_name\" content=\"WOHLBEFINDEN\" \/>\n<meta property=\"article:publisher\" content=\"https:\/\/www.facebook.com\/bienetreiris\/\" \/>\n<meta property=\"article:modified_time\" content=\"2024-01-04T07:19:37+00:00\" \/>\n<meta property=\"og:image\" content=\"https:\/\/bien-etreiris.ch\/wp-content\/uploads\/2023\/02\/acceuil-bouchons-pipette-2.jpg\" \/>\n\t<meta property=\"og:image:width\" content=\"550\" \/>\n\t<meta property=\"og:image:height\" content=\"348\" \/>\n\t<meta property=\"og:image:type\" content=\"image\/jpeg\" \/>\n<meta name=\"twitter:label1\" content=\"Gesch\u00e4tzte Lesezeit\" \/>\n\t<meta name=\"twitter:data1\" content=\"1\u00a0Minute\" \/>\n<script type=\"application\/ld+json\" class=\"yoast-schema-graph\">{\"@context\":\"https:\\\/\\\/schema.org\",\"@graph\":[{\"@type\":\"WebPage\",\"@id\":\"https:\\\/\\\/bien-etreiris.ch\\\/de\\\/produktpraesentation\\\/aromatherapie\\\/selbst-herstellen\\\/material-zur-herstellung\\\/behaelter\\\/bouchons-pipette-o-18\\\/\",\"url\":\"https:\\\/\\\/bien-etreiris.ch\\\/de\\\/produktpraesentation\\\/aromatherapie\\\/selbst-herstellen\\\/material-zur-herstellung\\\/behaelter\\\/bouchons-pipette-o-18\\\/\",\"name\":\"BOUCHONS & PIPETTE \u00f8 18 - WOHLBEFINDEN\",\"isPartOf\":{\"@id\":\"https:\\\/\\\/bien-etreiris.ch\\\/de\\\/#website\"},\"primaryImageOfPage\":{\"@id\":\"https:\\\/\\\/bien-etreiris.ch\\\/de\\\/produktpraesentation\\\/aromatherapie\\\/selbst-herstellen\\\/material-zur-herstellung\\\/behaelter\\\/bouchons-pipette-o-18\\\/#primaryimage\"},\"image\":{\"@id\":\"https:\\\/\\\/bien-etreiris.ch\\\/de\\\/produktpraesentation\\\/aromatherapie\\\/selbst-herstellen\\\/material-zur-herstellung\\\/behaelter\\\/bouchons-pipette-o-18\\\/#primaryimage\"},\"thumbnailUrl\":\"https:\\\/\\\/bien-etreiris.ch\\\/wp-content\\\/uploads\\\/2023\\\/02\\\/acceuil-bouchons-pipette-2.jpg\",\"datePublished\":\"2023-02-18T07:25:25+00:00\",\"dateModified\":\"2024-01-04T07:19:37+00:00\",\"breadcrumb\":{\"@id\":\"https:\\\/\\\/bien-etreiris.ch\\\/de\\\/produktpraesentation\\\/aromatherapie\\\/selbst-herstellen\\\/material-zur-herstellung\\\/behaelter\\\/bouchons-pipette-o-18\\\/#breadcrumb\"},\"inLanguage\":\"de\",\"potentialAction\":[{\"@type\":\"ReadAction\",\"target\":[\"https:\\\/\\\/bien-etreiris.ch\\\/de\\\/produktpraesentation\\\/aromatherapie\\\/selbst-herstellen\\\/material-zur-herstellung\\\/behaelter\\\/bouchons-pipette-o-18\\\/\"]}]},{\"@type\":\"ImageObject\",\"inLanguage\":\"de\",\"@id\":\"https:\\\/\\\/bien-etreiris.ch\\\/de\\\/produktpraesentation\\\/aromatherapie\\\/selbst-herstellen\\\/material-zur-herstellung\\\/behaelter\\\/bouchons-pipette-o-18\\\/#primaryimage\",\"url\":\"https:\\\/\\\/bien-etreiris.ch\\\/wp-content\\\/uploads\\\/2023\\\/02\\\/acceuil-bouchons-pipette-2.jpg\",\"contentUrl\":\"https:\\\/\\\/bien-etreiris.ch\\\/wp-content\\\/uploads\\\/2023\\\/02\\\/acceuil-bouchons-pipette-2.jpg\",\"width\":550,\"height\":348},{\"@type\":\"BreadcrumbList\",\"@id\":\"https:\\\/\\\/bien-etreiris.ch\\\/de\\\/produktpraesentation\\\/aromatherapie\\\/selbst-herstellen\\\/material-zur-herstellung\\\/behaelter\\\/bouchons-pipette-o-18\\\/#breadcrumb\",\"itemListElement\":[{\"@type\":\"ListItem\",\"position\":1,\"name\":\"Home\",\"item\":\"https:\\\/\\\/bien-etreiris.ch\\\/de\\\/\"},{\"@type\":\"ListItem\",\"position\":2,\"name\":\"PRODUKTPR\u00c4SENTATION\",\"item\":\"https:\\\/\\\/bien-etreiris.ch\\\/de\\\/produktpraesentation\\\/\"},{\"@type\":\"ListItem\",\"position\":3,\"name\":\"AROMATHERAPIE\",\"item\":\"https:\\\/\\\/bien-etreiris.ch\\\/de\\\/produktpraesentation\\\/aromatherapie\\\/\"},{\"@type\":\"ListItem\",\"position\":4,\"name\":\"SELBST HERSTELLEN&#8230;\",\"item\":\"https:\\\/\\\/bien-etreiris.ch\\\/de\\\/produktpraesentation\\\/aromatherapie\\\/selbst-herstellen\\\/\"},{\"@type\":\"ListItem\",\"position\":5,\"name\":\"MATERIAL ZUR HERSTELLUNG\",\"item\":\"https:\\\/\\\/bien-etreiris.ch\\\/de\\\/produktpraesentation\\\/aromatherapie\\\/selbst-herstellen\\\/material-zur-herstellung\\\/\"},{\"@type\":\"ListItem\",\"position\":6,\"name\":\"BEH\u00c4LTER\",\"item\":\"https:\\\/\\\/bien-etreiris.ch\\\/de\\\/produktpraesentation\\\/aromatherapie\\\/selbst-herstellen\\\/material-zur-herstellung\\\/behaelter\\\/\"},{\"@type\":\"ListItem\",\"position\":7,\"name\":\"BOUCHONS &#038; PIPETTE \u00f8 18\"}]},{\"@type\":\"WebSite\",\"@id\":\"https:\\\/\\\/bien-etreiris.ch\\\/de\\\/#website\",\"url\":\"https:\\\/\\\/bien-etreiris.ch\\\/de\\\/\",\"name\":\"Bien-\u00eatre Iris\",\"description\":\"IHRE Gesundheit ist uns wichtig\",\"potentialAction\":[{\"@type\":\"SearchAction\",\"target\":{\"@type\":\"EntryPoint\",\"urlTemplate\":\"https:\\\/\\\/bien-etreiris.ch\\\/de\\\/?s={search_term_string}\"},\"query-input\":{\"@type\":\"PropertyValueSpecification\",\"valueRequired\":true,\"valueName\":\"search_term_string\"}}],\"inLanguage\":\"de\"}]}<\/script>\n<!-- \/ Yoast SEO plugin. -->","yoast_head_json":{"title":"BOUCHONS & PIPETTE \u00f8 18 - WOHLBEFINDEN","robots":{"index":"index","follow":"follow","max-snippet":"max-snippet:-1","max-image-preview":"max-image-preview:large","max-video-preview":"max-video-preview:-1"},"canonical":"https:\/\/bien-etreiris.ch\/de\/produktpraesentation\/aromatherapie\/selbst-herstellen\/material-zur-herstellung\/behaelter\/bouchons-pipette-o-18\/","og_locale":"de_DE","og_type":"article","og_title":"BOUCHONS & PIPETTE \u00f8 18 - WOHLBEFINDEN","og_description":"Bouchons &amp; Pipette pour \u00f8 18 &nbsp; Bouchon huiles essentielles DIN 18 &nbsp; &nbsp; &nbsp; &nbsp; &nbsp; &nbsp; &nbsp; 1 pi\u00e8ce CHF 0.45 Pour flacons compte-gouttes 5ml - 100ml Bouchon avec&nbsp;compte-gouttes, dispositif de s\u00e9curit\u00e9 pour enfant et&nbsp;fermeture de garantie. Compte-goutte utiliser pour vos m\u00e9lange d'huiles essentielles (seulement des HEs) &nbsp; Bouchon pour huiles \u00e9paisses &nbsp; &nbsp; &nbsp; &nbsp; &nbsp; &nbsp;&nbsp;Weiter lesen","og_url":"https:\/\/bien-etreiris.ch\/de\/produktpraesentation\/aromatherapie\/selbst-herstellen\/material-zur-herstellung\/behaelter\/bouchons-pipette-o-18\/","og_site_name":"WOHLBEFINDEN","article_publisher":"https:\/\/www.facebook.com\/bienetreiris\/","article_modified_time":"2024-01-04T07:19:37+00:00","og_image":[{"width":550,"height":348,"url":"https:\/\/bien-etreiris.ch\/wp-content\/uploads\/2023\/02\/acceuil-bouchons-pipette-2.jpg","type":"image\/jpeg"}],"twitter_misc":{"Gesch\u00e4tzte Lesezeit":"1\u00a0Minute"},"schema":{"@context":"https:\/\/schema.org","@graph":[{"@type":"WebPage","@id":"https:\/\/bien-etreiris.ch\/de\/produktpraesentation\/aromatherapie\/selbst-herstellen\/material-zur-herstellung\/behaelter\/bouchons-pipette-o-18\/","url":"https:\/\/bien-etreiris.ch\/de\/produktpraesentation\/aromatherapie\/selbst-herstellen\/material-zur-herstellung\/behaelter\/bouchons-pipette-o-18\/","name":"BOUCHONS & PIPETTE \u00f8 18 - WOHLBEFINDEN","isPartOf":{"@id":"https:\/\/bien-etreiris.ch\/de\/#website"},"primaryImageOfPage":{"@id":"https:\/\/bien-etreiris.ch\/de\/produktpraesentation\/aromatherapie\/selbst-herstellen\/material-zur-herstellung\/behaelter\/bouchons-pipette-o-18\/#primaryimage"},"image":{"@id":"https:\/\/bien-etreiris.ch\/de\/produktpraesentation\/aromatherapie\/selbst-herstellen\/material-zur-herstellung\/behaelter\/bouchons-pipette-o-18\/#primaryimage"},"thumbnailUrl":"https:\/\/bien-etreiris.ch\/wp-content\/uploads\/2023\/02\/acceuil-bouchons-pipette-2.jpg","datePublished":"2023-02-18T07:25:25+00:00","dateModified":"2024-01-04T07:19:37+00:00","breadcrumb":{"@id":"https:\/\/bien-etreiris.ch\/de\/produktpraesentation\/aromatherapie\/selbst-herstellen\/material-zur-herstellung\/behaelter\/bouchons-pipette-o-18\/#breadcrumb"},"inLanguage":"de","potentialAction":[{"@type":"ReadAction","target":["https:\/\/bien-etreiris.ch\/de\/produktpraesentation\/aromatherapie\/selbst-herstellen\/material-zur-herstellung\/behaelter\/bouchons-pipette-o-18\/"]}]},{"@type":"ImageObject","inLanguage":"de","@id":"https:\/\/bien-etreiris.ch\/de\/produktpraesentation\/aromatherapie\/selbst-herstellen\/material-zur-herstellung\/behaelter\/bouchons-pipette-o-18\/#primaryimage","url":"https:\/\/bien-etreiris.ch\/wp-content\/uploads\/2023\/02\/acceuil-bouchons-pipette-2.jpg","contentUrl":"https:\/\/bien-etreiris.ch\/wp-content\/uploads\/2023\/02\/acceuil-bouchons-pipette-2.jpg","width":550,"height":348},{"@type":"BreadcrumbList","@id":"https:\/\/bien-etreiris.ch\/de\/produktpraesentation\/aromatherapie\/selbst-herstellen\/material-zur-herstellung\/behaelter\/bouchons-pipette-o-18\/#breadcrumb","itemListElement":[{"@type":"ListItem","position":1,"name":"Home","item":"https:\/\/bien-etreiris.ch\/de\/"},{"@type":"ListItem","position":2,"name":"PRODUKTPR\u00c4SENTATION","item":"https:\/\/bien-etreiris.ch\/de\/produktpraesentation\/"},{"@type":"ListItem","position":3,"name":"AROMATHERAPIE","item":"https:\/\/bien-etreiris.ch\/de\/produktpraesentation\/aromatherapie\/"},{"@type":"ListItem","position":4,"name":"SELBST HERSTELLEN&#8230;","item":"https:\/\/bien-etreiris.ch\/de\/produktpraesentation\/aromatherapie\/selbst-herstellen\/"},{"@type":"ListItem","position":5,"name":"MATERIAL ZUR HERSTELLUNG","item":"https:\/\/bien-etreiris.ch\/de\/produktpraesentation\/aromatherapie\/selbst-herstellen\/material-zur-herstellung\/"},{"@type":"ListItem","position":6,"name":"BEH\u00c4LTER","item":"https:\/\/bien-etreiris.ch\/de\/produktpraesentation\/aromatherapie\/selbst-herstellen\/material-zur-herstellung\/behaelter\/"},{"@type":"ListItem","position":7,"name":"BOUCHONS &#038; PIPETTE \u00f8 18"}]},{"@type":"WebSite","@id":"https:\/\/bien-etreiris.ch\/de\/#website","url":"https:\/\/bien-etreiris.ch\/de\/","name":"Bien-\u00eatre Iris","description":"IHRE Gesundheit ist uns wichtig","potentialAction":[{"@type":"SearchAction","target":{"@type":"EntryPoint","urlTemplate":"https:\/\/bien-etreiris.ch\/de\/?s={search_term_string}"},"query-input":{"@type":"PropertyValueSpecification","valueRequired":true,"valueName":"search_term_string"}}],"inLanguage":"de"}]}},"_links":{"self":[{"href":"https:\/\/bien-etreiris.ch\/de\/wp-json\/wp\/v2\/pages\/82691","targetHints":{"allow":["GET"]}}],"collection":[{"href":"https:\/\/bien-etreiris.ch\/de\/wp-json\/wp\/v2\/pages"}],"about":[{"href":"https:\/\/bien-etreiris.ch\/de\/wp-json\/wp\/v2\/types\/page"}],"author":[{"embeddable":true,"href":"https:\/\/bien-etreiris.ch\/de\/wp-json\/wp\/v2\/users\/1"}],"replies":[{"embeddable":true,"href":"https:\/\/bien-etreiris.ch\/de\/wp-json\/wp\/v2\/comments?post=82691"}],"version-history":[{"count":1,"href":"https:\/\/bien-etreiris.ch\/de\/wp-json\/wp\/v2\/pages\/82691\/revisions"}],"predecessor-version":[{"id":82702,"href":"https:\/\/bien-etreiris.ch\/de\/wp-json\/wp\/v2\/pages\/82691\/revisions\/82702"}],"up":[{"embeddable":true,"href":"https:\/\/bien-etreiris.ch\/de\/wp-json\/wp\/v2\/pages\/50682"}],"wp:featuredmedia":[{"embeddable":true,"href":"https:\/\/bien-etreiris.ch\/de\/wp-json\/wp\/v2\/media\/67011"}],"wp:attachment":[{"href":"https:\/\/bien-etreiris.ch\/de\/wp-json\/wp\/v2\/media?parent=82691"}],"curies":[{"name":"wp","href":"https:\/\/api.w.org\/{rel}","templated":true}]}}