{"id":82487,"date":"2023-12-20T13:21:08","date_gmt":"2023-12-20T11:21:08","guid":{"rendered":"https:\/\/bien-etreiris.ch\/feuilles-de-moringa\/"},"modified":"2023-12-20T13:24:00","modified_gmt":"2023-12-20T11:24:00","slug":"feuilles-de-moringa","status":"publish","type":"page","link":"https:\/\/bien-etreiris.ch\/de\/produktpraesentation\/gesundes-leben\/nahrungsergaenzungsmittel\/pflanzenheilkunde-gleichgewicht-durch-heilpflanzen\/kraeuter-und-pflanzen\/feuilles-de-moringa\/","title":{"rendered":"MORINGA"},"content":{"rendered":"<h2>Feuilles de moringa - moringa olfeifera<\/h2>\n<p>&nbsp;<\/p>\n<p><a href=\"https:\/\/bien-etreiris.ch\/de\/produktpraesentation\/gesundes-leben\/nahrungsergaenzungsmittel\/pflanzenheilkunde-gleichgewicht-durch-heilpflanzen\/kraeuter-und-pflanzen\/feuilles-de-moringa\/tisane-moringa-2\/\" rel=\"attachment wp-att-82472\"><img loading=\"lazy\" decoding=\"async\" class=\"wp-image-82472 aligncenter\" src=\"https:\/\/bien-etreiris.ch\/wp-content\/uploads\/2023\/12\/tisane-moringa.png\" alt=\"\" width=\"330\" height=\"330\" srcset=\"https:\/\/bien-etreiris.ch\/wp-content\/uploads\/2023\/12\/tisane-moringa.png 500w, https:\/\/bien-etreiris.ch\/wp-content\/uploads\/2023\/12\/tisane-moringa-300x300.png 300w, https:\/\/bien-etreiris.ch\/wp-content\/uploads\/2023\/12\/tisane-moringa-150x150.png 150w\" sizes=\"auto, (max-width: 330px) 100vw, 330px\" \/><\/a><\/p>\n<p>&nbsp;<\/p>\n<p>&nbsp;<\/p>\n<p>&nbsp;<\/p>\n<p><a href=\"https:\/\/bien-etreiris.ch\/de\/produktpraesentation\/gesundes-leben\/nahrungsergaenzungsmittel\/pflanzenheilkunde-gleichgewicht-durch-heilpflanzen\/kraeuter-und-pflanzen\/feuilles-de-moringa\/the-de-moringa-2\/\" rel=\"attachment wp-att-82475\"><img loading=\"lazy\" decoding=\"async\" class=\"wp-image-82475 alignleft\" src=\"https:\/\/bien-etreiris.ch\/wp-content\/uploads\/2023\/12\/The-de-Moringa.jpg\" alt=\"\" width=\"239\" height=\"359\" srcset=\"https:\/\/bien-etreiris.ch\/wp-content\/uploads\/2023\/12\/The-de-Moringa.jpg 394w, https:\/\/bien-etreiris.ch\/wp-content\/uploads\/2023\/12\/The-de-Moringa-200x300.jpg 200w\" sizes=\"auto, (max-width: 239px) 100vw, 239px\" \/><\/a><\/p>\n<p>&nbsp;<\/p>\n<p>&nbsp;<\/p>\n<p>&nbsp;<\/p>\n<p>&nbsp;<\/p>\n<p>&nbsp;<\/p>\n<h4><a href=\"https:\/\/bien-etreiris.ch\/de\/unsere-marken\/naturkraftwerke\/\" target=\"_blank\" rel=\"noopener\">NaturKraftWerke<\/a><\/h4>\n<p>40 g dans en sachets <strong>CHF<\/strong><\/p>\n<h4><a href=\"https:\/\/bien-etreiris.ch\/de\/unsere-marken\/dixa\/\"><span style=\"color: #ffff00;\">DIXA<\/span><\/a><\/h4>\n<p>Feuilles de Moringa<\/p>\n<p>Moringa oleifera Folia conc<\/p>\n<p>en vrac 5 g <strong>CHF 0.45<\/strong><\/p>\n<p>&nbsp;<\/p>\n<p>&nbsp;<\/p>\n<p><a href=\"https:\/\/bien-etreiris.ch\/de\/produktpraesentation\/gesundes-leben\/nahrungsergaenzungsmittel\/pflanzenheilkunde-gleichgewicht-durch-heilpflanzen\/kraeuter-und-pflanzen\/feuilles-de-moringa\/edikette-feuilles-de-moringa-2\/\" rel=\"attachment wp-att-82478\"><img loading=\"lazy\" decoding=\"async\" class=\"alignnone  wp-image-82478\" src=\"https:\/\/bien-etreiris.ch\/wp-content\/uploads\/2023\/12\/Edikette-feuilles-de-moringa.jpg\" alt=\"\" width=\"207\" height=\"363\" srcset=\"https:\/\/bien-etreiris.ch\/wp-content\/uploads\/2023\/12\/Edikette-feuilles-de-moringa.jpg 353w, https:\/\/bien-etreiris.ch\/wp-content\/uploads\/2023\/12\/Edikette-feuilles-de-moringa-171x300.jpg 171w\" sizes=\"auto, (max-width: 207px) 100vw, 207px\" \/><\/a><\/p>\n<p>&nbsp;<\/p>\n<p>&nbsp;<\/p>\n<p>Les feuilles de Moringa peut \u00eatre infus\u00e9e pure ou m\u00e9lang\u00e9e \u00e0 d'autres herbes ou \u00e9pices et consomm\u00e9e chaude ou froide. Les feuilles peuvent \u00e9galement \u00eatre ajout\u00e9es \u00e0 des plats, comme par exemple des soupes ou des rago\u00fbts.<\/p>\n<p>&nbsp;<\/p>\n<h2 id=\"title-2\">Comment pr\u00e9parer une tisane au moringa maison ?<\/h2>\n<p>Il est facile de r\u00e9aliser sa propre infusion aux feuilles de moringa. Rendez-vous en ligne, dans un magasin bio, une \u00e9picerie asiatique ou une herboristerie, pour vous procurer des feuilles fra\u00eeches ou des feuilles s\u00e9ch\u00e9es. Veillez \u00e0 choisir des feuilles issues de la culture biologique, qui n\u2019auront re\u00e7u aucun traitement chimique. Attention aux poudres, qui bien souvent ne sont pas bio et comprennent parfois des pesticides. Comptez environ 20 g de feuilles de moringa fra\u00eeches ou s\u00e9ch\u00e9es par litre d'eau (ou une cuill\u00e8re \u00e0 soupe de feuilles s\u00e9ch\u00e9es par tasse). Placez-les dans un filtre \u00e0 th\u00e9 et versez dessus de l\u2019eau fr\u00e9missante. Laissez infuser 5 \u00e0 10 minutes, avant de d\u00e9guster l\u2019infusion chaude, ou de laissez-la refroidir, avant de la boire \u00e0 temp\u00e9rature ambiante. Astuce anti-gaspi : une fois r\u00e9hydrat\u00e9es, les feuilles de moringa peuvent \u00eatre ajout\u00e9es \u00e0 vos salades, pour venir les parfumer.<\/p>\n<p>&nbsp;<\/p>\n<h2><a href=\"http:\/\/Si vous souhaitez en savoir plus sur le moringa, cliquez ici.\" target=\"_blank\" rel=\"noopener\" data-wplink-url-error=\"true\"><em><span style=\"color: #99cc00;\">Si vous souhaitez en savoir plus sur le moringa, cliquez ici<\/span><\/em><\/a><\/h2>\n","protected":false},"excerpt":{"rendered":"<p>Feuilles de moringa - moringa olfeifera &nbsp; &nbsp; &nbsp; &nbsp; &nbsp; &nbsp; &nbsp; &nbsp; &nbsp; NaturKraftWerke 40 g dans en sachets CHF DIXA Feuilles de Moringa Moringa oleifera Folia conc en vrac 5 g CHF 0.45 &nbsp; &nbsp; &nbsp; &nbsp; Les feuilles de Moringa peut \u00eatre infus\u00e9e pure ou m\u00e9lang\u00e9e \u00e0 d'autres herbes ou \u00e9pices et consomm\u00e9e chaude ou froide.&nbsp;<a href=\"https:\/\/bien-etreiris.ch\/de\/produktpraesentation\/gesundes-leben\/nahrungsergaenzungsmittel\/pflanzenheilkunde-gleichgewicht-durch-heilpflanzen\/kraeuter-und-pflanzen\/feuilles-de-moringa\/\" class=\"read-more\">Weiter lesen<\/a><\/p>\n","protected":false},"author":1,"featured_media":82483,"parent":30677,"menu_order":2256,"comment_status":"closed","ping_status":"closed","template":"","meta":{"_acf_changed":false,"ngg_post_thumbnail":0,"footnotes":""},"class_list":["post-82487","page","type-page","status-publish","has-post-thumbnail","hentry"],"acf":[],"yoast_head":"<!-- This site is optimized with the Yoast SEO plugin v27.6 - https:\/\/yoast.com\/product\/yoast-seo-wordpress\/ -->\n<title>MORINGA - WOHLBEFINDEN<\/title>\n<meta name=\"robots\" content=\"index, follow, max-snippet:-1, max-image-preview:large, max-video-preview:-1\" \/>\n<link rel=\"canonical\" href=\"https:\/\/bien-etreiris.ch\/de\/produktpraesentation\/gesundes-leben\/nahrungsergaenzungsmittel\/pflanzenheilkunde-gleichgewicht-durch-heilpflanzen\/kraeuter-und-pflanzen\/feuilles-de-moringa\/\" \/>\n<meta property=\"og:locale\" content=\"de_DE\" \/>\n<meta property=\"og:type\" content=\"article\" \/>\n<meta property=\"og:title\" content=\"MORINGA - WOHLBEFINDEN\" \/>\n<meta property=\"og:description\" content=\"Feuilles de moringa - moringa olfeifera &nbsp; &nbsp; &nbsp; &nbsp; &nbsp; &nbsp; &nbsp; &nbsp; &nbsp; NaturKraftWerke 40 g dans en sachets CHF DIXA Feuilles de Moringa Moringa oleifera Folia conc en vrac 5 g CHF 0.45 &nbsp; &nbsp; &nbsp; &nbsp; Les feuilles de Moringa peut \u00eatre infus\u00e9e pure ou m\u00e9lang\u00e9e \u00e0 d&#039;autres herbes ou \u00e9pices et consomm\u00e9e chaude ou froide.&nbsp;Weiter lesen\" \/>\n<meta property=\"og:url\" content=\"https:\/\/bien-etreiris.ch\/de\/produktpraesentation\/gesundes-leben\/nahrungsergaenzungsmittel\/pflanzenheilkunde-gleichgewicht-durch-heilpflanzen\/kraeuter-und-pflanzen\/feuilles-de-moringa\/\" \/>\n<meta property=\"og:site_name\" content=\"WOHLBEFINDEN\" \/>\n<meta property=\"article:publisher\" content=\"https:\/\/www.facebook.com\/bienetreiris\/\" \/>\n<meta property=\"article:modified_time\" content=\"2023-12-20T11:24:00+00:00\" \/>\n<meta property=\"og:image\" content=\"https:\/\/bien-etreiris.ch\/wp-content\/uploads\/2023\/12\/acceuil-tisane-moringa.png\" \/>\n\t<meta property=\"og:image:width\" content=\"500\" \/>\n\t<meta property=\"og:image:height\" content=\"305\" \/>\n\t<meta property=\"og:image:type\" content=\"image\/png\" \/>\n<meta name=\"twitter:label1\" content=\"Gesch\u00e4tzte Lesezeit\" \/>\n\t<meta name=\"twitter:data1\" content=\"2\u00a0Minuten\" \/>\n<script type=\"application\/ld+json\" class=\"yoast-schema-graph\">{\"@context\":\"https:\\\/\\\/schema.org\",\"@graph\":[{\"@type\":\"WebPage\",\"@id\":\"https:\\\/\\\/bien-etreiris.ch\\\/de\\\/produktpraesentation\\\/gesundes-leben\\\/nahrungsergaenzungsmittel\\\/pflanzenheilkunde-gleichgewicht-durch-heilpflanzen\\\/kraeuter-und-pflanzen\\\/feuilles-de-moringa\\\/\",\"url\":\"https:\\\/\\\/bien-etreiris.ch\\\/de\\\/produktpraesentation\\\/gesundes-leben\\\/nahrungsergaenzungsmittel\\\/pflanzenheilkunde-gleichgewicht-durch-heilpflanzen\\\/kraeuter-und-pflanzen\\\/feuilles-de-moringa\\\/\",\"name\":\"MORINGA - WOHLBEFINDEN\",\"isPartOf\":{\"@id\":\"https:\\\/\\\/bien-etreiris.ch\\\/de\\\/#website\"},\"primaryImageOfPage\":{\"@id\":\"https:\\\/\\\/bien-etreiris.ch\\\/de\\\/produktpraesentation\\\/gesundes-leben\\\/nahrungsergaenzungsmittel\\\/pflanzenheilkunde-gleichgewicht-durch-heilpflanzen\\\/kraeuter-und-pflanzen\\\/feuilles-de-moringa\\\/#primaryimage\"},\"image\":{\"@id\":\"https:\\\/\\\/bien-etreiris.ch\\\/de\\\/produktpraesentation\\\/gesundes-leben\\\/nahrungsergaenzungsmittel\\\/pflanzenheilkunde-gleichgewicht-durch-heilpflanzen\\\/kraeuter-und-pflanzen\\\/feuilles-de-moringa\\\/#primaryimage\"},\"thumbnailUrl\":\"https:\\\/\\\/bien-etreiris.ch\\\/wp-content\\\/uploads\\\/2023\\\/12\\\/acceuil-tisane-moringa.png\",\"datePublished\":\"2023-12-20T11:21:08+00:00\",\"dateModified\":\"2023-12-20T11:24:00+00:00\",\"breadcrumb\":{\"@id\":\"https:\\\/\\\/bien-etreiris.ch\\\/de\\\/produktpraesentation\\\/gesundes-leben\\\/nahrungsergaenzungsmittel\\\/pflanzenheilkunde-gleichgewicht-durch-heilpflanzen\\\/kraeuter-und-pflanzen\\\/feuilles-de-moringa\\\/#breadcrumb\"},\"inLanguage\":\"de\",\"potentialAction\":[{\"@type\":\"ReadAction\",\"target\":[\"https:\\\/\\\/bien-etreiris.ch\\\/de\\\/produktpraesentation\\\/gesundes-leben\\\/nahrungsergaenzungsmittel\\\/pflanzenheilkunde-gleichgewicht-durch-heilpflanzen\\\/kraeuter-und-pflanzen\\\/feuilles-de-moringa\\\/\"]}]},{\"@type\":\"ImageObject\",\"inLanguage\":\"de\",\"@id\":\"https:\\\/\\\/bien-etreiris.ch\\\/de\\\/produktpraesentation\\\/gesundes-leben\\\/nahrungsergaenzungsmittel\\\/pflanzenheilkunde-gleichgewicht-durch-heilpflanzen\\\/kraeuter-und-pflanzen\\\/feuilles-de-moringa\\\/#primaryimage\",\"url\":\"https:\\\/\\\/bien-etreiris.ch\\\/wp-content\\\/uploads\\\/2023\\\/12\\\/acceuil-tisane-moringa.png\",\"contentUrl\":\"https:\\\/\\\/bien-etreiris.ch\\\/wp-content\\\/uploads\\\/2023\\\/12\\\/acceuil-tisane-moringa.png\",\"width\":500,\"height\":305},{\"@type\":\"BreadcrumbList\",\"@id\":\"https:\\\/\\\/bien-etreiris.ch\\\/de\\\/produktpraesentation\\\/gesundes-leben\\\/nahrungsergaenzungsmittel\\\/pflanzenheilkunde-gleichgewicht-durch-heilpflanzen\\\/kraeuter-und-pflanzen\\\/feuilles-de-moringa\\\/#breadcrumb\",\"itemListElement\":[{\"@type\":\"ListItem\",\"position\":1,\"name\":\"Home\",\"item\":\"https:\\\/\\\/bien-etreiris.ch\\\/de\\\/\"},{\"@type\":\"ListItem\",\"position\":2,\"name\":\"PRODUKTPR\u00c4SENTATION\",\"item\":\"https:\\\/\\\/bien-etreiris.ch\\\/de\\\/produktpraesentation\\\/\"},{\"@type\":\"ListItem\",\"position\":3,\"name\":\"GESUNDES LEBEN\",\"item\":\"https:\\\/\\\/bien-etreiris.ch\\\/de\\\/produktpraesentation\\\/gesundes-leben\\\/\"},{\"@type\":\"ListItem\",\"position\":4,\"name\":\"NAHRUNGSERG\u00c4NZUNG\",\"item\":\"https:\\\/\\\/bien-etreiris.ch\\\/de\\\/produktpraesentation\\\/gesundes-leben\\\/nahrungsergaenzungsmittel\\\/\"},{\"@type\":\"ListItem\",\"position\":5,\"name\":\"PFLANZENHEILKUNDE\",\"item\":\"https:\\\/\\\/bien-etreiris.ch\\\/de\\\/produktpraesentation\\\/gesundes-leben\\\/nahrungsergaenzungsmittel\\\/pflanzenheilkunde-gleichgewicht-durch-heilpflanzen\\\/\"},{\"@type\":\"ListItem\",\"position\":6,\"name\":\"KR\u00c4UTER &#038; PFLANZEN\",\"item\":\"https:\\\/\\\/bien-etreiris.ch\\\/de\\\/produktpraesentation\\\/gesundes-leben\\\/nahrungsergaenzungsmittel\\\/pflanzenheilkunde-gleichgewicht-durch-heilpflanzen\\\/kraeuter-und-pflanzen\\\/\"},{\"@type\":\"ListItem\",\"position\":7,\"name\":\"MORINGA\"}]},{\"@type\":\"WebSite\",\"@id\":\"https:\\\/\\\/bien-etreiris.ch\\\/de\\\/#website\",\"url\":\"https:\\\/\\\/bien-etreiris.ch\\\/de\\\/\",\"name\":\"Bien-\u00eatre Iris\",\"description\":\"IHRE Gesundheit ist uns wichtig\",\"potentialAction\":[{\"@type\":\"SearchAction\",\"target\":{\"@type\":\"EntryPoint\",\"urlTemplate\":\"https:\\\/\\\/bien-etreiris.ch\\\/de\\\/?s={search_term_string}\"},\"query-input\":{\"@type\":\"PropertyValueSpecification\",\"valueRequired\":true,\"valueName\":\"search_term_string\"}}],\"inLanguage\":\"de\"}]}<\/script>\n<!-- \/ Yoast SEO plugin. -->","yoast_head_json":{"title":"MORINGA - WOHLBEFINDEN","robots":{"index":"index","follow":"follow","max-snippet":"max-snippet:-1","max-image-preview":"max-image-preview:large","max-video-preview":"max-video-preview:-1"},"canonical":"https:\/\/bien-etreiris.ch\/de\/produktpraesentation\/gesundes-leben\/nahrungsergaenzungsmittel\/pflanzenheilkunde-gleichgewicht-durch-heilpflanzen\/kraeuter-und-pflanzen\/feuilles-de-moringa\/","og_locale":"de_DE","og_type":"article","og_title":"MORINGA - WOHLBEFINDEN","og_description":"Feuilles de moringa - moringa olfeifera &nbsp; &nbsp; &nbsp; &nbsp; &nbsp; &nbsp; &nbsp; &nbsp; &nbsp; NaturKraftWerke 40 g dans en sachets CHF DIXA Feuilles de Moringa Moringa oleifera Folia conc en vrac 5 g CHF 0.45 &nbsp; &nbsp; &nbsp; &nbsp; Les feuilles de Moringa peut \u00eatre infus\u00e9e pure ou m\u00e9lang\u00e9e \u00e0 d'autres herbes ou \u00e9pices et consomm\u00e9e chaude ou froide.&nbsp;Weiter lesen","og_url":"https:\/\/bien-etreiris.ch\/de\/produktpraesentation\/gesundes-leben\/nahrungsergaenzungsmittel\/pflanzenheilkunde-gleichgewicht-durch-heilpflanzen\/kraeuter-und-pflanzen\/feuilles-de-moringa\/","og_site_name":"WOHLBEFINDEN","article_publisher":"https:\/\/www.facebook.com\/bienetreiris\/","article_modified_time":"2023-12-20T11:24:00+00:00","og_image":[{"width":500,"height":305,"url":"https:\/\/bien-etreiris.ch\/wp-content\/uploads\/2023\/12\/acceuil-tisane-moringa.png","type":"image\/png"}],"twitter_misc":{"Gesch\u00e4tzte Lesezeit":"2\u00a0Minuten"},"schema":{"@context":"https:\/\/schema.org","@graph":[{"@type":"WebPage","@id":"https:\/\/bien-etreiris.ch\/de\/produktpraesentation\/gesundes-leben\/nahrungsergaenzungsmittel\/pflanzenheilkunde-gleichgewicht-durch-heilpflanzen\/kraeuter-und-pflanzen\/feuilles-de-moringa\/","url":"https:\/\/bien-etreiris.ch\/de\/produktpraesentation\/gesundes-leben\/nahrungsergaenzungsmittel\/pflanzenheilkunde-gleichgewicht-durch-heilpflanzen\/kraeuter-und-pflanzen\/feuilles-de-moringa\/","name":"MORINGA - WOHLBEFINDEN","isPartOf":{"@id":"https:\/\/bien-etreiris.ch\/de\/#website"},"primaryImageOfPage":{"@id":"https:\/\/bien-etreiris.ch\/de\/produktpraesentation\/gesundes-leben\/nahrungsergaenzungsmittel\/pflanzenheilkunde-gleichgewicht-durch-heilpflanzen\/kraeuter-und-pflanzen\/feuilles-de-moringa\/#primaryimage"},"image":{"@id":"https:\/\/bien-etreiris.ch\/de\/produktpraesentation\/gesundes-leben\/nahrungsergaenzungsmittel\/pflanzenheilkunde-gleichgewicht-durch-heilpflanzen\/kraeuter-und-pflanzen\/feuilles-de-moringa\/#primaryimage"},"thumbnailUrl":"https:\/\/bien-etreiris.ch\/wp-content\/uploads\/2023\/12\/acceuil-tisane-moringa.png","datePublished":"2023-12-20T11:21:08+00:00","dateModified":"2023-12-20T11:24:00+00:00","breadcrumb":{"@id":"https:\/\/bien-etreiris.ch\/de\/produktpraesentation\/gesundes-leben\/nahrungsergaenzungsmittel\/pflanzenheilkunde-gleichgewicht-durch-heilpflanzen\/kraeuter-und-pflanzen\/feuilles-de-moringa\/#breadcrumb"},"inLanguage":"de","potentialAction":[{"@type":"ReadAction","target":["https:\/\/bien-etreiris.ch\/de\/produktpraesentation\/gesundes-leben\/nahrungsergaenzungsmittel\/pflanzenheilkunde-gleichgewicht-durch-heilpflanzen\/kraeuter-und-pflanzen\/feuilles-de-moringa\/"]}]},{"@type":"ImageObject","inLanguage":"de","@id":"https:\/\/bien-etreiris.ch\/de\/produktpraesentation\/gesundes-leben\/nahrungsergaenzungsmittel\/pflanzenheilkunde-gleichgewicht-durch-heilpflanzen\/kraeuter-und-pflanzen\/feuilles-de-moringa\/#primaryimage","url":"https:\/\/bien-etreiris.ch\/wp-content\/uploads\/2023\/12\/acceuil-tisane-moringa.png","contentUrl":"https:\/\/bien-etreiris.ch\/wp-content\/uploads\/2023\/12\/acceuil-tisane-moringa.png","width":500,"height":305},{"@type":"BreadcrumbList","@id":"https:\/\/bien-etreiris.ch\/de\/produktpraesentation\/gesundes-leben\/nahrungsergaenzungsmittel\/pflanzenheilkunde-gleichgewicht-durch-heilpflanzen\/kraeuter-und-pflanzen\/feuilles-de-moringa\/#breadcrumb","itemListElement":[{"@type":"ListItem","position":1,"name":"Home","item":"https:\/\/bien-etreiris.ch\/de\/"},{"@type":"ListItem","position":2,"name":"PRODUKTPR\u00c4SENTATION","item":"https:\/\/bien-etreiris.ch\/de\/produktpraesentation\/"},{"@type":"ListItem","position":3,"name":"GESUNDES LEBEN","item":"https:\/\/bien-etreiris.ch\/de\/produktpraesentation\/gesundes-leben\/"},{"@type":"ListItem","position":4,"name":"NAHRUNGSERG\u00c4NZUNG","item":"https:\/\/bien-etreiris.ch\/de\/produktpraesentation\/gesundes-leben\/nahrungsergaenzungsmittel\/"},{"@type":"ListItem","position":5,"name":"PFLANZENHEILKUNDE","item":"https:\/\/bien-etreiris.ch\/de\/produktpraesentation\/gesundes-leben\/nahrungsergaenzungsmittel\/pflanzenheilkunde-gleichgewicht-durch-heilpflanzen\/"},{"@type":"ListItem","position":6,"name":"KR\u00c4UTER &#038; PFLANZEN","item":"https:\/\/bien-etreiris.ch\/de\/produktpraesentation\/gesundes-leben\/nahrungsergaenzungsmittel\/pflanzenheilkunde-gleichgewicht-durch-heilpflanzen\/kraeuter-und-pflanzen\/"},{"@type":"ListItem","position":7,"name":"MORINGA"}]},{"@type":"WebSite","@id":"https:\/\/bien-etreiris.ch\/de\/#website","url":"https:\/\/bien-etreiris.ch\/de\/","name":"Bien-\u00eatre Iris","description":"IHRE Gesundheit ist uns wichtig","potentialAction":[{"@type":"SearchAction","target":{"@type":"EntryPoint","urlTemplate":"https:\/\/bien-etreiris.ch\/de\/?s={search_term_string}"},"query-input":{"@type":"PropertyValueSpecification","valueRequired":true,"valueName":"search_term_string"}}],"inLanguage":"de"}]}},"_links":{"self":[{"href":"https:\/\/bien-etreiris.ch\/de\/wp-json\/wp\/v2\/pages\/82487","targetHints":{"allow":["GET"]}}],"collection":[{"href":"https:\/\/bien-etreiris.ch\/de\/wp-json\/wp\/v2\/pages"}],"about":[{"href":"https:\/\/bien-etreiris.ch\/de\/wp-json\/wp\/v2\/types\/page"}],"author":[{"embeddable":true,"href":"https:\/\/bien-etreiris.ch\/de\/wp-json\/wp\/v2\/users\/1"}],"replies":[{"embeddable":true,"href":"https:\/\/bien-etreiris.ch\/de\/wp-json\/wp\/v2\/comments?post=82487"}],"version-history":[{"count":1,"href":"https:\/\/bien-etreiris.ch\/de\/wp-json\/wp\/v2\/pages\/82487\/revisions"}],"predecessor-version":[{"id":82489,"href":"https:\/\/bien-etreiris.ch\/de\/wp-json\/wp\/v2\/pages\/82487\/revisions\/82489"}],"up":[{"embeddable":true,"href":"https:\/\/bien-etreiris.ch\/de\/wp-json\/wp\/v2\/pages\/30677"}],"wp:featuredmedia":[{"embeddable":true,"href":"https:\/\/bien-etreiris.ch\/de\/wp-json\/wp\/v2\/media\/82483"}],"wp:attachment":[{"href":"https:\/\/bien-etreiris.ch\/de\/wp-json\/wp\/v2\/media?parent=82487"}],"curies":[{"name":"wp","href":"https:\/\/api.w.org\/{rel}","templated":true}]}}