{"id":82467,"date":"2023-12-20T12:45:31","date_gmt":"2023-12-20T10:45:31","guid":{"rendered":"https:\/\/bien-etreiris.ch\/ratgeber-klarheit-beratung\/gesunder-lebensstil\/naehrstoffe\/inhaltsstoffe-in-unseren-lebensmitteln\/pflanzenoele\/huile-de-graines-de-moringa\/"},"modified":"2023-12-20T12:50:39","modified_gmt":"2023-12-20T10:50:39","slug":"huile-de-graines-de-moringa","status":"publish","type":"page","link":"https:\/\/bien-etreiris.ch\/de\/produktpraesentation\/gesundes-leben\/gesunde-lebensmittel\/zutaten-wohlbefinden\/pflanzliche-speiseoele\/huile-de-graines-de-moringa\/","title":{"rendered":"MORINGA"},"content":{"rendered":"<h2>Huile de graines de moringa<\/h2>\n<p>&nbsp;<a class=\"wp-image-82461 alignleft\" href=\"https:\/\/bien-etreiris.ch\/guide-lumiere-conseil\/mode-de-vie-sain\/nutrition\/ingredients\/huiles-vegetales-guide\/huile-de-graines-de-moringa\/huile-de-moringa\/\" rel=\"attachment wp-att-82461\"><img loading=\"lazy\" decoding=\"async\" class=\"wp-image-82461 alignleft\" src=\"https:\/\/bien-etreiris.ch\/wp-content\/uploads\/2023\/12\/Huile-de-moringa.jpg\" alt=\"\" width=\"243\" height=\"411\" srcset=\"https:\/\/bien-etreiris.ch\/wp-content\/uploads\/2023\/12\/Huile-de-moringa.jpg 699w, https:\/\/bien-etreiris.ch\/wp-content\/uploads\/2023\/12\/Huile-de-moringa-178x300.jpg 178w, https:\/\/bien-etreiris.ch\/wp-content\/uploads\/2023\/12\/Huile-de-moringa-606x1024.jpg 606w\" sizes=\"auto, (max-width: 243px) 100vw, 243px\" \/><\/a><\/p>\n<p>&nbsp;<\/p>\n<p>&nbsp;<\/p>\n<p>&nbsp;<\/p>\n<p>&nbsp;<\/p>\n<p>&nbsp;<\/p>\n<h4>NaturKraftWerke<\/h4>\n<p>en pot violet<\/p>\n<p>native 30 ml Demeter <strong>CHF<\/strong><\/p>\n<p>&nbsp;<\/p>\n<p>&nbsp;<\/p>\n<p>&nbsp;<\/p>\n<p>L'huile de moringa NaturKraftWerke est fra\u00eechement press\u00e9e \u00e0 froid en petits lots dans notre propre moulin \u00e0 huile de l'Oberland zurichois. Nous nous procurons les graines de moringa aupr\u00e8s de notre partenaire de longue date, le projet agricole Demeter en \u00c9gypte.<\/p>\n","protected":false},"excerpt":{"rendered":"<p>Huile de graines de moringa &nbsp; &nbsp; &nbsp; &nbsp; &nbsp; &nbsp; NaturKraftWerke en pot violet native 30 ml Demeter CHF &nbsp; &nbsp; &nbsp; L'huile de moringa NaturKraftWerke est fra\u00eechement press\u00e9e \u00e0 froid en petits lots dans notre propre moulin \u00e0 huile de l'Oberland zurichois. Nous nous procurons les graines de moringa aupr\u00e8s de notre partenaire de longue date, le projet&nbsp;<a href=\"https:\/\/bien-etreiris.ch\/de\/produktpraesentation\/gesundes-leben\/gesunde-lebensmittel\/zutaten-wohlbefinden\/pflanzliche-speiseoele\/huile-de-graines-de-moringa\/\" class=\"read-more\">Weiter lesen<\/a><\/p>\n","protected":false},"author":1,"featured_media":82460,"parent":40140,"menu_order":2259,"comment_status":"closed","ping_status":"closed","template":"page-with-child.php","meta":{"_acf_changed":false,"ngg_post_thumbnail":0,"footnotes":""},"class_list":["post-82467","page","type-page","status-publish","has-post-thumbnail","hentry"],"acf":[],"yoast_head":"<!-- This site is optimized with the Yoast SEO plugin v27.5 - https:\/\/yoast.com\/product\/yoast-seo-wordpress\/ -->\n<title>MORINGA - WOHLBEFINDEN<\/title>\n<meta name=\"robots\" content=\"index, follow, max-snippet:-1, max-image-preview:large, max-video-preview:-1\" \/>\n<link rel=\"canonical\" href=\"https:\/\/bien-etreiris.ch\/de\/produktpraesentation\/gesundes-leben\/gesunde-lebensmittel\/zutaten-wohlbefinden\/pflanzliche-speiseoele\/huile-de-graines-de-moringa\/\" \/>\n<meta property=\"og:locale\" content=\"de_DE\" \/>\n<meta property=\"og:type\" content=\"article\" \/>\n<meta property=\"og:title\" content=\"MORINGA - WOHLBEFINDEN\" \/>\n<meta property=\"og:description\" content=\"Huile de graines de moringa &nbsp; &nbsp; &nbsp; &nbsp; &nbsp; &nbsp; NaturKraftWerke en pot violet native 30 ml Demeter CHF &nbsp; &nbsp; &nbsp; L&#039;huile de moringa NaturKraftWerke est fra\u00eechement press\u00e9e \u00e0 froid en petits lots dans notre propre moulin \u00e0 huile de l&#039;Oberland zurichois. Nous nous procurons les graines de moringa aupr\u00e8s de notre partenaire de longue date, le projet&nbsp;Weiter lesen\" \/>\n<meta property=\"og:url\" content=\"https:\/\/bien-etreiris.ch\/de\/produktpraesentation\/gesundes-leben\/gesunde-lebensmittel\/zutaten-wohlbefinden\/pflanzliche-speiseoele\/huile-de-graines-de-moringa\/\" \/>\n<meta property=\"og:site_name\" content=\"WOHLBEFINDEN\" \/>\n<meta property=\"article:publisher\" content=\"https:\/\/www.facebook.com\/bienetreiris\/\" \/>\n<meta property=\"article:modified_time\" content=\"2023-12-20T10:50:39+00:00\" \/>\n<meta property=\"og:image\" content=\"https:\/\/bien-etreiris.ch\/wp-content\/uploads\/2023\/12\/acceuil-huile-de-moringa.jpg\" \/>\n\t<meta property=\"og:image:width\" content=\"500\" \/>\n\t<meta property=\"og:image:height\" content=\"333\" \/>\n\t<meta property=\"og:image:type\" content=\"image\/jpeg\" \/>\n<meta name=\"twitter:label1\" content=\"Gesch\u00e4tzte Lesezeit\" \/>\n\t<meta name=\"twitter:data1\" content=\"1\u00a0Minute\" \/>\n<script type=\"application\/ld+json\" class=\"yoast-schema-graph\">{\"@context\":\"https:\\\/\\\/schema.org\",\"@graph\":[{\"@type\":\"WebPage\",\"@id\":\"https:\\\/\\\/bien-etreiris.ch\\\/de\\\/produktpraesentation\\\/gesundes-leben\\\/gesunde-lebensmittel\\\/zutaten-wohlbefinden\\\/pflanzliche-speiseoele\\\/huile-de-graines-de-moringa\\\/\",\"url\":\"https:\\\/\\\/bien-etreiris.ch\\\/de\\\/produktpraesentation\\\/gesundes-leben\\\/gesunde-lebensmittel\\\/zutaten-wohlbefinden\\\/pflanzliche-speiseoele\\\/huile-de-graines-de-moringa\\\/\",\"name\":\"MORINGA - WOHLBEFINDEN\",\"isPartOf\":{\"@id\":\"https:\\\/\\\/bien-etreiris.ch\\\/de\\\/#website\"},\"primaryImageOfPage\":{\"@id\":\"https:\\\/\\\/bien-etreiris.ch\\\/de\\\/produktpraesentation\\\/gesundes-leben\\\/gesunde-lebensmittel\\\/zutaten-wohlbefinden\\\/pflanzliche-speiseoele\\\/huile-de-graines-de-moringa\\\/#primaryimage\"},\"image\":{\"@id\":\"https:\\\/\\\/bien-etreiris.ch\\\/de\\\/produktpraesentation\\\/gesundes-leben\\\/gesunde-lebensmittel\\\/zutaten-wohlbefinden\\\/pflanzliche-speiseoele\\\/huile-de-graines-de-moringa\\\/#primaryimage\"},\"thumbnailUrl\":\"https:\\\/\\\/bien-etreiris.ch\\\/wp-content\\\/uploads\\\/2023\\\/12\\\/acceuil-huile-de-moringa.jpg\",\"datePublished\":\"2023-12-20T10:45:31+00:00\",\"dateModified\":\"2023-12-20T10:50:39+00:00\",\"breadcrumb\":{\"@id\":\"https:\\\/\\\/bien-etreiris.ch\\\/de\\\/produktpraesentation\\\/gesundes-leben\\\/gesunde-lebensmittel\\\/zutaten-wohlbefinden\\\/pflanzliche-speiseoele\\\/huile-de-graines-de-moringa\\\/#breadcrumb\"},\"inLanguage\":\"de\",\"potentialAction\":[{\"@type\":\"ReadAction\",\"target\":[\"https:\\\/\\\/bien-etreiris.ch\\\/de\\\/produktpraesentation\\\/gesundes-leben\\\/gesunde-lebensmittel\\\/zutaten-wohlbefinden\\\/pflanzliche-speiseoele\\\/huile-de-graines-de-moringa\\\/\"]}]},{\"@type\":\"ImageObject\",\"inLanguage\":\"de\",\"@id\":\"https:\\\/\\\/bien-etreiris.ch\\\/de\\\/produktpraesentation\\\/gesundes-leben\\\/gesunde-lebensmittel\\\/zutaten-wohlbefinden\\\/pflanzliche-speiseoele\\\/huile-de-graines-de-moringa\\\/#primaryimage\",\"url\":\"https:\\\/\\\/bien-etreiris.ch\\\/wp-content\\\/uploads\\\/2023\\\/12\\\/acceuil-huile-de-moringa.jpg\",\"contentUrl\":\"https:\\\/\\\/bien-etreiris.ch\\\/wp-content\\\/uploads\\\/2023\\\/12\\\/acceuil-huile-de-moringa.jpg\",\"width\":500,\"height\":333},{\"@type\":\"BreadcrumbList\",\"@id\":\"https:\\\/\\\/bien-etreiris.ch\\\/de\\\/produktpraesentation\\\/gesundes-leben\\\/gesunde-lebensmittel\\\/zutaten-wohlbefinden\\\/pflanzliche-speiseoele\\\/huile-de-graines-de-moringa\\\/#breadcrumb\",\"itemListElement\":[{\"@type\":\"ListItem\",\"position\":1,\"name\":\"Home\",\"item\":\"https:\\\/\\\/bien-etreiris.ch\\\/de\\\/\"},{\"@type\":\"ListItem\",\"position\":2,\"name\":\"PRODUKTPR\u00c4SENTATION\",\"item\":\"https:\\\/\\\/bien-etreiris.ch\\\/de\\\/produktpraesentation\\\/\"},{\"@type\":\"ListItem\",\"position\":3,\"name\":\"GESUNDES LEBEN\",\"item\":\"https:\\\/\\\/bien-etreiris.ch\\\/de\\\/produktpraesentation\\\/gesundes-leben\\\/\"},{\"@type\":\"ListItem\",\"position\":4,\"name\":\"GESUNDE LEBENSMITTEL\",\"item\":\"https:\\\/\\\/bien-etreiris.ch\\\/de\\\/produktpraesentation\\\/gesundes-leben\\\/gesunde-lebensmittel\\\/\"},{\"@type\":\"ListItem\",\"position\":5,\"name\":\"ZUTATEN\",\"item\":\"https:\\\/\\\/bien-etreiris.ch\\\/de\\\/produktpraesentation\\\/gesundes-leben\\\/gesunde-lebensmittel\\\/zutaten-wohlbefinden\\\/\"},{\"@type\":\"ListItem\",\"position\":6,\"name\":\"PFLANZEN\u00d6LE\",\"item\":\"https:\\\/\\\/bien-etreiris.ch\\\/de\\\/produktpraesentation\\\/gesundes-leben\\\/gesunde-lebensmittel\\\/zutaten-wohlbefinden\\\/pflanzliche-speiseoele\\\/\"},{\"@type\":\"ListItem\",\"position\":7,\"name\":\"MORINGA\"}]},{\"@type\":\"WebSite\",\"@id\":\"https:\\\/\\\/bien-etreiris.ch\\\/de\\\/#website\",\"url\":\"https:\\\/\\\/bien-etreiris.ch\\\/de\\\/\",\"name\":\"Bien-\u00eatre Iris\",\"description\":\"IHRE Gesundheit ist uns wichtig\",\"potentialAction\":[{\"@type\":\"SearchAction\",\"target\":{\"@type\":\"EntryPoint\",\"urlTemplate\":\"https:\\\/\\\/bien-etreiris.ch\\\/de\\\/?s={search_term_string}\"},\"query-input\":{\"@type\":\"PropertyValueSpecification\",\"valueRequired\":true,\"valueName\":\"search_term_string\"}}],\"inLanguage\":\"de\"}]}<\/script>\n<!-- \/ Yoast SEO plugin. -->","yoast_head_json":{"title":"MORINGA - WOHLBEFINDEN","robots":{"index":"index","follow":"follow","max-snippet":"max-snippet:-1","max-image-preview":"max-image-preview:large","max-video-preview":"max-video-preview:-1"},"canonical":"https:\/\/bien-etreiris.ch\/de\/produktpraesentation\/gesundes-leben\/gesunde-lebensmittel\/zutaten-wohlbefinden\/pflanzliche-speiseoele\/huile-de-graines-de-moringa\/","og_locale":"de_DE","og_type":"article","og_title":"MORINGA - WOHLBEFINDEN","og_description":"Huile de graines de moringa &nbsp; &nbsp; &nbsp; &nbsp; &nbsp; &nbsp; NaturKraftWerke en pot violet native 30 ml Demeter CHF &nbsp; &nbsp; &nbsp; L'huile de moringa NaturKraftWerke est fra\u00eechement press\u00e9e \u00e0 froid en petits lots dans notre propre moulin \u00e0 huile de l'Oberland zurichois. Nous nous procurons les graines de moringa aupr\u00e8s de notre partenaire de longue date, le projet&nbsp;Weiter lesen","og_url":"https:\/\/bien-etreiris.ch\/de\/produktpraesentation\/gesundes-leben\/gesunde-lebensmittel\/zutaten-wohlbefinden\/pflanzliche-speiseoele\/huile-de-graines-de-moringa\/","og_site_name":"WOHLBEFINDEN","article_publisher":"https:\/\/www.facebook.com\/bienetreiris\/","article_modified_time":"2023-12-20T10:50:39+00:00","og_image":[{"width":500,"height":333,"url":"https:\/\/bien-etreiris.ch\/wp-content\/uploads\/2023\/12\/acceuil-huile-de-moringa.jpg","type":"image\/jpeg"}],"twitter_misc":{"Gesch\u00e4tzte Lesezeit":"1\u00a0Minute"},"schema":{"@context":"https:\/\/schema.org","@graph":[{"@type":"WebPage","@id":"https:\/\/bien-etreiris.ch\/de\/produktpraesentation\/gesundes-leben\/gesunde-lebensmittel\/zutaten-wohlbefinden\/pflanzliche-speiseoele\/huile-de-graines-de-moringa\/","url":"https:\/\/bien-etreiris.ch\/de\/produktpraesentation\/gesundes-leben\/gesunde-lebensmittel\/zutaten-wohlbefinden\/pflanzliche-speiseoele\/huile-de-graines-de-moringa\/","name":"MORINGA - WOHLBEFINDEN","isPartOf":{"@id":"https:\/\/bien-etreiris.ch\/de\/#website"},"primaryImageOfPage":{"@id":"https:\/\/bien-etreiris.ch\/de\/produktpraesentation\/gesundes-leben\/gesunde-lebensmittel\/zutaten-wohlbefinden\/pflanzliche-speiseoele\/huile-de-graines-de-moringa\/#primaryimage"},"image":{"@id":"https:\/\/bien-etreiris.ch\/de\/produktpraesentation\/gesundes-leben\/gesunde-lebensmittel\/zutaten-wohlbefinden\/pflanzliche-speiseoele\/huile-de-graines-de-moringa\/#primaryimage"},"thumbnailUrl":"https:\/\/bien-etreiris.ch\/wp-content\/uploads\/2023\/12\/acceuil-huile-de-moringa.jpg","datePublished":"2023-12-20T10:45:31+00:00","dateModified":"2023-12-20T10:50:39+00:00","breadcrumb":{"@id":"https:\/\/bien-etreiris.ch\/de\/produktpraesentation\/gesundes-leben\/gesunde-lebensmittel\/zutaten-wohlbefinden\/pflanzliche-speiseoele\/huile-de-graines-de-moringa\/#breadcrumb"},"inLanguage":"de","potentialAction":[{"@type":"ReadAction","target":["https:\/\/bien-etreiris.ch\/de\/produktpraesentation\/gesundes-leben\/gesunde-lebensmittel\/zutaten-wohlbefinden\/pflanzliche-speiseoele\/huile-de-graines-de-moringa\/"]}]},{"@type":"ImageObject","inLanguage":"de","@id":"https:\/\/bien-etreiris.ch\/de\/produktpraesentation\/gesundes-leben\/gesunde-lebensmittel\/zutaten-wohlbefinden\/pflanzliche-speiseoele\/huile-de-graines-de-moringa\/#primaryimage","url":"https:\/\/bien-etreiris.ch\/wp-content\/uploads\/2023\/12\/acceuil-huile-de-moringa.jpg","contentUrl":"https:\/\/bien-etreiris.ch\/wp-content\/uploads\/2023\/12\/acceuil-huile-de-moringa.jpg","width":500,"height":333},{"@type":"BreadcrumbList","@id":"https:\/\/bien-etreiris.ch\/de\/produktpraesentation\/gesundes-leben\/gesunde-lebensmittel\/zutaten-wohlbefinden\/pflanzliche-speiseoele\/huile-de-graines-de-moringa\/#breadcrumb","itemListElement":[{"@type":"ListItem","position":1,"name":"Home","item":"https:\/\/bien-etreiris.ch\/de\/"},{"@type":"ListItem","position":2,"name":"PRODUKTPR\u00c4SENTATION","item":"https:\/\/bien-etreiris.ch\/de\/produktpraesentation\/"},{"@type":"ListItem","position":3,"name":"GESUNDES LEBEN","item":"https:\/\/bien-etreiris.ch\/de\/produktpraesentation\/gesundes-leben\/"},{"@type":"ListItem","position":4,"name":"GESUNDE LEBENSMITTEL","item":"https:\/\/bien-etreiris.ch\/de\/produktpraesentation\/gesundes-leben\/gesunde-lebensmittel\/"},{"@type":"ListItem","position":5,"name":"ZUTATEN","item":"https:\/\/bien-etreiris.ch\/de\/produktpraesentation\/gesundes-leben\/gesunde-lebensmittel\/zutaten-wohlbefinden\/"},{"@type":"ListItem","position":6,"name":"PFLANZEN\u00d6LE","item":"https:\/\/bien-etreiris.ch\/de\/produktpraesentation\/gesundes-leben\/gesunde-lebensmittel\/zutaten-wohlbefinden\/pflanzliche-speiseoele\/"},{"@type":"ListItem","position":7,"name":"MORINGA"}]},{"@type":"WebSite","@id":"https:\/\/bien-etreiris.ch\/de\/#website","url":"https:\/\/bien-etreiris.ch\/de\/","name":"Bien-\u00eatre Iris","description":"IHRE Gesundheit ist uns wichtig","potentialAction":[{"@type":"SearchAction","target":{"@type":"EntryPoint","urlTemplate":"https:\/\/bien-etreiris.ch\/de\/?s={search_term_string}"},"query-input":{"@type":"PropertyValueSpecification","valueRequired":true,"valueName":"search_term_string"}}],"inLanguage":"de"}]}},"_links":{"self":[{"href":"https:\/\/bien-etreiris.ch\/de\/wp-json\/wp\/v2\/pages\/82467","targetHints":{"allow":["GET"]}}],"collection":[{"href":"https:\/\/bien-etreiris.ch\/de\/wp-json\/wp\/v2\/pages"}],"about":[{"href":"https:\/\/bien-etreiris.ch\/de\/wp-json\/wp\/v2\/types\/page"}],"author":[{"embeddable":true,"href":"https:\/\/bien-etreiris.ch\/de\/wp-json\/wp\/v2\/users\/1"}],"replies":[{"embeddable":true,"href":"https:\/\/bien-etreiris.ch\/de\/wp-json\/wp\/v2\/comments?post=82467"}],"version-history":[{"count":1,"href":"https:\/\/bien-etreiris.ch\/de\/wp-json\/wp\/v2\/pages\/82467\/revisions"}],"predecessor-version":[{"id":82470,"href":"https:\/\/bien-etreiris.ch\/de\/wp-json\/wp\/v2\/pages\/82467\/revisions\/82470"}],"up":[{"embeddable":true,"href":"https:\/\/bien-etreiris.ch\/de\/wp-json\/wp\/v2\/pages\/40140"}],"wp:featuredmedia":[{"embeddable":true,"href":"https:\/\/bien-etreiris.ch\/de\/wp-json\/wp\/v2\/media\/82460"}],"wp:attachment":[{"href":"https:\/\/bien-etreiris.ch\/de\/wp-json\/wp\/v2\/media?parent=82467"}],"curies":[{"name":"wp","href":"https:\/\/api.w.org\/{rel}","templated":true}]}}