{"id":82034,"date":"2022-08-11T07:57:44","date_gmt":"2022-08-11T05:57:44","guid":{"rendered":"https:\/\/bien-etreiris.ch\/produktpraesentation\/gesundes-leben\/gesunde-lebensmittel\/superfoods\/pulver\/ortie-en-poudre\/"},"modified":"2023-12-10T00:45:37","modified_gmt":"2023-12-09T22:45:37","slug":"brennesselpulver","status":"publish","type":"page","link":"https:\/\/bien-etreiris.ch\/de\/produktpraesentation\/gesundes-leben\/gesunde-lebensmittel\/superfoods\/pulver\/brennesselpulver\/","title":{"rendered":"BRENNESSELPULVER"},"content":{"rendered":"\n<h2>Brennesselpulver<\/h2>\n\n\n<p><a href=\"https:\/\/bien-etreiris.ch\/wp-content\/uploads\/2022\/08\/Ortie-en-poudre.jpg\"><img loading=\"lazy\" decoding=\"async\" class=\"wp-image-57939 alignleft\" src=\"https:\/\/bien-etreiris.ch\/wp-content\/uploads\/2022\/08\/Ortie-en-poudre-1024x1024.jpg\" alt=\"\" width=\"288\" height=\"288\" srcset=\"https:\/\/bien-etreiris.ch\/wp-content\/uploads\/2022\/08\/Ortie-en-poudre-1024x1024.jpg 1024w, https:\/\/bien-etreiris.ch\/wp-content\/uploads\/2022\/08\/Ortie-en-poudre-300x300.jpg 300w, https:\/\/bien-etreiris.ch\/wp-content\/uploads\/2022\/08\/Ortie-en-poudre-150x150.jpg 150w, https:\/\/bien-etreiris.ch\/wp-content\/uploads\/2022\/08\/Ortie-en-poudre-768x768.jpg 768w, https:\/\/bien-etreiris.ch\/wp-content\/uploads\/2022\/08\/Ortie-en-poudre-1536x1536.jpg 1536w, https:\/\/bien-etreiris.ch\/wp-content\/uploads\/2022\/08\/Ortie-en-poudre.jpg 1667w\" sizes=\"auto, (max-width: 288px) 100vw, 288px\" \/><\/a><\/p>\n<p>&nbsp;<\/p>\n<p>&nbsp;<\/p>\n<p>&nbsp;<\/p>\n<p>&nbsp;<\/p>\n<p>F\u00fcllmenge: 120 g <strong>CHF 6.80<\/strong><\/p>\n<p>&nbsp;<\/p>\n<p>&nbsp;<\/p>\n<p>&nbsp;<\/p>\n<h4>Brennnessel - Gem\u00fcsepulver f\u00fcr gr\u00fcne Smoothies<\/h4>\n<p>Jeder kennt die Brennnessel, sei es im Wald oder als Tee. Bist du ein Fan von gr\u00fcnen Smoothies? Unser Brennnesselpulver bringt Abwechslung in deine Smoothies: Bei uns erh\u00e4ltst du die Brennnessel in einer herrlich praktischen Pulverform f\u00fcr Smoothies, Shakes oder zum Verfeinern von z. B. Dips. Es ist nat\u00fcrlich vegan, glutenfrei und reich an Ballaststoffen und Proteinen. Das Besondere an unserem Brennnesselpulver? Seine wertvolle Rohkostqualit\u00e4t.<\/p>\n<p>&nbsp;<\/p>\n<h4>Brennnessel - Pulver aus heimischem Gem\u00fcse aus Deutschland<\/h4>\n<p>Wir beziehen unsere Brennnessel von deutschen Feldern und Landwirten und auch die Verarbeitung findet ausschliesslich in Deutschland statt! Vom Zerkleinern des frisch geernteten Gem\u00fcses bis zum Trocknen und Mahlen geschieht alles mit gr\u00f6\u00dfter Sorgfalt, fast direkt vor deiner Haust\u00fcr. Probiere das gr\u00fcne Pulver mit seiner frischen, leicht bitteren Note in unserem fr\u00fchlingshaften Brennnessel-Smoothie mit Apfel und Birne.<\/p>\n<p>Govinda-Tipp: Du kannst auch den Teig von Nudeln, Brot oder Kuchen mit Brennnesselpulver einf\u00e4rben.<\/p>\n<p>Geschmack: Erinnert an Spinat, feins\u00e4uerliche Note.<\/p>\n<p>Verwendungsvorschl\u00e4ge: f\u00fcr Shakes, Smoothies, zum Verfeinern von Gerichten.<\/p>\n<p>&nbsp;<\/p>\n<p><strong>Eigenschaften:<\/strong> ohne Zuckerzusatz\u00b0, ohne Zusatzstoffe, roh, vegan.<br><strong>N\u00e4hrwerte:<\/strong> ohne Zuckerzusatz\u00b0, reich an Proteinen.<br><strong>Verwendung:<\/strong> Backen, Fr\u00fchst\u00fcck, Kochen<br><strong>Geschmack:<\/strong> Leicht s\u00e4uerlich<\/p>\n<p>\u00b0enth\u00e4lt von Natur aus Zucker<\/p>\n<p>&nbsp;<\/p>\n<h2><a href=\"https:\/\/bien-etreiris.ch\/de\/ratgeber-klarheit-beratung\/natuerliche-heilmittel\/pflanzenheilkunde\/heilpflanzen\/brennnessel-urtica-dioica\/\" target=\"_blank\" rel=\"noopener\"><span style=\"color: #ff9900;\"><em>Du willst mehr \u00fcber die Brennnessel wissen klicke hier<\/em><\/span><\/a><\/h2>","protected":false},"excerpt":{"rendered":"<p>Brennesselpulver &nbsp; &nbsp; &nbsp; &nbsp; F\u00fcllmenge: 120 g CHF 6.80 &nbsp; &nbsp; &nbsp; Brennnessel - Gem\u00fcsepulver f\u00fcr gr\u00fcne Smoothies Jeder kennt die Brennnessel, sei es im Wald oder als Tee. Bist du ein Fan von gr\u00fcnen Smoothies? Unser Brennnesselpulver bringt Abwechslung in deine Smoothies: Bei uns erh\u00e4ltst du die Brennnessel in einer herrlich praktischen Pulverform f\u00fcr Smoothies, Shakes oder zum&nbsp;<a href=\"https:\/\/bien-etreiris.ch\/de\/produktpraesentation\/gesundes-leben\/gesunde-lebensmittel\/superfoods\/pulver\/brennesselpulver\/\" class=\"read-more\">Weiter lesen<\/a><\/p>\n","protected":false},"author":1,"featured_media":57944,"parent":46460,"menu_order":4608,"comment_status":"closed","ping_status":"closed","template":"page-with-child.php","meta":{"_acf_changed":false,"ngg_post_thumbnail":0,"footnotes":""},"class_list":["post-82034","page","type-page","status-publish","has-post-thumbnail","hentry"],"acf":[],"yoast_head":"<!-- This site is optimized with the Yoast SEO plugin v27.6 - https:\/\/yoast.com\/product\/yoast-seo-wordpress\/ -->\n<title>BRENNESSELPULVER - WOHLBEFINDEN<\/title>\n<meta name=\"robots\" content=\"index, follow, max-snippet:-1, max-image-preview:large, max-video-preview:-1\" \/>\n<link rel=\"canonical\" href=\"https:\/\/bien-etreiris.ch\/de\/produktpraesentation\/gesundes-leben\/gesunde-lebensmittel\/superfoods\/pulver\/brennesselpulver\/\" \/>\n<meta property=\"og:locale\" content=\"de_DE\" \/>\n<meta property=\"og:type\" content=\"article\" \/>\n<meta property=\"og:title\" content=\"BRENNESSELPULVER - WOHLBEFINDEN\" \/>\n<meta property=\"og:description\" content=\"Brennesselpulver &nbsp; &nbsp; &nbsp; &nbsp; F\u00fcllmenge: 120 g CHF 6.80 &nbsp; &nbsp; &nbsp; Brennnessel - Gem\u00fcsepulver f\u00fcr gr\u00fcne Smoothies Jeder kennt die Brennnessel, sei es im Wald oder als Tee. Bist du ein Fan von gr\u00fcnen Smoothies? Unser Brennnesselpulver bringt Abwechslung in deine Smoothies: Bei uns erh\u00e4ltst du die Brennnessel in einer herrlich praktischen Pulverform f\u00fcr Smoothies, Shakes oder zum&nbsp;Weiter lesen\" \/>\n<meta property=\"og:url\" content=\"https:\/\/bien-etreiris.ch\/de\/produktpraesentation\/gesundes-leben\/gesunde-lebensmittel\/superfoods\/pulver\/brennesselpulver\/\" \/>\n<meta property=\"og:site_name\" content=\"WOHLBEFINDEN\" \/>\n<meta property=\"article:publisher\" content=\"https:\/\/www.facebook.com\/bienetreiris\/\" \/>\n<meta property=\"article:modified_time\" content=\"2023-12-09T22:45:37+00:00\" \/>\n<meta property=\"og:image\" content=\"https:\/\/bien-etreiris.ch\/wp-content\/uploads\/2022\/08\/acceuil-Ortie-en-poudre.jpg\" \/>\n\t<meta property=\"og:image:width\" content=\"500\" \/>\n\t<meta property=\"og:image:height\" content=\"333\" \/>\n\t<meta property=\"og:image:type\" content=\"image\/jpeg\" \/>\n<meta name=\"twitter:label1\" content=\"Gesch\u00e4tzte Lesezeit\" \/>\n\t<meta name=\"twitter:data1\" content=\"2\u00a0Minuten\" \/>\n<script type=\"application\/ld+json\" class=\"yoast-schema-graph\">{\"@context\":\"https:\\\/\\\/schema.org\",\"@graph\":[{\"@type\":\"WebPage\",\"@id\":\"https:\\\/\\\/bien-etreiris.ch\\\/de\\\/produktpraesentation\\\/gesundes-leben\\\/gesunde-lebensmittel\\\/superfoods\\\/pulver\\\/brennesselpulver\\\/\",\"url\":\"https:\\\/\\\/bien-etreiris.ch\\\/de\\\/produktpraesentation\\\/gesundes-leben\\\/gesunde-lebensmittel\\\/superfoods\\\/pulver\\\/brennesselpulver\\\/\",\"name\":\"BRENNESSELPULVER - WOHLBEFINDEN\",\"isPartOf\":{\"@id\":\"https:\\\/\\\/bien-etreiris.ch\\\/de\\\/#website\"},\"primaryImageOfPage\":{\"@id\":\"https:\\\/\\\/bien-etreiris.ch\\\/de\\\/produktpraesentation\\\/gesundes-leben\\\/gesunde-lebensmittel\\\/superfoods\\\/pulver\\\/brennesselpulver\\\/#primaryimage\"},\"image\":{\"@id\":\"https:\\\/\\\/bien-etreiris.ch\\\/de\\\/produktpraesentation\\\/gesundes-leben\\\/gesunde-lebensmittel\\\/superfoods\\\/pulver\\\/brennesselpulver\\\/#primaryimage\"},\"thumbnailUrl\":\"https:\\\/\\\/bien-etreiris.ch\\\/wp-content\\\/uploads\\\/2022\\\/08\\\/acceuil-Ortie-en-poudre.jpg\",\"datePublished\":\"2022-08-11T05:57:44+00:00\",\"dateModified\":\"2023-12-09T22:45:37+00:00\",\"breadcrumb\":{\"@id\":\"https:\\\/\\\/bien-etreiris.ch\\\/de\\\/produktpraesentation\\\/gesundes-leben\\\/gesunde-lebensmittel\\\/superfoods\\\/pulver\\\/brennesselpulver\\\/#breadcrumb\"},\"inLanguage\":\"de\",\"potentialAction\":[{\"@type\":\"ReadAction\",\"target\":[\"https:\\\/\\\/bien-etreiris.ch\\\/de\\\/produktpraesentation\\\/gesundes-leben\\\/gesunde-lebensmittel\\\/superfoods\\\/pulver\\\/brennesselpulver\\\/\"]}]},{\"@type\":\"ImageObject\",\"inLanguage\":\"de\",\"@id\":\"https:\\\/\\\/bien-etreiris.ch\\\/de\\\/produktpraesentation\\\/gesundes-leben\\\/gesunde-lebensmittel\\\/superfoods\\\/pulver\\\/brennesselpulver\\\/#primaryimage\",\"url\":\"https:\\\/\\\/bien-etreiris.ch\\\/wp-content\\\/uploads\\\/2022\\\/08\\\/acceuil-Ortie-en-poudre.jpg\",\"contentUrl\":\"https:\\\/\\\/bien-etreiris.ch\\\/wp-content\\\/uploads\\\/2022\\\/08\\\/acceuil-Ortie-en-poudre.jpg\",\"width\":500,\"height\":333},{\"@type\":\"BreadcrumbList\",\"@id\":\"https:\\\/\\\/bien-etreiris.ch\\\/de\\\/produktpraesentation\\\/gesundes-leben\\\/gesunde-lebensmittel\\\/superfoods\\\/pulver\\\/brennesselpulver\\\/#breadcrumb\",\"itemListElement\":[{\"@type\":\"ListItem\",\"position\":1,\"name\":\"Home\",\"item\":\"https:\\\/\\\/bien-etreiris.ch\\\/de\\\/\"},{\"@type\":\"ListItem\",\"position\":2,\"name\":\"PRODUKTPR\u00c4SENTATION\",\"item\":\"https:\\\/\\\/bien-etreiris.ch\\\/de\\\/produktpraesentation\\\/\"},{\"@type\":\"ListItem\",\"position\":3,\"name\":\"GESUNDES LEBEN\",\"item\":\"https:\\\/\\\/bien-etreiris.ch\\\/de\\\/produktpraesentation\\\/gesundes-leben\\\/\"},{\"@type\":\"ListItem\",\"position\":4,\"name\":\"GESUNDE LEBENSMITTEL\",\"item\":\"https:\\\/\\\/bien-etreiris.ch\\\/de\\\/produktpraesentation\\\/gesundes-leben\\\/gesunde-lebensmittel\\\/\"},{\"@type\":\"ListItem\",\"position\":5,\"name\":\"SUPERFOODS\",\"item\":\"https:\\\/\\\/bien-etreiris.ch\\\/de\\\/produktpraesentation\\\/gesundes-leben\\\/gesunde-lebensmittel\\\/superfoods\\\/\"},{\"@type\":\"ListItem\",\"position\":6,\"name\":\"PULVER\",\"item\":\"https:\\\/\\\/bien-etreiris.ch\\\/de\\\/produktpraesentation\\\/gesundes-leben\\\/gesunde-lebensmittel\\\/superfoods\\\/pulver\\\/\"},{\"@type\":\"ListItem\",\"position\":7,\"name\":\"BRENNESSELPULVER\"}]},{\"@type\":\"WebSite\",\"@id\":\"https:\\\/\\\/bien-etreiris.ch\\\/de\\\/#website\",\"url\":\"https:\\\/\\\/bien-etreiris.ch\\\/de\\\/\",\"name\":\"Bien-\u00eatre Iris\",\"description\":\"IHRE Gesundheit ist uns wichtig\",\"potentialAction\":[{\"@type\":\"SearchAction\",\"target\":{\"@type\":\"EntryPoint\",\"urlTemplate\":\"https:\\\/\\\/bien-etreiris.ch\\\/de\\\/?s={search_term_string}\"},\"query-input\":{\"@type\":\"PropertyValueSpecification\",\"valueRequired\":true,\"valueName\":\"search_term_string\"}}],\"inLanguage\":\"de\"}]}<\/script>\n<!-- \/ Yoast SEO plugin. -->","yoast_head_json":{"title":"BRENNESSELPULVER - WOHLBEFINDEN","robots":{"index":"index","follow":"follow","max-snippet":"max-snippet:-1","max-image-preview":"max-image-preview:large","max-video-preview":"max-video-preview:-1"},"canonical":"https:\/\/bien-etreiris.ch\/de\/produktpraesentation\/gesundes-leben\/gesunde-lebensmittel\/superfoods\/pulver\/brennesselpulver\/","og_locale":"de_DE","og_type":"article","og_title":"BRENNESSELPULVER - WOHLBEFINDEN","og_description":"Brennesselpulver &nbsp; &nbsp; &nbsp; &nbsp; F\u00fcllmenge: 120 g CHF 6.80 &nbsp; &nbsp; &nbsp; Brennnessel - Gem\u00fcsepulver f\u00fcr gr\u00fcne Smoothies Jeder kennt die Brennnessel, sei es im Wald oder als Tee. Bist du ein Fan von gr\u00fcnen Smoothies? Unser Brennnesselpulver bringt Abwechslung in deine Smoothies: Bei uns erh\u00e4ltst du die Brennnessel in einer herrlich praktischen Pulverform f\u00fcr Smoothies, Shakes oder zum&nbsp;Weiter lesen","og_url":"https:\/\/bien-etreiris.ch\/de\/produktpraesentation\/gesundes-leben\/gesunde-lebensmittel\/superfoods\/pulver\/brennesselpulver\/","og_site_name":"WOHLBEFINDEN","article_publisher":"https:\/\/www.facebook.com\/bienetreiris\/","article_modified_time":"2023-12-09T22:45:37+00:00","og_image":[{"width":500,"height":333,"url":"https:\/\/bien-etreiris.ch\/wp-content\/uploads\/2022\/08\/acceuil-Ortie-en-poudre.jpg","type":"image\/jpeg"}],"twitter_misc":{"Gesch\u00e4tzte Lesezeit":"2\u00a0Minuten"},"schema":{"@context":"https:\/\/schema.org","@graph":[{"@type":"WebPage","@id":"https:\/\/bien-etreiris.ch\/de\/produktpraesentation\/gesundes-leben\/gesunde-lebensmittel\/superfoods\/pulver\/brennesselpulver\/","url":"https:\/\/bien-etreiris.ch\/de\/produktpraesentation\/gesundes-leben\/gesunde-lebensmittel\/superfoods\/pulver\/brennesselpulver\/","name":"BRENNESSELPULVER - WOHLBEFINDEN","isPartOf":{"@id":"https:\/\/bien-etreiris.ch\/de\/#website"},"primaryImageOfPage":{"@id":"https:\/\/bien-etreiris.ch\/de\/produktpraesentation\/gesundes-leben\/gesunde-lebensmittel\/superfoods\/pulver\/brennesselpulver\/#primaryimage"},"image":{"@id":"https:\/\/bien-etreiris.ch\/de\/produktpraesentation\/gesundes-leben\/gesunde-lebensmittel\/superfoods\/pulver\/brennesselpulver\/#primaryimage"},"thumbnailUrl":"https:\/\/bien-etreiris.ch\/wp-content\/uploads\/2022\/08\/acceuil-Ortie-en-poudre.jpg","datePublished":"2022-08-11T05:57:44+00:00","dateModified":"2023-12-09T22:45:37+00:00","breadcrumb":{"@id":"https:\/\/bien-etreiris.ch\/de\/produktpraesentation\/gesundes-leben\/gesunde-lebensmittel\/superfoods\/pulver\/brennesselpulver\/#breadcrumb"},"inLanguage":"de","potentialAction":[{"@type":"ReadAction","target":["https:\/\/bien-etreiris.ch\/de\/produktpraesentation\/gesundes-leben\/gesunde-lebensmittel\/superfoods\/pulver\/brennesselpulver\/"]}]},{"@type":"ImageObject","inLanguage":"de","@id":"https:\/\/bien-etreiris.ch\/de\/produktpraesentation\/gesundes-leben\/gesunde-lebensmittel\/superfoods\/pulver\/brennesselpulver\/#primaryimage","url":"https:\/\/bien-etreiris.ch\/wp-content\/uploads\/2022\/08\/acceuil-Ortie-en-poudre.jpg","contentUrl":"https:\/\/bien-etreiris.ch\/wp-content\/uploads\/2022\/08\/acceuil-Ortie-en-poudre.jpg","width":500,"height":333},{"@type":"BreadcrumbList","@id":"https:\/\/bien-etreiris.ch\/de\/produktpraesentation\/gesundes-leben\/gesunde-lebensmittel\/superfoods\/pulver\/brennesselpulver\/#breadcrumb","itemListElement":[{"@type":"ListItem","position":1,"name":"Home","item":"https:\/\/bien-etreiris.ch\/de\/"},{"@type":"ListItem","position":2,"name":"PRODUKTPR\u00c4SENTATION","item":"https:\/\/bien-etreiris.ch\/de\/produktpraesentation\/"},{"@type":"ListItem","position":3,"name":"GESUNDES LEBEN","item":"https:\/\/bien-etreiris.ch\/de\/produktpraesentation\/gesundes-leben\/"},{"@type":"ListItem","position":4,"name":"GESUNDE LEBENSMITTEL","item":"https:\/\/bien-etreiris.ch\/de\/produktpraesentation\/gesundes-leben\/gesunde-lebensmittel\/"},{"@type":"ListItem","position":5,"name":"SUPERFOODS","item":"https:\/\/bien-etreiris.ch\/de\/produktpraesentation\/gesundes-leben\/gesunde-lebensmittel\/superfoods\/"},{"@type":"ListItem","position":6,"name":"PULVER","item":"https:\/\/bien-etreiris.ch\/de\/produktpraesentation\/gesundes-leben\/gesunde-lebensmittel\/superfoods\/pulver\/"},{"@type":"ListItem","position":7,"name":"BRENNESSELPULVER"}]},{"@type":"WebSite","@id":"https:\/\/bien-etreiris.ch\/de\/#website","url":"https:\/\/bien-etreiris.ch\/de\/","name":"Bien-\u00eatre Iris","description":"IHRE Gesundheit ist uns wichtig","potentialAction":[{"@type":"SearchAction","target":{"@type":"EntryPoint","urlTemplate":"https:\/\/bien-etreiris.ch\/de\/?s={search_term_string}"},"query-input":{"@type":"PropertyValueSpecification","valueRequired":true,"valueName":"search_term_string"}}],"inLanguage":"de"}]}},"_links":{"self":[{"href":"https:\/\/bien-etreiris.ch\/de\/wp-json\/wp\/v2\/pages\/82034","targetHints":{"allow":["GET"]}}],"collection":[{"href":"https:\/\/bien-etreiris.ch\/de\/wp-json\/wp\/v2\/pages"}],"about":[{"href":"https:\/\/bien-etreiris.ch\/de\/wp-json\/wp\/v2\/types\/page"}],"author":[{"embeddable":true,"href":"https:\/\/bien-etreiris.ch\/de\/wp-json\/wp\/v2\/users\/1"}],"replies":[{"embeddable":true,"href":"https:\/\/bien-etreiris.ch\/de\/wp-json\/wp\/v2\/comments?post=82034"}],"version-history":[{"count":3,"href":"https:\/\/bien-etreiris.ch\/de\/wp-json\/wp\/v2\/pages\/82034\/revisions"}],"predecessor-version":[{"id":82041,"href":"https:\/\/bien-etreiris.ch\/de\/wp-json\/wp\/v2\/pages\/82034\/revisions\/82041"}],"up":[{"embeddable":true,"href":"https:\/\/bien-etreiris.ch\/de\/wp-json\/wp\/v2\/pages\/46460"}],"wp:featuredmedia":[{"embeddable":true,"href":"https:\/\/bien-etreiris.ch\/de\/wp-json\/wp\/v2\/media\/57944"}],"wp:attachment":[{"href":"https:\/\/bien-etreiris.ch\/de\/wp-json\/wp\/v2\/media?parent=82034"}],"curies":[{"name":"wp","href":"https:\/\/api.w.org\/{rel}","templated":true}]}}