{"id":81998,"date":"2023-12-09T20:18:12","date_gmt":"2023-12-09T18:18:12","guid":{"rendered":"https:\/\/bien-etreiris.ch\/ratgeber-klarheit-beratung\/gesunder-lebensstil\/naehrstoffe\/inhaltsstoffe-in-unseren-lebensmitteln\/zucker\/sucre-de-coco\/"},"modified":"2024-02-18T12:51:47","modified_gmt":"2024-02-18T10:51:47","slug":"sucre-de-coco","status":"publish","type":"page","link":"https:\/\/bien-etreiris.ch\/de\/ratgeber-klarheit-beratung\/gesunder-lebensstil\/naehrstoffe\/lebensmittel\/zucker-und-suessstoff\/edulcorants-alternatifs\/zucker\/sucre-de-coco\/","title":{"rendered":"SUCRE DE COCO"},"content":{"rendered":"<div class=\"relative sm:rounded-md sm:overflow-hidden\">\n<div class=\"relative bg-white rounded-t-2xl sm:rounded-none print:rounded-none p-6 space-y-4 break-word\">\n<h2>Kokosbl\u00fctenzucker - die S\u00fcsse aus der Kokosbl\u00fcte<\/h2>\n<p class=\"content\">Kokosbl\u00fctenzucker ist ein sehr wenig verarbeiteter Zucker aus dem Bl\u00fctensaft von Kokospalmbl\u00fcten. Sein Geschmack ist karamellig und erinnert nur leicht an Kokos. Seine S\u00fcsskraft ist etwas geringer als jene von normalem Zucker. Dennoch kann Kokosbl\u00fctenzucker \u00fcberall dort eingesetzt werden, wo auch Zucker zum Einsatz kommt.<\/p>\n<\/div>\n<\/div>\n<div class=\"bg-white px-6 sm:py-6 sm:rounded-md noprint\">\n<p>&nbsp;<\/p>\n<\/div>\n<div class=\"content\">\n<h4 id=\"Kokosbl\u00fctenzucker aus der Bl\u00fcte der Kokospalme\">Kokosbl\u00fctenzucker aus der Bl\u00fcte der Kokospalme<\/h4>\n<p>Kokosbl\u00fctenzucker wird aus dem Nektar der Kokospalme hergestellt. Schneidet man die Bl\u00fctenknospe der Kokospalme an, tritt dort ein Saft aus, welcher als Kokosnektar bezeichnet wird.<\/p>\n<div class=\"clear-both pt-4\">&nbsp;<\/div>\n<div class=\"\">\n<div id=\"incontent-1\" class=\"noprint\">\n<div>\n<div class=\"image-container image-container--image svelte-1jfqfwn\">&nbsp;<\/div>\n<\/div>\n<\/div>\n<\/div>\n<p>Dieser Nektar wird in einem Beh\u00e4lter aufgefangen und entweder aufgekocht oder bei niedriger Temperatur mit einem so genannten Vakuum-Dampfkocher bearbeitet, um die Kokosbl\u00fctenzuckerkristalle entstehen zu lassen. Eine Kokospalme kann so f\u00fcr \u00fcber 70 Jahre Nektar hervorbringen.<\/p>\n<p>&nbsp;<\/p>\n<h4 id=\"Kokosbl\u00fctenzucker \u2013 Nachhaltige Produktion\">Kokosbl\u00fctenzucker \u2013 Nachhaltige Produktion<\/h4>\n<p>Gerade in Bezug auf <strong><span style=\"color: #99cc00;\"><a style=\"color: #99cc00;\" href=\"https:\/\/bien-etreiris.ch\/de\/ratgeber-klarheit-beratung\/gesunder-lebensstil\/naehrstoffe\/inhaltsstoffe-in-unseren-lebensmitteln\/pflanzenoele\/huile-de-coco\/\" target=\"_blank\" rel=\"noopener\">Kokosfett<\/a><\/span><\/strong> oder <strong>andere Kokosprodukte<\/strong> entfachen immer wieder Diskussionen \u00fcber die Nachhaltigkeit der Kokosplantagen. Es gibt nur wenige Hersteller, die Kokosprodukte wirklich nachhaltig und \u00f6kologisch produzieren.<\/p>\n<p>Man sollte sich daher vor dem Kauf immer bei der entsprechenden \u00d6lm\u00fchle oder den Kokosbl\u00fctenzuckerproduzenten erkundigen, ob dies der Fall ist.<\/p>\n<p>Nachhaltig gef\u00fchrte Kokosplantagen sch\u00fctzen den Regenwald vor Abholzung, w\u00e4hrend nicht nachhaltige Kokosplantagen - \u00e4hnlich wie Palmplantagen f\u00fcr die Palmfettproduktion - auf dem Boden eines ehemaligen Regenwalds angepflanzt werden.<\/p>\n<p>Ein wichtiger Punkt in Bezug auf eine nachhaltige Produktion ist jedoch auch, dass f\u00fcr die Herstellung von Kokosbl\u00fctenzucker die Kokospalme nicht gef\u00e4llt werden muss. Man ben\u00f6tigt demnach auch weniger Fl\u00e4che, als wenn man st\u00e4ndig neue Kokospalmen anpflanzen m\u00fcsste.<\/p>\n<div id=\"incontent-2\" class=\"noprint\">\n<div class=\"svelte-r4dcbv\">&nbsp;<\/div>\n<\/div>\n<\/div>\n<div class=\"content\">\n<div class=\"\">\n<div id=\"incontent-2\" class=\"noprint\">&nbsp;<\/div>\n<\/div>\n<p>So schreibt beispielsweise Bruce Fife, ND, Direktor des <em>Coconut Research Center<\/em> und Autor des Buches \u201c<em>Coconut Cures<\/em>\u201d:<\/p>\n<blockquote><p>Ein Farmer kann als Kind eine Kokospalme pflanzen und sein ganzes Leben diesen Baum abernten. Kokosnusssaison ist praktisch das ganze Jahr \u00fcber, da der Baum permanent Fr\u00fcchte tr\u00e4gt. K\u00fcnstliche D\u00fcnger und Pestizide werden beim Anbau von Kokospalmen in der Regel nicht verwendet. Kleinbauern, die den gr\u00f6\u00dften Teil der weltweiten Kokosernte verantworten, k\u00f6nnen sich normalerweise keine kostspieligen Chemikalien leisten und bevorzugen es daher, der Natur ihren Lauf zu lassen. Als nat\u00fcrliches D\u00fcngemittel werden h\u00e4ufig verrottende Kokosnussschalen und Palmwedel verwendet. Aus diesen Gr\u00fcnden muss man klipp und klar feststellen, dass der Anbau von Kokosn\u00fcssen \u2013 und somit auch die Nektargewinnung \u2013 sehr umweltfreundlich und nachhaltig ist.<\/p><\/blockquote>\n<\/div>\n<div class=\"content\">\n<h4 id=\"Kokosbl\u00fctenzucker \u2013 Niedriger glyk\u00e4mischer Index?\">Kokosbl\u00fctenzucker \u2013 Niedriger glyk\u00e4mischer Index?<\/h4>\n<p>Der Zucker aus der Kokosbl\u00fcte ist vor allem wegen seinem sehr geringen glyk\u00e4mischen Index (GI) von 35 bekannt geworden. Der <strong>glyk\u00e4mische Wert<\/strong> eines Lebensmittels gibt an, wie stark dieses den Blutzuckerspiegel ansteigen l\u00e4sst. Allerdings wird immer wieder bezweifelt, dass der GI des Kokosbl\u00fctenzuckers tats\u00e4chlich so niedrig ist. Denn schaut man sich allein die Zusammensetzung des Kokosbl\u00fctenzuckers an, dann besteht auch er zu grossen Teilen aus Saccharose.<\/p>\n<p>Allerdings ist es oft so, dass es nicht allein auf die Zusammensetzung eines Lebensmittels ankommt, sondern auch darauf, wie das Lebensmittel hergestellt wird und welche Begleitstoffe es enth\u00e4lt. So kann z. B. ein Vollkornbrot einen \u00e4hnlichen Kohlenhydratgehalt haben wie ein Wei\u00dfbrot, wirkt sich aber anders auf den Blutzuckerspiegel, den Darm, das S\u00e4ttigungsgef\u00fchl etc. aus als ein Wei\u00dfbrot.<\/p>\n<p>Dennoch zeigte sich in einer Untersuchung, dass der Kokosbl\u00fctenzucker den Blutzuckerspiegel genauso erh\u00f6ht wie Rohrzucker oder Glucose, so dass der kursierende niedrige GI eher nicht korrekt zu sein scheint ( <a href=\"https:\/\/www.sciencedirect.com\/science\/article\/pii\/S2772566922000477\" target=\"_blank\" rel=\"noopener\" data-auto-event-observed=\"true\">2<\/a> ).<\/p>\n<p>&nbsp;<\/p>\n<h4 id=\"Verwendung und Geschmack von Kokosbl\u00fctenzucker\">Verwendung und Geschmack von Kokosbl\u00fctenzucker<\/h4>\n<p>Dieser Zucker kann 1:1 wie brauner Zucker verwendet werden. Er schmeckt ausserdem nicht nach Kokos - wie der Name vielleicht vermuten l\u00e4sst - sondern hat einen kr\u00e4ftigen, karamelligen Geschmack.<\/p>\n<\/div>\n<div class=\"mt-6 noprint p-8 rounded-lg shadow-md text-lg\" data-svelte-h=\"svelte-xl916q\">\n<p class=\"text-gray-800 mb-4\">&nbsp;<\/p>\n<\/div>\n<div class=\"mt-6 noprint\" data-svelte-h=\"svelte-dh202a\">\n<h4>Wichtiger Hinweis<\/h4>\n<p>Dieser Artikel wurde auf Grundlage (zur Zeit der Ver\u00f6ffentlichung) aktueller Studien verfasst und von MedizinerInnen gepr\u00fcft, darf aber nicht zur Selbstdiagnose oder Selbstbehandlung genutzt werden, ersetzt also nicht den Besuch bei Ihrem Arzt. Besprechen Sie daher jede Massnahme (ob aus diesem oder einem anderen unserer Artikel) immer zuerst mit Ihrem Arzt.<\/p>\n<\/div>\n<p>&nbsp;<\/p>\n<p>&nbsp;<\/p>\n<h4>Quelle :<\/h4>\n<div class=\"flex flex-col sm:flex-row justify-between text\">\n<div>\n<ol>\n<li class=\"mt-1\"><span data-svelte-h=\"svelte-1nraaet\">Zentrum der Gesundheit - Autor:<\/span> <a class=\"font-semibold mr-1 after:content-[','] last:after:hidden\" href=\"https:\/\/www.zentrum-der-gesundheit.de\/autoren\" data-auto-event-observed=\"true\">Susanne Meier - <\/a><span data-svelte-h=\"svelte-1ckahgy\">Aktualisiert:<\/span> 19 Juli 2023<\/li>\n<li class=\"mt-1\">Hewa Pathiranage Dilani Thilanka Hewa Pathirana, Kande Pramuditha Waidyarathne et al., Comparison of blood glucose responses by cane sugar (Saccharum officinarum) versus coconut jaggery (Cocos nucifera) in type 2 diabetes patients, Journal of Future Foods, Volume 2, Issue 3, September 2022, Pages 261-265<\/li>\n<\/ol>\n<\/div>\n<\/div>\n","protected":false},"excerpt":{"rendered":"<p>Kokosbl\u00fctenzucker - die S\u00fcsse aus der Kokosbl\u00fcte Kokosbl\u00fctenzucker ist ein sehr wenig verarbeiteter Zucker aus dem Bl\u00fctensaft von Kokospalmbl\u00fcten. Sein Geschmack ist karamellig und erinnert nur leicht an Kokos. Seine S\u00fcsskraft ist etwas geringer als jene von normalem Zucker. Dennoch kann Kokosbl\u00fctenzucker \u00fcberall dort eingesetzt werden, wo auch Zucker zum Einsatz kommt. &nbsp; Kokosbl\u00fctenzucker aus der Bl\u00fcte der Kokospalme Kokosbl\u00fctenzucker&nbsp;<a href=\"https:\/\/bien-etreiris.ch\/de\/ratgeber-klarheit-beratung\/gesunder-lebensstil\/naehrstoffe\/lebensmittel\/zucker-und-suessstoff\/edulcorants-alternatifs\/zucker\/sucre-de-coco\/\" class=\"read-more\">Weiter lesen<\/a><\/p>\n","protected":false},"author":1,"featured_media":83383,"parent":55501,"menu_order":2324,"comment_status":"closed","ping_status":"closed","template":"","meta":{"_acf_changed":false,"ngg_post_thumbnail":0,"footnotes":""},"class_list":["post-81998","page","type-page","status-publish","has-post-thumbnail","hentry"],"acf":[],"yoast_head":"<!-- This site is optimized with the Yoast SEO plugin v27.5 - https:\/\/yoast.com\/product\/yoast-seo-wordpress\/ -->\n<title>SUCRE DE COCO - WOHLBEFINDEN<\/title>\n<meta name=\"robots\" content=\"index, follow, max-snippet:-1, max-image-preview:large, max-video-preview:-1\" \/>\n<link rel=\"canonical\" href=\"https:\/\/bien-etreiris.ch\/de\/ratgeber-klarheit-beratung\/gesunder-lebensstil\/naehrstoffe\/inhaltsstoffe-in-unseren-lebensmitteln\/zucker\/sucre-de-coco\/\" \/>\n<meta property=\"og:locale\" content=\"de_DE\" \/>\n<meta property=\"og:type\" content=\"article\" \/>\n<meta property=\"og:title\" content=\"SUCRE DE COCO - WOHLBEFINDEN\" \/>\n<meta property=\"og:description\" content=\"Kokosbl\u00fctenzucker - die S\u00fcsse aus der Kokosbl\u00fcte Kokosbl\u00fctenzucker ist ein sehr wenig verarbeiteter Zucker aus dem Bl\u00fctensaft von Kokospalmbl\u00fcten. Sein Geschmack ist karamellig und erinnert nur leicht an Kokos. Seine S\u00fcsskraft ist etwas geringer als jene von normalem Zucker. Dennoch kann Kokosbl\u00fctenzucker \u00fcberall dort eingesetzt werden, wo auch Zucker zum Einsatz kommt. &nbsp; Kokosbl\u00fctenzucker aus der Bl\u00fcte der Kokospalme Kokosbl\u00fctenzucker&nbsp;Weiter lesen\" \/>\n<meta property=\"og:url\" content=\"https:\/\/bien-etreiris.ch\/de\/ratgeber-klarheit-beratung\/gesunder-lebensstil\/naehrstoffe\/inhaltsstoffe-in-unseren-lebensmitteln\/zucker\/sucre-de-coco\/\" \/>\n<meta property=\"og:site_name\" content=\"WOHLBEFINDEN\" \/>\n<meta property=\"article:publisher\" content=\"https:\/\/www.facebook.com\/bienetreiris\/\" \/>\n<meta property=\"article:modified_time\" content=\"2024-02-18T10:51:47+00:00\" \/>\n<meta property=\"og:image\" content=\"https:\/\/bien-etreiris.ch\/wp-content\/uploads\/2024\/02\/acceuil-sucre-de-cocos.jpg\" \/>\n\t<meta property=\"og:image:width\" content=\"500\" \/>\n\t<meta property=\"og:image:height\" content=\"333\" \/>\n\t<meta property=\"og:image:type\" content=\"image\/jpeg\" \/>\n<meta name=\"twitter:label1\" content=\"Gesch\u00e4tzte Lesezeit\" \/>\n\t<meta name=\"twitter:data1\" content=\"3\u00a0Minuten\" \/>\n<script type=\"application\/ld+json\" class=\"yoast-schema-graph\">{\"@context\":\"https:\\\/\\\/schema.org\",\"@graph\":[{\"@type\":\"WebPage\",\"@id\":\"https:\\\/\\\/bien-etreiris.ch\\\/de\\\/ratgeber-klarheit-beratung\\\/gesunder-lebensstil\\\/naehrstoffe\\\/inhaltsstoffe-in-unseren-lebensmitteln\\\/zucker\\\/sucre-de-coco\\\/\",\"url\":\"https:\\\/\\\/bien-etreiris.ch\\\/de\\\/ratgeber-klarheit-beratung\\\/gesunder-lebensstil\\\/naehrstoffe\\\/inhaltsstoffe-in-unseren-lebensmitteln\\\/zucker\\\/sucre-de-coco\\\/\",\"name\":\"SUCRE DE COCO - WOHLBEFINDEN\",\"isPartOf\":{\"@id\":\"https:\\\/\\\/bien-etreiris.ch\\\/de\\\/#website\"},\"primaryImageOfPage\":{\"@id\":\"https:\\\/\\\/bien-etreiris.ch\\\/de\\\/ratgeber-klarheit-beratung\\\/gesunder-lebensstil\\\/naehrstoffe\\\/inhaltsstoffe-in-unseren-lebensmitteln\\\/zucker\\\/sucre-de-coco\\\/#primaryimage\"},\"image\":{\"@id\":\"https:\\\/\\\/bien-etreiris.ch\\\/de\\\/ratgeber-klarheit-beratung\\\/gesunder-lebensstil\\\/naehrstoffe\\\/inhaltsstoffe-in-unseren-lebensmitteln\\\/zucker\\\/sucre-de-coco\\\/#primaryimage\"},\"thumbnailUrl\":\"https:\\\/\\\/bien-etreiris.ch\\\/wp-content\\\/uploads\\\/2024\\\/02\\\/acceuil-sucre-de-cocos.jpg\",\"datePublished\":\"2023-12-09T18:18:12+00:00\",\"dateModified\":\"2024-02-18T10:51:47+00:00\",\"breadcrumb\":{\"@id\":\"https:\\\/\\\/bien-etreiris.ch\\\/de\\\/ratgeber-klarheit-beratung\\\/gesunder-lebensstil\\\/naehrstoffe\\\/inhaltsstoffe-in-unseren-lebensmitteln\\\/zucker\\\/sucre-de-coco\\\/#breadcrumb\"},\"inLanguage\":\"de\",\"potentialAction\":[{\"@type\":\"ReadAction\",\"target\":[\"https:\\\/\\\/bien-etreiris.ch\\\/de\\\/ratgeber-klarheit-beratung\\\/gesunder-lebensstil\\\/naehrstoffe\\\/inhaltsstoffe-in-unseren-lebensmitteln\\\/zucker\\\/sucre-de-coco\\\/\"]}]},{\"@type\":\"ImageObject\",\"inLanguage\":\"de\",\"@id\":\"https:\\\/\\\/bien-etreiris.ch\\\/de\\\/ratgeber-klarheit-beratung\\\/gesunder-lebensstil\\\/naehrstoffe\\\/inhaltsstoffe-in-unseren-lebensmitteln\\\/zucker\\\/sucre-de-coco\\\/#primaryimage\",\"url\":\"https:\\\/\\\/bien-etreiris.ch\\\/wp-content\\\/uploads\\\/2024\\\/02\\\/acceuil-sucre-de-cocos.jpg\",\"contentUrl\":\"https:\\\/\\\/bien-etreiris.ch\\\/wp-content\\\/uploads\\\/2024\\\/02\\\/acceuil-sucre-de-cocos.jpg\",\"width\":500,\"height\":333},{\"@type\":\"BreadcrumbList\",\"@id\":\"https:\\\/\\\/bien-etreiris.ch\\\/de\\\/ratgeber-klarheit-beratung\\\/gesunder-lebensstil\\\/naehrstoffe\\\/inhaltsstoffe-in-unseren-lebensmitteln\\\/zucker\\\/sucre-de-coco\\\/#breadcrumb\",\"itemListElement\":[{\"@type\":\"ListItem\",\"position\":1,\"name\":\"Home\",\"item\":\"https:\\\/\\\/bien-etreiris.ch\\\/de\\\/\"},{\"@type\":\"ListItem\",\"position\":2,\"name\":\"RATGEBER &#038; KLARHEIT\",\"item\":\"https:\\\/\\\/bien-etreiris.ch\\\/de\\\/ratgeber-klarheit-beratung\\\/\"},{\"@type\":\"ListItem\",\"position\":3,\"name\":\"GESUNDER LEBENSSTIL\",\"item\":\"https:\\\/\\\/bien-etreiris.ch\\\/de\\\/ratgeber-klarheit-beratung\\\/gesunder-lebensstil\\\/\"},{\"@type\":\"ListItem\",\"position\":4,\"name\":\"N\u00c4HRSTOFFE\",\"item\":\"https:\\\/\\\/bien-etreiris.ch\\\/de\\\/ratgeber-klarheit-beratung\\\/naehrstoffe\\\/\"},{\"@type\":\"ListItem\",\"position\":5,\"name\":\"INHALTSSTOFFE\",\"item\":\"https:\\\/\\\/bien-etreiris.ch\\\/de\\\/ratgeber-klarheit-beratung\\\/gesunder-lebensstil\\\/naehrstoffe\\\/inhaltsstoffe-in-unseren-lebensmitteln\\\/\"},{\"@type\":\"ListItem\",\"position\":6,\"name\":\"ZUCKER\",\"item\":\"https:\\\/\\\/bien-etreiris.ch\\\/de\\\/ratgeber-klarheit-beratung\\\/gesunder-lebensstil\\\/naehrstoffe\\\/inhaltsstoffe-in-unseren-lebensmitteln\\\/zucker\\\/\"},{\"@type\":\"ListItem\",\"position\":7,\"name\":\"SUCRE DE COCO\"}]},{\"@type\":\"WebSite\",\"@id\":\"https:\\\/\\\/bien-etreiris.ch\\\/de\\\/#website\",\"url\":\"https:\\\/\\\/bien-etreiris.ch\\\/de\\\/\",\"name\":\"Bien-\u00eatre Iris\",\"description\":\"IHRE Gesundheit ist uns wichtig\",\"potentialAction\":[{\"@type\":\"SearchAction\",\"target\":{\"@type\":\"EntryPoint\",\"urlTemplate\":\"https:\\\/\\\/bien-etreiris.ch\\\/de\\\/?s={search_term_string}\"},\"query-input\":{\"@type\":\"PropertyValueSpecification\",\"valueRequired\":true,\"valueName\":\"search_term_string\"}}],\"inLanguage\":\"de\"}]}<\/script>\n<!-- \/ Yoast SEO plugin. -->","yoast_head_json":{"title":"SUCRE DE COCO - WOHLBEFINDEN","robots":{"index":"index","follow":"follow","max-snippet":"max-snippet:-1","max-image-preview":"max-image-preview:large","max-video-preview":"max-video-preview:-1"},"canonical":"https:\/\/bien-etreiris.ch\/de\/ratgeber-klarheit-beratung\/gesunder-lebensstil\/naehrstoffe\/inhaltsstoffe-in-unseren-lebensmitteln\/zucker\/sucre-de-coco\/","og_locale":"de_DE","og_type":"article","og_title":"SUCRE DE COCO - WOHLBEFINDEN","og_description":"Kokosbl\u00fctenzucker - die S\u00fcsse aus der Kokosbl\u00fcte Kokosbl\u00fctenzucker ist ein sehr wenig verarbeiteter Zucker aus dem Bl\u00fctensaft von Kokospalmbl\u00fcten. Sein Geschmack ist karamellig und erinnert nur leicht an Kokos. Seine S\u00fcsskraft ist etwas geringer als jene von normalem Zucker. Dennoch kann Kokosbl\u00fctenzucker \u00fcberall dort eingesetzt werden, wo auch Zucker zum Einsatz kommt. &nbsp; Kokosbl\u00fctenzucker aus der Bl\u00fcte der Kokospalme Kokosbl\u00fctenzucker&nbsp;Weiter lesen","og_url":"https:\/\/bien-etreiris.ch\/de\/ratgeber-klarheit-beratung\/gesunder-lebensstil\/naehrstoffe\/inhaltsstoffe-in-unseren-lebensmitteln\/zucker\/sucre-de-coco\/","og_site_name":"WOHLBEFINDEN","article_publisher":"https:\/\/www.facebook.com\/bienetreiris\/","article_modified_time":"2024-02-18T10:51:47+00:00","og_image":[{"width":500,"height":333,"url":"https:\/\/bien-etreiris.ch\/wp-content\/uploads\/2024\/02\/acceuil-sucre-de-cocos.jpg","type":"image\/jpeg"}],"twitter_misc":{"Gesch\u00e4tzte Lesezeit":"3\u00a0Minuten"},"schema":{"@context":"https:\/\/schema.org","@graph":[{"@type":"WebPage","@id":"https:\/\/bien-etreiris.ch\/de\/ratgeber-klarheit-beratung\/gesunder-lebensstil\/naehrstoffe\/inhaltsstoffe-in-unseren-lebensmitteln\/zucker\/sucre-de-coco\/","url":"https:\/\/bien-etreiris.ch\/de\/ratgeber-klarheit-beratung\/gesunder-lebensstil\/naehrstoffe\/inhaltsstoffe-in-unseren-lebensmitteln\/zucker\/sucre-de-coco\/","name":"SUCRE DE COCO - WOHLBEFINDEN","isPartOf":{"@id":"https:\/\/bien-etreiris.ch\/de\/#website"},"primaryImageOfPage":{"@id":"https:\/\/bien-etreiris.ch\/de\/ratgeber-klarheit-beratung\/gesunder-lebensstil\/naehrstoffe\/inhaltsstoffe-in-unseren-lebensmitteln\/zucker\/sucre-de-coco\/#primaryimage"},"image":{"@id":"https:\/\/bien-etreiris.ch\/de\/ratgeber-klarheit-beratung\/gesunder-lebensstil\/naehrstoffe\/inhaltsstoffe-in-unseren-lebensmitteln\/zucker\/sucre-de-coco\/#primaryimage"},"thumbnailUrl":"https:\/\/bien-etreiris.ch\/wp-content\/uploads\/2024\/02\/acceuil-sucre-de-cocos.jpg","datePublished":"2023-12-09T18:18:12+00:00","dateModified":"2024-02-18T10:51:47+00:00","breadcrumb":{"@id":"https:\/\/bien-etreiris.ch\/de\/ratgeber-klarheit-beratung\/gesunder-lebensstil\/naehrstoffe\/inhaltsstoffe-in-unseren-lebensmitteln\/zucker\/sucre-de-coco\/#breadcrumb"},"inLanguage":"de","potentialAction":[{"@type":"ReadAction","target":["https:\/\/bien-etreiris.ch\/de\/ratgeber-klarheit-beratung\/gesunder-lebensstil\/naehrstoffe\/inhaltsstoffe-in-unseren-lebensmitteln\/zucker\/sucre-de-coco\/"]}]},{"@type":"ImageObject","inLanguage":"de","@id":"https:\/\/bien-etreiris.ch\/de\/ratgeber-klarheit-beratung\/gesunder-lebensstil\/naehrstoffe\/inhaltsstoffe-in-unseren-lebensmitteln\/zucker\/sucre-de-coco\/#primaryimage","url":"https:\/\/bien-etreiris.ch\/wp-content\/uploads\/2024\/02\/acceuil-sucre-de-cocos.jpg","contentUrl":"https:\/\/bien-etreiris.ch\/wp-content\/uploads\/2024\/02\/acceuil-sucre-de-cocos.jpg","width":500,"height":333},{"@type":"BreadcrumbList","@id":"https:\/\/bien-etreiris.ch\/de\/ratgeber-klarheit-beratung\/gesunder-lebensstil\/naehrstoffe\/inhaltsstoffe-in-unseren-lebensmitteln\/zucker\/sucre-de-coco\/#breadcrumb","itemListElement":[{"@type":"ListItem","position":1,"name":"Home","item":"https:\/\/bien-etreiris.ch\/de\/"},{"@type":"ListItem","position":2,"name":"RATGEBER &#038; KLARHEIT","item":"https:\/\/bien-etreiris.ch\/de\/ratgeber-klarheit-beratung\/"},{"@type":"ListItem","position":3,"name":"GESUNDER LEBENSSTIL","item":"https:\/\/bien-etreiris.ch\/de\/ratgeber-klarheit-beratung\/gesunder-lebensstil\/"},{"@type":"ListItem","position":4,"name":"N\u00c4HRSTOFFE","item":"https:\/\/bien-etreiris.ch\/de\/ratgeber-klarheit-beratung\/naehrstoffe\/"},{"@type":"ListItem","position":5,"name":"INHALTSSTOFFE","item":"https:\/\/bien-etreiris.ch\/de\/ratgeber-klarheit-beratung\/gesunder-lebensstil\/naehrstoffe\/inhaltsstoffe-in-unseren-lebensmitteln\/"},{"@type":"ListItem","position":6,"name":"ZUCKER","item":"https:\/\/bien-etreiris.ch\/de\/ratgeber-klarheit-beratung\/gesunder-lebensstil\/naehrstoffe\/inhaltsstoffe-in-unseren-lebensmitteln\/zucker\/"},{"@type":"ListItem","position":7,"name":"SUCRE DE COCO"}]},{"@type":"WebSite","@id":"https:\/\/bien-etreiris.ch\/de\/#website","url":"https:\/\/bien-etreiris.ch\/de\/","name":"Bien-\u00eatre Iris","description":"IHRE Gesundheit ist uns wichtig","potentialAction":[{"@type":"SearchAction","target":{"@type":"EntryPoint","urlTemplate":"https:\/\/bien-etreiris.ch\/de\/?s={search_term_string}"},"query-input":{"@type":"PropertyValueSpecification","valueRequired":true,"valueName":"search_term_string"}}],"inLanguage":"de"}]}},"_links":{"self":[{"href":"https:\/\/bien-etreiris.ch\/de\/wp-json\/wp\/v2\/pages\/81998","targetHints":{"allow":["GET"]}}],"collection":[{"href":"https:\/\/bien-etreiris.ch\/de\/wp-json\/wp\/v2\/pages"}],"about":[{"href":"https:\/\/bien-etreiris.ch\/de\/wp-json\/wp\/v2\/types\/page"}],"author":[{"embeddable":true,"href":"https:\/\/bien-etreiris.ch\/de\/wp-json\/wp\/v2\/users\/1"}],"replies":[{"embeddable":true,"href":"https:\/\/bien-etreiris.ch\/de\/wp-json\/wp\/v2\/comments?post=81998"}],"version-history":[{"count":2,"href":"https:\/\/bien-etreiris.ch\/de\/wp-json\/wp\/v2\/pages\/81998\/revisions"}],"predecessor-version":[{"id":82004,"href":"https:\/\/bien-etreiris.ch\/de\/wp-json\/wp\/v2\/pages\/81998\/revisions\/82004"}],"up":[{"embeddable":true,"href":"https:\/\/bien-etreiris.ch\/de\/wp-json\/wp\/v2\/pages\/55501"}],"wp:featuredmedia":[{"embeddable":true,"href":"https:\/\/bien-etreiris.ch\/de\/wp-json\/wp\/v2\/media\/83383"}],"wp:attachment":[{"href":"https:\/\/bien-etreiris.ch\/de\/wp-json\/wp\/v2\/media?parent=81998"}],"curies":[{"name":"wp","href":"https:\/\/api.w.org\/{rel}","templated":true}]}}