{"id":81887,"date":"2022-08-08T00:08:40","date_gmt":"2022-08-07T22:08:40","guid":{"rendered":"https:\/\/bien-etreiris.ch\/produktpraesentation\/aromatherapie\/raeuchern\/divers-encens\/bois-ecorces-racines\/"},"modified":"2023-12-08T23:35:52","modified_gmt":"2023-12-08T21:35:52","slug":"hoelzer-wurzeln-und-rinden","status":"publish","type":"page","link":"https:\/\/bien-etreiris.ch\/de\/produktpraesentation\/aromatherapie\/raeuchern\/divers-encens\/hoelzer-wurzeln-und-rinden\/","title":{"rendered":"H\u00f6LZER-RINDEN-WURZELN"},"content":{"rendered":"\n<h2>H\u00f6lzer, Rinden &amp; Wurzeln<\/h2>\n<p>H\u00f6lzer, Wurzeln und Rinden geh\u00f6ren zu den \u00e4ltesten R\u00e4uchermitteln der Menschheit.<\/p>\n<p>Wertvolle H\u00f6lzer und Wurzeln verbreiten einen entspannenden und belebenden Duft und tragen die nat\u00fcrliche Kraft von B\u00e4umen und Str\u00e4uchern in sich.<\/p>\n<p>Aromatische H\u00f6lzer und Wurzeln wie Alantwurzel, Kalmuswurzel, Palo-Santo-Holz, Zedernholz und Sandelholz verstr\u00f6men in der Regel einen etwas s\u00fcsseren Duft als R\u00e4ucherharze.<\/p>\n<p>Duftende R\u00e4ucherh\u00f6lzer und Wurzeln lassen sich gut mit Harzen und Kr\u00e4utern in selbstgemachten R\u00e4uchermischungen kombinieren. Vor allem Sandelholz oder die Wurzel der Iris lassen sich gut mischen.<\/p>\n<p>Sandelholz ist eines der wichtigsten R\u00e4uchermittel, die es gibt. In Indien wird es zu spirituellen und heilenden Zwecken verwendet.<\/p>\n<p>Palo-Santo-Holz hat einen hohen Harzgehalt und verstr\u00f6mt einen ausgepr\u00e4gten balsamischen Duft - es wird in der Regel immer allein ger\u00e4uchert.<\/p>\n<p>Das Holz und die Wurzeln k\u00f6nnen in einem M\u00f6rser leicht zerstossen werden, um die Aromen freizusetzen, und dann mit Holzkohle verbrannt werden.<\/p>\n<p>&nbsp;<\/p>\n<p>&nbsp;<\/p>\n<h2><a href=\"https:\/\/bien-etreiris.ch\/de\/produktpraesentation\/gesundes-leben\/nahrungsergaenzungsmittel\/pflanzenheilkunde-gleichgewicht-durch-heilpflanzen\/kraeuter-und-pflanzen\/oranger\/\" target=\"_blank\" rel=\"noopener\"><strong><span style=\"color: #993300;\"><em>Oranger<\/em><\/span><\/strong><\/a><\/h2>\n<hr>\n<h2><strong><a href=\"https:\/\/bien-etreiris.ch\/presentations-des-produits\/vie-saine\/complements-alimentaires\/phytotherapie\/tisanes-thes\/herbes-et-plantes\/gingembre\/\" target=\"_blank\" rel=\"noopener\"><em><span style=\"color: #993300;\">Racine de gingembre<\/span><\/em><\/a><\/strong><\/h2>\n<hr>\n<h2><a href=\"https:\/\/bien-etreiris.ch\/de\/produktpraesentation\/gesundes-leben\/nahrungsergaenzungsmittel\/pflanzenheilkunde-gleichgewicht-durch-heilpflanzen\/kraeuter-und-pflanzen\/suessholz-lakritze-suessholzwurzel\/\" target=\"_blank\" rel=\"noopener\"><strong><em><span style=\"color: #993300;\">S\u00fcssholz<\/span><\/em><\/strong><\/a><\/h2>\n<hr>\n<p>&nbsp;<\/p>\n","protected":false},"excerpt":{"rendered":"<p>H\u00f6lzer, Rinden &amp; Wurzeln H\u00f6lzer, Wurzeln und Rinden geh\u00f6ren zu den \u00e4ltesten R\u00e4uchermitteln der Menschheit. Wertvolle H\u00f6lzer und Wurzeln verbreiten einen entspannenden und belebenden Duft und tragen die nat\u00fcrliche Kraft von B\u00e4umen und Str\u00e4uchern in sich. Aromatische H\u00f6lzer und Wurzeln wie Alantwurzel, Kalmuswurzel, Palo-Santo-Holz, Zedernholz und Sandelholz verstr\u00f6men in der Regel einen etwas s\u00fcsseren Duft als R\u00e4ucherharze. Duftende R\u00e4ucherh\u00f6lzer und&nbsp;<a href=\"https:\/\/bien-etreiris.ch\/de\/produktpraesentation\/aromatherapie\/raeuchern\/divers-encens\/hoelzer-wurzeln-und-rinden\/\" class=\"read-more\">Weiter lesen<\/a><\/p>\n","protected":false},"author":1,"featured_media":57871,"parent":59765,"menu_order":4624,"comment_status":"closed","ping_status":"closed","template":"page-with-child.php","meta":{"_acf_changed":false,"ngg_post_thumbnail":0,"footnotes":""},"class_list":["post-81887","page","type-page","status-publish","has-post-thumbnail","hentry"],"acf":[],"yoast_head":"<!-- This site is optimized with the Yoast SEO plugin v27.5 - https:\/\/yoast.com\/product\/yoast-seo-wordpress\/ -->\n<title>H\u00f6LZER-RINDEN-WURZELN - WOHLBEFINDEN<\/title>\n<meta name=\"robots\" content=\"index, follow, max-snippet:-1, max-image-preview:large, max-video-preview:-1\" \/>\n<link rel=\"canonical\" href=\"https:\/\/bien-etreiris.ch\/de\/produktpraesentation\/aromatherapie\/raeuchern\/divers-encens\/hoelzer-wurzeln-und-rinden\/\" \/>\n<meta property=\"og:locale\" content=\"de_DE\" \/>\n<meta property=\"og:type\" content=\"article\" \/>\n<meta property=\"og:title\" content=\"H\u00f6LZER-RINDEN-WURZELN - WOHLBEFINDEN\" \/>\n<meta property=\"og:description\" content=\"H\u00f6lzer, Rinden &amp; Wurzeln H\u00f6lzer, Wurzeln und Rinden geh\u00f6ren zu den \u00e4ltesten R\u00e4uchermitteln der Menschheit. Wertvolle H\u00f6lzer und Wurzeln verbreiten einen entspannenden und belebenden Duft und tragen die nat\u00fcrliche Kraft von B\u00e4umen und Str\u00e4uchern in sich. Aromatische H\u00f6lzer und Wurzeln wie Alantwurzel, Kalmuswurzel, Palo-Santo-Holz, Zedernholz und Sandelholz verstr\u00f6men in der Regel einen etwas s\u00fcsseren Duft als R\u00e4ucherharze. Duftende R\u00e4ucherh\u00f6lzer und&nbsp;Weiter lesen\" \/>\n<meta property=\"og:url\" content=\"https:\/\/bien-etreiris.ch\/de\/produktpraesentation\/aromatherapie\/raeuchern\/divers-encens\/hoelzer-wurzeln-und-rinden\/\" \/>\n<meta property=\"og:site_name\" content=\"WOHLBEFINDEN\" \/>\n<meta property=\"article:publisher\" content=\"https:\/\/www.facebook.com\/bienetreiris\/\" \/>\n<meta property=\"article:modified_time\" content=\"2023-12-08T21:35:52+00:00\" \/>\n<meta property=\"og:image\" content=\"https:\/\/bien-etreiris.ch\/wp-content\/uploads\/2022\/08\/acceuil-Bois-ecorces-racines.jpg\" \/>\n\t<meta property=\"og:image:width\" content=\"500\" \/>\n\t<meta property=\"og:image:height\" content=\"333\" \/>\n\t<meta property=\"og:image:type\" content=\"image\/jpeg\" \/>\n<meta name=\"twitter:label1\" content=\"Gesch\u00e4tzte Lesezeit\" \/>\n\t<meta name=\"twitter:data1\" content=\"1\u00a0Minute\" \/>\n<script type=\"application\/ld+json\" class=\"yoast-schema-graph\">{\"@context\":\"https:\\\/\\\/schema.org\",\"@graph\":[{\"@type\":\"WebPage\",\"@id\":\"https:\\\/\\\/bien-etreiris.ch\\\/de\\\/produktpraesentation\\\/aromatherapie\\\/raeuchern\\\/divers-encens\\\/hoelzer-wurzeln-und-rinden\\\/\",\"url\":\"https:\\\/\\\/bien-etreiris.ch\\\/de\\\/produktpraesentation\\\/aromatherapie\\\/raeuchern\\\/divers-encens\\\/hoelzer-wurzeln-und-rinden\\\/\",\"name\":\"H\u00f6LZER-RINDEN-WURZELN - WOHLBEFINDEN\",\"isPartOf\":{\"@id\":\"https:\\\/\\\/bien-etreiris.ch\\\/de\\\/#website\"},\"primaryImageOfPage\":{\"@id\":\"https:\\\/\\\/bien-etreiris.ch\\\/de\\\/produktpraesentation\\\/aromatherapie\\\/raeuchern\\\/divers-encens\\\/hoelzer-wurzeln-und-rinden\\\/#primaryimage\"},\"image\":{\"@id\":\"https:\\\/\\\/bien-etreiris.ch\\\/de\\\/produktpraesentation\\\/aromatherapie\\\/raeuchern\\\/divers-encens\\\/hoelzer-wurzeln-und-rinden\\\/#primaryimage\"},\"thumbnailUrl\":\"https:\\\/\\\/bien-etreiris.ch\\\/wp-content\\\/uploads\\\/2022\\\/08\\\/acceuil-Bois-ecorces-racines.jpg\",\"datePublished\":\"2022-08-07T22:08:40+00:00\",\"dateModified\":\"2023-12-08T21:35:52+00:00\",\"breadcrumb\":{\"@id\":\"https:\\\/\\\/bien-etreiris.ch\\\/de\\\/produktpraesentation\\\/aromatherapie\\\/raeuchern\\\/divers-encens\\\/hoelzer-wurzeln-und-rinden\\\/#breadcrumb\"},\"inLanguage\":\"de\",\"potentialAction\":[{\"@type\":\"ReadAction\",\"target\":[\"https:\\\/\\\/bien-etreiris.ch\\\/de\\\/produktpraesentation\\\/aromatherapie\\\/raeuchern\\\/divers-encens\\\/hoelzer-wurzeln-und-rinden\\\/\"]}]},{\"@type\":\"ImageObject\",\"inLanguage\":\"de\",\"@id\":\"https:\\\/\\\/bien-etreiris.ch\\\/de\\\/produktpraesentation\\\/aromatherapie\\\/raeuchern\\\/divers-encens\\\/hoelzer-wurzeln-und-rinden\\\/#primaryimage\",\"url\":\"https:\\\/\\\/bien-etreiris.ch\\\/wp-content\\\/uploads\\\/2022\\\/08\\\/acceuil-Bois-ecorces-racines.jpg\",\"contentUrl\":\"https:\\\/\\\/bien-etreiris.ch\\\/wp-content\\\/uploads\\\/2022\\\/08\\\/acceuil-Bois-ecorces-racines.jpg\",\"width\":500,\"height\":333},{\"@type\":\"BreadcrumbList\",\"@id\":\"https:\\\/\\\/bien-etreiris.ch\\\/de\\\/produktpraesentation\\\/aromatherapie\\\/raeuchern\\\/divers-encens\\\/hoelzer-wurzeln-und-rinden\\\/#breadcrumb\",\"itemListElement\":[{\"@type\":\"ListItem\",\"position\":1,\"name\":\"Home\",\"item\":\"https:\\\/\\\/bien-etreiris.ch\\\/de\\\/\"},{\"@type\":\"ListItem\",\"position\":2,\"name\":\"PRODUKTPR\u00c4SENTATION\",\"item\":\"https:\\\/\\\/bien-etreiris.ch\\\/de\\\/produktpraesentation\\\/\"},{\"@type\":\"ListItem\",\"position\":3,\"name\":\"AROMATHERAPIE\",\"item\":\"https:\\\/\\\/bien-etreiris.ch\\\/de\\\/produktpraesentation\\\/aromatherapie\\\/\"},{\"@type\":\"ListItem\",\"position\":4,\"name\":\"R\u00e4UCHERN\",\"item\":\"https:\\\/\\\/bien-etreiris.ch\\\/de\\\/produktpraesentation\\\/aromatherapie\\\/raeuchern\\\/\"},{\"@type\":\"ListItem\",\"position\":5,\"name\":\"R\u00c4UCHERSTOFFE\",\"item\":\"https:\\\/\\\/bien-etreiris.ch\\\/de\\\/produktpraesentation\\\/aromatherapie\\\/raeuchern\\\/divers-encens\\\/\"},{\"@type\":\"ListItem\",\"position\":6,\"name\":\"H\u00f6LZER-RINDEN-WURZELN\"}]},{\"@type\":\"WebSite\",\"@id\":\"https:\\\/\\\/bien-etreiris.ch\\\/de\\\/#website\",\"url\":\"https:\\\/\\\/bien-etreiris.ch\\\/de\\\/\",\"name\":\"Bien-\u00eatre Iris\",\"description\":\"IHRE Gesundheit ist uns wichtig\",\"potentialAction\":[{\"@type\":\"SearchAction\",\"target\":{\"@type\":\"EntryPoint\",\"urlTemplate\":\"https:\\\/\\\/bien-etreiris.ch\\\/de\\\/?s={search_term_string}\"},\"query-input\":{\"@type\":\"PropertyValueSpecification\",\"valueRequired\":true,\"valueName\":\"search_term_string\"}}],\"inLanguage\":\"de\"}]}<\/script>\n<!-- \/ Yoast SEO plugin. -->","yoast_head_json":{"title":"H\u00f6LZER-RINDEN-WURZELN - WOHLBEFINDEN","robots":{"index":"index","follow":"follow","max-snippet":"max-snippet:-1","max-image-preview":"max-image-preview:large","max-video-preview":"max-video-preview:-1"},"canonical":"https:\/\/bien-etreiris.ch\/de\/produktpraesentation\/aromatherapie\/raeuchern\/divers-encens\/hoelzer-wurzeln-und-rinden\/","og_locale":"de_DE","og_type":"article","og_title":"H\u00f6LZER-RINDEN-WURZELN - WOHLBEFINDEN","og_description":"H\u00f6lzer, Rinden &amp; Wurzeln H\u00f6lzer, Wurzeln und Rinden geh\u00f6ren zu den \u00e4ltesten R\u00e4uchermitteln der Menschheit. Wertvolle H\u00f6lzer und Wurzeln verbreiten einen entspannenden und belebenden Duft und tragen die nat\u00fcrliche Kraft von B\u00e4umen und Str\u00e4uchern in sich. Aromatische H\u00f6lzer und Wurzeln wie Alantwurzel, Kalmuswurzel, Palo-Santo-Holz, Zedernholz und Sandelholz verstr\u00f6men in der Regel einen etwas s\u00fcsseren Duft als R\u00e4ucherharze. Duftende R\u00e4ucherh\u00f6lzer und&nbsp;Weiter lesen","og_url":"https:\/\/bien-etreiris.ch\/de\/produktpraesentation\/aromatherapie\/raeuchern\/divers-encens\/hoelzer-wurzeln-und-rinden\/","og_site_name":"WOHLBEFINDEN","article_publisher":"https:\/\/www.facebook.com\/bienetreiris\/","article_modified_time":"2023-12-08T21:35:52+00:00","og_image":[{"width":500,"height":333,"url":"https:\/\/bien-etreiris.ch\/wp-content\/uploads\/2022\/08\/acceuil-Bois-ecorces-racines.jpg","type":"image\/jpeg"}],"twitter_misc":{"Gesch\u00e4tzte Lesezeit":"1\u00a0Minute"},"schema":{"@context":"https:\/\/schema.org","@graph":[{"@type":"WebPage","@id":"https:\/\/bien-etreiris.ch\/de\/produktpraesentation\/aromatherapie\/raeuchern\/divers-encens\/hoelzer-wurzeln-und-rinden\/","url":"https:\/\/bien-etreiris.ch\/de\/produktpraesentation\/aromatherapie\/raeuchern\/divers-encens\/hoelzer-wurzeln-und-rinden\/","name":"H\u00f6LZER-RINDEN-WURZELN - WOHLBEFINDEN","isPartOf":{"@id":"https:\/\/bien-etreiris.ch\/de\/#website"},"primaryImageOfPage":{"@id":"https:\/\/bien-etreiris.ch\/de\/produktpraesentation\/aromatherapie\/raeuchern\/divers-encens\/hoelzer-wurzeln-und-rinden\/#primaryimage"},"image":{"@id":"https:\/\/bien-etreiris.ch\/de\/produktpraesentation\/aromatherapie\/raeuchern\/divers-encens\/hoelzer-wurzeln-und-rinden\/#primaryimage"},"thumbnailUrl":"https:\/\/bien-etreiris.ch\/wp-content\/uploads\/2022\/08\/acceuil-Bois-ecorces-racines.jpg","datePublished":"2022-08-07T22:08:40+00:00","dateModified":"2023-12-08T21:35:52+00:00","breadcrumb":{"@id":"https:\/\/bien-etreiris.ch\/de\/produktpraesentation\/aromatherapie\/raeuchern\/divers-encens\/hoelzer-wurzeln-und-rinden\/#breadcrumb"},"inLanguage":"de","potentialAction":[{"@type":"ReadAction","target":["https:\/\/bien-etreiris.ch\/de\/produktpraesentation\/aromatherapie\/raeuchern\/divers-encens\/hoelzer-wurzeln-und-rinden\/"]}]},{"@type":"ImageObject","inLanguage":"de","@id":"https:\/\/bien-etreiris.ch\/de\/produktpraesentation\/aromatherapie\/raeuchern\/divers-encens\/hoelzer-wurzeln-und-rinden\/#primaryimage","url":"https:\/\/bien-etreiris.ch\/wp-content\/uploads\/2022\/08\/acceuil-Bois-ecorces-racines.jpg","contentUrl":"https:\/\/bien-etreiris.ch\/wp-content\/uploads\/2022\/08\/acceuil-Bois-ecorces-racines.jpg","width":500,"height":333},{"@type":"BreadcrumbList","@id":"https:\/\/bien-etreiris.ch\/de\/produktpraesentation\/aromatherapie\/raeuchern\/divers-encens\/hoelzer-wurzeln-und-rinden\/#breadcrumb","itemListElement":[{"@type":"ListItem","position":1,"name":"Home","item":"https:\/\/bien-etreiris.ch\/de\/"},{"@type":"ListItem","position":2,"name":"PRODUKTPR\u00c4SENTATION","item":"https:\/\/bien-etreiris.ch\/de\/produktpraesentation\/"},{"@type":"ListItem","position":3,"name":"AROMATHERAPIE","item":"https:\/\/bien-etreiris.ch\/de\/produktpraesentation\/aromatherapie\/"},{"@type":"ListItem","position":4,"name":"R\u00e4UCHERN","item":"https:\/\/bien-etreiris.ch\/de\/produktpraesentation\/aromatherapie\/raeuchern\/"},{"@type":"ListItem","position":5,"name":"R\u00c4UCHERSTOFFE","item":"https:\/\/bien-etreiris.ch\/de\/produktpraesentation\/aromatherapie\/raeuchern\/divers-encens\/"},{"@type":"ListItem","position":6,"name":"H\u00f6LZER-RINDEN-WURZELN"}]},{"@type":"WebSite","@id":"https:\/\/bien-etreiris.ch\/de\/#website","url":"https:\/\/bien-etreiris.ch\/de\/","name":"Bien-\u00eatre Iris","description":"IHRE Gesundheit ist uns wichtig","potentialAction":[{"@type":"SearchAction","target":{"@type":"EntryPoint","urlTemplate":"https:\/\/bien-etreiris.ch\/de\/?s={search_term_string}"},"query-input":{"@type":"PropertyValueSpecification","valueRequired":true,"valueName":"search_term_string"}}],"inLanguage":"de"}]}},"_links":{"self":[{"href":"https:\/\/bien-etreiris.ch\/de\/wp-json\/wp\/v2\/pages\/81887","targetHints":{"allow":["GET"]}}],"collection":[{"href":"https:\/\/bien-etreiris.ch\/de\/wp-json\/wp\/v2\/pages"}],"about":[{"href":"https:\/\/bien-etreiris.ch\/de\/wp-json\/wp\/v2\/types\/page"}],"author":[{"embeddable":true,"href":"https:\/\/bien-etreiris.ch\/de\/wp-json\/wp\/v2\/users\/1"}],"replies":[{"embeddable":true,"href":"https:\/\/bien-etreiris.ch\/de\/wp-json\/wp\/v2\/comments?post=81887"}],"version-history":[{"count":3,"href":"https:\/\/bien-etreiris.ch\/de\/wp-json\/wp\/v2\/pages\/81887\/revisions"}],"predecessor-version":[{"id":81892,"href":"https:\/\/bien-etreiris.ch\/de\/wp-json\/wp\/v2\/pages\/81887\/revisions\/81892"}],"up":[{"embeddable":true,"href":"https:\/\/bien-etreiris.ch\/de\/wp-json\/wp\/v2\/pages\/59765"}],"wp:featuredmedia":[{"embeddable":true,"href":"https:\/\/bien-etreiris.ch\/de\/wp-json\/wp\/v2\/media\/57871"}],"wp:attachment":[{"href":"https:\/\/bien-etreiris.ch\/de\/wp-json\/wp\/v2\/media?parent=81887"}],"curies":[{"name":"wp","href":"https:\/\/api.w.org\/{rel}","templated":true}]}}