{"id":81829,"date":"2022-08-08T08:14:48","date_gmt":"2022-08-08T06:14:48","guid":{"rendered":"https:\/\/bien-etreiris.ch\/produktpraesentation\/aromatherapie\/raeuchern\/divers-encens\/herbes-feuilles-fleurs\/"},"modified":"2023-12-08T16:26:46","modified_gmt":"2023-12-08T14:26:46","slug":"kraeuter-blaetter-blumen","status":"publish","type":"page","link":"https:\/\/bien-etreiris.ch\/de\/produktpraesentation\/aromatherapie\/raeuchern\/divers-encens\/kraeuter-blaetter-blumen\/","title":{"rendered":"KR\u00c4UTER-BL\u00c4TTER-BLUMEN"},"content":{"rendered":"\n<h2>Kr\u00e4uter, Bl\u00e4tter &amp; Blumen<\/h2>\n<p>Es gibt viele einheimische und exotische Kr\u00e4uter, die sich zum R\u00e4uchern eignen, mit ganz unterschiedlichen D\u00fcften und Wirkungen.<\/p>\n<p>R\u00e4ucherkr\u00e4uter enthalten \u00e4therische \u00d6le, die durch das Feuer freigesetzt werden.<\/p>\n<p>Meistens werden die Kr\u00e4uter in Mischungen mit Harzen und H\u00f6lzern verwendet, da sie alleine zu schnell verbrennen und oft einen eher akridianischen, beissenden, stechenden oder medizinischen Geruch verstr\u00f6men.<\/p>\n<p>Wenn man die aromatischen und balsamischen Eigenschaften von H\u00f6lzern und Harzen hinzuf\u00fcgt, erh\u00e4lt man eine ausgewogene Mischung.<\/p>\n<p>Man kann zum Beispiel 2-3 Harze, 1-2 H\u00f6lzer oder Wurzeln, 1 Kraut und eine Blume mischen. Der Kreativit\u00e4t sind keine Grenzen gesetzt.<\/p>\n<p>Beliebte Kr\u00e4uter sind unter anderem Eukalyptus, Patchouli und Beifuss.<\/p>\n<p>Beifuss ist eines der \u00e4ltesten Rauchkr\u00e4uter Europas und hat eine lange Geschichte. Die keltischen Druiden verwendeten Beifuss, um bei den Festen im Jahreszyklus die b\u00f6sen Geister zu vertreiben.<\/p>\n<p>Das Rauchkraut kann auch in einem Kocher \u00fcber einem Teelicht platziert werden und langsam abbrennen. Auf diese Weise entsteht kein Rauch und die subtileren und zarteren olfaktorischen Aspekte der Kr\u00e4uter werden hervorgehoben. Man kann auch Harze, H\u00f6lzer, Wurzeln und Blumen auf den Kocher geben, um die eher mild riechenden Kr\u00e4uter zu erg\u00e4nzen.<\/p>\n<h4>Wir verkaufen einige dieser Kr\u00e4uter lose und erkl\u00e4ren ihre R\u00e4ucherwirkung direkt unter diesem Kapitel, ganz unten im Artikel. Klicken Sie einfach auf den Namen.<\/h4>\n<p>&nbsp;<\/p>\n<p>&nbsp;<\/p>\n<p>&nbsp;<\/p>\n<h2><strong><span style=\"color: #993300;\">K\u00f6nigskerze<\/span><\/strong><\/h2>\n<h2><a href=\"https:\/\/bien-etreiris.ch\/presentations-des-produits\/vie-saine\/complements-alimentaires\/phytotherapie\/tisanes-thes\/herbes-et-plantes\/prele-de-champs\/\" target=\"_blank\" rel=\"noopener\"><span style=\"color: #ffff00;\"><span style=\"color: #ff0000;\"><span style=\"color: #800000;\"><span style=\"color: #993300;\"><strong>Schachtelhalm<\/strong><\/span><\/span><\/span><\/span><\/a><\/h2>\n","protected":false},"excerpt":{"rendered":"<p>Kr\u00e4uter, Bl\u00e4tter &amp; Blumen Es gibt viele einheimische und exotische Kr\u00e4uter, die sich zum R\u00e4uchern eignen, mit ganz unterschiedlichen D\u00fcften und Wirkungen. R\u00e4ucherkr\u00e4uter enthalten \u00e4therische \u00d6le, die durch das Feuer freigesetzt werden. Meistens werden die Kr\u00e4uter in Mischungen mit Harzen und H\u00f6lzern verwendet, da sie alleine zu schnell verbrennen und oft einen eher akridianischen, beissenden, stechenden oder medizinischen Geruch verstr\u00f6men.&nbsp;<a href=\"https:\/\/bien-etreiris.ch\/de\/produktpraesentation\/aromatherapie\/raeuchern\/divers-encens\/kraeuter-blaetter-blumen\/\" class=\"read-more\">Weiter lesen<\/a><\/p>\n","protected":false},"author":1,"featured_media":57876,"parent":59765,"menu_order":4621,"comment_status":"closed","ping_status":"closed","template":"page-with-child.php","meta":{"_acf_changed":false,"ngg_post_thumbnail":0,"footnotes":""},"class_list":["post-81829","page","type-page","status-publish","has-post-thumbnail","hentry"],"acf":[],"yoast_head":"<!-- This site is optimized with the Yoast SEO plugin v27.6 - https:\/\/yoast.com\/product\/yoast-seo-wordpress\/ -->\n<title>KR\u00c4UTER-BL\u00c4TTER-BLUMEN - WOHLBEFINDEN<\/title>\n<meta name=\"robots\" content=\"index, follow, max-snippet:-1, max-image-preview:large, max-video-preview:-1\" \/>\n<link rel=\"canonical\" href=\"https:\/\/bien-etreiris.ch\/de\/produktpraesentation\/aromatherapie\/raeuchern\/divers-encens\/kraeuter-blaetter-blumen\/\" \/>\n<meta property=\"og:locale\" content=\"de_DE\" \/>\n<meta property=\"og:type\" content=\"article\" \/>\n<meta property=\"og:title\" content=\"KR\u00c4UTER-BL\u00c4TTER-BLUMEN - WOHLBEFINDEN\" \/>\n<meta property=\"og:description\" content=\"Kr\u00e4uter, Bl\u00e4tter &amp; Blumen Es gibt viele einheimische und exotische Kr\u00e4uter, die sich zum R\u00e4uchern eignen, mit ganz unterschiedlichen D\u00fcften und Wirkungen. R\u00e4ucherkr\u00e4uter enthalten \u00e4therische \u00d6le, die durch das Feuer freigesetzt werden. Meistens werden die Kr\u00e4uter in Mischungen mit Harzen und H\u00f6lzern verwendet, da sie alleine zu schnell verbrennen und oft einen eher akridianischen, beissenden, stechenden oder medizinischen Geruch verstr\u00f6men.&nbsp;Weiter lesen\" \/>\n<meta property=\"og:url\" content=\"https:\/\/bien-etreiris.ch\/de\/produktpraesentation\/aromatherapie\/raeuchern\/divers-encens\/kraeuter-blaetter-blumen\/\" \/>\n<meta property=\"og:site_name\" content=\"WOHLBEFINDEN\" \/>\n<meta property=\"article:publisher\" content=\"https:\/\/www.facebook.com\/bienetreiris\/\" \/>\n<meta property=\"article:modified_time\" content=\"2023-12-08T14:26:46+00:00\" \/>\n<meta property=\"og:image\" content=\"https:\/\/bien-etreiris.ch\/wp-content\/uploads\/2022\/08\/acceuil-Herbes-feuilles-fleurs.jpg\" \/>\n\t<meta property=\"og:image:width\" content=\"500\" \/>\n\t<meta property=\"og:image:height\" content=\"333\" \/>\n\t<meta property=\"og:image:type\" content=\"image\/jpeg\" \/>\n<meta name=\"twitter:label1\" content=\"Gesch\u00e4tzte Lesezeit\" \/>\n\t<meta name=\"twitter:data1\" content=\"2\u00a0Minuten\" \/>\n<script type=\"application\/ld+json\" class=\"yoast-schema-graph\">{\"@context\":\"https:\\\/\\\/schema.org\",\"@graph\":[{\"@type\":\"WebPage\",\"@id\":\"https:\\\/\\\/bien-etreiris.ch\\\/de\\\/produktpraesentation\\\/aromatherapie\\\/raeuchern\\\/divers-encens\\\/kraeuter-blaetter-blumen\\\/\",\"url\":\"https:\\\/\\\/bien-etreiris.ch\\\/de\\\/produktpraesentation\\\/aromatherapie\\\/raeuchern\\\/divers-encens\\\/kraeuter-blaetter-blumen\\\/\",\"name\":\"KR\u00c4UTER-BL\u00c4TTER-BLUMEN - WOHLBEFINDEN\",\"isPartOf\":{\"@id\":\"https:\\\/\\\/bien-etreiris.ch\\\/de\\\/#website\"},\"primaryImageOfPage\":{\"@id\":\"https:\\\/\\\/bien-etreiris.ch\\\/de\\\/produktpraesentation\\\/aromatherapie\\\/raeuchern\\\/divers-encens\\\/kraeuter-blaetter-blumen\\\/#primaryimage\"},\"image\":{\"@id\":\"https:\\\/\\\/bien-etreiris.ch\\\/de\\\/produktpraesentation\\\/aromatherapie\\\/raeuchern\\\/divers-encens\\\/kraeuter-blaetter-blumen\\\/#primaryimage\"},\"thumbnailUrl\":\"https:\\\/\\\/bien-etreiris.ch\\\/wp-content\\\/uploads\\\/2022\\\/08\\\/acceuil-Herbes-feuilles-fleurs.jpg\",\"datePublished\":\"2022-08-08T06:14:48+00:00\",\"dateModified\":\"2023-12-08T14:26:46+00:00\",\"breadcrumb\":{\"@id\":\"https:\\\/\\\/bien-etreiris.ch\\\/de\\\/produktpraesentation\\\/aromatherapie\\\/raeuchern\\\/divers-encens\\\/kraeuter-blaetter-blumen\\\/#breadcrumb\"},\"inLanguage\":\"de\",\"potentialAction\":[{\"@type\":\"ReadAction\",\"target\":[\"https:\\\/\\\/bien-etreiris.ch\\\/de\\\/produktpraesentation\\\/aromatherapie\\\/raeuchern\\\/divers-encens\\\/kraeuter-blaetter-blumen\\\/\"]}]},{\"@type\":\"ImageObject\",\"inLanguage\":\"de\",\"@id\":\"https:\\\/\\\/bien-etreiris.ch\\\/de\\\/produktpraesentation\\\/aromatherapie\\\/raeuchern\\\/divers-encens\\\/kraeuter-blaetter-blumen\\\/#primaryimage\",\"url\":\"https:\\\/\\\/bien-etreiris.ch\\\/wp-content\\\/uploads\\\/2022\\\/08\\\/acceuil-Herbes-feuilles-fleurs.jpg\",\"contentUrl\":\"https:\\\/\\\/bien-etreiris.ch\\\/wp-content\\\/uploads\\\/2022\\\/08\\\/acceuil-Herbes-feuilles-fleurs.jpg\",\"width\":500,\"height\":333},{\"@type\":\"BreadcrumbList\",\"@id\":\"https:\\\/\\\/bien-etreiris.ch\\\/de\\\/produktpraesentation\\\/aromatherapie\\\/raeuchern\\\/divers-encens\\\/kraeuter-blaetter-blumen\\\/#breadcrumb\",\"itemListElement\":[{\"@type\":\"ListItem\",\"position\":1,\"name\":\"Home\",\"item\":\"https:\\\/\\\/bien-etreiris.ch\\\/de\\\/\"},{\"@type\":\"ListItem\",\"position\":2,\"name\":\"PRODUKTPR\u00c4SENTATION\",\"item\":\"https:\\\/\\\/bien-etreiris.ch\\\/de\\\/produktpraesentation\\\/\"},{\"@type\":\"ListItem\",\"position\":3,\"name\":\"AROMATHERAPIE\",\"item\":\"https:\\\/\\\/bien-etreiris.ch\\\/de\\\/produktpraesentation\\\/aromatherapie\\\/\"},{\"@type\":\"ListItem\",\"position\":4,\"name\":\"R\u00e4UCHERN\",\"item\":\"https:\\\/\\\/bien-etreiris.ch\\\/de\\\/produktpraesentation\\\/aromatherapie\\\/raeuchern\\\/\"},{\"@type\":\"ListItem\",\"position\":5,\"name\":\"R\u00c4UCHERSTOFFE\",\"item\":\"https:\\\/\\\/bien-etreiris.ch\\\/de\\\/produktpraesentation\\\/aromatherapie\\\/raeuchern\\\/divers-encens\\\/\"},{\"@type\":\"ListItem\",\"position\":6,\"name\":\"KR\u00c4UTER-BL\u00c4TTER-BLUMEN\"}]},{\"@type\":\"WebSite\",\"@id\":\"https:\\\/\\\/bien-etreiris.ch\\\/de\\\/#website\",\"url\":\"https:\\\/\\\/bien-etreiris.ch\\\/de\\\/\",\"name\":\"Bien-\u00eatre Iris\",\"description\":\"IHRE Gesundheit ist uns wichtig\",\"potentialAction\":[{\"@type\":\"SearchAction\",\"target\":{\"@type\":\"EntryPoint\",\"urlTemplate\":\"https:\\\/\\\/bien-etreiris.ch\\\/de\\\/?s={search_term_string}\"},\"query-input\":{\"@type\":\"PropertyValueSpecification\",\"valueRequired\":true,\"valueName\":\"search_term_string\"}}],\"inLanguage\":\"de\"}]}<\/script>\n<!-- \/ Yoast SEO plugin. -->","yoast_head_json":{"title":"KR\u00c4UTER-BL\u00c4TTER-BLUMEN - WOHLBEFINDEN","robots":{"index":"index","follow":"follow","max-snippet":"max-snippet:-1","max-image-preview":"max-image-preview:large","max-video-preview":"max-video-preview:-1"},"canonical":"https:\/\/bien-etreiris.ch\/de\/produktpraesentation\/aromatherapie\/raeuchern\/divers-encens\/kraeuter-blaetter-blumen\/","og_locale":"de_DE","og_type":"article","og_title":"KR\u00c4UTER-BL\u00c4TTER-BLUMEN - WOHLBEFINDEN","og_description":"Kr\u00e4uter, Bl\u00e4tter &amp; Blumen Es gibt viele einheimische und exotische Kr\u00e4uter, die sich zum R\u00e4uchern eignen, mit ganz unterschiedlichen D\u00fcften und Wirkungen. R\u00e4ucherkr\u00e4uter enthalten \u00e4therische \u00d6le, die durch das Feuer freigesetzt werden. Meistens werden die Kr\u00e4uter in Mischungen mit Harzen und H\u00f6lzern verwendet, da sie alleine zu schnell verbrennen und oft einen eher akridianischen, beissenden, stechenden oder medizinischen Geruch verstr\u00f6men.&nbsp;Weiter lesen","og_url":"https:\/\/bien-etreiris.ch\/de\/produktpraesentation\/aromatherapie\/raeuchern\/divers-encens\/kraeuter-blaetter-blumen\/","og_site_name":"WOHLBEFINDEN","article_publisher":"https:\/\/www.facebook.com\/bienetreiris\/","article_modified_time":"2023-12-08T14:26:46+00:00","og_image":[{"width":500,"height":333,"url":"https:\/\/bien-etreiris.ch\/wp-content\/uploads\/2022\/08\/acceuil-Herbes-feuilles-fleurs.jpg","type":"image\/jpeg"}],"twitter_misc":{"Gesch\u00e4tzte Lesezeit":"2\u00a0Minuten"},"schema":{"@context":"https:\/\/schema.org","@graph":[{"@type":"WebPage","@id":"https:\/\/bien-etreiris.ch\/de\/produktpraesentation\/aromatherapie\/raeuchern\/divers-encens\/kraeuter-blaetter-blumen\/","url":"https:\/\/bien-etreiris.ch\/de\/produktpraesentation\/aromatherapie\/raeuchern\/divers-encens\/kraeuter-blaetter-blumen\/","name":"KR\u00c4UTER-BL\u00c4TTER-BLUMEN - WOHLBEFINDEN","isPartOf":{"@id":"https:\/\/bien-etreiris.ch\/de\/#website"},"primaryImageOfPage":{"@id":"https:\/\/bien-etreiris.ch\/de\/produktpraesentation\/aromatherapie\/raeuchern\/divers-encens\/kraeuter-blaetter-blumen\/#primaryimage"},"image":{"@id":"https:\/\/bien-etreiris.ch\/de\/produktpraesentation\/aromatherapie\/raeuchern\/divers-encens\/kraeuter-blaetter-blumen\/#primaryimage"},"thumbnailUrl":"https:\/\/bien-etreiris.ch\/wp-content\/uploads\/2022\/08\/acceuil-Herbes-feuilles-fleurs.jpg","datePublished":"2022-08-08T06:14:48+00:00","dateModified":"2023-12-08T14:26:46+00:00","breadcrumb":{"@id":"https:\/\/bien-etreiris.ch\/de\/produktpraesentation\/aromatherapie\/raeuchern\/divers-encens\/kraeuter-blaetter-blumen\/#breadcrumb"},"inLanguage":"de","potentialAction":[{"@type":"ReadAction","target":["https:\/\/bien-etreiris.ch\/de\/produktpraesentation\/aromatherapie\/raeuchern\/divers-encens\/kraeuter-blaetter-blumen\/"]}]},{"@type":"ImageObject","inLanguage":"de","@id":"https:\/\/bien-etreiris.ch\/de\/produktpraesentation\/aromatherapie\/raeuchern\/divers-encens\/kraeuter-blaetter-blumen\/#primaryimage","url":"https:\/\/bien-etreiris.ch\/wp-content\/uploads\/2022\/08\/acceuil-Herbes-feuilles-fleurs.jpg","contentUrl":"https:\/\/bien-etreiris.ch\/wp-content\/uploads\/2022\/08\/acceuil-Herbes-feuilles-fleurs.jpg","width":500,"height":333},{"@type":"BreadcrumbList","@id":"https:\/\/bien-etreiris.ch\/de\/produktpraesentation\/aromatherapie\/raeuchern\/divers-encens\/kraeuter-blaetter-blumen\/#breadcrumb","itemListElement":[{"@type":"ListItem","position":1,"name":"Home","item":"https:\/\/bien-etreiris.ch\/de\/"},{"@type":"ListItem","position":2,"name":"PRODUKTPR\u00c4SENTATION","item":"https:\/\/bien-etreiris.ch\/de\/produktpraesentation\/"},{"@type":"ListItem","position":3,"name":"AROMATHERAPIE","item":"https:\/\/bien-etreiris.ch\/de\/produktpraesentation\/aromatherapie\/"},{"@type":"ListItem","position":4,"name":"R\u00e4UCHERN","item":"https:\/\/bien-etreiris.ch\/de\/produktpraesentation\/aromatherapie\/raeuchern\/"},{"@type":"ListItem","position":5,"name":"R\u00c4UCHERSTOFFE","item":"https:\/\/bien-etreiris.ch\/de\/produktpraesentation\/aromatherapie\/raeuchern\/divers-encens\/"},{"@type":"ListItem","position":6,"name":"KR\u00c4UTER-BL\u00c4TTER-BLUMEN"}]},{"@type":"WebSite","@id":"https:\/\/bien-etreiris.ch\/de\/#website","url":"https:\/\/bien-etreiris.ch\/de\/","name":"Bien-\u00eatre Iris","description":"IHRE Gesundheit ist uns wichtig","potentialAction":[{"@type":"SearchAction","target":{"@type":"EntryPoint","urlTemplate":"https:\/\/bien-etreiris.ch\/de\/?s={search_term_string}"},"query-input":{"@type":"PropertyValueSpecification","valueRequired":true,"valueName":"search_term_string"}}],"inLanguage":"de"}]}},"_links":{"self":[{"href":"https:\/\/bien-etreiris.ch\/de\/wp-json\/wp\/v2\/pages\/81829","targetHints":{"allow":["GET"]}}],"collection":[{"href":"https:\/\/bien-etreiris.ch\/de\/wp-json\/wp\/v2\/pages"}],"about":[{"href":"https:\/\/bien-etreiris.ch\/de\/wp-json\/wp\/v2\/types\/page"}],"author":[{"embeddable":true,"href":"https:\/\/bien-etreiris.ch\/de\/wp-json\/wp\/v2\/users\/1"}],"replies":[{"embeddable":true,"href":"https:\/\/bien-etreiris.ch\/de\/wp-json\/wp\/v2\/comments?post=81829"}],"version-history":[{"count":3,"href":"https:\/\/bien-etreiris.ch\/de\/wp-json\/wp\/v2\/pages\/81829\/revisions"}],"predecessor-version":[{"id":81833,"href":"https:\/\/bien-etreiris.ch\/de\/wp-json\/wp\/v2\/pages\/81829\/revisions\/81833"}],"up":[{"embeddable":true,"href":"https:\/\/bien-etreiris.ch\/de\/wp-json\/wp\/v2\/pages\/59765"}],"wp:featuredmedia":[{"embeddable":true,"href":"https:\/\/bien-etreiris.ch\/de\/wp-json\/wp\/v2\/media\/57876"}],"wp:attachment":[{"href":"https:\/\/bien-etreiris.ch\/de\/wp-json\/wp\/v2\/media?parent=81829"}],"curies":[{"name":"wp","href":"https:\/\/api.w.org\/{rel}","templated":true}]}}