{"id":81567,"date":"2023-08-13T22:28:25","date_gmt":"2023-08-13T20:28:25","guid":{"rendered":"https:\/\/bien-etreiris.ch\/produktpraesentation\/aromatherapie\/aetherische-oele\/coriandre\/"},"modified":"2023-12-04T22:32:01","modified_gmt":"2023-12-04T20:32:01","slug":"koriander","status":"publish","type":"page","link":"https:\/\/bien-etreiris.ch\/de\/produktpraesentation\/aromatherapie\/aetherische-oele\/koriander\/","title":{"rendered":"KORIANDER"},"content":{"rendered":"<h2>Koriander - Coriandrum sativum BIO<\/h2>\n<p><a href=\"https:\/\/bien-etreiris.ch\/de\/produktpraesentation\/aromatherapie\/aetherische-oele\/coriandre\/coriandre-2\/\" rel=\"attachment wp-att-73391\"><img loading=\"lazy\" decoding=\"async\" class=\"wp-image-73391 alignleft\" src=\"https:\/\/bien-etreiris.ch\/wp-content\/uploads\/2023\/08\/coriandre.jpg\" alt=\"\" width=\"215\" height=\"442\" srcset=\"https:\/\/bien-etreiris.ch\/wp-content\/uploads\/2023\/08\/coriandre.jpg 330w, https:\/\/bien-etreiris.ch\/wp-content\/uploads\/2023\/08\/coriandre-146x300.jpg 146w\" sizes=\"auto, (max-width: 215px) 100vw, 215px\" \/><\/a><\/p>\n<p>&nbsp;<\/p>\n<p>&nbsp;<\/p>\n<p>&nbsp;<\/p>\n<p>&nbsp;<\/p>\n<p>&nbsp;<\/p>\n<p>&nbsp;<\/p>\n<p>&nbsp;<\/p>\n<p>Damascena<\/p>\n<p>5 ml <strong>CHF 12.00<\/strong><\/p>\n<p>&nbsp;<\/p>\n<p>&nbsp;<\/p>\n<p>&nbsp;<\/p>\n<p>&nbsp;<\/p>\n<table style=\"width: 100%;\">\n<tbody>\n<tr>\n<td style=\"width: 30.4762%;\"><strong>Nom botanique :<\/strong><\/td>\n<td style=\"width: 68.5714%;\"><em>Coriandrum sativum<\/em> L.<\/td>\n<\/tr>\n<tr>\n<td style=\"width: 30.4762%;\"><strong>Famille botanique :<\/strong><\/td>\n<td style=\"width: 68.5714%;\">apiac\u00e9es<\/td>\n<\/tr>\n<tr>\n<td style=\"width: 30.4762%;\"><strong>M\u00e9thode d'extraction :<\/strong><\/td>\n<td style=\"width: 68.5714%;\">distillation \u00e0 la vapeur d'eau<\/td>\n<\/tr>\n<tr>\n<td style=\"width: 30.4762%;\"><strong>Partie de la plante utilis\u00e9e :<\/strong><\/td>\n<td style=\"width: 68.5714%;\">semences<\/td>\n<\/tr>\n<tr>\n<td style=\"width: 30.4762%;\"><strong>Quantit\u00e9 v\u00e9g\u00e9tale :<\/strong><\/td>\n<td style=\"width: 68.5714%;\">Il faut 100 kg de graines pour obtenir 1 kg d'huile<\/td>\n<\/tr>\n<tr>\n<td style=\"width: 30.4762%;\"><strong>Origine g\u00e9ographique :<\/strong>&nbsp;<\/td>\n<td style=\"width: 68.5714%;\">Egypte (peut varier en fonction de la saison et de la r\u00e9colte)<\/td>\n<\/tr>\n<tr>\n<td style=\"width: 30.4762%;\"><strong>Culture qualit\u00e9&nbsp;:<\/strong><\/td>\n<td style=\"width: 68.5714%;\">biologique<\/td>\n<\/tr>\n<tr>\n<td style=\"width: 30.4762%;\"><strong>Effet parfum\u00e9 :<\/strong><\/td>\n<td style=\"width: 68.5714%;\">relaxant<\/td>\n<\/tr>\n<tr>\n<td style=\"width: 30.4762%;\"><strong>Note parfum\u00e9e :<\/strong><\/td>\n<td style=\"width: 68.5714%;\">&nbsp;<\/td>\n<\/tr>\n<tr>\n<td style=\"width: 30.4762%;\"><strong>Profil de parfum :<\/strong><\/td>\n<td style=\"width: 68.5714%;\">&nbsp;<\/td>\n<\/tr>\n<tr>\n<td style=\"width: 30.4762%;\"><strong>Th\u00e8me du parfum :<\/strong><\/td>\n<td style=\"width: 68.5714%;\">&nbsp;<\/td>\n<\/tr>\n<tr>\n<td style=\"width: 30.4762%;\"><strong>energ\u00e9tique :<\/strong><\/td>\n<td style=\"width: 68.5714%;\">bleu \/ 5e chakra<\/td>\n<\/tr>\n<tr>\n<td style=\"width: 30.4762%;\"><strong>Psycho-\u00e9motionnel :<\/strong>&nbsp;<\/td>\n<td style=\"width: 68.5714%;\">&nbsp;<\/td>\n<\/tr>\n<tr>\n<td style=\"width: 30.4762%;\"><strong>Description :<\/strong>&nbsp;&nbsp;<\/p>\n<p>&nbsp;<\/p>\n<p>&nbsp;<\/p>\n<p>&nbsp;<\/p>\n<p>&nbsp;<\/p>\n<p>&nbsp;<\/td>\n<td style=\"width: 68.5714%;\" scope=\"row\">\n<ul>\n<li>L'huile chauffante de coriandre BIO est extraite des graines de la plante herbac\u00e9e. La coriandre occupe une place importante dans la m\u00e9decine et les c\u00e9r\u00e9monies \u00e0 diff\u00e9rentes \u00e9poques et dans diff\u00e9rentes cultures.<\/li>\n<li>En Europe, son ar\u00f4me \u00e9pic\u00e9 est utilis\u00e9 pour la confection de pain et de pain d'\u00e9pices. Ses propri\u00e9t\u00e9s analg\u00e9siques et antispasmodiques en font une huile douce contre les crampes abdominales et les troubles digestifs, notamment pour les enfants. Son parfum frais et citronn\u00e9 nous motive \u00e0 \"prendre les choses en main\" et \u00e0 mettre en \u0153uvre des projets que nous nourrissons depuis longtemps.<\/li>\n<\/ul>\n<\/td>\n<\/tr>\n<tr>\n<td style=\"width: 30.4762%;\"><strong>Application :<\/strong><\/td>\n<td style=\"width: 68.5714%;\">\n<ul>\n<li>La coriandre se m\u00e9lange bien avec l'orange, le bois de santal, la f\u00e8ve tonka, la mandarine et le n\u00e9roli.<\/li>\n<li>Pour un bain chauffant et relaxant lors d'une froide journ\u00e9e d'automne, m\u00e9langer la coriandre, la lavande et le g\u00e9ranium rosat avec le parfum neutre de la mousse de coco.<\/li>\n<li>Des sp\u00e9cialistes form\u00e9s vous donneront volontiers de plus amples informations sur les possibilit\u00e9s d'utilisation m\u00e9dicale et cosm\u00e9tique.<\/li>\n<\/ul>\n<\/td>\n<\/tr>\n<tr>\n<td style=\"width: 30.4762%;\"><strong>Principes actifs :<\/strong><\/td>\n<td style=\"width: 68.5714%;\">\n<ul style=\"list-style-type: disc;\">\n<li>Linalol (de 65 \u00e0 78 %)<\/li>\n<li>Alpha-pin\u00e8ne (de 5 \u00e0 10 %)<\/li>\n<li>Gamma-terpin\u00e8ne (\u2264 9,00%)<\/li>\n<li>Camphre (de 2 \u00e0 7 %)<\/li>\n<\/ul>\n<\/td>\n<\/tr>\n<\/tbody>\n<\/table>\n","protected":false},"excerpt":{"rendered":"<p>Koriander - Coriandrum sativum BIO &nbsp; &nbsp; &nbsp; &nbsp; &nbsp; &nbsp; &nbsp; Damascena 5 ml CHF 12.00 &nbsp; &nbsp; &nbsp; &nbsp; Nom botanique : Coriandrum sativum L. Famille botanique : apiac\u00e9es M\u00e9thode d'extraction : distillation \u00e0 la vapeur d'eau Partie de la plante utilis\u00e9e : semences Quantit\u00e9 v\u00e9g\u00e9tale : Il faut 100 kg de graines pour obtenir 1 kg d'huile&nbsp;<a href=\"https:\/\/bien-etreiris.ch\/de\/produktpraesentation\/aromatherapie\/aetherische-oele\/koriander\/\" class=\"read-more\">Weiter lesen<\/a><\/p>\n","protected":false},"author":1,"featured_media":73388,"parent":37429,"menu_order":3153,"comment_status":"closed","ping_status":"closed","template":"page-with-child.php","meta":{"_acf_changed":false,"ngg_post_thumbnail":0,"footnotes":""},"class_list":["post-81567","page","type-page","status-publish","has-post-thumbnail","hentry"],"acf":[],"yoast_head":"<!-- This site is optimized with the Yoast SEO plugin v27.6 - https:\/\/yoast.com\/product\/yoast-seo-wordpress\/ -->\n<title>KORIANDER - WOHLBEFINDEN<\/title>\n<meta name=\"robots\" content=\"index, follow, max-snippet:-1, max-image-preview:large, max-video-preview:-1\" \/>\n<link rel=\"canonical\" href=\"https:\/\/bien-etreiris.ch\/de\/produktpraesentation\/aromatherapie\/aetherische-oele\/koriander\/\" \/>\n<meta property=\"og:locale\" content=\"de_DE\" \/>\n<meta property=\"og:type\" content=\"article\" \/>\n<meta property=\"og:title\" content=\"KORIANDER - WOHLBEFINDEN\" \/>\n<meta property=\"og:description\" content=\"Koriander - Coriandrum sativum BIO &nbsp; &nbsp; &nbsp; &nbsp; &nbsp; &nbsp; &nbsp; Damascena 5 ml CHF 12.00 &nbsp; &nbsp; &nbsp; &nbsp; Nom botanique : Coriandrum sativum L. Famille botanique : apiac\u00e9es M\u00e9thode d&#039;extraction : distillation \u00e0 la vapeur d&#039;eau Partie de la plante utilis\u00e9e : semences Quantit\u00e9 v\u00e9g\u00e9tale : Il faut 100 kg de graines pour obtenir 1 kg d&#039;huile&nbsp;Weiter lesen\" \/>\n<meta property=\"og:url\" content=\"https:\/\/bien-etreiris.ch\/de\/produktpraesentation\/aromatherapie\/aetherische-oele\/koriander\/\" \/>\n<meta property=\"og:site_name\" content=\"WOHLBEFINDEN\" \/>\n<meta property=\"article:publisher\" content=\"https:\/\/www.facebook.com\/bienetreiris\/\" \/>\n<meta property=\"article:modified_time\" content=\"2023-12-04T20:32:01+00:00\" \/>\n<meta property=\"og:image\" content=\"https:\/\/bien-etreiris.ch\/wp-content\/uploads\/2023\/08\/acceuil-coriandre.png\" \/>\n\t<meta property=\"og:image:width\" content=\"500\" \/>\n\t<meta property=\"og:image:height\" content=\"333\" \/>\n\t<meta property=\"og:image:type\" content=\"image\/png\" \/>\n<meta name=\"twitter:label1\" content=\"Gesch\u00e4tzte Lesezeit\" \/>\n\t<meta name=\"twitter:data1\" content=\"2\u00a0Minuten\" \/>\n<script type=\"application\/ld+json\" class=\"yoast-schema-graph\">{\"@context\":\"https:\\\/\\\/schema.org\",\"@graph\":[{\"@type\":\"WebPage\",\"@id\":\"https:\\\/\\\/bien-etreiris.ch\\\/de\\\/produktpraesentation\\\/aromatherapie\\\/aetherische-oele\\\/koriander\\\/\",\"url\":\"https:\\\/\\\/bien-etreiris.ch\\\/de\\\/produktpraesentation\\\/aromatherapie\\\/aetherische-oele\\\/koriander\\\/\",\"name\":\"KORIANDER - WOHLBEFINDEN\",\"isPartOf\":{\"@id\":\"https:\\\/\\\/bien-etreiris.ch\\\/de\\\/#website\"},\"primaryImageOfPage\":{\"@id\":\"https:\\\/\\\/bien-etreiris.ch\\\/de\\\/produktpraesentation\\\/aromatherapie\\\/aetherische-oele\\\/koriander\\\/#primaryimage\"},\"image\":{\"@id\":\"https:\\\/\\\/bien-etreiris.ch\\\/de\\\/produktpraesentation\\\/aromatherapie\\\/aetherische-oele\\\/koriander\\\/#primaryimage\"},\"thumbnailUrl\":\"https:\\\/\\\/bien-etreiris.ch\\\/wp-content\\\/uploads\\\/2023\\\/08\\\/acceuil-coriandre.png\",\"datePublished\":\"2023-08-13T20:28:25+00:00\",\"dateModified\":\"2023-12-04T20:32:01+00:00\",\"breadcrumb\":{\"@id\":\"https:\\\/\\\/bien-etreiris.ch\\\/de\\\/produktpraesentation\\\/aromatherapie\\\/aetherische-oele\\\/koriander\\\/#breadcrumb\"},\"inLanguage\":\"de\",\"potentialAction\":[{\"@type\":\"ReadAction\",\"target\":[\"https:\\\/\\\/bien-etreiris.ch\\\/de\\\/produktpraesentation\\\/aromatherapie\\\/aetherische-oele\\\/koriander\\\/\"]}]},{\"@type\":\"ImageObject\",\"inLanguage\":\"de\",\"@id\":\"https:\\\/\\\/bien-etreiris.ch\\\/de\\\/produktpraesentation\\\/aromatherapie\\\/aetherische-oele\\\/koriander\\\/#primaryimage\",\"url\":\"https:\\\/\\\/bien-etreiris.ch\\\/wp-content\\\/uploads\\\/2023\\\/08\\\/acceuil-coriandre.png\",\"contentUrl\":\"https:\\\/\\\/bien-etreiris.ch\\\/wp-content\\\/uploads\\\/2023\\\/08\\\/acceuil-coriandre.png\",\"width\":500,\"height\":333},{\"@type\":\"BreadcrumbList\",\"@id\":\"https:\\\/\\\/bien-etreiris.ch\\\/de\\\/produktpraesentation\\\/aromatherapie\\\/aetherische-oele\\\/koriander\\\/#breadcrumb\",\"itemListElement\":[{\"@type\":\"ListItem\",\"position\":1,\"name\":\"Home\",\"item\":\"https:\\\/\\\/bien-etreiris.ch\\\/de\\\/\"},{\"@type\":\"ListItem\",\"position\":2,\"name\":\"PRODUKTPR\u00c4SENTATION\",\"item\":\"https:\\\/\\\/bien-etreiris.ch\\\/de\\\/produktpraesentation\\\/\"},{\"@type\":\"ListItem\",\"position\":3,\"name\":\"AROMATHERAPIE\",\"item\":\"https:\\\/\\\/bien-etreiris.ch\\\/de\\\/produktpraesentation\\\/aromatherapie\\\/\"},{\"@type\":\"ListItem\",\"position\":4,\"name\":\"\u00c4THERISCHE \u00d6LE\",\"item\":\"https:\\\/\\\/bien-etreiris.ch\\\/de\\\/produktpraesentation\\\/aromatherapie\\\/aetherische-oele\\\/\"},{\"@type\":\"ListItem\",\"position\":5,\"name\":\"KORIANDER\"}]},{\"@type\":\"WebSite\",\"@id\":\"https:\\\/\\\/bien-etreiris.ch\\\/de\\\/#website\",\"url\":\"https:\\\/\\\/bien-etreiris.ch\\\/de\\\/\",\"name\":\"Bien-\u00eatre Iris\",\"description\":\"IHRE Gesundheit ist uns wichtig\",\"potentialAction\":[{\"@type\":\"SearchAction\",\"target\":{\"@type\":\"EntryPoint\",\"urlTemplate\":\"https:\\\/\\\/bien-etreiris.ch\\\/de\\\/?s={search_term_string}\"},\"query-input\":{\"@type\":\"PropertyValueSpecification\",\"valueRequired\":true,\"valueName\":\"search_term_string\"}}],\"inLanguage\":\"de\"}]}<\/script>\n<!-- \/ Yoast SEO plugin. -->","yoast_head_json":{"title":"KORIANDER - WOHLBEFINDEN","robots":{"index":"index","follow":"follow","max-snippet":"max-snippet:-1","max-image-preview":"max-image-preview:large","max-video-preview":"max-video-preview:-1"},"canonical":"https:\/\/bien-etreiris.ch\/de\/produktpraesentation\/aromatherapie\/aetherische-oele\/koriander\/","og_locale":"de_DE","og_type":"article","og_title":"KORIANDER - WOHLBEFINDEN","og_description":"Koriander - Coriandrum sativum BIO &nbsp; &nbsp; &nbsp; &nbsp; &nbsp; &nbsp; &nbsp; Damascena 5 ml CHF 12.00 &nbsp; &nbsp; &nbsp; &nbsp; Nom botanique : Coriandrum sativum L. Famille botanique : apiac\u00e9es M\u00e9thode d'extraction : distillation \u00e0 la vapeur d'eau Partie de la plante utilis\u00e9e : semences Quantit\u00e9 v\u00e9g\u00e9tale : Il faut 100 kg de graines pour obtenir 1 kg d'huile&nbsp;Weiter lesen","og_url":"https:\/\/bien-etreiris.ch\/de\/produktpraesentation\/aromatherapie\/aetherische-oele\/koriander\/","og_site_name":"WOHLBEFINDEN","article_publisher":"https:\/\/www.facebook.com\/bienetreiris\/","article_modified_time":"2023-12-04T20:32:01+00:00","og_image":[{"width":500,"height":333,"url":"https:\/\/bien-etreiris.ch\/wp-content\/uploads\/2023\/08\/acceuil-coriandre.png","type":"image\/png"}],"twitter_misc":{"Gesch\u00e4tzte Lesezeit":"2\u00a0Minuten"},"schema":{"@context":"https:\/\/schema.org","@graph":[{"@type":"WebPage","@id":"https:\/\/bien-etreiris.ch\/de\/produktpraesentation\/aromatherapie\/aetherische-oele\/koriander\/","url":"https:\/\/bien-etreiris.ch\/de\/produktpraesentation\/aromatherapie\/aetherische-oele\/koriander\/","name":"KORIANDER - WOHLBEFINDEN","isPartOf":{"@id":"https:\/\/bien-etreiris.ch\/de\/#website"},"primaryImageOfPage":{"@id":"https:\/\/bien-etreiris.ch\/de\/produktpraesentation\/aromatherapie\/aetherische-oele\/koriander\/#primaryimage"},"image":{"@id":"https:\/\/bien-etreiris.ch\/de\/produktpraesentation\/aromatherapie\/aetherische-oele\/koriander\/#primaryimage"},"thumbnailUrl":"https:\/\/bien-etreiris.ch\/wp-content\/uploads\/2023\/08\/acceuil-coriandre.png","datePublished":"2023-08-13T20:28:25+00:00","dateModified":"2023-12-04T20:32:01+00:00","breadcrumb":{"@id":"https:\/\/bien-etreiris.ch\/de\/produktpraesentation\/aromatherapie\/aetherische-oele\/koriander\/#breadcrumb"},"inLanguage":"de","potentialAction":[{"@type":"ReadAction","target":["https:\/\/bien-etreiris.ch\/de\/produktpraesentation\/aromatherapie\/aetherische-oele\/koriander\/"]}]},{"@type":"ImageObject","inLanguage":"de","@id":"https:\/\/bien-etreiris.ch\/de\/produktpraesentation\/aromatherapie\/aetherische-oele\/koriander\/#primaryimage","url":"https:\/\/bien-etreiris.ch\/wp-content\/uploads\/2023\/08\/acceuil-coriandre.png","contentUrl":"https:\/\/bien-etreiris.ch\/wp-content\/uploads\/2023\/08\/acceuil-coriandre.png","width":500,"height":333},{"@type":"BreadcrumbList","@id":"https:\/\/bien-etreiris.ch\/de\/produktpraesentation\/aromatherapie\/aetherische-oele\/koriander\/#breadcrumb","itemListElement":[{"@type":"ListItem","position":1,"name":"Home","item":"https:\/\/bien-etreiris.ch\/de\/"},{"@type":"ListItem","position":2,"name":"PRODUKTPR\u00c4SENTATION","item":"https:\/\/bien-etreiris.ch\/de\/produktpraesentation\/"},{"@type":"ListItem","position":3,"name":"AROMATHERAPIE","item":"https:\/\/bien-etreiris.ch\/de\/produktpraesentation\/aromatherapie\/"},{"@type":"ListItem","position":4,"name":"\u00c4THERISCHE \u00d6LE","item":"https:\/\/bien-etreiris.ch\/de\/produktpraesentation\/aromatherapie\/aetherische-oele\/"},{"@type":"ListItem","position":5,"name":"KORIANDER"}]},{"@type":"WebSite","@id":"https:\/\/bien-etreiris.ch\/de\/#website","url":"https:\/\/bien-etreiris.ch\/de\/","name":"Bien-\u00eatre Iris","description":"IHRE Gesundheit ist uns wichtig","potentialAction":[{"@type":"SearchAction","target":{"@type":"EntryPoint","urlTemplate":"https:\/\/bien-etreiris.ch\/de\/?s={search_term_string}"},"query-input":{"@type":"PropertyValueSpecification","valueRequired":true,"valueName":"search_term_string"}}],"inLanguage":"de"}]}},"_links":{"self":[{"href":"https:\/\/bien-etreiris.ch\/de\/wp-json\/wp\/v2\/pages\/81567","targetHints":{"allow":["GET"]}}],"collection":[{"href":"https:\/\/bien-etreiris.ch\/de\/wp-json\/wp\/v2\/pages"}],"about":[{"href":"https:\/\/bien-etreiris.ch\/de\/wp-json\/wp\/v2\/types\/page"}],"author":[{"embeddable":true,"href":"https:\/\/bien-etreiris.ch\/de\/wp-json\/wp\/v2\/users\/1"}],"replies":[{"embeddable":true,"href":"https:\/\/bien-etreiris.ch\/de\/wp-json\/wp\/v2\/comments?post=81567"}],"version-history":[{"count":3,"href":"https:\/\/bien-etreiris.ch\/de\/wp-json\/wp\/v2\/pages\/81567\/revisions"}],"predecessor-version":[{"id":81572,"href":"https:\/\/bien-etreiris.ch\/de\/wp-json\/wp\/v2\/pages\/81567\/revisions\/81572"}],"up":[{"embeddable":true,"href":"https:\/\/bien-etreiris.ch\/de\/wp-json\/wp\/v2\/pages\/37429"}],"wp:featuredmedia":[{"embeddable":true,"href":"https:\/\/bien-etreiris.ch\/de\/wp-json\/wp\/v2\/media\/73388"}],"wp:attachment":[{"href":"https:\/\/bien-etreiris.ch\/de\/wp-json\/wp\/v2\/media?parent=81567"}],"curies":[{"name":"wp","href":"https:\/\/api.w.org\/{rel}","templated":true}]}}