{"id":81561,"date":"2023-12-04T00:38:08","date_gmt":"2023-12-03T22:38:08","guid":{"rendered":"https:\/\/bien-etreiris.ch\/produktpraesentation\/aromatherapie\/aetherische-oele\/girofle\/"},"modified":"2024-03-26T08:03:36","modified_gmt":"2024-03-26T06:03:36","slug":"nelken","status":"publish","type":"page","link":"https:\/\/bien-etreiris.ch\/de\/produktpraesentation\/aromatherapie\/aetherische-oele\/nelken\/","title":{"rendered":"NELKEN"},"content":{"rendered":"<h2>Nelkenknospe<\/h2>\n<p><a href=\"https:\/\/bien-etreiris.ch\/de\/produktpraesentation\/aromatherapie\/aetherische-oele\/girofle\/girofle-2-2\/\" rel=\"attachment wp-att-81464\"><img loading=\"lazy\" decoding=\"async\" class=\"wp-image-81464 alignleft\" src=\"https:\/\/bien-etreiris.ch\/wp-content\/uploads\/2023\/12\/girofle.jpg\" alt=\"\" width=\"209\" height=\"400\" srcset=\"https:\/\/bien-etreiris.ch\/wp-content\/uploads\/2023\/12\/girofle.jpg 363w, https:\/\/bien-etreiris.ch\/wp-content\/uploads\/2023\/12\/girofle-156x300.jpg 156w\" sizes=\"auto, (max-width: 209px) 100vw, 209px\" \/><\/a><\/p>\n<p>&nbsp;<\/p>\n<p>&nbsp;<\/p>\n<p>&nbsp;<\/p>\n<p>&nbsp;<\/p>\n<p><span style=\"color: #ffff00;\">DAMASCENA<\/span><\/p>\n<p>girofle -clous<\/p>\n<p>Eugenia caryophyllata<\/p>\n<p>Fla\u00e7on de 5ml <strong>CHF 7.00<\/strong><\/p>\n<p>&nbsp;<\/p>\n<p>&nbsp;<\/p>\n<p>&nbsp;<\/p>\n<div class=\"span12\" data-motopress-wrapper-file=\"page-fullwidth.php\" data-motopress-wrapper-type=\"content\">\n<div id=\"content\" class=\"row\">\n<div class=\"span12\" data-motopress-type=\"loop\" data-motopress-loop-file=\"loop\/loop-page.php\">\n<div id=\"post-69069\" class=\"page post-69069 type-page status-publish has-post-thumbnail hentry\">\n<table>\n<tbody>\n<tr>\n<td><strong>Nom botanique :<\/strong><\/td>\n<td>Eugenia caryophyllata<\/td>\n<\/tr>\n<tr>\n<td><strong>Famille botanique :<\/strong><\/td>\n<td>myrtac\u00e9es<\/td>\n<\/tr>\n<tr>\n<td><strong>M\u00e9thode d'extraction :<\/strong><\/td>\n<td>distillation \u00e0 la vapeur d'eau<\/td>\n<\/tr>\n<tr>\n<td><strong>Partie de la plante utilis\u00e9e :<\/strong><\/td>\n<td>clous<\/td>\n<\/tr>\n<tr>\n<td><strong>Quantit\u00e9 v\u00e9g\u00e9tale :<\/strong><\/td>\n<td>Pour obtenir 1 kg d'huile, il faut environ 6 kg de bourgeons de fleurs s\u00e9ch\u00e9s.<\/td>\n<\/tr>\n<tr>\n<td><strong>Origine g\u00e9ographique :<\/strong>&nbsp;<\/td>\n<td>Madagascar<\/td>\n<\/tr>\n<tr>\n<td><strong>Culture qualit\u00e9&nbsp;:<\/strong><\/td>\n<td>bio (cp), non test\u00e9 sur les animaux, v\u00e9g\u00e9talien<\/td>\n<\/tr>\n<tr>\n<td><strong>Effet parfum\u00e9 :<\/strong><\/td>\n<td>stimulant<\/td>\n<\/tr>\n<tr>\n<td><strong>Note parfum\u00e9e :<\/strong><\/td>\n<td>Note de t\u00eate<\/td>\n<\/tr>\n<tr>\n<td><strong>Profil de parfum :<\/strong><\/td>\n<td>chaud-\u00e9pic\u00e9, piquant<\/td>\n<\/tr>\n<tr>\n<td><strong>Th\u00e8me du parfum :<\/strong><\/td>\n<td>r\u00e9chauffe, stimule<\/td>\n<\/tr>\n<tr>\n<td><strong>\u00c9nerg\u00e9tique :<\/strong><\/td>\n<td>rouge \/ 1er chakra<\/td>\n<\/tr>\n<tr>\n<td><strong>Psycho-\u00e9motionnel :<\/strong>&nbsp;<\/td>\n<td>huile du courage<\/td>\n<\/tr>\n<tr>\n<td><strong>Description :<\/strong><\/td>\n<td>\n<ul>\n<li>L'ar\u00f4me exotique du clou de girofle a fait son entr\u00e9e dans les cuisines europ\u00e9ennes au d\u00e9but du Moyen \u00c2ge.<\/li>\n<li>Mais le clou de girofle ne s'utilise pas seulement pour les plats sal\u00e9s ou la p\u00e2tisserie sucr\u00e9e, il est depuis toujours appr\u00e9ci\u00e9 pour ses vertus m\u00e9dicinales.<\/li>\n<li>En raison de ses propri\u00e9t\u00e9s anti-inflammatoires, antibact\u00e9riennes, antivirales et analg\u00e9siques, il \u00e9tait autrefois utilis\u00e9 comme rem\u00e8de maison contre les maux de dents.<\/li>\n<li>Le parfum r\u00e9chauffant du clou de girofle d\u00e9tend et r\u00e9veille le feu int\u00e9rieur. Les esprits vitaux sont r\u00e9veill\u00e9s et nous pouvons emprunter de nouveaux chemins.<\/li>\n<\/ul>\n<\/td>\n<\/tr>\n<tr>\n<td><strong>Application :<\/strong><\/td>\n<td>\n<ul>\n<li>Le clou de girofle se m\u00e9lange bien avec l'orange, le gingembre, la cardamome, la rose, le benjoin, la coriandre et le c\u00e8dre.<\/li>\n<li>&nbsp;Pour une atmosph\u00e8re chaleureuse et relaxante, ajouter de la mandarine, de la bergamote et de la cannelle dans le diffuseur d'ar\u00f4mes.<\/li>\n<\/ul>\n<\/td>\n<\/tr>\n<tr>\n<td><strong>Principes actifs :<\/strong><\/td>\n<td>\n<ul>\n<li>Eug\u00e9nol (de 72&nbsp;\u00e0 88 %)<\/li>\n<li>Eug\u00e9nyl ac\u00e9tate (de 4&nbsp;\u00e0 22 %)<\/li>\n<li>Beta-caryophyll\u00e8ne (de 2&nbsp;\u00e0 14 %)&nbsp;<\/li>\n<\/ul>\n<\/td>\n<\/tr>\n<tr>\n<td><strong><span style=\"color: #ff0000;\">Pr\u00e9cautions !<\/span><br \/>\n<\/strong><\/td>\n<td>\n<ul>\n<li><strong>Dermocaustique<\/strong><\/li>\n<li><strong>Ne pas utiliser pour la femme&nbsp;enceinte\u200b\u200b\u200b\u200b\u200b<\/strong><\/li>\n<\/ul>\n<\/td>\n<\/tr>\n<tr>\n<td><strong>Allerg\u00e8ne<span style=\"color: #ff0000;\"><br \/>\n<\/span><\/strong><\/td>\n<td><strong>&nbsp;Eug\u00e9nol, isoeug\u00e9nol<\/strong><\/td>\n<\/tr>\n<tr>\n<td colspan=\"2\">&nbsp;&nbsp;&nbsp;&nbsp;&nbsp;&nbsp;&nbsp;&nbsp;<\/p>\n<p>&nbsp;<\/p>\n<p><strong>Des sp\u00e9cialistes form\u00e9s se feront un plaisir de vous donner de plus amples informations sur les possibilit\u00e9s d'utilisation m\u00e9dicale et cosm\u00e9tique.<\/strong><\/td>\n<\/tr>\n<\/tbody>\n<\/table>\n<p>&nbsp;<\/p>\n<p>&nbsp;<\/p>\n<h2><em><span style=\"color: #99cc00;\"><a href=\"https:\/\/bien-etreiris.ch\/de\/ratgeber-klarheit-beratung\/natuerliche-heilmittel\/pflanzenheilkunde\/aetherische-oele\/anwendungsleitfaden-fuer-aetherische-oele\/gewuerznelkenoel\/\" target=\"_blank\" rel=\"noopener\"><span style=\"color: #99cc00;\">M\u00f6chten Sie mehr erfahren \u00fcber Nelken\u00f6l dann klicken Sie hier<\/span><\/a><\/span><\/em><\/h2>\n<p>&nbsp;<\/p>\n<div class=\"clear\">&nbsp;<\/div>\n<\/div>\n<div class=\"row\">&nbsp;<\/div>\n<\/div>\n<\/div>\n<\/div>\n","protected":false},"excerpt":{"rendered":"<p>Nelkenknospe &nbsp; &nbsp; &nbsp; &nbsp; DAMASCENA girofle -clous Eugenia caryophyllata Fla\u00e7on de 5ml CHF 7.00 &nbsp; &nbsp; &nbsp; Nom botanique : Eugenia caryophyllata Famille botanique : myrtac\u00e9es M\u00e9thode d'extraction : distillation \u00e0 la vapeur d'eau Partie de la plante utilis\u00e9e : clous Quantit\u00e9 v\u00e9g\u00e9tale : Pour obtenir 1 kg d'huile, il faut environ 6 kg de bourgeons de fleurs s\u00e9ch\u00e9s.&nbsp;<a href=\"https:\/\/bien-etreiris.ch\/de\/produktpraesentation\/aromatherapie\/aetherische-oele\/nelken\/\" class=\"read-more\">Weiter lesen<\/a><\/p>\n","protected":false},"author":1,"featured_media":81469,"parent":37429,"menu_order":2371,"comment_status":"closed","ping_status":"closed","template":"page-with-child.php","meta":{"_acf_changed":false,"ngg_post_thumbnail":0,"footnotes":""},"class_list":["post-81561","page","type-page","status-publish","has-post-thumbnail","hentry"],"acf":[],"yoast_head":"<!-- This site is optimized with the Yoast SEO plugin v27.6 - https:\/\/yoast.com\/product\/yoast-seo-wordpress\/ -->\n<title>NELKEN - WOHLBEFINDEN<\/title>\n<meta name=\"robots\" content=\"index, follow, max-snippet:-1, max-image-preview:large, max-video-preview:-1\" \/>\n<link rel=\"canonical\" href=\"https:\/\/bien-etreiris.ch\/de\/produktpraesentation\/aromatherapie\/aetherische-oele\/nelken\/\" \/>\n<meta property=\"og:locale\" content=\"de_DE\" \/>\n<meta property=\"og:type\" content=\"article\" \/>\n<meta property=\"og:title\" content=\"NELKEN - WOHLBEFINDEN\" \/>\n<meta property=\"og:description\" content=\"Nelkenknospe &nbsp; &nbsp; &nbsp; &nbsp; DAMASCENA girofle -clous Eugenia caryophyllata Fla\u00e7on de 5ml CHF 7.00 &nbsp; &nbsp; &nbsp; Nom botanique : Eugenia caryophyllata Famille botanique : myrtac\u00e9es M\u00e9thode d&#039;extraction : distillation \u00e0 la vapeur d&#039;eau Partie de la plante utilis\u00e9e : clous Quantit\u00e9 v\u00e9g\u00e9tale : Pour obtenir 1 kg d&#039;huile, il faut environ 6 kg de bourgeons de fleurs s\u00e9ch\u00e9s.&nbsp;Weiter lesen\" \/>\n<meta property=\"og:url\" content=\"https:\/\/bien-etreiris.ch\/de\/produktpraesentation\/aromatherapie\/aetherische-oele\/nelken\/\" \/>\n<meta property=\"og:site_name\" content=\"WOHLBEFINDEN\" \/>\n<meta property=\"article:publisher\" content=\"https:\/\/www.facebook.com\/bienetreiris\/\" \/>\n<meta property=\"article:modified_time\" content=\"2024-03-26T06:03:36+00:00\" \/>\n<meta property=\"og:image\" content=\"https:\/\/bien-etreiris.ch\/wp-content\/uploads\/2023\/12\/acceuil-girofle.png\" \/>\n\t<meta property=\"og:image:width\" content=\"500\" \/>\n\t<meta property=\"og:image:height\" content=\"305\" \/>\n\t<meta property=\"og:image:type\" content=\"image\/png\" \/>\n<meta name=\"twitter:label1\" content=\"Gesch\u00e4tzte Lesezeit\" \/>\n\t<meta name=\"twitter:data1\" content=\"3\u00a0Minuten\" \/>\n<script type=\"application\/ld+json\" class=\"yoast-schema-graph\">{\"@context\":\"https:\\\/\\\/schema.org\",\"@graph\":[{\"@type\":\"WebPage\",\"@id\":\"https:\\\/\\\/bien-etreiris.ch\\\/de\\\/produktpraesentation\\\/aromatherapie\\\/aetherische-oele\\\/nelken\\\/\",\"url\":\"https:\\\/\\\/bien-etreiris.ch\\\/de\\\/produktpraesentation\\\/aromatherapie\\\/aetherische-oele\\\/nelken\\\/\",\"name\":\"NELKEN - WOHLBEFINDEN\",\"isPartOf\":{\"@id\":\"https:\\\/\\\/bien-etreiris.ch\\\/de\\\/#website\"},\"primaryImageOfPage\":{\"@id\":\"https:\\\/\\\/bien-etreiris.ch\\\/de\\\/produktpraesentation\\\/aromatherapie\\\/aetherische-oele\\\/nelken\\\/#primaryimage\"},\"image\":{\"@id\":\"https:\\\/\\\/bien-etreiris.ch\\\/de\\\/produktpraesentation\\\/aromatherapie\\\/aetherische-oele\\\/nelken\\\/#primaryimage\"},\"thumbnailUrl\":\"https:\\\/\\\/bien-etreiris.ch\\\/wp-content\\\/uploads\\\/2023\\\/12\\\/acceuil-girofle.png\",\"datePublished\":\"2023-12-03T22:38:08+00:00\",\"dateModified\":\"2024-03-26T06:03:36+00:00\",\"breadcrumb\":{\"@id\":\"https:\\\/\\\/bien-etreiris.ch\\\/de\\\/produktpraesentation\\\/aromatherapie\\\/aetherische-oele\\\/nelken\\\/#breadcrumb\"},\"inLanguage\":\"de\",\"potentialAction\":[{\"@type\":\"ReadAction\",\"target\":[\"https:\\\/\\\/bien-etreiris.ch\\\/de\\\/produktpraesentation\\\/aromatherapie\\\/aetherische-oele\\\/nelken\\\/\"]}]},{\"@type\":\"ImageObject\",\"inLanguage\":\"de\",\"@id\":\"https:\\\/\\\/bien-etreiris.ch\\\/de\\\/produktpraesentation\\\/aromatherapie\\\/aetherische-oele\\\/nelken\\\/#primaryimage\",\"url\":\"https:\\\/\\\/bien-etreiris.ch\\\/wp-content\\\/uploads\\\/2023\\\/12\\\/acceuil-girofle.png\",\"contentUrl\":\"https:\\\/\\\/bien-etreiris.ch\\\/wp-content\\\/uploads\\\/2023\\\/12\\\/acceuil-girofle.png\",\"width\":500,\"height\":305},{\"@type\":\"BreadcrumbList\",\"@id\":\"https:\\\/\\\/bien-etreiris.ch\\\/de\\\/produktpraesentation\\\/aromatherapie\\\/aetherische-oele\\\/nelken\\\/#breadcrumb\",\"itemListElement\":[{\"@type\":\"ListItem\",\"position\":1,\"name\":\"Home\",\"item\":\"https:\\\/\\\/bien-etreiris.ch\\\/de\\\/\"},{\"@type\":\"ListItem\",\"position\":2,\"name\":\"PRODUKTPR\u00c4SENTATION\",\"item\":\"https:\\\/\\\/bien-etreiris.ch\\\/de\\\/produktpraesentation\\\/\"},{\"@type\":\"ListItem\",\"position\":3,\"name\":\"AROMATHERAPIE\",\"item\":\"https:\\\/\\\/bien-etreiris.ch\\\/de\\\/produktpraesentation\\\/aromatherapie\\\/\"},{\"@type\":\"ListItem\",\"position\":4,\"name\":\"\u00c4THERISCHE \u00d6LE\",\"item\":\"https:\\\/\\\/bien-etreiris.ch\\\/de\\\/produktpraesentation\\\/aromatherapie\\\/aetherische-oele\\\/\"},{\"@type\":\"ListItem\",\"position\":5,\"name\":\"NELKEN\"}]},{\"@type\":\"WebSite\",\"@id\":\"https:\\\/\\\/bien-etreiris.ch\\\/de\\\/#website\",\"url\":\"https:\\\/\\\/bien-etreiris.ch\\\/de\\\/\",\"name\":\"Bien-\u00eatre Iris\",\"description\":\"IHRE Gesundheit ist uns wichtig\",\"potentialAction\":[{\"@type\":\"SearchAction\",\"target\":{\"@type\":\"EntryPoint\",\"urlTemplate\":\"https:\\\/\\\/bien-etreiris.ch\\\/de\\\/?s={search_term_string}\"},\"query-input\":{\"@type\":\"PropertyValueSpecification\",\"valueRequired\":true,\"valueName\":\"search_term_string\"}}],\"inLanguage\":\"de\"}]}<\/script>\n<!-- \/ Yoast SEO plugin. -->","yoast_head_json":{"title":"NELKEN - WOHLBEFINDEN","robots":{"index":"index","follow":"follow","max-snippet":"max-snippet:-1","max-image-preview":"max-image-preview:large","max-video-preview":"max-video-preview:-1"},"canonical":"https:\/\/bien-etreiris.ch\/de\/produktpraesentation\/aromatherapie\/aetherische-oele\/nelken\/","og_locale":"de_DE","og_type":"article","og_title":"NELKEN - WOHLBEFINDEN","og_description":"Nelkenknospe &nbsp; &nbsp; &nbsp; &nbsp; DAMASCENA girofle -clous Eugenia caryophyllata Fla\u00e7on de 5ml CHF 7.00 &nbsp; &nbsp; &nbsp; Nom botanique : Eugenia caryophyllata Famille botanique : myrtac\u00e9es M\u00e9thode d'extraction : distillation \u00e0 la vapeur d'eau Partie de la plante utilis\u00e9e : clous Quantit\u00e9 v\u00e9g\u00e9tale : Pour obtenir 1 kg d'huile, il faut environ 6 kg de bourgeons de fleurs s\u00e9ch\u00e9s.&nbsp;Weiter lesen","og_url":"https:\/\/bien-etreiris.ch\/de\/produktpraesentation\/aromatherapie\/aetherische-oele\/nelken\/","og_site_name":"WOHLBEFINDEN","article_publisher":"https:\/\/www.facebook.com\/bienetreiris\/","article_modified_time":"2024-03-26T06:03:36+00:00","og_image":[{"width":500,"height":305,"url":"https:\/\/bien-etreiris.ch\/wp-content\/uploads\/2023\/12\/acceuil-girofle.png","type":"image\/png"}],"twitter_misc":{"Gesch\u00e4tzte Lesezeit":"3\u00a0Minuten"},"schema":{"@context":"https:\/\/schema.org","@graph":[{"@type":"WebPage","@id":"https:\/\/bien-etreiris.ch\/de\/produktpraesentation\/aromatherapie\/aetherische-oele\/nelken\/","url":"https:\/\/bien-etreiris.ch\/de\/produktpraesentation\/aromatherapie\/aetherische-oele\/nelken\/","name":"NELKEN - WOHLBEFINDEN","isPartOf":{"@id":"https:\/\/bien-etreiris.ch\/de\/#website"},"primaryImageOfPage":{"@id":"https:\/\/bien-etreiris.ch\/de\/produktpraesentation\/aromatherapie\/aetherische-oele\/nelken\/#primaryimage"},"image":{"@id":"https:\/\/bien-etreiris.ch\/de\/produktpraesentation\/aromatherapie\/aetherische-oele\/nelken\/#primaryimage"},"thumbnailUrl":"https:\/\/bien-etreiris.ch\/wp-content\/uploads\/2023\/12\/acceuil-girofle.png","datePublished":"2023-12-03T22:38:08+00:00","dateModified":"2024-03-26T06:03:36+00:00","breadcrumb":{"@id":"https:\/\/bien-etreiris.ch\/de\/produktpraesentation\/aromatherapie\/aetherische-oele\/nelken\/#breadcrumb"},"inLanguage":"de","potentialAction":[{"@type":"ReadAction","target":["https:\/\/bien-etreiris.ch\/de\/produktpraesentation\/aromatherapie\/aetherische-oele\/nelken\/"]}]},{"@type":"ImageObject","inLanguage":"de","@id":"https:\/\/bien-etreiris.ch\/de\/produktpraesentation\/aromatherapie\/aetherische-oele\/nelken\/#primaryimage","url":"https:\/\/bien-etreiris.ch\/wp-content\/uploads\/2023\/12\/acceuil-girofle.png","contentUrl":"https:\/\/bien-etreiris.ch\/wp-content\/uploads\/2023\/12\/acceuil-girofle.png","width":500,"height":305},{"@type":"BreadcrumbList","@id":"https:\/\/bien-etreiris.ch\/de\/produktpraesentation\/aromatherapie\/aetherische-oele\/nelken\/#breadcrumb","itemListElement":[{"@type":"ListItem","position":1,"name":"Home","item":"https:\/\/bien-etreiris.ch\/de\/"},{"@type":"ListItem","position":2,"name":"PRODUKTPR\u00c4SENTATION","item":"https:\/\/bien-etreiris.ch\/de\/produktpraesentation\/"},{"@type":"ListItem","position":3,"name":"AROMATHERAPIE","item":"https:\/\/bien-etreiris.ch\/de\/produktpraesentation\/aromatherapie\/"},{"@type":"ListItem","position":4,"name":"\u00c4THERISCHE \u00d6LE","item":"https:\/\/bien-etreiris.ch\/de\/produktpraesentation\/aromatherapie\/aetherische-oele\/"},{"@type":"ListItem","position":5,"name":"NELKEN"}]},{"@type":"WebSite","@id":"https:\/\/bien-etreiris.ch\/de\/#website","url":"https:\/\/bien-etreiris.ch\/de\/","name":"Bien-\u00eatre Iris","description":"IHRE Gesundheit ist uns wichtig","potentialAction":[{"@type":"SearchAction","target":{"@type":"EntryPoint","urlTemplate":"https:\/\/bien-etreiris.ch\/de\/?s={search_term_string}"},"query-input":{"@type":"PropertyValueSpecification","valueRequired":true,"valueName":"search_term_string"}}],"inLanguage":"de"}]}},"_links":{"self":[{"href":"https:\/\/bien-etreiris.ch\/de\/wp-json\/wp\/v2\/pages\/81561","targetHints":{"allow":["GET"]}}],"collection":[{"href":"https:\/\/bien-etreiris.ch\/de\/wp-json\/wp\/v2\/pages"}],"about":[{"href":"https:\/\/bien-etreiris.ch\/de\/wp-json\/wp\/v2\/types\/page"}],"author":[{"embeddable":true,"href":"https:\/\/bien-etreiris.ch\/de\/wp-json\/wp\/v2\/users\/1"}],"replies":[{"embeddable":true,"href":"https:\/\/bien-etreiris.ch\/de\/wp-json\/wp\/v2\/comments?post=81561"}],"version-history":[{"count":5,"href":"https:\/\/bien-etreiris.ch\/de\/wp-json\/wp\/v2\/pages\/81561\/revisions"}],"predecessor-version":[{"id":84308,"href":"https:\/\/bien-etreiris.ch\/de\/wp-json\/wp\/v2\/pages\/81561\/revisions\/84308"}],"up":[{"embeddable":true,"href":"https:\/\/bien-etreiris.ch\/de\/wp-json\/wp\/v2\/pages\/37429"}],"wp:featuredmedia":[{"embeddable":true,"href":"https:\/\/bien-etreiris.ch\/de\/wp-json\/wp\/v2\/media\/81469"}],"wp:attachment":[{"href":"https:\/\/bien-etreiris.ch\/de\/wp-json\/wp\/v2\/media?parent=81561"}],"curies":[{"name":"wp","href":"https:\/\/api.w.org\/{rel}","templated":true}]}}