{"id":81321,"date":"2023-12-03T03:06:23","date_gmt":"2023-12-03T01:06:23","guid":{"rendered":"https:\/\/bien-etreiris.ch\/produktpraesentation\/gesundes-leben\/nahrungsergaenzungsmittel\/pflanzenheilkunde-gleichgewicht-durch-heilpflanzen\/kraeuter-und-pflanzen\/oranger\/"},"modified":"2023-12-08T23:21:44","modified_gmt":"2023-12-08T21:21:44","slug":"oranger","status":"publish","type":"page","link":"https:\/\/bien-etreiris.ch\/de\/produktpraesentation\/gesundes-leben\/nahrungsergaenzungsmittel\/pflanzenheilkunde-gleichgewicht-durch-heilpflanzen\/kraeuter-und-pflanzen\/oranger\/","title":{"rendered":"ORANGER"},"content":{"rendered":"<h2>Oranger - Citrus aurantium<\/h2>\n<h4><a href=\"https:\/\/bien-etreiris.ch\/de\/produktpraesentation\/gesundes-leben\/nahrungsergaenzungsmittel\/pflanzenheilkunde-gleichgewicht-durch-heilpflanzen\/kraeuter-und-pflanzen\/oranger\/ecorces-dorange-ameres-2\/\" rel=\"attachment wp-att-81299\"><img loading=\"lazy\" decoding=\"async\" class=\"size-full wp-image-81299 alignleft\" src=\"https:\/\/bien-etreiris.ch\/wp-content\/uploads\/2023\/12\/ecorces-dorange-ameres.png\" alt=\"\" width=\"500\" height=\"500\" srcset=\"https:\/\/bien-etreiris.ch\/wp-content\/uploads\/2023\/12\/ecorces-dorange-ameres.png 500w, https:\/\/bien-etreiris.ch\/wp-content\/uploads\/2023\/12\/ecorces-dorange-ameres-300x300.png 300w, https:\/\/bien-etreiris.ch\/wp-content\/uploads\/2023\/12\/ecorces-dorange-ameres-150x150.png 150w\" sizes=\"auto, (max-width: 500px) 100vw, 500px\" \/><\/a><\/h4>\n<h4>&nbsp;<\/h4>\n<h4>&nbsp;<\/h4>\n<h4>&nbsp;<\/h4>\n<h4>&nbsp;<\/h4>\n<h4>&nbsp;<\/h4>\n<h4>&nbsp;<\/h4>\n<p>&nbsp;<\/p>\n<h4>&nbsp;<\/h4>\n<h4><a href=\"https:\/\/bien-etreiris.ch\/de\/unsere-marken\/dixa\/\" target=\"_blank\" rel=\"noopener\"><span style=\"color: #ffff00;\">DIXA<\/span><\/a><\/h4>\n<p>Bittere Orangenschalen Bigaradier<\/p>\n<p>Auranti amari Fructus Pericarpium conc<\/p>\n<p>lose zu 5 g <strong>CHF 0.20<\/strong><\/p>\n<p>&nbsp;<\/p>\n<p>&nbsp;<\/p>\n<p>&nbsp;<\/p>\n<h4>Zutaten<\/h4>\n<p>20 g getrocknete Kortex pro Liter Wasser.<\/p>\n<h4>Zubereitung<\/h4>\n<p>Ihre Bitterorangenrinde 5 Minuten lang kochen und anschliessend 10 Minuten ziehen lassen.<\/p>\n<h4>Verzehr<\/h4>\n<p>Nehmen Sie t\u00e4glich 2 bis maximal 3 Tassen zwischen den Mahlzeiten zu sich. \/Wenn Sie diesen Rhythmus einhalten, werden sich Ihre unangenehmen Verdauungsgef\u00fchle und Magenprobleme mit der Zeit beruhigen und Sie k\u00f6nnen von den stomachischen Eigenschaften der Pflanze profitieren.<\/p>\n<p>&nbsp;<\/p>\n<p>&nbsp;<\/p>\n<p>&nbsp;<\/p>\n<hr>\n<p>&nbsp;<\/p>\n<p>&nbsp;<\/p>\n<p><span style=\"color: #ffff00;\"><a style=\"color: #ffff00;\" href=\"https:\/\/bien-etreiris.ch\/de\/produktpraesentation\/gesundes-leben\/nahrungsergaenzungsmittel\/pflanzenheilkunde-gleichgewicht-durch-heilpflanzen\/kraeuter-und-pflanzen\/oranger\/ecorces-dorange-douce-2\/\" rel=\"attachment wp-att-81305\"><img loading=\"lazy\" decoding=\"async\" class=\"size-full wp-image-81305 alignleft\" src=\"https:\/\/bien-etreiris.ch\/wp-content\/uploads\/2023\/12\/ecorces-dorange-douce.png\" alt=\"\" width=\"500\" height=\"500\" srcset=\"https:\/\/bien-etreiris.ch\/wp-content\/uploads\/2023\/12\/ecorces-dorange-douce.png 500w, https:\/\/bien-etreiris.ch\/wp-content\/uploads\/2023\/12\/ecorces-dorange-douce-300x300.png 300w, https:\/\/bien-etreiris.ch\/wp-content\/uploads\/2023\/12\/ecorces-dorange-douce-150x150.png 150w\" sizes=\"auto, (max-width: 500px) 100vw, 500px\" \/><\/a><\/span><\/p>\n<p>&nbsp;<\/p>\n<p>&nbsp;<\/p>\n<p>&nbsp;<\/p>\n<p>&nbsp;<\/p>\n<p>&nbsp;<\/p>\n<p>&nbsp;<\/p>\n<p>&nbsp;<\/p>\n<h4><a href=\"_wp_link_placeholder\" data-wplink-edit=\"true\"><span style=\"color: #ffff00;\">DIXA<\/span><\/a><\/h4>\n<p>Schale der s\u00fcssen Orange BIO<\/p>\n<p>Aurantii dulcis BIOFructus Pericarpium conc<\/p>\n<p>lose zu 5 g CHF 0.15<\/p>\n<p>&nbsp;<\/p>\n<p>&nbsp;<\/p>\n<p>&nbsp;<\/p>\n<p>&nbsp;<\/p>\n<p>Die Schalen der S\u00fcssorange eignen sich hervorragend f\u00fcr die Zubereitung eines guten Abendtees oder als Zugabe zu Gew\u00fcrz- und Fr\u00fcchtetees. Sie k\u00f6nnen auch zum Aromatisieren von Speisen verwendet werden (z. B. indem man sie in einem Gew\u00fcrzbeutel kocht).<\/p>\n<p>Teezubereitung: 1-2 Teel\u00f6ffel\/Tasse mit kochendem Wasser \u00fcbergiessen und 8-10 Minuten ziehen lassen.<\/p>\n<p>&nbsp;<\/p>\n<p>&nbsp;<\/p>\n<hr>\n<p>&nbsp;<\/p>\n<p><a href=\"https:\/\/bien-etreiris.ch\/de\/produktpraesentation\/gesundes-leben\/nahrungsergaenzungsmittel\/pflanzenheilkunde-gleichgewicht-durch-heilpflanzen\/kraeuter-und-pflanzen\/oranger\/feuille-doranger-2\/\" rel=\"attachment wp-att-81311\"><img loading=\"lazy\" decoding=\"async\" class=\"size-full wp-image-81311 alignleft\" src=\"https:\/\/bien-etreiris.ch\/wp-content\/uploads\/2023\/12\/feuille-doranger.png\" alt=\"\" width=\"500\" height=\"500\" srcset=\"https:\/\/bien-etreiris.ch\/wp-content\/uploads\/2023\/12\/feuille-doranger.png 500w, https:\/\/bien-etreiris.ch\/wp-content\/uploads\/2023\/12\/feuille-doranger-300x300.png 300w, https:\/\/bien-etreiris.ch\/wp-content\/uploads\/2023\/12\/feuille-doranger-150x150.png 150w\" sizes=\"auto, (max-width: 500px) 100vw, 500px\" \/><\/a><\/p>\n<p>&nbsp;<\/p>\n<p>&nbsp;<\/p>\n<p>&nbsp;<\/p>\n<p>&nbsp;<\/p>\n<p>&nbsp;<\/p>\n<p>&nbsp;<\/p>\n<p>&nbsp;<\/p>\n<h4><a href=\"https:\/\/bien-etreiris.ch\/de\/unsere-marken\/dixa\/\" target=\"_blank\" rel=\"noopener\"><span style=\"color: #ffff00;\">DIXA<\/span><\/a><\/h4>\n<p>Geschnittene Bl\u00e4tter von Orangenb\u00e4umen<\/p>\n<p>Aurantii amari BIO Folia conc<\/p>\n<p>lose zu 5 g CHF 0.40<\/p>\n<p>&nbsp;<\/p>\n<p>&nbsp;<\/p>\n<p>&nbsp;<\/p>\n<p>Man kann auch einen Tee aus den Bl\u00e4ttern des Bitterorangenbaums zubereiten, um von seinen Vorteilen zu profitieren.<\/p>\n<p>Dazu z\u00e4hlen Sie 10 g getrocknete Bl\u00e4tter auf 50 cl kochendes Wasser und lassen den Tee 10 Minuten ziehen. Trinken Sie 2 bis 3 Tassen pro Tag au\u00dferhalb der Mahlzeiten.<\/p>\n<p>&nbsp;<\/p>\n<h4><span style=\"color: #ff0000;\">Gegenanzeigen im Zusammenhang mit dem Bitterorangenbaum<\/span><\/h4>\n<p>Nehmen Sie den Bitterorangenbaum mit Vorsicht zu sich. Denn obwohl die Pflanze bei der Linderung zahlreicher Beschwerden wirksam ist, enth\u00e4lt sie aufgrund ihrer schwerwiegenden Nebenwirkungen auf das Herz-Kreislauf-System Synephrin.<\/p>\n<p>Bitterorange ist f\u00fcr Diabetiker und Menschen mit Depressionen kontraindiziert. Wenn Sie unter folgenden Krankheiten leiden:<\/p>\n<p>Migr\u00e4ne, Bluthochdruck, koronare Herzkrankheit oder Herzprobleme, Prostataprobleme, hormonelles Ungleichgewicht.<\/p>\n<p>Diese Kontraindikation gilt auch f\u00fcr Kinder, schwangere oder stillende Frauen sollten ebenfalls auf medizinische Pr\u00e4parate aus Bitterorangen verzichten.<\/p>\n<p>&nbsp;<\/p>\n<p>&nbsp;<\/p>\n<p>&nbsp;<\/p>\n<hr>\n<p>&nbsp;<\/p>\n<p><a href=\"https:\/\/bien-etreiris.ch\/de\/produktpraesentation\/gesundes-leben\/nahrungsergaenzungsmittel\/pflanzenheilkunde-gleichgewicht-durch-heilpflanzen\/kraeuter-und-pflanzen\/oranger\/fleurs-dorange-2\/\" rel=\"attachment wp-att-81314\"><img loading=\"lazy\" decoding=\"async\" class=\"size-full wp-image-81314 alignleft\" src=\"https:\/\/bien-etreiris.ch\/wp-content\/uploads\/2023\/12\/fleurs-dorange.png\" alt=\"\" width=\"500\" height=\"500\" srcset=\"https:\/\/bien-etreiris.ch\/wp-content\/uploads\/2023\/12\/fleurs-dorange.png 500w, https:\/\/bien-etreiris.ch\/wp-content\/uploads\/2023\/12\/fleurs-dorange-300x300.png 300w, https:\/\/bien-etreiris.ch\/wp-content\/uploads\/2023\/12\/fleurs-dorange-150x150.png 150w\" sizes=\"auto, (max-width: 500px) 100vw, 500px\" \/><\/a><\/p>\n\n\n<p>&nbsp;<\/p>\n<p>&nbsp;<\/p>\n<h4>&nbsp;<\/h4>\n<p>&nbsp;<\/p>\n<p>&nbsp;<\/p>\n<p>&nbsp;<\/p>\n<p>&nbsp;<\/p>\n<h4><a href=\"https:\/\/bien-etreiris.ch\/de\/unsere-marken\/dixa\/\" target=\"_blank\" rel=\"noopener\"><span style=\"color: #ffff00;\">DIXA<\/span><\/a><\/h4>\n\n\n\n<p>Orangenbl\u00fcten ganze<\/p>\n<p>Aurantii PhEur Flos tot elect<\/p>\n<p>lose zu 5 g CHF 0.85<\/p>\n<p>&nbsp;<\/p>\n<p>&nbsp;<\/p>\n<p>&nbsp;<\/p>\n<p>&nbsp;<\/p>\n<p>&nbsp;<\/p>\n<p>Schon der bet\u00f6rende Duft reicht aus, um inneren Frieden zu stiften. Handgepfl\u00fcckte Bl\u00fcten f\u00fcr Kr\u00e4utertees, Badezus\u00e4tze usw.<\/p>\n<h4>Orangenbl\u00fcten eignen sich hervorragend f\u00fcr einen entspannenden Abendtee<\/h4>\n<p>Teezubereitung: 1 Teel\u00f6ffel\/Tasse mit kochendem Wasser \u00fcbergiessen und 8-10 Minuten ziehen lassen.<\/p>\n<p>&nbsp;<\/p>\n<p>&nbsp;<\/p>\n<hr>\n<h2><span style=\"color: #800000;\">Orangen in der R\u00e4ucherung<\/span><\/h2>\n<p>Beim R\u00e4uchern verstr\u00f6men Orangen einen eher unauff\u00e4lligen, s\u00fcssen und herben Duft. Man kann sie allein r\u00e4uchern oder mit anderen R\u00e4ucherstoffen, insbesondere Harzen, kombinieren.<\/p>\n<p>Die Wirkungen, die dem R\u00e4uchern mit Orangen zugeschrieben werden, \u00e4ussern sich in einem Energieschub und einer Stimmungsaufhellung. Es wird auch von euphorischen Zust\u00e4nden berichtet. Angstzust\u00e4nde w\u00fcrden beseitigt und Vertrauen, Ruhe, Gl\u00fcck, Gelassenheit, Harmonie und Fr\u00f6hlichkeit w\u00fcrden gesteigert. Insgesamt gilt dieser Weihrauch als mediterran und sanft. Probleme und Schuldgef\u00fchle treten in den Hintergrund und die Last auf den Schultern wird sp\u00fcrbar leichter. Daher eignet sich dieser Weihrauch besonders f\u00fcr Menschen, die eine grosse Verantwortung im Leben tragen, z. B. weil sie jemanden pflegen, krank sind oder famili\u00e4re oder berufliche Verpflichtungen haben. Auch Menschen, deren Gef\u00fchle abgek\u00fchlt sind, profitieren von Orangen, indem sie den Mittelweg ihrer Seele wiederfinden und Mitgef\u00fchl entwickeln. Sie k\u00f6nnen wieder geben und empfangen. Getrocknete Orangenschalen, Orangenbl\u00fcten oder auch getrocknete Bl\u00e4tter werden f\u00fcr die R\u00e4ucherung zerstossen.<\/p>\n<p>Orange kann man gut mit Rose, Damiana, Benzoe, Eisenkraut oder Jasmin mischen.<\/p>\n<p>Duft: s\u00fcsslich, herb, zur\u00fcckhaltend, frisch, kl\u00e4rend<\/p>\n<p>&nbsp;<\/p>\n<p>&nbsp;<\/p>\n","protected":false},"excerpt":{"rendered":"<p>Oranger - Citrus aurantium &nbsp; &nbsp; &nbsp; &nbsp; &nbsp; &nbsp; &nbsp; &nbsp; DIXA Bittere Orangenschalen Bigaradier Auranti amari Fructus Pericarpium conc lose zu 5 g CHF 0.20 &nbsp; &nbsp; &nbsp; Zutaten 20 g getrocknete Kortex pro Liter Wasser. Zubereitung Ihre Bitterorangenrinde 5 Minuten lang kochen und anschliessend 10 Minuten ziehen lassen. Verzehr Nehmen Sie t\u00e4glich 2 bis maximal 3 Tassen&nbsp;<a href=\"https:\/\/bien-etreiris.ch\/de\/produktpraesentation\/gesundes-leben\/nahrungsergaenzungsmittel\/pflanzenheilkunde-gleichgewicht-durch-heilpflanzen\/kraeuter-und-pflanzen\/oranger\/\" class=\"read-more\">Weiter lesen<\/a><\/p>\n","protected":false},"author":1,"featured_media":81298,"parent":30677,"menu_order":2389,"comment_status":"closed","ping_status":"closed","template":"page-with-child.php","meta":{"_acf_changed":false,"ngg_post_thumbnail":0,"footnotes":""},"class_list":["post-81321","page","type-page","status-publish","has-post-thumbnail","hentry"],"acf":[],"yoast_head":"<!-- This site is optimized with the Yoast SEO plugin v27.6 - https:\/\/yoast.com\/product\/yoast-seo-wordpress\/ -->\n<title>ORANGER - WOHLBEFINDEN<\/title>\n<meta name=\"robots\" content=\"index, follow, max-snippet:-1, max-image-preview:large, max-video-preview:-1\" \/>\n<link rel=\"canonical\" href=\"https:\/\/bien-etreiris.ch\/de\/produktpraesentation\/gesundes-leben\/nahrungsergaenzungsmittel\/pflanzenheilkunde-gleichgewicht-durch-heilpflanzen\/kraeuter-und-pflanzen\/oranger\/\" \/>\n<meta property=\"og:locale\" content=\"de_DE\" \/>\n<meta property=\"og:type\" content=\"article\" \/>\n<meta property=\"og:title\" content=\"ORANGER - WOHLBEFINDEN\" \/>\n<meta property=\"og:description\" content=\"Oranger - Citrus aurantium &nbsp; &nbsp; &nbsp; &nbsp; &nbsp; &nbsp; &nbsp; &nbsp; DIXA Bittere Orangenschalen Bigaradier Auranti amari Fructus Pericarpium conc lose zu 5 g CHF 0.20 &nbsp; &nbsp; &nbsp; Zutaten 20 g getrocknete Kortex pro Liter Wasser. Zubereitung Ihre Bitterorangenrinde 5 Minuten lang kochen und anschliessend 10 Minuten ziehen lassen. Verzehr Nehmen Sie t\u00e4glich 2 bis maximal 3 Tassen&nbsp;Weiter lesen\" \/>\n<meta property=\"og:url\" content=\"https:\/\/bien-etreiris.ch\/de\/produktpraesentation\/gesundes-leben\/nahrungsergaenzungsmittel\/pflanzenheilkunde-gleichgewicht-durch-heilpflanzen\/kraeuter-und-pflanzen\/oranger\/\" \/>\n<meta property=\"og:site_name\" content=\"WOHLBEFINDEN\" \/>\n<meta property=\"article:publisher\" content=\"https:\/\/www.facebook.com\/bienetreiris\/\" \/>\n<meta property=\"article:modified_time\" content=\"2023-12-08T21:21:44+00:00\" \/>\n<meta property=\"og:image\" content=\"https:\/\/bien-etreiris.ch\/wp-content\/uploads\/2023\/12\/acceuil-Oranger.png\" \/>\n\t<meta property=\"og:image:width\" content=\"500\" \/>\n\t<meta property=\"og:image:height\" content=\"303\" \/>\n\t<meta property=\"og:image:type\" content=\"image\/png\" \/>\n<meta name=\"twitter:label1\" content=\"Gesch\u00e4tzte Lesezeit\" \/>\n\t<meta name=\"twitter:data1\" content=\"4\u00a0Minuten\" \/>\n<script type=\"application\/ld+json\" class=\"yoast-schema-graph\">{\"@context\":\"https:\\\/\\\/schema.org\",\"@graph\":[{\"@type\":\"WebPage\",\"@id\":\"https:\\\/\\\/bien-etreiris.ch\\\/de\\\/produktpraesentation\\\/gesundes-leben\\\/nahrungsergaenzungsmittel\\\/pflanzenheilkunde-gleichgewicht-durch-heilpflanzen\\\/kraeuter-und-pflanzen\\\/oranger\\\/\",\"url\":\"https:\\\/\\\/bien-etreiris.ch\\\/de\\\/produktpraesentation\\\/gesundes-leben\\\/nahrungsergaenzungsmittel\\\/pflanzenheilkunde-gleichgewicht-durch-heilpflanzen\\\/kraeuter-und-pflanzen\\\/oranger\\\/\",\"name\":\"ORANGER - WOHLBEFINDEN\",\"isPartOf\":{\"@id\":\"https:\\\/\\\/bien-etreiris.ch\\\/de\\\/#website\"},\"primaryImageOfPage\":{\"@id\":\"https:\\\/\\\/bien-etreiris.ch\\\/de\\\/produktpraesentation\\\/gesundes-leben\\\/nahrungsergaenzungsmittel\\\/pflanzenheilkunde-gleichgewicht-durch-heilpflanzen\\\/kraeuter-und-pflanzen\\\/oranger\\\/#primaryimage\"},\"image\":{\"@id\":\"https:\\\/\\\/bien-etreiris.ch\\\/de\\\/produktpraesentation\\\/gesundes-leben\\\/nahrungsergaenzungsmittel\\\/pflanzenheilkunde-gleichgewicht-durch-heilpflanzen\\\/kraeuter-und-pflanzen\\\/oranger\\\/#primaryimage\"},\"thumbnailUrl\":\"https:\\\/\\\/bien-etreiris.ch\\\/wp-content\\\/uploads\\\/2023\\\/12\\\/acceuil-Oranger.png\",\"datePublished\":\"2023-12-03T01:06:23+00:00\",\"dateModified\":\"2023-12-08T21:21:44+00:00\",\"breadcrumb\":{\"@id\":\"https:\\\/\\\/bien-etreiris.ch\\\/de\\\/produktpraesentation\\\/gesundes-leben\\\/nahrungsergaenzungsmittel\\\/pflanzenheilkunde-gleichgewicht-durch-heilpflanzen\\\/kraeuter-und-pflanzen\\\/oranger\\\/#breadcrumb\"},\"inLanguage\":\"de\",\"potentialAction\":[{\"@type\":\"ReadAction\",\"target\":[\"https:\\\/\\\/bien-etreiris.ch\\\/de\\\/produktpraesentation\\\/gesundes-leben\\\/nahrungsergaenzungsmittel\\\/pflanzenheilkunde-gleichgewicht-durch-heilpflanzen\\\/kraeuter-und-pflanzen\\\/oranger\\\/\"]}]},{\"@type\":\"ImageObject\",\"inLanguage\":\"de\",\"@id\":\"https:\\\/\\\/bien-etreiris.ch\\\/de\\\/produktpraesentation\\\/gesundes-leben\\\/nahrungsergaenzungsmittel\\\/pflanzenheilkunde-gleichgewicht-durch-heilpflanzen\\\/kraeuter-und-pflanzen\\\/oranger\\\/#primaryimage\",\"url\":\"https:\\\/\\\/bien-etreiris.ch\\\/wp-content\\\/uploads\\\/2023\\\/12\\\/acceuil-Oranger.png\",\"contentUrl\":\"https:\\\/\\\/bien-etreiris.ch\\\/wp-content\\\/uploads\\\/2023\\\/12\\\/acceuil-Oranger.png\",\"width\":500,\"height\":303},{\"@type\":\"BreadcrumbList\",\"@id\":\"https:\\\/\\\/bien-etreiris.ch\\\/de\\\/produktpraesentation\\\/gesundes-leben\\\/nahrungsergaenzungsmittel\\\/pflanzenheilkunde-gleichgewicht-durch-heilpflanzen\\\/kraeuter-und-pflanzen\\\/oranger\\\/#breadcrumb\",\"itemListElement\":[{\"@type\":\"ListItem\",\"position\":1,\"name\":\"Home\",\"item\":\"https:\\\/\\\/bien-etreiris.ch\\\/de\\\/\"},{\"@type\":\"ListItem\",\"position\":2,\"name\":\"PRODUKTPR\u00c4SENTATION\",\"item\":\"https:\\\/\\\/bien-etreiris.ch\\\/de\\\/produktpraesentation\\\/\"},{\"@type\":\"ListItem\",\"position\":3,\"name\":\"GESUNDES LEBEN\",\"item\":\"https:\\\/\\\/bien-etreiris.ch\\\/de\\\/produktpraesentation\\\/gesundes-leben\\\/\"},{\"@type\":\"ListItem\",\"position\":4,\"name\":\"NAHRUNGSERG\u00c4NZUNG\",\"item\":\"https:\\\/\\\/bien-etreiris.ch\\\/de\\\/produktpraesentation\\\/gesundes-leben\\\/nahrungsergaenzungsmittel\\\/\"},{\"@type\":\"ListItem\",\"position\":5,\"name\":\"PFLANZENHEILKUNDE\",\"item\":\"https:\\\/\\\/bien-etreiris.ch\\\/de\\\/produktpraesentation\\\/gesundes-leben\\\/nahrungsergaenzungsmittel\\\/pflanzenheilkunde-gleichgewicht-durch-heilpflanzen\\\/\"},{\"@type\":\"ListItem\",\"position\":6,\"name\":\"KR\u00c4UTER &#038; PFLANZEN\",\"item\":\"https:\\\/\\\/bien-etreiris.ch\\\/de\\\/produktpraesentation\\\/gesundes-leben\\\/nahrungsergaenzungsmittel\\\/pflanzenheilkunde-gleichgewicht-durch-heilpflanzen\\\/kraeuter-und-pflanzen\\\/\"},{\"@type\":\"ListItem\",\"position\":7,\"name\":\"ORANGER\"}]},{\"@type\":\"WebSite\",\"@id\":\"https:\\\/\\\/bien-etreiris.ch\\\/de\\\/#website\",\"url\":\"https:\\\/\\\/bien-etreiris.ch\\\/de\\\/\",\"name\":\"Bien-\u00eatre Iris\",\"description\":\"IHRE Gesundheit ist uns wichtig\",\"potentialAction\":[{\"@type\":\"SearchAction\",\"target\":{\"@type\":\"EntryPoint\",\"urlTemplate\":\"https:\\\/\\\/bien-etreiris.ch\\\/de\\\/?s={search_term_string}\"},\"query-input\":{\"@type\":\"PropertyValueSpecification\",\"valueRequired\":true,\"valueName\":\"search_term_string\"}}],\"inLanguage\":\"de\"}]}<\/script>\n<!-- \/ Yoast SEO plugin. -->","yoast_head_json":{"title":"ORANGER - WOHLBEFINDEN","robots":{"index":"index","follow":"follow","max-snippet":"max-snippet:-1","max-image-preview":"max-image-preview:large","max-video-preview":"max-video-preview:-1"},"canonical":"https:\/\/bien-etreiris.ch\/de\/produktpraesentation\/gesundes-leben\/nahrungsergaenzungsmittel\/pflanzenheilkunde-gleichgewicht-durch-heilpflanzen\/kraeuter-und-pflanzen\/oranger\/","og_locale":"de_DE","og_type":"article","og_title":"ORANGER - WOHLBEFINDEN","og_description":"Oranger - Citrus aurantium &nbsp; &nbsp; &nbsp; &nbsp; &nbsp; &nbsp; &nbsp; &nbsp; DIXA Bittere Orangenschalen Bigaradier Auranti amari Fructus Pericarpium conc lose zu 5 g CHF 0.20 &nbsp; &nbsp; &nbsp; Zutaten 20 g getrocknete Kortex pro Liter Wasser. Zubereitung Ihre Bitterorangenrinde 5 Minuten lang kochen und anschliessend 10 Minuten ziehen lassen. Verzehr Nehmen Sie t\u00e4glich 2 bis maximal 3 Tassen&nbsp;Weiter lesen","og_url":"https:\/\/bien-etreiris.ch\/de\/produktpraesentation\/gesundes-leben\/nahrungsergaenzungsmittel\/pflanzenheilkunde-gleichgewicht-durch-heilpflanzen\/kraeuter-und-pflanzen\/oranger\/","og_site_name":"WOHLBEFINDEN","article_publisher":"https:\/\/www.facebook.com\/bienetreiris\/","article_modified_time":"2023-12-08T21:21:44+00:00","og_image":[{"width":500,"height":303,"url":"https:\/\/bien-etreiris.ch\/wp-content\/uploads\/2023\/12\/acceuil-Oranger.png","type":"image\/png"}],"twitter_misc":{"Gesch\u00e4tzte Lesezeit":"4\u00a0Minuten"},"schema":{"@context":"https:\/\/schema.org","@graph":[{"@type":"WebPage","@id":"https:\/\/bien-etreiris.ch\/de\/produktpraesentation\/gesundes-leben\/nahrungsergaenzungsmittel\/pflanzenheilkunde-gleichgewicht-durch-heilpflanzen\/kraeuter-und-pflanzen\/oranger\/","url":"https:\/\/bien-etreiris.ch\/de\/produktpraesentation\/gesundes-leben\/nahrungsergaenzungsmittel\/pflanzenheilkunde-gleichgewicht-durch-heilpflanzen\/kraeuter-und-pflanzen\/oranger\/","name":"ORANGER - WOHLBEFINDEN","isPartOf":{"@id":"https:\/\/bien-etreiris.ch\/de\/#website"},"primaryImageOfPage":{"@id":"https:\/\/bien-etreiris.ch\/de\/produktpraesentation\/gesundes-leben\/nahrungsergaenzungsmittel\/pflanzenheilkunde-gleichgewicht-durch-heilpflanzen\/kraeuter-und-pflanzen\/oranger\/#primaryimage"},"image":{"@id":"https:\/\/bien-etreiris.ch\/de\/produktpraesentation\/gesundes-leben\/nahrungsergaenzungsmittel\/pflanzenheilkunde-gleichgewicht-durch-heilpflanzen\/kraeuter-und-pflanzen\/oranger\/#primaryimage"},"thumbnailUrl":"https:\/\/bien-etreiris.ch\/wp-content\/uploads\/2023\/12\/acceuil-Oranger.png","datePublished":"2023-12-03T01:06:23+00:00","dateModified":"2023-12-08T21:21:44+00:00","breadcrumb":{"@id":"https:\/\/bien-etreiris.ch\/de\/produktpraesentation\/gesundes-leben\/nahrungsergaenzungsmittel\/pflanzenheilkunde-gleichgewicht-durch-heilpflanzen\/kraeuter-und-pflanzen\/oranger\/#breadcrumb"},"inLanguage":"de","potentialAction":[{"@type":"ReadAction","target":["https:\/\/bien-etreiris.ch\/de\/produktpraesentation\/gesundes-leben\/nahrungsergaenzungsmittel\/pflanzenheilkunde-gleichgewicht-durch-heilpflanzen\/kraeuter-und-pflanzen\/oranger\/"]}]},{"@type":"ImageObject","inLanguage":"de","@id":"https:\/\/bien-etreiris.ch\/de\/produktpraesentation\/gesundes-leben\/nahrungsergaenzungsmittel\/pflanzenheilkunde-gleichgewicht-durch-heilpflanzen\/kraeuter-und-pflanzen\/oranger\/#primaryimage","url":"https:\/\/bien-etreiris.ch\/wp-content\/uploads\/2023\/12\/acceuil-Oranger.png","contentUrl":"https:\/\/bien-etreiris.ch\/wp-content\/uploads\/2023\/12\/acceuil-Oranger.png","width":500,"height":303},{"@type":"BreadcrumbList","@id":"https:\/\/bien-etreiris.ch\/de\/produktpraesentation\/gesundes-leben\/nahrungsergaenzungsmittel\/pflanzenheilkunde-gleichgewicht-durch-heilpflanzen\/kraeuter-und-pflanzen\/oranger\/#breadcrumb","itemListElement":[{"@type":"ListItem","position":1,"name":"Home","item":"https:\/\/bien-etreiris.ch\/de\/"},{"@type":"ListItem","position":2,"name":"PRODUKTPR\u00c4SENTATION","item":"https:\/\/bien-etreiris.ch\/de\/produktpraesentation\/"},{"@type":"ListItem","position":3,"name":"GESUNDES LEBEN","item":"https:\/\/bien-etreiris.ch\/de\/produktpraesentation\/gesundes-leben\/"},{"@type":"ListItem","position":4,"name":"NAHRUNGSERG\u00c4NZUNG","item":"https:\/\/bien-etreiris.ch\/de\/produktpraesentation\/gesundes-leben\/nahrungsergaenzungsmittel\/"},{"@type":"ListItem","position":5,"name":"PFLANZENHEILKUNDE","item":"https:\/\/bien-etreiris.ch\/de\/produktpraesentation\/gesundes-leben\/nahrungsergaenzungsmittel\/pflanzenheilkunde-gleichgewicht-durch-heilpflanzen\/"},{"@type":"ListItem","position":6,"name":"KR\u00c4UTER &#038; PFLANZEN","item":"https:\/\/bien-etreiris.ch\/de\/produktpraesentation\/gesundes-leben\/nahrungsergaenzungsmittel\/pflanzenheilkunde-gleichgewicht-durch-heilpflanzen\/kraeuter-und-pflanzen\/"},{"@type":"ListItem","position":7,"name":"ORANGER"}]},{"@type":"WebSite","@id":"https:\/\/bien-etreiris.ch\/de\/#website","url":"https:\/\/bien-etreiris.ch\/de\/","name":"Bien-\u00eatre Iris","description":"IHRE Gesundheit ist uns wichtig","potentialAction":[{"@type":"SearchAction","target":{"@type":"EntryPoint","urlTemplate":"https:\/\/bien-etreiris.ch\/de\/?s={search_term_string}"},"query-input":{"@type":"PropertyValueSpecification","valueRequired":true,"valueName":"search_term_string"}}],"inLanguage":"de"}]}},"_links":{"self":[{"href":"https:\/\/bien-etreiris.ch\/de\/wp-json\/wp\/v2\/pages\/81321","targetHints":{"allow":["GET"]}}],"collection":[{"href":"https:\/\/bien-etreiris.ch\/de\/wp-json\/wp\/v2\/pages"}],"about":[{"href":"https:\/\/bien-etreiris.ch\/de\/wp-json\/wp\/v2\/types\/page"}],"author":[{"embeddable":true,"href":"https:\/\/bien-etreiris.ch\/de\/wp-json\/wp\/v2\/users\/1"}],"replies":[{"embeddable":true,"href":"https:\/\/bien-etreiris.ch\/de\/wp-json\/wp\/v2\/comments?post=81321"}],"version-history":[{"count":15,"href":"https:\/\/bien-etreiris.ch\/de\/wp-json\/wp\/v2\/pages\/81321\/revisions"}],"predecessor-version":[{"id":81885,"href":"https:\/\/bien-etreiris.ch\/de\/wp-json\/wp\/v2\/pages\/81321\/revisions\/81885"}],"up":[{"embeddable":true,"href":"https:\/\/bien-etreiris.ch\/de\/wp-json\/wp\/v2\/pages\/30677"}],"wp:featuredmedia":[{"embeddable":true,"href":"https:\/\/bien-etreiris.ch\/de\/wp-json\/wp\/v2\/media\/81298"}],"wp:attachment":[{"href":"https:\/\/bien-etreiris.ch\/de\/wp-json\/wp\/v2\/media?parent=81321"}],"curies":[{"name":"wp","href":"https:\/\/api.w.org\/{rel}","templated":true}]}}