{"id":81171,"date":"2023-12-02T09:30:54","date_gmt":"2023-12-02T07:30:54","guid":{"rendered":"https:\/\/bien-etreiris.ch\/produktpraesentation\/gesundes-leben\/nahrungsergaenzungsmittel\/pflanzenheilkunde-gleichgewicht-durch-heilpflanzen\/kraeuter-und-pflanzen\/primevere\/"},"modified":"2023-12-02T12:27:19","modified_gmt":"2023-12-02T10:27:19","slug":"schluesselblume","status":"publish","type":"page","link":"https:\/\/bien-etreiris.ch\/de\/produktpraesentation\/gesundes-leben\/nahrungsergaenzungsmittel\/pflanzenheilkunde-gleichgewicht-durch-heilpflanzen\/kraeuter-und-pflanzen\/schluesselblume\/","title":{"rendered":"SCHL\u00dcSSELBLUME"},"content":{"rendered":"<h2>Schl\u00fcsselblume - Primula vulgaris, Primula veris<\/h2>\n<p><a href=\"https:\/\/bien-etreiris.ch\/de\/produktpraesentation\/gesundes-leben\/nahrungsergaenzungsmittel\/pflanzenheilkunde-gleichgewicht-durch-heilpflanzen\/kraeuter-und-pflanzen\/primevere\/primevere-fleurs-2\/\" rel=\"attachment wp-att-81157\"><img loading=\"lazy\" decoding=\"async\" class=\"wp-image-81157 alignleft\" src=\"https:\/\/bien-etreiris.ch\/wp-content\/uploads\/2023\/12\/Primevere-fleurs.png\" alt=\"\" width=\"494\" height=\"494\" srcset=\"https:\/\/bien-etreiris.ch\/wp-content\/uploads\/2023\/12\/Primevere-fleurs.png 500w, https:\/\/bien-etreiris.ch\/wp-content\/uploads\/2023\/12\/Primevere-fleurs-300x300.png 300w, https:\/\/bien-etreiris.ch\/wp-content\/uploads\/2023\/12\/Primevere-fleurs-150x150.png 150w\" sizes=\"auto, (max-width: 494px) 100vw, 494px\" \/><\/a><\/p>\n<p>&nbsp;<\/p>\n<p>&nbsp;<\/p>\n<p>&nbsp;<\/p>\n<p>&nbsp;<\/p>\n<p>&nbsp;<\/p>\n<p>&nbsp;<\/p>\n<h4><a href=\"https:\/\/bien-etreiris.ch\/de\/unsere-marken\/dixa\/\" target=\"_blank\" rel=\"noopener\"><span style=\"color: #ffff00;\">DIXA<\/span><\/a><\/h4>\n<p>Schl\u00fcsselblume mit Kelch BIO geschnitten<\/p>\n<h2>&nbsp;<\/h2>\n<p>Primulae cum calice BIO flos conc<\/p>\n<p>lose ab 5 g <strong>CHF 0.55<\/strong><\/p>\n<p>&nbsp;<\/p>\n<p>&nbsp;<\/p>\n<p>&nbsp;<\/p>\n<p>&nbsp;<\/p>\n<p><a href=\"https:\/\/bien-etreiris.ch\/de\/produktpraesentation\/gesundes-leben\/nahrungsergaenzungsmittel\/pflanzenheilkunde-gleichgewicht-durch-heilpflanzen\/kraeuter-und-pflanzen\/primevere\/primevere-racine-2\/\" rel=\"attachment wp-att-81160\"><img loading=\"lazy\" decoding=\"async\" class=\"size-full wp-image-81160 alignleft\" src=\"https:\/\/bien-etreiris.ch\/wp-content\/uploads\/2023\/12\/Primevere-racine.png\" alt=\"\" width=\"500\" height=\"500\" srcset=\"https:\/\/bien-etreiris.ch\/wp-content\/uploads\/2023\/12\/Primevere-racine.png 500w, https:\/\/bien-etreiris.ch\/wp-content\/uploads\/2023\/12\/Primevere-racine-300x300.png 300w, https:\/\/bien-etreiris.ch\/wp-content\/uploads\/2023\/12\/Primevere-racine-150x150.png 150w\" sizes=\"auto, (max-width: 500px) 100vw, 500px\" \/><\/a><\/p>\n<p>&nbsp;<\/p>\n<p>&nbsp;<\/p>\n<p>&nbsp;<\/p>\n<p>&nbsp;<\/p>\n<p>&nbsp;<\/p>\n<p>&nbsp;<\/p>\n<h4><a href=\"https:\/\/bien-etreiris.ch\/de\/unsere-marken\/dixa\/\" target=\"_blank\" rel=\"noopener\"><span style=\"color: #ffff00;\">DIXA<\/span><\/a><\/h4>\n<p>Schl\u00fcsselblume Wurzel PHEur geschnitten<\/p>\n<h2>&nbsp;<\/h2>\n<p>Primulae PHEur radix conc&nbsp;<\/p>\n<p>lose ab 5 g <strong>CHF 0.25<\/strong><\/p>\n<p>&nbsp;<\/p>\n<p>&nbsp;<\/p>\n<p>&nbsp;<\/p>\n<h4>\nTeezubereitung<\/h4>\n<p>Da die Tagesdosis f\u00fcr die innerliche Anwendung von getrockneter Primelwurzel f\u00fcr Erwachsene bei 0,5 bis 1,5 g Droge pro Tag liegt, ergibt sich f\u00fcr die Bereitung des Tees folgende Vorschrift:<\/p>\n<p>1 Teel\u00f6ffelspitze (0,5 g!) wird mit 150 ml kochendem Wasser \u00fcbergossen, man l\u00e4sst 10-15 Min ziehen und seiht dann ab. Erwachsene oder Jugendliche \u00fcber 12 Jahren trinken 1-3mal t\u00e4glich 1 Tasse.<\/p>\n<p>Wenn getrocknete Schl\u00fcsselblumenbl\u00fcten zur Anwendung kommen, werden 1-2 Teel\u00f6ffel dieser Droge mit 150 ml kochendem Wasser \u00fcbergossen; man l\u00e4sst 10 Minuten ziehen und seiht dann ab.<\/p>\n<p>&nbsp;<\/p>\n<p>&nbsp;<\/p>\n<h2><a href=\"https:\/\/bien-etreiris.ch\/de\/ratgeber-klarheit-beratung\/natuerliche-heilmittel\/pflanzenheilkunde\/heilpflanzen\/primevere\/\" target=\"_blank\" rel=\"noopener\"><em><span style=\"color: #99cc00;\">M\u00f6chten Sie mehr \u00fcber Schl\u00fcsselblume erfahren dann klicken Sie hier<\/span><\/em><\/a><\/h2>\n<p>&nbsp;<\/p>\n","protected":false},"excerpt":{"rendered":"<p>Schl\u00fcsselblume - Primula vulgaris, Primula veris &nbsp; &nbsp; &nbsp; &nbsp; &nbsp; &nbsp; DIXA Schl\u00fcsselblume mit Kelch BIO geschnitten &nbsp; Primulae cum calice BIO flos conc lose ab 5 g CHF 0.55 &nbsp; &nbsp; &nbsp; &nbsp; &nbsp; &nbsp; &nbsp; &nbsp; &nbsp; &nbsp; DIXA Schl\u00fcsselblume Wurzel PHEur geschnitten &nbsp; Primulae PHEur radix conc&nbsp; lose ab 5 g CHF 0.25 &nbsp; &nbsp; &nbsp;&nbsp;<a href=\"https:\/\/bien-etreiris.ch\/de\/produktpraesentation\/gesundes-leben\/nahrungsergaenzungsmittel\/pflanzenheilkunde-gleichgewicht-durch-heilpflanzen\/kraeuter-und-pflanzen\/schluesselblume\/\" class=\"read-more\">Weiter lesen<\/a><\/p>\n","protected":false},"author":1,"featured_media":81156,"parent":30677,"menu_order":2398,"comment_status":"closed","ping_status":"closed","template":"page-with-child.php","meta":{"_acf_changed":false,"ngg_post_thumbnail":0,"footnotes":""},"class_list":["post-81171","page","type-page","status-publish","has-post-thumbnail","hentry"],"acf":[],"yoast_head":"<!-- This site is optimized with the Yoast SEO plugin v27.6 - https:\/\/yoast.com\/product\/yoast-seo-wordpress\/ -->\n<title>SCHL\u00dcSSELBLUME - WOHLBEFINDEN<\/title>\n<meta name=\"robots\" content=\"index, follow, max-snippet:-1, max-image-preview:large, max-video-preview:-1\" \/>\n<link rel=\"canonical\" href=\"https:\/\/bien-etreiris.ch\/de\/produktpraesentation\/gesundes-leben\/nahrungsergaenzungsmittel\/pflanzenheilkunde-gleichgewicht-durch-heilpflanzen\/kraeuter-und-pflanzen\/schluesselblume\/\" \/>\n<meta property=\"og:locale\" content=\"de_DE\" \/>\n<meta property=\"og:type\" content=\"article\" \/>\n<meta property=\"og:title\" content=\"SCHL\u00dcSSELBLUME - WOHLBEFINDEN\" \/>\n<meta property=\"og:description\" content=\"Schl\u00fcsselblume - Primula vulgaris, Primula veris &nbsp; &nbsp; &nbsp; &nbsp; &nbsp; &nbsp; DIXA Schl\u00fcsselblume mit Kelch BIO geschnitten &nbsp; Primulae cum calice BIO flos conc lose ab 5 g CHF 0.55 &nbsp; &nbsp; &nbsp; &nbsp; &nbsp; &nbsp; &nbsp; &nbsp; &nbsp; &nbsp; DIXA Schl\u00fcsselblume Wurzel PHEur geschnitten &nbsp; Primulae PHEur radix conc&nbsp; lose ab 5 g CHF 0.25 &nbsp; &nbsp; &nbsp;&nbsp;Weiter lesen\" \/>\n<meta property=\"og:url\" content=\"https:\/\/bien-etreiris.ch\/de\/produktpraesentation\/gesundes-leben\/nahrungsergaenzungsmittel\/pflanzenheilkunde-gleichgewicht-durch-heilpflanzen\/kraeuter-und-pflanzen\/schluesselblume\/\" \/>\n<meta property=\"og:site_name\" content=\"WOHLBEFINDEN\" \/>\n<meta property=\"article:publisher\" content=\"https:\/\/www.facebook.com\/bienetreiris\/\" \/>\n<meta property=\"article:modified_time\" content=\"2023-12-02T10:27:19+00:00\" \/>\n<meta property=\"og:image\" content=\"https:\/\/bien-etreiris.ch\/wp-content\/uploads\/2023\/12\/acceuil-Primevere.png\" \/>\n\t<meta property=\"og:image:width\" content=\"500\" \/>\n\t<meta property=\"og:image:height\" content=\"303\" \/>\n\t<meta property=\"og:image:type\" content=\"image\/png\" \/>\n<meta name=\"twitter:label1\" content=\"Gesch\u00e4tzte Lesezeit\" \/>\n\t<meta name=\"twitter:data1\" content=\"2\u00a0Minuten\" \/>\n<script type=\"application\/ld+json\" class=\"yoast-schema-graph\">{\"@context\":\"https:\\\/\\\/schema.org\",\"@graph\":[{\"@type\":\"WebPage\",\"@id\":\"https:\\\/\\\/bien-etreiris.ch\\\/de\\\/produktpraesentation\\\/gesundes-leben\\\/nahrungsergaenzungsmittel\\\/pflanzenheilkunde-gleichgewicht-durch-heilpflanzen\\\/kraeuter-und-pflanzen\\\/schluesselblume\\\/\",\"url\":\"https:\\\/\\\/bien-etreiris.ch\\\/de\\\/produktpraesentation\\\/gesundes-leben\\\/nahrungsergaenzungsmittel\\\/pflanzenheilkunde-gleichgewicht-durch-heilpflanzen\\\/kraeuter-und-pflanzen\\\/schluesselblume\\\/\",\"name\":\"SCHL\u00dcSSELBLUME - WOHLBEFINDEN\",\"isPartOf\":{\"@id\":\"https:\\\/\\\/bien-etreiris.ch\\\/de\\\/#website\"},\"primaryImageOfPage\":{\"@id\":\"https:\\\/\\\/bien-etreiris.ch\\\/de\\\/produktpraesentation\\\/gesundes-leben\\\/nahrungsergaenzungsmittel\\\/pflanzenheilkunde-gleichgewicht-durch-heilpflanzen\\\/kraeuter-und-pflanzen\\\/schluesselblume\\\/#primaryimage\"},\"image\":{\"@id\":\"https:\\\/\\\/bien-etreiris.ch\\\/de\\\/produktpraesentation\\\/gesundes-leben\\\/nahrungsergaenzungsmittel\\\/pflanzenheilkunde-gleichgewicht-durch-heilpflanzen\\\/kraeuter-und-pflanzen\\\/schluesselblume\\\/#primaryimage\"},\"thumbnailUrl\":\"https:\\\/\\\/bien-etreiris.ch\\\/wp-content\\\/uploads\\\/2023\\\/12\\\/acceuil-Primevere.png\",\"datePublished\":\"2023-12-02T07:30:54+00:00\",\"dateModified\":\"2023-12-02T10:27:19+00:00\",\"breadcrumb\":{\"@id\":\"https:\\\/\\\/bien-etreiris.ch\\\/de\\\/produktpraesentation\\\/gesundes-leben\\\/nahrungsergaenzungsmittel\\\/pflanzenheilkunde-gleichgewicht-durch-heilpflanzen\\\/kraeuter-und-pflanzen\\\/schluesselblume\\\/#breadcrumb\"},\"inLanguage\":\"de\",\"potentialAction\":[{\"@type\":\"ReadAction\",\"target\":[\"https:\\\/\\\/bien-etreiris.ch\\\/de\\\/produktpraesentation\\\/gesundes-leben\\\/nahrungsergaenzungsmittel\\\/pflanzenheilkunde-gleichgewicht-durch-heilpflanzen\\\/kraeuter-und-pflanzen\\\/schluesselblume\\\/\"]}]},{\"@type\":\"ImageObject\",\"inLanguage\":\"de\",\"@id\":\"https:\\\/\\\/bien-etreiris.ch\\\/de\\\/produktpraesentation\\\/gesundes-leben\\\/nahrungsergaenzungsmittel\\\/pflanzenheilkunde-gleichgewicht-durch-heilpflanzen\\\/kraeuter-und-pflanzen\\\/schluesselblume\\\/#primaryimage\",\"url\":\"https:\\\/\\\/bien-etreiris.ch\\\/wp-content\\\/uploads\\\/2023\\\/12\\\/acceuil-Primevere.png\",\"contentUrl\":\"https:\\\/\\\/bien-etreiris.ch\\\/wp-content\\\/uploads\\\/2023\\\/12\\\/acceuil-Primevere.png\",\"width\":500,\"height\":303},{\"@type\":\"BreadcrumbList\",\"@id\":\"https:\\\/\\\/bien-etreiris.ch\\\/de\\\/produktpraesentation\\\/gesundes-leben\\\/nahrungsergaenzungsmittel\\\/pflanzenheilkunde-gleichgewicht-durch-heilpflanzen\\\/kraeuter-und-pflanzen\\\/schluesselblume\\\/#breadcrumb\",\"itemListElement\":[{\"@type\":\"ListItem\",\"position\":1,\"name\":\"Home\",\"item\":\"https:\\\/\\\/bien-etreiris.ch\\\/de\\\/\"},{\"@type\":\"ListItem\",\"position\":2,\"name\":\"PRODUKTPR\u00c4SENTATION\",\"item\":\"https:\\\/\\\/bien-etreiris.ch\\\/de\\\/produktpraesentation\\\/\"},{\"@type\":\"ListItem\",\"position\":3,\"name\":\"GESUNDES LEBEN\",\"item\":\"https:\\\/\\\/bien-etreiris.ch\\\/de\\\/produktpraesentation\\\/gesundes-leben\\\/\"},{\"@type\":\"ListItem\",\"position\":4,\"name\":\"NAHRUNGSERG\u00c4NZUNG\",\"item\":\"https:\\\/\\\/bien-etreiris.ch\\\/de\\\/produktpraesentation\\\/gesundes-leben\\\/nahrungsergaenzungsmittel\\\/\"},{\"@type\":\"ListItem\",\"position\":5,\"name\":\"PFLANZENHEILKUNDE\",\"item\":\"https:\\\/\\\/bien-etreiris.ch\\\/de\\\/produktpraesentation\\\/gesundes-leben\\\/nahrungsergaenzungsmittel\\\/pflanzenheilkunde-gleichgewicht-durch-heilpflanzen\\\/\"},{\"@type\":\"ListItem\",\"position\":6,\"name\":\"KR\u00c4UTER &#038; PFLANZEN\",\"item\":\"https:\\\/\\\/bien-etreiris.ch\\\/de\\\/produktpraesentation\\\/gesundes-leben\\\/nahrungsergaenzungsmittel\\\/pflanzenheilkunde-gleichgewicht-durch-heilpflanzen\\\/kraeuter-und-pflanzen\\\/\"},{\"@type\":\"ListItem\",\"position\":7,\"name\":\"SCHL\u00dcSSELBLUME\"}]},{\"@type\":\"WebSite\",\"@id\":\"https:\\\/\\\/bien-etreiris.ch\\\/de\\\/#website\",\"url\":\"https:\\\/\\\/bien-etreiris.ch\\\/de\\\/\",\"name\":\"Bien-\u00eatre Iris\",\"description\":\"IHRE Gesundheit ist uns wichtig\",\"potentialAction\":[{\"@type\":\"SearchAction\",\"target\":{\"@type\":\"EntryPoint\",\"urlTemplate\":\"https:\\\/\\\/bien-etreiris.ch\\\/de\\\/?s={search_term_string}\"},\"query-input\":{\"@type\":\"PropertyValueSpecification\",\"valueRequired\":true,\"valueName\":\"search_term_string\"}}],\"inLanguage\":\"de\"}]}<\/script>\n<!-- \/ Yoast SEO plugin. -->","yoast_head_json":{"title":"SCHL\u00dcSSELBLUME - WOHLBEFINDEN","robots":{"index":"index","follow":"follow","max-snippet":"max-snippet:-1","max-image-preview":"max-image-preview:large","max-video-preview":"max-video-preview:-1"},"canonical":"https:\/\/bien-etreiris.ch\/de\/produktpraesentation\/gesundes-leben\/nahrungsergaenzungsmittel\/pflanzenheilkunde-gleichgewicht-durch-heilpflanzen\/kraeuter-und-pflanzen\/schluesselblume\/","og_locale":"de_DE","og_type":"article","og_title":"SCHL\u00dcSSELBLUME - WOHLBEFINDEN","og_description":"Schl\u00fcsselblume - Primula vulgaris, Primula veris &nbsp; &nbsp; &nbsp; &nbsp; &nbsp; &nbsp; DIXA Schl\u00fcsselblume mit Kelch BIO geschnitten &nbsp; Primulae cum calice BIO flos conc lose ab 5 g CHF 0.55 &nbsp; &nbsp; &nbsp; &nbsp; &nbsp; &nbsp; &nbsp; &nbsp; &nbsp; &nbsp; DIXA Schl\u00fcsselblume Wurzel PHEur geschnitten &nbsp; Primulae PHEur radix conc&nbsp; lose ab 5 g CHF 0.25 &nbsp; &nbsp; &nbsp;&nbsp;Weiter lesen","og_url":"https:\/\/bien-etreiris.ch\/de\/produktpraesentation\/gesundes-leben\/nahrungsergaenzungsmittel\/pflanzenheilkunde-gleichgewicht-durch-heilpflanzen\/kraeuter-und-pflanzen\/schluesselblume\/","og_site_name":"WOHLBEFINDEN","article_publisher":"https:\/\/www.facebook.com\/bienetreiris\/","article_modified_time":"2023-12-02T10:27:19+00:00","og_image":[{"width":500,"height":303,"url":"https:\/\/bien-etreiris.ch\/wp-content\/uploads\/2023\/12\/acceuil-Primevere.png","type":"image\/png"}],"twitter_misc":{"Gesch\u00e4tzte Lesezeit":"2\u00a0Minuten"},"schema":{"@context":"https:\/\/schema.org","@graph":[{"@type":"WebPage","@id":"https:\/\/bien-etreiris.ch\/de\/produktpraesentation\/gesundes-leben\/nahrungsergaenzungsmittel\/pflanzenheilkunde-gleichgewicht-durch-heilpflanzen\/kraeuter-und-pflanzen\/schluesselblume\/","url":"https:\/\/bien-etreiris.ch\/de\/produktpraesentation\/gesundes-leben\/nahrungsergaenzungsmittel\/pflanzenheilkunde-gleichgewicht-durch-heilpflanzen\/kraeuter-und-pflanzen\/schluesselblume\/","name":"SCHL\u00dcSSELBLUME - WOHLBEFINDEN","isPartOf":{"@id":"https:\/\/bien-etreiris.ch\/de\/#website"},"primaryImageOfPage":{"@id":"https:\/\/bien-etreiris.ch\/de\/produktpraesentation\/gesundes-leben\/nahrungsergaenzungsmittel\/pflanzenheilkunde-gleichgewicht-durch-heilpflanzen\/kraeuter-und-pflanzen\/schluesselblume\/#primaryimage"},"image":{"@id":"https:\/\/bien-etreiris.ch\/de\/produktpraesentation\/gesundes-leben\/nahrungsergaenzungsmittel\/pflanzenheilkunde-gleichgewicht-durch-heilpflanzen\/kraeuter-und-pflanzen\/schluesselblume\/#primaryimage"},"thumbnailUrl":"https:\/\/bien-etreiris.ch\/wp-content\/uploads\/2023\/12\/acceuil-Primevere.png","datePublished":"2023-12-02T07:30:54+00:00","dateModified":"2023-12-02T10:27:19+00:00","breadcrumb":{"@id":"https:\/\/bien-etreiris.ch\/de\/produktpraesentation\/gesundes-leben\/nahrungsergaenzungsmittel\/pflanzenheilkunde-gleichgewicht-durch-heilpflanzen\/kraeuter-und-pflanzen\/schluesselblume\/#breadcrumb"},"inLanguage":"de","potentialAction":[{"@type":"ReadAction","target":["https:\/\/bien-etreiris.ch\/de\/produktpraesentation\/gesundes-leben\/nahrungsergaenzungsmittel\/pflanzenheilkunde-gleichgewicht-durch-heilpflanzen\/kraeuter-und-pflanzen\/schluesselblume\/"]}]},{"@type":"ImageObject","inLanguage":"de","@id":"https:\/\/bien-etreiris.ch\/de\/produktpraesentation\/gesundes-leben\/nahrungsergaenzungsmittel\/pflanzenheilkunde-gleichgewicht-durch-heilpflanzen\/kraeuter-und-pflanzen\/schluesselblume\/#primaryimage","url":"https:\/\/bien-etreiris.ch\/wp-content\/uploads\/2023\/12\/acceuil-Primevere.png","contentUrl":"https:\/\/bien-etreiris.ch\/wp-content\/uploads\/2023\/12\/acceuil-Primevere.png","width":500,"height":303},{"@type":"BreadcrumbList","@id":"https:\/\/bien-etreiris.ch\/de\/produktpraesentation\/gesundes-leben\/nahrungsergaenzungsmittel\/pflanzenheilkunde-gleichgewicht-durch-heilpflanzen\/kraeuter-und-pflanzen\/schluesselblume\/#breadcrumb","itemListElement":[{"@type":"ListItem","position":1,"name":"Home","item":"https:\/\/bien-etreiris.ch\/de\/"},{"@type":"ListItem","position":2,"name":"PRODUKTPR\u00c4SENTATION","item":"https:\/\/bien-etreiris.ch\/de\/produktpraesentation\/"},{"@type":"ListItem","position":3,"name":"GESUNDES LEBEN","item":"https:\/\/bien-etreiris.ch\/de\/produktpraesentation\/gesundes-leben\/"},{"@type":"ListItem","position":4,"name":"NAHRUNGSERG\u00c4NZUNG","item":"https:\/\/bien-etreiris.ch\/de\/produktpraesentation\/gesundes-leben\/nahrungsergaenzungsmittel\/"},{"@type":"ListItem","position":5,"name":"PFLANZENHEILKUNDE","item":"https:\/\/bien-etreiris.ch\/de\/produktpraesentation\/gesundes-leben\/nahrungsergaenzungsmittel\/pflanzenheilkunde-gleichgewicht-durch-heilpflanzen\/"},{"@type":"ListItem","position":6,"name":"KR\u00c4UTER &#038; PFLANZEN","item":"https:\/\/bien-etreiris.ch\/de\/produktpraesentation\/gesundes-leben\/nahrungsergaenzungsmittel\/pflanzenheilkunde-gleichgewicht-durch-heilpflanzen\/kraeuter-und-pflanzen\/"},{"@type":"ListItem","position":7,"name":"SCHL\u00dcSSELBLUME"}]},{"@type":"WebSite","@id":"https:\/\/bien-etreiris.ch\/de\/#website","url":"https:\/\/bien-etreiris.ch\/de\/","name":"Bien-\u00eatre Iris","description":"IHRE Gesundheit ist uns wichtig","potentialAction":[{"@type":"SearchAction","target":{"@type":"EntryPoint","urlTemplate":"https:\/\/bien-etreiris.ch\/de\/?s={search_term_string}"},"query-input":{"@type":"PropertyValueSpecification","valueRequired":true,"valueName":"search_term_string"}}],"inLanguage":"de"}]}},"_links":{"self":[{"href":"https:\/\/bien-etreiris.ch\/de\/wp-json\/wp\/v2\/pages\/81171","targetHints":{"allow":["GET"]}}],"collection":[{"href":"https:\/\/bien-etreiris.ch\/de\/wp-json\/wp\/v2\/pages"}],"about":[{"href":"https:\/\/bien-etreiris.ch\/de\/wp-json\/wp\/v2\/types\/page"}],"author":[{"embeddable":true,"href":"https:\/\/bien-etreiris.ch\/de\/wp-json\/wp\/v2\/users\/1"}],"replies":[{"embeddable":true,"href":"https:\/\/bien-etreiris.ch\/de\/wp-json\/wp\/v2\/comments?post=81171"}],"version-history":[{"count":4,"href":"https:\/\/bien-etreiris.ch\/de\/wp-json\/wp\/v2\/pages\/81171\/revisions"}],"predecessor-version":[{"id":81204,"href":"https:\/\/bien-etreiris.ch\/de\/wp-json\/wp\/v2\/pages\/81171\/revisions\/81204"}],"up":[{"embeddable":true,"href":"https:\/\/bien-etreiris.ch\/de\/wp-json\/wp\/v2\/pages\/30677"}],"wp:featuredmedia":[{"embeddable":true,"href":"https:\/\/bien-etreiris.ch\/de\/wp-json\/wp\/v2\/media\/81156"}],"wp:attachment":[{"href":"https:\/\/bien-etreiris.ch\/de\/wp-json\/wp\/v2\/media?parent=81171"}],"curies":[{"name":"wp","href":"https:\/\/api.w.org\/{rel}","templated":true}]}}