{"id":80993,"date":"2023-11-28T04:29:04","date_gmt":"2023-11-28T02:29:04","guid":{"rendered":"https:\/\/bien-etreiris.ch\/ratgeber-klarheit-beratung\/natuerliche-heilmittel\/pflanzenheilkunde\/basisoele\/huile-de-bourrache-2\/"},"modified":"2023-11-28T04:35:30","modified_gmt":"2023-11-28T02:35:30","slug":"huile-de-bourrache-2","status":"publish","type":"page","link":"https:\/\/bien-etreiris.ch\/de\/produktpraesentation\/aromatherapie\/kosmetisches-pflanzenoel\/huile-de-bourrache-2\/","title":{"rendered":"BOURRACHE"},"content":{"rendered":"<h2>Huile de bourrache BIO<\/h2>\n<p><a href=\"https:\/\/bien-etreiris.ch\/guide-lumiere-conseil\/mode-de-vie-sain\/nutrition\/ingredients\/huiles-vegetales-guide\/huile-de-bourrache-2\/bourrache\/\" rel=\"attachment wp-att-80987\"><img loading=\"lazy\" decoding=\"async\" class=\"size-full wp-image-80987 alignleft\" src=\"https:\/\/bien-etreiris.ch\/wp-content\/uploads\/2023\/11\/Bourrache.jpg\" alt=\"\" width=\"348\" height=\"543\" srcset=\"https:\/\/bien-etreiris.ch\/wp-content\/uploads\/2023\/11\/Bourrache.jpg 348w, https:\/\/bien-etreiris.ch\/wp-content\/uploads\/2023\/11\/Bourrache-192x300.jpg 192w\" sizes=\"auto, (max-width: 348px) 100vw, 348px\" \/><\/a><\/p>\n<p>&nbsp;<\/p>\n<p>&nbsp;<\/p>\n<p>&nbsp;<\/p>\n<p>&nbsp;<\/p>\n<p>&nbsp;<\/p>\n<p>&nbsp;<\/p>\n<p>&nbsp;<\/p>\n<h4>Bergland<\/h4>\n<p>Huile de bourrache bio<br \/>\nriche en acide gamma-linol\u00e9nique<\/p>\n<ul style=\"list-style-type: disc;\">\n<li>conf\u00e8re \u00e0 la peau \u00e9lasticit\u00e9 et tonicit\u00e9<\/li>\n<li>Soin r\u00e9g\u00e9n\u00e9rant<\/li>\n<li>Pour le soin des peaux s\u00e8ches et matures<\/li>\n<\/ul>\n<p>&nbsp;<\/p>\n<p>30 ml <strong>CHF 19.70<\/strong><\/p>\n<p>&nbsp;<\/p>\n<p>&nbsp;<\/p>\n<p>L'huile de bourrache est l'une des sources les plus riches en acide gamma-linol\u00e9nique. Sur la peau, l'huile a un effet r\u00e9g\u00e9n\u00e9rant. Elle conf\u00e8re \u00e0 la peau s\u00e8che \u00e9lasticit\u00e9 et tonicit\u00e9.<\/p>\n<ul style=\"list-style-type: disc;\">\n<li>cosm\u00e9tique naturelle certifi\u00e9e<\/li>\n<li>100% bio<\/li>\n<li>press\u00e9e \u00e0 froid<\/li>\n<\/ul>\n<p>&nbsp;<\/p>\n<p>Application : Pour les pr\u00e9parations cosm\u00e9tiques et les huiles de massage tr\u00e8s sp\u00e9ciales.<\/p>\n","protected":false},"excerpt":{"rendered":"<p>Huile de bourrache BIO &nbsp; &nbsp; &nbsp; &nbsp; &nbsp; &nbsp; &nbsp; Bergland Huile de bourrache bio riche en acide gamma-linol\u00e9nique conf\u00e8re \u00e0 la peau \u00e9lasticit\u00e9 et tonicit\u00e9 Soin r\u00e9g\u00e9n\u00e9rant Pour le soin des peaux s\u00e8ches et matures &nbsp; 30 ml CHF 19.70 &nbsp; &nbsp; L'huile de bourrache est l'une des sources les plus riches en acide gamma-linol\u00e9nique. Sur la peau,&nbsp;<a href=\"https:\/\/bien-etreiris.ch\/de\/produktpraesentation\/aromatherapie\/kosmetisches-pflanzenoel\/huile-de-bourrache-2\/\" class=\"read-more\">Weiter lesen<\/a><\/p>\n","protected":false},"author":1,"featured_media":80986,"parent":40125,"menu_order":2404,"comment_status":"closed","ping_status":"closed","template":"page-with-child.php","meta":{"_acf_changed":false,"ngg_post_thumbnail":0,"footnotes":""},"class_list":["post-80993","page","type-page","status-publish","has-post-thumbnail","hentry"],"acf":[],"yoast_head":"<!-- This site is optimized with the Yoast SEO plugin v27.6 - https:\/\/yoast.com\/product\/yoast-seo-wordpress\/ -->\n<title>BOURRACHE - WOHLBEFINDEN<\/title>\n<meta name=\"robots\" content=\"index, follow, max-snippet:-1, max-image-preview:large, max-video-preview:-1\" \/>\n<link rel=\"canonical\" href=\"https:\/\/bien-etreiris.ch\/de\/produktpraesentation\/aromatherapie\/kosmetisches-pflanzenoel\/huile-de-bourrache-2\/\" \/>\n<meta property=\"og:locale\" content=\"de_DE\" \/>\n<meta property=\"og:type\" content=\"article\" \/>\n<meta property=\"og:title\" content=\"BOURRACHE - WOHLBEFINDEN\" \/>\n<meta property=\"og:description\" content=\"Huile de bourrache BIO &nbsp; &nbsp; &nbsp; &nbsp; &nbsp; &nbsp; &nbsp; Bergland Huile de bourrache bio riche en acide gamma-linol\u00e9nique conf\u00e8re \u00e0 la peau \u00e9lasticit\u00e9 et tonicit\u00e9 Soin r\u00e9g\u00e9n\u00e9rant Pour le soin des peaux s\u00e8ches et matures &nbsp; 30 ml CHF 19.70 &nbsp; &nbsp; L&#039;huile de bourrache est l&#039;une des sources les plus riches en acide gamma-linol\u00e9nique. Sur la peau,&nbsp;Weiter lesen\" \/>\n<meta property=\"og:url\" content=\"https:\/\/bien-etreiris.ch\/de\/produktpraesentation\/aromatherapie\/kosmetisches-pflanzenoel\/huile-de-bourrache-2\/\" \/>\n<meta property=\"og:site_name\" content=\"WOHLBEFINDEN\" \/>\n<meta property=\"article:publisher\" content=\"https:\/\/www.facebook.com\/bienetreiris\/\" \/>\n<meta property=\"article:modified_time\" content=\"2023-11-28T02:35:30+00:00\" \/>\n<meta property=\"og:image\" content=\"https:\/\/bien-etreiris.ch\/wp-content\/uploads\/2023\/11\/acceuil-BOURRACHE.jpg\" \/>\n\t<meta property=\"og:image:width\" content=\"500\" \/>\n\t<meta property=\"og:image:height\" content=\"333\" \/>\n\t<meta property=\"og:image:type\" content=\"image\/jpeg\" \/>\n<meta name=\"twitter:label1\" content=\"Gesch\u00e4tzte Lesezeit\" \/>\n\t<meta name=\"twitter:data1\" content=\"1\u00a0Minute\" \/>\n<script type=\"application\/ld+json\" class=\"yoast-schema-graph\">{\"@context\":\"https:\\\/\\\/schema.org\",\"@graph\":[{\"@type\":\"WebPage\",\"@id\":\"https:\\\/\\\/bien-etreiris.ch\\\/de\\\/produktpraesentation\\\/aromatherapie\\\/kosmetisches-pflanzenoel\\\/huile-de-bourrache-2\\\/\",\"url\":\"https:\\\/\\\/bien-etreiris.ch\\\/de\\\/produktpraesentation\\\/aromatherapie\\\/kosmetisches-pflanzenoel\\\/huile-de-bourrache-2\\\/\",\"name\":\"BOURRACHE - WOHLBEFINDEN\",\"isPartOf\":{\"@id\":\"https:\\\/\\\/bien-etreiris.ch\\\/de\\\/#website\"},\"primaryImageOfPage\":{\"@id\":\"https:\\\/\\\/bien-etreiris.ch\\\/de\\\/produktpraesentation\\\/aromatherapie\\\/kosmetisches-pflanzenoel\\\/huile-de-bourrache-2\\\/#primaryimage\"},\"image\":{\"@id\":\"https:\\\/\\\/bien-etreiris.ch\\\/de\\\/produktpraesentation\\\/aromatherapie\\\/kosmetisches-pflanzenoel\\\/huile-de-bourrache-2\\\/#primaryimage\"},\"thumbnailUrl\":\"https:\\\/\\\/bien-etreiris.ch\\\/wp-content\\\/uploads\\\/2023\\\/11\\\/acceuil-BOURRACHE.jpg\",\"datePublished\":\"2023-11-28T02:29:04+00:00\",\"dateModified\":\"2023-11-28T02:35:30+00:00\",\"breadcrumb\":{\"@id\":\"https:\\\/\\\/bien-etreiris.ch\\\/de\\\/produktpraesentation\\\/aromatherapie\\\/kosmetisches-pflanzenoel\\\/huile-de-bourrache-2\\\/#breadcrumb\"},\"inLanguage\":\"de\",\"potentialAction\":[{\"@type\":\"ReadAction\",\"target\":[\"https:\\\/\\\/bien-etreiris.ch\\\/de\\\/produktpraesentation\\\/aromatherapie\\\/kosmetisches-pflanzenoel\\\/huile-de-bourrache-2\\\/\"]}]},{\"@type\":\"ImageObject\",\"inLanguage\":\"de\",\"@id\":\"https:\\\/\\\/bien-etreiris.ch\\\/de\\\/produktpraesentation\\\/aromatherapie\\\/kosmetisches-pflanzenoel\\\/huile-de-bourrache-2\\\/#primaryimage\",\"url\":\"https:\\\/\\\/bien-etreiris.ch\\\/wp-content\\\/uploads\\\/2023\\\/11\\\/acceuil-BOURRACHE.jpg\",\"contentUrl\":\"https:\\\/\\\/bien-etreiris.ch\\\/wp-content\\\/uploads\\\/2023\\\/11\\\/acceuil-BOURRACHE.jpg\",\"width\":500,\"height\":333},{\"@type\":\"BreadcrumbList\",\"@id\":\"https:\\\/\\\/bien-etreiris.ch\\\/de\\\/produktpraesentation\\\/aromatherapie\\\/kosmetisches-pflanzenoel\\\/huile-de-bourrache-2\\\/#breadcrumb\",\"itemListElement\":[{\"@type\":\"ListItem\",\"position\":1,\"name\":\"Home\",\"item\":\"https:\\\/\\\/bien-etreiris.ch\\\/de\\\/\"},{\"@type\":\"ListItem\",\"position\":2,\"name\":\"PRODUKTPR\u00c4SENTATION\",\"item\":\"https:\\\/\\\/bien-etreiris.ch\\\/de\\\/produktpraesentation\\\/\"},{\"@type\":\"ListItem\",\"position\":3,\"name\":\"AROMATHERAPIE\",\"item\":\"https:\\\/\\\/bien-etreiris.ch\\\/de\\\/produktpraesentation\\\/aromatherapie\\\/\"},{\"@type\":\"ListItem\",\"position\":4,\"name\":\"PFLANZEN\u00d6L\",\"item\":\"https:\\\/\\\/bien-etreiris.ch\\\/de\\\/produktpraesentation\\\/aromatherapie\\\/kosmetisches-pflanzenoel\\\/\"},{\"@type\":\"ListItem\",\"position\":5,\"name\":\"BOURRACHE\"}]},{\"@type\":\"WebSite\",\"@id\":\"https:\\\/\\\/bien-etreiris.ch\\\/de\\\/#website\",\"url\":\"https:\\\/\\\/bien-etreiris.ch\\\/de\\\/\",\"name\":\"Bien-\u00eatre Iris\",\"description\":\"IHRE Gesundheit ist uns wichtig\",\"potentialAction\":[{\"@type\":\"SearchAction\",\"target\":{\"@type\":\"EntryPoint\",\"urlTemplate\":\"https:\\\/\\\/bien-etreiris.ch\\\/de\\\/?s={search_term_string}\"},\"query-input\":{\"@type\":\"PropertyValueSpecification\",\"valueRequired\":true,\"valueName\":\"search_term_string\"}}],\"inLanguage\":\"de\"}]}<\/script>\n<!-- \/ Yoast SEO plugin. -->","yoast_head_json":{"title":"BOURRACHE - WOHLBEFINDEN","robots":{"index":"index","follow":"follow","max-snippet":"max-snippet:-1","max-image-preview":"max-image-preview:large","max-video-preview":"max-video-preview:-1"},"canonical":"https:\/\/bien-etreiris.ch\/de\/produktpraesentation\/aromatherapie\/kosmetisches-pflanzenoel\/huile-de-bourrache-2\/","og_locale":"de_DE","og_type":"article","og_title":"BOURRACHE - WOHLBEFINDEN","og_description":"Huile de bourrache BIO &nbsp; &nbsp; &nbsp; &nbsp; &nbsp; &nbsp; &nbsp; Bergland Huile de bourrache bio riche en acide gamma-linol\u00e9nique conf\u00e8re \u00e0 la peau \u00e9lasticit\u00e9 et tonicit\u00e9 Soin r\u00e9g\u00e9n\u00e9rant Pour le soin des peaux s\u00e8ches et matures &nbsp; 30 ml CHF 19.70 &nbsp; &nbsp; L'huile de bourrache est l'une des sources les plus riches en acide gamma-linol\u00e9nique. Sur la peau,&nbsp;Weiter lesen","og_url":"https:\/\/bien-etreiris.ch\/de\/produktpraesentation\/aromatherapie\/kosmetisches-pflanzenoel\/huile-de-bourrache-2\/","og_site_name":"WOHLBEFINDEN","article_publisher":"https:\/\/www.facebook.com\/bienetreiris\/","article_modified_time":"2023-11-28T02:35:30+00:00","og_image":[{"width":500,"height":333,"url":"https:\/\/bien-etreiris.ch\/wp-content\/uploads\/2023\/11\/acceuil-BOURRACHE.jpg","type":"image\/jpeg"}],"twitter_misc":{"Gesch\u00e4tzte Lesezeit":"1\u00a0Minute"},"schema":{"@context":"https:\/\/schema.org","@graph":[{"@type":"WebPage","@id":"https:\/\/bien-etreiris.ch\/de\/produktpraesentation\/aromatherapie\/kosmetisches-pflanzenoel\/huile-de-bourrache-2\/","url":"https:\/\/bien-etreiris.ch\/de\/produktpraesentation\/aromatherapie\/kosmetisches-pflanzenoel\/huile-de-bourrache-2\/","name":"BOURRACHE - WOHLBEFINDEN","isPartOf":{"@id":"https:\/\/bien-etreiris.ch\/de\/#website"},"primaryImageOfPage":{"@id":"https:\/\/bien-etreiris.ch\/de\/produktpraesentation\/aromatherapie\/kosmetisches-pflanzenoel\/huile-de-bourrache-2\/#primaryimage"},"image":{"@id":"https:\/\/bien-etreiris.ch\/de\/produktpraesentation\/aromatherapie\/kosmetisches-pflanzenoel\/huile-de-bourrache-2\/#primaryimage"},"thumbnailUrl":"https:\/\/bien-etreiris.ch\/wp-content\/uploads\/2023\/11\/acceuil-BOURRACHE.jpg","datePublished":"2023-11-28T02:29:04+00:00","dateModified":"2023-11-28T02:35:30+00:00","breadcrumb":{"@id":"https:\/\/bien-etreiris.ch\/de\/produktpraesentation\/aromatherapie\/kosmetisches-pflanzenoel\/huile-de-bourrache-2\/#breadcrumb"},"inLanguage":"de","potentialAction":[{"@type":"ReadAction","target":["https:\/\/bien-etreiris.ch\/de\/produktpraesentation\/aromatherapie\/kosmetisches-pflanzenoel\/huile-de-bourrache-2\/"]}]},{"@type":"ImageObject","inLanguage":"de","@id":"https:\/\/bien-etreiris.ch\/de\/produktpraesentation\/aromatherapie\/kosmetisches-pflanzenoel\/huile-de-bourrache-2\/#primaryimage","url":"https:\/\/bien-etreiris.ch\/wp-content\/uploads\/2023\/11\/acceuil-BOURRACHE.jpg","contentUrl":"https:\/\/bien-etreiris.ch\/wp-content\/uploads\/2023\/11\/acceuil-BOURRACHE.jpg","width":500,"height":333},{"@type":"BreadcrumbList","@id":"https:\/\/bien-etreiris.ch\/de\/produktpraesentation\/aromatherapie\/kosmetisches-pflanzenoel\/huile-de-bourrache-2\/#breadcrumb","itemListElement":[{"@type":"ListItem","position":1,"name":"Home","item":"https:\/\/bien-etreiris.ch\/de\/"},{"@type":"ListItem","position":2,"name":"PRODUKTPR\u00c4SENTATION","item":"https:\/\/bien-etreiris.ch\/de\/produktpraesentation\/"},{"@type":"ListItem","position":3,"name":"AROMATHERAPIE","item":"https:\/\/bien-etreiris.ch\/de\/produktpraesentation\/aromatherapie\/"},{"@type":"ListItem","position":4,"name":"PFLANZEN\u00d6L","item":"https:\/\/bien-etreiris.ch\/de\/produktpraesentation\/aromatherapie\/kosmetisches-pflanzenoel\/"},{"@type":"ListItem","position":5,"name":"BOURRACHE"}]},{"@type":"WebSite","@id":"https:\/\/bien-etreiris.ch\/de\/#website","url":"https:\/\/bien-etreiris.ch\/de\/","name":"Bien-\u00eatre Iris","description":"IHRE Gesundheit ist uns wichtig","potentialAction":[{"@type":"SearchAction","target":{"@type":"EntryPoint","urlTemplate":"https:\/\/bien-etreiris.ch\/de\/?s={search_term_string}"},"query-input":{"@type":"PropertyValueSpecification","valueRequired":true,"valueName":"search_term_string"}}],"inLanguage":"de"}]}},"_links":{"self":[{"href":"https:\/\/bien-etreiris.ch\/de\/wp-json\/wp\/v2\/pages\/80993","targetHints":{"allow":["GET"]}}],"collection":[{"href":"https:\/\/bien-etreiris.ch\/de\/wp-json\/wp\/v2\/pages"}],"about":[{"href":"https:\/\/bien-etreiris.ch\/de\/wp-json\/wp\/v2\/types\/page"}],"author":[{"embeddable":true,"href":"https:\/\/bien-etreiris.ch\/de\/wp-json\/wp\/v2\/users\/1"}],"replies":[{"embeddable":true,"href":"https:\/\/bien-etreiris.ch\/de\/wp-json\/wp\/v2\/comments?post=80993"}],"version-history":[{"count":2,"href":"https:\/\/bien-etreiris.ch\/de\/wp-json\/wp\/v2\/pages\/80993\/revisions"}],"predecessor-version":[{"id":81000,"href":"https:\/\/bien-etreiris.ch\/de\/wp-json\/wp\/v2\/pages\/80993\/revisions\/81000"}],"up":[{"embeddable":true,"href":"https:\/\/bien-etreiris.ch\/de\/wp-json\/wp\/v2\/pages\/40125"}],"wp:featuredmedia":[{"embeddable":true,"href":"https:\/\/bien-etreiris.ch\/de\/wp-json\/wp\/v2\/media\/80986"}],"wp:attachment":[{"href":"https:\/\/bien-etreiris.ch\/de\/wp-json\/wp\/v2\/media?parent=80993"}],"curies":[{"name":"wp","href":"https:\/\/api.w.org\/{rel}","templated":true}]}}