{"id":80571,"date":"2023-11-23T15:30:53","date_gmt":"2023-11-23T13:30:53","guid":{"rendered":"https:\/\/bien-etreiris.ch\/produktpraesentation\/gesundes-leben\/nahrungsergaenzungsmittel\/pflanzenheilkunde-gleichgewicht-durch-heilpflanzen\/kapseln-und-pulver-auf-pflanzlicher-basis\/rhodiola-rosea\/"},"modified":"2023-11-24T11:36:48","modified_gmt":"2023-11-24T09:36:48","slug":"rhodiola-rosea","status":"publish","type":"page","link":"https:\/\/bien-etreiris.ch\/de\/produktpraesentation\/gesundes-leben\/nahrungsergaenzungsmittel\/pflanzenheilkunde-gleichgewicht-durch-heilpflanzen\/kapseln-und-pulver-auf-pflanzlicher-basis\/rhodiola-rosea\/","title":{"rendered":"RHODIOLA ROSEA"},"content":{"rendered":"<h2>Rhodiola Rosea mit Extrakt aus der Rosenwurzel<\/h2>\n<p><a href=\"https:\/\/bien-etreiris.ch\/de\/produktpraesentation\/gesundes-leben\/nahrungsergaenzungsmittel\/pflanzenheilkunde-gleichgewicht-durch-heilpflanzen\/kapseln-und-pulver-auf-pflanzlicher-basis\/rhodiola-rosea\/rhodiola-rosea-2\/\" rel=\"attachment wp-att-80565\"><img loading=\"lazy\" decoding=\"async\" class=\"wp-image-80565 alignleft\" src=\"https:\/\/bien-etreiris.ch\/wp-content\/uploads\/2023\/11\/rhodiola-rosea.jpg\" alt=\"\" width=\"319\" height=\"485\" srcset=\"https:\/\/bien-etreiris.ch\/wp-content\/uploads\/2023\/11\/rhodiola-rosea.jpg 481w, https:\/\/bien-etreiris.ch\/wp-content\/uploads\/2023\/11\/rhodiola-rosea-197x300.jpg 197w\" sizes=\"auto, (max-width: 319px) 100vw, 319px\" \/><\/a><\/p>\n<p>&nbsp;<\/p>\n<p>&nbsp;<\/p>\n<p>&nbsp;<\/p>\n<p>&nbsp;<\/p>\n<p>&nbsp;<\/p>\n<p>&nbsp;<\/p>\n<p>&nbsp;<\/p>\n<p>&nbsp;<\/p>\n<h4><strong>Unimedica<\/strong><\/h4>\n<div class=\"d-none d-md-block\">\n<p>Rhodiola Rosea mit Extrakt aus der Rosenwurzel, davon 3 % Rosavin und 1 % Salidrosid.<\/p>\n<p>1 Glasgef\u00e4\u00df CHF 19.90<\/p>\n<\/div>\n<p>&nbsp;<\/p>\n<p><a href=\"https:\/\/bien-etreiris.ch\/de\/produktpraesentation\/gesundes-leben\/nahrungsergaenzungsmittel\/pflanzenheilkunde-gleichgewicht-durch-heilpflanzen\/kapseln-und-pulver-auf-pflanzlicher-basis\/rhodiola-rosea\/edikette-rhodiola-rosea-2\/\" rel=\"attachment wp-att-80582\"><img loading=\"lazy\" decoding=\"async\" class=\"alignnone size-full wp-image-80582\" src=\"https:\/\/bien-etreiris.ch\/wp-content\/uploads\/2023\/11\/edikette-rhodiola-rosea-scaled.jpg\" alt=\"\" width=\"2560\" height=\"768\" srcset=\"https:\/\/bien-etreiris.ch\/wp-content\/uploads\/2023\/11\/edikette-rhodiola-rosea-scaled.jpg 2560w, https:\/\/bien-etreiris.ch\/wp-content\/uploads\/2023\/11\/edikette-rhodiola-rosea-300x90.jpg 300w, https:\/\/bien-etreiris.ch\/wp-content\/uploads\/2023\/11\/edikette-rhodiola-rosea-1024x307.jpg 1024w, https:\/\/bien-etreiris.ch\/wp-content\/uploads\/2023\/11\/edikette-rhodiola-rosea-768x230.jpg 768w, https:\/\/bien-etreiris.ch\/wp-content\/uploads\/2023\/11\/edikette-rhodiola-rosea-1536x461.jpg 1536w, https:\/\/bien-etreiris.ch\/wp-content\/uploads\/2023\/11\/edikette-rhodiola-rosea-2048x614.jpg 2048w\" sizes=\"auto, (max-width: 2560px) 100vw, 2560px\" \/><\/a><\/p>\n<p>&nbsp;<\/p>\n<p>&nbsp;<\/p>\n<p>&nbsp;<\/p>\n<p>Unimedica's Kapseln mit Rosenkrautextrakt Rhodiola Rosea enthalten 200 mg Rosenkrautextrakt, davon 3 % Rosavin und 1 % Salidrosid pro Tagesdosis (1 Kapsel).<br \/>\nDie Kapseln mit Rhodiola Rosea Extrakt aus Rosa Kn\u00f6terich von Unimedica werden ohne Zusatzstoffe aus den kr\u00e4ftigen Pfahlwurzeln des Rosa Kn\u00f6terichs, der \"Goldwurzel\", hergestellt. Das Rosa Knabenkraut (oder \"Rhodiola\") ist eine sukkulente Fettpflanze, die in den arktischen und bergigen Regionen Nordamerikas und Eurasiens gedeiht. Die Wurzel und die oberen Teile der Pflanze verstr\u00f6men beim Schneiden den f\u00fcr Rosen charakteristischen Geruch. Daher hat die Pflanze auch ihren Namen Rosenkn\u00f6terich.<br \/>\nDer Extrakt des Rosa Knabenkrauts und der Tee werden seit langem in der russischen, baltischen und skandinavischen Volksmedizin verwendet. Sie enthalten wertvolle Inhaltsstoffe wie die phenolischen Glykoside Rosavin und Salidrosid.<\/p>\n<p>&nbsp;<\/p>\n<h4>Hinweis:<\/h4>\n<p>Die empfohlene Dosis sollte nicht \u00fcberschritten werden. Nahrungserg\u00e4nzungsmittel sind kein Ersatz f\u00fcr eine ausgewogene und abwechslungsreiche Ern\u00e4hrung und eine gesunde Lebensweise.<\/p>\n<p>&nbsp;<\/p>\n","protected":false},"excerpt":{"rendered":"<p>Rhodiola Rosea mit Extrakt aus der Rosenwurzel &nbsp; &nbsp; &nbsp; &nbsp; &nbsp; &nbsp; &nbsp; &nbsp; Unimedica Rhodiola Rosea mit Extrakt aus der Rosenwurzel, davon 3 % Rosavin und 1 % Salidrosid. 1 Glasgef\u00e4\u00df CHF 19.90 &nbsp; &nbsp; &nbsp; &nbsp; Unimedica's Kapseln mit Rosenkrautextrakt Rhodiola Rosea enthalten 200 mg Rosenkrautextrakt, davon 3 % Rosavin und 1 % Salidrosid pro Tagesdosis (1&nbsp;<a href=\"https:\/\/bien-etreiris.ch\/de\/produktpraesentation\/gesundes-leben\/nahrungsergaenzungsmittel\/pflanzenheilkunde-gleichgewicht-durch-heilpflanzen\/kapseln-und-pulver-auf-pflanzlicher-basis\/rhodiola-rosea\/\" class=\"read-more\">Weiter lesen<\/a><\/p>\n","protected":false},"author":1,"featured_media":80533,"parent":60901,"menu_order":2431,"comment_status":"closed","ping_status":"closed","template":"page-with-child.php","meta":{"_acf_changed":false,"ngg_post_thumbnail":0,"footnotes":""},"class_list":["post-80571","page","type-page","status-publish","has-post-thumbnail","hentry"],"acf":[],"yoast_head":"<!-- This site is optimized with the Yoast SEO plugin v27.6 - https:\/\/yoast.com\/product\/yoast-seo-wordpress\/ -->\n<title>RHODIOLA ROSEA - WOHLBEFINDEN<\/title>\n<meta name=\"robots\" content=\"index, follow, max-snippet:-1, max-image-preview:large, max-video-preview:-1\" \/>\n<link rel=\"canonical\" href=\"https:\/\/bien-etreiris.ch\/de\/produktpraesentation\/gesundes-leben\/nahrungsergaenzungsmittel\/pflanzenheilkunde-gleichgewicht-durch-heilpflanzen\/kapseln-und-pulver-auf-pflanzlicher-basis\/rhodiola-rosea\/\" \/>\n<meta property=\"og:locale\" content=\"de_DE\" \/>\n<meta property=\"og:type\" content=\"article\" \/>\n<meta property=\"og:title\" content=\"RHODIOLA ROSEA - WOHLBEFINDEN\" \/>\n<meta property=\"og:description\" content=\"Rhodiola Rosea mit Extrakt aus der Rosenwurzel &nbsp; &nbsp; &nbsp; &nbsp; &nbsp; &nbsp; &nbsp; &nbsp; Unimedica Rhodiola Rosea mit Extrakt aus der Rosenwurzel, davon 3 % Rosavin und 1 % Salidrosid. 1 Glasgef\u00e4\u00df CHF 19.90 &nbsp; &nbsp; &nbsp; &nbsp; Unimedica&#039;s Kapseln mit Rosenkrautextrakt Rhodiola Rosea enthalten 200 mg Rosenkrautextrakt, davon 3 % Rosavin und 1 % Salidrosid pro Tagesdosis (1&nbsp;Weiter lesen\" \/>\n<meta property=\"og:url\" content=\"https:\/\/bien-etreiris.ch\/de\/produktpraesentation\/gesundes-leben\/nahrungsergaenzungsmittel\/pflanzenheilkunde-gleichgewicht-durch-heilpflanzen\/kapseln-und-pulver-auf-pflanzlicher-basis\/rhodiola-rosea\/\" \/>\n<meta property=\"og:site_name\" content=\"WOHLBEFINDEN\" \/>\n<meta property=\"article:publisher\" content=\"https:\/\/www.facebook.com\/bienetreiris\/\" \/>\n<meta property=\"article:modified_time\" content=\"2023-11-24T09:36:48+00:00\" \/>\n<meta property=\"og:image\" content=\"https:\/\/bien-etreiris.ch\/wp-content\/uploads\/2023\/11\/acceuil-racine-de-rose.jpg\" \/>\n\t<meta property=\"og:image:width\" content=\"500\" \/>\n\t<meta property=\"og:image:height\" content=\"333\" \/>\n\t<meta property=\"og:image:type\" content=\"image\/jpeg\" \/>\n<meta name=\"twitter:label1\" content=\"Gesch\u00e4tzte Lesezeit\" \/>\n\t<meta name=\"twitter:data1\" content=\"2\u00a0Minuten\" \/>\n<script type=\"application\/ld+json\" class=\"yoast-schema-graph\">{\"@context\":\"https:\\\/\\\/schema.org\",\"@graph\":[{\"@type\":\"WebPage\",\"@id\":\"https:\\\/\\\/bien-etreiris.ch\\\/de\\\/produktpraesentation\\\/gesundes-leben\\\/nahrungsergaenzungsmittel\\\/pflanzenheilkunde-gleichgewicht-durch-heilpflanzen\\\/kapseln-und-pulver-auf-pflanzlicher-basis\\\/rhodiola-rosea\\\/\",\"url\":\"https:\\\/\\\/bien-etreiris.ch\\\/de\\\/produktpraesentation\\\/gesundes-leben\\\/nahrungsergaenzungsmittel\\\/pflanzenheilkunde-gleichgewicht-durch-heilpflanzen\\\/kapseln-und-pulver-auf-pflanzlicher-basis\\\/rhodiola-rosea\\\/\",\"name\":\"RHODIOLA ROSEA - WOHLBEFINDEN\",\"isPartOf\":{\"@id\":\"https:\\\/\\\/bien-etreiris.ch\\\/de\\\/#website\"},\"primaryImageOfPage\":{\"@id\":\"https:\\\/\\\/bien-etreiris.ch\\\/de\\\/produktpraesentation\\\/gesundes-leben\\\/nahrungsergaenzungsmittel\\\/pflanzenheilkunde-gleichgewicht-durch-heilpflanzen\\\/kapseln-und-pulver-auf-pflanzlicher-basis\\\/rhodiola-rosea\\\/#primaryimage\"},\"image\":{\"@id\":\"https:\\\/\\\/bien-etreiris.ch\\\/de\\\/produktpraesentation\\\/gesundes-leben\\\/nahrungsergaenzungsmittel\\\/pflanzenheilkunde-gleichgewicht-durch-heilpflanzen\\\/kapseln-und-pulver-auf-pflanzlicher-basis\\\/rhodiola-rosea\\\/#primaryimage\"},\"thumbnailUrl\":\"https:\\\/\\\/bien-etreiris.ch\\\/wp-content\\\/uploads\\\/2023\\\/11\\\/acceuil-racine-de-rose.jpg\",\"datePublished\":\"2023-11-23T13:30:53+00:00\",\"dateModified\":\"2023-11-24T09:36:48+00:00\",\"breadcrumb\":{\"@id\":\"https:\\\/\\\/bien-etreiris.ch\\\/de\\\/produktpraesentation\\\/gesundes-leben\\\/nahrungsergaenzungsmittel\\\/pflanzenheilkunde-gleichgewicht-durch-heilpflanzen\\\/kapseln-und-pulver-auf-pflanzlicher-basis\\\/rhodiola-rosea\\\/#breadcrumb\"},\"inLanguage\":\"de\",\"potentialAction\":[{\"@type\":\"ReadAction\",\"target\":[\"https:\\\/\\\/bien-etreiris.ch\\\/de\\\/produktpraesentation\\\/gesundes-leben\\\/nahrungsergaenzungsmittel\\\/pflanzenheilkunde-gleichgewicht-durch-heilpflanzen\\\/kapseln-und-pulver-auf-pflanzlicher-basis\\\/rhodiola-rosea\\\/\"]}]},{\"@type\":\"ImageObject\",\"inLanguage\":\"de\",\"@id\":\"https:\\\/\\\/bien-etreiris.ch\\\/de\\\/produktpraesentation\\\/gesundes-leben\\\/nahrungsergaenzungsmittel\\\/pflanzenheilkunde-gleichgewicht-durch-heilpflanzen\\\/kapseln-und-pulver-auf-pflanzlicher-basis\\\/rhodiola-rosea\\\/#primaryimage\",\"url\":\"https:\\\/\\\/bien-etreiris.ch\\\/wp-content\\\/uploads\\\/2023\\\/11\\\/acceuil-racine-de-rose.jpg\",\"contentUrl\":\"https:\\\/\\\/bien-etreiris.ch\\\/wp-content\\\/uploads\\\/2023\\\/11\\\/acceuil-racine-de-rose.jpg\",\"width\":500,\"height\":333},{\"@type\":\"BreadcrumbList\",\"@id\":\"https:\\\/\\\/bien-etreiris.ch\\\/de\\\/produktpraesentation\\\/gesundes-leben\\\/nahrungsergaenzungsmittel\\\/pflanzenheilkunde-gleichgewicht-durch-heilpflanzen\\\/kapseln-und-pulver-auf-pflanzlicher-basis\\\/rhodiola-rosea\\\/#breadcrumb\",\"itemListElement\":[{\"@type\":\"ListItem\",\"position\":1,\"name\":\"Home\",\"item\":\"https:\\\/\\\/bien-etreiris.ch\\\/de\\\/\"},{\"@type\":\"ListItem\",\"position\":2,\"name\":\"PRODUKTPR\u00c4SENTATION\",\"item\":\"https:\\\/\\\/bien-etreiris.ch\\\/de\\\/produktpraesentation\\\/\"},{\"@type\":\"ListItem\",\"position\":3,\"name\":\"GESUNDES LEBEN\",\"item\":\"https:\\\/\\\/bien-etreiris.ch\\\/de\\\/produktpraesentation\\\/gesundes-leben\\\/\"},{\"@type\":\"ListItem\",\"position\":4,\"name\":\"NAHRUNGSERG\u00c4NZUNG\",\"item\":\"https:\\\/\\\/bien-etreiris.ch\\\/de\\\/produktpraesentation\\\/gesundes-leben\\\/nahrungsergaenzungsmittel\\\/\"},{\"@type\":\"ListItem\",\"position\":5,\"name\":\"PFLANZENHEILKUNDE\",\"item\":\"https:\\\/\\\/bien-etreiris.ch\\\/de\\\/produktpraesentation\\\/gesundes-leben\\\/nahrungsergaenzungsmittel\\\/pflanzenheilkunde-gleichgewicht-durch-heilpflanzen\\\/\"},{\"@type\":\"ListItem\",\"position\":6,\"name\":\"KAPSELN &#038; PULVER\",\"item\":\"https:\\\/\\\/bien-etreiris.ch\\\/de\\\/produktpraesentation\\\/gesundes-leben\\\/nahrungsergaenzungsmittel\\\/pflanzenheilkunde-gleichgewicht-durch-heilpflanzen\\\/kapseln-und-pulver-auf-pflanzlicher-basis\\\/\"},{\"@type\":\"ListItem\",\"position\":7,\"name\":\"RHODIOLA ROSEA\"}]},{\"@type\":\"WebSite\",\"@id\":\"https:\\\/\\\/bien-etreiris.ch\\\/de\\\/#website\",\"url\":\"https:\\\/\\\/bien-etreiris.ch\\\/de\\\/\",\"name\":\"Bien-\u00eatre Iris\",\"description\":\"IHRE Gesundheit ist uns wichtig\",\"potentialAction\":[{\"@type\":\"SearchAction\",\"target\":{\"@type\":\"EntryPoint\",\"urlTemplate\":\"https:\\\/\\\/bien-etreiris.ch\\\/de\\\/?s={search_term_string}\"},\"query-input\":{\"@type\":\"PropertyValueSpecification\",\"valueRequired\":true,\"valueName\":\"search_term_string\"}}],\"inLanguage\":\"de\"}]}<\/script>\n<!-- \/ Yoast SEO plugin. -->","yoast_head_json":{"title":"RHODIOLA ROSEA - WOHLBEFINDEN","robots":{"index":"index","follow":"follow","max-snippet":"max-snippet:-1","max-image-preview":"max-image-preview:large","max-video-preview":"max-video-preview:-1"},"canonical":"https:\/\/bien-etreiris.ch\/de\/produktpraesentation\/gesundes-leben\/nahrungsergaenzungsmittel\/pflanzenheilkunde-gleichgewicht-durch-heilpflanzen\/kapseln-und-pulver-auf-pflanzlicher-basis\/rhodiola-rosea\/","og_locale":"de_DE","og_type":"article","og_title":"RHODIOLA ROSEA - WOHLBEFINDEN","og_description":"Rhodiola Rosea mit Extrakt aus der Rosenwurzel &nbsp; &nbsp; &nbsp; &nbsp; &nbsp; &nbsp; &nbsp; &nbsp; Unimedica Rhodiola Rosea mit Extrakt aus der Rosenwurzel, davon 3 % Rosavin und 1 % Salidrosid. 1 Glasgef\u00e4\u00df CHF 19.90 &nbsp; &nbsp; &nbsp; &nbsp; Unimedica's Kapseln mit Rosenkrautextrakt Rhodiola Rosea enthalten 200 mg Rosenkrautextrakt, davon 3 % Rosavin und 1 % Salidrosid pro Tagesdosis (1&nbsp;Weiter lesen","og_url":"https:\/\/bien-etreiris.ch\/de\/produktpraesentation\/gesundes-leben\/nahrungsergaenzungsmittel\/pflanzenheilkunde-gleichgewicht-durch-heilpflanzen\/kapseln-und-pulver-auf-pflanzlicher-basis\/rhodiola-rosea\/","og_site_name":"WOHLBEFINDEN","article_publisher":"https:\/\/www.facebook.com\/bienetreiris\/","article_modified_time":"2023-11-24T09:36:48+00:00","og_image":[{"width":500,"height":333,"url":"https:\/\/bien-etreiris.ch\/wp-content\/uploads\/2023\/11\/acceuil-racine-de-rose.jpg","type":"image\/jpeg"}],"twitter_misc":{"Gesch\u00e4tzte Lesezeit":"2\u00a0Minuten"},"schema":{"@context":"https:\/\/schema.org","@graph":[{"@type":"WebPage","@id":"https:\/\/bien-etreiris.ch\/de\/produktpraesentation\/gesundes-leben\/nahrungsergaenzungsmittel\/pflanzenheilkunde-gleichgewicht-durch-heilpflanzen\/kapseln-und-pulver-auf-pflanzlicher-basis\/rhodiola-rosea\/","url":"https:\/\/bien-etreiris.ch\/de\/produktpraesentation\/gesundes-leben\/nahrungsergaenzungsmittel\/pflanzenheilkunde-gleichgewicht-durch-heilpflanzen\/kapseln-und-pulver-auf-pflanzlicher-basis\/rhodiola-rosea\/","name":"RHODIOLA ROSEA - WOHLBEFINDEN","isPartOf":{"@id":"https:\/\/bien-etreiris.ch\/de\/#website"},"primaryImageOfPage":{"@id":"https:\/\/bien-etreiris.ch\/de\/produktpraesentation\/gesundes-leben\/nahrungsergaenzungsmittel\/pflanzenheilkunde-gleichgewicht-durch-heilpflanzen\/kapseln-und-pulver-auf-pflanzlicher-basis\/rhodiola-rosea\/#primaryimage"},"image":{"@id":"https:\/\/bien-etreiris.ch\/de\/produktpraesentation\/gesundes-leben\/nahrungsergaenzungsmittel\/pflanzenheilkunde-gleichgewicht-durch-heilpflanzen\/kapseln-und-pulver-auf-pflanzlicher-basis\/rhodiola-rosea\/#primaryimage"},"thumbnailUrl":"https:\/\/bien-etreiris.ch\/wp-content\/uploads\/2023\/11\/acceuil-racine-de-rose.jpg","datePublished":"2023-11-23T13:30:53+00:00","dateModified":"2023-11-24T09:36:48+00:00","breadcrumb":{"@id":"https:\/\/bien-etreiris.ch\/de\/produktpraesentation\/gesundes-leben\/nahrungsergaenzungsmittel\/pflanzenheilkunde-gleichgewicht-durch-heilpflanzen\/kapseln-und-pulver-auf-pflanzlicher-basis\/rhodiola-rosea\/#breadcrumb"},"inLanguage":"de","potentialAction":[{"@type":"ReadAction","target":["https:\/\/bien-etreiris.ch\/de\/produktpraesentation\/gesundes-leben\/nahrungsergaenzungsmittel\/pflanzenheilkunde-gleichgewicht-durch-heilpflanzen\/kapseln-und-pulver-auf-pflanzlicher-basis\/rhodiola-rosea\/"]}]},{"@type":"ImageObject","inLanguage":"de","@id":"https:\/\/bien-etreiris.ch\/de\/produktpraesentation\/gesundes-leben\/nahrungsergaenzungsmittel\/pflanzenheilkunde-gleichgewicht-durch-heilpflanzen\/kapseln-und-pulver-auf-pflanzlicher-basis\/rhodiola-rosea\/#primaryimage","url":"https:\/\/bien-etreiris.ch\/wp-content\/uploads\/2023\/11\/acceuil-racine-de-rose.jpg","contentUrl":"https:\/\/bien-etreiris.ch\/wp-content\/uploads\/2023\/11\/acceuil-racine-de-rose.jpg","width":500,"height":333},{"@type":"BreadcrumbList","@id":"https:\/\/bien-etreiris.ch\/de\/produktpraesentation\/gesundes-leben\/nahrungsergaenzungsmittel\/pflanzenheilkunde-gleichgewicht-durch-heilpflanzen\/kapseln-und-pulver-auf-pflanzlicher-basis\/rhodiola-rosea\/#breadcrumb","itemListElement":[{"@type":"ListItem","position":1,"name":"Home","item":"https:\/\/bien-etreiris.ch\/de\/"},{"@type":"ListItem","position":2,"name":"PRODUKTPR\u00c4SENTATION","item":"https:\/\/bien-etreiris.ch\/de\/produktpraesentation\/"},{"@type":"ListItem","position":3,"name":"GESUNDES LEBEN","item":"https:\/\/bien-etreiris.ch\/de\/produktpraesentation\/gesundes-leben\/"},{"@type":"ListItem","position":4,"name":"NAHRUNGSERG\u00c4NZUNG","item":"https:\/\/bien-etreiris.ch\/de\/produktpraesentation\/gesundes-leben\/nahrungsergaenzungsmittel\/"},{"@type":"ListItem","position":5,"name":"PFLANZENHEILKUNDE","item":"https:\/\/bien-etreiris.ch\/de\/produktpraesentation\/gesundes-leben\/nahrungsergaenzungsmittel\/pflanzenheilkunde-gleichgewicht-durch-heilpflanzen\/"},{"@type":"ListItem","position":6,"name":"KAPSELN &#038; PULVER","item":"https:\/\/bien-etreiris.ch\/de\/produktpraesentation\/gesundes-leben\/nahrungsergaenzungsmittel\/pflanzenheilkunde-gleichgewicht-durch-heilpflanzen\/kapseln-und-pulver-auf-pflanzlicher-basis\/"},{"@type":"ListItem","position":7,"name":"RHODIOLA ROSEA"}]},{"@type":"WebSite","@id":"https:\/\/bien-etreiris.ch\/de\/#website","url":"https:\/\/bien-etreiris.ch\/de\/","name":"Bien-\u00eatre Iris","description":"IHRE Gesundheit ist uns wichtig","potentialAction":[{"@type":"SearchAction","target":{"@type":"EntryPoint","urlTemplate":"https:\/\/bien-etreiris.ch\/de\/?s={search_term_string}"},"query-input":{"@type":"PropertyValueSpecification","valueRequired":true,"valueName":"search_term_string"}}],"inLanguage":"de"}]}},"_links":{"self":[{"href":"https:\/\/bien-etreiris.ch\/de\/wp-json\/wp\/v2\/pages\/80571","targetHints":{"allow":["GET"]}}],"collection":[{"href":"https:\/\/bien-etreiris.ch\/de\/wp-json\/wp\/v2\/pages"}],"about":[{"href":"https:\/\/bien-etreiris.ch\/de\/wp-json\/wp\/v2\/types\/page"}],"author":[{"embeddable":true,"href":"https:\/\/bien-etreiris.ch\/de\/wp-json\/wp\/v2\/users\/1"}],"replies":[{"embeddable":true,"href":"https:\/\/bien-etreiris.ch\/de\/wp-json\/wp\/v2\/comments?post=80571"}],"version-history":[{"count":6,"href":"https:\/\/bien-etreiris.ch\/de\/wp-json\/wp\/v2\/pages\/80571\/revisions"}],"predecessor-version":[{"id":80637,"href":"https:\/\/bien-etreiris.ch\/de\/wp-json\/wp\/v2\/pages\/80571\/revisions\/80637"}],"up":[{"embeddable":true,"href":"https:\/\/bien-etreiris.ch\/de\/wp-json\/wp\/v2\/pages\/60901"}],"wp:featuredmedia":[{"embeddable":true,"href":"https:\/\/bien-etreiris.ch\/de\/wp-json\/wp\/v2\/media\/80533"}],"wp:attachment":[{"href":"https:\/\/bien-etreiris.ch\/de\/wp-json\/wp\/v2\/media?parent=80571"}],"curies":[{"name":"wp","href":"https:\/\/api.w.org\/{rel}","templated":true}]}}