{"id":80354,"date":"2023-11-21T06:57:46","date_gmt":"2023-11-21T04:57:46","guid":{"rendered":"https:\/\/bien-etreiris.ch\/sauge-types\/"},"modified":"2023-11-21T07:01:14","modified_gmt":"2023-11-21T05:01:14","slug":"salbei-arten","status":"publish","type":"page","link":"https:\/\/bien-etreiris.ch\/de\/produktpraesentation\/aromatherapie\/aetherische-oele\/salbei-arten\/","title":{"rendered":"SALBEI-ARTEN"},"content":{"rendered":"<h2>Salbei\u00f6l: Arten<\/h2>\n<p>Bei \u00e4therischem Salbei\u00f6l spricht man in der Regel vom \u00e4therischen \u00d6l des Salvia officinalis, des Gartensalbeis. Dar\u00fcber hinaus existieren weitere Salbeiarten:<\/p>\n<p>Salbei wei\u00df: Salbei wei\u00df wird auch als indianischer R\u00e4uchersalbei bezeichnet, denn diese Art des Salbeis wurde von der indigenen Bev\u00f6lkerung Nordamerikas als R\u00e4ucherpflanze verwendet. Dazu wurden sowohl Kr\u00e4uterb\u00fcndel angez\u00fcndet als auch der lose Salbei verbrannt. Wei\u00dfer Salbei wurde dabei f\u00fcr verschiedene Reinigungs-Zeremonien verwendet. Auch heute kommt der Duft des wei\u00dfen Salbeis wegen seiner intensiven, w\u00fcrzig-tiefgehenden Note noch gerne als Aromaerlebnis in der Duftlampe oder im Diffusor zum Einsatz.<br \/>\nLavendelsalbei: Dem \u00e4therischen \u00d6l des Lavendelsalbeis wird eine besonders aktivierende Wirkung nachgesagt. Nicht nur bei Konzentrationsschw\u00e4che kann es eingesetzt werden, sogar bei Demenz kann es Abhilfe schaffen.<br \/>\nMuskatellersalbei: Muskatellersalbei, oder Salvia sclarea, galt als eine der wichtigsten Heilpflanzen der Kelten. Heute wird das \u00e4therische \u00d6l des Muskatellersalbeis vor allem in der Aromatherapie und Aromakosmetik So wird es beispielsweise f\u00fcr die Parf\u00fcmherstellung verwendet, dient aber auch als Stimmungsaufheller und kann<\/p>\n","protected":false},"excerpt":{"rendered":"<p>Salbei\u00f6l: Arten Bei \u00e4therischem Salbei\u00f6l spricht man in der Regel vom \u00e4therischen \u00d6l des Salvia officinalis, des Gartensalbeis. Dar\u00fcber hinaus existieren weitere Salbeiarten: Salbei wei\u00df: Salbei wei\u00df wird auch als indianischer R\u00e4uchersalbei bezeichnet, denn diese Art des Salbeis wurde von der indigenen Bev\u00f6lkerung Nordamerikas als R\u00e4ucherpflanze verwendet. Dazu wurden sowohl Kr\u00e4uterb\u00fcndel angez\u00fcndet als auch der lose Salbei verbrannt. Wei\u00dfer Salbei&nbsp;<a href=\"https:\/\/bien-etreiris.ch\/de\/produktpraesentation\/aromatherapie\/aetherische-oele\/salbei-arten\/\" class=\"read-more\">Weiter lesen<\/a><\/p>\n","protected":false},"author":1,"featured_media":80321,"parent":37429,"menu_order":2458,"comment_status":"closed","ping_status":"closed","template":"page-with-child.php","meta":{"_acf_changed":false,"ngg_post_thumbnail":0,"footnotes":""},"class_list":["post-80354","page","type-page","status-publish","has-post-thumbnail","hentry"],"acf":[],"yoast_head":"<!-- This site is optimized with the Yoast SEO plugin v27.6 - https:\/\/yoast.com\/product\/yoast-seo-wordpress\/ -->\n<title>SALBEI-ARTEN - WOHLBEFINDEN<\/title>\n<meta name=\"robots\" content=\"index, follow, max-snippet:-1, max-image-preview:large, max-video-preview:-1\" \/>\n<link rel=\"canonical\" href=\"https:\/\/bien-etreiris.ch\/de\/produktpraesentation\/aromatherapie\/aetherische-oele\/salbei-arten\/\" \/>\n<meta property=\"og:locale\" content=\"de_DE\" \/>\n<meta property=\"og:type\" content=\"article\" \/>\n<meta property=\"og:title\" content=\"SALBEI-ARTEN - WOHLBEFINDEN\" \/>\n<meta property=\"og:description\" content=\"Salbei\u00f6l: Arten Bei \u00e4therischem Salbei\u00f6l spricht man in der Regel vom \u00e4therischen \u00d6l des Salvia officinalis, des Gartensalbeis. Dar\u00fcber hinaus existieren weitere Salbeiarten: Salbei wei\u00df: Salbei wei\u00df wird auch als indianischer R\u00e4uchersalbei bezeichnet, denn diese Art des Salbeis wurde von der indigenen Bev\u00f6lkerung Nordamerikas als R\u00e4ucherpflanze verwendet. Dazu wurden sowohl Kr\u00e4uterb\u00fcndel angez\u00fcndet als auch der lose Salbei verbrannt. Wei\u00dfer Salbei&nbsp;Weiter lesen\" \/>\n<meta property=\"og:url\" content=\"https:\/\/bien-etreiris.ch\/de\/produktpraesentation\/aromatherapie\/aetherische-oele\/salbei-arten\/\" \/>\n<meta property=\"og:site_name\" content=\"WOHLBEFINDEN\" \/>\n<meta property=\"article:publisher\" content=\"https:\/\/www.facebook.com\/bienetreiris\/\" \/>\n<meta property=\"article:modified_time\" content=\"2023-11-21T05:01:14+00:00\" \/>\n<meta property=\"og:image\" content=\"https:\/\/bien-etreiris.ch\/wp-content\/uploads\/2023\/11\/Sauge-2-1.png\" \/>\n\t<meta property=\"og:image:width\" content=\"500\" \/>\n\t<meta property=\"og:image:height\" content=\"303\" \/>\n\t<meta property=\"og:image:type\" content=\"image\/png\" \/>\n<meta name=\"twitter:label1\" content=\"Gesch\u00e4tzte Lesezeit\" \/>\n\t<meta name=\"twitter:data1\" content=\"1\u00a0Minute\" \/>\n<script type=\"application\/ld+json\" class=\"yoast-schema-graph\">{\"@context\":\"https:\\\/\\\/schema.org\",\"@graph\":[{\"@type\":\"WebPage\",\"@id\":\"https:\\\/\\\/bien-etreiris.ch\\\/de\\\/produktpraesentation\\\/aromatherapie\\\/aetherische-oele\\\/salbei-arten\\\/\",\"url\":\"https:\\\/\\\/bien-etreiris.ch\\\/de\\\/produktpraesentation\\\/aromatherapie\\\/aetherische-oele\\\/salbei-arten\\\/\",\"name\":\"SALBEI-ARTEN - WOHLBEFINDEN\",\"isPartOf\":{\"@id\":\"https:\\\/\\\/bien-etreiris.ch\\\/de\\\/#website\"},\"primaryImageOfPage\":{\"@id\":\"https:\\\/\\\/bien-etreiris.ch\\\/de\\\/produktpraesentation\\\/aromatherapie\\\/aetherische-oele\\\/salbei-arten\\\/#primaryimage\"},\"image\":{\"@id\":\"https:\\\/\\\/bien-etreiris.ch\\\/de\\\/produktpraesentation\\\/aromatherapie\\\/aetherische-oele\\\/salbei-arten\\\/#primaryimage\"},\"thumbnailUrl\":\"https:\\\/\\\/bien-etreiris.ch\\\/wp-content\\\/uploads\\\/2023\\\/11\\\/Sauge-2-1.png\",\"datePublished\":\"2023-11-21T04:57:46+00:00\",\"dateModified\":\"2023-11-21T05:01:14+00:00\",\"breadcrumb\":{\"@id\":\"https:\\\/\\\/bien-etreiris.ch\\\/de\\\/produktpraesentation\\\/aromatherapie\\\/aetherische-oele\\\/salbei-arten\\\/#breadcrumb\"},\"inLanguage\":\"de\",\"potentialAction\":[{\"@type\":\"ReadAction\",\"target\":[\"https:\\\/\\\/bien-etreiris.ch\\\/de\\\/produktpraesentation\\\/aromatherapie\\\/aetherische-oele\\\/salbei-arten\\\/\"]}]},{\"@type\":\"ImageObject\",\"inLanguage\":\"de\",\"@id\":\"https:\\\/\\\/bien-etreiris.ch\\\/de\\\/produktpraesentation\\\/aromatherapie\\\/aetherische-oele\\\/salbei-arten\\\/#primaryimage\",\"url\":\"https:\\\/\\\/bien-etreiris.ch\\\/wp-content\\\/uploads\\\/2023\\\/11\\\/Sauge-2-1.png\",\"contentUrl\":\"https:\\\/\\\/bien-etreiris.ch\\\/wp-content\\\/uploads\\\/2023\\\/11\\\/Sauge-2-1.png\",\"width\":500,\"height\":303},{\"@type\":\"BreadcrumbList\",\"@id\":\"https:\\\/\\\/bien-etreiris.ch\\\/de\\\/produktpraesentation\\\/aromatherapie\\\/aetherische-oele\\\/salbei-arten\\\/#breadcrumb\",\"itemListElement\":[{\"@type\":\"ListItem\",\"position\":1,\"name\":\"Home\",\"item\":\"https:\\\/\\\/bien-etreiris.ch\\\/de\\\/\"},{\"@type\":\"ListItem\",\"position\":2,\"name\":\"PRODUKTPR\u00c4SENTATION\",\"item\":\"https:\\\/\\\/bien-etreiris.ch\\\/de\\\/produktpraesentation\\\/\"},{\"@type\":\"ListItem\",\"position\":3,\"name\":\"AROMATHERAPIE\",\"item\":\"https:\\\/\\\/bien-etreiris.ch\\\/de\\\/produktpraesentation\\\/aromatherapie\\\/\"},{\"@type\":\"ListItem\",\"position\":4,\"name\":\"\u00c4THERISCHE \u00d6LE\",\"item\":\"https:\\\/\\\/bien-etreiris.ch\\\/de\\\/produktpraesentation\\\/aromatherapie\\\/aetherische-oele\\\/\"},{\"@type\":\"ListItem\",\"position\":5,\"name\":\"SALBEI-ARTEN\"}]},{\"@type\":\"WebSite\",\"@id\":\"https:\\\/\\\/bien-etreiris.ch\\\/de\\\/#website\",\"url\":\"https:\\\/\\\/bien-etreiris.ch\\\/de\\\/\",\"name\":\"Bien-\u00eatre Iris\",\"description\":\"IHRE Gesundheit ist uns wichtig\",\"potentialAction\":[{\"@type\":\"SearchAction\",\"target\":{\"@type\":\"EntryPoint\",\"urlTemplate\":\"https:\\\/\\\/bien-etreiris.ch\\\/de\\\/?s={search_term_string}\"},\"query-input\":{\"@type\":\"PropertyValueSpecification\",\"valueRequired\":true,\"valueName\":\"search_term_string\"}}],\"inLanguage\":\"de\"}]}<\/script>\n<!-- \/ Yoast SEO plugin. -->","yoast_head_json":{"title":"SALBEI-ARTEN - WOHLBEFINDEN","robots":{"index":"index","follow":"follow","max-snippet":"max-snippet:-1","max-image-preview":"max-image-preview:large","max-video-preview":"max-video-preview:-1"},"canonical":"https:\/\/bien-etreiris.ch\/de\/produktpraesentation\/aromatherapie\/aetherische-oele\/salbei-arten\/","og_locale":"de_DE","og_type":"article","og_title":"SALBEI-ARTEN - WOHLBEFINDEN","og_description":"Salbei\u00f6l: Arten Bei \u00e4therischem Salbei\u00f6l spricht man in der Regel vom \u00e4therischen \u00d6l des Salvia officinalis, des Gartensalbeis. Dar\u00fcber hinaus existieren weitere Salbeiarten: Salbei wei\u00df: Salbei wei\u00df wird auch als indianischer R\u00e4uchersalbei bezeichnet, denn diese Art des Salbeis wurde von der indigenen Bev\u00f6lkerung Nordamerikas als R\u00e4ucherpflanze verwendet. Dazu wurden sowohl Kr\u00e4uterb\u00fcndel angez\u00fcndet als auch der lose Salbei verbrannt. Wei\u00dfer Salbei&nbsp;Weiter lesen","og_url":"https:\/\/bien-etreiris.ch\/de\/produktpraesentation\/aromatherapie\/aetherische-oele\/salbei-arten\/","og_site_name":"WOHLBEFINDEN","article_publisher":"https:\/\/www.facebook.com\/bienetreiris\/","article_modified_time":"2023-11-21T05:01:14+00:00","og_image":[{"width":500,"height":303,"url":"https:\/\/bien-etreiris.ch\/wp-content\/uploads\/2023\/11\/Sauge-2-1.png","type":"image\/png"}],"twitter_misc":{"Gesch\u00e4tzte Lesezeit":"1\u00a0Minute"},"schema":{"@context":"https:\/\/schema.org","@graph":[{"@type":"WebPage","@id":"https:\/\/bien-etreiris.ch\/de\/produktpraesentation\/aromatherapie\/aetherische-oele\/salbei-arten\/","url":"https:\/\/bien-etreiris.ch\/de\/produktpraesentation\/aromatherapie\/aetherische-oele\/salbei-arten\/","name":"SALBEI-ARTEN - WOHLBEFINDEN","isPartOf":{"@id":"https:\/\/bien-etreiris.ch\/de\/#website"},"primaryImageOfPage":{"@id":"https:\/\/bien-etreiris.ch\/de\/produktpraesentation\/aromatherapie\/aetherische-oele\/salbei-arten\/#primaryimage"},"image":{"@id":"https:\/\/bien-etreiris.ch\/de\/produktpraesentation\/aromatherapie\/aetherische-oele\/salbei-arten\/#primaryimage"},"thumbnailUrl":"https:\/\/bien-etreiris.ch\/wp-content\/uploads\/2023\/11\/Sauge-2-1.png","datePublished":"2023-11-21T04:57:46+00:00","dateModified":"2023-11-21T05:01:14+00:00","breadcrumb":{"@id":"https:\/\/bien-etreiris.ch\/de\/produktpraesentation\/aromatherapie\/aetherische-oele\/salbei-arten\/#breadcrumb"},"inLanguage":"de","potentialAction":[{"@type":"ReadAction","target":["https:\/\/bien-etreiris.ch\/de\/produktpraesentation\/aromatherapie\/aetherische-oele\/salbei-arten\/"]}]},{"@type":"ImageObject","inLanguage":"de","@id":"https:\/\/bien-etreiris.ch\/de\/produktpraesentation\/aromatherapie\/aetherische-oele\/salbei-arten\/#primaryimage","url":"https:\/\/bien-etreiris.ch\/wp-content\/uploads\/2023\/11\/Sauge-2-1.png","contentUrl":"https:\/\/bien-etreiris.ch\/wp-content\/uploads\/2023\/11\/Sauge-2-1.png","width":500,"height":303},{"@type":"BreadcrumbList","@id":"https:\/\/bien-etreiris.ch\/de\/produktpraesentation\/aromatherapie\/aetherische-oele\/salbei-arten\/#breadcrumb","itemListElement":[{"@type":"ListItem","position":1,"name":"Home","item":"https:\/\/bien-etreiris.ch\/de\/"},{"@type":"ListItem","position":2,"name":"PRODUKTPR\u00c4SENTATION","item":"https:\/\/bien-etreiris.ch\/de\/produktpraesentation\/"},{"@type":"ListItem","position":3,"name":"AROMATHERAPIE","item":"https:\/\/bien-etreiris.ch\/de\/produktpraesentation\/aromatherapie\/"},{"@type":"ListItem","position":4,"name":"\u00c4THERISCHE \u00d6LE","item":"https:\/\/bien-etreiris.ch\/de\/produktpraesentation\/aromatherapie\/aetherische-oele\/"},{"@type":"ListItem","position":5,"name":"SALBEI-ARTEN"}]},{"@type":"WebSite","@id":"https:\/\/bien-etreiris.ch\/de\/#website","url":"https:\/\/bien-etreiris.ch\/de\/","name":"Bien-\u00eatre Iris","description":"IHRE Gesundheit ist uns wichtig","potentialAction":[{"@type":"SearchAction","target":{"@type":"EntryPoint","urlTemplate":"https:\/\/bien-etreiris.ch\/de\/?s={search_term_string}"},"query-input":{"@type":"PropertyValueSpecification","valueRequired":true,"valueName":"search_term_string"}}],"inLanguage":"de"}]}},"_links":{"self":[{"href":"https:\/\/bien-etreiris.ch\/de\/wp-json\/wp\/v2\/pages\/80354","targetHints":{"allow":["GET"]}}],"collection":[{"href":"https:\/\/bien-etreiris.ch\/de\/wp-json\/wp\/v2\/pages"}],"about":[{"href":"https:\/\/bien-etreiris.ch\/de\/wp-json\/wp\/v2\/types\/page"}],"author":[{"embeddable":true,"href":"https:\/\/bien-etreiris.ch\/de\/wp-json\/wp\/v2\/users\/1"}],"replies":[{"embeddable":true,"href":"https:\/\/bien-etreiris.ch\/de\/wp-json\/wp\/v2\/comments?post=80354"}],"version-history":[{"count":3,"href":"https:\/\/bien-etreiris.ch\/de\/wp-json\/wp\/v2\/pages\/80354\/revisions"}],"predecessor-version":[{"id":80358,"href":"https:\/\/bien-etreiris.ch\/de\/wp-json\/wp\/v2\/pages\/80354\/revisions\/80358"}],"up":[{"embeddable":true,"href":"https:\/\/bien-etreiris.ch\/de\/wp-json\/wp\/v2\/pages\/37429"}],"wp:featuredmedia":[{"embeddable":true,"href":"https:\/\/bien-etreiris.ch\/de\/wp-json\/wp\/v2\/media\/80321"}],"wp:attachment":[{"href":"https:\/\/bien-etreiris.ch\/de\/wp-json\/wp\/v2\/media?parent=80354"}],"curies":[{"name":"wp","href":"https:\/\/api.w.org\/{rel}","templated":true}]}}