{"id":80314,"date":"2023-11-21T05:46:57","date_gmt":"2023-11-21T03:46:57","guid":{"rendered":"https:\/\/bien-etreiris.ch\/sauge\/"},"modified":"2023-11-21T05:52:21","modified_gmt":"2023-11-21T03:52:21","slug":"sauge-2-2","status":"publish","type":"page","link":"https:\/\/bien-etreiris.ch\/de\/produktpraesentation\/aromatherapie\/aetherische-oele\/sauge-2-2\/","title":{"rendered":"SALBEI"},"content":{"rendered":"<h2>Salbei\u00f6l: Arten<\/h2>\n<p>Bei \u00e4therischem Salbei\u00f6l spricht man in der Regel vom \u00e4therischen \u00d6l des <em><strong>Salvia officinalis,<\/strong><\/em> des Gartensalbeis. Dar\u00fcber hinaus existieren weitere Salbeiarten:<\/p>\n<ul style=\"list-style-type: disc;\">\n<li><em><strong>Salbei wei\u00df:<\/strong> <\/em>Salbei weiss wird auch als indianischer R\u00e4uchersalbei bezeichnet, denn diese Art des Salbeis wurde von der indigenen Bev\u00f6lkerung Nordamerikas als R\u00e4ucherpflanze verwendet. Dazu wurden sowohl Kr\u00e4uterb\u00fcndel angez\u00fcndet als auch der lose Salbei verbrannt. Weisser Salbei wurde dabei f\u00fcr verschiedene Reinigungs-Zeremonien verwendet. Auch heute kommt der Duft des weissen Salbeis wegen seiner intensiven, w\u00fcrzig-tiefgehenden Note noch gerne als Aromaerlebnis in der Duftlampe oder im Diffusor zum Einsatz.<\/li>\n<li><em><strong>Lavendelsalbei:<\/strong><\/em> Dem \u00e4therischen \u00d6l des Lavendelsalbeis wird eine besonders aktivierende Wirkung nachgesagt. Nicht nur bei Konzentrationsschw\u00e4che kann es eingesetzt werden, sogar bei Demenz kann es Abhilfe schaffen.<\/li>\n<li><em><strong>Muskatellersalbei:<\/strong> <\/em>Muskatellersalbei, oder Salvia sclarea, galt als eine der wichtigsten Heilpflanzen der Kelten. Heute wird das \u00e4therische \u00d6l des Muskatellersalbeis vor allem in der Aromatherapie und Aromakosmetik So wird es beispielsweise f\u00fcr die Parf\u00fcmherstellung verwendet, dient aber auch als Stimmungsaufheller und kann insbesondere Personen mit hormonellen St\u00f6rungen durch seine \u00f6strogenartige<\/li>\n<\/ul>\n","protected":false},"excerpt":{"rendered":"<p>Salbei\u00f6l: Arten Bei \u00e4therischem Salbei\u00f6l spricht man in der Regel vom \u00e4therischen \u00d6l des Salvia officinalis, des Gartensalbeis. Dar\u00fcber hinaus existieren weitere Salbeiarten: Salbei wei\u00df: Salbei weiss wird auch als indianischer R\u00e4uchersalbei bezeichnet, denn diese Art des Salbeis wurde von der indigenen Bev\u00f6lkerung Nordamerikas als R\u00e4ucherpflanze verwendet. Dazu wurden sowohl Kr\u00e4uterb\u00fcndel angez\u00fcndet als auch der lose Salbei verbrannt. Weisser Salbei&nbsp;<a href=\"https:\/\/bien-etreiris.ch\/de\/produktpraesentation\/aromatherapie\/aetherische-oele\/sauge-2-2\/\" class=\"read-more\">Weiter lesen<\/a><\/p>\n","protected":false},"author":1,"featured_media":80311,"parent":37429,"menu_order":2462,"comment_status":"closed","ping_status":"closed","template":"page-with-child.php","meta":{"_acf_changed":false,"ngg_post_thumbnail":0,"footnotes":""},"class_list":["post-80314","page","type-page","status-publish","has-post-thumbnail","hentry"],"acf":[],"yoast_head":"<!-- This site is optimized with the Yoast SEO plugin v27.6 - https:\/\/yoast.com\/product\/yoast-seo-wordpress\/ -->\n<title>SALBEI - WOHLBEFINDEN<\/title>\n<meta name=\"robots\" content=\"index, follow, max-snippet:-1, max-image-preview:large, max-video-preview:-1\" \/>\n<link rel=\"canonical\" href=\"https:\/\/bien-etreiris.ch\/de\/produktpraesentation\/aromatherapie\/aetherische-oele\/sauge-2-2\/\" \/>\n<meta property=\"og:locale\" content=\"de_DE\" \/>\n<meta property=\"og:type\" content=\"article\" \/>\n<meta property=\"og:title\" content=\"SALBEI - WOHLBEFINDEN\" \/>\n<meta property=\"og:description\" content=\"Salbei\u00f6l: Arten Bei \u00e4therischem Salbei\u00f6l spricht man in der Regel vom \u00e4therischen \u00d6l des Salvia officinalis, des Gartensalbeis. Dar\u00fcber hinaus existieren weitere Salbeiarten: Salbei wei\u00df: Salbei weiss wird auch als indianischer R\u00e4uchersalbei bezeichnet, denn diese Art des Salbeis wurde von der indigenen Bev\u00f6lkerung Nordamerikas als R\u00e4ucherpflanze verwendet. Dazu wurden sowohl Kr\u00e4uterb\u00fcndel angez\u00fcndet als auch der lose Salbei verbrannt. Weisser Salbei&nbsp;Weiter lesen\" \/>\n<meta property=\"og:url\" content=\"https:\/\/bien-etreiris.ch\/de\/produktpraesentation\/aromatherapie\/aetherische-oele\/sauge-2-2\/\" \/>\n<meta property=\"og:site_name\" content=\"WOHLBEFINDEN\" \/>\n<meta property=\"article:publisher\" content=\"https:\/\/www.facebook.com\/bienetreiris\/\" \/>\n<meta property=\"article:modified_time\" content=\"2023-11-21T03:52:21+00:00\" \/>\n<meta property=\"og:image\" content=\"https:\/\/bien-etreiris.ch\/wp-content\/uploads\/2023\/11\/Sauge-2.png\" \/>\n\t<meta property=\"og:image:width\" content=\"496\" \/>\n\t<meta property=\"og:image:height\" content=\"303\" \/>\n\t<meta property=\"og:image:type\" content=\"image\/png\" \/>\n<meta name=\"twitter:label1\" content=\"Gesch\u00e4tzte Lesezeit\" \/>\n\t<meta name=\"twitter:data1\" content=\"1\u00a0Minute\" \/>\n<script type=\"application\/ld+json\" class=\"yoast-schema-graph\">{\"@context\":\"https:\\\/\\\/schema.org\",\"@graph\":[{\"@type\":\"WebPage\",\"@id\":\"https:\\\/\\\/bien-etreiris.ch\\\/de\\\/produktpraesentation\\\/aromatherapie\\\/aetherische-oele\\\/sauge-2-2\\\/\",\"url\":\"https:\\\/\\\/bien-etreiris.ch\\\/de\\\/produktpraesentation\\\/aromatherapie\\\/aetherische-oele\\\/sauge-2-2\\\/\",\"name\":\"SALBEI - WOHLBEFINDEN\",\"isPartOf\":{\"@id\":\"https:\\\/\\\/bien-etreiris.ch\\\/de\\\/#website\"},\"primaryImageOfPage\":{\"@id\":\"https:\\\/\\\/bien-etreiris.ch\\\/de\\\/produktpraesentation\\\/aromatherapie\\\/aetherische-oele\\\/sauge-2-2\\\/#primaryimage\"},\"image\":{\"@id\":\"https:\\\/\\\/bien-etreiris.ch\\\/de\\\/produktpraesentation\\\/aromatherapie\\\/aetherische-oele\\\/sauge-2-2\\\/#primaryimage\"},\"thumbnailUrl\":\"https:\\\/\\\/bien-etreiris.ch\\\/wp-content\\\/uploads\\\/2023\\\/11\\\/Sauge-2.png\",\"datePublished\":\"2023-11-21T03:46:57+00:00\",\"dateModified\":\"2023-11-21T03:52:21+00:00\",\"breadcrumb\":{\"@id\":\"https:\\\/\\\/bien-etreiris.ch\\\/de\\\/produktpraesentation\\\/aromatherapie\\\/aetherische-oele\\\/sauge-2-2\\\/#breadcrumb\"},\"inLanguage\":\"de\",\"potentialAction\":[{\"@type\":\"ReadAction\",\"target\":[\"https:\\\/\\\/bien-etreiris.ch\\\/de\\\/produktpraesentation\\\/aromatherapie\\\/aetherische-oele\\\/sauge-2-2\\\/\"]}]},{\"@type\":\"ImageObject\",\"inLanguage\":\"de\",\"@id\":\"https:\\\/\\\/bien-etreiris.ch\\\/de\\\/produktpraesentation\\\/aromatherapie\\\/aetherische-oele\\\/sauge-2-2\\\/#primaryimage\",\"url\":\"https:\\\/\\\/bien-etreiris.ch\\\/wp-content\\\/uploads\\\/2023\\\/11\\\/Sauge-2.png\",\"contentUrl\":\"https:\\\/\\\/bien-etreiris.ch\\\/wp-content\\\/uploads\\\/2023\\\/11\\\/Sauge-2.png\",\"width\":496,\"height\":303},{\"@type\":\"BreadcrumbList\",\"@id\":\"https:\\\/\\\/bien-etreiris.ch\\\/de\\\/produktpraesentation\\\/aromatherapie\\\/aetherische-oele\\\/sauge-2-2\\\/#breadcrumb\",\"itemListElement\":[{\"@type\":\"ListItem\",\"position\":1,\"name\":\"Home\",\"item\":\"https:\\\/\\\/bien-etreiris.ch\\\/de\\\/\"},{\"@type\":\"ListItem\",\"position\":2,\"name\":\"PRODUKTPR\u00c4SENTATION\",\"item\":\"https:\\\/\\\/bien-etreiris.ch\\\/de\\\/produktpraesentation\\\/\"},{\"@type\":\"ListItem\",\"position\":3,\"name\":\"AROMATHERAPIE\",\"item\":\"https:\\\/\\\/bien-etreiris.ch\\\/de\\\/produktpraesentation\\\/aromatherapie\\\/\"},{\"@type\":\"ListItem\",\"position\":4,\"name\":\"\u00c4THERISCHE \u00d6LE\",\"item\":\"https:\\\/\\\/bien-etreiris.ch\\\/de\\\/produktpraesentation\\\/aromatherapie\\\/aetherische-oele\\\/\"},{\"@type\":\"ListItem\",\"position\":5,\"name\":\"SALBEI\"}]},{\"@type\":\"WebSite\",\"@id\":\"https:\\\/\\\/bien-etreiris.ch\\\/de\\\/#website\",\"url\":\"https:\\\/\\\/bien-etreiris.ch\\\/de\\\/\",\"name\":\"Bien-\u00eatre Iris\",\"description\":\"IHRE Gesundheit ist uns wichtig\",\"potentialAction\":[{\"@type\":\"SearchAction\",\"target\":{\"@type\":\"EntryPoint\",\"urlTemplate\":\"https:\\\/\\\/bien-etreiris.ch\\\/de\\\/?s={search_term_string}\"},\"query-input\":{\"@type\":\"PropertyValueSpecification\",\"valueRequired\":true,\"valueName\":\"search_term_string\"}}],\"inLanguage\":\"de\"}]}<\/script>\n<!-- \/ Yoast SEO plugin. -->","yoast_head_json":{"title":"SALBEI - WOHLBEFINDEN","robots":{"index":"index","follow":"follow","max-snippet":"max-snippet:-1","max-image-preview":"max-image-preview:large","max-video-preview":"max-video-preview:-1"},"canonical":"https:\/\/bien-etreiris.ch\/de\/produktpraesentation\/aromatherapie\/aetherische-oele\/sauge-2-2\/","og_locale":"de_DE","og_type":"article","og_title":"SALBEI - WOHLBEFINDEN","og_description":"Salbei\u00f6l: Arten Bei \u00e4therischem Salbei\u00f6l spricht man in der Regel vom \u00e4therischen \u00d6l des Salvia officinalis, des Gartensalbeis. Dar\u00fcber hinaus existieren weitere Salbeiarten: Salbei wei\u00df: Salbei weiss wird auch als indianischer R\u00e4uchersalbei bezeichnet, denn diese Art des Salbeis wurde von der indigenen Bev\u00f6lkerung Nordamerikas als R\u00e4ucherpflanze verwendet. Dazu wurden sowohl Kr\u00e4uterb\u00fcndel angez\u00fcndet als auch der lose Salbei verbrannt. Weisser Salbei&nbsp;Weiter lesen","og_url":"https:\/\/bien-etreiris.ch\/de\/produktpraesentation\/aromatherapie\/aetherische-oele\/sauge-2-2\/","og_site_name":"WOHLBEFINDEN","article_publisher":"https:\/\/www.facebook.com\/bienetreiris\/","article_modified_time":"2023-11-21T03:52:21+00:00","og_image":[{"width":496,"height":303,"url":"https:\/\/bien-etreiris.ch\/wp-content\/uploads\/2023\/11\/Sauge-2.png","type":"image\/png"}],"twitter_misc":{"Gesch\u00e4tzte Lesezeit":"1\u00a0Minute"},"schema":{"@context":"https:\/\/schema.org","@graph":[{"@type":"WebPage","@id":"https:\/\/bien-etreiris.ch\/de\/produktpraesentation\/aromatherapie\/aetherische-oele\/sauge-2-2\/","url":"https:\/\/bien-etreiris.ch\/de\/produktpraesentation\/aromatherapie\/aetherische-oele\/sauge-2-2\/","name":"SALBEI - WOHLBEFINDEN","isPartOf":{"@id":"https:\/\/bien-etreiris.ch\/de\/#website"},"primaryImageOfPage":{"@id":"https:\/\/bien-etreiris.ch\/de\/produktpraesentation\/aromatherapie\/aetherische-oele\/sauge-2-2\/#primaryimage"},"image":{"@id":"https:\/\/bien-etreiris.ch\/de\/produktpraesentation\/aromatherapie\/aetherische-oele\/sauge-2-2\/#primaryimage"},"thumbnailUrl":"https:\/\/bien-etreiris.ch\/wp-content\/uploads\/2023\/11\/Sauge-2.png","datePublished":"2023-11-21T03:46:57+00:00","dateModified":"2023-11-21T03:52:21+00:00","breadcrumb":{"@id":"https:\/\/bien-etreiris.ch\/de\/produktpraesentation\/aromatherapie\/aetherische-oele\/sauge-2-2\/#breadcrumb"},"inLanguage":"de","potentialAction":[{"@type":"ReadAction","target":["https:\/\/bien-etreiris.ch\/de\/produktpraesentation\/aromatherapie\/aetherische-oele\/sauge-2-2\/"]}]},{"@type":"ImageObject","inLanguage":"de","@id":"https:\/\/bien-etreiris.ch\/de\/produktpraesentation\/aromatherapie\/aetherische-oele\/sauge-2-2\/#primaryimage","url":"https:\/\/bien-etreiris.ch\/wp-content\/uploads\/2023\/11\/Sauge-2.png","contentUrl":"https:\/\/bien-etreiris.ch\/wp-content\/uploads\/2023\/11\/Sauge-2.png","width":496,"height":303},{"@type":"BreadcrumbList","@id":"https:\/\/bien-etreiris.ch\/de\/produktpraesentation\/aromatherapie\/aetherische-oele\/sauge-2-2\/#breadcrumb","itemListElement":[{"@type":"ListItem","position":1,"name":"Home","item":"https:\/\/bien-etreiris.ch\/de\/"},{"@type":"ListItem","position":2,"name":"PRODUKTPR\u00c4SENTATION","item":"https:\/\/bien-etreiris.ch\/de\/produktpraesentation\/"},{"@type":"ListItem","position":3,"name":"AROMATHERAPIE","item":"https:\/\/bien-etreiris.ch\/de\/produktpraesentation\/aromatherapie\/"},{"@type":"ListItem","position":4,"name":"\u00c4THERISCHE \u00d6LE","item":"https:\/\/bien-etreiris.ch\/de\/produktpraesentation\/aromatherapie\/aetherische-oele\/"},{"@type":"ListItem","position":5,"name":"SALBEI"}]},{"@type":"WebSite","@id":"https:\/\/bien-etreiris.ch\/de\/#website","url":"https:\/\/bien-etreiris.ch\/de\/","name":"Bien-\u00eatre Iris","description":"IHRE Gesundheit ist uns wichtig","potentialAction":[{"@type":"SearchAction","target":{"@type":"EntryPoint","urlTemplate":"https:\/\/bien-etreiris.ch\/de\/?s={search_term_string}"},"query-input":{"@type":"PropertyValueSpecification","valueRequired":true,"valueName":"search_term_string"}}],"inLanguage":"de"}]}},"_links":{"self":[{"href":"https:\/\/bien-etreiris.ch\/de\/wp-json\/wp\/v2\/pages\/80314","targetHints":{"allow":["GET"]}}],"collection":[{"href":"https:\/\/bien-etreiris.ch\/de\/wp-json\/wp\/v2\/pages"}],"about":[{"href":"https:\/\/bien-etreiris.ch\/de\/wp-json\/wp\/v2\/types\/page"}],"author":[{"embeddable":true,"href":"https:\/\/bien-etreiris.ch\/de\/wp-json\/wp\/v2\/users\/1"}],"replies":[{"embeddable":true,"href":"https:\/\/bien-etreiris.ch\/de\/wp-json\/wp\/v2\/comments?post=80314"}],"version-history":[{"count":2,"href":"https:\/\/bien-etreiris.ch\/de\/wp-json\/wp\/v2\/pages\/80314\/revisions"}],"predecessor-version":[{"id":80318,"href":"https:\/\/bien-etreiris.ch\/de\/wp-json\/wp\/v2\/pages\/80314\/revisions\/80318"}],"up":[{"embeddable":true,"href":"https:\/\/bien-etreiris.ch\/de\/wp-json\/wp\/v2\/pages\/37429"}],"wp:featuredmedia":[{"embeddable":true,"href":"https:\/\/bien-etreiris.ch\/de\/wp-json\/wp\/v2\/media\/80311"}],"wp:attachment":[{"href":"https:\/\/bien-etreiris.ch\/de\/wp-json\/wp\/v2\/media?parent=80314"}],"curies":[{"name":"wp","href":"https:\/\/api.w.org\/{rel}","templated":true}]}}