{"id":79396,"date":"2023-11-11T22:55:38","date_gmt":"2023-11-11T20:55:38","guid":{"rendered":"https:\/\/bien-etreiris.ch\/produktpraesentation\/hygiene\/haushaltsreinigung\/oberflaechenreiniger\/nettoyant-extra-puissant\/"},"modified":"2023-11-11T23:19:17","modified_gmt":"2023-11-11T21:19:17","slug":"nettoyant-extra-puissant","status":"publish","type":"page","link":"https:\/\/bien-etreiris.ch\/de\/produktpraesentation\/hygiene\/haushaltsreinigung\/oberflaechenreiniger\/nettoyant-extra-puissant\/","title":{"rendered":"EXTRA-PUISSANT"},"content":{"rendered":"<div class=\"ge_cols_item ge_3cols_prod_item ge_3cols_prod_1\">\n<div id=\"c10779\" class=\"csc-default\">\n<p class=\"bodytext\">&nbsp;<\/p>\n<\/div>\n<\/div>\n<div class=\"ge_cols_item ge_3cols_prod_item ge_3cols_prod_2\">\n<div id=\"c10773\" class=\"csc-default\">\n<h2>Nettoyant extra-puissant<\/h2>\n<p class=\"bodytext\">&nbsp;<\/p>\n<h4>Tr\u00e8s concentr\u00e9, \u00e0 l\u2019huile d\u2019\u00e9corce d\u2019orange biologique<\/h4>\n<p class=\"bodytext\"><a href=\"https:\/\/bien-etreiris.ch\/de\/produktpraesentation\/hygiene\/haushaltsreinigung\/oberflaechenreiniger\/nettoyant-extra-puissant\/orange-sonett-2\/\" rel=\"attachment wp-att-79387\"><img loading=\"lazy\" decoding=\"async\" class=\"wp-image-79387 alignleft\" src=\"https:\/\/bien-etreiris.ch\/wp-content\/uploads\/2023\/11\/Orange-sonett.jpg\" alt=\"\" width=\"273\" height=\"273\" srcset=\"https:\/\/bien-etreiris.ch\/wp-content\/uploads\/2023\/11\/Orange-sonett.jpg 600w, https:\/\/bien-etreiris.ch\/wp-content\/uploads\/2023\/11\/Orange-sonett-300x300.jpg 300w, https:\/\/bien-etreiris.ch\/wp-content\/uploads\/2023\/11\/Orange-sonett-150x150.jpg 150w\" sizes=\"auto, (max-width: 273px) 100vw, 273px\" \/><\/a><\/p>\n<\/div>\n<\/div>\n<p>&nbsp;<\/p>\n<p>&nbsp;<\/p>\n<p>&nbsp;<\/p>\n<div class=\"ge_cols_item ge_3cols_prod_item ge_3cols_prod_2\">\n<div id=\"c10773\" class=\"csc-default\">\n<ul style=\"list-style-type: disc;\">\n<li>Nettoyant puissant pour la cuisine, la maison et l\u2019atelier<\/li>\n<\/ul>\n<ul style=\"list-style-type: disc;\">\n<li>Dissout la salet\u00e9 et les d\u00e9p\u00f4ts de graisse tenaces &nbsp;<\/li>\n<\/ul>\n<ul style=\"list-style-type: disc;\">\n<li>100% biod\u00e9gradable<\/li>\n<\/ul>\n<\/div>\n<\/div>\n<p>&nbsp;<\/p>\n<p>&nbsp;<\/p>\n<div id=\"c10774\" class=\"csc-default\">\n<h2 class=\"align-center\">\u00c9cologie<\/h2>\n<\/div>\n<div id=\"c10786\" class=\"csc-default\">\n<div class=\"ge_2cols_cover_1_1\">\n<div class=\"ge_cols_item ge_2cols_item ge_2cols_1\">\n<div id=\"c10775\" class=\"csc-default\">\n<h4>Biod\u00e9gradabilit\u00e9<\/h4>\n<p class=\"bodytext\">Lors de la fabrication des tensioactifs de sucre et du sulfate d'alcool de coco, on extrait certaines substances des mati\u00e8res premi\u00e8res v\u00e9g\u00e9tales que sont le sucre, l\u2019amidon et la graisse de coco, tout en conservant intacte leur structure mol\u00e9culaire naturelle. Cela permet ainsi une biod\u00e9gradation optimale : les micro-organismes peuvent les d\u00e9composer rapidement et int\u00e9gralement (\u00e0 100 %).<br \/>\nLes tensioactifs de sucre et le sulfate d\u2019alcool de coco sont consid\u00e9r\u00e9s comme facilement biod\u00e9gradables par l\u2019OCDE.<\/p>\n<p class=\"bodytext\">\nCe produit est compatible avec une fosse septique.<\/p>\n<\/div>\n<\/div>\n<div class=\"ge_cols_item ge_2cols_item ge_2cols_2\">\n<div id=\"c10769\" class=\"csc-default\">\n<h4>Certifications<\/h4>\n<p class=\"bodytext\"><a href=\"https:\/\/www.sonett.eu\/qualite\/certifications\/?L=2\" target=\"_blank\" rel=\"noopener\">NCP (Nature Care Product)<\/a><\/p>\n<p class=\"bodytext\"><a href=\"https:\/\/www.sonett.eu\/qualite\/certifications\/?L=2\" target=\"_blank\" rel=\"noopener\">CSE (Certified Sustainable Economics)<\/a><\/p>\n<p class=\"bodytext\"><a href=\"https:\/\/www.sonett.eu\/qualite\/certifications\/?L=2\" target=\"_blank\" rel=\"noopener\">Vegan Society<\/a><\/p>\n<p class=\"bodytext\">&nbsp;<\/p>\n<h4>Emballage<\/h4>\n<p class=\"bodytext\">Bouteille, bidon : PE<br \/>\nBouchon : PE\/PP<br \/>\n\u00c9tiquette : PE<\/p>\n<p class=\"bodytext\">Carton d\u2019emballage : mati\u00e8re recycl\u00e9e 100 %<\/p>\n<\/div>\n<\/div>\n<\/div>\n<\/div>\n<p>&nbsp;<\/p>\n<p>&nbsp;<\/p>\n<div id=\"c10783\" class=\"csc-default\">\n<h2 class=\"align-center\">Emploi<\/h2>\n<\/div>\n<div id=\"c10788\" class=\"csc-default\">\n<div class=\"ge_2cols_cover_1_1\">\n<div class=\"ge_cols_item ge_2cols_item ge_2cols_1\">\n<div id=\"c10777\" class=\"csc-default\">\n<h4>Particularit\u00e9s du produit<\/h4>\n<p class=\"bodytext\">100 % biod\u00e9gradable. Ce Nettoyant extra-puissant est tr\u00e8s efficace et respecte admirablement bien la peau, ce qui est primordial en milieu professionnel o\u00f9 il est utilis\u00e9 intens\u00e9ment.<\/p>\n<p class=\"bodytext\">&nbsp;<\/p>\n<h4>Emploi<\/h4>\n<p class=\"bodytext\">Adapt\u00e9 pour toutes surfaces imperm\u00e9ables. Dissout les salissures et d\u00e9p\u00f4ts de graisse tenaces dans la cuisine, la salle de bain, les toilettes, l\u2019atelier.<\/p>\n<p>&nbsp;<\/p>\n<\/div>\n<\/div>\n<div class=\"ge_cols_item ge_2cols_item ge_2cols_2\">\n<div id=\"c10771\" class=\"csc-default\">\n<h4>Dosage<\/h4>\n<p class=\"bodytext\"><b>En tant que nettoyant extra puissant et dissolvant de graisse :<\/b><br \/>\nPour hotte, four, cuisini\u00e8re; enl\u00e8ve la suie; supprime le cambouis dans l\u2019atelier. Dosage : Selon le degr\u00e9 d\u2019encrassement, non dilu\u00e9 ou dilu\u00e9 jusqu\u2019\u00e0 1:10.<\/p>\n<h4 class=\"bodytext\">\n<b>Nettoyage du sol&nbsp; <\/b><\/h4>\n<p class=\"bodytext\">Ajouter 5 ml de produit dans un seau contenant 10 litres d\u2019eau.<\/p>\n<p class=\"bodytext\">&nbsp;<\/p>\n<h4 class=\"bodytext\"><b>Nettoyage des fen\u00eatres <\/b><\/h4>\n<p class=\"bodytext\">Ajouter 5 ml de produit dans un seau contenant 5 litres d\u2019eau. Travailler avec une \u00e9ponge et une raclette.<\/p>\n<\/div>\n<\/div>\n<\/div>\n<\/div>\n<p>&nbsp;<\/p>\n<p>&nbsp;<\/p>\n<div id=\"c10780\" class=\"csc-default\">\n<h2 class=\"align-center\">Ingr\u00e9dients<\/h2>\n<\/div>\n<div id=\"c10787\" class=\"csc-default\">\n<div class=\"ge_2cols_cover_1_1\">\n<div class=\"ge_cols_item ge_2cols_item ge_2cols_1\">\n<div id=\"c10776\" class=\"csc-default\">\n<h4>Composition<\/h4>\n<ul style=\"list-style-type: disc;\">\n<li class=\"bodytext\">Tensioactif de sucre 5\u201315%<\/li>\n<li class=\"bodytext\">Sulfate d\u2019alcool de coco 5\u201315%<\/li>\n<li class=\"bodytext\">Alcool v\u00e9g\u00e9tal (\u00e9thanol) 5\u201315%<\/li>\n<li class=\"bodytext\">Huile d\u2019\u00e9corce d\u2019orange &lt;2,5%<\/li>\n<li class=\"bodytext\">Citrate &lt;1%<\/li>\n<li class=\"bodytext\">Huiles essentielles d\u2019orange douce, de bergamote,<br \/>\nde citronnelle, de cajeput, issues de l\u2019agriculture biol. &lt;1%<\/li>\n<li class=\"bodytext\">Additifs balsamiques, issus de l\u2019agriculture biologique \/ cueillette sauvage &lt;1%<\/li>\n<li class=\"bodytext\">Eau tourbillonn\u00e9e ad 100%<\/li>\n<\/ul>\n<p class=\"bodytext\">&nbsp;<\/p>\n<h4>Liste d'ingr\u00e9dients selon CE 648\/2004<\/h4>\n<p class=\"bodytext\">Aqua,Alkylpolyglucoside C8-C16 (Coco Glucoside, Lauryl Glucoside), Sodium C12-C14 Fatty Alcohol Sulfate (Sodium Lauryl Sulfate), Alcohol denat., Limonene, Sodium Citrate, Parfum*, Limonene*, Linalool*, Citronellol*, Geraniol*<br \/>\n*certified organically grown<\/p>\n<p class=\"bodytext\">&nbsp;<\/p>\n<p class=\"bodytext\">&nbsp;<\/p>\n<p class=\"bodytext\">&nbsp;<\/p>\n<h4>Attention<\/h4>\n<p class=\"bodytext\">Contient du d-limon\u00e8ne de l\u2019huile essentielle d\u2019orange douce et de l\u2019huile d\u2019\u00e9corce d\u2019orange : Peut provoquer une allergie cutan\u00e9e. Nocif pour les organismes aquatiques, entra\u00eene des effets n\u00e9fastes \u00e0 long terme. En cas de consultation d'un m\u00e9decin, garder \u00e0 disposition le r\u00e9cipient ou l'\u00e9tiquette. Tenir hors de port\u00e9e des enfants. \u00c9viter le rejet dans l'environnement. Porter des gants de protection. En cas d'irritation ou d'\u00e9ruption cutan\u00e9e : consulter un m\u00e9decin. \u00c9liminer le contenu\/r\u00e9cipient conform\u00e9ment aux r\u00e8glementations locales\/nationales.<\/p>\n<\/div>\n<\/div>\n<\/div>\n<\/div>\n<p>&nbsp;<\/p>\n<h4>Symbole de danger<\/h4>\n<p class=\"bodytext\">&nbsp;<\/p>\n<p class=\"bodytext\"><a href=\"https:\/\/bien-etreiris.ch\/de\/produktpraesentation\/aromatherapie\/aetherische-oele\/rosmarin-cineol\/attention-2-2\/\" rel=\"attachment wp-att-79191\"><img loading=\"lazy\" decoding=\"async\" class=\"alignnone  wp-image-79191\" src=\"https:\/\/bien-etreiris.ch\/wp-content\/uploads\/2023\/11\/Attention.png\" alt=\"\" width=\"80\" height=\"80\" srcset=\"https:\/\/bien-etreiris.ch\/wp-content\/uploads\/2023\/11\/Attention.png 280w, https:\/\/bien-etreiris.ch\/wp-content\/uploads\/2023\/11\/Attention-150x150.png 150w\" sizes=\"auto, (max-width: 80px) 100vw, 80px\" \/><\/a><\/p>\n<p>&nbsp;<\/p>\n<h4>Mentions de danger<\/h4>\n<p>H317, H412<\/p>\n<h4>\nConseils de s\u00e9curit\u00e9<\/h4>\n<p>P101, P102, P273, P280, P302, P313, P333, P352, P362, P363, P364<\/p>\n<p>&nbsp;<\/p>\n<p><a href=\"https:\/\/bien-etreiris.ch\/wp-content\/uploads\/2023\/11\/Mentions-de-danger.pdf\" target=\"_blank\" rel=\"https:\/\/bien-etreiris.ch\/wp-content\/uploads\/2023\/11\/Mentions-de-danger.pdf noopener\"><img loading=\"lazy\" decoding=\"async\" class=\"alignleft wp-image-79203\" title=\"Mentions de danger\" src=\"https:\/\/bien-etreiris.ch\/wp-content\/uploads\/2023\/11\/mentions-de-danger.jpg\" sizes=\"auto, (max-width: 211px) 100vw, 211px\" srcset=\"https:\/\/bien-etreiris.ch\/wp-content\/uploads\/2023\/11\/mentions-de-danger.jpg 273w, https:\/\/bien-etreiris.ch\/wp-content\/uploads\/2023\/11\/mentions-de-danger-218x300.jpg 218w\" alt=\"\" width=\"211\" height=\"290\"><\/a><\/p>\n<p>&nbsp;<\/p>\n<p>&nbsp;<\/p>\n<p>&nbsp;<\/p>\n<p>&nbsp;<\/p>\n<p><a href=\"https:\/\/bien-etreiris.ch\/wp-content\/uploads\/2023\/11\/Mentions-de-danger.pdf\" target=\"_blank\" rel=\"noopener\"><span style=\"color: #ff0000;\"><strong>T\u00e9l\u00e9charger la liste actuelle des mentions de danger.<\/strong> <\/span><\/a><\/p>\n<p><a href=\"_wp_link_placeholder\"><strong><span style=\"color: #ff0000;\">En vigueur \u00e0 compter du 17 octobre 2020.<\/span><\/strong><\/a><\/p>\n","protected":false},"excerpt":{"rendered":"<p>&nbsp; Nettoyant extra-puissant &nbsp; Tr\u00e8s concentr\u00e9, \u00e0 l\u2019huile d\u2019\u00e9corce d\u2019orange biologique &nbsp; &nbsp; &nbsp; Nettoyant puissant pour la cuisine, la maison et l\u2019atelier Dissout la salet\u00e9 et les d\u00e9p\u00f4ts de graisse tenaces &nbsp; 100% biod\u00e9gradable &nbsp; &nbsp; \u00c9cologie Biod\u00e9gradabilit\u00e9 Lors de la fabrication des tensioactifs de sucre et du sulfate d'alcool de coco, on extrait certaines substances des mati\u00e8res premi\u00e8res&nbsp;<a href=\"https:\/\/bien-etreiris.ch\/de\/produktpraesentation\/hygiene\/haushaltsreinigung\/oberflaechenreiniger\/nettoyant-extra-puissant\/\" class=\"read-more\">Weiter lesen<\/a><\/p>\n","protected":false},"author":1,"featured_media":79392,"parent":79182,"menu_order":2600,"comment_status":"closed","ping_status":"closed","template":"page-with-child.php","meta":{"_acf_changed":false,"ngg_post_thumbnail":0,"footnotes":""},"class_list":["post-79396","page","type-page","status-publish","has-post-thumbnail","hentry"],"acf":[],"yoast_head":"<!-- This site is optimized with the Yoast SEO plugin v27.5 - https:\/\/yoast.com\/product\/yoast-seo-wordpress\/ -->\n<title>EXTRA-PUISSANT - WOHLBEFINDEN<\/title>\n<meta name=\"robots\" content=\"index, follow, max-snippet:-1, max-image-preview:large, max-video-preview:-1\" \/>\n<link rel=\"canonical\" href=\"https:\/\/bien-etreiris.ch\/de\/produktpraesentation\/hygiene\/haushaltsreinigung\/oberflaechenreiniger\/nettoyant-extra-puissant\/\" \/>\n<meta property=\"og:locale\" content=\"de_DE\" \/>\n<meta property=\"og:type\" content=\"article\" \/>\n<meta property=\"og:title\" content=\"EXTRA-PUISSANT - WOHLBEFINDEN\" \/>\n<meta property=\"og:description\" content=\"&nbsp; Nettoyant extra-puissant &nbsp; Tr\u00e8s concentr\u00e9, \u00e0 l\u2019huile d\u2019\u00e9corce d\u2019orange biologique &nbsp; &nbsp; &nbsp; Nettoyant puissant pour la cuisine, la maison et l\u2019atelier Dissout la salet\u00e9 et les d\u00e9p\u00f4ts de graisse tenaces &nbsp; 100% biod\u00e9gradable &nbsp; &nbsp; \u00c9cologie Biod\u00e9gradabilit\u00e9 Lors de la fabrication des tensioactifs de sucre et du sulfate d&#039;alcool de coco, on extrait certaines substances des mati\u00e8res premi\u00e8res&nbsp;Weiter lesen\" \/>\n<meta property=\"og:url\" content=\"https:\/\/bien-etreiris.ch\/de\/produktpraesentation\/hygiene\/haushaltsreinigung\/oberflaechenreiniger\/nettoyant-extra-puissant\/\" \/>\n<meta property=\"og:site_name\" content=\"WOHLBEFINDEN\" \/>\n<meta property=\"article:publisher\" content=\"https:\/\/www.facebook.com\/bienetreiris\/\" \/>\n<meta property=\"article:modified_time\" content=\"2023-11-11T21:19:17+00:00\" \/>\n<meta property=\"og:image\" content=\"https:\/\/bien-etreiris.ch\/wp-content\/uploads\/2023\/11\/acceuil-lhuile-decorce-dorange.jpg\" \/>\n\t<meta property=\"og:image:width\" content=\"500\" \/>\n\t<meta property=\"og:image:height\" content=\"333\" \/>\n\t<meta property=\"og:image:type\" content=\"image\/jpeg\" \/>\n<meta name=\"twitter:label1\" content=\"Gesch\u00e4tzte Lesezeit\" \/>\n\t<meta name=\"twitter:data1\" content=\"1\u00a0Minute\" \/>\n<script type=\"application\/ld+json\" class=\"yoast-schema-graph\">{\"@context\":\"https:\\\/\\\/schema.org\",\"@graph\":[{\"@type\":\"WebPage\",\"@id\":\"https:\\\/\\\/bien-etreiris.ch\\\/de\\\/produktpraesentation\\\/hygiene\\\/haushaltsreinigung\\\/oberflaechenreiniger\\\/nettoyant-extra-puissant\\\/\",\"url\":\"https:\\\/\\\/bien-etreiris.ch\\\/de\\\/produktpraesentation\\\/hygiene\\\/haushaltsreinigung\\\/oberflaechenreiniger\\\/nettoyant-extra-puissant\\\/\",\"name\":\"EXTRA-PUISSANT - WOHLBEFINDEN\",\"isPartOf\":{\"@id\":\"https:\\\/\\\/bien-etreiris.ch\\\/de\\\/#website\"},\"primaryImageOfPage\":{\"@id\":\"https:\\\/\\\/bien-etreiris.ch\\\/de\\\/produktpraesentation\\\/hygiene\\\/haushaltsreinigung\\\/oberflaechenreiniger\\\/nettoyant-extra-puissant\\\/#primaryimage\"},\"image\":{\"@id\":\"https:\\\/\\\/bien-etreiris.ch\\\/de\\\/produktpraesentation\\\/hygiene\\\/haushaltsreinigung\\\/oberflaechenreiniger\\\/nettoyant-extra-puissant\\\/#primaryimage\"},\"thumbnailUrl\":\"https:\\\/\\\/bien-etreiris.ch\\\/wp-content\\\/uploads\\\/2023\\\/11\\\/acceuil-lhuile-decorce-dorange.jpg\",\"datePublished\":\"2023-11-11T20:55:38+00:00\",\"dateModified\":\"2023-11-11T21:19:17+00:00\",\"breadcrumb\":{\"@id\":\"https:\\\/\\\/bien-etreiris.ch\\\/de\\\/produktpraesentation\\\/hygiene\\\/haushaltsreinigung\\\/oberflaechenreiniger\\\/nettoyant-extra-puissant\\\/#breadcrumb\"},\"inLanguage\":\"de\",\"potentialAction\":[{\"@type\":\"ReadAction\",\"target\":[\"https:\\\/\\\/bien-etreiris.ch\\\/de\\\/produktpraesentation\\\/hygiene\\\/haushaltsreinigung\\\/oberflaechenreiniger\\\/nettoyant-extra-puissant\\\/\"]}]},{\"@type\":\"ImageObject\",\"inLanguage\":\"de\",\"@id\":\"https:\\\/\\\/bien-etreiris.ch\\\/de\\\/produktpraesentation\\\/hygiene\\\/haushaltsreinigung\\\/oberflaechenreiniger\\\/nettoyant-extra-puissant\\\/#primaryimage\",\"url\":\"https:\\\/\\\/bien-etreiris.ch\\\/wp-content\\\/uploads\\\/2023\\\/11\\\/acceuil-lhuile-decorce-dorange.jpg\",\"contentUrl\":\"https:\\\/\\\/bien-etreiris.ch\\\/wp-content\\\/uploads\\\/2023\\\/11\\\/acceuil-lhuile-decorce-dorange.jpg\",\"width\":500,\"height\":333},{\"@type\":\"BreadcrumbList\",\"@id\":\"https:\\\/\\\/bien-etreiris.ch\\\/de\\\/produktpraesentation\\\/hygiene\\\/haushaltsreinigung\\\/oberflaechenreiniger\\\/nettoyant-extra-puissant\\\/#breadcrumb\",\"itemListElement\":[{\"@type\":\"ListItem\",\"position\":1,\"name\":\"Home\",\"item\":\"https:\\\/\\\/bien-etreiris.ch\\\/de\\\/\"},{\"@type\":\"ListItem\",\"position\":2,\"name\":\"PRODUKTPR\u00c4SENTATION\",\"item\":\"https:\\\/\\\/bien-etreiris.ch\\\/de\\\/produktpraesentation\\\/\"},{\"@type\":\"ListItem\",\"position\":3,\"name\":\"HYGIENE\",\"item\":\"https:\\\/\\\/bien-etreiris.ch\\\/de\\\/produktpraesentation\\\/hygiene\\\/\"},{\"@type\":\"ListItem\",\"position\":4,\"name\":\"HAUSHALTSREINIGUNG\",\"item\":\"https:\\\/\\\/bien-etreiris.ch\\\/de\\\/produktpraesentation\\\/hygiene\\\/haushaltsreinigung\\\/\"},{\"@type\":\"ListItem\",\"position\":5,\"name\":\"OBERFL\u00c4CHENREINIGER\",\"item\":\"https:\\\/\\\/bien-etreiris.ch\\\/de\\\/produktpraesentation\\\/hygiene\\\/haushaltsreinigung\\\/oberflaechenreiniger\\\/\"},{\"@type\":\"ListItem\",\"position\":6,\"name\":\"EXTRA-PUISSANT\"}]},{\"@type\":\"WebSite\",\"@id\":\"https:\\\/\\\/bien-etreiris.ch\\\/de\\\/#website\",\"url\":\"https:\\\/\\\/bien-etreiris.ch\\\/de\\\/\",\"name\":\"Bien-\u00eatre Iris\",\"description\":\"IHRE Gesundheit ist uns wichtig\",\"potentialAction\":[{\"@type\":\"SearchAction\",\"target\":{\"@type\":\"EntryPoint\",\"urlTemplate\":\"https:\\\/\\\/bien-etreiris.ch\\\/de\\\/?s={search_term_string}\"},\"query-input\":{\"@type\":\"PropertyValueSpecification\",\"valueRequired\":true,\"valueName\":\"search_term_string\"}}],\"inLanguage\":\"de\"}]}<\/script>\n<!-- \/ Yoast SEO plugin. -->","yoast_head_json":{"title":"EXTRA-PUISSANT - WOHLBEFINDEN","robots":{"index":"index","follow":"follow","max-snippet":"max-snippet:-1","max-image-preview":"max-image-preview:large","max-video-preview":"max-video-preview:-1"},"canonical":"https:\/\/bien-etreiris.ch\/de\/produktpraesentation\/hygiene\/haushaltsreinigung\/oberflaechenreiniger\/nettoyant-extra-puissant\/","og_locale":"de_DE","og_type":"article","og_title":"EXTRA-PUISSANT - WOHLBEFINDEN","og_description":"&nbsp; Nettoyant extra-puissant &nbsp; Tr\u00e8s concentr\u00e9, \u00e0 l\u2019huile d\u2019\u00e9corce d\u2019orange biologique &nbsp; &nbsp; &nbsp; Nettoyant puissant pour la cuisine, la maison et l\u2019atelier Dissout la salet\u00e9 et les d\u00e9p\u00f4ts de graisse tenaces &nbsp; 100% biod\u00e9gradable &nbsp; &nbsp; \u00c9cologie Biod\u00e9gradabilit\u00e9 Lors de la fabrication des tensioactifs de sucre et du sulfate d'alcool de coco, on extrait certaines substances des mati\u00e8res premi\u00e8res&nbsp;Weiter lesen","og_url":"https:\/\/bien-etreiris.ch\/de\/produktpraesentation\/hygiene\/haushaltsreinigung\/oberflaechenreiniger\/nettoyant-extra-puissant\/","og_site_name":"WOHLBEFINDEN","article_publisher":"https:\/\/www.facebook.com\/bienetreiris\/","article_modified_time":"2023-11-11T21:19:17+00:00","og_image":[{"width":500,"height":333,"url":"https:\/\/bien-etreiris.ch\/wp-content\/uploads\/2023\/11\/acceuil-lhuile-decorce-dorange.jpg","type":"image\/jpeg"}],"twitter_misc":{"Gesch\u00e4tzte Lesezeit":"1\u00a0Minute"},"schema":{"@context":"https:\/\/schema.org","@graph":[{"@type":"WebPage","@id":"https:\/\/bien-etreiris.ch\/de\/produktpraesentation\/hygiene\/haushaltsreinigung\/oberflaechenreiniger\/nettoyant-extra-puissant\/","url":"https:\/\/bien-etreiris.ch\/de\/produktpraesentation\/hygiene\/haushaltsreinigung\/oberflaechenreiniger\/nettoyant-extra-puissant\/","name":"EXTRA-PUISSANT - WOHLBEFINDEN","isPartOf":{"@id":"https:\/\/bien-etreiris.ch\/de\/#website"},"primaryImageOfPage":{"@id":"https:\/\/bien-etreiris.ch\/de\/produktpraesentation\/hygiene\/haushaltsreinigung\/oberflaechenreiniger\/nettoyant-extra-puissant\/#primaryimage"},"image":{"@id":"https:\/\/bien-etreiris.ch\/de\/produktpraesentation\/hygiene\/haushaltsreinigung\/oberflaechenreiniger\/nettoyant-extra-puissant\/#primaryimage"},"thumbnailUrl":"https:\/\/bien-etreiris.ch\/wp-content\/uploads\/2023\/11\/acceuil-lhuile-decorce-dorange.jpg","datePublished":"2023-11-11T20:55:38+00:00","dateModified":"2023-11-11T21:19:17+00:00","breadcrumb":{"@id":"https:\/\/bien-etreiris.ch\/de\/produktpraesentation\/hygiene\/haushaltsreinigung\/oberflaechenreiniger\/nettoyant-extra-puissant\/#breadcrumb"},"inLanguage":"de","potentialAction":[{"@type":"ReadAction","target":["https:\/\/bien-etreiris.ch\/de\/produktpraesentation\/hygiene\/haushaltsreinigung\/oberflaechenreiniger\/nettoyant-extra-puissant\/"]}]},{"@type":"ImageObject","inLanguage":"de","@id":"https:\/\/bien-etreiris.ch\/de\/produktpraesentation\/hygiene\/haushaltsreinigung\/oberflaechenreiniger\/nettoyant-extra-puissant\/#primaryimage","url":"https:\/\/bien-etreiris.ch\/wp-content\/uploads\/2023\/11\/acceuil-lhuile-decorce-dorange.jpg","contentUrl":"https:\/\/bien-etreiris.ch\/wp-content\/uploads\/2023\/11\/acceuil-lhuile-decorce-dorange.jpg","width":500,"height":333},{"@type":"BreadcrumbList","@id":"https:\/\/bien-etreiris.ch\/de\/produktpraesentation\/hygiene\/haushaltsreinigung\/oberflaechenreiniger\/nettoyant-extra-puissant\/#breadcrumb","itemListElement":[{"@type":"ListItem","position":1,"name":"Home","item":"https:\/\/bien-etreiris.ch\/de\/"},{"@type":"ListItem","position":2,"name":"PRODUKTPR\u00c4SENTATION","item":"https:\/\/bien-etreiris.ch\/de\/produktpraesentation\/"},{"@type":"ListItem","position":3,"name":"HYGIENE","item":"https:\/\/bien-etreiris.ch\/de\/produktpraesentation\/hygiene\/"},{"@type":"ListItem","position":4,"name":"HAUSHALTSREINIGUNG","item":"https:\/\/bien-etreiris.ch\/de\/produktpraesentation\/hygiene\/haushaltsreinigung\/"},{"@type":"ListItem","position":5,"name":"OBERFL\u00c4CHENREINIGER","item":"https:\/\/bien-etreiris.ch\/de\/produktpraesentation\/hygiene\/haushaltsreinigung\/oberflaechenreiniger\/"},{"@type":"ListItem","position":6,"name":"EXTRA-PUISSANT"}]},{"@type":"WebSite","@id":"https:\/\/bien-etreiris.ch\/de\/#website","url":"https:\/\/bien-etreiris.ch\/de\/","name":"Bien-\u00eatre Iris","description":"IHRE Gesundheit ist uns wichtig","potentialAction":[{"@type":"SearchAction","target":{"@type":"EntryPoint","urlTemplate":"https:\/\/bien-etreiris.ch\/de\/?s={search_term_string}"},"query-input":{"@type":"PropertyValueSpecification","valueRequired":true,"valueName":"search_term_string"}}],"inLanguage":"de"}]}},"_links":{"self":[{"href":"https:\/\/bien-etreiris.ch\/de\/wp-json\/wp\/v2\/pages\/79396","targetHints":{"allow":["GET"]}}],"collection":[{"href":"https:\/\/bien-etreiris.ch\/de\/wp-json\/wp\/v2\/pages"}],"about":[{"href":"https:\/\/bien-etreiris.ch\/de\/wp-json\/wp\/v2\/types\/page"}],"author":[{"embeddable":true,"href":"https:\/\/bien-etreiris.ch\/de\/wp-json\/wp\/v2\/users\/1"}],"replies":[{"embeddable":true,"href":"https:\/\/bien-etreiris.ch\/de\/wp-json\/wp\/v2\/comments?post=79396"}],"version-history":[{"count":3,"href":"https:\/\/bien-etreiris.ch\/de\/wp-json\/wp\/v2\/pages\/79396\/revisions"}],"predecessor-version":[{"id":79410,"href":"https:\/\/bien-etreiris.ch\/de\/wp-json\/wp\/v2\/pages\/79396\/revisions\/79410"}],"up":[{"embeddable":true,"href":"https:\/\/bien-etreiris.ch\/de\/wp-json\/wp\/v2\/pages\/79182"}],"wp:featuredmedia":[{"embeddable":true,"href":"https:\/\/bien-etreiris.ch\/de\/wp-json\/wp\/v2\/media\/79392"}],"wp:attachment":[{"href":"https:\/\/bien-etreiris.ch\/de\/wp-json\/wp\/v2\/media?parent=79396"}],"curies":[{"name":"wp","href":"https:\/\/api.w.org\/{rel}","templated":true}]}}