{"id":79357,"date":"2023-11-11T21:38:58","date_gmt":"2023-11-11T19:38:58","guid":{"rendered":"https:\/\/bien-etreiris.ch\/produktpraesentation\/hygiene\/haushaltsreinigung\/nettoyants-de-surfaces\/stop-au-plastiques-avec-washo\/"},"modified":"2023-11-11T21:47:17","modified_gmt":"2023-11-11T19:47:17","slug":"stop-au-plastiques-avec-washo","status":"publish","type":"page","link":"https:\/\/bien-etreiris.ch\/de\/produktpraesentation\/hygiene\/haushaltsreinigung\/oberflaechenreiniger\/stop-au-plastiques-avec-washo\/","title":{"rendered":"STOP AU PLASTIQUES"},"content":{"rendered":"<h2>Stop au plastique \u00e0 usage unique!<\/h2>\n<p>Les nettoyants pour surfaces de Washo sont des concentr\u00e9s de nettoyage \u00e0 base de poudre, d\u00e9velopp\u00e9s de mani\u00e8re \u00e9cologique et durable, pour le nettoyage en profondeur des surfaces les plus diverses dans l'habitat, la cuisine et la salle de bains. Il suffit de remplir le r\u00e9servoir avec de l'eau du robinet. Avec Washo, tu nettoieras non seulement proprement, mais aussi en respectant l'environnement.<br \/>\nLe kit de nettoyage Washo a \u00e9t\u00e9 sp\u00e9cialement con\u00e7u pour la Suisse, o\u00f9 l'eau est souvent dure et calcaire.<br \/>\nDu PET 100% recycl\u00e9 pour un m\u00e9nage encore plus durable<br \/>\nLes recharges Washo ne sont pas seulement superbes, elles sont aussi fabriqu\u00e9es en R-PET (PET recycl\u00e9). Tu contribues ainsi \u00e0 \u00e9conomiser des milliers de tonnes de d\u00e9chets plastiques \u00e0 usage unique dans notre monde.<\/p>\n<h4>Avantages pour toi et l'environnement<\/h4>\n<ul>\n<li>facile \u00e0 recharger<\/li>\n<li>pas de plastique jetable (R-PET)<\/li>\n<li>\u00e0 base de poudre sans transport d'eau<\/li>\n<li>d\u00e9velopp\u00e9 de mani\u00e8re \u00e9cologique et durable<\/li>\n<li>emballage en carton recyclable<\/li>\n<li>v\u00e9g\u00e9talien<\/li>\n<\/ul>\n<p>&nbsp;<\/p>\n<h4>Utilisation<\/h4>\n<p>1 sachet de poudre de recharge = 1 bouteille de nettoyant pour surfaces<br \/>\nLes nettoyants pour surfaces durables Washo sont durables, nettoient diff\u00e9rentes surfaces en profondeur et sont en outre tr\u00e8s faciles \u00e0 recharger:<\/p>\n<ol>\n<li>Verser la poudre de recharge dans la bouteille<\/li>\n<li>Remplir lentement la bouteille avec de l'eau<\/li>\n<li>Bien agiter la bouteille et laisser reposer quelques minutes<\/li>\n<\/ol>\n<p>&nbsp;<\/p>\n<p>&nbsp;<\/p>\n<p>&nbsp;<\/p>\n<p>&nbsp;<\/p>\n<p>&nbsp;<\/p>\n<h2>Washo Putz Set - remplir au lieu de jeter<\/h2>\n<p><a href=\"https:\/\/bien-etreiris.ch\/presentations-des-produits\/hygiene\/entretien-maison\/nettoyant-a-recharge\/set-6\/\" rel=\"attachment wp-att-79312\"><img loading=\"lazy\" decoding=\"async\" class=\"wp-image-79312 alignleft\" src=\"https:\/\/bien-etreiris.ch\/wp-content\/uploads\/2023\/11\/set.jpg\" alt=\"\" width=\"347\" height=\"244\" srcset=\"https:\/\/bien-etreiris.ch\/wp-content\/uploads\/2023\/11\/set.jpg 800w, https:\/\/bien-etreiris.ch\/wp-content\/uploads\/2023\/11\/set-300x211.jpg 300w, https:\/\/bien-etreiris.ch\/wp-content\/uploads\/2023\/11\/set-768x540.jpg 768w\" sizes=\"auto, (max-width: 347px) 100vw, 347px\" \/><\/a><\/p>\n<h4>Le Washo kit de nettoyage de surface contient:<\/h4>\n<p>\u2022 l bouteille* de nettoyant cuisine<br \/>\n\u2022 l bouteille* de nettoyant vitres et multi-usages<br \/>\n\u2022 l bouteille* de nettoyant pour salle de bain<br \/>\n\u2022 2 sachets de recharge de poudre de nettoyant cuisine<br \/>\n\u2022 2 recharges de poudre de nettoyant vitres et multi-usages<br \/>\n\u2022 2 sachets de recharge de poudre de nettoyant salle de bain<\/p>\n<p>* Bouteille en PET 100% recycl\u00e9\/ 500ml<\/p>\n<p>1 set <strong>CHF 28.10<\/strong><\/p>\n<p>&nbsp;<\/p>\n<p>&nbsp;<\/p>\n<hr>\n<h2><strong>Washo Kit de nettoyage pour cuisine<\/strong><\/h2>\n<p><a href=\"https:\/\/bien-etreiris.ch\/de\/produktpraesentation\/hygiene\/haushaltsreinigung\/nettoyants-de-surfaces\/cuisine-2\/\" rel=\"attachment wp-att-79325\"><img loading=\"lazy\" decoding=\"async\" class=\"wp-image-79325 alignleft\" src=\"https:\/\/bien-etreiris.ch\/wp-content\/uploads\/2023\/11\/cuisine.jpg\" alt=\"\" width=\"307\" height=\"397\" srcset=\"https:\/\/bien-etreiris.ch\/wp-content\/uploads\/2023\/11\/cuisine.jpg 842w, https:\/\/bien-etreiris.ch\/wp-content\/uploads\/2023\/11\/cuisine-232x300.jpg 232w, https:\/\/bien-etreiris.ch\/wp-content\/uploads\/2023\/11\/cuisine-793x1024.jpg 793w, https:\/\/bien-etreiris.ch\/wp-content\/uploads\/2023\/11\/cuisine-768x991.jpg 768w\" sizes=\"auto, (max-width: 307px) 100vw, 307px\" \/><\/a><\/p>\n<p>&nbsp;<\/p>\n<p>&nbsp;<\/p>\n<p>&nbsp;<\/p>\n<p>&nbsp;<\/p>\n<h4>Le set denettoaye de cuisine Washo comprend<\/h4>\n<ul>\n<li>1 bouteille* de nettoyant cuisine<\/li>\n<li>3 sachets de recharge de poudre de nettoyant cuisine<\/li>\n<\/ul>\n<p>* Bouteille en PET 100% recycl\u00e9\/ 500ml<\/p>\n<p>1 set <strong>CHF 13.40<\/strong><\/p>\n<p>&nbsp;<\/p>\n<p>&nbsp;<\/p>\n<p>&nbsp;<\/p>\n<p>&nbsp;<\/p>\n<p>&nbsp;<\/p>\n<p>&nbsp; <a href=\"https:\/\/bien-etreiris.ch\/de\/produktpraesentation\/hygiene\/haushaltsreinigung\/nettoyants-de-surfaces\/poudre-cuisine-2\/\" rel=\"attachment wp-att-79337\"><img loading=\"lazy\" decoding=\"async\" class=\"wp-image-79337 alignleft\" src=\"https:\/\/bien-etreiris.ch\/wp-content\/uploads\/2023\/11\/poudre-cuisine.jpg\" alt=\"\" width=\"359\" height=\"211\" srcset=\"https:\/\/bien-etreiris.ch\/wp-content\/uploads\/2023\/11\/poudre-cuisine.jpg 1076w, https:\/\/bien-etreiris.ch\/wp-content\/uploads\/2023\/11\/poudre-cuisine-300x176.jpg 300w, https:\/\/bien-etreiris.ch\/wp-content\/uploads\/2023\/11\/poudre-cuisine-1024x602.jpg 1024w, https:\/\/bien-etreiris.ch\/wp-content\/uploads\/2023\/11\/poudre-cuisine-768x452.jpg 768w\" sizes=\"auto, (max-width: 359px) 100vw, 359px\" \/><\/a><\/p>\n<p>&nbsp;<\/p>\n<p>&nbsp;<\/p>\n<p>3 recharges de poudre de nettoyant cuisine<\/p>\n<p>1 Set <strong>CHF 8.90<\/strong><\/p>\n<p>&nbsp;<\/p>\n<p>&nbsp;<\/p>\n<p>&nbsp;<\/p>\n<p>&nbsp;<\/p>\n<hr>\n<h2><strong>Washo Kit de nettoyage pour salle de bain<\/strong><\/h2>\n<p><a href=\"https:\/\/bien-etreiris.ch\/de\/produktpraesentation\/hygiene\/haushaltsreinigung\/nettoyants-de-surfaces\/salle-de-bain-2\/\" rel=\"attachment wp-att-79328\"><img loading=\"lazy\" decoding=\"async\" class=\"wp-image-79328 alignleft\" src=\"https:\/\/bien-etreiris.ch\/wp-content\/uploads\/2023\/11\/salle-de-bain.jpg\" alt=\"\" width=\"319\" height=\"367\" srcset=\"https:\/\/bien-etreiris.ch\/wp-content\/uploads\/2023\/11\/salle-de-bain.jpg 457w, https:\/\/bien-etreiris.ch\/wp-content\/uploads\/2023\/11\/salle-de-bain-261x300.jpg 261w\" sizes=\"auto, (max-width: 319px) 100vw, 319px\" \/><\/a><\/p>\n<p>&nbsp;<\/p>\n<p>&nbsp;<\/p>\n<p>&nbsp;<\/p>\n<h4>Le set de nettoyage pour salle de bain Washo comprend<\/h4>\n<ul>\n<li>1 bouteille* de nettoyant cuisine<\/li>\n<li>3 sachets de recharge de poudre de nettoyant pour salle de bain<\/li>\n<\/ul>\n<p>* Bouteille en PET 100% recycl\u00e9\/ 500ml<\/p>\n<p>1 set <strong>CHF 13.40<\/strong><\/p>\n<p>&nbsp;<\/p>\n<p>&nbsp;<\/p>\n<p>&nbsp;<\/p>\n<p>&nbsp;<\/p>\n<p><a href=\"https:\/\/bien-etreiris.ch\/de\/produktpraesentation\/hygiene\/haushaltsreinigung\/nettoyants-de-surfaces\/sachet-salle-de-bain-2\/\" rel=\"attachment wp-att-79340\"><img loading=\"lazy\" decoding=\"async\" class=\"wp-image-79340 alignleft\" src=\"https:\/\/bien-etreiris.ch\/wp-content\/uploads\/2023\/11\/sachet-salle-de-bain.jpg\" alt=\"\" width=\"310\" height=\"206\" srcset=\"https:\/\/bien-etreiris.ch\/wp-content\/uploads\/2023\/11\/sachet-salle-de-bain.jpg 988w, https:\/\/bien-etreiris.ch\/wp-content\/uploads\/2023\/11\/sachet-salle-de-bain-300x199.jpg 300w, https:\/\/bien-etreiris.ch\/wp-content\/uploads\/2023\/11\/sachet-salle-de-bain-768x511.jpg 768w\" sizes=\"auto, (max-width: 310px) 100vw, 310px\" \/><\/a><\/p>\n<p>&nbsp;<\/p>\n<p>&nbsp;<\/p>\n<p>3 recharges de poudre de nettoyant vitres et multi-usages<\/p>\n<p>1 Set <strong>CHF 8.90<\/strong><\/p>\n<p>&nbsp;<\/p>\n<p>&nbsp;<\/p>\n<p>&nbsp;<\/p>\n<hr>\n<h2><strong>Washo Kit de nettoyage <\/strong>pour verre et multi-usage<\/h2>\n<p><a href=\"https:\/\/bien-etreiris.ch\/de\/produktpraesentation\/hygiene\/haushaltsreinigung\/nettoyants-de-surfaces\/verre-et-surface-2\/\" rel=\"attachment wp-att-79331\"><img loading=\"lazy\" decoding=\"async\" class=\"wp-image-79331 alignleft\" src=\"https:\/\/bien-etreiris.ch\/wp-content\/uploads\/2023\/11\/verre-et-surface.jpg\" alt=\"\" width=\"314\" height=\"405\" srcset=\"https:\/\/bien-etreiris.ch\/wp-content\/uploads\/2023\/11\/verre-et-surface.jpg 321w, https:\/\/bien-etreiris.ch\/wp-content\/uploads\/2023\/11\/verre-et-surface-233x300.jpg 233w\" sizes=\"auto, (max-width: 314px) 100vw, 314px\" \/><\/a><\/p>\n<h4>&nbsp;<\/h4>\n<h4>&nbsp;<\/h4>\n<h4>&nbsp;<\/h4>\n<h4>Le set de nettoyage pour verre et multi-usage Washo comprend<\/h4>\n<ul>\n<li>1 bouteille* de nettoyant verre et multi-usage<\/li>\n<li>3 sachets de recharge de poudre de nettoyant verre et multi-usage<\/li>\n<\/ul>\n<p>* Bouteille en PET 100% recycl\u00e9\/ 500ml<\/p>\n<p>1 set <strong>CHF 13.40<\/strong><\/p>\n<p>&nbsp;<\/p>\n<p>&nbsp;<\/p>\n<p>&nbsp;<\/p>\n<p>&nbsp;<\/p>\n<p><a href=\"https:\/\/bien-etreiris.ch\/de\/produktpraesentation\/hygiene\/haushaltsreinigung\/nettoyants-de-surfaces\/poudre-verre-et-surface-2\/\" rel=\"attachment wp-att-79334\"><img loading=\"lazy\" decoding=\"async\" class=\"wp-image-79334 alignleft\" src=\"https:\/\/bien-etreiris.ch\/wp-content\/uploads\/2023\/11\/poudre-verre-et-surface.jpg\" alt=\"\" width=\"329\" height=\"193\" srcset=\"https:\/\/bien-etreiris.ch\/wp-content\/uploads\/2023\/11\/poudre-verre-et-surface.jpg 1108w, https:\/\/bien-etreiris.ch\/wp-content\/uploads\/2023\/11\/poudre-verre-et-surface-300x176.jpg 300w, https:\/\/bien-etreiris.ch\/wp-content\/uploads\/2023\/11\/poudre-verre-et-surface-1024x601.jpg 1024w, https:\/\/bien-etreiris.ch\/wp-content\/uploads\/2023\/11\/poudre-verre-et-surface-768x451.jpg 768w\" sizes=\"auto, (max-width: 329px) 100vw, 329px\" \/><\/a><\/p>\n<p>&nbsp;<\/p>\n<p>3 recharges de poudre de nettoyant vitres et multi-usages<\/p>\n<p>1 Set <strong>CHF 8.90<\/strong><\/p>\n<p>&nbsp;<\/p>\n<p>&nbsp;<\/p>\n<p>&nbsp;<\/p>\n<p>&nbsp;<\/p>\n<p>&nbsp;<\/p>\n<p>DECLARATION DES PRODUITS CHIMIQUES (Naturelle)<\/p>\n<p>Mot de signalisation : Attention<\/p>\n<p>Pictogrammes<\/p>\n<p><a href=\"https:\/\/bien-etreiris.ch\/de\/produktpraesentation\/aromatherapie\/aetherische-oele\/rosmarin-cineol\/attention-2-2\/\" rel=\"attachment wp-att-79191\"><img loading=\"lazy\" decoding=\"async\" class=\"alignnone  wp-image-79191\" src=\"https:\/\/bien-etreiris.ch\/wp-content\/uploads\/2023\/11\/Attention.png\" alt=\"\" width=\"109\" height=\"109\" srcset=\"https:\/\/bien-etreiris.ch\/wp-content\/uploads\/2023\/11\/Attention.png 280w, https:\/\/bien-etreiris.ch\/wp-content\/uploads\/2023\/11\/Attention-150x150.png 150w\" sizes=\"auto, (max-width: 109px) 100vw, 109px\" \/><\/a><\/p>\n<p>Mentions de danger H315, H319, H335<\/p>\n<p><a href=\"https:\/\/bien-etreiris.ch\/wp-content\/uploads\/2023\/11\/Mentions-de-danger.pdfes\/romarin-cineole\/mentions-de-danger-2\/\" target=\"_blank\" rel=\"https:\/\/bien-etreiris.ch\/wp-content\/uploads\/2023\/11\/Mentions-de-danger.pdf noopener\"><img loading=\"lazy\" decoding=\"async\" class=\"alignleft wp-image-79203\" src=\"https:\/\/bien-etreiris.ch\/wp-content\/uploads\/2023\/11\/mentions-de-danger.jpg\" alt=\"\" width=\"164\" height=\"225\" srcset=\"https:\/\/bien-etreiris.ch\/wp-content\/uploads\/2023\/11\/mentions-de-danger.jpg 273w, https:\/\/bien-etreiris.ch\/wp-content\/uploads\/2023\/11\/mentions-de-danger-218x300.jpg 218w\" sizes=\"auto, (max-width: 164px) 100vw, 164px\" \/><\/a><\/p>\n<p>&nbsp;<\/p>\n<p><a href=\"https:\/\/bien-etreiris.ch\/wp-content\/uploads\/2023\/11\/Mentions-de-danger.pdf\" target=\"_blank\" rel=\"noopener\"><strong>T\u00e9l\u00e9charger la liste actuelle des mentions de danger.<\/strong> <\/a><\/p>\n<p><strong>En vigueur \u00e0 compter du 17 octobre 2020<\/strong><\/p>\n<p>&nbsp;<\/p>\n","protected":false},"excerpt":{"rendered":"<p>Stop au plastique \u00e0 usage unique! Les nettoyants pour surfaces de Washo sont des concentr\u00e9s de nettoyage \u00e0 base de poudre, d\u00e9velopp\u00e9s de mani\u00e8re \u00e9cologique et durable, pour le nettoyage en profondeur des surfaces les plus diverses dans l'habitat, la cuisine et la salle de bains. Il suffit de remplir le r\u00e9servoir avec de l'eau du robinet. Avec Washo, tu&nbsp;<a href=\"https:\/\/bien-etreiris.ch\/de\/produktpraesentation\/hygiene\/haushaltsreinigung\/oberflaechenreiniger\/stop-au-plastiques-avec-washo\/\" class=\"read-more\">Weiter lesen<\/a><\/p>\n","protected":false},"author":1,"featured_media":79180,"parent":79182,"menu_order":2603,"comment_status":"closed","ping_status":"closed","template":"","meta":{"_acf_changed":false,"ngg_post_thumbnail":0,"footnotes":""},"class_list":["post-79357","page","type-page","status-publish","has-post-thumbnail","hentry"],"acf":[],"yoast_head":"<!-- This site is optimized with the Yoast SEO plugin v27.5 - https:\/\/yoast.com\/product\/yoast-seo-wordpress\/ -->\n<title>STOP AU PLASTIQUES - WOHLBEFINDEN<\/title>\n<meta name=\"robots\" content=\"index, follow, max-snippet:-1, max-image-preview:large, max-video-preview:-1\" \/>\n<link rel=\"canonical\" href=\"https:\/\/bien-etreiris.ch\/de\/produktpraesentation\/hygiene\/haushaltsreinigung\/oberflaechenreiniger\/stop-au-plastiques-avec-washo\/\" \/>\n<meta property=\"og:locale\" content=\"de_DE\" \/>\n<meta property=\"og:type\" content=\"article\" \/>\n<meta property=\"og:title\" content=\"STOP AU PLASTIQUES - WOHLBEFINDEN\" \/>\n<meta property=\"og:description\" content=\"Stop au plastique \u00e0 usage unique! Les nettoyants pour surfaces de Washo sont des concentr\u00e9s de nettoyage \u00e0 base de poudre, d\u00e9velopp\u00e9s de mani\u00e8re \u00e9cologique et durable, pour le nettoyage en profondeur des surfaces les plus diverses dans l&#039;habitat, la cuisine et la salle de bains. Il suffit de remplir le r\u00e9servoir avec de l&#039;eau du robinet. Avec Washo, tu&nbsp;Weiter lesen\" \/>\n<meta property=\"og:url\" content=\"https:\/\/bien-etreiris.ch\/de\/produktpraesentation\/hygiene\/haushaltsreinigung\/oberflaechenreiniger\/stop-au-plastiques-avec-washo\/\" \/>\n<meta property=\"og:site_name\" content=\"WOHLBEFINDEN\" \/>\n<meta property=\"article:publisher\" content=\"https:\/\/www.facebook.com\/bienetreiris\/\" \/>\n<meta property=\"article:modified_time\" content=\"2023-11-11T19:47:17+00:00\" \/>\n<meta property=\"og:image\" content=\"https:\/\/bien-etreiris.ch\/wp-content\/uploads\/2023\/11\/acceuil-nettoyage.jpg\" \/>\n\t<meta property=\"og:image:width\" content=\"500\" \/>\n\t<meta property=\"og:image:height\" content=\"333\" \/>\n\t<meta property=\"og:image:type\" content=\"image\/jpeg\" \/>\n<meta name=\"twitter:label1\" content=\"Gesch\u00e4tzte Lesezeit\" \/>\n\t<meta name=\"twitter:data1\" content=\"4\u00a0Minuten\" \/>\n<script type=\"application\/ld+json\" class=\"yoast-schema-graph\">{\"@context\":\"https:\\\/\\\/schema.org\",\"@graph\":[{\"@type\":\"WebPage\",\"@id\":\"https:\\\/\\\/bien-etreiris.ch\\\/de\\\/produktpraesentation\\\/hygiene\\\/haushaltsreinigung\\\/oberflaechenreiniger\\\/stop-au-plastiques-avec-washo\\\/\",\"url\":\"https:\\\/\\\/bien-etreiris.ch\\\/de\\\/produktpraesentation\\\/hygiene\\\/haushaltsreinigung\\\/oberflaechenreiniger\\\/stop-au-plastiques-avec-washo\\\/\",\"name\":\"STOP AU PLASTIQUES - WOHLBEFINDEN\",\"isPartOf\":{\"@id\":\"https:\\\/\\\/bien-etreiris.ch\\\/de\\\/#website\"},\"primaryImageOfPage\":{\"@id\":\"https:\\\/\\\/bien-etreiris.ch\\\/de\\\/produktpraesentation\\\/hygiene\\\/haushaltsreinigung\\\/oberflaechenreiniger\\\/stop-au-plastiques-avec-washo\\\/#primaryimage\"},\"image\":{\"@id\":\"https:\\\/\\\/bien-etreiris.ch\\\/de\\\/produktpraesentation\\\/hygiene\\\/haushaltsreinigung\\\/oberflaechenreiniger\\\/stop-au-plastiques-avec-washo\\\/#primaryimage\"},\"thumbnailUrl\":\"https:\\\/\\\/bien-etreiris.ch\\\/wp-content\\\/uploads\\\/2023\\\/11\\\/acceuil-nettoyage.jpg\",\"datePublished\":\"2023-11-11T19:38:58+00:00\",\"dateModified\":\"2023-11-11T19:47:17+00:00\",\"breadcrumb\":{\"@id\":\"https:\\\/\\\/bien-etreiris.ch\\\/de\\\/produktpraesentation\\\/hygiene\\\/haushaltsreinigung\\\/oberflaechenreiniger\\\/stop-au-plastiques-avec-washo\\\/#breadcrumb\"},\"inLanguage\":\"de\",\"potentialAction\":[{\"@type\":\"ReadAction\",\"target\":[\"https:\\\/\\\/bien-etreiris.ch\\\/de\\\/produktpraesentation\\\/hygiene\\\/haushaltsreinigung\\\/oberflaechenreiniger\\\/stop-au-plastiques-avec-washo\\\/\"]}]},{\"@type\":\"ImageObject\",\"inLanguage\":\"de\",\"@id\":\"https:\\\/\\\/bien-etreiris.ch\\\/de\\\/produktpraesentation\\\/hygiene\\\/haushaltsreinigung\\\/oberflaechenreiniger\\\/stop-au-plastiques-avec-washo\\\/#primaryimage\",\"url\":\"https:\\\/\\\/bien-etreiris.ch\\\/wp-content\\\/uploads\\\/2023\\\/11\\\/acceuil-nettoyage.jpg\",\"contentUrl\":\"https:\\\/\\\/bien-etreiris.ch\\\/wp-content\\\/uploads\\\/2023\\\/11\\\/acceuil-nettoyage.jpg\",\"width\":500,\"height\":333},{\"@type\":\"BreadcrumbList\",\"@id\":\"https:\\\/\\\/bien-etreiris.ch\\\/de\\\/produktpraesentation\\\/hygiene\\\/haushaltsreinigung\\\/oberflaechenreiniger\\\/stop-au-plastiques-avec-washo\\\/#breadcrumb\",\"itemListElement\":[{\"@type\":\"ListItem\",\"position\":1,\"name\":\"Home\",\"item\":\"https:\\\/\\\/bien-etreiris.ch\\\/de\\\/\"},{\"@type\":\"ListItem\",\"position\":2,\"name\":\"PRODUKTPR\u00c4SENTATION\",\"item\":\"https:\\\/\\\/bien-etreiris.ch\\\/de\\\/produktpraesentation\\\/\"},{\"@type\":\"ListItem\",\"position\":3,\"name\":\"HYGIENE\",\"item\":\"https:\\\/\\\/bien-etreiris.ch\\\/de\\\/produktpraesentation\\\/hygiene\\\/\"},{\"@type\":\"ListItem\",\"position\":4,\"name\":\"HAUSHALTSREINIGUNG\",\"item\":\"https:\\\/\\\/bien-etreiris.ch\\\/de\\\/produktpraesentation\\\/hygiene\\\/haushaltsreinigung\\\/\"},{\"@type\":\"ListItem\",\"position\":5,\"name\":\"OBERFL\u00c4CHENREINIGER\",\"item\":\"https:\\\/\\\/bien-etreiris.ch\\\/de\\\/produktpraesentation\\\/hygiene\\\/haushaltsreinigung\\\/oberflaechenreiniger\\\/\"},{\"@type\":\"ListItem\",\"position\":6,\"name\":\"STOP AU PLASTIQUES\"}]},{\"@type\":\"WebSite\",\"@id\":\"https:\\\/\\\/bien-etreiris.ch\\\/de\\\/#website\",\"url\":\"https:\\\/\\\/bien-etreiris.ch\\\/de\\\/\",\"name\":\"Bien-\u00eatre Iris\",\"description\":\"IHRE Gesundheit ist uns wichtig\",\"potentialAction\":[{\"@type\":\"SearchAction\",\"target\":{\"@type\":\"EntryPoint\",\"urlTemplate\":\"https:\\\/\\\/bien-etreiris.ch\\\/de\\\/?s={search_term_string}\"},\"query-input\":{\"@type\":\"PropertyValueSpecification\",\"valueRequired\":true,\"valueName\":\"search_term_string\"}}],\"inLanguage\":\"de\"}]}<\/script>\n<!-- \/ Yoast SEO plugin. -->","yoast_head_json":{"title":"STOP AU PLASTIQUES - WOHLBEFINDEN","robots":{"index":"index","follow":"follow","max-snippet":"max-snippet:-1","max-image-preview":"max-image-preview:large","max-video-preview":"max-video-preview:-1"},"canonical":"https:\/\/bien-etreiris.ch\/de\/produktpraesentation\/hygiene\/haushaltsreinigung\/oberflaechenreiniger\/stop-au-plastiques-avec-washo\/","og_locale":"de_DE","og_type":"article","og_title":"STOP AU PLASTIQUES - WOHLBEFINDEN","og_description":"Stop au plastique \u00e0 usage unique! Les nettoyants pour surfaces de Washo sont des concentr\u00e9s de nettoyage \u00e0 base de poudre, d\u00e9velopp\u00e9s de mani\u00e8re \u00e9cologique et durable, pour le nettoyage en profondeur des surfaces les plus diverses dans l'habitat, la cuisine et la salle de bains. Il suffit de remplir le r\u00e9servoir avec de l'eau du robinet. Avec Washo, tu&nbsp;Weiter lesen","og_url":"https:\/\/bien-etreiris.ch\/de\/produktpraesentation\/hygiene\/haushaltsreinigung\/oberflaechenreiniger\/stop-au-plastiques-avec-washo\/","og_site_name":"WOHLBEFINDEN","article_publisher":"https:\/\/www.facebook.com\/bienetreiris\/","article_modified_time":"2023-11-11T19:47:17+00:00","og_image":[{"width":500,"height":333,"url":"https:\/\/bien-etreiris.ch\/wp-content\/uploads\/2023\/11\/acceuil-nettoyage.jpg","type":"image\/jpeg"}],"twitter_misc":{"Gesch\u00e4tzte Lesezeit":"4\u00a0Minuten"},"schema":{"@context":"https:\/\/schema.org","@graph":[{"@type":"WebPage","@id":"https:\/\/bien-etreiris.ch\/de\/produktpraesentation\/hygiene\/haushaltsreinigung\/oberflaechenreiniger\/stop-au-plastiques-avec-washo\/","url":"https:\/\/bien-etreiris.ch\/de\/produktpraesentation\/hygiene\/haushaltsreinigung\/oberflaechenreiniger\/stop-au-plastiques-avec-washo\/","name":"STOP AU PLASTIQUES - WOHLBEFINDEN","isPartOf":{"@id":"https:\/\/bien-etreiris.ch\/de\/#website"},"primaryImageOfPage":{"@id":"https:\/\/bien-etreiris.ch\/de\/produktpraesentation\/hygiene\/haushaltsreinigung\/oberflaechenreiniger\/stop-au-plastiques-avec-washo\/#primaryimage"},"image":{"@id":"https:\/\/bien-etreiris.ch\/de\/produktpraesentation\/hygiene\/haushaltsreinigung\/oberflaechenreiniger\/stop-au-plastiques-avec-washo\/#primaryimage"},"thumbnailUrl":"https:\/\/bien-etreiris.ch\/wp-content\/uploads\/2023\/11\/acceuil-nettoyage.jpg","datePublished":"2023-11-11T19:38:58+00:00","dateModified":"2023-11-11T19:47:17+00:00","breadcrumb":{"@id":"https:\/\/bien-etreiris.ch\/de\/produktpraesentation\/hygiene\/haushaltsreinigung\/oberflaechenreiniger\/stop-au-plastiques-avec-washo\/#breadcrumb"},"inLanguage":"de","potentialAction":[{"@type":"ReadAction","target":["https:\/\/bien-etreiris.ch\/de\/produktpraesentation\/hygiene\/haushaltsreinigung\/oberflaechenreiniger\/stop-au-plastiques-avec-washo\/"]}]},{"@type":"ImageObject","inLanguage":"de","@id":"https:\/\/bien-etreiris.ch\/de\/produktpraesentation\/hygiene\/haushaltsreinigung\/oberflaechenreiniger\/stop-au-plastiques-avec-washo\/#primaryimage","url":"https:\/\/bien-etreiris.ch\/wp-content\/uploads\/2023\/11\/acceuil-nettoyage.jpg","contentUrl":"https:\/\/bien-etreiris.ch\/wp-content\/uploads\/2023\/11\/acceuil-nettoyage.jpg","width":500,"height":333},{"@type":"BreadcrumbList","@id":"https:\/\/bien-etreiris.ch\/de\/produktpraesentation\/hygiene\/haushaltsreinigung\/oberflaechenreiniger\/stop-au-plastiques-avec-washo\/#breadcrumb","itemListElement":[{"@type":"ListItem","position":1,"name":"Home","item":"https:\/\/bien-etreiris.ch\/de\/"},{"@type":"ListItem","position":2,"name":"PRODUKTPR\u00c4SENTATION","item":"https:\/\/bien-etreiris.ch\/de\/produktpraesentation\/"},{"@type":"ListItem","position":3,"name":"HYGIENE","item":"https:\/\/bien-etreiris.ch\/de\/produktpraesentation\/hygiene\/"},{"@type":"ListItem","position":4,"name":"HAUSHALTSREINIGUNG","item":"https:\/\/bien-etreiris.ch\/de\/produktpraesentation\/hygiene\/haushaltsreinigung\/"},{"@type":"ListItem","position":5,"name":"OBERFL\u00c4CHENREINIGER","item":"https:\/\/bien-etreiris.ch\/de\/produktpraesentation\/hygiene\/haushaltsreinigung\/oberflaechenreiniger\/"},{"@type":"ListItem","position":6,"name":"STOP AU PLASTIQUES"}]},{"@type":"WebSite","@id":"https:\/\/bien-etreiris.ch\/de\/#website","url":"https:\/\/bien-etreiris.ch\/de\/","name":"Bien-\u00eatre Iris","description":"IHRE Gesundheit ist uns wichtig","potentialAction":[{"@type":"SearchAction","target":{"@type":"EntryPoint","urlTemplate":"https:\/\/bien-etreiris.ch\/de\/?s={search_term_string}"},"query-input":{"@type":"PropertyValueSpecification","valueRequired":true,"valueName":"search_term_string"}}],"inLanguage":"de"}]}},"_links":{"self":[{"href":"https:\/\/bien-etreiris.ch\/de\/wp-json\/wp\/v2\/pages\/79357","targetHints":{"allow":["GET"]}}],"collection":[{"href":"https:\/\/bien-etreiris.ch\/de\/wp-json\/wp\/v2\/pages"}],"about":[{"href":"https:\/\/bien-etreiris.ch\/de\/wp-json\/wp\/v2\/types\/page"}],"author":[{"embeddable":true,"href":"https:\/\/bien-etreiris.ch\/de\/wp-json\/wp\/v2\/users\/1"}],"replies":[{"embeddable":true,"href":"https:\/\/bien-etreiris.ch\/de\/wp-json\/wp\/v2\/comments?post=79357"}],"version-history":[{"count":3,"href":"https:\/\/bien-etreiris.ch\/de\/wp-json\/wp\/v2\/pages\/79357\/revisions"}],"predecessor-version":[{"id":79375,"href":"https:\/\/bien-etreiris.ch\/de\/wp-json\/wp\/v2\/pages\/79357\/revisions\/79375"}],"up":[{"embeddable":true,"href":"https:\/\/bien-etreiris.ch\/de\/wp-json\/wp\/v2\/pages\/79182"}],"wp:featuredmedia":[{"embeddable":true,"href":"https:\/\/bien-etreiris.ch\/de\/wp-json\/wp\/v2\/media\/79180"}],"wp:attachment":[{"href":"https:\/\/bien-etreiris.ch\/de\/wp-json\/wp\/v2\/media?parent=79357"}],"curies":[{"name":"wp","href":"https:\/\/api.w.org\/{rel}","templated":true}]}}