{"id":79134,"date":"2023-11-08T05:58:59","date_gmt":"2023-11-08T03:58:59","guid":{"rendered":"https:\/\/bien-etreiris.ch\/produktpraesentation\/hygiene\/koerperpflege\/seifen\/seifenzubehoer__trashed\/boite-a-savon-de-voyage-en-inox\/"},"modified":"2023-11-08T05:59:46","modified_gmt":"2023-11-08T03:59:46","slug":"boite-a-savon-de-voyage-en-inox","status":"publish","type":"page","link":"https:\/\/bien-etreiris.ch\/de\/produktpraesentation\/hygiene\/koerperpflege\/seifen\/seifenzubehoer\/boite-a-savon-de-voyage-en-inox\/","title":{"rendered":"BOITE VOYAGE"},"content":{"rendered":"<h2><span class=\"trail-end\">BOITE A SAVON DE VOYAGE EN INOX<\/span><\/h2>\n<p>&nbsp;<\/p>\n<p><a href=\"https:\/\/bien-etreiris.ch\/wp-content\/uploads\/2021\/10\/boite-de-savon-1.jpg\"><img loading=\"lazy\" decoding=\"async\" class=\" wp-image-54513 alignleft\" src=\"https:\/\/bien-etreiris.ch\/wp-content\/uploads\/2021\/10\/boite-de-savon-1-300x235.jpg\" alt=\"\" width=\"423\" height=\"331\" srcset=\"https:\/\/bien-etreiris.ch\/wp-content\/uploads\/2021\/10\/boite-de-savon-1-300x235.jpg 300w, https:\/\/bien-etreiris.ch\/wp-content\/uploads\/2021\/10\/boite-de-savon-1.jpg 670w\" sizes=\"auto, (max-width: 423px) 100vw, 423px\" \/><\/a><\/p>\n<p>&nbsp;<\/p>\n<p><strong>En acier inoxydable<\/strong><\/p>\n<ul>\n<li>AVEC EGOUTTOIR<\/li>\n<li>NE ROUILLE PAS<\/li>\n<li>ULTRA-RESITANTE<\/li>\n<li>AVEC POCHON DE&nbsp;LIN<\/li>\n<li>CONTENANCE : 150 ml<\/li>\n<li>5.5 cm x 10 cm x 4 cm<\/li>\n<\/ul>\n<p>Notre jolie boite \u00e0 savon en m\u00e9tal est livr\u00e9e avec un pochon en lin pour la prot\u00e9ger encore plus pendant les transports. 1 pi\u00e8ce <strong>CHF 15.50<\/strong><\/p>\n<p>&nbsp;<\/p>\n<p>Le fond de notre boite est en forme d\u2019\u00e9gouttoir pour \u00e9viter au savon de coller et pour \u00e9vacuer le trop plein d\u2019eau avant de la glisser dans votre trousse.<\/p>\n<p>Nous avons choisi l\u2019acier inoxydable pour notre boite de savon de voyage Gaiia, pas de plastique ni de fer blanc !<br \/>\nC\u2019est un Inox de qualit\u00e9 alimentaire d\u2019une grande r\u00e9sistance \u00e0 la rouille.<\/p>\n<p>D\u2019une grande durabilit\u00e9 et totalement hygi\u00e9nique cette boite en acier inoxydable vous suivra toute votre vie durant vos longs ou petits voyage ! L\u2019inox un mat\u00e9riau recyclable et recycl\u00e9.<\/p>\n","protected":false},"excerpt":{"rendered":"<p>BOITE A SAVON DE VOYAGE EN INOX &nbsp; &nbsp; En acier inoxydable AVEC EGOUTTOIR NE ROUILLE PAS ULTRA-RESITANTE AVEC POCHON DE&nbsp;LIN CONTENANCE : 150 ml 5.5 cm x 10 cm x 4 cm Notre jolie boite \u00e0 savon en m\u00e9tal est livr\u00e9e avec un pochon en lin pour la prot\u00e9ger encore plus pendant les transports. 1 pi\u00e8ce CHF 15.50 &nbsp;&nbsp;<a href=\"https:\/\/bien-etreiris.ch\/de\/produktpraesentation\/hygiene\/koerperpflege\/seifen\/seifenzubehoer\/boite-a-savon-de-voyage-en-inox\/\" class=\"read-more\">Weiter lesen<\/a><\/p>\n","protected":false},"author":1,"featured_media":79130,"parent":52315,"menu_order":2614,"comment_status":"closed","ping_status":"closed","template":"page-with-child.php","meta":{"_acf_changed":false,"ngg_post_thumbnail":0,"footnotes":""},"class_list":["post-79134","page","type-page","status-publish","has-post-thumbnail","hentry"],"acf":[],"yoast_head":"<!-- This site is optimized with the Yoast SEO plugin v27.5 - https:\/\/yoast.com\/product\/yoast-seo-wordpress\/ -->\n<title>BOITE VOYAGE - WOHLBEFINDEN<\/title>\n<meta name=\"robots\" content=\"index, follow, max-snippet:-1, max-image-preview:large, max-video-preview:-1\" \/>\n<link rel=\"canonical\" href=\"https:\/\/bien-etreiris.ch\/de\/produktpraesentation\/hygiene\/koerperpflege\/seifen\/seifenzubehoer\/boite-a-savon-de-voyage-en-inox\/\" \/>\n<meta property=\"og:locale\" content=\"de_DE\" \/>\n<meta property=\"og:type\" content=\"article\" \/>\n<meta property=\"og:title\" content=\"BOITE VOYAGE - WOHLBEFINDEN\" \/>\n<meta property=\"og:description\" content=\"BOITE A SAVON DE VOYAGE EN INOX &nbsp; &nbsp; En acier inoxydable AVEC EGOUTTOIR NE ROUILLE PAS ULTRA-RESITANTE AVEC POCHON DE&nbsp;LIN CONTENANCE : 150 ml 5.5 cm x 10 cm x 4 cm Notre jolie boite \u00e0 savon en m\u00e9tal est livr\u00e9e avec un pochon en lin pour la prot\u00e9ger encore plus pendant les transports. 1 pi\u00e8ce CHF 15.50 &nbsp;&nbsp;Weiter lesen\" \/>\n<meta property=\"og:url\" content=\"https:\/\/bien-etreiris.ch\/de\/produktpraesentation\/hygiene\/koerperpflege\/seifen\/seifenzubehoer\/boite-a-savon-de-voyage-en-inox\/\" \/>\n<meta property=\"og:site_name\" content=\"WOHLBEFINDEN\" \/>\n<meta property=\"article:publisher\" content=\"https:\/\/www.facebook.com\/bienetreiris\/\" \/>\n<meta property=\"article:modified_time\" content=\"2023-11-08T03:59:46+00:00\" \/>\n<meta property=\"og:image\" content=\"https:\/\/bien-etreiris.ch\/wp-content\/uploads\/2023\/11\/boite-savon-voyage.jpg\" \/>\n\t<meta property=\"og:image:width\" content=\"500\" \/>\n\t<meta property=\"og:image:height\" content=\"333\" \/>\n\t<meta property=\"og:image:type\" content=\"image\/jpeg\" \/>\n<meta name=\"twitter:label1\" content=\"Gesch\u00e4tzte Lesezeit\" \/>\n\t<meta name=\"twitter:data1\" content=\"1\u00a0Minute\" \/>\n<script type=\"application\/ld+json\" class=\"yoast-schema-graph\">{\"@context\":\"https:\\\/\\\/schema.org\",\"@graph\":[{\"@type\":\"WebPage\",\"@id\":\"https:\\\/\\\/bien-etreiris.ch\\\/de\\\/produktpraesentation\\\/hygiene\\\/koerperpflege\\\/seifen\\\/seifenzubehoer\\\/boite-a-savon-de-voyage-en-inox\\\/\",\"url\":\"https:\\\/\\\/bien-etreiris.ch\\\/de\\\/produktpraesentation\\\/hygiene\\\/koerperpflege\\\/seifen\\\/seifenzubehoer\\\/boite-a-savon-de-voyage-en-inox\\\/\",\"name\":\"BOITE VOYAGE - WOHLBEFINDEN\",\"isPartOf\":{\"@id\":\"https:\\\/\\\/bien-etreiris.ch\\\/de\\\/#website\"},\"primaryImageOfPage\":{\"@id\":\"https:\\\/\\\/bien-etreiris.ch\\\/de\\\/produktpraesentation\\\/hygiene\\\/koerperpflege\\\/seifen\\\/seifenzubehoer\\\/boite-a-savon-de-voyage-en-inox\\\/#primaryimage\"},\"image\":{\"@id\":\"https:\\\/\\\/bien-etreiris.ch\\\/de\\\/produktpraesentation\\\/hygiene\\\/koerperpflege\\\/seifen\\\/seifenzubehoer\\\/boite-a-savon-de-voyage-en-inox\\\/#primaryimage\"},\"thumbnailUrl\":\"https:\\\/\\\/bien-etreiris.ch\\\/wp-content\\\/uploads\\\/2023\\\/11\\\/boite-savon-voyage.jpg\",\"datePublished\":\"2023-11-08T03:58:59+00:00\",\"dateModified\":\"2023-11-08T03:59:46+00:00\",\"breadcrumb\":{\"@id\":\"https:\\\/\\\/bien-etreiris.ch\\\/de\\\/produktpraesentation\\\/hygiene\\\/koerperpflege\\\/seifen\\\/seifenzubehoer\\\/boite-a-savon-de-voyage-en-inox\\\/#breadcrumb\"},\"inLanguage\":\"de\",\"potentialAction\":[{\"@type\":\"ReadAction\",\"target\":[\"https:\\\/\\\/bien-etreiris.ch\\\/de\\\/produktpraesentation\\\/hygiene\\\/koerperpflege\\\/seifen\\\/seifenzubehoer\\\/boite-a-savon-de-voyage-en-inox\\\/\"]}]},{\"@type\":\"ImageObject\",\"inLanguage\":\"de\",\"@id\":\"https:\\\/\\\/bien-etreiris.ch\\\/de\\\/produktpraesentation\\\/hygiene\\\/koerperpflege\\\/seifen\\\/seifenzubehoer\\\/boite-a-savon-de-voyage-en-inox\\\/#primaryimage\",\"url\":\"https:\\\/\\\/bien-etreiris.ch\\\/wp-content\\\/uploads\\\/2023\\\/11\\\/boite-savon-voyage.jpg\",\"contentUrl\":\"https:\\\/\\\/bien-etreiris.ch\\\/wp-content\\\/uploads\\\/2023\\\/11\\\/boite-savon-voyage.jpg\",\"width\":500,\"height\":333},{\"@type\":\"BreadcrumbList\",\"@id\":\"https:\\\/\\\/bien-etreiris.ch\\\/de\\\/produktpraesentation\\\/hygiene\\\/koerperpflege\\\/seifen\\\/seifenzubehoer\\\/boite-a-savon-de-voyage-en-inox\\\/#breadcrumb\",\"itemListElement\":[{\"@type\":\"ListItem\",\"position\":1,\"name\":\"Home\",\"item\":\"https:\\\/\\\/bien-etreiris.ch\\\/de\\\/\"},{\"@type\":\"ListItem\",\"position\":2,\"name\":\"PRODUKTPR\u00c4SENTATION\",\"item\":\"https:\\\/\\\/bien-etreiris.ch\\\/de\\\/produktpraesentation\\\/\"},{\"@type\":\"ListItem\",\"position\":3,\"name\":\"HYGIENE\",\"item\":\"https:\\\/\\\/bien-etreiris.ch\\\/de\\\/produktpraesentation\\\/hygiene\\\/\"},{\"@type\":\"ListItem\",\"position\":4,\"name\":\"K\u00d6RPERPFLEGE\",\"item\":\"https:\\\/\\\/bien-etreiris.ch\\\/de\\\/produktpraesentation\\\/hygiene\\\/koerperpflege\\\/\"},{\"@type\":\"ListItem\",\"position\":5,\"name\":\"SEIFEN\",\"item\":\"https:\\\/\\\/bien-etreiris.ch\\\/de\\\/produktpraesentation\\\/hygiene\\\/koerperpflege\\\/seifen\\\/\"},{\"@type\":\"ListItem\",\"position\":6,\"name\":\"SEIFENZUBEH\u00d6R\",\"item\":\"https:\\\/\\\/bien-etreiris.ch\\\/de\\\/produktpraesentation\\\/hygiene\\\/koerperpflege\\\/seifen\\\/seifenzubehoer\\\/\"},{\"@type\":\"ListItem\",\"position\":7,\"name\":\"BOITE VOYAGE\"}]},{\"@type\":\"WebSite\",\"@id\":\"https:\\\/\\\/bien-etreiris.ch\\\/de\\\/#website\",\"url\":\"https:\\\/\\\/bien-etreiris.ch\\\/de\\\/\",\"name\":\"Bien-\u00eatre Iris\",\"description\":\"IHRE Gesundheit ist uns wichtig\",\"potentialAction\":[{\"@type\":\"SearchAction\",\"target\":{\"@type\":\"EntryPoint\",\"urlTemplate\":\"https:\\\/\\\/bien-etreiris.ch\\\/de\\\/?s={search_term_string}\"},\"query-input\":{\"@type\":\"PropertyValueSpecification\",\"valueRequired\":true,\"valueName\":\"search_term_string\"}}],\"inLanguage\":\"de\"}]}<\/script>\n<!-- \/ Yoast SEO plugin. -->","yoast_head_json":{"title":"BOITE VOYAGE - WOHLBEFINDEN","robots":{"index":"index","follow":"follow","max-snippet":"max-snippet:-1","max-image-preview":"max-image-preview:large","max-video-preview":"max-video-preview:-1"},"canonical":"https:\/\/bien-etreiris.ch\/de\/produktpraesentation\/hygiene\/koerperpflege\/seifen\/seifenzubehoer\/boite-a-savon-de-voyage-en-inox\/","og_locale":"de_DE","og_type":"article","og_title":"BOITE VOYAGE - WOHLBEFINDEN","og_description":"BOITE A SAVON DE VOYAGE EN INOX &nbsp; &nbsp; En acier inoxydable AVEC EGOUTTOIR NE ROUILLE PAS ULTRA-RESITANTE AVEC POCHON DE&nbsp;LIN CONTENANCE : 150 ml 5.5 cm x 10 cm x 4 cm Notre jolie boite \u00e0 savon en m\u00e9tal est livr\u00e9e avec un pochon en lin pour la prot\u00e9ger encore plus pendant les transports. 1 pi\u00e8ce CHF 15.50 &nbsp;&nbsp;Weiter lesen","og_url":"https:\/\/bien-etreiris.ch\/de\/produktpraesentation\/hygiene\/koerperpflege\/seifen\/seifenzubehoer\/boite-a-savon-de-voyage-en-inox\/","og_site_name":"WOHLBEFINDEN","article_publisher":"https:\/\/www.facebook.com\/bienetreiris\/","article_modified_time":"2023-11-08T03:59:46+00:00","og_image":[{"width":500,"height":333,"url":"https:\/\/bien-etreiris.ch\/wp-content\/uploads\/2023\/11\/boite-savon-voyage.jpg","type":"image\/jpeg"}],"twitter_misc":{"Gesch\u00e4tzte Lesezeit":"1\u00a0Minute"},"schema":{"@context":"https:\/\/schema.org","@graph":[{"@type":"WebPage","@id":"https:\/\/bien-etreiris.ch\/de\/produktpraesentation\/hygiene\/koerperpflege\/seifen\/seifenzubehoer\/boite-a-savon-de-voyage-en-inox\/","url":"https:\/\/bien-etreiris.ch\/de\/produktpraesentation\/hygiene\/koerperpflege\/seifen\/seifenzubehoer\/boite-a-savon-de-voyage-en-inox\/","name":"BOITE VOYAGE - WOHLBEFINDEN","isPartOf":{"@id":"https:\/\/bien-etreiris.ch\/de\/#website"},"primaryImageOfPage":{"@id":"https:\/\/bien-etreiris.ch\/de\/produktpraesentation\/hygiene\/koerperpflege\/seifen\/seifenzubehoer\/boite-a-savon-de-voyage-en-inox\/#primaryimage"},"image":{"@id":"https:\/\/bien-etreiris.ch\/de\/produktpraesentation\/hygiene\/koerperpflege\/seifen\/seifenzubehoer\/boite-a-savon-de-voyage-en-inox\/#primaryimage"},"thumbnailUrl":"https:\/\/bien-etreiris.ch\/wp-content\/uploads\/2023\/11\/boite-savon-voyage.jpg","datePublished":"2023-11-08T03:58:59+00:00","dateModified":"2023-11-08T03:59:46+00:00","breadcrumb":{"@id":"https:\/\/bien-etreiris.ch\/de\/produktpraesentation\/hygiene\/koerperpflege\/seifen\/seifenzubehoer\/boite-a-savon-de-voyage-en-inox\/#breadcrumb"},"inLanguage":"de","potentialAction":[{"@type":"ReadAction","target":["https:\/\/bien-etreiris.ch\/de\/produktpraesentation\/hygiene\/koerperpflege\/seifen\/seifenzubehoer\/boite-a-savon-de-voyage-en-inox\/"]}]},{"@type":"ImageObject","inLanguage":"de","@id":"https:\/\/bien-etreiris.ch\/de\/produktpraesentation\/hygiene\/koerperpflege\/seifen\/seifenzubehoer\/boite-a-savon-de-voyage-en-inox\/#primaryimage","url":"https:\/\/bien-etreiris.ch\/wp-content\/uploads\/2023\/11\/boite-savon-voyage.jpg","contentUrl":"https:\/\/bien-etreiris.ch\/wp-content\/uploads\/2023\/11\/boite-savon-voyage.jpg","width":500,"height":333},{"@type":"BreadcrumbList","@id":"https:\/\/bien-etreiris.ch\/de\/produktpraesentation\/hygiene\/koerperpflege\/seifen\/seifenzubehoer\/boite-a-savon-de-voyage-en-inox\/#breadcrumb","itemListElement":[{"@type":"ListItem","position":1,"name":"Home","item":"https:\/\/bien-etreiris.ch\/de\/"},{"@type":"ListItem","position":2,"name":"PRODUKTPR\u00c4SENTATION","item":"https:\/\/bien-etreiris.ch\/de\/produktpraesentation\/"},{"@type":"ListItem","position":3,"name":"HYGIENE","item":"https:\/\/bien-etreiris.ch\/de\/produktpraesentation\/hygiene\/"},{"@type":"ListItem","position":4,"name":"K\u00d6RPERPFLEGE","item":"https:\/\/bien-etreiris.ch\/de\/produktpraesentation\/hygiene\/koerperpflege\/"},{"@type":"ListItem","position":5,"name":"SEIFEN","item":"https:\/\/bien-etreiris.ch\/de\/produktpraesentation\/hygiene\/koerperpflege\/seifen\/"},{"@type":"ListItem","position":6,"name":"SEIFENZUBEH\u00d6R","item":"https:\/\/bien-etreiris.ch\/de\/produktpraesentation\/hygiene\/koerperpflege\/seifen\/seifenzubehoer\/"},{"@type":"ListItem","position":7,"name":"BOITE VOYAGE"}]},{"@type":"WebSite","@id":"https:\/\/bien-etreiris.ch\/de\/#website","url":"https:\/\/bien-etreiris.ch\/de\/","name":"Bien-\u00eatre Iris","description":"IHRE Gesundheit ist uns wichtig","potentialAction":[{"@type":"SearchAction","target":{"@type":"EntryPoint","urlTemplate":"https:\/\/bien-etreiris.ch\/de\/?s={search_term_string}"},"query-input":{"@type":"PropertyValueSpecification","valueRequired":true,"valueName":"search_term_string"}}],"inLanguage":"de"}]}},"_links":{"self":[{"href":"https:\/\/bien-etreiris.ch\/de\/wp-json\/wp\/v2\/pages\/79134","targetHints":{"allow":["GET"]}}],"collection":[{"href":"https:\/\/bien-etreiris.ch\/de\/wp-json\/wp\/v2\/pages"}],"about":[{"href":"https:\/\/bien-etreiris.ch\/de\/wp-json\/wp\/v2\/types\/page"}],"author":[{"embeddable":true,"href":"https:\/\/bien-etreiris.ch\/de\/wp-json\/wp\/v2\/users\/1"}],"replies":[{"embeddable":true,"href":"https:\/\/bien-etreiris.ch\/de\/wp-json\/wp\/v2\/comments?post=79134"}],"version-history":[{"count":1,"href":"https:\/\/bien-etreiris.ch\/de\/wp-json\/wp\/v2\/pages\/79134\/revisions"}],"predecessor-version":[{"id":79135,"href":"https:\/\/bien-etreiris.ch\/de\/wp-json\/wp\/v2\/pages\/79134\/revisions\/79135"}],"up":[{"embeddable":true,"href":"https:\/\/bien-etreiris.ch\/de\/wp-json\/wp\/v2\/pages\/52315"}],"wp:featuredmedia":[{"embeddable":true,"href":"https:\/\/bien-etreiris.ch\/de\/wp-json\/wp\/v2\/media\/79130"}],"wp:attachment":[{"href":"https:\/\/bien-etreiris.ch\/de\/wp-json\/wp\/v2\/media?parent=79134"}],"curies":[{"name":"wp","href":"https:\/\/api.w.org\/{rel}","templated":true}]}}