{"id":79121,"date":"2023-11-08T05:42:59","date_gmt":"2023-11-08T03:42:59","guid":{"rendered":"https:\/\/bien-etreiris.ch\/produktpraesentation\/hygiene\/koerperpflege\/seifen\/seifenzubehoer\/savosec\/"},"modified":"2023-11-08T05:45:53","modified_gmt":"2023-11-08T03:45:53","slug":"savosec","status":"publish","type":"page","link":"https:\/\/bien-etreiris.ch\/de\/produktpraesentation\/hygiene\/koerperpflege\/seifen\/seifenzubehoer\/savosec\/","title":{"rendered":"SAVOSEC"},"content":{"rendered":"<h2><strong>Seifenhalter der Zukunft SAVOSEC<br \/>\n<\/strong><\/h2>\n<p><a href=\"https:\/\/bien-etreiris.ch\/wp-content\/uploads\/2021\/07\/PORTE-SAVON-SAVOSEC-2.jpg\"><img loading=\"lazy\" decoding=\"async\" class=\"alignleft wp-image-52324\" src=\"https:\/\/bien-etreiris.ch\/wp-content\/uploads\/2021\/07\/PORTE-SAVON-SAVOSEC-2-300x187.jpg\" sizes=\"auto, (max-width: 450px) 100vw, 450px\" srcset=\"https:\/\/bien-etreiris.ch\/wp-content\/uploads\/2021\/07\/PORTE-SAVON-SAVOSEC-2-300x187.jpg 300w, https:\/\/bien-etreiris.ch\/wp-content\/uploads\/2021\/07\/PORTE-SAVON-SAVOSEC-2-768x479.jpg 768w, https:\/\/bien-etreiris.ch\/wp-content\/uploads\/2021\/07\/PORTE-SAVON-SAVOSEC-2.jpg 1021w\" alt=\"\" width=\"450\" height=\"281\"><\/a><\/p>\n<p>&nbsp;<\/p>\n<p>&nbsp;<\/p>\n<p>&nbsp;<\/p>\n<div class=\"woocommerce-product-details__short-description\">\n<p>&nbsp;<\/p>\n<ul>\n<li>PRAKTISCH<\/li>\n<li>IHRE SEIFE<\/li>\n<li>BLEIBT TROCKEN!<\/li>\n<li>GEFERTIGT IN FRANKREICH<\/li>\n<li>STRAPAZIERF\u00c4HIGER KUNSTSTOFF<\/li>\n<\/ul>\n<p>1&nbsp; St\u00fcck CHF 3.50<\/p>\n<\/div>\n<p>&nbsp;<\/p>\n<p>&nbsp;<\/p>\n<p>SavOsec ist ein kleines Stativ, das an der Seife h\u00e4ngt und verhindert, dass diese auf dem Waschbecken schmilzt.<\/p>\n<p>Sie bewahrt eine Luftschicht, die ausreicht, um die Seife trocken zu halten!<br \/>\nDer Beutel enth\u00e4lt 3 Einheiten von SavOsec.<br \/>\nHergestellt in Frankreich<\/p>\n<p>&nbsp;<\/p>\n<p>Um Ihre Seife trocken zu halten, ist es ratsam, sie au\u00dferhalb des Wassers aufzubewahren (nicht direkt auf dem Waschbeckenrand, ganz nass) und daf\u00fcr zu sorgen, dass sie zwischen den Anwendungen trocknet. Das SAVOSEC-Projekt: Wir retten unsere Seifen, indem wir sie mit einem kleinen Accessoire von der Oberfl\u00e4che fernhalten. Mit Hilfe eines multikriteriellen Optimierungsansatzes hat Nicolas Trub dieses kleine Stativ entwickelt, das auf die Seife geklemmt werden kann und sie so von der nassen Oberfl\u00e4che fernh\u00e4lt.<\/p>\n","protected":false},"excerpt":{"rendered":"<p>Seifenhalter der Zukunft SAVOSEC &nbsp; &nbsp; &nbsp; &nbsp; PRAKTISCH IHRE SEIFE BLEIBT TROCKEN! GEFERTIGT IN FRANKREICH STRAPAZIERF\u00c4HIGER KUNSTSTOFF 1&nbsp; St\u00fcck CHF 3.50 &nbsp; &nbsp; SavOsec ist ein kleines Stativ, das an der Seife h\u00e4ngt und verhindert, dass diese auf dem Waschbecken schmilzt. Sie bewahrt eine Luftschicht, die ausreicht, um die Seife trocken zu halten! Der Beutel enth\u00e4lt 3 Einheiten von&nbsp;<a href=\"https:\/\/bien-etreiris.ch\/de\/produktpraesentation\/hygiene\/koerperpflege\/seifen\/seifenzubehoer\/savosec\/\" class=\"read-more\">Weiter lesen<\/a><\/p>\n","protected":false},"author":1,"featured_media":79118,"parent":52315,"menu_order":2613,"comment_status":"closed","ping_status":"closed","template":"page-with-child.php","meta":{"_acf_changed":false,"ngg_post_thumbnail":0,"footnotes":""},"class_list":["post-79121","page","type-page","status-publish","has-post-thumbnail","hentry"],"acf":[],"yoast_head":"<!-- This site is optimized with the Yoast SEO plugin v27.5 - https:\/\/yoast.com\/product\/yoast-seo-wordpress\/ -->\n<title>SAVOSEC - WOHLBEFINDEN<\/title>\n<meta name=\"robots\" content=\"index, follow, max-snippet:-1, max-image-preview:large, max-video-preview:-1\" \/>\n<link rel=\"canonical\" href=\"https:\/\/bien-etreiris.ch\/de\/produktpraesentation\/hygiene\/koerperpflege\/seifen\/seifenzubehoer\/savosec\/\" \/>\n<meta property=\"og:locale\" content=\"de_DE\" \/>\n<meta property=\"og:type\" content=\"article\" \/>\n<meta property=\"og:title\" content=\"SAVOSEC - WOHLBEFINDEN\" \/>\n<meta property=\"og:description\" content=\"Seifenhalter der Zukunft SAVOSEC &nbsp; &nbsp; &nbsp; &nbsp; PRAKTISCH IHRE SEIFE BLEIBT TROCKEN! GEFERTIGT IN FRANKREICH STRAPAZIERF\u00c4HIGER KUNSTSTOFF 1&nbsp; St\u00fcck CHF 3.50 &nbsp; &nbsp; SavOsec ist ein kleines Stativ, das an der Seife h\u00e4ngt und verhindert, dass diese auf dem Waschbecken schmilzt. Sie bewahrt eine Luftschicht, die ausreicht, um die Seife trocken zu halten! Der Beutel enth\u00e4lt 3 Einheiten von&nbsp;Weiter lesen\" \/>\n<meta property=\"og:url\" content=\"https:\/\/bien-etreiris.ch\/de\/produktpraesentation\/hygiene\/koerperpflege\/seifen\/seifenzubehoer\/savosec\/\" \/>\n<meta property=\"og:site_name\" content=\"WOHLBEFINDEN\" \/>\n<meta property=\"article:publisher\" content=\"https:\/\/www.facebook.com\/bienetreiris\/\" \/>\n<meta property=\"article:modified_time\" content=\"2023-11-08T03:45:53+00:00\" \/>\n<meta property=\"og:image\" content=\"https:\/\/bien-etreiris.ch\/wp-content\/uploads\/2023\/11\/savosec.jpg\" \/>\n\t<meta property=\"og:image:width\" content=\"500\" \/>\n\t<meta property=\"og:image:height\" content=\"333\" \/>\n\t<meta property=\"og:image:type\" content=\"image\/jpeg\" \/>\n<meta name=\"twitter:label1\" content=\"Gesch\u00e4tzte Lesezeit\" \/>\n\t<meta name=\"twitter:data1\" content=\"1\u00a0Minute\" \/>\n<script type=\"application\/ld+json\" class=\"yoast-schema-graph\">{\"@context\":\"https:\\\/\\\/schema.org\",\"@graph\":[{\"@type\":\"WebPage\",\"@id\":\"https:\\\/\\\/bien-etreiris.ch\\\/de\\\/produktpraesentation\\\/hygiene\\\/koerperpflege\\\/seifen\\\/seifenzubehoer\\\/savosec\\\/\",\"url\":\"https:\\\/\\\/bien-etreiris.ch\\\/de\\\/produktpraesentation\\\/hygiene\\\/koerperpflege\\\/seifen\\\/seifenzubehoer\\\/savosec\\\/\",\"name\":\"SAVOSEC - WOHLBEFINDEN\",\"isPartOf\":{\"@id\":\"https:\\\/\\\/bien-etreiris.ch\\\/de\\\/#website\"},\"primaryImageOfPage\":{\"@id\":\"https:\\\/\\\/bien-etreiris.ch\\\/de\\\/produktpraesentation\\\/hygiene\\\/koerperpflege\\\/seifen\\\/seifenzubehoer\\\/savosec\\\/#primaryimage\"},\"image\":{\"@id\":\"https:\\\/\\\/bien-etreiris.ch\\\/de\\\/produktpraesentation\\\/hygiene\\\/koerperpflege\\\/seifen\\\/seifenzubehoer\\\/savosec\\\/#primaryimage\"},\"thumbnailUrl\":\"https:\\\/\\\/bien-etreiris.ch\\\/wp-content\\\/uploads\\\/2023\\\/11\\\/savosec.jpg\",\"datePublished\":\"2023-11-08T03:42:59+00:00\",\"dateModified\":\"2023-11-08T03:45:53+00:00\",\"breadcrumb\":{\"@id\":\"https:\\\/\\\/bien-etreiris.ch\\\/de\\\/produktpraesentation\\\/hygiene\\\/koerperpflege\\\/seifen\\\/seifenzubehoer\\\/savosec\\\/#breadcrumb\"},\"inLanguage\":\"de\",\"potentialAction\":[{\"@type\":\"ReadAction\",\"target\":[\"https:\\\/\\\/bien-etreiris.ch\\\/de\\\/produktpraesentation\\\/hygiene\\\/koerperpflege\\\/seifen\\\/seifenzubehoer\\\/savosec\\\/\"]}]},{\"@type\":\"ImageObject\",\"inLanguage\":\"de\",\"@id\":\"https:\\\/\\\/bien-etreiris.ch\\\/de\\\/produktpraesentation\\\/hygiene\\\/koerperpflege\\\/seifen\\\/seifenzubehoer\\\/savosec\\\/#primaryimage\",\"url\":\"https:\\\/\\\/bien-etreiris.ch\\\/wp-content\\\/uploads\\\/2023\\\/11\\\/savosec.jpg\",\"contentUrl\":\"https:\\\/\\\/bien-etreiris.ch\\\/wp-content\\\/uploads\\\/2023\\\/11\\\/savosec.jpg\",\"width\":500,\"height\":333},{\"@type\":\"BreadcrumbList\",\"@id\":\"https:\\\/\\\/bien-etreiris.ch\\\/de\\\/produktpraesentation\\\/hygiene\\\/koerperpflege\\\/seifen\\\/seifenzubehoer\\\/savosec\\\/#breadcrumb\",\"itemListElement\":[{\"@type\":\"ListItem\",\"position\":1,\"name\":\"Home\",\"item\":\"https:\\\/\\\/bien-etreiris.ch\\\/de\\\/\"},{\"@type\":\"ListItem\",\"position\":2,\"name\":\"PRODUKTPR\u00c4SENTATION\",\"item\":\"https:\\\/\\\/bien-etreiris.ch\\\/de\\\/produktpraesentation\\\/\"},{\"@type\":\"ListItem\",\"position\":3,\"name\":\"HYGIENE\",\"item\":\"https:\\\/\\\/bien-etreiris.ch\\\/de\\\/produktpraesentation\\\/hygiene\\\/\"},{\"@type\":\"ListItem\",\"position\":4,\"name\":\"K\u00d6RPERPFLEGE\",\"item\":\"https:\\\/\\\/bien-etreiris.ch\\\/de\\\/produktpraesentation\\\/hygiene\\\/koerperpflege\\\/\"},{\"@type\":\"ListItem\",\"position\":5,\"name\":\"SEIFEN\",\"item\":\"https:\\\/\\\/bien-etreiris.ch\\\/de\\\/produktpraesentation\\\/hygiene\\\/koerperpflege\\\/seifen\\\/\"},{\"@type\":\"ListItem\",\"position\":6,\"name\":\"SEIFENZUBEH\u00d6R\",\"item\":\"https:\\\/\\\/bien-etreiris.ch\\\/de\\\/produktpraesentation\\\/hygiene\\\/koerperpflege\\\/seifen\\\/seifenzubehoer\\\/\"},{\"@type\":\"ListItem\",\"position\":7,\"name\":\"SAVOSEC\"}]},{\"@type\":\"WebSite\",\"@id\":\"https:\\\/\\\/bien-etreiris.ch\\\/de\\\/#website\",\"url\":\"https:\\\/\\\/bien-etreiris.ch\\\/de\\\/\",\"name\":\"Bien-\u00eatre Iris\",\"description\":\"IHRE Gesundheit ist uns wichtig\",\"potentialAction\":[{\"@type\":\"SearchAction\",\"target\":{\"@type\":\"EntryPoint\",\"urlTemplate\":\"https:\\\/\\\/bien-etreiris.ch\\\/de\\\/?s={search_term_string}\"},\"query-input\":{\"@type\":\"PropertyValueSpecification\",\"valueRequired\":true,\"valueName\":\"search_term_string\"}}],\"inLanguage\":\"de\"}]}<\/script>\n<!-- \/ Yoast SEO plugin. -->","yoast_head_json":{"title":"SAVOSEC - WOHLBEFINDEN","robots":{"index":"index","follow":"follow","max-snippet":"max-snippet:-1","max-image-preview":"max-image-preview:large","max-video-preview":"max-video-preview:-1"},"canonical":"https:\/\/bien-etreiris.ch\/de\/produktpraesentation\/hygiene\/koerperpflege\/seifen\/seifenzubehoer\/savosec\/","og_locale":"de_DE","og_type":"article","og_title":"SAVOSEC - WOHLBEFINDEN","og_description":"Seifenhalter der Zukunft SAVOSEC &nbsp; &nbsp; &nbsp; &nbsp; PRAKTISCH IHRE SEIFE BLEIBT TROCKEN! GEFERTIGT IN FRANKREICH STRAPAZIERF\u00c4HIGER KUNSTSTOFF 1&nbsp; St\u00fcck CHF 3.50 &nbsp; &nbsp; SavOsec ist ein kleines Stativ, das an der Seife h\u00e4ngt und verhindert, dass diese auf dem Waschbecken schmilzt. Sie bewahrt eine Luftschicht, die ausreicht, um die Seife trocken zu halten! Der Beutel enth\u00e4lt 3 Einheiten von&nbsp;Weiter lesen","og_url":"https:\/\/bien-etreiris.ch\/de\/produktpraesentation\/hygiene\/koerperpflege\/seifen\/seifenzubehoer\/savosec\/","og_site_name":"WOHLBEFINDEN","article_publisher":"https:\/\/www.facebook.com\/bienetreiris\/","article_modified_time":"2023-11-08T03:45:53+00:00","og_image":[{"width":500,"height":333,"url":"https:\/\/bien-etreiris.ch\/wp-content\/uploads\/2023\/11\/savosec.jpg","type":"image\/jpeg"}],"twitter_misc":{"Gesch\u00e4tzte Lesezeit":"1\u00a0Minute"},"schema":{"@context":"https:\/\/schema.org","@graph":[{"@type":"WebPage","@id":"https:\/\/bien-etreiris.ch\/de\/produktpraesentation\/hygiene\/koerperpflege\/seifen\/seifenzubehoer\/savosec\/","url":"https:\/\/bien-etreiris.ch\/de\/produktpraesentation\/hygiene\/koerperpflege\/seifen\/seifenzubehoer\/savosec\/","name":"SAVOSEC - WOHLBEFINDEN","isPartOf":{"@id":"https:\/\/bien-etreiris.ch\/de\/#website"},"primaryImageOfPage":{"@id":"https:\/\/bien-etreiris.ch\/de\/produktpraesentation\/hygiene\/koerperpflege\/seifen\/seifenzubehoer\/savosec\/#primaryimage"},"image":{"@id":"https:\/\/bien-etreiris.ch\/de\/produktpraesentation\/hygiene\/koerperpflege\/seifen\/seifenzubehoer\/savosec\/#primaryimage"},"thumbnailUrl":"https:\/\/bien-etreiris.ch\/wp-content\/uploads\/2023\/11\/savosec.jpg","datePublished":"2023-11-08T03:42:59+00:00","dateModified":"2023-11-08T03:45:53+00:00","breadcrumb":{"@id":"https:\/\/bien-etreiris.ch\/de\/produktpraesentation\/hygiene\/koerperpflege\/seifen\/seifenzubehoer\/savosec\/#breadcrumb"},"inLanguage":"de","potentialAction":[{"@type":"ReadAction","target":["https:\/\/bien-etreiris.ch\/de\/produktpraesentation\/hygiene\/koerperpflege\/seifen\/seifenzubehoer\/savosec\/"]}]},{"@type":"ImageObject","inLanguage":"de","@id":"https:\/\/bien-etreiris.ch\/de\/produktpraesentation\/hygiene\/koerperpflege\/seifen\/seifenzubehoer\/savosec\/#primaryimage","url":"https:\/\/bien-etreiris.ch\/wp-content\/uploads\/2023\/11\/savosec.jpg","contentUrl":"https:\/\/bien-etreiris.ch\/wp-content\/uploads\/2023\/11\/savosec.jpg","width":500,"height":333},{"@type":"BreadcrumbList","@id":"https:\/\/bien-etreiris.ch\/de\/produktpraesentation\/hygiene\/koerperpflege\/seifen\/seifenzubehoer\/savosec\/#breadcrumb","itemListElement":[{"@type":"ListItem","position":1,"name":"Home","item":"https:\/\/bien-etreiris.ch\/de\/"},{"@type":"ListItem","position":2,"name":"PRODUKTPR\u00c4SENTATION","item":"https:\/\/bien-etreiris.ch\/de\/produktpraesentation\/"},{"@type":"ListItem","position":3,"name":"HYGIENE","item":"https:\/\/bien-etreiris.ch\/de\/produktpraesentation\/hygiene\/"},{"@type":"ListItem","position":4,"name":"K\u00d6RPERPFLEGE","item":"https:\/\/bien-etreiris.ch\/de\/produktpraesentation\/hygiene\/koerperpflege\/"},{"@type":"ListItem","position":5,"name":"SEIFEN","item":"https:\/\/bien-etreiris.ch\/de\/produktpraesentation\/hygiene\/koerperpflege\/seifen\/"},{"@type":"ListItem","position":6,"name":"SEIFENZUBEH\u00d6R","item":"https:\/\/bien-etreiris.ch\/de\/produktpraesentation\/hygiene\/koerperpflege\/seifen\/seifenzubehoer\/"},{"@type":"ListItem","position":7,"name":"SAVOSEC"}]},{"@type":"WebSite","@id":"https:\/\/bien-etreiris.ch\/de\/#website","url":"https:\/\/bien-etreiris.ch\/de\/","name":"Bien-\u00eatre Iris","description":"IHRE Gesundheit ist uns wichtig","potentialAction":[{"@type":"SearchAction","target":{"@type":"EntryPoint","urlTemplate":"https:\/\/bien-etreiris.ch\/de\/?s={search_term_string}"},"query-input":{"@type":"PropertyValueSpecification","valueRequired":true,"valueName":"search_term_string"}}],"inLanguage":"de"}]}},"_links":{"self":[{"href":"https:\/\/bien-etreiris.ch\/de\/wp-json\/wp\/v2\/pages\/79121","targetHints":{"allow":["GET"]}}],"collection":[{"href":"https:\/\/bien-etreiris.ch\/de\/wp-json\/wp\/v2\/pages"}],"about":[{"href":"https:\/\/bien-etreiris.ch\/de\/wp-json\/wp\/v2\/types\/page"}],"author":[{"embeddable":true,"href":"https:\/\/bien-etreiris.ch\/de\/wp-json\/wp\/v2\/users\/1"}],"replies":[{"embeddable":true,"href":"https:\/\/bien-etreiris.ch\/de\/wp-json\/wp\/v2\/comments?post=79121"}],"version-history":[{"count":2,"href":"https:\/\/bien-etreiris.ch\/de\/wp-json\/wp\/v2\/pages\/79121\/revisions"}],"predecessor-version":[{"id":79124,"href":"https:\/\/bien-etreiris.ch\/de\/wp-json\/wp\/v2\/pages\/79121\/revisions\/79124"}],"up":[{"embeddable":true,"href":"https:\/\/bien-etreiris.ch\/de\/wp-json\/wp\/v2\/pages\/52315"}],"wp:featuredmedia":[{"embeddable":true,"href":"https:\/\/bien-etreiris.ch\/de\/wp-json\/wp\/v2\/media\/79118"}],"wp:attachment":[{"href":"https:\/\/bien-etreiris.ch\/de\/wp-json\/wp\/v2\/media?parent=79121"}],"curies":[{"name":"wp","href":"https:\/\/api.w.org\/{rel}","templated":true}]}}