{"id":79027,"date":"2023-11-06T19:26:48","date_gmt":"2023-11-06T17:26:48","guid":{"rendered":"https:\/\/bien-etreiris.ch\/ratgeber-klarheit-beratung\/mehr-erfahren\/seifen\/washo-care\/"},"modified":"2023-11-08T05:03:19","modified_gmt":"2023-11-08T03:03:19","slug":"washo-care","status":"publish","type":"page","link":"https:\/\/bien-etreiris.ch\/de\/produktpraesentation\/hygiene\/koerperpflege\/seifen\/washo-care\/","title":{"rendered":"WASHO CARE"},"content":{"rendered":"<h2>Washo Care<\/h2>\n<p>Ne soyez pas une bouteille ! Exp\u00e9rience de douche sans plastique avec Washo Care<\/p>\n<p>Les shampooings et produits de douche solides de Washo Care sont des cosm\u00e9tiques<br \/>\nnaturels certifi\u00e9s. Nous marquons ainsi notre opposition \u00e0 l'utilisation de produits<br \/>\nsynth\u00e9tiques, de silicones, de paraffines et d'autres produits d\u00e9riv\u00e9s du p\u00e9trole. De plus,<br \/>\nnous n'utilisons que des colorants et des parfums naturels.&nbsp;&nbsp;&nbsp;<\/p>\n<p><a href=\"https:\/\/bien-etreiris.ch\/de\/produktpraesentation\/hygiene\/koerperpflege\/seifen\/washo-care\/ecocert-rouge-2\/\" rel=\"attachment wp-att-79034\"><img loading=\"lazy\" decoding=\"async\" class=\"alignnone  wp-image-79034\" src=\"https:\/\/bien-etreiris.ch\/wp-content\/uploads\/2023\/11\/ecocert-rouge.png\" alt=\"\" width=\"68\" height=\"71\"><\/a><\/p>\n<p>&nbsp;<\/p>\n<p>&nbsp;<\/p>\n<h4>Washo Care douche <span style=\"color: #ff99cc;\">solide<\/span> <span style=\"color: #ff99cc;\">bien-\u00eatre<\/span> - soigne et affine<\/h4>\n<p><a href=\"https:\/\/bien-etreiris.ch\/de\/produktpraesentation\/hygiene\/koerperpflege\/seifen\/washo-care\/soins-douche-solide-bien-etre-2-2\/\" rel=\"attachment wp-att-79031\"><img loading=\"lazy\" decoding=\"async\" class=\"wp-image-79031 alignleft\" src=\"https:\/\/bien-etreiris.ch\/wp-content\/uploads\/2023\/11\/soins-douche-solide-bien-etre-2.jpg\" alt=\"\" width=\"308\" height=\"336\" srcset=\"https:\/\/bien-etreiris.ch\/wp-content\/uploads\/2023\/11\/soins-douche-solide-bien-etre-2.jpg 885w, https:\/\/bien-etreiris.ch\/wp-content\/uploads\/2023\/11\/soins-douche-solide-bien-etre-2-275x300.jpg 275w, https:\/\/bien-etreiris.ch\/wp-content\/uploads\/2023\/11\/soins-douche-solide-bien-etre-2-768x837.jpg 768w\" sizes=\"auto, (max-width: 308px) 100vw, 308px\" \/><\/a><\/p>\n<p>&nbsp;<\/p>\n<p>&nbsp;<\/p>\n<p>&nbsp;<\/p>\n<ul style=\"list-style-type: disc;\">\n<li>Parfum d\u00e9licatement fleuri<\/li>\n<li>Sensation de peau douce et soyeuse comme si elle \u00e9tait enduite de cr\u00e8me<\/li>\n<li>Avec du beurre de cacao riche<\/li>\n<li>Nettoie et soigne en douceur<\/li>\n<li>Mousse merveilleusement bien<\/li>\n<\/ul>\n<p>&nbsp;<\/p>\n<p>1 pi\u00e8ce de 70 g <strong>CHF 8.90<\/strong><\/p>\n<p>&nbsp;<\/p>\n<p>&nbsp;<\/p>\n<p><a href=\"https:\/\/bien-etreiris.ch\/presentations-des-produits\/hygiene\/corporelle\/savons\/washo-care\/vegan-3\/\" rel=\"attachment wp-att-79037\"><img loading=\"lazy\" decoding=\"async\" class=\"alignnone wp-image-79050 \" src=\"https:\/\/bien-etreiris.ch\/wp-content\/uploads\/2023\/11\/vegan-1.png\" alt=\"\" width=\"60\" height=\"59\"><\/a>&nbsp;<a href=\"https:\/\/bien-etreiris.ch\/de\/produktpraesentation\/hygiene\/koerperpflege\/seifen\/washo-care\/no-plast-2\/\" rel=\"attachment wp-att-79066\"><img loading=\"lazy\" decoding=\"async\" class=\"alignnone  wp-image-79066\" src=\"https:\/\/bien-etreiris.ch\/wp-content\/uploads\/2023\/11\/no-plast-2.png\" alt=\"\" width=\"60\" height=\"61\" srcset=\"https:\/\/bien-etreiris.ch\/wp-content\/uploads\/2023\/11\/no-plast-2.png 197w, https:\/\/bien-etreiris.ch\/wp-content\/uploads\/2023\/11\/no-plast-2-150x150.png 150w\" sizes=\"auto, (max-width: 60px) 100vw, 60px\" \/><\/a> <a href=\"https:\/\/bien-etreiris.ch\/de\/produktpraesentation\/hygiene\/koerperpflege\/seifen\/washo-care\/silicone-free-2\/\" rel=\"attachment wp-att-79069\"><img loading=\"lazy\" decoding=\"async\" class=\"alignnone  wp-image-79069\" src=\"https:\/\/bien-etreiris.ch\/wp-content\/uploads\/2023\/11\/silicone-free-2.png\" alt=\"\" width=\"60\" height=\"60\" srcset=\"https:\/\/bien-etreiris.ch\/wp-content\/uploads\/2023\/11\/silicone-free-2.png 201w, https:\/\/bien-etreiris.ch\/wp-content\/uploads\/2023\/11\/silicone-free-2-150x150.png 150w\" sizes=\"auto, (max-width: 60px) 100vw, 60px\" \/><\/a><\/p>\n<h4>Avantages pour toi et l'environnement<\/h4>\n<ul style=\"list-style-type: disc;\">\n<li>tr\u00e8s \u00e9conomique : l pi\u00e8ces = 2 bouteilles en plastique de gel douche liquide \u00e0 200ml<\/li>\n<li>cosm\u00e9tique naturelle certifi\u00e9e selon Ecocert COSMOS Natural<\/li>\n<li>sans microplastiques, silicones et parab\u00e8nes<\/li>\n<li>avec 95% d'ingr\u00e9dients naturels<\/li>\n<li>emballage en carton recyclable<\/li>\n<li>v\u00e9g\u00e9talien<\/li>\n<\/ul>\n<p>&nbsp;<\/p>\n<h4>Application<\/h4>\n<ol>\n<li>Mouiller les mains et faire mousser le soin douche<\/li>\n<li>R\u00e9partir la mousse sur le corps et rincer<\/li>\n<li>Laisser s\u00e9cher le soin pour la douche avant de l'utiliser \u00e0 nouveau<\/li>\n<\/ol>\n<p>&nbsp;<\/p>\n<h4>Ingr\u00e9dients<\/h4>\n<h4>Washo Care Soin douche solide Bien-\u00eatre<\/h4>\n<p>SODIUM COCO SULFATE, ALCOOL C\u00c9T\u00c9ARYLIQUE, TALC, GLYC\u00c9RINE, OLEA EUROPAEA FRUIT OIL*,<br \/>\nMARIS SAL, ZEA MAIS (CORN) STARCH, TAPIOCA STARCH, BEURRE DE BUTYROSPERMUM PARKII*,<br \/>\nCITRIC ACID, THEOBROMA CACAO SEED BUTTER*, INULINE, PARFUM*, PRUNUS AMYGDALUS<br \/>\nDULCIS OIL, HYDRATED SILICA, TOCOPHEROL**, ALOE BARBADENSIS LEAF JUICE*, CI 77742,<br \/>\nGERANIOL, LINALOOL, LIMONENE<\/p>\n<p>&nbsp;<\/p>\n<hr>\n<h4>Washo Care douche <span style=\"color: #00ccff;\">solide fra\u00eecheur<\/span> - soigne et affine<\/h4>\n<p><a href=\"https:\/\/bien-etreiris.ch\/de\/produktpraesentation\/hygiene\/koerperpflege\/seifen\/washo-care\/soins-douche-solide-fraicheur-2\/\" rel=\"attachment wp-att-79076\"><img loading=\"lazy\" decoding=\"async\" class=\"wp-image-79076 alignleft\" src=\"https:\/\/bien-etreiris.ch\/wp-content\/uploads\/2023\/11\/soins-douche-solide-fraicheur.jpg\" alt=\"\" width=\"312\" height=\"340\" srcset=\"https:\/\/bien-etreiris.ch\/wp-content\/uploads\/2023\/11\/soins-douche-solide-fraicheur.jpg 903w, https:\/\/bien-etreiris.ch\/wp-content\/uploads\/2023\/11\/soins-douche-solide-fraicheur-275x300.jpg 275w, https:\/\/bien-etreiris.ch\/wp-content\/uploads\/2023\/11\/soins-douche-solide-fraicheur-768x838.jpg 768w\" sizes=\"auto, (max-width: 312px) 100vw, 312px\" \/><\/a><\/p>\n<p>&nbsp;<\/p>\n<p>&nbsp;<\/p>\n<p>&nbsp;<\/p>\n<p>&nbsp;<\/p>\n<ul style=\"list-style-type: disc;\">\n<li>Avec un parfum d'agrumes vivifiant<\/li>\n<li>Laisse une sensation de fra\u00eecheur sur la peau<\/li>\n<li>Mousse merveilleusement bien<\/li>\n<li>Le beurre de karit\u00e9 prot\u00e8ge du dess\u00e8chement<\/li>\n<li>Id\u00e9al pour ta douche de r\u00e9veil<\/li>\n<\/ul>\n<p>&nbsp;<\/p>\n<p>1 pi\u00e8ce de 70 g <strong>CHF 8.90<\/strong><\/p>\n<p>&nbsp;<\/p>\n<p>&nbsp;<\/p>\n<p><a href=\"https:\/\/bien-etreiris.ch\/presentations-des-produits\/hygiene\/corporelle\/savons\/washo-care\/vegan-3\/\" rel=\"attachment wp-att-79037\"><img loading=\"lazy\" decoding=\"async\" class=\"alignnone wp-image-79050 \" src=\"https:\/\/bien-etreiris.ch\/wp-content\/uploads\/2023\/11\/vegan-1.png\" alt=\"\" width=\"60\" height=\"59\"><\/a>&nbsp;<a href=\"https:\/\/bien-etreiris.ch\/de\/produktpraesentation\/hygiene\/koerperpflege\/seifen\/washo-care\/no-plast-2\/\" rel=\"attachment wp-att-79066\"><img loading=\"lazy\" decoding=\"async\" class=\"alignnone  wp-image-79066\" src=\"https:\/\/bien-etreiris.ch\/wp-content\/uploads\/2023\/11\/no-plast-2.png\" alt=\"\" width=\"60\" height=\"61\" srcset=\"https:\/\/bien-etreiris.ch\/wp-content\/uploads\/2023\/11\/no-plast-2.png 197w, https:\/\/bien-etreiris.ch\/wp-content\/uploads\/2023\/11\/no-plast-2-150x150.png 150w\" sizes=\"auto, (max-width: 60px) 100vw, 60px\" \/><\/a> <a href=\"https:\/\/bien-etreiris.ch\/de\/produktpraesentation\/hygiene\/koerperpflege\/seifen\/washo-care\/silicone-free-2\/\" rel=\"attachment wp-att-79069\"><img loading=\"lazy\" decoding=\"async\" class=\"alignnone  wp-image-79069\" src=\"https:\/\/bien-etreiris.ch\/wp-content\/uploads\/2023\/11\/silicone-free-2.png\" alt=\"\" width=\"60\" height=\"60\" srcset=\"https:\/\/bien-etreiris.ch\/wp-content\/uploads\/2023\/11\/silicone-free-2.png 201w, https:\/\/bien-etreiris.ch\/wp-content\/uploads\/2023\/11\/silicone-free-2-150x150.png 150w\" sizes=\"auto, (max-width: 60px) 100vw, 60px\" \/><\/a><\/p>\n<h4>Avantages pour toi et l'environnement<\/h4>\n<ul>\n<li>tr\u00e8s \u00e9conomique : l pi\u00e8ces = 2 bouteilles en plastique de gel douche liquide \u00e0 200ml<\/li>\n<li>cosm\u00e9tique naturelle certifi\u00e9e selon Ecocert COSMOS Natural<\/li>\n<li>sans microplastiques, silicones et parab\u00e8nes<\/li>\n<li>avec 95% d'ingr\u00e9dients naturels<\/li>\n<li>emballage en carton recyclable<\/li>\n<li>v\u00e9g\u00e9talien<\/li>\n<\/ul>\n<p>&nbsp;<\/p>\n<h4>Application<\/h4>\n<ol>\n<li>Mouiller les mains et faire mousser le soin douche<\/li>\n<li>R\u00e9partir la mousse sur le corps et rincer<\/li>\n<li>Laisser s\u00e9cher le soin pour la douche avant de l'utiliser \u00e0 nouveau<\/li>\n<\/ol>\n<p>&nbsp;<\/p>\n<h4>Ingr\u00e9dients<\/h4>\n<h4>Washo Care Soin douche solide fra\u00eecheur<\/h4>\n<p>SODIUM COCO SULFATE, ACIDE, ACIDE CITRIQUE, OLEA EUROPAEA FRUIT OIL*, BUTYROSPERMUM<br \/>\nPARKII BUTTER*, HYDRATED SILICA ; PARFUM**, PRUNUS AMYGDALUS DULCIS OIL, THEOBROMA<br \/>\nCACAO SEED BUTTER*, TALC, TOCOPHEROL**, LIMONENE, LINALOOL, GERANIOL, CITRONELLOL,<br \/>\nCITRAL<\/p>\n<p>&nbsp;<\/p>\n<p>&nbsp;<\/p>\n<hr>\n<h2>WashoCare 2 en1 soin solide et actif pour la <span style=\"color: #808080;\">douche Corps &amp; Cheveux<\/span><\/h2>\n<p>&nbsp;<\/p>\n<p><a href=\"https:\/\/bien-etreiris.ch\/de\/produktpraesentation\/hygiene\/koerperpflege\/seifen\/washo-care\/soins-douche-solide-2-en-1-corps-cheveux-2\/\" rel=\"attachment wp-att-79090\"><img loading=\"lazy\" decoding=\"async\" class=\"wp-image-79090 alignleft\" src=\"https:\/\/bien-etreiris.ch\/wp-content\/uploads\/2023\/11\/soins-douche-solide-2-en-1-corps-cheveux.jpg\" alt=\"\" width=\"313\" height=\"333\" srcset=\"https:\/\/bien-etreiris.ch\/wp-content\/uploads\/2023\/11\/soins-douche-solide-2-en-1-corps-cheveux.jpg 933w, https:\/\/bien-etreiris.ch\/wp-content\/uploads\/2023\/11\/soins-douche-solide-2-en-1-corps-cheveux-281x300.jpg 281w, https:\/\/bien-etreiris.ch\/wp-content\/uploads\/2023\/11\/soins-douche-solide-2-en-1-corps-cheveux-768x819.jpg 768w\" sizes=\"auto, (max-width: 313px) 100vw, 313px\" \/><\/a><\/p>\n<p>&nbsp;<\/p>\n<p>&nbsp;<\/p>\n<p>&nbsp;<\/p>\n<p>&nbsp;<\/p>\n<ul style=\"list-style-type: disc;\">\n<li>Shampooing et soin de douche en une seule pi\u00e8ce<\/li>\n<li>Avec de la poudre de charbon pour un soin actif imm\u00e9diat<\/li>\n<li>L'aloe vera hydrate la peau<\/li>\n<li>L'huile d'amande l\u00e9g\u00e8re soigne les cheveux<\/li>\n<li>ld\u00e9al apr\u00e8s le sport et en d\u00e9placement<\/li>\n<\/ul>\n<p>&nbsp;<\/p>\n<p>1 pi\u00e8ce de 70 g <strong>CHF 8.90<\/strong><\/p>\n<p>&nbsp;<\/p>\n<p>&nbsp;<\/p>\n<p>&nbsp;<\/p>\n<p>&nbsp;<\/p>\n<p><a href=\"https:\/\/bien-etreiris.ch\/presentations-des-produits\/hygiene\/corporelle\/savons\/washo-care\/vegan-3\/\" rel=\"attachment wp-att-79037\"><img loading=\"lazy\" decoding=\"async\" class=\"alignnone wp-image-79050 \" src=\"https:\/\/bien-etreiris.ch\/wp-content\/uploads\/2023\/11\/vegan-1.png\" alt=\"\" width=\"60\" height=\"59\"><\/a>&nbsp;<a href=\"https:\/\/bien-etreiris.ch\/de\/produktpraesentation\/hygiene\/koerperpflege\/seifen\/washo-care\/no-plast-2\/\" rel=\"attachment wp-att-79066\"><img loading=\"lazy\" decoding=\"async\" class=\"alignnone  wp-image-79066\" src=\"https:\/\/bien-etreiris.ch\/wp-content\/uploads\/2023\/11\/no-plast-2.png\" alt=\"\" width=\"60\" height=\"61\" srcset=\"https:\/\/bien-etreiris.ch\/wp-content\/uploads\/2023\/11\/no-plast-2.png 197w, https:\/\/bien-etreiris.ch\/wp-content\/uploads\/2023\/11\/no-plast-2-150x150.png 150w\" sizes=\"auto, (max-width: 60px) 100vw, 60px\" \/><\/a> <a href=\"https:\/\/bien-etreiris.ch\/de\/produktpraesentation\/hygiene\/koerperpflege\/seifen\/washo-care\/silicone-free-2\/\" rel=\"attachment wp-att-79069\"><img loading=\"lazy\" decoding=\"async\" class=\"alignnone  wp-image-79069\" src=\"https:\/\/bien-etreiris.ch\/wp-content\/uploads\/2023\/11\/silicone-free-2.png\" alt=\"\" width=\"60\" height=\"60\" srcset=\"https:\/\/bien-etreiris.ch\/wp-content\/uploads\/2023\/11\/silicone-free-2.png 201w, https:\/\/bien-etreiris.ch\/wp-content\/uploads\/2023\/11\/silicone-free-2-150x150.png 150w\" sizes=\"auto, (max-width: 60px) 100vw, 60px\" \/><\/a><\/p>\n<h4>Avantages pour toi et l'environnement<\/h4>\n<ul>\n<li>tr\u00e8s \u00e9conomique : l pi\u00e8ces = 2 bouteilles en plastique de gel douche liquide \u00e0 200ml<\/li>\n<li>cosm\u00e9tique naturelle certifi\u00e9e selon Ecocert COSMOS Natural<\/li>\n<li>sans microplastiques, silicones et parab\u00e8nes<\/li>\n<li>avec 95% d'ingr\u00e9dients naturels<\/li>\n<li>emballage en carton recyclable<\/li>\n<li>v\u00e9g\u00e9talien<\/li>\n<\/ul>\n<p>&nbsp;<\/p>\n<h4>Application<\/h4>\n<ol>\n<li>Mouiller les mains et faire mousser le soin douche<\/li>\n<li>R\u00e9partir la mousse sur le corps et rincer<\/li>\n<li>Laisser s\u00e9cher le soin pour la douche avant de l'utiliser \u00e0 nouveau<\/li>\n<\/ol>\n<p>&nbsp;<\/p>\n<h4>Ingr\u00e9dients<\/h4>\n<h4>Washo Care Soin douche solide 2en1 Corps &amp; Cheveux<\/h4>\n<p>SODIUM COCO SULFATE, CETEARYL ALKOHOL, CITRIC ACID, OLEA EUROPAEA FRUIT OIL*, INULIN,<br \/>\nBUTYROSPERMUM PARKII BUTTER*, PRUNUS AMYGDALUS DULCIS OIL, TALC, PARFUM**,<br \/>\nGLYC\u00c9RINE, BEURRE DE GRAINES DE TH\u00c9OBROMA CACAO*, TOCOPH\u00c9ROL**, JUS DE FEUILLES D'ALOE BARBADENSIS<br \/>\nJUS DE FEUILLES D'ALOE BARBADENSIS*, POUDRE DE CHARBON DE BOIS, LINALOOL, LIMONEN, GERANIOL, CITRONELLOL, EUGENOL<\/p>\n<p>&nbsp;<\/p>\n<p>&nbsp;<\/p>\n<hr>\n<h4>Teint\u00e9 avec des pigments naturels<br \/>\n*= Culture biologique contr\u00f4l\u00e9e<br \/>\n**= \u00e0 partir de mati\u00e8res premi\u00e8res naturelles<\/h4>\n<h4>Avec 95% d'ingr\u00e9dients naturels - pourquoi presque tous les ingr\u00e9dients ne sont-ils pas<br \/>\nmarqu\u00e9s de deux \u00e9toiles ?<\/h4>\n<p>Le terme \"issu de mati\u00e8res premi\u00e8res naturelles\" n'est g\u00e9n\u00e9ralement utilis\u00e9 que pour les<br \/>\ningr\u00e9dients o\u00f9 la distinction entre parfums synth\u00e9tiques, naturels et identiques aux<br \/>\nnaturels est pertinente. Le talc, par exemple, est un min\u00e9ral purement naturel, mais il n'est<br \/>\npas indiqu\u00e9 en tant que tel, car il s'explique de lui-m\u00eame. Seuls les ingr\u00e9dients qui, en cas<br \/>\nde doute, peuvent \u00e9galement \u00eatre d'origine synth\u00e9tique, sont marqu\u00e9s de deux \u00e9toiles.<br \/>\nTous les autres sont dans tous les cas naturels.<\/p>\n<p>Quels sont les 5% d'ingr\u00e9dients qui ne sont pas naturels ?<\/p>\n<p>L'acide citrique est produit et utilis\u00e9 de mani\u00e8re biotechnologique pour la production<\/p>\n","protected":false},"excerpt":{"rendered":"<p>Washo Care Ne soyez pas une bouteille ! Exp\u00e9rience de douche sans plastique avec Washo Care Les shampooings et produits de douche solides de Washo Care sont des cosm\u00e9tiques naturels certifi\u00e9s. Nous marquons ainsi notre opposition \u00e0 l'utilisation de produits synth\u00e9tiques, de silicones, de paraffines et d'autres produits d\u00e9riv\u00e9s du p\u00e9trole. De plus, nous n'utilisons que des colorants et des&nbsp;<a href=\"https:\/\/bien-etreiris.ch\/de\/produktpraesentation\/hygiene\/koerperpflege\/seifen\/washo-care\/\" class=\"read-more\">Weiter lesen<\/a><\/p>\n","protected":false},"author":1,"featured_media":79024,"parent":42493,"menu_order":2621,"comment_status":"closed","ping_status":"closed","template":"page-with-child.php","meta":{"_acf_changed":false,"ngg_post_thumbnail":0,"footnotes":""},"class_list":["post-79027","page","type-page","status-publish","has-post-thumbnail","hentry"],"acf":[],"yoast_head":"<!-- This site is optimized with the Yoast SEO plugin v27.5 - https:\/\/yoast.com\/product\/yoast-seo-wordpress\/ -->\n<title>WASHO CARE - WOHLBEFINDEN<\/title>\n<meta name=\"robots\" content=\"index, follow, max-snippet:-1, max-image-preview:large, max-video-preview:-1\" \/>\n<link rel=\"canonical\" href=\"https:\/\/bien-etreiris.ch\/de\/produktpraesentation\/hygiene\/koerperpflege\/seifen\/washo-care\/\" \/>\n<meta property=\"og:locale\" content=\"de_DE\" \/>\n<meta property=\"og:type\" content=\"article\" \/>\n<meta property=\"og:title\" content=\"WASHO CARE - WOHLBEFINDEN\" \/>\n<meta property=\"og:description\" content=\"Washo Care Ne soyez pas une bouteille ! Exp\u00e9rience de douche sans plastique avec Washo Care Les shampooings et produits de douche solides de Washo Care sont des cosm\u00e9tiques naturels certifi\u00e9s. Nous marquons ainsi notre opposition \u00e0 l&#039;utilisation de produits synth\u00e9tiques, de silicones, de paraffines et d&#039;autres produits d\u00e9riv\u00e9s du p\u00e9trole. De plus, nous n&#039;utilisons que des colorants et des&nbsp;Weiter lesen\" \/>\n<meta property=\"og:url\" content=\"https:\/\/bien-etreiris.ch\/de\/produktpraesentation\/hygiene\/koerperpflege\/seifen\/washo-care\/\" \/>\n<meta property=\"og:site_name\" content=\"WOHLBEFINDEN\" \/>\n<meta property=\"article:publisher\" content=\"https:\/\/www.facebook.com\/bienetreiris\/\" \/>\n<meta property=\"article:modified_time\" content=\"2023-11-08T03:03:19+00:00\" \/>\n<meta property=\"og:image\" content=\"https:\/\/bien-etreiris.ch\/wp-content\/uploads\/2023\/11\/acceuil-savon-douche-washo.jpg\" \/>\n\t<meta property=\"og:image:width\" content=\"500\" \/>\n\t<meta property=\"og:image:height\" content=\"333\" \/>\n\t<meta property=\"og:image:type\" content=\"image\/jpeg\" \/>\n<meta name=\"twitter:label1\" content=\"Gesch\u00e4tzte Lesezeit\" \/>\n\t<meta name=\"twitter:data1\" content=\"7\u00a0Minuten\" \/>\n<script type=\"application\/ld+json\" class=\"yoast-schema-graph\">{\"@context\":\"https:\\\/\\\/schema.org\",\"@graph\":[{\"@type\":\"WebPage\",\"@id\":\"https:\\\/\\\/bien-etreiris.ch\\\/de\\\/produktpraesentation\\\/hygiene\\\/koerperpflege\\\/seifen\\\/washo-care\\\/\",\"url\":\"https:\\\/\\\/bien-etreiris.ch\\\/de\\\/produktpraesentation\\\/hygiene\\\/koerperpflege\\\/seifen\\\/washo-care\\\/\",\"name\":\"WASHO CARE - WOHLBEFINDEN\",\"isPartOf\":{\"@id\":\"https:\\\/\\\/bien-etreiris.ch\\\/de\\\/#website\"},\"primaryImageOfPage\":{\"@id\":\"https:\\\/\\\/bien-etreiris.ch\\\/de\\\/produktpraesentation\\\/hygiene\\\/koerperpflege\\\/seifen\\\/washo-care\\\/#primaryimage\"},\"image\":{\"@id\":\"https:\\\/\\\/bien-etreiris.ch\\\/de\\\/produktpraesentation\\\/hygiene\\\/koerperpflege\\\/seifen\\\/washo-care\\\/#primaryimage\"},\"thumbnailUrl\":\"https:\\\/\\\/bien-etreiris.ch\\\/wp-content\\\/uploads\\\/2023\\\/11\\\/acceuil-savon-douche-washo.jpg\",\"datePublished\":\"2023-11-06T17:26:48+00:00\",\"dateModified\":\"2023-11-08T03:03:19+00:00\",\"breadcrumb\":{\"@id\":\"https:\\\/\\\/bien-etreiris.ch\\\/de\\\/produktpraesentation\\\/hygiene\\\/koerperpflege\\\/seifen\\\/washo-care\\\/#breadcrumb\"},\"inLanguage\":\"de\",\"potentialAction\":[{\"@type\":\"ReadAction\",\"target\":[\"https:\\\/\\\/bien-etreiris.ch\\\/de\\\/produktpraesentation\\\/hygiene\\\/koerperpflege\\\/seifen\\\/washo-care\\\/\"]}]},{\"@type\":\"ImageObject\",\"inLanguage\":\"de\",\"@id\":\"https:\\\/\\\/bien-etreiris.ch\\\/de\\\/produktpraesentation\\\/hygiene\\\/koerperpflege\\\/seifen\\\/washo-care\\\/#primaryimage\",\"url\":\"https:\\\/\\\/bien-etreiris.ch\\\/wp-content\\\/uploads\\\/2023\\\/11\\\/acceuil-savon-douche-washo.jpg\",\"contentUrl\":\"https:\\\/\\\/bien-etreiris.ch\\\/wp-content\\\/uploads\\\/2023\\\/11\\\/acceuil-savon-douche-washo.jpg\",\"width\":500,\"height\":333},{\"@type\":\"BreadcrumbList\",\"@id\":\"https:\\\/\\\/bien-etreiris.ch\\\/de\\\/produktpraesentation\\\/hygiene\\\/koerperpflege\\\/seifen\\\/washo-care\\\/#breadcrumb\",\"itemListElement\":[{\"@type\":\"ListItem\",\"position\":1,\"name\":\"Home\",\"item\":\"https:\\\/\\\/bien-etreiris.ch\\\/de\\\/\"},{\"@type\":\"ListItem\",\"position\":2,\"name\":\"PRODUKTPR\u00c4SENTATION\",\"item\":\"https:\\\/\\\/bien-etreiris.ch\\\/de\\\/produktpraesentation\\\/\"},{\"@type\":\"ListItem\",\"position\":3,\"name\":\"HYGIENE\",\"item\":\"https:\\\/\\\/bien-etreiris.ch\\\/de\\\/produktpraesentation\\\/hygiene\\\/\"},{\"@type\":\"ListItem\",\"position\":4,\"name\":\"K\u00d6RPERPFLEGE\",\"item\":\"https:\\\/\\\/bien-etreiris.ch\\\/de\\\/produktpraesentation\\\/hygiene\\\/koerperpflege\\\/\"},{\"@type\":\"ListItem\",\"position\":5,\"name\":\"SEIFEN\",\"item\":\"https:\\\/\\\/bien-etreiris.ch\\\/de\\\/produktpraesentation\\\/hygiene\\\/koerperpflege\\\/seifen\\\/\"},{\"@type\":\"ListItem\",\"position\":6,\"name\":\"WASHO CARE\"}]},{\"@type\":\"WebSite\",\"@id\":\"https:\\\/\\\/bien-etreiris.ch\\\/de\\\/#website\",\"url\":\"https:\\\/\\\/bien-etreiris.ch\\\/de\\\/\",\"name\":\"Bien-\u00eatre Iris\",\"description\":\"IHRE Gesundheit ist uns wichtig\",\"potentialAction\":[{\"@type\":\"SearchAction\",\"target\":{\"@type\":\"EntryPoint\",\"urlTemplate\":\"https:\\\/\\\/bien-etreiris.ch\\\/de\\\/?s={search_term_string}\"},\"query-input\":{\"@type\":\"PropertyValueSpecification\",\"valueRequired\":true,\"valueName\":\"search_term_string\"}}],\"inLanguage\":\"de\"}]}<\/script>\n<!-- \/ Yoast SEO plugin. -->","yoast_head_json":{"title":"WASHO CARE - WOHLBEFINDEN","robots":{"index":"index","follow":"follow","max-snippet":"max-snippet:-1","max-image-preview":"max-image-preview:large","max-video-preview":"max-video-preview:-1"},"canonical":"https:\/\/bien-etreiris.ch\/de\/produktpraesentation\/hygiene\/koerperpflege\/seifen\/washo-care\/","og_locale":"de_DE","og_type":"article","og_title":"WASHO CARE - WOHLBEFINDEN","og_description":"Washo Care Ne soyez pas une bouteille ! Exp\u00e9rience de douche sans plastique avec Washo Care Les shampooings et produits de douche solides de Washo Care sont des cosm\u00e9tiques naturels certifi\u00e9s. Nous marquons ainsi notre opposition \u00e0 l'utilisation de produits synth\u00e9tiques, de silicones, de paraffines et d'autres produits d\u00e9riv\u00e9s du p\u00e9trole. De plus, nous n'utilisons que des colorants et des&nbsp;Weiter lesen","og_url":"https:\/\/bien-etreiris.ch\/de\/produktpraesentation\/hygiene\/koerperpflege\/seifen\/washo-care\/","og_site_name":"WOHLBEFINDEN","article_publisher":"https:\/\/www.facebook.com\/bienetreiris\/","article_modified_time":"2023-11-08T03:03:19+00:00","og_image":[{"width":500,"height":333,"url":"https:\/\/bien-etreiris.ch\/wp-content\/uploads\/2023\/11\/acceuil-savon-douche-washo.jpg","type":"image\/jpeg"}],"twitter_misc":{"Gesch\u00e4tzte Lesezeit":"7\u00a0Minuten"},"schema":{"@context":"https:\/\/schema.org","@graph":[{"@type":"WebPage","@id":"https:\/\/bien-etreiris.ch\/de\/produktpraesentation\/hygiene\/koerperpflege\/seifen\/washo-care\/","url":"https:\/\/bien-etreiris.ch\/de\/produktpraesentation\/hygiene\/koerperpflege\/seifen\/washo-care\/","name":"WASHO CARE - WOHLBEFINDEN","isPartOf":{"@id":"https:\/\/bien-etreiris.ch\/de\/#website"},"primaryImageOfPage":{"@id":"https:\/\/bien-etreiris.ch\/de\/produktpraesentation\/hygiene\/koerperpflege\/seifen\/washo-care\/#primaryimage"},"image":{"@id":"https:\/\/bien-etreiris.ch\/de\/produktpraesentation\/hygiene\/koerperpflege\/seifen\/washo-care\/#primaryimage"},"thumbnailUrl":"https:\/\/bien-etreiris.ch\/wp-content\/uploads\/2023\/11\/acceuil-savon-douche-washo.jpg","datePublished":"2023-11-06T17:26:48+00:00","dateModified":"2023-11-08T03:03:19+00:00","breadcrumb":{"@id":"https:\/\/bien-etreiris.ch\/de\/produktpraesentation\/hygiene\/koerperpflege\/seifen\/washo-care\/#breadcrumb"},"inLanguage":"de","potentialAction":[{"@type":"ReadAction","target":["https:\/\/bien-etreiris.ch\/de\/produktpraesentation\/hygiene\/koerperpflege\/seifen\/washo-care\/"]}]},{"@type":"ImageObject","inLanguage":"de","@id":"https:\/\/bien-etreiris.ch\/de\/produktpraesentation\/hygiene\/koerperpflege\/seifen\/washo-care\/#primaryimage","url":"https:\/\/bien-etreiris.ch\/wp-content\/uploads\/2023\/11\/acceuil-savon-douche-washo.jpg","contentUrl":"https:\/\/bien-etreiris.ch\/wp-content\/uploads\/2023\/11\/acceuil-savon-douche-washo.jpg","width":500,"height":333},{"@type":"BreadcrumbList","@id":"https:\/\/bien-etreiris.ch\/de\/produktpraesentation\/hygiene\/koerperpflege\/seifen\/washo-care\/#breadcrumb","itemListElement":[{"@type":"ListItem","position":1,"name":"Home","item":"https:\/\/bien-etreiris.ch\/de\/"},{"@type":"ListItem","position":2,"name":"PRODUKTPR\u00c4SENTATION","item":"https:\/\/bien-etreiris.ch\/de\/produktpraesentation\/"},{"@type":"ListItem","position":3,"name":"HYGIENE","item":"https:\/\/bien-etreiris.ch\/de\/produktpraesentation\/hygiene\/"},{"@type":"ListItem","position":4,"name":"K\u00d6RPERPFLEGE","item":"https:\/\/bien-etreiris.ch\/de\/produktpraesentation\/hygiene\/koerperpflege\/"},{"@type":"ListItem","position":5,"name":"SEIFEN","item":"https:\/\/bien-etreiris.ch\/de\/produktpraesentation\/hygiene\/koerperpflege\/seifen\/"},{"@type":"ListItem","position":6,"name":"WASHO CARE"}]},{"@type":"WebSite","@id":"https:\/\/bien-etreiris.ch\/de\/#website","url":"https:\/\/bien-etreiris.ch\/de\/","name":"Bien-\u00eatre Iris","description":"IHRE Gesundheit ist uns wichtig","potentialAction":[{"@type":"SearchAction","target":{"@type":"EntryPoint","urlTemplate":"https:\/\/bien-etreiris.ch\/de\/?s={search_term_string}"},"query-input":{"@type":"PropertyValueSpecification","valueRequired":true,"valueName":"search_term_string"}}],"inLanguage":"de"}]}},"_links":{"self":[{"href":"https:\/\/bien-etreiris.ch\/de\/wp-json\/wp\/v2\/pages\/79027","targetHints":{"allow":["GET"]}}],"collection":[{"href":"https:\/\/bien-etreiris.ch\/de\/wp-json\/wp\/v2\/pages"}],"about":[{"href":"https:\/\/bien-etreiris.ch\/de\/wp-json\/wp\/v2\/types\/page"}],"author":[{"embeddable":true,"href":"https:\/\/bien-etreiris.ch\/de\/wp-json\/wp\/v2\/users\/1"}],"replies":[{"embeddable":true,"href":"https:\/\/bien-etreiris.ch\/de\/wp-json\/wp\/v2\/comments?post=79027"}],"version-history":[{"count":14,"href":"https:\/\/bien-etreiris.ch\/de\/wp-json\/wp\/v2\/pages\/79027\/revisions"}],"predecessor-version":[{"id":79113,"href":"https:\/\/bien-etreiris.ch\/de\/wp-json\/wp\/v2\/pages\/79027\/revisions\/79113"}],"up":[{"embeddable":true,"href":"https:\/\/bien-etreiris.ch\/de\/wp-json\/wp\/v2\/pages\/42493"}],"wp:featuredmedia":[{"embeddable":true,"href":"https:\/\/bien-etreiris.ch\/de\/wp-json\/wp\/v2\/media\/79024"}],"wp:attachment":[{"href":"https:\/\/bien-etreiris.ch\/de\/wp-json\/wp\/v2\/media?parent=79027"}],"curies":[{"name":"wp","href":"https:\/\/api.w.org\/{rel}","templated":true}]}}