{"id":78817,"date":"2022-11-26T16:33:08","date_gmt":"2022-11-26T14:33:08","guid":{"rendered":"https:\/\/bien-etreiris.ch\/produktpraesentation\/gesundes-leben\/elektrosmog\/meta-convertisseur\/"},"modified":"2024-10-09T02:23:11","modified_gmt":"2024-10-09T00:23:11","slug":"meta-konverter","status":"publish","type":"page","link":"https:\/\/bien-etreiris.ch\/de\/produktpraesentation\/gesundes-leben\/electrobiologie\/energie-cellulaire\/meta-konverter\/","title":{"rendered":"META-KONVERTER"},"content":{"rendered":"\n<h2>Wie funktioniert ein Meta-Konverter?<\/h2>\n<p>&nbsp;<\/p>\n<p>&nbsp;<\/p>\n<p><span class=\"default\"><a href=\"https:\/\/bien-etreiris.ch\/wp-content\/uploads\/2022\/11\/rond-2.png\"><img loading=\"lazy\" decoding=\"async\" class=\"wp-image-61771 size-full alignleft\" src=\"https:\/\/bien-etreiris.ch\/wp-content\/uploads\/2022\/11\/rond-2.png\" alt=\"\" width=\"310\" height=\"308\" srcset=\"https:\/\/bien-etreiris.ch\/wp-content\/uploads\/2022\/11\/rond-2.png 310w, https:\/\/bien-etreiris.ch\/wp-content\/uploads\/2022\/11\/rond-2-300x298.png 300w, https:\/\/bien-etreiris.ch\/wp-content\/uploads\/2022\/11\/rond-2-150x150.png 150w\" sizes=\"auto, (max-width: 310px) 100vw, 310px\" \/><\/a><\/span><\/p>\n<p>&nbsp;<\/p>\n<p>&nbsp;<\/p>\n<p>&nbsp;<\/p>\n<p><span class=\"default\">Mithilfe der Impuls-Radiotherapie-Technologie, die in 25 Jahren therapeutischer Entwicklung von Hunderten von Fachleuten entwickelt wurde, k\u00f6nnen Informationen \u00fcber bioresonante Frequenzen an den Konverter oder die Vitalprodukte \u00fcbertragen werden. Dadurch wird eine revitalisierende Frequenz wie ein reaktiver Stimulus erzeugt, die bei Bedarf (Verschlechterung, St\u00f6rung) aktiviert werden kann und die potenziell sch\u00e4dliche Frequenzen neutralisiert. Bei jedem Konverter h\u00e4ngt die Wahl der ausgestrahlten Frequenz von der gew\u00fcnschten Wirkung ab. 100% Schweizer Entwicklung mit rund 25 Jahren Forschungs- und Anwendungserfahrung!<\/span><\/p>\n<p>&nbsp;<\/p>\n<p>&nbsp;<\/p>\n<p>&nbsp;<\/p>\n<p>&nbsp;<\/p>\n<h2>animal<\/h2>\n<h2><a href=\"https:\/\/bien-etreiris.ch\/wp-content\/uploads\/2022\/11\/animal.jpg\"><img loading=\"lazy\" decoding=\"async\" class=\"wp-image-61803  alignleft\" src=\"https:\/\/bien-etreiris.ch\/wp-content\/uploads\/2022\/11\/animal.jpg\" alt=\"\" width=\"312\" height=\"312\" srcset=\"https:\/\/bien-etreiris.ch\/wp-content\/uploads\/2022\/11\/animal.jpg 825w, https:\/\/bien-etreiris.ch\/wp-content\/uploads\/2022\/11\/animal-300x300.jpg 300w, https:\/\/bien-etreiris.ch\/wp-content\/uploads\/2022\/11\/animal-150x150.jpg 150w, https:\/\/bien-etreiris.ch\/wp-content\/uploads\/2022\/11\/animal-768x768.jpg 768w\" sizes=\"auto, (max-width: 312px) 100vw, 312px\" \/><\/a><\/h2>\n<p>&nbsp;<\/p>\n<h4>&nbsp;<\/h4>\n<p>&nbsp;<\/p>\n<h4><a href=\"https:\/\/bien-etreiris.ch\/de\/unsere-marken\/i-like\/\" target=\"_blank\" rel=\"noopener\">i like<\/a><\/h4>\n<h6>Converter pour le bien-\u00eatre de tes animaux domestiques<\/h6>\n<p>1 pi\u00e8ce CHF 39.90<\/p>\n<p><a href=\"https:\/\/ispycher.i-like.net\/webshop\/animal_converter\/animal2\" target=\"_blank\" rel=\"noopener\"><span style=\"color: #ff0000;\">*<strong><em>*Il est possible d'acheter cet article dans notre boutique ou de le commander en ligne chez i-like : en cliquant ici, vous acc\u00e9dez directement \u00e0 notre plateforme de vente chez i-like.<\/em><\/strong><\/span><\/a><\/p>\n<p><img loading=\"lazy\" decoding=\"async\" class=\"wp-image-90697 alignleft\" src=\"https:\/\/bien-etreiris.ch\/wp-content\/uploads\/2024\/10\/supplement-colier.jpg\" alt=\"\" width=\"117\" height=\"114\"><\/p>\n<p>&nbsp;<\/p>\n<p>animal Converter avec pendentif<\/p>\n<p>1 pi\u00e8ce <strong>CHF 44.90<\/strong><\/p>\n<p>&nbsp;<\/p>\n<p>&nbsp;<\/p>\n<p>L'animal Converter met \u00e0 la disposition des animaux diff\u00e9rentes informations qui sont sp\u00e9cialement adapt\u00e9es \u00e0 leurs besoins. Les animaux peuvent ainsi b\u00e9n\u00e9ficier d'une plus grande vitalit\u00e9 et d'un meilleur \u00e9quilibre.<br>Dur\u00e9e de vie : au moins 30 ans<\/p>\n<h4><a href=\"https:\/\/bien-etreiris.ch\/wp-content\/uploads\/2024\/10\/animal.pdf\" target=\"_blank\" rel=\"noopener\"><span style=\"color: #99cc00;\">D\u00e9tails du produit<\/span> <span style=\"color: #ff0000;\">en pdf en cliquant ici<\/span><\/a><\/h4>\n<h4>&nbsp;<\/h4>\n<p>&nbsp;<\/p>\n<p>&nbsp;<\/p>\n<hr>\n<h2>e-smog<\/h2>\n<p><a href=\"https:\/\/bien-etreiris.ch\/wp-content\/uploads\/2022\/11\/e-smog.jpg\"><img loading=\"lazy\" decoding=\"async\" class=\"wp-image-61759 alignleft\" src=\"https:\/\/bien-etreiris.ch\/wp-content\/uploads\/2022\/11\/e-smog.jpg\" alt=\"\" width=\"313\" height=\"313\" srcset=\"https:\/\/bien-etreiris.ch\/wp-content\/uploads\/2022\/11\/e-smog.jpg 640w, https:\/\/bien-etreiris.ch\/wp-content\/uploads\/2022\/11\/e-smog-300x300.jpg 300w, https:\/\/bien-etreiris.ch\/wp-content\/uploads\/2022\/11\/e-smog-150x150.jpg 150w\" sizes=\"auto, (max-width: 313px) 100vw, 313px\" \/><\/a><\/p>\n<h4>&nbsp;<\/h4>\n<h4>&nbsp;<\/h4>\n<h4>i like<\/h4>\n<h6>Convertisseur pour la neutralisation de l'\u00e9lectrosmog (y compris 5G)<\/h6>\n<p>savoir plus ici sur <strong><span style=\"color: #ff0000;\">PDF<\/span><\/strong><\/p>\n<p>1 pi\u00e8ce CHF 39.00<\/p>\n<p>3 pi\u00e8ces CHF 99.00<\/p>\n<h4>&nbsp;<\/h4>\n<h4>&nbsp;<\/h4>\n<h4>&nbsp;<\/h4>\n<p>&nbsp;<\/p>\n<hr>\n<h2>Food<\/h2>\n<p><a href=\"https:\/\/bien-etreiris.ch\/wp-content\/uploads\/2022\/11\/food.jpg\"><img loading=\"lazy\" decoding=\"async\" class=\"wp-image-61806  alignleft\" src=\"https:\/\/bien-etreiris.ch\/wp-content\/uploads\/2022\/11\/food.jpg\" alt=\"\" width=\"309\" height=\"309\" srcset=\"https:\/\/bien-etreiris.ch\/wp-content\/uploads\/2022\/11\/food.jpg 825w, https:\/\/bien-etreiris.ch\/wp-content\/uploads\/2022\/11\/food-300x300.jpg 300w, https:\/\/bien-etreiris.ch\/wp-content\/uploads\/2022\/11\/food-150x150.jpg 150w, https:\/\/bien-etreiris.ch\/wp-content\/uploads\/2022\/11\/food-768x768.jpg 768w\" sizes=\"auto, (max-width: 309px) 100vw, 309px\" \/><\/a><\/p>\n<p>&nbsp;<\/p>\n<p>&nbsp;<\/p>\n<h4>i like<\/h4>\n<h6><span class=\"default\">Convertisseur pour la vitalisation des aliments<\/span><\/h6>\n<p>savoir plus ici sur <span style=\"color: #ff0000;\"><strong>PDF<\/strong><\/span><\/p>\n<p>1 pi\u00e8ce CHF 39.00<\/p>\n<p>&nbsp;<\/p>\n<p>&nbsp;<\/p>\n<p>&nbsp;<\/p>\n<hr>\n<h2><b>Vitalit\u00e9<\/b><\/h2>\n<p><a href=\"https:\/\/bien-etreiris.ch\/wp-content\/uploads\/2022\/11\/i-chip-Converter.jpg\"><img loading=\"lazy\" decoding=\"async\" class=\"wp-image-61795  alignleft\" src=\"https:\/\/bien-etreiris.ch\/wp-content\/uploads\/2022\/11\/i-chip-Converter.jpg\" alt=\"\" width=\"309\" height=\"309\" srcset=\"https:\/\/bien-etreiris.ch\/wp-content\/uploads\/2022\/11\/i-chip-Converter.jpg 825w, https:\/\/bien-etreiris.ch\/wp-content\/uploads\/2022\/11\/i-chip-Converter-300x300.jpg 300w, https:\/\/bien-etreiris.ch\/wp-content\/uploads\/2022\/11\/i-chip-Converter-150x150.jpg 150w, https:\/\/bien-etreiris.ch\/wp-content\/uploads\/2022\/11\/i-chip-Converter-768x768.jpg 768w\" sizes=\"auto, (max-width: 309px) 100vw, 309px\" \/><\/a><\/p>\n<h4>&nbsp;<\/h4>\n<p>&nbsp;<\/p>\n<h4>i like<\/h4>\n<h6><span class=\"default\">Convertisseur est capable de fournir diverses fr\u00e9quences au corps <br><\/span><\/h6>\n<p>savoir plus ici sur <span style=\"color: #ff0000;\">PDF<\/span><\/p>\n<p>1 pi\u00e8ce CHF 39.00<\/p>\n<p>&nbsp;<\/p>\n<p>&nbsp;<\/p>\n<p>&nbsp;<\/p>\n<p>&nbsp;<\/p>\n<hr>\n<h2>water<\/h2>\n<p><a href=\"https:\/\/bien-etreiris.ch\/wp-content\/uploads\/2022\/11\/Water-Converter.jpg\"><img loading=\"lazy\" decoding=\"async\" class=\"wp-image-61790  alignleft\" src=\"https:\/\/bien-etreiris.ch\/wp-content\/uploads\/2022\/11\/Water-Converter.jpg\" alt=\"\" width=\"312\" height=\"312\" srcset=\"https:\/\/bien-etreiris.ch\/wp-content\/uploads\/2022\/11\/Water-Converter.jpg 825w, https:\/\/bien-etreiris.ch\/wp-content\/uploads\/2022\/11\/Water-Converter-300x300.jpg 300w, https:\/\/bien-etreiris.ch\/wp-content\/uploads\/2022\/11\/Water-Converter-150x150.jpg 150w, https:\/\/bien-etreiris.ch\/wp-content\/uploads\/2022\/11\/Water-Converter-768x768.jpg 768w\" sizes=\"auto, (max-width: 312px) 100vw, 312px\" \/><\/a><\/p>\n<p>&nbsp;<\/p>\n<p>&nbsp;<\/p>\n<h4>i like<\/h4>\n<h6>Convertisseur d'eau restaure la stabilit\u00e9 et le mod\u00e8le de l'eau<\/h6>\n<p>savoir plus ici sur <span style=\"color: #ff0000;\">PDF<\/span><\/p>\n<p>1 pi\u00e8ce CHF 39.90<\/p>\n<p>&nbsp;<\/p>\n<p>&nbsp;<\/p>\n<p>&nbsp;<\/p>\n<p>&nbsp;<\/p>\n<hr>\n<h2>e-link<\/h2>\n<p><a href=\"https:\/\/bien-etreiris.ch\/wp-content\/uploads\/2022\/11\/e-link.jpg\"><img loading=\"lazy\" decoding=\"async\" class=\"wp-image-61809  alignleft\" src=\"https:\/\/bien-etreiris.ch\/wp-content\/uploads\/2022\/11\/e-link.jpg\" alt=\"\" width=\"315\" height=\"315\" srcset=\"https:\/\/bien-etreiris.ch\/wp-content\/uploads\/2022\/11\/e-link.jpg 825w, https:\/\/bien-etreiris.ch\/wp-content\/uploads\/2022\/11\/e-link-300x300.jpg 300w, https:\/\/bien-etreiris.ch\/wp-content\/uploads\/2022\/11\/e-link-150x150.jpg 150w, https:\/\/bien-etreiris.ch\/wp-content\/uploads\/2022\/11\/e-link-768x768.jpg 768w\" sizes=\"auto, (max-width: 315px) 100vw, 315px\" \/><\/a><\/p>\n<p>&nbsp;<\/p>\n<h4>&nbsp;<\/h4>\n<h4>i link<\/h4>\n<h6>Convertisseur pour la neutralisation de l'\u00e9lectrosmog dans les syst\u00e8mes de radiocommunication<\/h6>\n<p>savoir plus ici sur <span style=\"color: #ff0000;\">PDF<\/span><\/p>\n<p>1 pi\u00e8ce CHF 99.00<\/p>\n<p>&nbsp;<\/p>\n<p>&nbsp;<\/p>\n<p>&nbsp;<\/p>\n<p>&nbsp;<\/p>\n<hr>\n<h2>photovoltaic<\/h2>\n<p><a href=\"https:\/\/bien-etreiris.ch\/wp-content\/uploads\/2022\/11\/photovoltaic.jpg\"><img loading=\"lazy\" decoding=\"async\" class=\"wp-image-61816  alignleft\" src=\"https:\/\/bien-etreiris.ch\/wp-content\/uploads\/2022\/11\/photovoltaic.jpg\" alt=\"\" width=\"311\" height=\"311\" srcset=\"https:\/\/bien-etreiris.ch\/wp-content\/uploads\/2022\/11\/photovoltaic.jpg 825w, https:\/\/bien-etreiris.ch\/wp-content\/uploads\/2022\/11\/photovoltaic-300x300.jpg 300w, https:\/\/bien-etreiris.ch\/wp-content\/uploads\/2022\/11\/photovoltaic-150x150.jpg 150w, https:\/\/bien-etreiris.ch\/wp-content\/uploads\/2022\/11\/photovoltaic-768x768.jpg 768w\" sizes=\"auto, (max-width: 311px) 100vw, 311px\" \/><\/a><\/p>\n<h6>&nbsp;<\/h6>\n<h4>&nbsp;<\/h4>\n<h4>i link<\/h4>\n<h6><span class=\"default\">Convertisseur pour la neutralisation de l'\u00e9lectrosmog dans les installations photovolta\u00efques<\/span><\/h6>\n<p>savoir plus ici sur <span style=\"color: #ff0000;\">PDF<\/span><\/p>\n<p>1 pi\u00e8ce CHF 99.00<\/p>\n<p>&nbsp;<\/p>\n<p>&nbsp;<\/p>\n<p>&nbsp;<\/p>\n<p>&nbsp;<\/p>\n<hr>\n<h2>indumic<\/h2>\n<p><a href=\"https:\/\/bien-etreiris.ch\/wp-content\/uploads\/2022\/11\/indumic.jpg\"><img loading=\"lazy\" decoding=\"async\" class=\"wp-image-61820  alignleft\" src=\"https:\/\/bien-etreiris.ch\/wp-content\/uploads\/2022\/11\/indumic.jpg\" alt=\"\" width=\"314\" height=\"314\" srcset=\"https:\/\/bien-etreiris.ch\/wp-content\/uploads\/2022\/11\/indumic.jpg 825w, https:\/\/bien-etreiris.ch\/wp-content\/uploads\/2022\/11\/indumic-300x300.jpg 300w, https:\/\/bien-etreiris.ch\/wp-content\/uploads\/2022\/11\/indumic-150x150.jpg 150w, https:\/\/bien-etreiris.ch\/wp-content\/uploads\/2022\/11\/indumic-768x768.jpg 768w\" sizes=\"auto, (max-width: 314px) 100vw, 314px\" \/><\/a><\/p>\n<p>&nbsp;<\/p>\n<p>&nbsp;<\/p>\n<h4>i like<\/h4>\n<h6>Convertisseur pour la neutralisation de l'\u00e9lectrosmog en cas de micro-ondes &amp; d'induction<\/h6>\n<p>savoir plus ici sur <span style=\"color: #ff0000;\">PDF<\/span><\/p>\n<p>1 pi\u00e8ce CHF 99.00<\/p>\n<p>&nbsp;<\/p>\n<p>&nbsp;<\/p>\n<p>&nbsp;<\/p>\n<p>&nbsp;<\/p>\n<p>&nbsp;<\/p>\n<p>&nbsp;<\/p>\n","protected":false},"excerpt":{"rendered":"<p>Wie funktioniert ein Meta-Konverter? &nbsp; &nbsp; &nbsp; &nbsp; &nbsp; Mithilfe der Impuls-Radiotherapie-Technologie, die in 25 Jahren therapeutischer Entwicklung von Hunderten von Fachleuten entwickelt wurde, k\u00f6nnen Informationen \u00fcber bioresonante Frequenzen an den Konverter oder die Vitalprodukte \u00fcbertragen werden. Dadurch wird eine revitalisierende Frequenz wie ein reaktiver Stimulus erzeugt, die bei Bedarf (Verschlechterung, St\u00f6rung) aktiviert werden kann und die potenziell sch\u00e4dliche Frequenzen&nbsp;<a href=\"https:\/\/bien-etreiris.ch\/de\/produktpraesentation\/gesundes-leben\/electrobiologie\/energie-cellulaire\/meta-konverter\/\" class=\"read-more\">Weiter lesen<\/a><\/p>\n","protected":false},"author":1,"featured_media":61746,"parent":90916,"menu_order":4336,"comment_status":"closed","ping_status":"closed","template":"page-with-child.php","meta":{"_acf_changed":false,"ngg_post_thumbnail":0,"footnotes":""},"class_list":["post-78817","page","type-page","status-publish","has-post-thumbnail","hentry"],"acf":[],"yoast_head":"<!-- This site is optimized with the Yoast SEO plugin v27.5 - https:\/\/yoast.com\/product\/yoast-seo-wordpress\/ -->\n<title>META-KONVERTER - WOHLBEFINDEN<\/title>\n<meta name=\"robots\" content=\"index, follow, max-snippet:-1, max-image-preview:large, max-video-preview:-1\" \/>\n<link rel=\"canonical\" href=\"https:\/\/bien-etreiris.ch\/de\/produktpraesentation\/gesundes-leben\/electrobiologie\/meta-konverter\/\" \/>\n<meta property=\"og:locale\" content=\"de_DE\" \/>\n<meta property=\"og:type\" content=\"article\" \/>\n<meta property=\"og:title\" content=\"META-KONVERTER - WOHLBEFINDEN\" \/>\n<meta property=\"og:description\" content=\"Wie funktioniert ein Meta-Konverter? &nbsp; &nbsp; &nbsp; &nbsp; &nbsp; Mithilfe der Impuls-Radiotherapie-Technologie, die in 25 Jahren therapeutischer Entwicklung von Hunderten von Fachleuten entwickelt wurde, k\u00f6nnen Informationen \u00fcber bioresonante Frequenzen an den Konverter oder die Vitalprodukte \u00fcbertragen werden. Dadurch wird eine revitalisierende Frequenz wie ein reaktiver Stimulus erzeugt, die bei Bedarf (Verschlechterung, St\u00f6rung) aktiviert werden kann und die potenziell sch\u00e4dliche Frequenzen&nbsp;Weiter lesen\" \/>\n<meta property=\"og:url\" content=\"https:\/\/bien-etreiris.ch\/de\/produktpraesentation\/gesundes-leben\/electrobiologie\/meta-konverter\/\" \/>\n<meta property=\"og:site_name\" content=\"WOHLBEFINDEN\" \/>\n<meta property=\"article:publisher\" content=\"https:\/\/www.facebook.com\/bienetreiris\/\" \/>\n<meta property=\"article:modified_time\" content=\"2024-10-09T00:23:11+00:00\" \/>\n<meta property=\"og:image\" content=\"https:\/\/bien-etreiris.ch\/wp-content\/uploads\/2022\/11\/acceuil-meta-convertisseur.jpg\" \/>\n\t<meta property=\"og:image:width\" content=\"500\" \/>\n\t<meta property=\"og:image:height\" content=\"271\" \/>\n\t<meta property=\"og:image:type\" content=\"image\/jpeg\" \/>\n<meta name=\"twitter:label1\" content=\"Gesch\u00e4tzte Lesezeit\" \/>\n\t<meta name=\"twitter:data1\" content=\"5\u00a0Minuten\" \/>\n<script type=\"application\/ld+json\" class=\"yoast-schema-graph\">{\"@context\":\"https:\\\/\\\/schema.org\",\"@graph\":[{\"@type\":\"WebPage\",\"@id\":\"https:\\\/\\\/bien-etreiris.ch\\\/de\\\/produktpraesentation\\\/gesundes-leben\\\/electrobiologie\\\/meta-konverter\\\/\",\"url\":\"https:\\\/\\\/bien-etreiris.ch\\\/de\\\/produktpraesentation\\\/gesundes-leben\\\/electrobiologie\\\/meta-konverter\\\/\",\"name\":\"META-KONVERTER - WOHLBEFINDEN\",\"isPartOf\":{\"@id\":\"https:\\\/\\\/bien-etreiris.ch\\\/de\\\/#website\"},\"primaryImageOfPage\":{\"@id\":\"https:\\\/\\\/bien-etreiris.ch\\\/de\\\/produktpraesentation\\\/gesundes-leben\\\/electrobiologie\\\/meta-konverter\\\/#primaryimage\"},\"image\":{\"@id\":\"https:\\\/\\\/bien-etreiris.ch\\\/de\\\/produktpraesentation\\\/gesundes-leben\\\/electrobiologie\\\/meta-konverter\\\/#primaryimage\"},\"thumbnailUrl\":\"https:\\\/\\\/bien-etreiris.ch\\\/wp-content\\\/uploads\\\/2022\\\/11\\\/acceuil-meta-convertisseur.jpg\",\"datePublished\":\"2022-11-26T14:33:08+00:00\",\"dateModified\":\"2024-10-09T00:23:11+00:00\",\"breadcrumb\":{\"@id\":\"https:\\\/\\\/bien-etreiris.ch\\\/de\\\/produktpraesentation\\\/gesundes-leben\\\/electrobiologie\\\/meta-konverter\\\/#breadcrumb\"},\"inLanguage\":\"de\",\"potentialAction\":[{\"@type\":\"ReadAction\",\"target\":[\"https:\\\/\\\/bien-etreiris.ch\\\/de\\\/produktpraesentation\\\/gesundes-leben\\\/electrobiologie\\\/meta-konverter\\\/\"]}]},{\"@type\":\"ImageObject\",\"inLanguage\":\"de\",\"@id\":\"https:\\\/\\\/bien-etreiris.ch\\\/de\\\/produktpraesentation\\\/gesundes-leben\\\/electrobiologie\\\/meta-konverter\\\/#primaryimage\",\"url\":\"https:\\\/\\\/bien-etreiris.ch\\\/wp-content\\\/uploads\\\/2022\\\/11\\\/acceuil-meta-convertisseur.jpg\",\"contentUrl\":\"https:\\\/\\\/bien-etreiris.ch\\\/wp-content\\\/uploads\\\/2022\\\/11\\\/acceuil-meta-convertisseur.jpg\",\"width\":500,\"height\":271},{\"@type\":\"BreadcrumbList\",\"@id\":\"https:\\\/\\\/bien-etreiris.ch\\\/de\\\/produktpraesentation\\\/gesundes-leben\\\/electrobiologie\\\/meta-konverter\\\/#breadcrumb\",\"itemListElement\":[{\"@type\":\"ListItem\",\"position\":1,\"name\":\"Home\",\"item\":\"https:\\\/\\\/bien-etreiris.ch\\\/de\\\/\"},{\"@type\":\"ListItem\",\"position\":2,\"name\":\"PRODUKTPR\u00c4SENTATION\",\"item\":\"https:\\\/\\\/bien-etreiris.ch\\\/de\\\/produktpraesentation\\\/\"},{\"@type\":\"ListItem\",\"position\":3,\"name\":\"GESUNDES LEBEN\",\"item\":\"https:\\\/\\\/bien-etreiris.ch\\\/de\\\/produktpraesentation\\\/gesundes-leben\\\/\"},{\"@type\":\"ListItem\",\"position\":4,\"name\":\"ELECTROBIOLOGIE\",\"item\":\"https:\\\/\\\/bien-etreiris.ch\\\/de\\\/produktpraesentation\\\/gesundes-leben\\\/electrobiologie\\\/\"},{\"@type\":\"ListItem\",\"position\":5,\"name\":\"META-KONVERTER\"}]},{\"@type\":\"WebSite\",\"@id\":\"https:\\\/\\\/bien-etreiris.ch\\\/de\\\/#website\",\"url\":\"https:\\\/\\\/bien-etreiris.ch\\\/de\\\/\",\"name\":\"Bien-\u00eatre Iris\",\"description\":\"IHRE Gesundheit ist uns wichtig\",\"potentialAction\":[{\"@type\":\"SearchAction\",\"target\":{\"@type\":\"EntryPoint\",\"urlTemplate\":\"https:\\\/\\\/bien-etreiris.ch\\\/de\\\/?s={search_term_string}\"},\"query-input\":{\"@type\":\"PropertyValueSpecification\",\"valueRequired\":true,\"valueName\":\"search_term_string\"}}],\"inLanguage\":\"de\"}]}<\/script>\n<!-- \/ Yoast SEO plugin. -->","yoast_head_json":{"title":"META-KONVERTER - WOHLBEFINDEN","robots":{"index":"index","follow":"follow","max-snippet":"max-snippet:-1","max-image-preview":"max-image-preview:large","max-video-preview":"max-video-preview:-1"},"canonical":"https:\/\/bien-etreiris.ch\/de\/produktpraesentation\/gesundes-leben\/electrobiologie\/meta-konverter\/","og_locale":"de_DE","og_type":"article","og_title":"META-KONVERTER - WOHLBEFINDEN","og_description":"Wie funktioniert ein Meta-Konverter? &nbsp; &nbsp; &nbsp; &nbsp; &nbsp; Mithilfe der Impuls-Radiotherapie-Technologie, die in 25 Jahren therapeutischer Entwicklung von Hunderten von Fachleuten entwickelt wurde, k\u00f6nnen Informationen \u00fcber bioresonante Frequenzen an den Konverter oder die Vitalprodukte \u00fcbertragen werden. Dadurch wird eine revitalisierende Frequenz wie ein reaktiver Stimulus erzeugt, die bei Bedarf (Verschlechterung, St\u00f6rung) aktiviert werden kann und die potenziell sch\u00e4dliche Frequenzen&nbsp;Weiter lesen","og_url":"https:\/\/bien-etreiris.ch\/de\/produktpraesentation\/gesundes-leben\/electrobiologie\/meta-konverter\/","og_site_name":"WOHLBEFINDEN","article_publisher":"https:\/\/www.facebook.com\/bienetreiris\/","article_modified_time":"2024-10-09T00:23:11+00:00","og_image":[{"width":500,"height":271,"url":"https:\/\/bien-etreiris.ch\/wp-content\/uploads\/2022\/11\/acceuil-meta-convertisseur.jpg","type":"image\/jpeg"}],"twitter_misc":{"Gesch\u00e4tzte Lesezeit":"5\u00a0Minuten"},"schema":{"@context":"https:\/\/schema.org","@graph":[{"@type":"WebPage","@id":"https:\/\/bien-etreiris.ch\/de\/produktpraesentation\/gesundes-leben\/electrobiologie\/meta-konverter\/","url":"https:\/\/bien-etreiris.ch\/de\/produktpraesentation\/gesundes-leben\/electrobiologie\/meta-konverter\/","name":"META-KONVERTER - WOHLBEFINDEN","isPartOf":{"@id":"https:\/\/bien-etreiris.ch\/de\/#website"},"primaryImageOfPage":{"@id":"https:\/\/bien-etreiris.ch\/de\/produktpraesentation\/gesundes-leben\/electrobiologie\/meta-konverter\/#primaryimage"},"image":{"@id":"https:\/\/bien-etreiris.ch\/de\/produktpraesentation\/gesundes-leben\/electrobiologie\/meta-konverter\/#primaryimage"},"thumbnailUrl":"https:\/\/bien-etreiris.ch\/wp-content\/uploads\/2022\/11\/acceuil-meta-convertisseur.jpg","datePublished":"2022-11-26T14:33:08+00:00","dateModified":"2024-10-09T00:23:11+00:00","breadcrumb":{"@id":"https:\/\/bien-etreiris.ch\/de\/produktpraesentation\/gesundes-leben\/electrobiologie\/meta-konverter\/#breadcrumb"},"inLanguage":"de","potentialAction":[{"@type":"ReadAction","target":["https:\/\/bien-etreiris.ch\/de\/produktpraesentation\/gesundes-leben\/electrobiologie\/meta-konverter\/"]}]},{"@type":"ImageObject","inLanguage":"de","@id":"https:\/\/bien-etreiris.ch\/de\/produktpraesentation\/gesundes-leben\/electrobiologie\/meta-konverter\/#primaryimage","url":"https:\/\/bien-etreiris.ch\/wp-content\/uploads\/2022\/11\/acceuil-meta-convertisseur.jpg","contentUrl":"https:\/\/bien-etreiris.ch\/wp-content\/uploads\/2022\/11\/acceuil-meta-convertisseur.jpg","width":500,"height":271},{"@type":"BreadcrumbList","@id":"https:\/\/bien-etreiris.ch\/de\/produktpraesentation\/gesundes-leben\/electrobiologie\/meta-konverter\/#breadcrumb","itemListElement":[{"@type":"ListItem","position":1,"name":"Home","item":"https:\/\/bien-etreiris.ch\/de\/"},{"@type":"ListItem","position":2,"name":"PRODUKTPR\u00c4SENTATION","item":"https:\/\/bien-etreiris.ch\/de\/produktpraesentation\/"},{"@type":"ListItem","position":3,"name":"GESUNDES LEBEN","item":"https:\/\/bien-etreiris.ch\/de\/produktpraesentation\/gesundes-leben\/"},{"@type":"ListItem","position":4,"name":"ELECTROBIOLOGIE","item":"https:\/\/bien-etreiris.ch\/de\/produktpraesentation\/gesundes-leben\/electrobiologie\/"},{"@type":"ListItem","position":5,"name":"META-KONVERTER"}]},{"@type":"WebSite","@id":"https:\/\/bien-etreiris.ch\/de\/#website","url":"https:\/\/bien-etreiris.ch\/de\/","name":"Bien-\u00eatre Iris","description":"IHRE Gesundheit ist uns wichtig","potentialAction":[{"@type":"SearchAction","target":{"@type":"EntryPoint","urlTemplate":"https:\/\/bien-etreiris.ch\/de\/?s={search_term_string}"},"query-input":{"@type":"PropertyValueSpecification","valueRequired":true,"valueName":"search_term_string"}}],"inLanguage":"de"}]}},"_links":{"self":[{"href":"https:\/\/bien-etreiris.ch\/de\/wp-json\/wp\/v2\/pages\/78817","targetHints":{"allow":["GET"]}}],"collection":[{"href":"https:\/\/bien-etreiris.ch\/de\/wp-json\/wp\/v2\/pages"}],"about":[{"href":"https:\/\/bien-etreiris.ch\/de\/wp-json\/wp\/v2\/types\/page"}],"author":[{"embeddable":true,"href":"https:\/\/bien-etreiris.ch\/de\/wp-json\/wp\/v2\/users\/1"}],"replies":[{"embeddable":true,"href":"https:\/\/bien-etreiris.ch\/de\/wp-json\/wp\/v2\/comments?post=78817"}],"version-history":[{"count":13,"href":"https:\/\/bien-etreiris.ch\/de\/wp-json\/wp\/v2\/pages\/78817\/revisions"}],"predecessor-version":[{"id":90710,"href":"https:\/\/bien-etreiris.ch\/de\/wp-json\/wp\/v2\/pages\/78817\/revisions\/90710"}],"up":[{"embeddable":true,"href":"https:\/\/bien-etreiris.ch\/de\/wp-json\/wp\/v2\/pages\/90916"}],"wp:featuredmedia":[{"embeddable":true,"href":"https:\/\/bien-etreiris.ch\/de\/wp-json\/wp\/v2\/media\/61746"}],"wp:attachment":[{"href":"https:\/\/bien-etreiris.ch\/de\/wp-json\/wp\/v2\/media?parent=78817"}],"curies":[{"name":"wp","href":"https:\/\/api.w.org\/{rel}","templated":true}]}}