{"id":78288,"date":"2023-10-23T18:58:04","date_gmt":"2023-10-23T16:58:04","guid":{"rendered":"https:\/\/bien-etreiris.ch\/unsere-marken\/loretta\/"},"modified":"2024-08-07T16:19:42","modified_gmt":"2024-08-07T14:19:42","slug":"loretta-1888","status":"publish","type":"page","link":"https:\/\/bien-etreiris.ch\/de\/unsere-marken\/loretta-1888\/","title":{"rendered":"LORETTA"},"content":{"rendered":"<div id=\"bgLayers_comp-lcs53tic1\" class=\"MW5IWV\" data-hook=\"bgLayers\">\n<div class=\"LWbAav Kv1aVt\" data-testid=\"colorUnderlay\">\n<div id=\"comp-lcs53thu1\" class=\"KcpHeO tz5f0K comp-lcs53thu1 wixui-rich-text\" data-testid=\"richTextElement\">\n<h2>DAS ABENTEUER EINER SCHWEIZERIN IN ANDALUSIEN<\/h2>\n<h2 class=\"font_0 wixui-rich-text__text\"><span class=\"color_11 wixui-rich-text__text\"><span class=\"wixui-rich-text__text\">&nbsp;<\/span><\/span><\/h2>\n<p><a href=\"https:\/\/bien-etreiris.ch\/de\/unsere-marken\/loretta-1888\/loretta-bild-2-2\/\" rel=\"attachment wp-att-78291\"><img loading=\"lazy\" decoding=\"async\" class=\"wp-image-78291 alignright\" src=\"https:\/\/bien-etreiris.ch\/wp-content\/uploads\/2023\/10\/Loretta-bild-2.jpg\" alt=\"\" width=\"325\" height=\"430\" srcset=\"https:\/\/bien-etreiris.ch\/wp-content\/uploads\/2023\/10\/Loretta-bild-2.jpg 501w, https:\/\/bien-etreiris.ch\/wp-content\/uploads\/2023\/10\/Loretta-bild-2-227x300.jpg 227w\" sizes=\"auto, (max-width: 325px) 100vw, 325px\" \/><\/a><\/p>\n<\/div>\n<\/div>\n<\/div>\n<p>&nbsp;<\/p>\n<p>&nbsp;<\/p>\n<div id=\"bgLayers_comp-lcs53tic1\" class=\"MW5IWV\" data-hook=\"bgLayers\">\n<div class=\"LWbAav Kv1aVt\" data-testid=\"colorUnderlay\">\n<div id=\"comp-lcs53thv1\" class=\"KcpHeO tz5f0K comp-lcs53thv1 wixui-rich-text\" data-testid=\"richTextElement\">Mein Name ist Alexandra und seit 2014 bin ich stolze Besitzerin eines landwirtschaftlichen Anwesens in Andalusien. Ich habe mich entschieden, dort Olivenb\u00e4ume und Hartweizen anzupflanzen, um mein eigenes Oliven\u00f6l, Oliven und Nudeln herzustellen!<br \/>\nIm Herbst 2017 habe ich meine ersten B\u00e4ume gepflanzt. Nachdem sie vier Jahre lang gewachsen sind, erm\u00f6glichen sie mir nun die Gewinnung eines hochwertigen nativen Oliven\u00f6ls extra. W\u00e4hrenddessen habe ich die besten Hartweizensorten ausgew\u00e4hlt, die das mediterrane Klima zum Wachsen brauchen, um in Handarbeit Nudeln mit unglaublichem Geschmack herzustellen!<\/div>\n<\/div>\n<\/div>\n<div class=\"VgO9Yg\">&nbsp;<\/div>\n<div>&nbsp;<\/div>\n<div>&nbsp;<\/div>\n<div>&nbsp;<\/div>\n<div>&nbsp;<\/div>\n<div>&nbsp;<\/div>\n<div>&nbsp;<\/div>\n<div>&nbsp;<\/div>\n<div>\n<h4>ICH STELLE MICH KURZ VOR<\/h4>\n<\/div>\n<div class=\"\" data-mesh-id=\"comp-lcs53tic1inlineContent\" data-testid=\"inline-content\">\n<div data-mesh-id=\"comp-lcs53tic1inlineContent-gridContainer\" data-testid=\"mesh-container-content\">\n<div id=\"comp-lcs53tih\" class=\"KcpHeO tz5f0K comp-lcs53tih wixui-rich-text\" data-testid=\"richTextElement\">\n<h4 class=\"font_2 wixui-rich-text__text\"><span class=\"wixui-rich-text__text\"><a href=\"https:\/\/bien-etreiris.ch\/de\/?attachment_id=78279\" rel=\"attachment wp-att-78279\"><img loading=\"lazy\" decoding=\"async\" class=\"wp-image-78279 alignleft\" src=\"https:\/\/bien-etreiris.ch\/wp-content\/uploads\/2023\/10\/Loretta-bild-1.jpg\" alt=\"\" width=\"483\" height=\"362\" srcset=\"https:\/\/bien-etreiris.ch\/wp-content\/uploads\/2023\/10\/Loretta-bild-1.jpg 891w, https:\/\/bien-etreiris.ch\/wp-content\/uploads\/2023\/10\/Loretta-bild-1-300x225.jpg 300w, https:\/\/bien-etreiris.ch\/wp-content\/uploads\/2023\/10\/Loretta-bild-1-768x576.jpg 768w, https:\/\/bien-etreiris.ch\/wp-content\/uploads\/2023\/10\/Loretta-bild-1-200x150.jpg 200w\" sizes=\"auto, (max-width: 483px) 100vw, 483px\" \/><\/a><\/span><\/h4>\n<\/div>\n<div id=\"comp-lcs53tii\" class=\"KcpHeO tz5f0K comp-lcs53tii wixui-rich-text\" data-testid=\"richTextElement\">\n<p>&nbsp;<\/p>\n<p>Ich wurde 1988 in Lausanne geboren (nicht 1888, ich kann Sie beruhigen!) und habe mich schon immer f\u00fcr das Landleben und den Beruf der Landwirtin begeistert. Nach einer eidgen\u00f6ssischen Matura und einem Bachelor in Tourismus habe ich beschlossen, mein Leben zu \u00e4ndern, indem ich 2014 nach S\u00fcdspanien zog.<\/p>\n<p>Dort begann das Abenteuer Loretta mit einer einfachen Idee: Ich wollte die Sonne auf Ihre Teller bringen, mit leckeren Lebensmitteln, bei denen Sie die Herkunft, die Produktionsmethode und die Landwirtin kennen. Loretta steht aber vor allem f\u00fcr neue Geschmacksrichtungen zu einem fairen Preis, denn ich arbeite in kurzen Kreisl\u00e4ufen, ohne Zwischenh\u00e4ndler.<br \/>\nIn Andalusien habe ich mit Hilfe meiner Nachbarn und befreundeten Landwirte gelernt (und lerne es immer noch), meine Felder im Einklang mit der Natur zu bewirtschaften.<\/p>\n<\/div>\n<\/div>\n<\/div>\n<p>&nbsp;<\/p>\n<p>&nbsp;<\/p>\n<p>&nbsp;<\/p>\n<h2><a href=\"https:\/\/bien-etreiris.ch\/de\/produktpraesentation\/gesundes-leben\/gesunde-lebensmittel\/zutaten-wohlbefinden\/pflanzliche-speiseoele\/olivenoel\/\" target=\"_blank\" rel=\"noopener\">OLIVEN\u00d6L<\/a><\/h2>\n","protected":false},"excerpt":{"rendered":"<p>DAS ABENTEUER EINER SCHWEIZERIN IN ANDALUSIEN &nbsp; &nbsp; &nbsp; Mein Name ist Alexandra und seit 2014 bin ich stolze Besitzerin eines landwirtschaftlichen Anwesens in Andalusien. Ich habe mich entschieden, dort Olivenb\u00e4ume und Hartweizen anzupflanzen, um mein eigenes Oliven\u00f6l, Oliven und Nudeln herzustellen! Im Herbst 2017 habe ich meine ersten B\u00e4ume gepflanzt. Nachdem sie vier Jahre lang gewachsen sind, erm\u00f6glichen sie&nbsp;<a href=\"https:\/\/bien-etreiris.ch\/de\/unsere-marken\/loretta-1888\/\" class=\"read-more\">Weiter lesen<\/a><\/p>\n","protected":false},"author":1,"featured_media":78285,"parent":44406,"menu_order":2654,"comment_status":"closed","ping_status":"closed","template":"page-with-child.php","meta":{"_acf_changed":false,"ngg_post_thumbnail":0,"footnotes":""},"class_list":["post-78288","page","type-page","status-publish","has-post-thumbnail","hentry"],"acf":[],"yoast_head":"<!-- This site is optimized with the Yoast SEO plugin v27.5 - https:\/\/yoast.com\/product\/yoast-seo-wordpress\/ -->\n<title>LORETTA - WOHLBEFINDEN<\/title>\n<meta name=\"robots\" content=\"index, follow, max-snippet:-1, max-image-preview:large, max-video-preview:-1\" \/>\n<link rel=\"canonical\" href=\"https:\/\/bien-etreiris.ch\/de\/unsere-marken\/loretta-1888\/\" \/>\n<meta property=\"og:locale\" content=\"de_DE\" \/>\n<meta property=\"og:type\" content=\"article\" \/>\n<meta property=\"og:title\" content=\"LORETTA - WOHLBEFINDEN\" \/>\n<meta property=\"og:description\" content=\"DAS ABENTEUER EINER SCHWEIZERIN IN ANDALUSIEN &nbsp; &nbsp; &nbsp; Mein Name ist Alexandra und seit 2014 bin ich stolze Besitzerin eines landwirtschaftlichen Anwesens in Andalusien. Ich habe mich entschieden, dort Olivenb\u00e4ume und Hartweizen anzupflanzen, um mein eigenes Oliven\u00f6l, Oliven und Nudeln herzustellen! Im Herbst 2017 habe ich meine ersten B\u00e4ume gepflanzt. Nachdem sie vier Jahre lang gewachsen sind, erm\u00f6glichen sie&nbsp;Weiter lesen\" \/>\n<meta property=\"og:url\" content=\"https:\/\/bien-etreiris.ch\/de\/unsere-marken\/loretta-1888\/\" \/>\n<meta property=\"og:site_name\" content=\"WOHLBEFINDEN\" \/>\n<meta property=\"article:publisher\" content=\"https:\/\/www.facebook.com\/bienetreiris\/\" \/>\n<meta property=\"article:modified_time\" content=\"2024-08-07T14:19:42+00:00\" \/>\n<meta property=\"og:image\" content=\"https:\/\/bien-etreiris.ch\/wp-content\/uploads\/2023\/10\/Loretta.jpg\" \/>\n\t<meta property=\"og:image:width\" content=\"500\" \/>\n\t<meta property=\"og:image:height\" content=\"333\" \/>\n\t<meta property=\"og:image:type\" content=\"image\/jpeg\" \/>\n<meta name=\"twitter:label1\" content=\"Gesch\u00e4tzte Lesezeit\" \/>\n\t<meta name=\"twitter:data1\" content=\"2\u00a0Minuten\" \/>\n<script type=\"application\/ld+json\" class=\"yoast-schema-graph\">{\"@context\":\"https:\\\/\\\/schema.org\",\"@graph\":[{\"@type\":\"WebPage\",\"@id\":\"https:\\\/\\\/bien-etreiris.ch\\\/de\\\/unsere-marken\\\/loretta-1888\\\/\",\"url\":\"https:\\\/\\\/bien-etreiris.ch\\\/de\\\/unsere-marken\\\/loretta-1888\\\/\",\"name\":\"LORETTA - WOHLBEFINDEN\",\"isPartOf\":{\"@id\":\"https:\\\/\\\/bien-etreiris.ch\\\/de\\\/#website\"},\"primaryImageOfPage\":{\"@id\":\"https:\\\/\\\/bien-etreiris.ch\\\/de\\\/unsere-marken\\\/loretta-1888\\\/#primaryimage\"},\"image\":{\"@id\":\"https:\\\/\\\/bien-etreiris.ch\\\/de\\\/unsere-marken\\\/loretta-1888\\\/#primaryimage\"},\"thumbnailUrl\":\"https:\\\/\\\/bien-etreiris.ch\\\/wp-content\\\/uploads\\\/2023\\\/10\\\/Loretta.jpg\",\"datePublished\":\"2023-10-23T16:58:04+00:00\",\"dateModified\":\"2024-08-07T14:19:42+00:00\",\"breadcrumb\":{\"@id\":\"https:\\\/\\\/bien-etreiris.ch\\\/de\\\/unsere-marken\\\/loretta-1888\\\/#breadcrumb\"},\"inLanguage\":\"de\",\"potentialAction\":[{\"@type\":\"ReadAction\",\"target\":[\"https:\\\/\\\/bien-etreiris.ch\\\/de\\\/unsere-marken\\\/loretta-1888\\\/\"]}]},{\"@type\":\"ImageObject\",\"inLanguage\":\"de\",\"@id\":\"https:\\\/\\\/bien-etreiris.ch\\\/de\\\/unsere-marken\\\/loretta-1888\\\/#primaryimage\",\"url\":\"https:\\\/\\\/bien-etreiris.ch\\\/wp-content\\\/uploads\\\/2023\\\/10\\\/Loretta.jpg\",\"contentUrl\":\"https:\\\/\\\/bien-etreiris.ch\\\/wp-content\\\/uploads\\\/2023\\\/10\\\/Loretta.jpg\",\"width\":500,\"height\":333},{\"@type\":\"BreadcrumbList\",\"@id\":\"https:\\\/\\\/bien-etreiris.ch\\\/de\\\/unsere-marken\\\/loretta-1888\\\/#breadcrumb\",\"itemListElement\":[{\"@type\":\"ListItem\",\"position\":1,\"name\":\"Home\",\"item\":\"https:\\\/\\\/bien-etreiris.ch\\\/de\\\/\"},{\"@type\":\"ListItem\",\"position\":2,\"name\":\"UNSERE MARKEN\",\"item\":\"https:\\\/\\\/bien-etreiris.ch\\\/de\\\/unsere-marken\\\/\"},{\"@type\":\"ListItem\",\"position\":3,\"name\":\"LORETTA\"}]},{\"@type\":\"WebSite\",\"@id\":\"https:\\\/\\\/bien-etreiris.ch\\\/de\\\/#website\",\"url\":\"https:\\\/\\\/bien-etreiris.ch\\\/de\\\/\",\"name\":\"Bien-\u00eatre Iris\",\"description\":\"IHRE Gesundheit ist uns wichtig\",\"potentialAction\":[{\"@type\":\"SearchAction\",\"target\":{\"@type\":\"EntryPoint\",\"urlTemplate\":\"https:\\\/\\\/bien-etreiris.ch\\\/de\\\/?s={search_term_string}\"},\"query-input\":{\"@type\":\"PropertyValueSpecification\",\"valueRequired\":true,\"valueName\":\"search_term_string\"}}],\"inLanguage\":\"de\"}]}<\/script>\n<!-- \/ Yoast SEO plugin. -->","yoast_head_json":{"title":"LORETTA - WOHLBEFINDEN","robots":{"index":"index","follow":"follow","max-snippet":"max-snippet:-1","max-image-preview":"max-image-preview:large","max-video-preview":"max-video-preview:-1"},"canonical":"https:\/\/bien-etreiris.ch\/de\/unsere-marken\/loretta-1888\/","og_locale":"de_DE","og_type":"article","og_title":"LORETTA - WOHLBEFINDEN","og_description":"DAS ABENTEUER EINER SCHWEIZERIN IN ANDALUSIEN &nbsp; &nbsp; &nbsp; Mein Name ist Alexandra und seit 2014 bin ich stolze Besitzerin eines landwirtschaftlichen Anwesens in Andalusien. Ich habe mich entschieden, dort Olivenb\u00e4ume und Hartweizen anzupflanzen, um mein eigenes Oliven\u00f6l, Oliven und Nudeln herzustellen! Im Herbst 2017 habe ich meine ersten B\u00e4ume gepflanzt. Nachdem sie vier Jahre lang gewachsen sind, erm\u00f6glichen sie&nbsp;Weiter lesen","og_url":"https:\/\/bien-etreiris.ch\/de\/unsere-marken\/loretta-1888\/","og_site_name":"WOHLBEFINDEN","article_publisher":"https:\/\/www.facebook.com\/bienetreiris\/","article_modified_time":"2024-08-07T14:19:42+00:00","og_image":[{"width":500,"height":333,"url":"https:\/\/bien-etreiris.ch\/wp-content\/uploads\/2023\/10\/Loretta.jpg","type":"image\/jpeg"}],"twitter_misc":{"Gesch\u00e4tzte Lesezeit":"2\u00a0Minuten"},"schema":{"@context":"https:\/\/schema.org","@graph":[{"@type":"WebPage","@id":"https:\/\/bien-etreiris.ch\/de\/unsere-marken\/loretta-1888\/","url":"https:\/\/bien-etreiris.ch\/de\/unsere-marken\/loretta-1888\/","name":"LORETTA - WOHLBEFINDEN","isPartOf":{"@id":"https:\/\/bien-etreiris.ch\/de\/#website"},"primaryImageOfPage":{"@id":"https:\/\/bien-etreiris.ch\/de\/unsere-marken\/loretta-1888\/#primaryimage"},"image":{"@id":"https:\/\/bien-etreiris.ch\/de\/unsere-marken\/loretta-1888\/#primaryimage"},"thumbnailUrl":"https:\/\/bien-etreiris.ch\/wp-content\/uploads\/2023\/10\/Loretta.jpg","datePublished":"2023-10-23T16:58:04+00:00","dateModified":"2024-08-07T14:19:42+00:00","breadcrumb":{"@id":"https:\/\/bien-etreiris.ch\/de\/unsere-marken\/loretta-1888\/#breadcrumb"},"inLanguage":"de","potentialAction":[{"@type":"ReadAction","target":["https:\/\/bien-etreiris.ch\/de\/unsere-marken\/loretta-1888\/"]}]},{"@type":"ImageObject","inLanguage":"de","@id":"https:\/\/bien-etreiris.ch\/de\/unsere-marken\/loretta-1888\/#primaryimage","url":"https:\/\/bien-etreiris.ch\/wp-content\/uploads\/2023\/10\/Loretta.jpg","contentUrl":"https:\/\/bien-etreiris.ch\/wp-content\/uploads\/2023\/10\/Loretta.jpg","width":500,"height":333},{"@type":"BreadcrumbList","@id":"https:\/\/bien-etreiris.ch\/de\/unsere-marken\/loretta-1888\/#breadcrumb","itemListElement":[{"@type":"ListItem","position":1,"name":"Home","item":"https:\/\/bien-etreiris.ch\/de\/"},{"@type":"ListItem","position":2,"name":"UNSERE MARKEN","item":"https:\/\/bien-etreiris.ch\/de\/unsere-marken\/"},{"@type":"ListItem","position":3,"name":"LORETTA"}]},{"@type":"WebSite","@id":"https:\/\/bien-etreiris.ch\/de\/#website","url":"https:\/\/bien-etreiris.ch\/de\/","name":"Bien-\u00eatre Iris","description":"IHRE Gesundheit ist uns wichtig","potentialAction":[{"@type":"SearchAction","target":{"@type":"EntryPoint","urlTemplate":"https:\/\/bien-etreiris.ch\/de\/?s={search_term_string}"},"query-input":{"@type":"PropertyValueSpecification","valueRequired":true,"valueName":"search_term_string"}}],"inLanguage":"de"}]}},"_links":{"self":[{"href":"https:\/\/bien-etreiris.ch\/de\/wp-json\/wp\/v2\/pages\/78288","targetHints":{"allow":["GET"]}}],"collection":[{"href":"https:\/\/bien-etreiris.ch\/de\/wp-json\/wp\/v2\/pages"}],"about":[{"href":"https:\/\/bien-etreiris.ch\/de\/wp-json\/wp\/v2\/types\/page"}],"author":[{"embeddable":true,"href":"https:\/\/bien-etreiris.ch\/de\/wp-json\/wp\/v2\/users\/1"}],"replies":[{"embeddable":true,"href":"https:\/\/bien-etreiris.ch\/de\/wp-json\/wp\/v2\/comments?post=78288"}],"version-history":[{"count":9,"href":"https:\/\/bien-etreiris.ch\/de\/wp-json\/wp\/v2\/pages\/78288\/revisions"}],"predecessor-version":[{"id":86799,"href":"https:\/\/bien-etreiris.ch\/de\/wp-json\/wp\/v2\/pages\/78288\/revisions\/86799"}],"up":[{"embeddable":true,"href":"https:\/\/bien-etreiris.ch\/de\/wp-json\/wp\/v2\/pages\/44406"}],"wp:featuredmedia":[{"embeddable":true,"href":"https:\/\/bien-etreiris.ch\/de\/wp-json\/wp\/v2\/media\/78285"}],"wp:attachment":[{"href":"https:\/\/bien-etreiris.ch\/de\/wp-json\/wp\/v2\/media?parent=78288"}],"curies":[{"name":"wp","href":"https:\/\/api.w.org\/{rel}","templated":true}]}}