{"id":78241,"date":"2023-10-23T16:46:17","date_gmt":"2023-10-23T14:46:17","guid":{"rendered":"https:\/\/bien-etreiris.ch\/produktpraesentation\/gesundes-leben\/nahrungsergaenzungsmittel\/pflanzenheilkunde-gleichgewicht-durch-heilpflanzen\/oxymel\/bitter\/"},"modified":"2023-10-23T17:44:42","modified_gmt":"2023-10-23T15:44:42","slug":"bitter","status":"publish","type":"page","link":"https:\/\/bien-etreiris.ch\/de\/produktpraesentation\/gesundes-leben\/nahrungsergaenzungsmittel\/pflanzenheilkunde-gleichgewicht-durch-heilpflanzen\/oxymel\/bitter\/","title":{"rendered":"BITTER"},"content":{"rendered":"<h2>Bitter<\/h2>\n<h4>F\u00fcr die <em>t\u00e4gliche Dosis Bitterstoffe&nbsp;<\/em>in deiner Ern\u00e4hrung. Diese Geschmacksrichtung ist weitgehend aus unseren heutigen Lebensmitteln verschwunden. Hol sie dir zur\u00fcck.<\/h4>\n<p>&nbsp;<a href=\"https:\/\/bien-etreiris.ch\/presentations-des-produits\/vie-saine\/complements-alimentaires\/phytotherapie\/oxymel\/bitter\/amere\/\" rel=\"attachment wp-att-78246\"><img loading=\"lazy\" decoding=\"async\" class=\"wp-image-78246 alignleft\" src=\"https:\/\/bien-etreiris.ch\/wp-content\/uploads\/2023\/10\/amere.jpg\" alt=\"\" width=\"311\" height=\"564\" srcset=\"https:\/\/bien-etreiris.ch\/wp-content\/uploads\/2023\/10\/amere.jpg 361w, https:\/\/bien-etreiris.ch\/wp-content\/uploads\/2023\/10\/amere-165x300.jpg 165w\" sizes=\"auto, (max-width: 311px) 100vw, 311px\" \/><\/a><\/p>\n<p>&nbsp;<\/p>\n<p>&nbsp;<\/p>\n<p>&nbsp;<\/p>\n<p>&nbsp;<\/p>\n<p>&nbsp;<\/p>\n<p><a href=\"https:\/\/bien-etreiris.ch\/de\/unsere-marken\/kruut\/\" target=\"_blank\" rel=\"noopener\"><span style=\"color: #ffcc00;\">Kruut<\/span><\/a><\/p>\n<div class=\"product-single__description rte\">\n<ul>\n<li><strong>Bek\u00f6mmliche Wildkr\u00e4uter.<\/strong> Wermut, Tausendg\u00fcldenkraut, Andorn und Pfefferminze.<\/li>\n<li><strong>T\u00e4gliche Portion Bitterstoffe.<\/strong> Ideal als Genuss nach deftigen Speisen.<\/li>\n<li><strong>Einfache Anwendung.<\/strong> Einen Essl\u00f6ffel mit Wasser mischen, umr\u00fchren und fertig!<\/li>\n<li><strong>100% heimische Bio-Zutaten<\/strong><\/li>\n<li>Niemals erhitzt<\/li>\n<li>Ohne Zusatzstoffe<\/li>\n<li>Nach einer bew\u00e4hrten Rezeptur<\/li>\n<\/ul>\n<\/div>\n<p>&nbsp;<\/p>\n<p>&nbsp;<\/p>\n<p>&nbsp;<\/p>\n<p>&nbsp;<\/p>\n<div class=\"trigger is-active\">\n<h4>Oxymel Bitter<\/h4>\n<\/div>\n<div class=\"block-content\">\n<p><strong>Oxymel<\/strong>ist eine altbew\u00e4hrte Rezeptur aus rohem Bl\u00fctenhonig, naturtr\u00fcbem Demeter-Apfelessig und einer Auswahl wertvoller heimischer Wildkr\u00e4uter. Deine Tinktur wird in einem schonenden Verfahren \u00fcber Wochen ger\u00fchrt und dabei niemals erhitzt. So bleiben alle Inhaltsstoffe in Rohkostqualit\u00e4t erhalten. F\u00fcr den echten Geschmack der Natur. Gemischt mit Wasser dein wohltuendes und leckeres Selfcare-Ritual!&nbsp;<\/p>\n<ul style=\"list-style-type: disc;\">\n<li><em>Bitterstoffe ohne Alkohol<\/em><\/li>\n<li><em>100% frische Kr\u00e4uter<\/em><\/li>\n<li><em>Beste Qualit\u00e4t: Rohkost &amp; bio<\/em><\/li>\n<\/ul>\n<p><strong>Kr\u00e4uter.<\/strong> In diesem Oxymel sind die&nbsp;<em>Bitterkr\u00e4uter<\/em> Wermut, Tausendg\u00fcldenkraut und Andorn enthalten. Pfefferminze rundet die Komposition geschmacklich ab.<\/p>\n<p><strong>Situation.<\/strong> Statt Espresso nach der Mahlzeit. Aber auch ideal vor dem Essen oder als erfrischende Limonade mit Eisw\u00fcrfeln und Minzbl\u00e4ttern. Hol dir Bitterstoffe zur\u00fcck in den Alltag!<\/p>\n<p><strong>Geschmack.<\/strong> Bitter, frisch, spritzig.<\/p>\n<\/div>\n<p>&nbsp;<\/p>\n<p>&nbsp;<\/p>\n<h2><em>Easy &amp; schnell:<\/em> 1 EL mit Wassermischen. So reicht dein Oxymel&nbsp;<br \/>\nf\u00fcr zwei oder sechs Wochen. Starte deine Natur-Kur!&nbsp;<\/h2>\n<p>&nbsp;<\/p>\n<p><a href=\"https:\/\/bien-etreiris.ch\/de\/produktpraesentation\/gesundes-leben\/nahrungsergaenzungsmittel\/pflanzenheilkunde-gleichgewicht-durch-heilpflanzen\/oxymel\/ameres\/grosses-bild-2\/\" rel=\"attachment wp-att-78235\"><img loading=\"lazy\" decoding=\"async\" class=\"wp-image-78235 alignleft\" src=\"https:\/\/bien-etreiris.ch\/wp-content\/uploads\/2023\/10\/grosses-Bild.jpg\" alt=\"\" width=\"299\" height=\"418\" srcset=\"https:\/\/bien-etreiris.ch\/wp-content\/uploads\/2023\/10\/grosses-Bild.jpg 1042w, https:\/\/bien-etreiris.ch\/wp-content\/uploads\/2023\/10\/grosses-Bild-214x300.jpg 214w, https:\/\/bien-etreiris.ch\/wp-content\/uploads\/2023\/10\/grosses-Bild-732x1024.jpg 732w, https:\/\/bien-etreiris.ch\/wp-content\/uploads\/2023\/10\/grosses-Bild-768x1075.jpg 768w\" sizes=\"auto, (max-width: 299px) 100vw, 299px\" \/><\/a><\/p>\n<h4>Dein oxymel ritual<\/h4>\n<p>Wildkr\u00e4uter ready-to-go. Wir extrahieren deinen Oxymel \u00fcber Monate f\u00fcr das perfekte Ergebnis, damit du das Elixier sofort anwenden kannst: Einfach einen Essl\u00f6ffel mit Wasser oder einem Getr\u00e4nk deiner Wahl mischen. Fertig! So kannst du deine Dosis Wildkr\u00e4uter ganz einfach wieder in deinen Speiseplan einbauen. Mach das gold-gelbe Elixier zu einem lieb gewonnenen Ritual. Ideal als Kur \u00fcber sechs Wochen!<\/p>\n<h4>Bitterstoffe<\/h4>\n<p>Bitterstoffe wurden aus unserer heutigen Ern\u00e4hrung fast vollkommen herausgez\u00fcchtet. Alles soll gleichf\u00f6rmig und s\u00fc\u00df schmecken. Dabei waren Bitterstoffe fr\u00fcher sogar ein wichtiger Begleiter bei Genesungen und in jeder gut sortieren Hausapotheke zu finden. Im Pflanzenreich dienen Bitterstoffe als Frassschutz und sind in vielen Wurzeln enthalten. Aber auch in Bl\u00e4ttern und Fr\u00fcchten.<\/p>\n<p>&nbsp;<\/p>\n<p>&nbsp;<\/p>\n<div class=\"custom-field-section-four custom-field-section additional-product-info medium--five-twelfths large--five-twelfths fade-in visible\" data-section-id=\"product-template\">\n<div class=\"custom-field-text-block html-block\">\n<h4>\u201eWas bitter im Mund, ist <em>dem Magen gesund<\/em> - So lautet ein altes Sprichwort. Bitterstoffe fehlen uns in unserer heutigen Ern\u00e4hrung.\u201c<\/h4>\n<p><em>Annika Krause,<br \/>\nPflanzenheilkundlerin &amp; Gr\u00fcnderin von kruut<\/em><\/p>\n<\/div>\n<\/div>\n","protected":false},"excerpt":{"rendered":"<p>Bitter F\u00fcr die t\u00e4gliche Dosis Bitterstoffe&nbsp;in deiner Ern\u00e4hrung. Diese Geschmacksrichtung ist weitgehend aus unseren heutigen Lebensmitteln verschwunden. Hol sie dir zur\u00fcck. &nbsp; &nbsp; &nbsp; &nbsp; &nbsp; &nbsp; Kruut Bek\u00f6mmliche Wildkr\u00e4uter. Wermut, Tausendg\u00fcldenkraut, Andorn und Pfefferminze. T\u00e4gliche Portion Bitterstoffe. Ideal als Genuss nach deftigen Speisen. Einfache Anwendung. Einen Essl\u00f6ffel mit Wasser mischen, umr\u00fchren und fertig! 100% heimische Bio-Zutaten Niemals erhitzt Ohne&nbsp;<a href=\"https:\/\/bien-etreiris.ch\/de\/produktpraesentation\/gesundes-leben\/nahrungsergaenzungsmittel\/pflanzenheilkunde-gleichgewicht-durch-heilpflanzen\/oxymel\/bitter\/\" class=\"read-more\">Weiter lesen<\/a><\/p>\n","protected":false},"author":1,"featured_media":78245,"parent":77616,"menu_order":2651,"comment_status":"closed","ping_status":"closed","template":"page-with-child.php","meta":{"_acf_changed":false,"ngg_post_thumbnail":0,"footnotes":""},"class_list":["post-78241","page","type-page","status-publish","has-post-thumbnail","hentry"],"acf":[],"yoast_head":"<!-- This site is optimized with the Yoast SEO plugin v27.4 - https:\/\/yoast.com\/product\/yoast-seo-wordpress\/ -->\n<title>BITTER - WOHLBEFINDEN<\/title>\n<meta name=\"robots\" content=\"index, follow, max-snippet:-1, max-image-preview:large, max-video-preview:-1\" \/>\n<link rel=\"canonical\" href=\"https:\/\/bien-etreiris.ch\/de\/produktpraesentation\/gesundes-leben\/nahrungsergaenzungsmittel\/pflanzenheilkunde-gleichgewicht-durch-heilpflanzen\/oxymel\/bitter\/\" \/>\n<meta property=\"og:locale\" content=\"de_DE\" \/>\n<meta property=\"og:type\" content=\"article\" \/>\n<meta property=\"og:title\" content=\"BITTER - WOHLBEFINDEN\" \/>\n<meta property=\"og:description\" content=\"Bitter F\u00fcr die t\u00e4gliche Dosis Bitterstoffe&nbsp;in deiner Ern\u00e4hrung. Diese Geschmacksrichtung ist weitgehend aus unseren heutigen Lebensmitteln verschwunden. Hol sie dir zur\u00fcck. &nbsp; &nbsp; &nbsp; &nbsp; &nbsp; &nbsp; Kruut Bek\u00f6mmliche Wildkr\u00e4uter. Wermut, Tausendg\u00fcldenkraut, Andorn und Pfefferminze. T\u00e4gliche Portion Bitterstoffe. Ideal als Genuss nach deftigen Speisen. Einfache Anwendung. Einen Essl\u00f6ffel mit Wasser mischen, umr\u00fchren und fertig! 100% heimische Bio-Zutaten Niemals erhitzt Ohne&nbsp;Weiter lesen\" \/>\n<meta property=\"og:url\" content=\"https:\/\/bien-etreiris.ch\/de\/produktpraesentation\/gesundes-leben\/nahrungsergaenzungsmittel\/pflanzenheilkunde-gleichgewicht-durch-heilpflanzen\/oxymel\/bitter\/\" \/>\n<meta property=\"og:site_name\" content=\"WOHLBEFINDEN\" \/>\n<meta property=\"article:publisher\" content=\"https:\/\/www.facebook.com\/bienetreiris\/\" \/>\n<meta property=\"article:modified_time\" content=\"2023-10-23T15:44:42+00:00\" \/>\n<meta property=\"og:image\" content=\"https:\/\/bien-etreiris.ch\/wp-content\/uploads\/2023\/10\/acceuil-amere.jpg\" \/>\n\t<meta property=\"og:image:width\" content=\"500\" \/>\n\t<meta property=\"og:image:height\" content=\"333\" \/>\n\t<meta property=\"og:image:type\" content=\"image\/jpeg\" \/>\n<meta name=\"twitter:label1\" content=\"Gesch\u00e4tzte Lesezeit\" \/>\n\t<meta name=\"twitter:data1\" content=\"3\u00a0Minuten\" \/>\n<script type=\"application\/ld+json\" class=\"yoast-schema-graph\">{\"@context\":\"https:\\\/\\\/schema.org\",\"@graph\":[{\"@type\":\"WebPage\",\"@id\":\"https:\\\/\\\/bien-etreiris.ch\\\/de\\\/produktpraesentation\\\/gesundes-leben\\\/nahrungsergaenzungsmittel\\\/pflanzenheilkunde-gleichgewicht-durch-heilpflanzen\\\/oxymel\\\/bitter\\\/\",\"url\":\"https:\\\/\\\/bien-etreiris.ch\\\/de\\\/produktpraesentation\\\/gesundes-leben\\\/nahrungsergaenzungsmittel\\\/pflanzenheilkunde-gleichgewicht-durch-heilpflanzen\\\/oxymel\\\/bitter\\\/\",\"name\":\"BITTER - WOHLBEFINDEN\",\"isPartOf\":{\"@id\":\"https:\\\/\\\/bien-etreiris.ch\\\/de\\\/#website\"},\"primaryImageOfPage\":{\"@id\":\"https:\\\/\\\/bien-etreiris.ch\\\/de\\\/produktpraesentation\\\/gesundes-leben\\\/nahrungsergaenzungsmittel\\\/pflanzenheilkunde-gleichgewicht-durch-heilpflanzen\\\/oxymel\\\/bitter\\\/#primaryimage\"},\"image\":{\"@id\":\"https:\\\/\\\/bien-etreiris.ch\\\/de\\\/produktpraesentation\\\/gesundes-leben\\\/nahrungsergaenzungsmittel\\\/pflanzenheilkunde-gleichgewicht-durch-heilpflanzen\\\/oxymel\\\/bitter\\\/#primaryimage\"},\"thumbnailUrl\":\"https:\\\/\\\/bien-etreiris.ch\\\/wp-content\\\/uploads\\\/2023\\\/10\\\/acceuil-amere.jpg\",\"datePublished\":\"2023-10-23T14:46:17+00:00\",\"dateModified\":\"2023-10-23T15:44:42+00:00\",\"breadcrumb\":{\"@id\":\"https:\\\/\\\/bien-etreiris.ch\\\/de\\\/produktpraesentation\\\/gesundes-leben\\\/nahrungsergaenzungsmittel\\\/pflanzenheilkunde-gleichgewicht-durch-heilpflanzen\\\/oxymel\\\/bitter\\\/#breadcrumb\"},\"inLanguage\":\"de\",\"potentialAction\":[{\"@type\":\"ReadAction\",\"target\":[\"https:\\\/\\\/bien-etreiris.ch\\\/de\\\/produktpraesentation\\\/gesundes-leben\\\/nahrungsergaenzungsmittel\\\/pflanzenheilkunde-gleichgewicht-durch-heilpflanzen\\\/oxymel\\\/bitter\\\/\"]}]},{\"@type\":\"ImageObject\",\"inLanguage\":\"de\",\"@id\":\"https:\\\/\\\/bien-etreiris.ch\\\/de\\\/produktpraesentation\\\/gesundes-leben\\\/nahrungsergaenzungsmittel\\\/pflanzenheilkunde-gleichgewicht-durch-heilpflanzen\\\/oxymel\\\/bitter\\\/#primaryimage\",\"url\":\"https:\\\/\\\/bien-etreiris.ch\\\/wp-content\\\/uploads\\\/2023\\\/10\\\/acceuil-amere.jpg\",\"contentUrl\":\"https:\\\/\\\/bien-etreiris.ch\\\/wp-content\\\/uploads\\\/2023\\\/10\\\/acceuil-amere.jpg\",\"width\":500,\"height\":333},{\"@type\":\"BreadcrumbList\",\"@id\":\"https:\\\/\\\/bien-etreiris.ch\\\/de\\\/produktpraesentation\\\/gesundes-leben\\\/nahrungsergaenzungsmittel\\\/pflanzenheilkunde-gleichgewicht-durch-heilpflanzen\\\/oxymel\\\/bitter\\\/#breadcrumb\",\"itemListElement\":[{\"@type\":\"ListItem\",\"position\":1,\"name\":\"Home\",\"item\":\"https:\\\/\\\/bien-etreiris.ch\\\/de\\\/\"},{\"@type\":\"ListItem\",\"position\":2,\"name\":\"PRODUKTPR\u00c4SENTATION\",\"item\":\"https:\\\/\\\/bien-etreiris.ch\\\/de\\\/produktpraesentation\\\/\"},{\"@type\":\"ListItem\",\"position\":3,\"name\":\"GESUNDES LEBEN\",\"item\":\"https:\\\/\\\/bien-etreiris.ch\\\/de\\\/produktpraesentation\\\/gesundes-leben\\\/\"},{\"@type\":\"ListItem\",\"position\":4,\"name\":\"NAHRUNGSERG\u00c4NZUNG\",\"item\":\"https:\\\/\\\/bien-etreiris.ch\\\/de\\\/produktpraesentation\\\/gesundes-leben\\\/nahrungsergaenzungsmittel\\\/\"},{\"@type\":\"ListItem\",\"position\":5,\"name\":\"PFLANZENHEILKUNDE\",\"item\":\"https:\\\/\\\/bien-etreiris.ch\\\/de\\\/produktpraesentation\\\/gesundes-leben\\\/nahrungsergaenzungsmittel\\\/pflanzenheilkunde-gleichgewicht-durch-heilpflanzen\\\/\"},{\"@type\":\"ListItem\",\"position\":6,\"name\":\"OXYMEL\",\"item\":\"https:\\\/\\\/bien-etreiris.ch\\\/de\\\/produktpraesentation\\\/gesundes-leben\\\/nahrungsergaenzungsmittel\\\/pflanzenheilkunde-gleichgewicht-durch-heilpflanzen\\\/oxymel\\\/\"},{\"@type\":\"ListItem\",\"position\":7,\"name\":\"BITTER\"}]},{\"@type\":\"WebSite\",\"@id\":\"https:\\\/\\\/bien-etreiris.ch\\\/de\\\/#website\",\"url\":\"https:\\\/\\\/bien-etreiris.ch\\\/de\\\/\",\"name\":\"Bien-\u00eatre Iris\",\"description\":\"IHRE Gesundheit ist uns wichtig\",\"potentialAction\":[{\"@type\":\"SearchAction\",\"target\":{\"@type\":\"EntryPoint\",\"urlTemplate\":\"https:\\\/\\\/bien-etreiris.ch\\\/de\\\/?s={search_term_string}\"},\"query-input\":{\"@type\":\"PropertyValueSpecification\",\"valueRequired\":true,\"valueName\":\"search_term_string\"}}],\"inLanguage\":\"de\"}]}<\/script>\n<!-- \/ Yoast SEO plugin. -->","yoast_head_json":{"title":"BITTER - WOHLBEFINDEN","robots":{"index":"index","follow":"follow","max-snippet":"max-snippet:-1","max-image-preview":"max-image-preview:large","max-video-preview":"max-video-preview:-1"},"canonical":"https:\/\/bien-etreiris.ch\/de\/produktpraesentation\/gesundes-leben\/nahrungsergaenzungsmittel\/pflanzenheilkunde-gleichgewicht-durch-heilpflanzen\/oxymel\/bitter\/","og_locale":"de_DE","og_type":"article","og_title":"BITTER - WOHLBEFINDEN","og_description":"Bitter F\u00fcr die t\u00e4gliche Dosis Bitterstoffe&nbsp;in deiner Ern\u00e4hrung. Diese Geschmacksrichtung ist weitgehend aus unseren heutigen Lebensmitteln verschwunden. Hol sie dir zur\u00fcck. &nbsp; &nbsp; &nbsp; &nbsp; &nbsp; &nbsp; Kruut Bek\u00f6mmliche Wildkr\u00e4uter. Wermut, Tausendg\u00fcldenkraut, Andorn und Pfefferminze. T\u00e4gliche Portion Bitterstoffe. Ideal als Genuss nach deftigen Speisen. Einfache Anwendung. Einen Essl\u00f6ffel mit Wasser mischen, umr\u00fchren und fertig! 100% heimische Bio-Zutaten Niemals erhitzt Ohne&nbsp;Weiter lesen","og_url":"https:\/\/bien-etreiris.ch\/de\/produktpraesentation\/gesundes-leben\/nahrungsergaenzungsmittel\/pflanzenheilkunde-gleichgewicht-durch-heilpflanzen\/oxymel\/bitter\/","og_site_name":"WOHLBEFINDEN","article_publisher":"https:\/\/www.facebook.com\/bienetreiris\/","article_modified_time":"2023-10-23T15:44:42+00:00","og_image":[{"width":500,"height":333,"url":"https:\/\/bien-etreiris.ch\/wp-content\/uploads\/2023\/10\/acceuil-amere.jpg","type":"image\/jpeg"}],"twitter_misc":{"Gesch\u00e4tzte Lesezeit":"3\u00a0Minuten"},"schema":{"@context":"https:\/\/schema.org","@graph":[{"@type":"WebPage","@id":"https:\/\/bien-etreiris.ch\/de\/produktpraesentation\/gesundes-leben\/nahrungsergaenzungsmittel\/pflanzenheilkunde-gleichgewicht-durch-heilpflanzen\/oxymel\/bitter\/","url":"https:\/\/bien-etreiris.ch\/de\/produktpraesentation\/gesundes-leben\/nahrungsergaenzungsmittel\/pflanzenheilkunde-gleichgewicht-durch-heilpflanzen\/oxymel\/bitter\/","name":"BITTER - WOHLBEFINDEN","isPartOf":{"@id":"https:\/\/bien-etreiris.ch\/de\/#website"},"primaryImageOfPage":{"@id":"https:\/\/bien-etreiris.ch\/de\/produktpraesentation\/gesundes-leben\/nahrungsergaenzungsmittel\/pflanzenheilkunde-gleichgewicht-durch-heilpflanzen\/oxymel\/bitter\/#primaryimage"},"image":{"@id":"https:\/\/bien-etreiris.ch\/de\/produktpraesentation\/gesundes-leben\/nahrungsergaenzungsmittel\/pflanzenheilkunde-gleichgewicht-durch-heilpflanzen\/oxymel\/bitter\/#primaryimage"},"thumbnailUrl":"https:\/\/bien-etreiris.ch\/wp-content\/uploads\/2023\/10\/acceuil-amere.jpg","datePublished":"2023-10-23T14:46:17+00:00","dateModified":"2023-10-23T15:44:42+00:00","breadcrumb":{"@id":"https:\/\/bien-etreiris.ch\/de\/produktpraesentation\/gesundes-leben\/nahrungsergaenzungsmittel\/pflanzenheilkunde-gleichgewicht-durch-heilpflanzen\/oxymel\/bitter\/#breadcrumb"},"inLanguage":"de","potentialAction":[{"@type":"ReadAction","target":["https:\/\/bien-etreiris.ch\/de\/produktpraesentation\/gesundes-leben\/nahrungsergaenzungsmittel\/pflanzenheilkunde-gleichgewicht-durch-heilpflanzen\/oxymel\/bitter\/"]}]},{"@type":"ImageObject","inLanguage":"de","@id":"https:\/\/bien-etreiris.ch\/de\/produktpraesentation\/gesundes-leben\/nahrungsergaenzungsmittel\/pflanzenheilkunde-gleichgewicht-durch-heilpflanzen\/oxymel\/bitter\/#primaryimage","url":"https:\/\/bien-etreiris.ch\/wp-content\/uploads\/2023\/10\/acceuil-amere.jpg","contentUrl":"https:\/\/bien-etreiris.ch\/wp-content\/uploads\/2023\/10\/acceuil-amere.jpg","width":500,"height":333},{"@type":"BreadcrumbList","@id":"https:\/\/bien-etreiris.ch\/de\/produktpraesentation\/gesundes-leben\/nahrungsergaenzungsmittel\/pflanzenheilkunde-gleichgewicht-durch-heilpflanzen\/oxymel\/bitter\/#breadcrumb","itemListElement":[{"@type":"ListItem","position":1,"name":"Home","item":"https:\/\/bien-etreiris.ch\/de\/"},{"@type":"ListItem","position":2,"name":"PRODUKTPR\u00c4SENTATION","item":"https:\/\/bien-etreiris.ch\/de\/produktpraesentation\/"},{"@type":"ListItem","position":3,"name":"GESUNDES LEBEN","item":"https:\/\/bien-etreiris.ch\/de\/produktpraesentation\/gesundes-leben\/"},{"@type":"ListItem","position":4,"name":"NAHRUNGSERG\u00c4NZUNG","item":"https:\/\/bien-etreiris.ch\/de\/produktpraesentation\/gesundes-leben\/nahrungsergaenzungsmittel\/"},{"@type":"ListItem","position":5,"name":"PFLANZENHEILKUNDE","item":"https:\/\/bien-etreiris.ch\/de\/produktpraesentation\/gesundes-leben\/nahrungsergaenzungsmittel\/pflanzenheilkunde-gleichgewicht-durch-heilpflanzen\/"},{"@type":"ListItem","position":6,"name":"OXYMEL","item":"https:\/\/bien-etreiris.ch\/de\/produktpraesentation\/gesundes-leben\/nahrungsergaenzungsmittel\/pflanzenheilkunde-gleichgewicht-durch-heilpflanzen\/oxymel\/"},{"@type":"ListItem","position":7,"name":"BITTER"}]},{"@type":"WebSite","@id":"https:\/\/bien-etreiris.ch\/de\/#website","url":"https:\/\/bien-etreiris.ch\/de\/","name":"Bien-\u00eatre Iris","description":"IHRE Gesundheit ist uns wichtig","potentialAction":[{"@type":"SearchAction","target":{"@type":"EntryPoint","urlTemplate":"https:\/\/bien-etreiris.ch\/de\/?s={search_term_string}"},"query-input":{"@type":"PropertyValueSpecification","valueRequired":true,"valueName":"search_term_string"}}],"inLanguage":"de"}]}},"_links":{"self":[{"href":"https:\/\/bien-etreiris.ch\/de\/wp-json\/wp\/v2\/pages\/78241","targetHints":{"allow":["GET"]}}],"collection":[{"href":"https:\/\/bien-etreiris.ch\/de\/wp-json\/wp\/v2\/pages"}],"about":[{"href":"https:\/\/bien-etreiris.ch\/de\/wp-json\/wp\/v2\/types\/page"}],"author":[{"embeddable":true,"href":"https:\/\/bien-etreiris.ch\/de\/wp-json\/wp\/v2\/users\/1"}],"replies":[{"embeddable":true,"href":"https:\/\/bien-etreiris.ch\/de\/wp-json\/wp\/v2\/comments?post=78241"}],"version-history":[{"count":3,"href":"https:\/\/bien-etreiris.ch\/de\/wp-json\/wp\/v2\/pages\/78241\/revisions"}],"predecessor-version":[{"id":78255,"href":"https:\/\/bien-etreiris.ch\/de\/wp-json\/wp\/v2\/pages\/78241\/revisions\/78255"}],"up":[{"embeddable":true,"href":"https:\/\/bien-etreiris.ch\/de\/wp-json\/wp\/v2\/pages\/77616"}],"wp:featuredmedia":[{"embeddable":true,"href":"https:\/\/bien-etreiris.ch\/de\/wp-json\/wp\/v2\/media\/78245"}],"wp:attachment":[{"href":"https:\/\/bien-etreiris.ch\/de\/wp-json\/wp\/v2\/media?parent=78241"}],"curies":[{"name":"wp","href":"https:\/\/api.w.org\/{rel}","templated":true}]}}