{"id":78213,"date":"2023-10-23T15:52:05","date_gmt":"2023-10-23T13:52:05","guid":{"rendered":"https:\/\/bien-etreiris.ch\/immun\/"},"modified":"2023-10-23T16:25:11","modified_gmt":"2023-10-23T14:25:11","slug":"immun","status":"publish","type":"page","link":"https:\/\/bien-etreiris.ch\/de\/produktpraesentation\/gesundes-leben\/nahrungsergaenzungsmittel\/pflanzenheilkunde-gleichgewicht-durch-heilpflanzen\/oxymel\/immun\/","title":{"rendered":"IMMUN"},"content":{"rendered":"<h2>IMMUN<\/h2>\n<h4>Deine Dosis Wildkr\u00e4uter, wenn es drau\u00dfen kalt und ungem\u00fctlich wird. Das Vitamin C der Hagebutte unterst\u00fctzt<em>&nbsp;das Immunsystem<sup>1<\/sup><\/em>. Spitzwegerich, Salbei und der wilde Thymian runden die Rezeptur ab.<\/h4>\n<h4><span style=\"color: #ffcc00;\"><a style=\"color: #ffcc00;\" href=\"https:\/\/bien-etreiris.ch\/de\/produktpraesentation\/gesundes-leben\/nahrungsergaenzungsmittel\/pflanzenheilkunde-gleichgewicht-durch-heilpflanzen\/oxymel\/immun\/immun-2\/\" rel=\"attachment wp-att-78204\"><img loading=\"lazy\" decoding=\"async\" class=\"wp-image-78204 alignleft\" src=\"https:\/\/bien-etreiris.ch\/wp-content\/uploads\/2023\/10\/immun.jpg\" alt=\"\" width=\"276\" height=\"474\" srcset=\"https:\/\/bien-etreiris.ch\/wp-content\/uploads\/2023\/10\/immun.jpg 352w, https:\/\/bien-etreiris.ch\/wp-content\/uploads\/2023\/10\/immun-175x300.jpg 175w\" sizes=\"auto, (max-width: 276px) 100vw, 276px\" \/><\/a><\/span><\/h4>\n<h4>&nbsp;<\/h4>\n<h4>&nbsp;<\/h4>\n<h4>&nbsp;<\/h4>\n<h4>&nbsp;<\/h4>\n<h4><a href=\"https:\/\/bien-etreiris.ch\/de\/unsere-marken\/kruut\/\" target=\"_blank\" rel=\"noopener\"><span style=\"color: #ffcc00;\">Kruut<\/span><\/a><\/h4>\n<ul>\n<li><strong>Kraftvolle Wildkr\u00e4uter <\/strong><strong>:<\/strong>Hagebutte, Quendel, Salbei, Spitzwegerich.<\/li>\n<li><strong>Nat\u00fcrliches Vitamin C der Hagebutte unterst\u00fctzt&nbsp;dein Immunsystem\u00b9.<\/strong> Ideal als Ritual zur St\u00e4rkung und zur Reduktion von M\u00fcdigkeit\u00b9.<\/li>\n<li><strong>Einfache Anwendung :<\/strong> Zwei Essl\u00f6ffel mit Wasser mischen, umr\u00fchren und fertig!<\/li>\n<li><strong>100% heimische Bio-Zutaten<\/strong><\/li>\n<li>Niemals erhitzt.<\/li>\n<li>Ohne Zusatzstoffe<\/li>\n<li>Nach einer bew\u00e4hrten Rezeptur<\/li>\n<\/ul>\n<div class=\"trigger is-active\">\n<h2>&nbsp;<\/h2>\n<h2>&nbsp;<\/h2>\n<h2>&nbsp;<\/h2>\n<h2>Oxymel Immun<\/h2>\n<\/div>\n<div class=\"block-content\">\n<p>Dieser <strong>Oxymel<\/strong> ist dein t\u00e4glicher, leckerer Immunsupport<sup>1<\/sup>. Roher Bl\u00fctenhonig und naturtr\u00fcber Demeter-Apfelessig konservieren die Kraft der enthaltenen Wildkr\u00e4uter. Die Tinktur wird in einem schonenden Verfahren \u00fcber Wochen ger\u00fchrt und dabei niemals erhitzt. So versorgt dich dein Oxymel mit dem Vitamin C der heimischen Hagebutte<sup id=\"isPasted\">1<\/sup>. Wusstest du, dass direkt vor unserer T\u00fcr eine der Vitamin-C-reichsten Pflanzen w\u00e4chst? Im Herbst erwarten dich die leuchtend roten Scheinfr\u00fcchte der Wildrose \u00fcberall.&nbsp;<\/p>\n<p><em>Ideal um dein Immunsystem zu unterst\u00fctzen.<sup id=\"isPasted\">1<\/sup><br \/>\n100% frische Kr\u00e4uter.<br \/>\nBeste Qualit\u00e4t: Rohkost &amp; bio<\/em><\/p>\n<p><strong>Wildkr\u00e4uter:&nbsp;<\/strong>Hagebutten mit nat\u00fcrlichem Vitamin C<sup id=\"isPasted\">1<\/sup>, Quendel, Salbei und Spitzwegerich.<\/p>\n<p><strong>Situation:&nbsp;<\/strong>Unsere Sorte <em>Immun<\/em> ist dein t\u00e4gliches Ritual zur Unterst\u00fctzung des Immunsystems.<sup id=\"isPasted\">1<\/sup> Immer dann, wenn du das Gef\u00fchl hast, du m\u00f6chtest deinem Abwehrsystem etwas Gutes tun, unterst\u00fctzt dich unser Oxymel. Erste Hilfe aus der Natur!<\/p>\n<p><strong>Geschmack:&nbsp;<\/strong>Fruchtig, s\u00e4uerlich, frisch<\/p>\n<p><strong><sup id=\"isPasted\">1<\/sup>Vitamin C tr\u00e4gt zu einer normalen Funktion des Immunsystems bei.<\/strong><br \/>\n<strong><strong id=\"isPasted\">Vitamin C&nbsp;<\/strong>tr\u00e4gt zu einem normalen Energiestoffwechsel bei.&nbsp;<\/strong><br \/>\n<strong><strong id=\"isPasted\">Vitamin C&nbsp;<\/strong>tr\u00e4gt zur Verringerung von Erm\u00fcdung bei.&nbsp;<\/strong><br \/>\nVitamin C:88,2mg (100ml); 17,6mg (20ml=22%*)<strong><br \/>\n<\/strong>*% der N\u00e4hrstoffbezugswerte nach VO (EU) Nr. 1169\/2011<\/p>\n<\/div>\n<p>&nbsp;<\/p>\n<div class=\"custom-field-section-three custom-field-section product-template product-template__section page-width feature-row fade-in visible\" data-section-id=\"product-template\">\n<div class=\"feature-row\">\n<div class=\"feature-row__item feature-row__text feature-row__text--\">\n<div class=\"custom-field-text-block html-block\">\n<h4>Unser fruchtiger Oxymel konserviert eine der Vitamin-C reichsten Pflanzen der Welt: Die <em>heimische Hagebutte<\/em><\/h4>\n<\/div>\n<p>&nbsp;<\/p>\n<h4 class=\"custom-field-text-block html-block\"><a href=\"https:\/\/bien-etreiris.ch\/de\/produktpraesentation\/gesundes-leben\/nahrungsergaenzungsmittel\/pflanzenheilkunde-gleichgewicht-durch-heilpflanzen\/oxymel\/immun\/cynnorodon-2\/\" rel=\"attachment wp-att-78207\"><img loading=\"lazy\" decoding=\"async\" class=\"wp-image-78207 alignleft\" src=\"https:\/\/bien-etreiris.ch\/wp-content\/uploads\/2023\/10\/Cynnorodon.jpg\" alt=\"\" width=\"290\" height=\"346\"><\/a><\/h4>\n<h4>&nbsp;<\/h4>\n<h4>&nbsp;<\/h4>\n<h4>&nbsp;<\/h4>\n<h4 class=\"custom-field-text-block html-block\">G<em>ro\u00dfmutters superfood<sup>1<\/sup><\/em><\/h4>\n<p class=\"custom-field-text-block html-block\">Die Hagebutte ist die Scheinfrucht verschiedener heimischer Wildrosenarten. Die echten Fr\u00fcchte sind tats\u00e4chlich die Kerne in den roten Schalen. Genau das, was ihr vielleicht noch als Juckpulver kennt. Hagebutten sind mal dunkelrot, mal eher orange, l\u00e4nglich oder kugelrund. Essbar sind alle Sorten und stecken voller Vitamin C.<sup>1<\/sup> Passend zur kalten Jahreszeit schenkt uns die Natur genau das, was wir brauchen.<\/p>\n<h4><em>rotes, saftiges elixir<\/em><\/h4>\n<p>Wir haben dieses heimische Superfood zur Hauptzutat in unserem Oxymel Immun erkl\u00e4rt.<sup>1<\/sup> Unsere Hagebutten stammen aus Deutschland. Das ist tats\u00e4chlich nicht selbstverst\u00e4ndlich. Die meisten Produkte auf dem Markt stammen aus China oder Chile - dabei w\u00e4chst sie hier direkt vor der T\u00fcr. Daher immer auf die Herkunft achten oder selber sammeln.<\/p>\n<p>&nbsp;<\/p>\n<\/div>\n<\/div>\n<\/div>\n<div class=\"custom-field-section-four custom-field-section additional-product-info medium--five-twelfths large--five-twelfths fade-in visible\" data-section-id=\"product-template\">\n<div class=\"custom-field-text-block html-block\">\n<h4>\u201eSchon Paracelsus sagte so sch\u00f6n: Lass deine <em>Nahrung dein Hausmittel<\/em> sein. Genau das ist unsere Mission bei diesem besonderen Oxymel.\u201c<sup>1<\/sup><\/h4>\n<\/div>\n<\/div>\n","protected":false},"excerpt":{"rendered":"<p>IMMUN Deine Dosis Wildkr\u00e4uter, wenn es drau\u00dfen kalt und ungem\u00fctlich wird. Das Vitamin C der Hagebutte unterst\u00fctzt&nbsp;das Immunsystem1. Spitzwegerich, Salbei und der wilde Thymian runden die Rezeptur ab. &nbsp; &nbsp; &nbsp; &nbsp; Kruut Kraftvolle Wildkr\u00e4uter :Hagebutte, Quendel, Salbei, Spitzwegerich. Nat\u00fcrliches Vitamin C der Hagebutte unterst\u00fctzt&nbsp;dein Immunsystem\u00b9. Ideal als Ritual zur St\u00e4rkung und zur Reduktion von M\u00fcdigkeit\u00b9. Einfache Anwendung : Zwei&nbsp;<a href=\"https:\/\/bien-etreiris.ch\/de\/produktpraesentation\/gesundes-leben\/nahrungsergaenzungsmittel\/pflanzenheilkunde-gleichgewicht-durch-heilpflanzen\/oxymel\/immun\/\" class=\"read-more\">Weiter lesen<\/a><\/p>\n","protected":false},"author":1,"featured_media":78233,"parent":77616,"menu_order":2654,"comment_status":"closed","ping_status":"closed","template":"page-with-child.php","meta":{"_acf_changed":false,"ngg_post_thumbnail":0,"footnotes":""},"class_list":["post-78213","page","type-page","status-publish","has-post-thumbnail","hentry"],"acf":[],"yoast_head":"<!-- This site is optimized with the Yoast SEO plugin v27.4 - https:\/\/yoast.com\/product\/yoast-seo-wordpress\/ -->\n<title>IMMUN - WOHLBEFINDEN<\/title>\n<meta name=\"robots\" content=\"index, follow, max-snippet:-1, max-image-preview:large, max-video-preview:-1\" \/>\n<link rel=\"canonical\" href=\"https:\/\/bien-etreiris.ch\/de\/produktpraesentation\/gesundes-leben\/nahrungsergaenzungsmittel\/pflanzenheilkunde-gleichgewicht-durch-heilpflanzen\/oxymel\/immun\/\" \/>\n<meta property=\"og:locale\" content=\"de_DE\" \/>\n<meta property=\"og:type\" content=\"article\" \/>\n<meta property=\"og:title\" content=\"IMMUN - WOHLBEFINDEN\" \/>\n<meta property=\"og:description\" content=\"IMMUN Deine Dosis Wildkr\u00e4uter, wenn es drau\u00dfen kalt und ungem\u00fctlich wird. Das Vitamin C der Hagebutte unterst\u00fctzt&nbsp;das Immunsystem1. Spitzwegerich, Salbei und der wilde Thymian runden die Rezeptur ab. &nbsp; &nbsp; &nbsp; &nbsp; Kruut Kraftvolle Wildkr\u00e4uter :Hagebutte, Quendel, Salbei, Spitzwegerich. Nat\u00fcrliches Vitamin C der Hagebutte unterst\u00fctzt&nbsp;dein Immunsystem\u00b9. Ideal als Ritual zur St\u00e4rkung und zur Reduktion von M\u00fcdigkeit\u00b9. Einfache Anwendung : Zwei&nbsp;Weiter lesen\" \/>\n<meta property=\"og:url\" content=\"https:\/\/bien-etreiris.ch\/de\/produktpraesentation\/gesundes-leben\/nahrungsergaenzungsmittel\/pflanzenheilkunde-gleichgewicht-durch-heilpflanzen\/oxymel\/immun\/\" \/>\n<meta property=\"og:site_name\" content=\"WOHLBEFINDEN\" \/>\n<meta property=\"article:publisher\" content=\"https:\/\/www.facebook.com\/bienetreiris\/\" \/>\n<meta property=\"article:modified_time\" content=\"2023-10-23T14:25:11+00:00\" \/>\n<meta property=\"og:image\" content=\"https:\/\/bien-etreiris.ch\/wp-content\/uploads\/2023\/10\/acceuil-immun.jpg\" \/>\n\t<meta property=\"og:image:width\" content=\"500\" \/>\n\t<meta property=\"og:image:height\" content=\"333\" \/>\n\t<meta property=\"og:image:type\" content=\"image\/jpeg\" \/>\n<meta name=\"twitter:label1\" content=\"Gesch\u00e4tzte Lesezeit\" \/>\n\t<meta name=\"twitter:data1\" content=\"3\u00a0Minuten\" \/>\n<script type=\"application\/ld+json\" class=\"yoast-schema-graph\">{\"@context\":\"https:\\\/\\\/schema.org\",\"@graph\":[{\"@type\":\"WebPage\",\"@id\":\"https:\\\/\\\/bien-etreiris.ch\\\/de\\\/produktpraesentation\\\/gesundes-leben\\\/nahrungsergaenzungsmittel\\\/pflanzenheilkunde-gleichgewicht-durch-heilpflanzen\\\/oxymel\\\/immun\\\/\",\"url\":\"https:\\\/\\\/bien-etreiris.ch\\\/de\\\/produktpraesentation\\\/gesundes-leben\\\/nahrungsergaenzungsmittel\\\/pflanzenheilkunde-gleichgewicht-durch-heilpflanzen\\\/oxymel\\\/immun\\\/\",\"name\":\"IMMUN - WOHLBEFINDEN\",\"isPartOf\":{\"@id\":\"https:\\\/\\\/bien-etreiris.ch\\\/de\\\/#website\"},\"primaryImageOfPage\":{\"@id\":\"https:\\\/\\\/bien-etreiris.ch\\\/de\\\/produktpraesentation\\\/gesundes-leben\\\/nahrungsergaenzungsmittel\\\/pflanzenheilkunde-gleichgewicht-durch-heilpflanzen\\\/oxymel\\\/immun\\\/#primaryimage\"},\"image\":{\"@id\":\"https:\\\/\\\/bien-etreiris.ch\\\/de\\\/produktpraesentation\\\/gesundes-leben\\\/nahrungsergaenzungsmittel\\\/pflanzenheilkunde-gleichgewicht-durch-heilpflanzen\\\/oxymel\\\/immun\\\/#primaryimage\"},\"thumbnailUrl\":\"https:\\\/\\\/bien-etreiris.ch\\\/wp-content\\\/uploads\\\/2023\\\/10\\\/acceuil-immun-1.jpg\",\"datePublished\":\"2023-10-23T13:52:05+00:00\",\"dateModified\":\"2023-10-23T14:25:11+00:00\",\"breadcrumb\":{\"@id\":\"https:\\\/\\\/bien-etreiris.ch\\\/de\\\/produktpraesentation\\\/gesundes-leben\\\/nahrungsergaenzungsmittel\\\/pflanzenheilkunde-gleichgewicht-durch-heilpflanzen\\\/oxymel\\\/immun\\\/#breadcrumb\"},\"inLanguage\":\"de\",\"potentialAction\":[{\"@type\":\"ReadAction\",\"target\":[\"https:\\\/\\\/bien-etreiris.ch\\\/de\\\/produktpraesentation\\\/gesundes-leben\\\/nahrungsergaenzungsmittel\\\/pflanzenheilkunde-gleichgewicht-durch-heilpflanzen\\\/oxymel\\\/immun\\\/\"]}]},{\"@type\":\"ImageObject\",\"inLanguage\":\"de\",\"@id\":\"https:\\\/\\\/bien-etreiris.ch\\\/de\\\/produktpraesentation\\\/gesundes-leben\\\/nahrungsergaenzungsmittel\\\/pflanzenheilkunde-gleichgewicht-durch-heilpflanzen\\\/oxymel\\\/immun\\\/#primaryimage\",\"url\":\"https:\\\/\\\/bien-etreiris.ch\\\/wp-content\\\/uploads\\\/2023\\\/10\\\/acceuil-immun-1.jpg\",\"contentUrl\":\"https:\\\/\\\/bien-etreiris.ch\\\/wp-content\\\/uploads\\\/2023\\\/10\\\/acceuil-immun-1.jpg\",\"width\":496,\"height\":333},{\"@type\":\"BreadcrumbList\",\"@id\":\"https:\\\/\\\/bien-etreiris.ch\\\/de\\\/produktpraesentation\\\/gesundes-leben\\\/nahrungsergaenzungsmittel\\\/pflanzenheilkunde-gleichgewicht-durch-heilpflanzen\\\/oxymel\\\/immun\\\/#breadcrumb\",\"itemListElement\":[{\"@type\":\"ListItem\",\"position\":1,\"name\":\"Home\",\"item\":\"https:\\\/\\\/bien-etreiris.ch\\\/de\\\/\"},{\"@type\":\"ListItem\",\"position\":2,\"name\":\"PRODUKTPR\u00c4SENTATION\",\"item\":\"https:\\\/\\\/bien-etreiris.ch\\\/de\\\/produktpraesentation\\\/\"},{\"@type\":\"ListItem\",\"position\":3,\"name\":\"GESUNDES LEBEN\",\"item\":\"https:\\\/\\\/bien-etreiris.ch\\\/de\\\/produktpraesentation\\\/gesundes-leben\\\/\"},{\"@type\":\"ListItem\",\"position\":4,\"name\":\"NAHRUNGSERG\u00c4NZUNG\",\"item\":\"https:\\\/\\\/bien-etreiris.ch\\\/de\\\/produktpraesentation\\\/gesundes-leben\\\/nahrungsergaenzungsmittel\\\/\"},{\"@type\":\"ListItem\",\"position\":5,\"name\":\"PFLANZENHEILKUNDE\",\"item\":\"https:\\\/\\\/bien-etreiris.ch\\\/de\\\/produktpraesentation\\\/gesundes-leben\\\/nahrungsergaenzungsmittel\\\/pflanzenheilkunde-gleichgewicht-durch-heilpflanzen\\\/\"},{\"@type\":\"ListItem\",\"position\":6,\"name\":\"OXYMEL\",\"item\":\"https:\\\/\\\/bien-etreiris.ch\\\/de\\\/produktpraesentation\\\/gesundes-leben\\\/nahrungsergaenzungsmittel\\\/pflanzenheilkunde-gleichgewicht-durch-heilpflanzen\\\/oxymel\\\/\"},{\"@type\":\"ListItem\",\"position\":7,\"name\":\"IMMUN\"}]},{\"@type\":\"WebSite\",\"@id\":\"https:\\\/\\\/bien-etreiris.ch\\\/de\\\/#website\",\"url\":\"https:\\\/\\\/bien-etreiris.ch\\\/de\\\/\",\"name\":\"Bien-\u00eatre Iris\",\"description\":\"IHRE Gesundheit ist uns wichtig\",\"potentialAction\":[{\"@type\":\"SearchAction\",\"target\":{\"@type\":\"EntryPoint\",\"urlTemplate\":\"https:\\\/\\\/bien-etreiris.ch\\\/de\\\/?s={search_term_string}\"},\"query-input\":{\"@type\":\"PropertyValueSpecification\",\"valueRequired\":true,\"valueName\":\"search_term_string\"}}],\"inLanguage\":\"de\"}]}<\/script>\n<!-- \/ Yoast SEO plugin. -->","yoast_head_json":{"title":"IMMUN - WOHLBEFINDEN","robots":{"index":"index","follow":"follow","max-snippet":"max-snippet:-1","max-image-preview":"max-image-preview:large","max-video-preview":"max-video-preview:-1"},"canonical":"https:\/\/bien-etreiris.ch\/de\/produktpraesentation\/gesundes-leben\/nahrungsergaenzungsmittel\/pflanzenheilkunde-gleichgewicht-durch-heilpflanzen\/oxymel\/immun\/","og_locale":"de_DE","og_type":"article","og_title":"IMMUN - WOHLBEFINDEN","og_description":"IMMUN Deine Dosis Wildkr\u00e4uter, wenn es drau\u00dfen kalt und ungem\u00fctlich wird. Das Vitamin C der Hagebutte unterst\u00fctzt&nbsp;das Immunsystem1. Spitzwegerich, Salbei und der wilde Thymian runden die Rezeptur ab. &nbsp; &nbsp; &nbsp; &nbsp; Kruut Kraftvolle Wildkr\u00e4uter :Hagebutte, Quendel, Salbei, Spitzwegerich. Nat\u00fcrliches Vitamin C der Hagebutte unterst\u00fctzt&nbsp;dein Immunsystem\u00b9. Ideal als Ritual zur St\u00e4rkung und zur Reduktion von M\u00fcdigkeit\u00b9. Einfache Anwendung : Zwei&nbsp;Weiter lesen","og_url":"https:\/\/bien-etreiris.ch\/de\/produktpraesentation\/gesundes-leben\/nahrungsergaenzungsmittel\/pflanzenheilkunde-gleichgewicht-durch-heilpflanzen\/oxymel\/immun\/","og_site_name":"WOHLBEFINDEN","article_publisher":"https:\/\/www.facebook.com\/bienetreiris\/","article_modified_time":"2023-10-23T14:25:11+00:00","og_image":[{"width":500,"height":333,"url":"https:\/\/bien-etreiris.ch\/wp-content\/uploads\/2023\/10\/acceuil-immun.jpg","type":"image\/jpeg"}],"twitter_misc":{"Gesch\u00e4tzte Lesezeit":"3\u00a0Minuten"},"schema":{"@context":"https:\/\/schema.org","@graph":[{"@type":"WebPage","@id":"https:\/\/bien-etreiris.ch\/de\/produktpraesentation\/gesundes-leben\/nahrungsergaenzungsmittel\/pflanzenheilkunde-gleichgewicht-durch-heilpflanzen\/oxymel\/immun\/","url":"https:\/\/bien-etreiris.ch\/de\/produktpraesentation\/gesundes-leben\/nahrungsergaenzungsmittel\/pflanzenheilkunde-gleichgewicht-durch-heilpflanzen\/oxymel\/immun\/","name":"IMMUN - WOHLBEFINDEN","isPartOf":{"@id":"https:\/\/bien-etreiris.ch\/de\/#website"},"primaryImageOfPage":{"@id":"https:\/\/bien-etreiris.ch\/de\/produktpraesentation\/gesundes-leben\/nahrungsergaenzungsmittel\/pflanzenheilkunde-gleichgewicht-durch-heilpflanzen\/oxymel\/immun\/#primaryimage"},"image":{"@id":"https:\/\/bien-etreiris.ch\/de\/produktpraesentation\/gesundes-leben\/nahrungsergaenzungsmittel\/pflanzenheilkunde-gleichgewicht-durch-heilpflanzen\/oxymel\/immun\/#primaryimage"},"thumbnailUrl":"https:\/\/bien-etreiris.ch\/wp-content\/uploads\/2023\/10\/acceuil-immun-1.jpg","datePublished":"2023-10-23T13:52:05+00:00","dateModified":"2023-10-23T14:25:11+00:00","breadcrumb":{"@id":"https:\/\/bien-etreiris.ch\/de\/produktpraesentation\/gesundes-leben\/nahrungsergaenzungsmittel\/pflanzenheilkunde-gleichgewicht-durch-heilpflanzen\/oxymel\/immun\/#breadcrumb"},"inLanguage":"de","potentialAction":[{"@type":"ReadAction","target":["https:\/\/bien-etreiris.ch\/de\/produktpraesentation\/gesundes-leben\/nahrungsergaenzungsmittel\/pflanzenheilkunde-gleichgewicht-durch-heilpflanzen\/oxymel\/immun\/"]}]},{"@type":"ImageObject","inLanguage":"de","@id":"https:\/\/bien-etreiris.ch\/de\/produktpraesentation\/gesundes-leben\/nahrungsergaenzungsmittel\/pflanzenheilkunde-gleichgewicht-durch-heilpflanzen\/oxymel\/immun\/#primaryimage","url":"https:\/\/bien-etreiris.ch\/wp-content\/uploads\/2023\/10\/acceuil-immun-1.jpg","contentUrl":"https:\/\/bien-etreiris.ch\/wp-content\/uploads\/2023\/10\/acceuil-immun-1.jpg","width":496,"height":333},{"@type":"BreadcrumbList","@id":"https:\/\/bien-etreiris.ch\/de\/produktpraesentation\/gesundes-leben\/nahrungsergaenzungsmittel\/pflanzenheilkunde-gleichgewicht-durch-heilpflanzen\/oxymel\/immun\/#breadcrumb","itemListElement":[{"@type":"ListItem","position":1,"name":"Home","item":"https:\/\/bien-etreiris.ch\/de\/"},{"@type":"ListItem","position":2,"name":"PRODUKTPR\u00c4SENTATION","item":"https:\/\/bien-etreiris.ch\/de\/produktpraesentation\/"},{"@type":"ListItem","position":3,"name":"GESUNDES LEBEN","item":"https:\/\/bien-etreiris.ch\/de\/produktpraesentation\/gesundes-leben\/"},{"@type":"ListItem","position":4,"name":"NAHRUNGSERG\u00c4NZUNG","item":"https:\/\/bien-etreiris.ch\/de\/produktpraesentation\/gesundes-leben\/nahrungsergaenzungsmittel\/"},{"@type":"ListItem","position":5,"name":"PFLANZENHEILKUNDE","item":"https:\/\/bien-etreiris.ch\/de\/produktpraesentation\/gesundes-leben\/nahrungsergaenzungsmittel\/pflanzenheilkunde-gleichgewicht-durch-heilpflanzen\/"},{"@type":"ListItem","position":6,"name":"OXYMEL","item":"https:\/\/bien-etreiris.ch\/de\/produktpraesentation\/gesundes-leben\/nahrungsergaenzungsmittel\/pflanzenheilkunde-gleichgewicht-durch-heilpflanzen\/oxymel\/"},{"@type":"ListItem","position":7,"name":"IMMUN"}]},{"@type":"WebSite","@id":"https:\/\/bien-etreiris.ch\/de\/#website","url":"https:\/\/bien-etreiris.ch\/de\/","name":"Bien-\u00eatre Iris","description":"IHRE Gesundheit ist uns wichtig","potentialAction":[{"@type":"SearchAction","target":{"@type":"EntryPoint","urlTemplate":"https:\/\/bien-etreiris.ch\/de\/?s={search_term_string}"},"query-input":{"@type":"PropertyValueSpecification","valueRequired":true,"valueName":"search_term_string"}}],"inLanguage":"de"}]}},"_links":{"self":[{"href":"https:\/\/bien-etreiris.ch\/de\/wp-json\/wp\/v2\/pages\/78213","targetHints":{"allow":["GET"]}}],"collection":[{"href":"https:\/\/bien-etreiris.ch\/de\/wp-json\/wp\/v2\/pages"}],"about":[{"href":"https:\/\/bien-etreiris.ch\/de\/wp-json\/wp\/v2\/types\/page"}],"author":[{"embeddable":true,"href":"https:\/\/bien-etreiris.ch\/de\/wp-json\/wp\/v2\/users\/1"}],"replies":[{"embeddable":true,"href":"https:\/\/bien-etreiris.ch\/de\/wp-json\/wp\/v2\/comments?post=78213"}],"version-history":[{"count":4,"href":"https:\/\/bien-etreiris.ch\/de\/wp-json\/wp\/v2\/pages\/78213\/revisions"}],"predecessor-version":[{"id":78225,"href":"https:\/\/bien-etreiris.ch\/de\/wp-json\/wp\/v2\/pages\/78213\/revisions\/78225"}],"up":[{"embeddable":true,"href":"https:\/\/bien-etreiris.ch\/de\/wp-json\/wp\/v2\/pages\/77616"}],"wp:featuredmedia":[{"embeddable":true,"href":"https:\/\/bien-etreiris.ch\/de\/wp-json\/wp\/v2\/media\/78233"}],"wp:attachment":[{"href":"https:\/\/bien-etreiris.ch\/de\/wp-json\/wp\/v2\/media?parent=78213"}],"curies":[{"name":"wp","href":"https:\/\/api.w.org\/{rel}","templated":true}]}}