{"id":78175,"date":"2023-10-23T15:06:44","date_gmt":"2023-10-23T13:06:44","guid":{"rendered":"https:\/\/bien-etreiris.ch\/produktpraesentation\/gesundes-leben\/nahrungsergaenzungsmittel\/pflanzenheilkunde-gleichgewicht-durch-heilpflanzen\/oxymel\/force\/"},"modified":"2023-10-23T15:25:58","modified_gmt":"2023-10-23T13:25:58","slug":"kraft","status":"publish","type":"page","link":"https:\/\/bien-etreiris.ch\/de\/produktpraesentation\/gesundes-leben\/nahrungsergaenzungsmittel\/pflanzenheilkunde-gleichgewicht-durch-heilpflanzen\/oxymel\/kraft\/","title":{"rendered":"KRAFT"},"content":{"rendered":"<h2>Kraft<\/h2>\n<h4>Deine <em>t\u00e4gliche Dosis Wildkr\u00e4uter.<\/em> Der kraftvolle Geschmack unkultivierter Natur. Als Morgenroutine, Erfrischung beim Sport oder zwischendurch.<\/h4>\n<p><a href=\"https:\/\/bien-etreiris.ch\/de\/produktpraesentation\/gesundes-leben\/nahrungsergaenzungsmittel\/pflanzenheilkunde-gleichgewicht-durch-heilpflanzen\/oxymel\/force\/force-2\/\" rel=\"attachment wp-att-78163\"><img loading=\"lazy\" decoding=\"async\" class=\"wp-image-78163 alignleft\" src=\"https:\/\/bien-etreiris.ch\/wp-content\/uploads\/2023\/10\/force.jpg\" alt=\"\" width=\"261\" height=\"478\" srcset=\"https:\/\/bien-etreiris.ch\/wp-content\/uploads\/2023\/10\/force.jpg 351w, https:\/\/bien-etreiris.ch\/wp-content\/uploads\/2023\/10\/force-164x300.jpg 164w\" sizes=\"auto, (max-width: 261px) 100vw, 261px\" \/><\/a><\/p>\n<p>&nbsp;<\/p>\n<p>&nbsp;<\/p>\n<p>&nbsp;<\/p>\n<p>&nbsp;<\/p>\n<p>&nbsp;<\/p>\n<h4><a href=\"https:\/\/bien-etreiris.ch\/de\/unsere-marken\/kruut\/\" target=\"_blank\" rel=\"noopener\"><span style=\"color: #ffcc00;\">Kruut<\/span><\/a><\/h4>\n<ul>\n<li data-mce-fragment=\"1\"><strong>Kraftvolle frische Wildkr\u00e4uter.<\/strong> Giersch, Brennnessel, L\u00f6wenzahn und Rotklee<\/li>\n<li data-mce-fragment=\"1\"><strong>Ideal als Morgenroutine.<\/strong> Als Erfrischung beim Sport. Oder einfach zwischendurch<\/li>\n<li data-mce-fragment=\"1\"><strong data-mce-fragment=\"1\">Einfache Anwendung.<\/strong> Einen Essl\u00f6ffel mit Wasser mischen, umr\u00fchren und fertig. Hallo St\u00e4rkungsritual!<\/li>\n<li data-mce-fragment=\"1\"><strong data-mce-fragment=\"1\">100% heimische Bio-Zutaten <\/strong><\/li>\n<li data-mce-fragment=\"1\">Niemals erhitzt<\/li>\n<li data-mce-fragment=\"1\">Ohne Zusatzstoffe<\/li>\n<li data-mce-fragment=\"1\">Nach einer traditionellen Rezeptur<\/li>\n<\/ul>\n<p>Gr\u00f6ssen:<br \/>\n150ml enthalten 15 Portionen und reichen f\u00fcr 2 Wochen <strong>CHF 15.90<\/strong><\/p>\n<p>&nbsp;<\/p>\n<p>&nbsp;<\/p>\n<h4>Oxymel Kraft<\/h4>\n<p>Oxymel ist eine traditionelle Rezeptur aus rohem Bl\u00fctenhonig, naturtr\u00fcbem Demeter-Apfelessig und einer Auswahl frischer Wildkr\u00e4uter. Deine Tinktur wird in einem schonenden Verfahren \u00fcber Wochen ger\u00fchrt und dabei niemals erhitzt. So bleiben alle Inhaltsstoffe in Rohkostqualit\u00e4t erhalten. F\u00fcr den echten Geschmack der Natur.<\/p>\n<p>Ideal f\u00fcr einen kraftvollen Tag.<br \/>\n100% frische Kr\u00e4uter.<br \/>\nBeste Qualit\u00e4t: Rohkost &amp; bio.<\/p>\n<p>Wildkr\u00e4uter: In diesem leckeren Bio-Kr\u00e4uterauszug sind die frischen Wildkr\u00e4uter Giersch, L\u00f6wenzahn, Brennnessel und Rotklee enthalten. Deine t\u00e4gliche Dosis heimische Natur!<\/p>\n<p>Die Sorte: Von knallgr\u00fcnen, frischen Wildkr\u00e4utern k\u00f6nnen unsere Kulturpflanzen so einiges lernen. Sie sind robust, widerstandsf\u00e4hig und voller N\u00e4hrstoffe. Unsere Sorte Kraft bringt dir den ungeb\u00e4ndigten Geschmack der saftig, wilden Wiese in den Alltag.<\/p>\n<p>Situation: Dein kraftvolles Ritual am Morgen, nach dem Sport oder in einer Pause an einem anstrengenden Tag. Nimm dir einen Moment f\u00fcr dich. Einen Essl\u00f6ffel auf 150ml stilles oder sprudelndes Wasser geben und genie\u00dfen. Perfekt als Kur geeignet.<\/p>\n<p>Geschmack: kr\u00e4ftig-frisch, spritzig<\/p>\n<p>Diese Sorte in drei Worten: Naturkraft, spritzig-frisch, St\u00e4rkungsritual<\/p>\n<p>&nbsp;<\/p>\n<p>&nbsp;<\/p>\n<div class=\"feature-row__item feature-row__text feature-row__text--\">\n<div class=\"custom-field-text-block html-block\">\n<h2>Die Kraft der <em>unber\u00fchrten Natur<\/em> zur\u00fcck in unserem modernen Leben. Egal, wann und wo du sie gerade brauchst.<\/h2>\n<p>&nbsp;<\/p>\n<p><em><a href=\"https:\/\/bien-etreiris.ch\/de\/produktpraesentation\/gesundes-leben\/nahrungsergaenzungsmittel\/pflanzenheilkunde-gleichgewicht-durch-heilpflanzen\/oxymel\/force\/rituel-force-2\/\" rel=\"attachment wp-att-78169\"><img loading=\"lazy\" decoding=\"async\" class=\"size-full wp-image-78169 alignleft\" src=\"https:\/\/bien-etreiris.ch\/wp-content\/uploads\/2023\/10\/rituel-force.jpg\" alt=\"\" width=\"315\" height=\"500\" srcset=\"https:\/\/bien-etreiris.ch\/wp-content\/uploads\/2023\/10\/rituel-force.jpg 315w, https:\/\/bien-etreiris.ch\/wp-content\/uploads\/2023\/10\/rituel-force-189x300.jpg 189w\" sizes=\"auto, (max-width: 315px) 100vw, 315px\" \/><\/a><\/em><\/p>\n<p>&nbsp;<\/p>\n<p>&nbsp;<\/p>\n<\/div>\n<p>&nbsp;<\/p>\n<div class=\"custom-field-text-block html-block\">\n<h4><em>dein oxymel ritual<\/em><\/h4>\n<p>Wildkr\u00e4uter ready-to-go. Wir extrahieren deinen Oxymel \u00fcber Monate f\u00fcr das perfekte Ergebnis, damit du das Elixier sofort anwenden kannst: Einfach einen Essl\u00f6ffel mit Wasser oder einem Getr\u00e4nk deiner Wahl mischen. Fertig! So kannst du deine Dosis Wildkr\u00e4uter ganz einfach wieder in deinen Speiseplan einbauen. Mach das gold-gelbe Elixier zu einem lieb gewonnenen Ritual. Ideal als Kur \u00fcber sechs Wochen!<\/p>\n<h4><strong><em>natur als kraftspender<\/em><\/strong><\/h4>\n<p>Wusstest du, dass ein Aufenthalt in der Natur unsere Konzentration verbessert? Durch kleine Auszeiten im Gr\u00fcnen k\u00f6nnen wir unsere Akkus wieder aufladen und viel kraftvoller den Tag gestalten. Unser urspr\u00fcnglicher Lebensraum geht uns im Alltag leider immer h\u00e4ufiger verloren. Daher nichts wie los in die unber\u00fchrte Natur. Unser Kraftort!<\/p>\n<\/div>\n<\/div>\n<p>&nbsp;<\/p>\n","protected":false},"excerpt":{"rendered":"<p>Kraft Deine t\u00e4gliche Dosis Wildkr\u00e4uter. Der kraftvolle Geschmack unkultivierter Natur. Als Morgenroutine, Erfrischung beim Sport oder zwischendurch. &nbsp; &nbsp; &nbsp; &nbsp; &nbsp; Kruut Kraftvolle frische Wildkr\u00e4uter. Giersch, Brennnessel, L\u00f6wenzahn und Rotklee Ideal als Morgenroutine. Als Erfrischung beim Sport. Oder einfach zwischendurch Einfache Anwendung. Einen Essl\u00f6ffel mit Wasser mischen, umr\u00fchren und fertig. Hallo St\u00e4rkungsritual! 100% heimische Bio-Zutaten Niemals erhitzt Ohne Zusatzstoffe&nbsp;<a href=\"https:\/\/bien-etreiris.ch\/de\/produktpraesentation\/gesundes-leben\/nahrungsergaenzungsmittel\/pflanzenheilkunde-gleichgewicht-durch-heilpflanzen\/oxymel\/kraft\/\" class=\"read-more\">Weiter lesen<\/a><\/p>\n","protected":false},"author":1,"featured_media":78186,"parent":77616,"menu_order":2657,"comment_status":"closed","ping_status":"closed","template":"page-with-child.php","meta":{"_acf_changed":false,"ngg_post_thumbnail":0,"footnotes":""},"class_list":["post-78175","page","type-page","status-publish","has-post-thumbnail","hentry"],"acf":[],"yoast_head":"<!-- This site is optimized with the Yoast SEO plugin v27.4 - https:\/\/yoast.com\/product\/yoast-seo-wordpress\/ -->\n<title>KRAFT - WOHLBEFINDEN<\/title>\n<meta name=\"robots\" content=\"index, follow, max-snippet:-1, max-image-preview:large, max-video-preview:-1\" \/>\n<link rel=\"canonical\" href=\"https:\/\/bien-etreiris.ch\/de\/produktpraesentation\/gesundes-leben\/nahrungsergaenzungsmittel\/pflanzenheilkunde-gleichgewicht-durch-heilpflanzen\/oxymel\/kraft\/\" \/>\n<meta property=\"og:locale\" content=\"de_DE\" \/>\n<meta property=\"og:type\" content=\"article\" \/>\n<meta property=\"og:title\" content=\"KRAFT - WOHLBEFINDEN\" \/>\n<meta property=\"og:description\" content=\"Kraft Deine t\u00e4gliche Dosis Wildkr\u00e4uter. Der kraftvolle Geschmack unkultivierter Natur. Als Morgenroutine, Erfrischung beim Sport oder zwischendurch. &nbsp; &nbsp; &nbsp; &nbsp; &nbsp; Kruut Kraftvolle frische Wildkr\u00e4uter. Giersch, Brennnessel, L\u00f6wenzahn und Rotklee Ideal als Morgenroutine. Als Erfrischung beim Sport. Oder einfach zwischendurch Einfache Anwendung. Einen Essl\u00f6ffel mit Wasser mischen, umr\u00fchren und fertig. Hallo St\u00e4rkungsritual! 100% heimische Bio-Zutaten Niemals erhitzt Ohne Zusatzstoffe&nbsp;Weiter lesen\" \/>\n<meta property=\"og:url\" content=\"https:\/\/bien-etreiris.ch\/de\/produktpraesentation\/gesundes-leben\/nahrungsergaenzungsmittel\/pflanzenheilkunde-gleichgewicht-durch-heilpflanzen\/oxymel\/kraft\/\" \/>\n<meta property=\"og:site_name\" content=\"WOHLBEFINDEN\" \/>\n<meta property=\"article:publisher\" content=\"https:\/\/www.facebook.com\/bienetreiris\/\" \/>\n<meta property=\"article:modified_time\" content=\"2023-10-23T13:25:58+00:00\" \/>\n<meta property=\"og:image\" content=\"https:\/\/bien-etreiris.ch\/wp-content\/uploads\/2023\/10\/acceuil-force-1.jpg\" \/>\n\t<meta property=\"og:image:width\" content=\"500\" \/>\n\t<meta property=\"og:image:height\" content=\"333\" \/>\n\t<meta property=\"og:image:type\" content=\"image\/jpeg\" \/>\n<meta name=\"twitter:label1\" content=\"Gesch\u00e4tzte Lesezeit\" \/>\n\t<meta name=\"twitter:data1\" content=\"3\u00a0Minuten\" \/>\n<script type=\"application\/ld+json\" class=\"yoast-schema-graph\">{\"@context\":\"https:\\\/\\\/schema.org\",\"@graph\":[{\"@type\":\"WebPage\",\"@id\":\"https:\\\/\\\/bien-etreiris.ch\\\/de\\\/produktpraesentation\\\/gesundes-leben\\\/nahrungsergaenzungsmittel\\\/pflanzenheilkunde-gleichgewicht-durch-heilpflanzen\\\/oxymel\\\/kraft\\\/\",\"url\":\"https:\\\/\\\/bien-etreiris.ch\\\/de\\\/produktpraesentation\\\/gesundes-leben\\\/nahrungsergaenzungsmittel\\\/pflanzenheilkunde-gleichgewicht-durch-heilpflanzen\\\/oxymel\\\/kraft\\\/\",\"name\":\"KRAFT - WOHLBEFINDEN\",\"isPartOf\":{\"@id\":\"https:\\\/\\\/bien-etreiris.ch\\\/de\\\/#website\"},\"primaryImageOfPage\":{\"@id\":\"https:\\\/\\\/bien-etreiris.ch\\\/de\\\/produktpraesentation\\\/gesundes-leben\\\/nahrungsergaenzungsmittel\\\/pflanzenheilkunde-gleichgewicht-durch-heilpflanzen\\\/oxymel\\\/kraft\\\/#primaryimage\"},\"image\":{\"@id\":\"https:\\\/\\\/bien-etreiris.ch\\\/de\\\/produktpraesentation\\\/gesundes-leben\\\/nahrungsergaenzungsmittel\\\/pflanzenheilkunde-gleichgewicht-durch-heilpflanzen\\\/oxymel\\\/kraft\\\/#primaryimage\"},\"thumbnailUrl\":\"https:\\\/\\\/bien-etreiris.ch\\\/wp-content\\\/uploads\\\/2023\\\/10\\\/acceuil-force-1.jpg\",\"datePublished\":\"2023-10-23T13:06:44+00:00\",\"dateModified\":\"2023-10-23T13:25:58+00:00\",\"breadcrumb\":{\"@id\":\"https:\\\/\\\/bien-etreiris.ch\\\/de\\\/produktpraesentation\\\/gesundes-leben\\\/nahrungsergaenzungsmittel\\\/pflanzenheilkunde-gleichgewicht-durch-heilpflanzen\\\/oxymel\\\/kraft\\\/#breadcrumb\"},\"inLanguage\":\"de\",\"potentialAction\":[{\"@type\":\"ReadAction\",\"target\":[\"https:\\\/\\\/bien-etreiris.ch\\\/de\\\/produktpraesentation\\\/gesundes-leben\\\/nahrungsergaenzungsmittel\\\/pflanzenheilkunde-gleichgewicht-durch-heilpflanzen\\\/oxymel\\\/kraft\\\/\"]}]},{\"@type\":\"ImageObject\",\"inLanguage\":\"de\",\"@id\":\"https:\\\/\\\/bien-etreiris.ch\\\/de\\\/produktpraesentation\\\/gesundes-leben\\\/nahrungsergaenzungsmittel\\\/pflanzenheilkunde-gleichgewicht-durch-heilpflanzen\\\/oxymel\\\/kraft\\\/#primaryimage\",\"url\":\"https:\\\/\\\/bien-etreiris.ch\\\/wp-content\\\/uploads\\\/2023\\\/10\\\/acceuil-force-1.jpg\",\"contentUrl\":\"https:\\\/\\\/bien-etreiris.ch\\\/wp-content\\\/uploads\\\/2023\\\/10\\\/acceuil-force-1.jpg\",\"width\":500,\"height\":333},{\"@type\":\"BreadcrumbList\",\"@id\":\"https:\\\/\\\/bien-etreiris.ch\\\/de\\\/produktpraesentation\\\/gesundes-leben\\\/nahrungsergaenzungsmittel\\\/pflanzenheilkunde-gleichgewicht-durch-heilpflanzen\\\/oxymel\\\/kraft\\\/#breadcrumb\",\"itemListElement\":[{\"@type\":\"ListItem\",\"position\":1,\"name\":\"Home\",\"item\":\"https:\\\/\\\/bien-etreiris.ch\\\/de\\\/\"},{\"@type\":\"ListItem\",\"position\":2,\"name\":\"PRODUKTPR\u00c4SENTATION\",\"item\":\"https:\\\/\\\/bien-etreiris.ch\\\/de\\\/produktpraesentation\\\/\"},{\"@type\":\"ListItem\",\"position\":3,\"name\":\"GESUNDES LEBEN\",\"item\":\"https:\\\/\\\/bien-etreiris.ch\\\/de\\\/produktpraesentation\\\/gesundes-leben\\\/\"},{\"@type\":\"ListItem\",\"position\":4,\"name\":\"NAHRUNGSERG\u00c4NZUNG\",\"item\":\"https:\\\/\\\/bien-etreiris.ch\\\/de\\\/produktpraesentation\\\/gesundes-leben\\\/nahrungsergaenzungsmittel\\\/\"},{\"@type\":\"ListItem\",\"position\":5,\"name\":\"PFLANZENHEILKUNDE\",\"item\":\"https:\\\/\\\/bien-etreiris.ch\\\/de\\\/produktpraesentation\\\/gesundes-leben\\\/nahrungsergaenzungsmittel\\\/pflanzenheilkunde-gleichgewicht-durch-heilpflanzen\\\/\"},{\"@type\":\"ListItem\",\"position\":6,\"name\":\"OXYMEL\",\"item\":\"https:\\\/\\\/bien-etreiris.ch\\\/de\\\/produktpraesentation\\\/gesundes-leben\\\/nahrungsergaenzungsmittel\\\/pflanzenheilkunde-gleichgewicht-durch-heilpflanzen\\\/oxymel\\\/\"},{\"@type\":\"ListItem\",\"position\":7,\"name\":\"KRAFT\"}]},{\"@type\":\"WebSite\",\"@id\":\"https:\\\/\\\/bien-etreiris.ch\\\/de\\\/#website\",\"url\":\"https:\\\/\\\/bien-etreiris.ch\\\/de\\\/\",\"name\":\"Bien-\u00eatre Iris\",\"description\":\"IHRE Gesundheit ist uns wichtig\",\"potentialAction\":[{\"@type\":\"SearchAction\",\"target\":{\"@type\":\"EntryPoint\",\"urlTemplate\":\"https:\\\/\\\/bien-etreiris.ch\\\/de\\\/?s={search_term_string}\"},\"query-input\":{\"@type\":\"PropertyValueSpecification\",\"valueRequired\":true,\"valueName\":\"search_term_string\"}}],\"inLanguage\":\"de\"}]}<\/script>\n<!-- \/ Yoast SEO plugin. -->","yoast_head_json":{"title":"KRAFT - WOHLBEFINDEN","robots":{"index":"index","follow":"follow","max-snippet":"max-snippet:-1","max-image-preview":"max-image-preview:large","max-video-preview":"max-video-preview:-1"},"canonical":"https:\/\/bien-etreiris.ch\/de\/produktpraesentation\/gesundes-leben\/nahrungsergaenzungsmittel\/pflanzenheilkunde-gleichgewicht-durch-heilpflanzen\/oxymel\/kraft\/","og_locale":"de_DE","og_type":"article","og_title":"KRAFT - WOHLBEFINDEN","og_description":"Kraft Deine t\u00e4gliche Dosis Wildkr\u00e4uter. Der kraftvolle Geschmack unkultivierter Natur. Als Morgenroutine, Erfrischung beim Sport oder zwischendurch. &nbsp; &nbsp; &nbsp; &nbsp; &nbsp; Kruut Kraftvolle frische Wildkr\u00e4uter. Giersch, Brennnessel, L\u00f6wenzahn und Rotklee Ideal als Morgenroutine. Als Erfrischung beim Sport. Oder einfach zwischendurch Einfache Anwendung. Einen Essl\u00f6ffel mit Wasser mischen, umr\u00fchren und fertig. Hallo St\u00e4rkungsritual! 100% heimische Bio-Zutaten Niemals erhitzt Ohne Zusatzstoffe&nbsp;Weiter lesen","og_url":"https:\/\/bien-etreiris.ch\/de\/produktpraesentation\/gesundes-leben\/nahrungsergaenzungsmittel\/pflanzenheilkunde-gleichgewicht-durch-heilpflanzen\/oxymel\/kraft\/","og_site_name":"WOHLBEFINDEN","article_publisher":"https:\/\/www.facebook.com\/bienetreiris\/","article_modified_time":"2023-10-23T13:25:58+00:00","og_image":[{"width":500,"height":333,"url":"https:\/\/bien-etreiris.ch\/wp-content\/uploads\/2023\/10\/acceuil-force-1.jpg","type":"image\/jpeg"}],"twitter_misc":{"Gesch\u00e4tzte Lesezeit":"3\u00a0Minuten"},"schema":{"@context":"https:\/\/schema.org","@graph":[{"@type":"WebPage","@id":"https:\/\/bien-etreiris.ch\/de\/produktpraesentation\/gesundes-leben\/nahrungsergaenzungsmittel\/pflanzenheilkunde-gleichgewicht-durch-heilpflanzen\/oxymel\/kraft\/","url":"https:\/\/bien-etreiris.ch\/de\/produktpraesentation\/gesundes-leben\/nahrungsergaenzungsmittel\/pflanzenheilkunde-gleichgewicht-durch-heilpflanzen\/oxymel\/kraft\/","name":"KRAFT - WOHLBEFINDEN","isPartOf":{"@id":"https:\/\/bien-etreiris.ch\/de\/#website"},"primaryImageOfPage":{"@id":"https:\/\/bien-etreiris.ch\/de\/produktpraesentation\/gesundes-leben\/nahrungsergaenzungsmittel\/pflanzenheilkunde-gleichgewicht-durch-heilpflanzen\/oxymel\/kraft\/#primaryimage"},"image":{"@id":"https:\/\/bien-etreiris.ch\/de\/produktpraesentation\/gesundes-leben\/nahrungsergaenzungsmittel\/pflanzenheilkunde-gleichgewicht-durch-heilpflanzen\/oxymel\/kraft\/#primaryimage"},"thumbnailUrl":"https:\/\/bien-etreiris.ch\/wp-content\/uploads\/2023\/10\/acceuil-force-1.jpg","datePublished":"2023-10-23T13:06:44+00:00","dateModified":"2023-10-23T13:25:58+00:00","breadcrumb":{"@id":"https:\/\/bien-etreiris.ch\/de\/produktpraesentation\/gesundes-leben\/nahrungsergaenzungsmittel\/pflanzenheilkunde-gleichgewicht-durch-heilpflanzen\/oxymel\/kraft\/#breadcrumb"},"inLanguage":"de","potentialAction":[{"@type":"ReadAction","target":["https:\/\/bien-etreiris.ch\/de\/produktpraesentation\/gesundes-leben\/nahrungsergaenzungsmittel\/pflanzenheilkunde-gleichgewicht-durch-heilpflanzen\/oxymel\/kraft\/"]}]},{"@type":"ImageObject","inLanguage":"de","@id":"https:\/\/bien-etreiris.ch\/de\/produktpraesentation\/gesundes-leben\/nahrungsergaenzungsmittel\/pflanzenheilkunde-gleichgewicht-durch-heilpflanzen\/oxymel\/kraft\/#primaryimage","url":"https:\/\/bien-etreiris.ch\/wp-content\/uploads\/2023\/10\/acceuil-force-1.jpg","contentUrl":"https:\/\/bien-etreiris.ch\/wp-content\/uploads\/2023\/10\/acceuil-force-1.jpg","width":500,"height":333},{"@type":"BreadcrumbList","@id":"https:\/\/bien-etreiris.ch\/de\/produktpraesentation\/gesundes-leben\/nahrungsergaenzungsmittel\/pflanzenheilkunde-gleichgewicht-durch-heilpflanzen\/oxymel\/kraft\/#breadcrumb","itemListElement":[{"@type":"ListItem","position":1,"name":"Home","item":"https:\/\/bien-etreiris.ch\/de\/"},{"@type":"ListItem","position":2,"name":"PRODUKTPR\u00c4SENTATION","item":"https:\/\/bien-etreiris.ch\/de\/produktpraesentation\/"},{"@type":"ListItem","position":3,"name":"GESUNDES LEBEN","item":"https:\/\/bien-etreiris.ch\/de\/produktpraesentation\/gesundes-leben\/"},{"@type":"ListItem","position":4,"name":"NAHRUNGSERG\u00c4NZUNG","item":"https:\/\/bien-etreiris.ch\/de\/produktpraesentation\/gesundes-leben\/nahrungsergaenzungsmittel\/"},{"@type":"ListItem","position":5,"name":"PFLANZENHEILKUNDE","item":"https:\/\/bien-etreiris.ch\/de\/produktpraesentation\/gesundes-leben\/nahrungsergaenzungsmittel\/pflanzenheilkunde-gleichgewicht-durch-heilpflanzen\/"},{"@type":"ListItem","position":6,"name":"OXYMEL","item":"https:\/\/bien-etreiris.ch\/de\/produktpraesentation\/gesundes-leben\/nahrungsergaenzungsmittel\/pflanzenheilkunde-gleichgewicht-durch-heilpflanzen\/oxymel\/"},{"@type":"ListItem","position":7,"name":"KRAFT"}]},{"@type":"WebSite","@id":"https:\/\/bien-etreiris.ch\/de\/#website","url":"https:\/\/bien-etreiris.ch\/de\/","name":"Bien-\u00eatre Iris","description":"IHRE Gesundheit ist uns wichtig","potentialAction":[{"@type":"SearchAction","target":{"@type":"EntryPoint","urlTemplate":"https:\/\/bien-etreiris.ch\/de\/?s={search_term_string}"},"query-input":{"@type":"PropertyValueSpecification","valueRequired":true,"valueName":"search_term_string"}}],"inLanguage":"de"}]}},"_links":{"self":[{"href":"https:\/\/bien-etreiris.ch\/de\/wp-json\/wp\/v2\/pages\/78175","targetHints":{"allow":["GET"]}}],"collection":[{"href":"https:\/\/bien-etreiris.ch\/de\/wp-json\/wp\/v2\/pages"}],"about":[{"href":"https:\/\/bien-etreiris.ch\/de\/wp-json\/wp\/v2\/types\/page"}],"author":[{"embeddable":true,"href":"https:\/\/bien-etreiris.ch\/de\/wp-json\/wp\/v2\/users\/1"}],"replies":[{"embeddable":true,"href":"https:\/\/bien-etreiris.ch\/de\/wp-json\/wp\/v2\/comments?post=78175"}],"version-history":[{"count":6,"href":"https:\/\/bien-etreiris.ch\/de\/wp-json\/wp\/v2\/pages\/78175\/revisions"}],"predecessor-version":[{"id":78198,"href":"https:\/\/bien-etreiris.ch\/de\/wp-json\/wp\/v2\/pages\/78175\/revisions\/78198"}],"up":[{"embeddable":true,"href":"https:\/\/bien-etreiris.ch\/de\/wp-json\/wp\/v2\/pages\/77616"}],"wp:featuredmedia":[{"embeddable":true,"href":"https:\/\/bien-etreiris.ch\/de\/wp-json\/wp\/v2\/media\/78186"}],"wp:attachment":[{"href":"https:\/\/bien-etreiris.ch\/de\/wp-json\/wp\/v2\/media?parent=78175"}],"curies":[{"name":"wp","href":"https:\/\/api.w.org\/{rel}","templated":true}]}}