{"id":78147,"date":"2023-10-23T12:35:30","date_gmt":"2023-10-23T10:35:30","guid":{"rendered":"https:\/\/bien-etreiris.ch\/produktpraesentation\/aromatherapie\/equilibre-des-pierres-precieuses\/edelsteinoele\/set-bien-etre\/"},"modified":"2023-10-23T12:35:51","modified_gmt":"2023-10-23T10:35:51","slug":"set-bien-etre","status":"publish","type":"page","link":"https:\/\/bien-etreiris.ch\/de\/produktpraesentation\/aromatherapie\/equilibre-des-pierres-precieuses\/edelsteinoele\/set-bien-etre\/","title":{"rendered":"SET BIEN-\u00caTRE"},"content":{"rendered":"<h2 class=\"product-info-title\">Huiles aux pierres pr\u00e9cieuses, Set bien-\u00eatre<\/h2>\n<p class=\"product-info-description\">Ce magnifique ensemble contient sept huiles aux pierres pr\u00e9cieuses en mini format de 10ml. Pour l\u2019essayer ou en faire cadeau il sera appr\u00e9ci\u00e9 par tout un chacun.<\/p>\n<p>&nbsp;<\/p>\n<p><a href=\"https:\/\/bien-etreiris.ch\/de\/produktpraesentation\/aromatherapie\/equilibre-des-pierres-precieuses\/edelsteinoele\/set-bien-etre\/set-5-2\/\" rel=\"attachment wp-att-78138\"><img loading=\"lazy\" decoding=\"async\" class=\"alignnone size-full wp-image-78138\" src=\"https:\/\/bien-etreiris.ch\/wp-content\/uploads\/2023\/10\/set.jpg\" alt=\"\" width=\"1220\" height=\"427\" srcset=\"https:\/\/bien-etreiris.ch\/wp-content\/uploads\/2023\/10\/set.jpg 1220w, https:\/\/bien-etreiris.ch\/wp-content\/uploads\/2023\/10\/set-300x105.jpg 300w, https:\/\/bien-etreiris.ch\/wp-content\/uploads\/2023\/10\/set-1024x358.jpg 1024w, https:\/\/bien-etreiris.ch\/wp-content\/uploads\/2023\/10\/set-768x269.jpg 768w\" sizes=\"auto, (max-width: 1220px) 100vw, 1220px\" \/><\/a><\/p>\n<table style=\"width: 100%;\" cellspacing=\"0\" cellpadding=\"0\">\n<tbody>\n<tr>\n<td class=\"ArtVarWertBez\" style=\"width: 18.5714%;\">Certification:<\/td>\n<td class=\"ArtVarWertWert\" style=\"width: 81.1905%;\">NaTrue Cosm\u00e9tique biologique certifi\u00e9e<\/td>\n<\/tr>\n<tr>\n<td class=\"ArtVarWertBez\" style=\"width: 18.5714%;\">Contenu:<\/td>\n<td class=\"ArtVarWertWert\" style=\"width: 81.1905%;\">7 x 10ml<\/td>\n<\/tr>\n<tr>\n<td class=\"ArtVarWertBez\" style=\"width: 18.5714%;\">Vegan:<\/td>\n<td class=\"ArtVarWertWert\" style=\"width: 81.1905%;\">oui<\/td>\n<\/tr>\n<tr>\n<td class=\"ArtVarWertBez\" style=\"width: 18.5714%;\">Description rapide:<\/td>\n<td class=\"ArtVarWertWert\" style=\"width: 81.1905%;\">Coffret cadeau contenant les sept huiles aux pierres pr\u00e9cieuses (s\u00e9curit\u00e9, joie de vivre, fontaine de jouvence, retrouver le flux, s\u00e9r\u00e9nit\u00e9, anti-stress, r\u00e9g\u00e9n\u00e9ration). \u00c0 essayer ou \u00e0 emporter.<\/td>\n<\/tr>\n<tr>\n<td class=\"ArtVarWertBez\" style=\"width: 18.5714%;\">Type de produit:<\/td>\n<td class=\"ArtVarWertWert\" style=\"width: 81.1905%;\">Set<\/td>\n<\/tr>\n<\/tbody>\n<\/table>\n","protected":false},"excerpt":{"rendered":"<p>Huiles aux pierres pr\u00e9cieuses, Set bien-\u00eatre Ce magnifique ensemble contient sept huiles aux pierres pr\u00e9cieuses en mini format de 10ml. Pour l\u2019essayer ou en faire cadeau il sera appr\u00e9ci\u00e9 par tout un chacun. &nbsp; Certification: NaTrue Cosm\u00e9tique biologique certifi\u00e9e Contenu: 7 x 10ml Vegan: oui Description rapide: Coffret cadeau contenant les sept huiles aux pierres pr\u00e9cieuses (s\u00e9curit\u00e9, joie de vivre,&nbsp;<a href=\"https:\/\/bien-etreiris.ch\/de\/produktpraesentation\/aromatherapie\/equilibre-des-pierres-precieuses\/edelsteinoele\/set-bien-etre\/\" class=\"read-more\">Weiter lesen<\/a><\/p>\n","protected":false},"author":1,"featured_media":78143,"parent":77932,"menu_order":2659,"comment_status":"closed","ping_status":"closed","template":"page-with-child.php","meta":{"_acf_changed":false,"ngg_post_thumbnail":0,"footnotes":""},"class_list":["post-78147","page","type-page","status-publish","has-post-thumbnail","hentry"],"acf":[],"yoast_head":"<!-- This site is optimized with the Yoast SEO plugin v27.4 - https:\/\/yoast.com\/product\/yoast-seo-wordpress\/ -->\n<title>SET BIEN-\u00caTRE - WOHLBEFINDEN<\/title>\n<meta name=\"robots\" content=\"index, follow, max-snippet:-1, max-image-preview:large, max-video-preview:-1\" \/>\n<link rel=\"canonical\" href=\"https:\/\/bien-etreiris.ch\/de\/produktpraesentation\/aromatherapie\/equilibre-des-pierres-precieuses\/edelsteinoele\/set-bien-etre\/\" \/>\n<meta property=\"og:locale\" content=\"de_DE\" \/>\n<meta property=\"og:type\" content=\"article\" \/>\n<meta property=\"og:title\" content=\"SET BIEN-\u00caTRE - WOHLBEFINDEN\" \/>\n<meta property=\"og:description\" content=\"Huiles aux pierres pr\u00e9cieuses, Set bien-\u00eatre Ce magnifique ensemble contient sept huiles aux pierres pr\u00e9cieuses en mini format de 10ml. Pour l\u2019essayer ou en faire cadeau il sera appr\u00e9ci\u00e9 par tout un chacun. &nbsp; Certification: NaTrue Cosm\u00e9tique biologique certifi\u00e9e Contenu: 7 x 10ml Vegan: oui Description rapide: Coffret cadeau contenant les sept huiles aux pierres pr\u00e9cieuses (s\u00e9curit\u00e9, joie de vivre,&nbsp;Weiter lesen\" \/>\n<meta property=\"og:url\" content=\"https:\/\/bien-etreiris.ch\/de\/produktpraesentation\/aromatherapie\/equilibre-des-pierres-precieuses\/edelsteinoele\/set-bien-etre\/\" \/>\n<meta property=\"og:site_name\" content=\"WOHLBEFINDEN\" \/>\n<meta property=\"article:publisher\" content=\"https:\/\/www.facebook.com\/bienetreiris\/\" \/>\n<meta property=\"article:modified_time\" content=\"2023-10-23T10:35:51+00:00\" \/>\n<meta property=\"og:image\" content=\"https:\/\/bien-etreiris.ch\/wp-content\/uploads\/2023\/10\/acceuil-set.jpg\" \/>\n\t<meta property=\"og:image:width\" content=\"500\" \/>\n\t<meta property=\"og:image:height\" content=\"175\" \/>\n\t<meta property=\"og:image:type\" content=\"image\/jpeg\" \/>\n<meta name=\"twitter:label1\" content=\"Gesch\u00e4tzte Lesezeit\" \/>\n\t<meta name=\"twitter:data1\" content=\"1\u00a0Minute\" \/>\n<script type=\"application\/ld+json\" class=\"yoast-schema-graph\">{\"@context\":\"https:\\\/\\\/schema.org\",\"@graph\":[{\"@type\":\"WebPage\",\"@id\":\"https:\\\/\\\/bien-etreiris.ch\\\/de\\\/produktpraesentation\\\/aromatherapie\\\/equilibre-des-pierres-precieuses\\\/edelsteinoele\\\/set-bien-etre\\\/\",\"url\":\"https:\\\/\\\/bien-etreiris.ch\\\/de\\\/produktpraesentation\\\/aromatherapie\\\/equilibre-des-pierres-precieuses\\\/edelsteinoele\\\/set-bien-etre\\\/\",\"name\":\"SET BIEN-\u00caTRE - WOHLBEFINDEN\",\"isPartOf\":{\"@id\":\"https:\\\/\\\/bien-etreiris.ch\\\/de\\\/#website\"},\"primaryImageOfPage\":{\"@id\":\"https:\\\/\\\/bien-etreiris.ch\\\/de\\\/produktpraesentation\\\/aromatherapie\\\/equilibre-des-pierres-precieuses\\\/edelsteinoele\\\/set-bien-etre\\\/#primaryimage\"},\"image\":{\"@id\":\"https:\\\/\\\/bien-etreiris.ch\\\/de\\\/produktpraesentation\\\/aromatherapie\\\/equilibre-des-pierres-precieuses\\\/edelsteinoele\\\/set-bien-etre\\\/#primaryimage\"},\"thumbnailUrl\":\"https:\\\/\\\/bien-etreiris.ch\\\/wp-content\\\/uploads\\\/2023\\\/10\\\/acceuil-set.jpg\",\"datePublished\":\"2023-10-23T10:35:30+00:00\",\"dateModified\":\"2023-10-23T10:35:51+00:00\",\"breadcrumb\":{\"@id\":\"https:\\\/\\\/bien-etreiris.ch\\\/de\\\/produktpraesentation\\\/aromatherapie\\\/equilibre-des-pierres-precieuses\\\/edelsteinoele\\\/set-bien-etre\\\/#breadcrumb\"},\"inLanguage\":\"de\",\"potentialAction\":[{\"@type\":\"ReadAction\",\"target\":[\"https:\\\/\\\/bien-etreiris.ch\\\/de\\\/produktpraesentation\\\/aromatherapie\\\/equilibre-des-pierres-precieuses\\\/edelsteinoele\\\/set-bien-etre\\\/\"]}]},{\"@type\":\"ImageObject\",\"inLanguage\":\"de\",\"@id\":\"https:\\\/\\\/bien-etreiris.ch\\\/de\\\/produktpraesentation\\\/aromatherapie\\\/equilibre-des-pierres-precieuses\\\/edelsteinoele\\\/set-bien-etre\\\/#primaryimage\",\"url\":\"https:\\\/\\\/bien-etreiris.ch\\\/wp-content\\\/uploads\\\/2023\\\/10\\\/acceuil-set.jpg\",\"contentUrl\":\"https:\\\/\\\/bien-etreiris.ch\\\/wp-content\\\/uploads\\\/2023\\\/10\\\/acceuil-set.jpg\",\"width\":500,\"height\":175},{\"@type\":\"BreadcrumbList\",\"@id\":\"https:\\\/\\\/bien-etreiris.ch\\\/de\\\/produktpraesentation\\\/aromatherapie\\\/equilibre-des-pierres-precieuses\\\/edelsteinoele\\\/set-bien-etre\\\/#breadcrumb\",\"itemListElement\":[{\"@type\":\"ListItem\",\"position\":1,\"name\":\"Home\",\"item\":\"https:\\\/\\\/bien-etreiris.ch\\\/de\\\/\"},{\"@type\":\"ListItem\",\"position\":2,\"name\":\"PRODUKTPR\u00c4SENTATION\",\"item\":\"https:\\\/\\\/bien-etreiris.ch\\\/de\\\/produktpraesentation\\\/\"},{\"@type\":\"ListItem\",\"position\":3,\"name\":\"AROMATHERAPIE\",\"item\":\"https:\\\/\\\/bien-etreiris.ch\\\/de\\\/produktpraesentation\\\/aromatherapie\\\/\"},{\"@type\":\"ListItem\",\"position\":4,\"name\":\"BALANCE DES PIERRES\",\"item\":\"https:\\\/\\\/bien-etreiris.ch\\\/de\\\/produktpraesentation\\\/aromatherapie\\\/equilibre-des-pierres-precieuses\\\/\"},{\"@type\":\"ListItem\",\"position\":5,\"name\":\"EDELSTEIN\u00d6LE\",\"item\":\"https:\\\/\\\/bien-etreiris.ch\\\/de\\\/produktpraesentation\\\/aromatherapie\\\/equilibre-des-pierres-precieuses\\\/edelsteinoele\\\/\"},{\"@type\":\"ListItem\",\"position\":6,\"name\":\"SET BIEN-\u00caTRE\"}]},{\"@type\":\"WebSite\",\"@id\":\"https:\\\/\\\/bien-etreiris.ch\\\/de\\\/#website\",\"url\":\"https:\\\/\\\/bien-etreiris.ch\\\/de\\\/\",\"name\":\"Bien-\u00eatre Iris\",\"description\":\"IHRE Gesundheit ist uns wichtig\",\"potentialAction\":[{\"@type\":\"SearchAction\",\"target\":{\"@type\":\"EntryPoint\",\"urlTemplate\":\"https:\\\/\\\/bien-etreiris.ch\\\/de\\\/?s={search_term_string}\"},\"query-input\":{\"@type\":\"PropertyValueSpecification\",\"valueRequired\":true,\"valueName\":\"search_term_string\"}}],\"inLanguage\":\"de\"}]}<\/script>\n<!-- \/ Yoast SEO plugin. -->","yoast_head_json":{"title":"SET BIEN-\u00caTRE - WOHLBEFINDEN","robots":{"index":"index","follow":"follow","max-snippet":"max-snippet:-1","max-image-preview":"max-image-preview:large","max-video-preview":"max-video-preview:-1"},"canonical":"https:\/\/bien-etreiris.ch\/de\/produktpraesentation\/aromatherapie\/equilibre-des-pierres-precieuses\/edelsteinoele\/set-bien-etre\/","og_locale":"de_DE","og_type":"article","og_title":"SET BIEN-\u00caTRE - WOHLBEFINDEN","og_description":"Huiles aux pierres pr\u00e9cieuses, Set bien-\u00eatre Ce magnifique ensemble contient sept huiles aux pierres pr\u00e9cieuses en mini format de 10ml. Pour l\u2019essayer ou en faire cadeau il sera appr\u00e9ci\u00e9 par tout un chacun. &nbsp; Certification: NaTrue Cosm\u00e9tique biologique certifi\u00e9e Contenu: 7 x 10ml Vegan: oui Description rapide: Coffret cadeau contenant les sept huiles aux pierres pr\u00e9cieuses (s\u00e9curit\u00e9, joie de vivre,&nbsp;Weiter lesen","og_url":"https:\/\/bien-etreiris.ch\/de\/produktpraesentation\/aromatherapie\/equilibre-des-pierres-precieuses\/edelsteinoele\/set-bien-etre\/","og_site_name":"WOHLBEFINDEN","article_publisher":"https:\/\/www.facebook.com\/bienetreiris\/","article_modified_time":"2023-10-23T10:35:51+00:00","og_image":[{"width":500,"height":175,"url":"https:\/\/bien-etreiris.ch\/wp-content\/uploads\/2023\/10\/acceuil-set.jpg","type":"image\/jpeg"}],"twitter_misc":{"Gesch\u00e4tzte Lesezeit":"1\u00a0Minute"},"schema":{"@context":"https:\/\/schema.org","@graph":[{"@type":"WebPage","@id":"https:\/\/bien-etreiris.ch\/de\/produktpraesentation\/aromatherapie\/equilibre-des-pierres-precieuses\/edelsteinoele\/set-bien-etre\/","url":"https:\/\/bien-etreiris.ch\/de\/produktpraesentation\/aromatherapie\/equilibre-des-pierres-precieuses\/edelsteinoele\/set-bien-etre\/","name":"SET BIEN-\u00caTRE - WOHLBEFINDEN","isPartOf":{"@id":"https:\/\/bien-etreiris.ch\/de\/#website"},"primaryImageOfPage":{"@id":"https:\/\/bien-etreiris.ch\/de\/produktpraesentation\/aromatherapie\/equilibre-des-pierres-precieuses\/edelsteinoele\/set-bien-etre\/#primaryimage"},"image":{"@id":"https:\/\/bien-etreiris.ch\/de\/produktpraesentation\/aromatherapie\/equilibre-des-pierres-precieuses\/edelsteinoele\/set-bien-etre\/#primaryimage"},"thumbnailUrl":"https:\/\/bien-etreiris.ch\/wp-content\/uploads\/2023\/10\/acceuil-set.jpg","datePublished":"2023-10-23T10:35:30+00:00","dateModified":"2023-10-23T10:35:51+00:00","breadcrumb":{"@id":"https:\/\/bien-etreiris.ch\/de\/produktpraesentation\/aromatherapie\/equilibre-des-pierres-precieuses\/edelsteinoele\/set-bien-etre\/#breadcrumb"},"inLanguage":"de","potentialAction":[{"@type":"ReadAction","target":["https:\/\/bien-etreiris.ch\/de\/produktpraesentation\/aromatherapie\/equilibre-des-pierres-precieuses\/edelsteinoele\/set-bien-etre\/"]}]},{"@type":"ImageObject","inLanguage":"de","@id":"https:\/\/bien-etreiris.ch\/de\/produktpraesentation\/aromatherapie\/equilibre-des-pierres-precieuses\/edelsteinoele\/set-bien-etre\/#primaryimage","url":"https:\/\/bien-etreiris.ch\/wp-content\/uploads\/2023\/10\/acceuil-set.jpg","contentUrl":"https:\/\/bien-etreiris.ch\/wp-content\/uploads\/2023\/10\/acceuil-set.jpg","width":500,"height":175},{"@type":"BreadcrumbList","@id":"https:\/\/bien-etreiris.ch\/de\/produktpraesentation\/aromatherapie\/equilibre-des-pierres-precieuses\/edelsteinoele\/set-bien-etre\/#breadcrumb","itemListElement":[{"@type":"ListItem","position":1,"name":"Home","item":"https:\/\/bien-etreiris.ch\/de\/"},{"@type":"ListItem","position":2,"name":"PRODUKTPR\u00c4SENTATION","item":"https:\/\/bien-etreiris.ch\/de\/produktpraesentation\/"},{"@type":"ListItem","position":3,"name":"AROMATHERAPIE","item":"https:\/\/bien-etreiris.ch\/de\/produktpraesentation\/aromatherapie\/"},{"@type":"ListItem","position":4,"name":"BALANCE DES PIERRES","item":"https:\/\/bien-etreiris.ch\/de\/produktpraesentation\/aromatherapie\/equilibre-des-pierres-precieuses\/"},{"@type":"ListItem","position":5,"name":"EDELSTEIN\u00d6LE","item":"https:\/\/bien-etreiris.ch\/de\/produktpraesentation\/aromatherapie\/equilibre-des-pierres-precieuses\/edelsteinoele\/"},{"@type":"ListItem","position":6,"name":"SET BIEN-\u00caTRE"}]},{"@type":"WebSite","@id":"https:\/\/bien-etreiris.ch\/de\/#website","url":"https:\/\/bien-etreiris.ch\/de\/","name":"Bien-\u00eatre Iris","description":"IHRE Gesundheit ist uns wichtig","potentialAction":[{"@type":"SearchAction","target":{"@type":"EntryPoint","urlTemplate":"https:\/\/bien-etreiris.ch\/de\/?s={search_term_string}"},"query-input":{"@type":"PropertyValueSpecification","valueRequired":true,"valueName":"search_term_string"}}],"inLanguage":"de"}]}},"_links":{"self":[{"href":"https:\/\/bien-etreiris.ch\/de\/wp-json\/wp\/v2\/pages\/78147","targetHints":{"allow":["GET"]}}],"collection":[{"href":"https:\/\/bien-etreiris.ch\/de\/wp-json\/wp\/v2\/pages"}],"about":[{"href":"https:\/\/bien-etreiris.ch\/de\/wp-json\/wp\/v2\/types\/page"}],"author":[{"embeddable":true,"href":"https:\/\/bien-etreiris.ch\/de\/wp-json\/wp\/v2\/users\/1"}],"replies":[{"embeddable":true,"href":"https:\/\/bien-etreiris.ch\/de\/wp-json\/wp\/v2\/comments?post=78147"}],"version-history":[{"count":2,"href":"https:\/\/bien-etreiris.ch\/de\/wp-json\/wp\/v2\/pages\/78147\/revisions"}],"predecessor-version":[{"id":78153,"href":"https:\/\/bien-etreiris.ch\/de\/wp-json\/wp\/v2\/pages\/78147\/revisions\/78153"}],"up":[{"embeddable":true,"href":"https:\/\/bien-etreiris.ch\/de\/wp-json\/wp\/v2\/pages\/77932"}],"wp:featuredmedia":[{"embeddable":true,"href":"https:\/\/bien-etreiris.ch\/de\/wp-json\/wp\/v2\/media\/78143"}],"wp:attachment":[{"href":"https:\/\/bien-etreiris.ch\/de\/wp-json\/wp\/v2\/media?parent=78147"}],"curies":[{"name":"wp","href":"https:\/\/api.w.org\/{rel}","templated":true}]}}