{"id":78007,"date":"2023-10-23T08:13:26","date_gmt":"2023-10-23T06:13:26","guid":{"rendered":"https:\/\/bien-etreiris.ch\/produktpraesentation\/aromatherapie\/balance-des-pierres-precieuses\/edelsteinoele\/regeneration\/"},"modified":"2023-10-23T12:21:42","modified_gmt":"2023-10-23T10:21:42","slug":"regeneration","status":"publish","type":"page","link":"https:\/\/bien-etreiris.ch\/de\/produktpraesentation\/aromatherapie\/equilibre-des-pierres-precieuses\/edelsteinoele\/regeneration\/","title":{"rendered":"REGENERATION"},"content":{"rendered":"<h2 class=\"product-info-title\">Huile aux pierres pr\u00e9cieuses R\u00e9g\u00e9n\u00e9ration<\/h2>\n<p><a href=\"https:\/\/bien-etreiris.ch\/presentations-des-produits\/aromatherapie\/balance-des-pierres-precieuses\/huiles-des-pierres-precieuses\/regeneration\/regeneration\/\" rel=\"attachment wp-att-77998\"><img loading=\"lazy\" decoding=\"async\" class=\"wp-image-77998 alignleft\" src=\"https:\/\/bien-etreiris.ch\/wp-content\/uploads\/2023\/10\/Regeneration.jpg\" alt=\"\" width=\"305\" height=\"739\" srcset=\"https:\/\/bien-etreiris.ch\/wp-content\/uploads\/2023\/10\/Regeneration.jpg 429w, https:\/\/bien-etreiris.ch\/wp-content\/uploads\/2023\/10\/Regeneration-124x300.jpg 124w, https:\/\/bien-etreiris.ch\/wp-content\/uploads\/2023\/10\/Regeneration-422x1024.jpg 422w\" sizes=\"auto, (max-width: 305px) 100vw, 305px\" \/><\/a><\/p>\n<p>&nbsp;<\/p>\n<p>&nbsp;<\/p>\n<p>&nbsp;<\/p>\n<p>&nbsp;<\/p>\n<p>&nbsp;<\/p>\n<p>&nbsp;<\/p>\n<p>&nbsp;<\/p>\n<p>&nbsp;<\/p>\n<p>&nbsp;<\/p>\n<p>&nbsp;<\/p>\n<p>&nbsp;<\/p>\n<p>&nbsp;<\/p>\n<p>&nbsp;<\/p>\n<p>&nbsp;<\/p>\n<p>&nbsp;<\/p>\n<table cellspacing=\"0\" cellpadding=\"0\">\n<tbody>\n<tr>\n<td class=\"ArtVarWertBez\">Certification:<\/td>\n<td class=\"ArtVarWertWert\">NaTrue Cosm\u00e9tique biologique certifi\u00e9e<\/td>\n<\/tr>\n<tr>\n<td class=\"ArtVarWertBez\">Contenu:<\/td>\n<td class=\"ArtVarWertWert\">100ml<\/td>\n<\/tr>\n<tr>\n<td class=\"ArtVarWertBez\">Vegan:<\/td>\n<td class=\"ArtVarWertWert\">oui<\/td>\n<\/tr>\n<tr>\n<td class=\"ArtVarWertBez\">Test\u00e9 dermatologiquement<\/td>\n<td class=\"ArtVarWertWert\">oui<\/td>\n<\/tr>\n<tr>\n<td class=\"ArtVarWertBez\">Description rapide:<\/td>\n<td class=\"ArtVarWertWert\">apporte l'\u00e9nergie n\u00e9cessaire pour se remettre sur pied. Il renforce la r\u00e9g\u00e9n\u00e9ration et rend performant. Bien utilisable pour surmonter les crises et affronter la vie avec joie.<\/td>\n<\/tr>\n<tr>\n<td>Bouteille en verre<\/td>\n<td><strong>CHF<\/strong><\/td>\n<\/tr>\n<\/tbody>\n<\/table>\n<p>&nbsp;<\/p>\n<p>&nbsp;<\/p>\n<p>Mac\u00e9ration d\u2018\u00e9pidote, agate oc\u00e9an, rubis-zo\u00efsite et d\u2018huiles essentielles de ravintsara, myrte, litsea cubeba dans l\u2018huile de Jojoba. Renforce la r\u00e9g\u00e9n\u00e9ration, rend productif et disponible. S\u2019emploie pour surmonter les crises et voir la vie du bon c\u00f4t\u00e9. Pour renforcer l\u2019action de l\u2019huile il y a une petite \u00e9pidote dans chaque bouteille. Cette huile de pierre pr\u00e9cieuse est produite selon un processus \u00e9labor\u00e9 et prot\u00e9g\u00e9.<\/p>\n<p>&nbsp;<\/p>\n<h2>Application<\/h2>\n<h4>Huile corporelle:<\/h4>\n<p>Comme soin apr\u00e8s la douche, sur la peau encore humide. P\u00e9n\u00e8tre rapidement dans la peau tout en la parfumant.<\/p>\n<h4>Huile pour le visage:<\/h4>\n<p>Effet \u00e9galisant pour tous types de peau. P\u00e9n\u00e8tre rapidement dans la peau et la rend douce comme de la soie.<\/p>\n<h4>Huile pour le bain:<\/h4>\n<p>Gr\u00e2ce \u00e0 la chaleur de l\u2019eau, les huiles ont une action bienfaisante. Pour un bain, deux cuill\u00e8res \u00e0 soupe suffisent. De plus, la peau, devenue tendre et soyeuse, ne n\u00e9cessite pas de traitement suppl\u00e9mentaire.<\/p>\n<h4>Huile de massage:<\/h4>\n<p>Les huiles aux pierres pr\u00e9cieuses peuvent \u00eatre utilis\u00e9es comme n'importe quelle huile de massage.<\/p>\n","protected":false},"excerpt":{"rendered":"<p>Huile aux pierres pr\u00e9cieuses R\u00e9g\u00e9n\u00e9ration &nbsp; &nbsp; &nbsp; &nbsp; &nbsp; &nbsp; &nbsp; &nbsp; &nbsp; &nbsp; &nbsp; &nbsp; &nbsp; &nbsp; &nbsp; Certification: NaTrue Cosm\u00e9tique biologique certifi\u00e9e Contenu: 100ml Vegan: oui Test\u00e9 dermatologiquement oui Description rapide: apporte l'\u00e9nergie n\u00e9cessaire pour se remettre sur pied. Il renforce la r\u00e9g\u00e9n\u00e9ration et rend performant. Bien utilisable pour surmonter les crises et affronter la vie avec&nbsp;<a href=\"https:\/\/bien-etreiris.ch\/de\/produktpraesentation\/aromatherapie\/equilibre-des-pierres-precieuses\/edelsteinoele\/regeneration\/\" class=\"read-more\">Weiter lesen<\/a><\/p>\n","protected":false},"author":1,"featured_media":78003,"parent":77932,"menu_order":2673,"comment_status":"closed","ping_status":"closed","template":"page-with-child.php","meta":{"_acf_changed":false,"ngg_post_thumbnail":0,"footnotes":""},"class_list":["post-78007","page","type-page","status-publish","has-post-thumbnail","hentry"],"acf":[],"yoast_head":"<!-- This site is optimized with the Yoast SEO plugin v27.4 - https:\/\/yoast.com\/product\/yoast-seo-wordpress\/ -->\n<title>REGENERATION - WOHLBEFINDEN<\/title>\n<meta name=\"robots\" content=\"index, follow, max-snippet:-1, max-image-preview:large, max-video-preview:-1\" \/>\n<link rel=\"canonical\" href=\"https:\/\/bien-etreiris.ch\/de\/produktpraesentation\/aromatherapie\/equilibre-des-pierres-precieuses\/edelsteinoele\/regeneration\/\" \/>\n<meta property=\"og:locale\" content=\"de_DE\" \/>\n<meta property=\"og:type\" content=\"article\" \/>\n<meta property=\"og:title\" content=\"REGENERATION - WOHLBEFINDEN\" \/>\n<meta property=\"og:description\" content=\"Huile aux pierres pr\u00e9cieuses R\u00e9g\u00e9n\u00e9ration &nbsp; &nbsp; &nbsp; &nbsp; &nbsp; &nbsp; &nbsp; &nbsp; &nbsp; &nbsp; &nbsp; &nbsp; &nbsp; &nbsp; &nbsp; Certification: NaTrue Cosm\u00e9tique biologique certifi\u00e9e Contenu: 100ml Vegan: oui Test\u00e9 dermatologiquement oui Description rapide: apporte l&#039;\u00e9nergie n\u00e9cessaire pour se remettre sur pied. Il renforce la r\u00e9g\u00e9n\u00e9ration et rend performant. Bien utilisable pour surmonter les crises et affronter la vie avec&nbsp;Weiter lesen\" \/>\n<meta property=\"og:url\" content=\"https:\/\/bien-etreiris.ch\/de\/produktpraesentation\/aromatherapie\/equilibre-des-pierres-precieuses\/edelsteinoele\/regeneration\/\" \/>\n<meta property=\"og:site_name\" content=\"WOHLBEFINDEN\" \/>\n<meta property=\"article:publisher\" content=\"https:\/\/www.facebook.com\/bienetreiris\/\" \/>\n<meta property=\"article:modified_time\" content=\"2023-10-23T10:21:42+00:00\" \/>\n<meta property=\"og:image\" content=\"https:\/\/bien-etreiris.ch\/wp-content\/uploads\/2023\/10\/acceuil-Regeneration.jpg\" \/>\n\t<meta property=\"og:image:width\" content=\"500\" \/>\n\t<meta property=\"og:image:height\" content=\"333\" \/>\n\t<meta property=\"og:image:type\" content=\"image\/jpeg\" \/>\n<meta name=\"twitter:label1\" content=\"Gesch\u00e4tzte Lesezeit\" \/>\n\t<meta name=\"twitter:data1\" content=\"2\u00a0Minuten\" \/>\n<script type=\"application\/ld+json\" class=\"yoast-schema-graph\">{\"@context\":\"https:\\\/\\\/schema.org\",\"@graph\":[{\"@type\":\"WebPage\",\"@id\":\"https:\\\/\\\/bien-etreiris.ch\\\/de\\\/produktpraesentation\\\/aromatherapie\\\/equilibre-des-pierres-precieuses\\\/edelsteinoele\\\/regeneration\\\/\",\"url\":\"https:\\\/\\\/bien-etreiris.ch\\\/de\\\/produktpraesentation\\\/aromatherapie\\\/equilibre-des-pierres-precieuses\\\/edelsteinoele\\\/regeneration\\\/\",\"name\":\"REGENERATION - WOHLBEFINDEN\",\"isPartOf\":{\"@id\":\"https:\\\/\\\/bien-etreiris.ch\\\/de\\\/#website\"},\"primaryImageOfPage\":{\"@id\":\"https:\\\/\\\/bien-etreiris.ch\\\/de\\\/produktpraesentation\\\/aromatherapie\\\/equilibre-des-pierres-precieuses\\\/edelsteinoele\\\/regeneration\\\/#primaryimage\"},\"image\":{\"@id\":\"https:\\\/\\\/bien-etreiris.ch\\\/de\\\/produktpraesentation\\\/aromatherapie\\\/equilibre-des-pierres-precieuses\\\/edelsteinoele\\\/regeneration\\\/#primaryimage\"},\"thumbnailUrl\":\"https:\\\/\\\/bien-etreiris.ch\\\/wp-content\\\/uploads\\\/2023\\\/10\\\/acceuil-Regeneration.jpg\",\"datePublished\":\"2023-10-23T06:13:26+00:00\",\"dateModified\":\"2023-10-23T10:21:42+00:00\",\"breadcrumb\":{\"@id\":\"https:\\\/\\\/bien-etreiris.ch\\\/de\\\/produktpraesentation\\\/aromatherapie\\\/equilibre-des-pierres-precieuses\\\/edelsteinoele\\\/regeneration\\\/#breadcrumb\"},\"inLanguage\":\"de\",\"potentialAction\":[{\"@type\":\"ReadAction\",\"target\":[\"https:\\\/\\\/bien-etreiris.ch\\\/de\\\/produktpraesentation\\\/aromatherapie\\\/equilibre-des-pierres-precieuses\\\/edelsteinoele\\\/regeneration\\\/\"]}]},{\"@type\":\"ImageObject\",\"inLanguage\":\"de\",\"@id\":\"https:\\\/\\\/bien-etreiris.ch\\\/de\\\/produktpraesentation\\\/aromatherapie\\\/equilibre-des-pierres-precieuses\\\/edelsteinoele\\\/regeneration\\\/#primaryimage\",\"url\":\"https:\\\/\\\/bien-etreiris.ch\\\/wp-content\\\/uploads\\\/2023\\\/10\\\/acceuil-Regeneration.jpg\",\"contentUrl\":\"https:\\\/\\\/bien-etreiris.ch\\\/wp-content\\\/uploads\\\/2023\\\/10\\\/acceuil-Regeneration.jpg\",\"width\":500,\"height\":333},{\"@type\":\"BreadcrumbList\",\"@id\":\"https:\\\/\\\/bien-etreiris.ch\\\/de\\\/produktpraesentation\\\/aromatherapie\\\/equilibre-des-pierres-precieuses\\\/edelsteinoele\\\/regeneration\\\/#breadcrumb\",\"itemListElement\":[{\"@type\":\"ListItem\",\"position\":1,\"name\":\"Home\",\"item\":\"https:\\\/\\\/bien-etreiris.ch\\\/de\\\/\"},{\"@type\":\"ListItem\",\"position\":2,\"name\":\"PRODUKTPR\u00c4SENTATION\",\"item\":\"https:\\\/\\\/bien-etreiris.ch\\\/de\\\/produktpraesentation\\\/\"},{\"@type\":\"ListItem\",\"position\":3,\"name\":\"AROMATHERAPIE\",\"item\":\"https:\\\/\\\/bien-etreiris.ch\\\/de\\\/produktpraesentation\\\/aromatherapie\\\/\"},{\"@type\":\"ListItem\",\"position\":4,\"name\":\"BALANCE DES PIERRES\",\"item\":\"https:\\\/\\\/bien-etreiris.ch\\\/de\\\/produktpraesentation\\\/aromatherapie\\\/equilibre-des-pierres-precieuses\\\/\"},{\"@type\":\"ListItem\",\"position\":5,\"name\":\"EDELSTEIN\u00d6LE\",\"item\":\"https:\\\/\\\/bien-etreiris.ch\\\/de\\\/produktpraesentation\\\/aromatherapie\\\/equilibre-des-pierres-precieuses\\\/edelsteinoele\\\/\"},{\"@type\":\"ListItem\",\"position\":6,\"name\":\"REGENERATION\"}]},{\"@type\":\"WebSite\",\"@id\":\"https:\\\/\\\/bien-etreiris.ch\\\/de\\\/#website\",\"url\":\"https:\\\/\\\/bien-etreiris.ch\\\/de\\\/\",\"name\":\"Bien-\u00eatre Iris\",\"description\":\"IHRE Gesundheit ist uns wichtig\",\"potentialAction\":[{\"@type\":\"SearchAction\",\"target\":{\"@type\":\"EntryPoint\",\"urlTemplate\":\"https:\\\/\\\/bien-etreiris.ch\\\/de\\\/?s={search_term_string}\"},\"query-input\":{\"@type\":\"PropertyValueSpecification\",\"valueRequired\":true,\"valueName\":\"search_term_string\"}}],\"inLanguage\":\"de\"}]}<\/script>\n<!-- \/ Yoast SEO plugin. -->","yoast_head_json":{"title":"REGENERATION - WOHLBEFINDEN","robots":{"index":"index","follow":"follow","max-snippet":"max-snippet:-1","max-image-preview":"max-image-preview:large","max-video-preview":"max-video-preview:-1"},"canonical":"https:\/\/bien-etreiris.ch\/de\/produktpraesentation\/aromatherapie\/equilibre-des-pierres-precieuses\/edelsteinoele\/regeneration\/","og_locale":"de_DE","og_type":"article","og_title":"REGENERATION - WOHLBEFINDEN","og_description":"Huile aux pierres pr\u00e9cieuses R\u00e9g\u00e9n\u00e9ration &nbsp; &nbsp; &nbsp; &nbsp; &nbsp; &nbsp; &nbsp; &nbsp; &nbsp; &nbsp; &nbsp; &nbsp; &nbsp; &nbsp; &nbsp; Certification: NaTrue Cosm\u00e9tique biologique certifi\u00e9e Contenu: 100ml Vegan: oui Test\u00e9 dermatologiquement oui Description rapide: apporte l'\u00e9nergie n\u00e9cessaire pour se remettre sur pied. Il renforce la r\u00e9g\u00e9n\u00e9ration et rend performant. Bien utilisable pour surmonter les crises et affronter la vie avec&nbsp;Weiter lesen","og_url":"https:\/\/bien-etreiris.ch\/de\/produktpraesentation\/aromatherapie\/equilibre-des-pierres-precieuses\/edelsteinoele\/regeneration\/","og_site_name":"WOHLBEFINDEN","article_publisher":"https:\/\/www.facebook.com\/bienetreiris\/","article_modified_time":"2023-10-23T10:21:42+00:00","og_image":[{"width":500,"height":333,"url":"https:\/\/bien-etreiris.ch\/wp-content\/uploads\/2023\/10\/acceuil-Regeneration.jpg","type":"image\/jpeg"}],"twitter_misc":{"Gesch\u00e4tzte Lesezeit":"2\u00a0Minuten"},"schema":{"@context":"https:\/\/schema.org","@graph":[{"@type":"WebPage","@id":"https:\/\/bien-etreiris.ch\/de\/produktpraesentation\/aromatherapie\/equilibre-des-pierres-precieuses\/edelsteinoele\/regeneration\/","url":"https:\/\/bien-etreiris.ch\/de\/produktpraesentation\/aromatherapie\/equilibre-des-pierres-precieuses\/edelsteinoele\/regeneration\/","name":"REGENERATION - WOHLBEFINDEN","isPartOf":{"@id":"https:\/\/bien-etreiris.ch\/de\/#website"},"primaryImageOfPage":{"@id":"https:\/\/bien-etreiris.ch\/de\/produktpraesentation\/aromatherapie\/equilibre-des-pierres-precieuses\/edelsteinoele\/regeneration\/#primaryimage"},"image":{"@id":"https:\/\/bien-etreiris.ch\/de\/produktpraesentation\/aromatherapie\/equilibre-des-pierres-precieuses\/edelsteinoele\/regeneration\/#primaryimage"},"thumbnailUrl":"https:\/\/bien-etreiris.ch\/wp-content\/uploads\/2023\/10\/acceuil-Regeneration.jpg","datePublished":"2023-10-23T06:13:26+00:00","dateModified":"2023-10-23T10:21:42+00:00","breadcrumb":{"@id":"https:\/\/bien-etreiris.ch\/de\/produktpraesentation\/aromatherapie\/equilibre-des-pierres-precieuses\/edelsteinoele\/regeneration\/#breadcrumb"},"inLanguage":"de","potentialAction":[{"@type":"ReadAction","target":["https:\/\/bien-etreiris.ch\/de\/produktpraesentation\/aromatherapie\/equilibre-des-pierres-precieuses\/edelsteinoele\/regeneration\/"]}]},{"@type":"ImageObject","inLanguage":"de","@id":"https:\/\/bien-etreiris.ch\/de\/produktpraesentation\/aromatherapie\/equilibre-des-pierres-precieuses\/edelsteinoele\/regeneration\/#primaryimage","url":"https:\/\/bien-etreiris.ch\/wp-content\/uploads\/2023\/10\/acceuil-Regeneration.jpg","contentUrl":"https:\/\/bien-etreiris.ch\/wp-content\/uploads\/2023\/10\/acceuil-Regeneration.jpg","width":500,"height":333},{"@type":"BreadcrumbList","@id":"https:\/\/bien-etreiris.ch\/de\/produktpraesentation\/aromatherapie\/equilibre-des-pierres-precieuses\/edelsteinoele\/regeneration\/#breadcrumb","itemListElement":[{"@type":"ListItem","position":1,"name":"Home","item":"https:\/\/bien-etreiris.ch\/de\/"},{"@type":"ListItem","position":2,"name":"PRODUKTPR\u00c4SENTATION","item":"https:\/\/bien-etreiris.ch\/de\/produktpraesentation\/"},{"@type":"ListItem","position":3,"name":"AROMATHERAPIE","item":"https:\/\/bien-etreiris.ch\/de\/produktpraesentation\/aromatherapie\/"},{"@type":"ListItem","position":4,"name":"BALANCE DES PIERRES","item":"https:\/\/bien-etreiris.ch\/de\/produktpraesentation\/aromatherapie\/equilibre-des-pierres-precieuses\/"},{"@type":"ListItem","position":5,"name":"EDELSTEIN\u00d6LE","item":"https:\/\/bien-etreiris.ch\/de\/produktpraesentation\/aromatherapie\/equilibre-des-pierres-precieuses\/edelsteinoele\/"},{"@type":"ListItem","position":6,"name":"REGENERATION"}]},{"@type":"WebSite","@id":"https:\/\/bien-etreiris.ch\/de\/#website","url":"https:\/\/bien-etreiris.ch\/de\/","name":"Bien-\u00eatre Iris","description":"IHRE Gesundheit ist uns wichtig","potentialAction":[{"@type":"SearchAction","target":{"@type":"EntryPoint","urlTemplate":"https:\/\/bien-etreiris.ch\/de\/?s={search_term_string}"},"query-input":{"@type":"PropertyValueSpecification","valueRequired":true,"valueName":"search_term_string"}}],"inLanguage":"de"}]}},"_links":{"self":[{"href":"https:\/\/bien-etreiris.ch\/de\/wp-json\/wp\/v2\/pages\/78007","targetHints":{"allow":["GET"]}}],"collection":[{"href":"https:\/\/bien-etreiris.ch\/de\/wp-json\/wp\/v2\/pages"}],"about":[{"href":"https:\/\/bien-etreiris.ch\/de\/wp-json\/wp\/v2\/types\/page"}],"author":[{"embeddable":true,"href":"https:\/\/bien-etreiris.ch\/de\/wp-json\/wp\/v2\/users\/1"}],"replies":[{"embeddable":true,"href":"https:\/\/bien-etreiris.ch\/de\/wp-json\/wp\/v2\/comments?post=78007"}],"version-history":[{"count":5,"href":"https:\/\/bien-etreiris.ch\/de\/wp-json\/wp\/v2\/pages\/78007\/revisions"}],"predecessor-version":[{"id":78125,"href":"https:\/\/bien-etreiris.ch\/de\/wp-json\/wp\/v2\/pages\/78007\/revisions\/78125"}],"up":[{"embeddable":true,"href":"https:\/\/bien-etreiris.ch\/de\/wp-json\/wp\/v2\/pages\/77932"}],"wp:featuredmedia":[{"embeddable":true,"href":"https:\/\/bien-etreiris.ch\/de\/wp-json\/wp\/v2\/media\/78003"}],"wp:attachment":[{"href":"https:\/\/bien-etreiris.ch\/de\/wp-json\/wp\/v2\/media?parent=78007"}],"curies":[{"name":"wp","href":"https:\/\/api.w.org\/{rel}","templated":true}]}}