{"id":77888,"date":"2023-10-22T12:12:42","date_gmt":"2023-10-22T10:12:42","guid":{"rendered":"https:\/\/bien-etreiris.ch\/unsere-marken\/kruut\/"},"modified":"2023-10-22T12:51:28","modified_gmt":"2023-10-22T10:51:28","slug":"kruut","status":"publish","type":"page","link":"https:\/\/bien-etreiris.ch\/de\/unsere-marken\/kruut\/","title":{"rendered":"KRUUT"},"content":{"rendered":"<h2>Kruut<\/h2>\n<h4>Oxymel roh<\/h4>\n<p>Oxymel [Oxy = S\u00e4ure; Mel = Honig] ist eine von Generation zu Generation weitergegebene Tinktur aus rohem Honig, naturtr\u00fcbem Apfelessig und einer Auswahl an lokalen Wildkr\u00e4utern. Dank der hohen Extraktionskraft der Grundzutaten bleiben die wertvollen Pflanzenstoffe in Oxymel erhalten.<\/p>\n<p>Die alten Griechen stellten dieses Elixier bereits vor \u00fcber 3000 Jahren her.<\/p>\n<p>Dioskurides trank bereits goldenes Oxymel und die r\u00f6mischen Legion\u00e4re st\u00e4rkten sich auf langen Reisen mit diesem nat\u00fcrlichen Elixier. Und auch Hildegard von Bingen wusste das Rezept zu sch\u00e4tzen. Danach geriet es jedoch in Vergessenheit. Bew\u00e4hrte Rezepte, die von Generation zu Generation weitergegeben wurden, werden heute zunehmend durch in Fabriken hochverarbeitete Produkte ersetzt.<\/p>\n<p>Ohne jegliche Zusatzstoffe und nur durch die Kraft von Honig und Apfelessig ist dein Oxymel \u00fcber zwei Jahre lang haltbar. Unsere Sorten sind zu 100 % nat\u00fcrlich, werden nie erhitzt und basieren auf lokalen Bio-Zutaten. Seit 2018 holen wir das goldgelb schimmernde Elixier in sechs Sorten zur\u00fcck ins moderne Leben.<\/p>\n<p>&nbsp;<\/p>\n<h4>Oxymel enth\u00e4lt nur authentische Zutaten aus der Natur.<\/h4>\n<p>Einfach und schnell: Mische 1 Essl\u00f6ffel mit reinem Wasser. Dein Oxymel reicht somit f\u00fcr zwei bis sechs Wochen. Starte deine nat\u00fcrliche Kur!<\/p>\n<h4>dein Oxymel-Ritual<\/h4>\n<p>Gebrauchsfertige Wildkr\u00e4uter. Wir extrahieren dein Oxymel monatelang f\u00fcr ein perfektes Ergebnis, damit du das Elixier sofort verwenden kannst: Mische einfach einen Essl\u00f6ffel mit reinem Wasser oder dem Getr\u00e4nk deiner Wahl. Es ist fertig! So kannst du deine Dosis Wildkr\u00e4uter ganz einfach wieder in deinen Speiseplan einbauen. Mach dieses goldgelbe Elixier zu einem Ritual, das du liebst. Ideal als sechsw\u00f6chige Kur!Im Smoothie oder in der Bowl zum Fr\u00fchst\u00fcck<\/p>\n<p>&nbsp;<\/p>\n<h2><a href=\"https:\/\/bien-etreiris.ch\/de\/produktpraesentation\/gesundes-leben\/nahrungsergaenzungsmittel\/pflanzenheilkunde-gleichgewicht-durch-heilpflanzen\/oxymel\/wohl\/\" target=\"_blank\" rel=\"noopener\">WOHL<\/a><\/h2>\n<h2><a href=\"https:\/\/bien-etreiris.ch\/de\/produktpraesentation\/gesundes-leben\/nahrungsergaenzungsmittel\/pflanzenheilkunde-gleichgewicht-durch-heilpflanzen\/oxymel\/cycles\/\" target=\"_blank\" rel=\"noopener\">ZYKLUS<\/a><\/h2>\n<h2><a href=\"https:\/\/bien-etreiris.ch\/de\/produktpraesentation\/gesundes-leben\/nahrungsergaenzungsmittel\/pflanzenheilkunde-gleichgewicht-durch-heilpflanzen\/oxymel\/ruhe\/\" target=\"_blank\" rel=\"noopener\">RUHE<\/a><\/h2>\n<p>&nbsp;<\/p>\n<p>&nbsp;<\/p>\n","protected":false},"excerpt":{"rendered":"<p>Kruut Oxymel roh Oxymel [Oxy = S\u00e4ure; Mel = Honig] ist eine von Generation zu Generation weitergegebene Tinktur aus rohem Honig, naturtr\u00fcbem Apfelessig und einer Auswahl an lokalen Wildkr\u00e4utern. Dank der hohen Extraktionskraft der Grundzutaten bleiben die wertvollen Pflanzenstoffe in Oxymel erhalten. Die alten Griechen stellten dieses Elixier bereits vor \u00fcber 3000 Jahren her. Dioskurides trank bereits goldenes Oxymel und&nbsp;<a href=\"https:\/\/bien-etreiris.ch\/de\/unsere-marken\/kruut\/\" class=\"read-more\">Weiter lesen<\/a><\/p>\n","protected":false},"author":1,"featured_media":77869,"parent":44406,"menu_order":2688,"comment_status":"closed","ping_status":"closed","template":"page-with-child.php","meta":{"_acf_changed":false,"ngg_post_thumbnail":0,"footnotes":""},"class_list":["post-77888","page","type-page","status-publish","has-post-thumbnail","hentry"],"acf":[],"yoast_head":"<!-- This site is optimized with the Yoast SEO plugin v27.4 - https:\/\/yoast.com\/product\/yoast-seo-wordpress\/ -->\n<title>KRUUT - WOHLBEFINDEN<\/title>\n<meta name=\"robots\" content=\"index, follow, max-snippet:-1, max-image-preview:large, max-video-preview:-1\" \/>\n<link rel=\"canonical\" href=\"https:\/\/bien-etreiris.ch\/de\/unsere-marken\/kruut\/\" \/>\n<meta property=\"og:locale\" content=\"de_DE\" \/>\n<meta property=\"og:type\" content=\"article\" \/>\n<meta property=\"og:title\" content=\"KRUUT - WOHLBEFINDEN\" \/>\n<meta property=\"og:description\" content=\"Kruut Oxymel roh Oxymel [Oxy = S\u00e4ure; Mel = Honig] ist eine von Generation zu Generation weitergegebene Tinktur aus rohem Honig, naturtr\u00fcbem Apfelessig und einer Auswahl an lokalen Wildkr\u00e4utern. Dank der hohen Extraktionskraft der Grundzutaten bleiben die wertvollen Pflanzenstoffe in Oxymel erhalten. Die alten Griechen stellten dieses Elixier bereits vor \u00fcber 3000 Jahren her. Dioskurides trank bereits goldenes Oxymel und&nbsp;Weiter lesen\" \/>\n<meta property=\"og:url\" content=\"https:\/\/bien-etreiris.ch\/de\/unsere-marken\/kruut\/\" \/>\n<meta property=\"og:site_name\" content=\"WOHLBEFINDEN\" \/>\n<meta property=\"article:publisher\" content=\"https:\/\/www.facebook.com\/bienetreiris\/\" \/>\n<meta property=\"article:modified_time\" content=\"2023-10-22T10:51:28+00:00\" \/>\n<meta property=\"og:image\" content=\"https:\/\/bien-etreiris.ch\/wp-content\/uploads\/2023\/10\/logo.jpg\" \/>\n\t<meta property=\"og:image:width\" content=\"500\" \/>\n\t<meta property=\"og:image:height\" content=\"333\" \/>\n\t<meta property=\"og:image:type\" content=\"image\/jpeg\" \/>\n<meta name=\"twitter:label1\" content=\"Gesch\u00e4tzte Lesezeit\" \/>\n\t<meta name=\"twitter:data1\" content=\"2\u00a0Minuten\" \/>\n<script type=\"application\/ld+json\" class=\"yoast-schema-graph\">{\"@context\":\"https:\\\/\\\/schema.org\",\"@graph\":[{\"@type\":\"WebPage\",\"@id\":\"https:\\\/\\\/bien-etreiris.ch\\\/de\\\/unsere-marken\\\/kruut\\\/\",\"url\":\"https:\\\/\\\/bien-etreiris.ch\\\/de\\\/unsere-marken\\\/kruut\\\/\",\"name\":\"KRUUT - WOHLBEFINDEN\",\"isPartOf\":{\"@id\":\"https:\\\/\\\/bien-etreiris.ch\\\/de\\\/#website\"},\"primaryImageOfPage\":{\"@id\":\"https:\\\/\\\/bien-etreiris.ch\\\/de\\\/unsere-marken\\\/kruut\\\/#primaryimage\"},\"image\":{\"@id\":\"https:\\\/\\\/bien-etreiris.ch\\\/de\\\/unsere-marken\\\/kruut\\\/#primaryimage\"},\"thumbnailUrl\":\"https:\\\/\\\/bien-etreiris.ch\\\/wp-content\\\/uploads\\\/2023\\\/10\\\/logo.jpg\",\"datePublished\":\"2023-10-22T10:12:42+00:00\",\"dateModified\":\"2023-10-22T10:51:28+00:00\",\"breadcrumb\":{\"@id\":\"https:\\\/\\\/bien-etreiris.ch\\\/de\\\/unsere-marken\\\/kruut\\\/#breadcrumb\"},\"inLanguage\":\"de\",\"potentialAction\":[{\"@type\":\"ReadAction\",\"target\":[\"https:\\\/\\\/bien-etreiris.ch\\\/de\\\/unsere-marken\\\/kruut\\\/\"]}]},{\"@type\":\"ImageObject\",\"inLanguage\":\"de\",\"@id\":\"https:\\\/\\\/bien-etreiris.ch\\\/de\\\/unsere-marken\\\/kruut\\\/#primaryimage\",\"url\":\"https:\\\/\\\/bien-etreiris.ch\\\/wp-content\\\/uploads\\\/2023\\\/10\\\/logo.jpg\",\"contentUrl\":\"https:\\\/\\\/bien-etreiris.ch\\\/wp-content\\\/uploads\\\/2023\\\/10\\\/logo.jpg\",\"width\":500,\"height\":333},{\"@type\":\"BreadcrumbList\",\"@id\":\"https:\\\/\\\/bien-etreiris.ch\\\/de\\\/unsere-marken\\\/kruut\\\/#breadcrumb\",\"itemListElement\":[{\"@type\":\"ListItem\",\"position\":1,\"name\":\"Home\",\"item\":\"https:\\\/\\\/bien-etreiris.ch\\\/de\\\/\"},{\"@type\":\"ListItem\",\"position\":2,\"name\":\"UNSERE MARKEN\",\"item\":\"https:\\\/\\\/bien-etreiris.ch\\\/de\\\/unsere-marken\\\/\"},{\"@type\":\"ListItem\",\"position\":3,\"name\":\"KRUUT\"}]},{\"@type\":\"WebSite\",\"@id\":\"https:\\\/\\\/bien-etreiris.ch\\\/de\\\/#website\",\"url\":\"https:\\\/\\\/bien-etreiris.ch\\\/de\\\/\",\"name\":\"Bien-\u00eatre Iris\",\"description\":\"IHRE Gesundheit ist uns wichtig\",\"potentialAction\":[{\"@type\":\"SearchAction\",\"target\":{\"@type\":\"EntryPoint\",\"urlTemplate\":\"https:\\\/\\\/bien-etreiris.ch\\\/de\\\/?s={search_term_string}\"},\"query-input\":{\"@type\":\"PropertyValueSpecification\",\"valueRequired\":true,\"valueName\":\"search_term_string\"}}],\"inLanguage\":\"de\"}]}<\/script>\n<!-- \/ Yoast SEO plugin. -->","yoast_head_json":{"title":"KRUUT - WOHLBEFINDEN","robots":{"index":"index","follow":"follow","max-snippet":"max-snippet:-1","max-image-preview":"max-image-preview:large","max-video-preview":"max-video-preview:-1"},"canonical":"https:\/\/bien-etreiris.ch\/de\/unsere-marken\/kruut\/","og_locale":"de_DE","og_type":"article","og_title":"KRUUT - WOHLBEFINDEN","og_description":"Kruut Oxymel roh Oxymel [Oxy = S\u00e4ure; Mel = Honig] ist eine von Generation zu Generation weitergegebene Tinktur aus rohem Honig, naturtr\u00fcbem Apfelessig und einer Auswahl an lokalen Wildkr\u00e4utern. Dank der hohen Extraktionskraft der Grundzutaten bleiben die wertvollen Pflanzenstoffe in Oxymel erhalten. Die alten Griechen stellten dieses Elixier bereits vor \u00fcber 3000 Jahren her. Dioskurides trank bereits goldenes Oxymel und&nbsp;Weiter lesen","og_url":"https:\/\/bien-etreiris.ch\/de\/unsere-marken\/kruut\/","og_site_name":"WOHLBEFINDEN","article_publisher":"https:\/\/www.facebook.com\/bienetreiris\/","article_modified_time":"2023-10-22T10:51:28+00:00","og_image":[{"width":500,"height":333,"url":"https:\/\/bien-etreiris.ch\/wp-content\/uploads\/2023\/10\/logo.jpg","type":"image\/jpeg"}],"twitter_misc":{"Gesch\u00e4tzte Lesezeit":"2\u00a0Minuten"},"schema":{"@context":"https:\/\/schema.org","@graph":[{"@type":"WebPage","@id":"https:\/\/bien-etreiris.ch\/de\/unsere-marken\/kruut\/","url":"https:\/\/bien-etreiris.ch\/de\/unsere-marken\/kruut\/","name":"KRUUT - WOHLBEFINDEN","isPartOf":{"@id":"https:\/\/bien-etreiris.ch\/de\/#website"},"primaryImageOfPage":{"@id":"https:\/\/bien-etreiris.ch\/de\/unsere-marken\/kruut\/#primaryimage"},"image":{"@id":"https:\/\/bien-etreiris.ch\/de\/unsere-marken\/kruut\/#primaryimage"},"thumbnailUrl":"https:\/\/bien-etreiris.ch\/wp-content\/uploads\/2023\/10\/logo.jpg","datePublished":"2023-10-22T10:12:42+00:00","dateModified":"2023-10-22T10:51:28+00:00","breadcrumb":{"@id":"https:\/\/bien-etreiris.ch\/de\/unsere-marken\/kruut\/#breadcrumb"},"inLanguage":"de","potentialAction":[{"@type":"ReadAction","target":["https:\/\/bien-etreiris.ch\/de\/unsere-marken\/kruut\/"]}]},{"@type":"ImageObject","inLanguage":"de","@id":"https:\/\/bien-etreiris.ch\/de\/unsere-marken\/kruut\/#primaryimage","url":"https:\/\/bien-etreiris.ch\/wp-content\/uploads\/2023\/10\/logo.jpg","contentUrl":"https:\/\/bien-etreiris.ch\/wp-content\/uploads\/2023\/10\/logo.jpg","width":500,"height":333},{"@type":"BreadcrumbList","@id":"https:\/\/bien-etreiris.ch\/de\/unsere-marken\/kruut\/#breadcrumb","itemListElement":[{"@type":"ListItem","position":1,"name":"Home","item":"https:\/\/bien-etreiris.ch\/de\/"},{"@type":"ListItem","position":2,"name":"UNSERE MARKEN","item":"https:\/\/bien-etreiris.ch\/de\/unsere-marken\/"},{"@type":"ListItem","position":3,"name":"KRUUT"}]},{"@type":"WebSite","@id":"https:\/\/bien-etreiris.ch\/de\/#website","url":"https:\/\/bien-etreiris.ch\/de\/","name":"Bien-\u00eatre Iris","description":"IHRE Gesundheit ist uns wichtig","potentialAction":[{"@type":"SearchAction","target":{"@type":"EntryPoint","urlTemplate":"https:\/\/bien-etreiris.ch\/de\/?s={search_term_string}"},"query-input":{"@type":"PropertyValueSpecification","valueRequired":true,"valueName":"search_term_string"}}],"inLanguage":"de"}]}},"_links":{"self":[{"href":"https:\/\/bien-etreiris.ch\/de\/wp-json\/wp\/v2\/pages\/77888","targetHints":{"allow":["GET"]}}],"collection":[{"href":"https:\/\/bien-etreiris.ch\/de\/wp-json\/wp\/v2\/pages"}],"about":[{"href":"https:\/\/bien-etreiris.ch\/de\/wp-json\/wp\/v2\/types\/page"}],"author":[{"embeddable":true,"href":"https:\/\/bien-etreiris.ch\/de\/wp-json\/wp\/v2\/users\/1"}],"replies":[{"embeddable":true,"href":"https:\/\/bien-etreiris.ch\/de\/wp-json\/wp\/v2\/comments?post=77888"}],"version-history":[{"count":3,"href":"https:\/\/bien-etreiris.ch\/de\/wp-json\/wp\/v2\/pages\/77888\/revisions"}],"predecessor-version":[{"id":77898,"href":"https:\/\/bien-etreiris.ch\/de\/wp-json\/wp\/v2\/pages\/77888\/revisions\/77898"}],"up":[{"embeddable":true,"href":"https:\/\/bien-etreiris.ch\/de\/wp-json\/wp\/v2\/pages\/44406"}],"wp:featuredmedia":[{"embeddable":true,"href":"https:\/\/bien-etreiris.ch\/de\/wp-json\/wp\/v2\/media\/77869"}],"wp:attachment":[{"href":"https:\/\/bien-etreiris.ch\/de\/wp-json\/wp\/v2\/media?parent=77888"}],"curies":[{"name":"wp","href":"https:\/\/api.w.org\/{rel}","templated":true}]}}