{"id":77846,"date":"2023-10-22T11:07:37","date_gmt":"2023-10-22T09:07:37","guid":{"rendered":"https:\/\/bien-etreiris.ch\/produktpraesentation\/gesundes-leben\/nahrungsergaenzungsmittel\/pflanzenheilkunde-gleichgewicht-durch-heilpflanzen\/oxymel\/bien-etre\/"},"modified":"2023-10-22T11:22:29","modified_gmt":"2023-10-22T09:22:29","slug":"wohl","status":"publish","type":"page","link":"https:\/\/bien-etreiris.ch\/de\/produktpraesentation\/gesundes-leben\/nahrungsergaenzungsmittel\/pflanzenheilkunde-gleichgewicht-durch-heilpflanzen\/oxymel\/wohl\/","title":{"rendered":"WOHL"},"content":{"rendered":"<h2>Wohl<\/h2>\n<p>Deine wohlbek\u00f6mmliche Portion Wildkr\u00e4uter. Der ausgewogene Geschmack passt perfekt zu deftigen Speisen. Als Morgenroutine oder erfrischenden Kr\u00e4utertrunk zwischendurch geniessen<\/p>\n<p>&nbsp;<\/p>\n<p><a href=\"https:\/\/bien-etreiris.ch\/de\/produktpraesentation\/gesundes-leben\/nahrungsergaenzungsmittel\/pflanzenheilkunde-gleichgewicht-durch-heilpflanzen\/oxymel\/bien-etre\/bien-etre-2\/\" rel=\"attachment wp-att-77834\"><img loading=\"lazy\" decoding=\"async\" class=\"wp-image-77834 alignleft\" src=\"https:\/\/bien-etreiris.ch\/wp-content\/uploads\/2023\/10\/Bien-etre.jpg\" alt=\"\" width=\"296\" height=\"531\" srcset=\"https:\/\/bien-etreiris.ch\/wp-content\/uploads\/2023\/10\/Bien-etre.jpg 358w, https:\/\/bien-etreiris.ch\/wp-content\/uploads\/2023\/10\/Bien-etre-167x300.jpg 167w\" sizes=\"auto, (max-width: 296px) 100vw, 296px\" \/><\/a><\/p>\n<p>&nbsp;<\/p>\n<p>&nbsp;<\/p>\n<p>&nbsp;<\/p>\n<p>&nbsp;<\/p>\n<div class=\"block-content\">\n<p>&nbsp;<\/p>\n<\/div>\n<p>&nbsp;<\/p>\n<ul>\n<li><strong>Bek\u00f6mmliche&nbsp;Wildkr\u00e4uter.&nbsp;<\/strong>Kamille, Pfefferminze, Schafgarbe und Wiesenk\u00fcmmel.<\/li>\n<li><strong>Ideal zu den Mahlzeiten.<\/strong> Zum Essen oder als Morgentrunk vor dem Fr\u00fchst\u00fcck geniessen. Hallo Wohlgef\u00fchl!<\/li>\n<li><strong>Einfache Anwendung.<\/strong> Einen Essl\u00f6ffel mit Wasser mischen, umr\u00fchren und Schluck f\u00fcr Schluck geniessen.<\/li>\n<li><strong>100% heimische Bio-Zutaten. <\/strong>Niemals erhitzt. Ohne Zusatzstoffe. Nach einer bew\u00e4hrten Rezeptur.<\/li>\n<\/ul>\n<p>&nbsp;<\/p>\n<p><strong>Gr\u00f6ssen:<br \/>\n<\/strong>150ml enthalten 15 Portionen und reichen f\u00fcr 2 Wochen&nbsp; <strong>CHF15.90<\/strong><\/p>\n<p>&nbsp;<\/p>\n<p>&nbsp;<\/p>\n<p>&nbsp;<\/p>\n<p>&nbsp;<\/p>\n<div class=\"trigger is-active\">\n<h2>Oxymel Wohl<\/h2>\n<\/div>\n<div class=\"block-content\">\n<p><strong>Oxymel<\/strong> ist eine altbew\u00e4hrte Rezeptur aus Bl\u00fctenhonig, naturtr\u00fcbem Apfelessig und einer Auswahl wertvoller Wildkr\u00e4uter. Die Tinktur wird in einem schonenden Verfahren \u00fcber Wochen ger\u00fchrt und dabei niemals erhitzt. So bleiben alle wertvollen Inhaltsstoffe erhalten. F\u00fcr den echten Geschmack der Natur.<\/p>\n<p><em>Dein Nach-dem-Essen-Ritual.<br \/>\n100% frische Kr\u00e4uter.<br \/>\nBeste Qualit\u00e4t: Rohkost &amp; bio<\/em><\/p>\n<p><strong>Wildkr\u00e4uter:&nbsp;<\/strong>In diesem leckeren Bio-Kr\u00e4uterauszug sind Kamille, Schafgarbe, Pfefferminze und Wiesenk\u00fcmmel enthalten.<\/p>\n<p><strong>Situation:<\/strong> Die Sorte<em>&nbsp;Wohl&nbsp;<\/em>duftet minzig-frisch. Die Kamillenbl\u00fcten f\u00e4rben den Oxymel golden. Wohl ist der ideale Partner zum Essen oder am Morgen vor dem Fr\u00fchst\u00fcck. Zum Wohle!&nbsp;<\/p>\n<p><strong>Geschmack:&nbsp;<\/strong>minzig, frisch, wohltuend<\/p>\n<p><strong>Diese Sorte in drei Worten<\/strong>: Bauchgef\u00fchl-Ritual, Frische, innere Mitte<\/p>\n<\/div>\n<p>&nbsp;<\/p>\n<p>&nbsp;<\/p>\n<p>&nbsp;<\/p>\n<div class=\"feature-row__item feature-row__text feature-row__text--\">\n<div class=\"custom-field-text-block html-block\">\n<h2>Ein <em>gutes Bauchgef\u00fch<\/em><em>l<\/em> h\u00e4ngt<br \/>\nvon vielen verschiedenen Faktoren ab. Warum es gut tut, im Alltag h\u00e4ufiger einmal auf uns selbst zu h\u00f6ren.&nbsp;<\/h2>\n<p>&nbsp;<\/p>\n<p><a href=\"https:\/\/bien-etreiris.ch\/de\/produktpraesentation\/gesundes-leben\/nahrungsergaenzungsmittel\/pflanzenheilkunde-gleichgewicht-durch-heilpflanzen\/oxymel\/bien-etre\/photo-bien-etre-2\/\" rel=\"attachment wp-att-77838\"><img loading=\"lazy\" decoding=\"async\" class=\"wp-image-77838 alignleft\" src=\"https:\/\/bien-etreiris.ch\/wp-content\/uploads\/2023\/10\/photo-bien-etre.jpg\" alt=\"\" width=\"407\" height=\"372\" srcset=\"https:\/\/bien-etreiris.ch\/wp-content\/uploads\/2023\/10\/photo-bien-etre.jpg 656w, https:\/\/bien-etreiris.ch\/wp-content\/uploads\/2023\/10\/photo-bien-etre-300x274.jpg 300w\" sizes=\"auto, (max-width: 407px) 100vw, 407px\" \/><\/a><\/p>\n<h4><em>Unser Bauchgef\u00fchl<\/em><\/h4>\n<p>unser Bauchgef\u00fchl zeigt uns wie ein innerer Kompass, was wir wirklich brauchen. Nur haben wir im Alltag leider fast verlernt, darauf zu h\u00f6ren. Wir k\u00f6nnen es wieder trainieren, indem wir uns im h\u00e4ufiger bewusst fragen, wie es uns gerade geht. Tiefe Atemz\u00fcge in den Bauch helfen uns dabei unsere Mitte nicht aus dem Fokus zu verlieren.<\/p>\n<p>&nbsp;<\/p>\n<h4><em>Gold-gelbes Morgenritual<\/em><\/h4>\n<p>Die Kamille f\u00e4rbt deinen Oxymel gold-gelb. Die Minze duftet direkt erfrischend in der Nase. Guten Morgen! Nutze deinen Oxymel als erdendes Morgenritual und sp\u00fcre dabei in deinen Bauch hinein: Wie geht es dir heute? Was brauchst du? So verbinden wir uns wieder mit uns selbst und unseren Bed\u00fcrfnissen. Hallo Bauchgef\u00fchl!<\/p>\n<\/div>\n<\/div>\n","protected":false},"excerpt":{"rendered":"<p>Wohl Deine wohlbek\u00f6mmliche Portion Wildkr\u00e4uter. Der ausgewogene Geschmack passt perfekt zu deftigen Speisen. Als Morgenroutine oder erfrischenden Kr\u00e4utertrunk zwischendurch geniessen &nbsp; &nbsp; &nbsp; &nbsp; &nbsp; &nbsp; &nbsp; Bek\u00f6mmliche&nbsp;Wildkr\u00e4uter.&nbsp;Kamille, Pfefferminze, Schafgarbe und Wiesenk\u00fcmmel. Ideal zu den Mahlzeiten. Zum Essen oder als Morgentrunk vor dem Fr\u00fchst\u00fcck geniessen. Hallo Wohlgef\u00fchl! Einfache Anwendung. Einen Essl\u00f6ffel mit Wasser mischen, umr\u00fchren und Schluck f\u00fcr Schluck geniessen.&nbsp;<a href=\"https:\/\/bien-etreiris.ch\/de\/produktpraesentation\/gesundes-leben\/nahrungsergaenzungsmittel\/pflanzenheilkunde-gleichgewicht-durch-heilpflanzen\/oxymel\/wohl\/\" class=\"read-more\">Weiter lesen<\/a><\/p>\n","protected":false},"author":1,"featured_media":77844,"parent":77616,"menu_order":2692,"comment_status":"closed","ping_status":"closed","template":"","meta":{"_acf_changed":false,"ngg_post_thumbnail":0,"footnotes":""},"class_list":["post-77846","page","type-page","status-publish","has-post-thumbnail","hentry"],"acf":[],"yoast_head":"<!-- This site is optimized with the Yoast SEO plugin v27.4 - https:\/\/yoast.com\/product\/yoast-seo-wordpress\/ -->\n<title>WOHL - WOHLBEFINDEN<\/title>\n<meta name=\"robots\" content=\"index, follow, max-snippet:-1, max-image-preview:large, max-video-preview:-1\" \/>\n<link rel=\"canonical\" href=\"https:\/\/bien-etreiris.ch\/de\/produktpraesentation\/gesundes-leben\/nahrungsergaenzungsmittel\/pflanzenheilkunde-gleichgewicht-durch-heilpflanzen\/oxymel\/wohl\/\" \/>\n<meta property=\"og:locale\" content=\"de_DE\" \/>\n<meta property=\"og:type\" content=\"article\" \/>\n<meta property=\"og:title\" content=\"WOHL - WOHLBEFINDEN\" \/>\n<meta property=\"og:description\" content=\"Wohl Deine wohlbek\u00f6mmliche Portion Wildkr\u00e4uter. Der ausgewogene Geschmack passt perfekt zu deftigen Speisen. Als Morgenroutine oder erfrischenden Kr\u00e4utertrunk zwischendurch geniessen &nbsp; &nbsp; &nbsp; &nbsp; &nbsp; &nbsp; &nbsp; Bek\u00f6mmliche&nbsp;Wildkr\u00e4uter.&nbsp;Kamille, Pfefferminze, Schafgarbe und Wiesenk\u00fcmmel. Ideal zu den Mahlzeiten. Zum Essen oder als Morgentrunk vor dem Fr\u00fchst\u00fcck geniessen. Hallo Wohlgef\u00fchl! Einfache Anwendung. Einen Essl\u00f6ffel mit Wasser mischen, umr\u00fchren und Schluck f\u00fcr Schluck geniessen.&nbsp;Weiter lesen\" \/>\n<meta property=\"og:url\" content=\"https:\/\/bien-etreiris.ch\/de\/produktpraesentation\/gesundes-leben\/nahrungsergaenzungsmittel\/pflanzenheilkunde-gleichgewicht-durch-heilpflanzen\/oxymel\/wohl\/\" \/>\n<meta property=\"og:site_name\" content=\"WOHLBEFINDEN\" \/>\n<meta property=\"article:publisher\" content=\"https:\/\/www.facebook.com\/bienetreiris\/\" \/>\n<meta property=\"article:modified_time\" content=\"2023-10-22T09:22:29+00:00\" \/>\n<meta property=\"og:image\" content=\"https:\/\/bien-etreiris.ch\/wp-content\/uploads\/2023\/10\/acceuil-bien-etre.jpg\" \/>\n\t<meta property=\"og:image:width\" content=\"500\" \/>\n\t<meta property=\"og:image:height\" content=\"333\" \/>\n\t<meta property=\"og:image:type\" content=\"image\/jpeg\" \/>\n<meta name=\"twitter:label1\" content=\"Gesch\u00e4tzte Lesezeit\" \/>\n\t<meta name=\"twitter:data1\" content=\"3\u00a0Minuten\" \/>\n<script type=\"application\/ld+json\" class=\"yoast-schema-graph\">{\"@context\":\"https:\\\/\\\/schema.org\",\"@graph\":[{\"@type\":\"WebPage\",\"@id\":\"https:\\\/\\\/bien-etreiris.ch\\\/de\\\/produktpraesentation\\\/gesundes-leben\\\/nahrungsergaenzungsmittel\\\/pflanzenheilkunde-gleichgewicht-durch-heilpflanzen\\\/oxymel\\\/wohl\\\/\",\"url\":\"https:\\\/\\\/bien-etreiris.ch\\\/de\\\/produktpraesentation\\\/gesundes-leben\\\/nahrungsergaenzungsmittel\\\/pflanzenheilkunde-gleichgewicht-durch-heilpflanzen\\\/oxymel\\\/wohl\\\/\",\"name\":\"WOHL - WOHLBEFINDEN\",\"isPartOf\":{\"@id\":\"https:\\\/\\\/bien-etreiris.ch\\\/de\\\/#website\"},\"primaryImageOfPage\":{\"@id\":\"https:\\\/\\\/bien-etreiris.ch\\\/de\\\/produktpraesentation\\\/gesundes-leben\\\/nahrungsergaenzungsmittel\\\/pflanzenheilkunde-gleichgewicht-durch-heilpflanzen\\\/oxymel\\\/wohl\\\/#primaryimage\"},\"image\":{\"@id\":\"https:\\\/\\\/bien-etreiris.ch\\\/de\\\/produktpraesentation\\\/gesundes-leben\\\/nahrungsergaenzungsmittel\\\/pflanzenheilkunde-gleichgewicht-durch-heilpflanzen\\\/oxymel\\\/wohl\\\/#primaryimage\"},\"thumbnailUrl\":\"https:\\\/\\\/bien-etreiris.ch\\\/wp-content\\\/uploads\\\/2023\\\/10\\\/acceuil-bien-etre.jpg\",\"datePublished\":\"2023-10-22T09:07:37+00:00\",\"dateModified\":\"2023-10-22T09:22:29+00:00\",\"breadcrumb\":{\"@id\":\"https:\\\/\\\/bien-etreiris.ch\\\/de\\\/produktpraesentation\\\/gesundes-leben\\\/nahrungsergaenzungsmittel\\\/pflanzenheilkunde-gleichgewicht-durch-heilpflanzen\\\/oxymel\\\/wohl\\\/#breadcrumb\"},\"inLanguage\":\"de\",\"potentialAction\":[{\"@type\":\"ReadAction\",\"target\":[\"https:\\\/\\\/bien-etreiris.ch\\\/de\\\/produktpraesentation\\\/gesundes-leben\\\/nahrungsergaenzungsmittel\\\/pflanzenheilkunde-gleichgewicht-durch-heilpflanzen\\\/oxymel\\\/wohl\\\/\"]}]},{\"@type\":\"ImageObject\",\"inLanguage\":\"de\",\"@id\":\"https:\\\/\\\/bien-etreiris.ch\\\/de\\\/produktpraesentation\\\/gesundes-leben\\\/nahrungsergaenzungsmittel\\\/pflanzenheilkunde-gleichgewicht-durch-heilpflanzen\\\/oxymel\\\/wohl\\\/#primaryimage\",\"url\":\"https:\\\/\\\/bien-etreiris.ch\\\/wp-content\\\/uploads\\\/2023\\\/10\\\/acceuil-bien-etre.jpg\",\"contentUrl\":\"https:\\\/\\\/bien-etreiris.ch\\\/wp-content\\\/uploads\\\/2023\\\/10\\\/acceuil-bien-etre.jpg\",\"width\":500,\"height\":333},{\"@type\":\"BreadcrumbList\",\"@id\":\"https:\\\/\\\/bien-etreiris.ch\\\/de\\\/produktpraesentation\\\/gesundes-leben\\\/nahrungsergaenzungsmittel\\\/pflanzenheilkunde-gleichgewicht-durch-heilpflanzen\\\/oxymel\\\/wohl\\\/#breadcrumb\",\"itemListElement\":[{\"@type\":\"ListItem\",\"position\":1,\"name\":\"Home\",\"item\":\"https:\\\/\\\/bien-etreiris.ch\\\/de\\\/\"},{\"@type\":\"ListItem\",\"position\":2,\"name\":\"PRODUKTPR\u00c4SENTATION\",\"item\":\"https:\\\/\\\/bien-etreiris.ch\\\/de\\\/produktpraesentation\\\/\"},{\"@type\":\"ListItem\",\"position\":3,\"name\":\"GESUNDES LEBEN\",\"item\":\"https:\\\/\\\/bien-etreiris.ch\\\/de\\\/produktpraesentation\\\/gesundes-leben\\\/\"},{\"@type\":\"ListItem\",\"position\":4,\"name\":\"NAHRUNGSERG\u00c4NZUNG\",\"item\":\"https:\\\/\\\/bien-etreiris.ch\\\/de\\\/produktpraesentation\\\/gesundes-leben\\\/nahrungsergaenzungsmittel\\\/\"},{\"@type\":\"ListItem\",\"position\":5,\"name\":\"PFLANZENHEILKUNDE\",\"item\":\"https:\\\/\\\/bien-etreiris.ch\\\/de\\\/produktpraesentation\\\/gesundes-leben\\\/nahrungsergaenzungsmittel\\\/pflanzenheilkunde-gleichgewicht-durch-heilpflanzen\\\/\"},{\"@type\":\"ListItem\",\"position\":6,\"name\":\"OXYMEL\",\"item\":\"https:\\\/\\\/bien-etreiris.ch\\\/de\\\/produktpraesentation\\\/gesundes-leben\\\/nahrungsergaenzungsmittel\\\/pflanzenheilkunde-gleichgewicht-durch-heilpflanzen\\\/oxymel\\\/\"},{\"@type\":\"ListItem\",\"position\":7,\"name\":\"WOHL\"}]},{\"@type\":\"WebSite\",\"@id\":\"https:\\\/\\\/bien-etreiris.ch\\\/de\\\/#website\",\"url\":\"https:\\\/\\\/bien-etreiris.ch\\\/de\\\/\",\"name\":\"Bien-\u00eatre Iris\",\"description\":\"IHRE Gesundheit ist uns wichtig\",\"potentialAction\":[{\"@type\":\"SearchAction\",\"target\":{\"@type\":\"EntryPoint\",\"urlTemplate\":\"https:\\\/\\\/bien-etreiris.ch\\\/de\\\/?s={search_term_string}\"},\"query-input\":{\"@type\":\"PropertyValueSpecification\",\"valueRequired\":true,\"valueName\":\"search_term_string\"}}],\"inLanguage\":\"de\"}]}<\/script>\n<!-- \/ Yoast SEO plugin. -->","yoast_head_json":{"title":"WOHL - WOHLBEFINDEN","robots":{"index":"index","follow":"follow","max-snippet":"max-snippet:-1","max-image-preview":"max-image-preview:large","max-video-preview":"max-video-preview:-1"},"canonical":"https:\/\/bien-etreiris.ch\/de\/produktpraesentation\/gesundes-leben\/nahrungsergaenzungsmittel\/pflanzenheilkunde-gleichgewicht-durch-heilpflanzen\/oxymel\/wohl\/","og_locale":"de_DE","og_type":"article","og_title":"WOHL - WOHLBEFINDEN","og_description":"Wohl Deine wohlbek\u00f6mmliche Portion Wildkr\u00e4uter. Der ausgewogene Geschmack passt perfekt zu deftigen Speisen. Als Morgenroutine oder erfrischenden Kr\u00e4utertrunk zwischendurch geniessen &nbsp; &nbsp; &nbsp; &nbsp; &nbsp; &nbsp; &nbsp; Bek\u00f6mmliche&nbsp;Wildkr\u00e4uter.&nbsp;Kamille, Pfefferminze, Schafgarbe und Wiesenk\u00fcmmel. Ideal zu den Mahlzeiten. Zum Essen oder als Morgentrunk vor dem Fr\u00fchst\u00fcck geniessen. Hallo Wohlgef\u00fchl! Einfache Anwendung. Einen Essl\u00f6ffel mit Wasser mischen, umr\u00fchren und Schluck f\u00fcr Schluck geniessen.&nbsp;Weiter lesen","og_url":"https:\/\/bien-etreiris.ch\/de\/produktpraesentation\/gesundes-leben\/nahrungsergaenzungsmittel\/pflanzenheilkunde-gleichgewicht-durch-heilpflanzen\/oxymel\/wohl\/","og_site_name":"WOHLBEFINDEN","article_publisher":"https:\/\/www.facebook.com\/bienetreiris\/","article_modified_time":"2023-10-22T09:22:29+00:00","og_image":[{"width":500,"height":333,"url":"https:\/\/bien-etreiris.ch\/wp-content\/uploads\/2023\/10\/acceuil-bien-etre.jpg","type":"image\/jpeg"}],"twitter_misc":{"Gesch\u00e4tzte Lesezeit":"3\u00a0Minuten"},"schema":{"@context":"https:\/\/schema.org","@graph":[{"@type":"WebPage","@id":"https:\/\/bien-etreiris.ch\/de\/produktpraesentation\/gesundes-leben\/nahrungsergaenzungsmittel\/pflanzenheilkunde-gleichgewicht-durch-heilpflanzen\/oxymel\/wohl\/","url":"https:\/\/bien-etreiris.ch\/de\/produktpraesentation\/gesundes-leben\/nahrungsergaenzungsmittel\/pflanzenheilkunde-gleichgewicht-durch-heilpflanzen\/oxymel\/wohl\/","name":"WOHL - WOHLBEFINDEN","isPartOf":{"@id":"https:\/\/bien-etreiris.ch\/de\/#website"},"primaryImageOfPage":{"@id":"https:\/\/bien-etreiris.ch\/de\/produktpraesentation\/gesundes-leben\/nahrungsergaenzungsmittel\/pflanzenheilkunde-gleichgewicht-durch-heilpflanzen\/oxymel\/wohl\/#primaryimage"},"image":{"@id":"https:\/\/bien-etreiris.ch\/de\/produktpraesentation\/gesundes-leben\/nahrungsergaenzungsmittel\/pflanzenheilkunde-gleichgewicht-durch-heilpflanzen\/oxymel\/wohl\/#primaryimage"},"thumbnailUrl":"https:\/\/bien-etreiris.ch\/wp-content\/uploads\/2023\/10\/acceuil-bien-etre.jpg","datePublished":"2023-10-22T09:07:37+00:00","dateModified":"2023-10-22T09:22:29+00:00","breadcrumb":{"@id":"https:\/\/bien-etreiris.ch\/de\/produktpraesentation\/gesundes-leben\/nahrungsergaenzungsmittel\/pflanzenheilkunde-gleichgewicht-durch-heilpflanzen\/oxymel\/wohl\/#breadcrumb"},"inLanguage":"de","potentialAction":[{"@type":"ReadAction","target":["https:\/\/bien-etreiris.ch\/de\/produktpraesentation\/gesundes-leben\/nahrungsergaenzungsmittel\/pflanzenheilkunde-gleichgewicht-durch-heilpflanzen\/oxymel\/wohl\/"]}]},{"@type":"ImageObject","inLanguage":"de","@id":"https:\/\/bien-etreiris.ch\/de\/produktpraesentation\/gesundes-leben\/nahrungsergaenzungsmittel\/pflanzenheilkunde-gleichgewicht-durch-heilpflanzen\/oxymel\/wohl\/#primaryimage","url":"https:\/\/bien-etreiris.ch\/wp-content\/uploads\/2023\/10\/acceuil-bien-etre.jpg","contentUrl":"https:\/\/bien-etreiris.ch\/wp-content\/uploads\/2023\/10\/acceuil-bien-etre.jpg","width":500,"height":333},{"@type":"BreadcrumbList","@id":"https:\/\/bien-etreiris.ch\/de\/produktpraesentation\/gesundes-leben\/nahrungsergaenzungsmittel\/pflanzenheilkunde-gleichgewicht-durch-heilpflanzen\/oxymel\/wohl\/#breadcrumb","itemListElement":[{"@type":"ListItem","position":1,"name":"Home","item":"https:\/\/bien-etreiris.ch\/de\/"},{"@type":"ListItem","position":2,"name":"PRODUKTPR\u00c4SENTATION","item":"https:\/\/bien-etreiris.ch\/de\/produktpraesentation\/"},{"@type":"ListItem","position":3,"name":"GESUNDES LEBEN","item":"https:\/\/bien-etreiris.ch\/de\/produktpraesentation\/gesundes-leben\/"},{"@type":"ListItem","position":4,"name":"NAHRUNGSERG\u00c4NZUNG","item":"https:\/\/bien-etreiris.ch\/de\/produktpraesentation\/gesundes-leben\/nahrungsergaenzungsmittel\/"},{"@type":"ListItem","position":5,"name":"PFLANZENHEILKUNDE","item":"https:\/\/bien-etreiris.ch\/de\/produktpraesentation\/gesundes-leben\/nahrungsergaenzungsmittel\/pflanzenheilkunde-gleichgewicht-durch-heilpflanzen\/"},{"@type":"ListItem","position":6,"name":"OXYMEL","item":"https:\/\/bien-etreiris.ch\/de\/produktpraesentation\/gesundes-leben\/nahrungsergaenzungsmittel\/pflanzenheilkunde-gleichgewicht-durch-heilpflanzen\/oxymel\/"},{"@type":"ListItem","position":7,"name":"WOHL"}]},{"@type":"WebSite","@id":"https:\/\/bien-etreiris.ch\/de\/#website","url":"https:\/\/bien-etreiris.ch\/de\/","name":"Bien-\u00eatre Iris","description":"IHRE Gesundheit ist uns wichtig","potentialAction":[{"@type":"SearchAction","target":{"@type":"EntryPoint","urlTemplate":"https:\/\/bien-etreiris.ch\/de\/?s={search_term_string}"},"query-input":{"@type":"PropertyValueSpecification","valueRequired":true,"valueName":"search_term_string"}}],"inLanguage":"de"}]}},"_links":{"self":[{"href":"https:\/\/bien-etreiris.ch\/de\/wp-json\/wp\/v2\/pages\/77846","targetHints":{"allow":["GET"]}}],"collection":[{"href":"https:\/\/bien-etreiris.ch\/de\/wp-json\/wp\/v2\/pages"}],"about":[{"href":"https:\/\/bien-etreiris.ch\/de\/wp-json\/wp\/v2\/types\/page"}],"author":[{"embeddable":true,"href":"https:\/\/bien-etreiris.ch\/de\/wp-json\/wp\/v2\/users\/1"}],"replies":[{"embeddable":true,"href":"https:\/\/bien-etreiris.ch\/de\/wp-json\/wp\/v2\/comments?post=77846"}],"version-history":[{"count":3,"href":"https:\/\/bien-etreiris.ch\/de\/wp-json\/wp\/v2\/pages\/77846\/revisions"}],"predecessor-version":[{"id":77851,"href":"https:\/\/bien-etreiris.ch\/de\/wp-json\/wp\/v2\/pages\/77846\/revisions\/77851"}],"up":[{"embeddable":true,"href":"https:\/\/bien-etreiris.ch\/de\/wp-json\/wp\/v2\/pages\/77616"}],"wp:featuredmedia":[{"embeddable":true,"href":"https:\/\/bien-etreiris.ch\/de\/wp-json\/wp\/v2\/media\/77844"}],"wp:attachment":[{"href":"https:\/\/bien-etreiris.ch\/de\/wp-json\/wp\/v2\/media?parent=77846"}],"curies":[{"name":"wp","href":"https:\/\/api.w.org\/{rel}","templated":true}]}}