{"id":77770,"date":"2023-10-21T16:19:25","date_gmt":"2023-10-21T14:19:25","guid":{"rendered":"https:\/\/bien-etreiris.ch\/ratgeber-klarheit-beratung\/gesunder-lebensstil\/naehrstoffe\/gesunde-getraenke\/leau\/"},"modified":"2023-10-22T07:33:53","modified_gmt":"2023-10-22T05:33:53","slug":"lauretana","status":"publish","type":"page","link":"https:\/\/bien-etreiris.ch\/de\/produktpraesentation\/gesundes-leben\/gesunde-lebensmittel\/getraenke\/lauretana\/","title":{"rendered":"LAURETANA"},"content":{"rendered":"<h2 class=\"product--title\">LAURETANA - Das leichteste Wasser Europas<\/h2>\n<p><a href=\"https:\/\/bien-etreiris.ch\/de\/ratgeber-klarheit-beratung\/gesunder-lebensstil\/naehrstoffe\/gesunde-getraenke\/leau\/lauretana-2\/\" rel=\"attachment wp-att-77690\"><img loading=\"lazy\" decoding=\"async\" class=\"wp-image-77690 alignleft\" src=\"https:\/\/bien-etreiris.ch\/wp-content\/uploads\/2023\/10\/Lauretana.jpg\" alt=\"\" width=\"198\" height=\"648\" srcset=\"https:\/\/bien-etreiris.ch\/wp-content\/uploads\/2023\/10\/Lauretana.jpg 233w, https:\/\/bien-etreiris.ch\/wp-content\/uploads\/2023\/10\/Lauretana-92x300.jpg 92w\" sizes=\"auto, (max-width: 198px) 100vw, 198px\" \/><\/a><\/p>\n<p>&nbsp;<\/p>\n<p>&nbsp;<\/p>\n<p>&nbsp;<\/p>\n<p>&nbsp;<\/p>\n<p>LAURETANA - Das leichteste Wasser Europas, gilt aufgrund seines besonders geringen Gehalt an Mineralsalzen \u2013 oder gel\u00f6sten Feststoffen \u2013 von nur 14,0 mg\/Liter auch als das \u201eweichste\u201c Wasser Europas \u2013 eine Eigenschaft, die man schmeckt und in seiner Wirkung f\u00fchlt. LAURETANA z\u00e4hlt damit zu den Akratopegen, den kalten (max. 20 \u00b0C) und mineralstoffarmen Quellen.<\/p>\n<p>Lauretana entspringt im gesch\u00fctzten Monte-Rosa-Massiv in einer H\u00f6he von 4600 Metern. Von dort aus bahnt sich die Quelle einen 30 km langen Weg durch kristallines Urgestein, das dem Wasser umweltbelastende Stoffe und Informationen entzieht. Die \"Reise\" endet auf 1050 m H\u00f6he in Graglia in Piemont, Italien, wo das Wasser artesisch aus den gesch\u00fctzten H\u00e4ngen des \"Monbarone\" austritt und frei abgef\u00fcllt wird.<\/p>\n<p><strong>LAURETANA wird aufgrund seiner Reinheit, seiner hohen nat\u00fcrlichen Stabilit\u00e4t und seiner Keimfreiheit ohne Ozonierung \u2013 g\u00e4nzlich naturbelassen \u2013 abgef\u00fcllt<\/strong><\/p>\n<p>Um die einzigartige Struktur von LAURETANA \u2013 sprich die in ihm enthaltenen Informationen und Bioresonanzen \u2013 nicht zu beeintr\u00e4chtigen, wird das leichteste Wasser ohne mechanischen Druck innerhalb von 7-9 Sekunden pro Flasche und frei fliessend abgef\u00fcllt. Zum Vergleich: In derselben Zeit f\u00fcllt ein \u201ekonventioneller\u201c Hersteller zirka 30 Flaschen Mineralwasser ab!<\/p>\n<p>&nbsp;<\/p>\n<p>1 litre<strong> in der Glasflasche CHF 1.80<\/strong><\/p>\n<p>&nbsp;<\/p>\n<p>&nbsp;<\/p>\n<p>&nbsp;<\/p>\n<p>&nbsp;<\/p>\n<h4>Hinweise zur Handhabung oder Verwendung<\/h4>\n<p>Lauretana wird gezielt f\u00fcr Trink- und Fastenkuren empfohlen und eignet sich hervorragend f\u00fcr den t\u00e4glichen Genuss. Das best\u00e4tigte zuletzt das renommierte Hagalis Institut:,,F\u00fcr abgef\u00fclltes Quellwasser weisen wir f\u00fcr LAURETANA eine unerreichte Spitzenqualit\u00e4t aus, die dem Konsumenten als allt\u00e4gliches Trinkwasser unbedingt empfohlen werden kann.\u00b4<\/p>\n<p>&nbsp;<\/p>\n<h2><span style=\"color: #ff9900;\"><em><a style=\"color: #ff9900;\" href=\"https:\/\/bien-etreiris.ch\/de\/produktpraesentation\/gesundes-leben\/wasser-quelle-des-lebens\/station-deau\/\" target=\"_blank\" rel=\"noopener\">In unserem Gesch\u00e4ft haben Sie auch die M\u00f6glichkeit, diese Wasserqualit\u00e4t bei unserem Wasserhahn der Firma Truu zu kaufen.<\/a><\/em><\/span><\/h2>\n<p>&nbsp;<\/p>\n<h2><em><span style=\"color: #99cc00;\"><a style=\"color: #99cc00;\" href=\"https:\/\/bien-etreiris.ch\/de\/ratgeber-klarheit-beratung\/gesunder-lebensstil\/wasser-geheimnisse\/taegliches-wasser\" target=\"_blank\" rel=\"noopener\">Der t\u00e4gliche Wasserkonsum und seine Qualit\u00e4t<\/a><br><\/span><\/em><\/h2>\n<h2>&nbsp;<\/h2>\n<h2><span style=\"color: #33cccc;\"><a style=\"color: #33cccc;\" href=\"https:\/\/bien-etreiris.ch\/de\/produktpraesentation\/gesundes-leben\/wasser-quelle-des-lebens\/wasser-filtern\/\" target=\"_blank\" rel=\"noopener\" data-wplink-edit=\"true\"><em><strong>Wenn Sie mehr \u00fcber Wasser erfahren m\u00f6chten, kommen Sie doch zu einem Vortrag der Firma truu<\/strong><\/em><\/a><\/span><\/h2>\n\n","protected":false},"excerpt":{"rendered":"<p>LAURETANA - Das leichteste Wasser Europas &nbsp; &nbsp; &nbsp; &nbsp; LAURETANA - Das leichteste Wasser Europas, gilt aufgrund seines besonders geringen Gehalt an Mineralsalzen \u2013 oder gel\u00f6sten Feststoffen \u2013 von nur 14,0 mg\/Liter auch als das \u201eweichste\u201c Wasser Europas \u2013 eine Eigenschaft, die man schmeckt und in seiner Wirkung f\u00fchlt. LAURETANA z\u00e4hlt damit zu den Akratopegen, den kalten (max. 20&nbsp;<a href=\"https:\/\/bien-etreiris.ch\/de\/produktpraesentation\/gesundes-leben\/gesunde-lebensmittel\/getraenke\/lauretana\/\" class=\"read-more\">Weiter lesen<\/a><\/p>\n","protected":false},"author":1,"featured_media":77695,"parent":41475,"menu_order":2698,"comment_status":"closed","ping_status":"closed","template":"page-with-child.php","meta":{"_acf_changed":false,"ngg_post_thumbnail":0,"footnotes":""},"class_list":["post-77770","page","type-page","status-publish","has-post-thumbnail","hentry"],"acf":[],"yoast_head":"<!-- This site is optimized with the Yoast SEO plugin v27.4 - https:\/\/yoast.com\/product\/yoast-seo-wordpress\/ -->\n<title>LAURETANA - WOHLBEFINDEN<\/title>\n<meta name=\"robots\" content=\"index, follow, max-snippet:-1, max-image-preview:large, max-video-preview:-1\" \/>\n<link rel=\"canonical\" href=\"https:\/\/bien-etreiris.ch\/de\/produktpraesentation\/gesundes-leben\/gesunde-lebensmittel\/getraenke\/lauretana\/\" \/>\n<meta property=\"og:locale\" content=\"de_DE\" \/>\n<meta property=\"og:type\" content=\"article\" \/>\n<meta property=\"og:title\" content=\"LAURETANA - WOHLBEFINDEN\" \/>\n<meta property=\"og:description\" content=\"LAURETANA - Das leichteste Wasser Europas &nbsp; &nbsp; &nbsp; &nbsp; LAURETANA - Das leichteste Wasser Europas, gilt aufgrund seines besonders geringen Gehalt an Mineralsalzen \u2013 oder gel\u00f6sten Feststoffen \u2013 von nur 14,0 mg\/Liter auch als das \u201eweichste\u201c Wasser Europas \u2013 eine Eigenschaft, die man schmeckt und in seiner Wirkung f\u00fchlt. LAURETANA z\u00e4hlt damit zu den Akratopegen, den kalten (max. 20&nbsp;Weiter lesen\" \/>\n<meta property=\"og:url\" content=\"https:\/\/bien-etreiris.ch\/de\/produktpraesentation\/gesundes-leben\/gesunde-lebensmittel\/getraenke\/lauretana\/\" \/>\n<meta property=\"og:site_name\" content=\"WOHLBEFINDEN\" \/>\n<meta property=\"article:publisher\" content=\"https:\/\/www.facebook.com\/bienetreiris\/\" \/>\n<meta property=\"article:modified_time\" content=\"2023-10-22T05:33:53+00:00\" \/>\n<meta property=\"og:image\" content=\"https:\/\/bien-etreiris.ch\/wp-content\/uploads\/2023\/10\/acceuil-leau-lauretana-2.jpg\" \/>\n\t<meta property=\"og:image:width\" content=\"500\" \/>\n\t<meta property=\"og:image:height\" content=\"333\" \/>\n\t<meta property=\"og:image:type\" content=\"image\/jpeg\" \/>\n<meta name=\"twitter:label1\" content=\"Gesch\u00e4tzte Lesezeit\" \/>\n\t<meta name=\"twitter:data1\" content=\"2\u00a0Minuten\" \/>\n<script type=\"application\/ld+json\" class=\"yoast-schema-graph\">{\"@context\":\"https:\\\/\\\/schema.org\",\"@graph\":[{\"@type\":\"WebPage\",\"@id\":\"https:\\\/\\\/bien-etreiris.ch\\\/de\\\/produktpraesentation\\\/gesundes-leben\\\/gesunde-lebensmittel\\\/getraenke\\\/lauretana\\\/\",\"url\":\"https:\\\/\\\/bien-etreiris.ch\\\/de\\\/produktpraesentation\\\/gesundes-leben\\\/gesunde-lebensmittel\\\/getraenke\\\/lauretana\\\/\",\"name\":\"LAURETANA - WOHLBEFINDEN\",\"isPartOf\":{\"@id\":\"https:\\\/\\\/bien-etreiris.ch\\\/de\\\/#website\"},\"primaryImageOfPage\":{\"@id\":\"https:\\\/\\\/bien-etreiris.ch\\\/de\\\/produktpraesentation\\\/gesundes-leben\\\/gesunde-lebensmittel\\\/getraenke\\\/lauretana\\\/#primaryimage\"},\"image\":{\"@id\":\"https:\\\/\\\/bien-etreiris.ch\\\/de\\\/produktpraesentation\\\/gesundes-leben\\\/gesunde-lebensmittel\\\/getraenke\\\/lauretana\\\/#primaryimage\"},\"thumbnailUrl\":\"https:\\\/\\\/bien-etreiris.ch\\\/wp-content\\\/uploads\\\/2023\\\/10\\\/acceuil-leau-lauretana-2.jpg\",\"datePublished\":\"2023-10-21T14:19:25+00:00\",\"dateModified\":\"2023-10-22T05:33:53+00:00\",\"breadcrumb\":{\"@id\":\"https:\\\/\\\/bien-etreiris.ch\\\/de\\\/produktpraesentation\\\/gesundes-leben\\\/gesunde-lebensmittel\\\/getraenke\\\/lauretana\\\/#breadcrumb\"},\"inLanguage\":\"de\",\"potentialAction\":[{\"@type\":\"ReadAction\",\"target\":[\"https:\\\/\\\/bien-etreiris.ch\\\/de\\\/produktpraesentation\\\/gesundes-leben\\\/gesunde-lebensmittel\\\/getraenke\\\/lauretana\\\/\"]}]},{\"@type\":\"ImageObject\",\"inLanguage\":\"de\",\"@id\":\"https:\\\/\\\/bien-etreiris.ch\\\/de\\\/produktpraesentation\\\/gesundes-leben\\\/gesunde-lebensmittel\\\/getraenke\\\/lauretana\\\/#primaryimage\",\"url\":\"https:\\\/\\\/bien-etreiris.ch\\\/wp-content\\\/uploads\\\/2023\\\/10\\\/acceuil-leau-lauretana-2.jpg\",\"contentUrl\":\"https:\\\/\\\/bien-etreiris.ch\\\/wp-content\\\/uploads\\\/2023\\\/10\\\/acceuil-leau-lauretana-2.jpg\",\"width\":500,\"height\":333},{\"@type\":\"BreadcrumbList\",\"@id\":\"https:\\\/\\\/bien-etreiris.ch\\\/de\\\/produktpraesentation\\\/gesundes-leben\\\/gesunde-lebensmittel\\\/getraenke\\\/lauretana\\\/#breadcrumb\",\"itemListElement\":[{\"@type\":\"ListItem\",\"position\":1,\"name\":\"Home\",\"item\":\"https:\\\/\\\/bien-etreiris.ch\\\/de\\\/\"},{\"@type\":\"ListItem\",\"position\":2,\"name\":\"PRODUKTPR\u00c4SENTATION\",\"item\":\"https:\\\/\\\/bien-etreiris.ch\\\/de\\\/produktpraesentation\\\/\"},{\"@type\":\"ListItem\",\"position\":3,\"name\":\"GESUNDES LEBEN\",\"item\":\"https:\\\/\\\/bien-etreiris.ch\\\/de\\\/produktpraesentation\\\/gesundes-leben\\\/\"},{\"@type\":\"ListItem\",\"position\":4,\"name\":\"GESUNDE LEBENSMITTEL\",\"item\":\"https:\\\/\\\/bien-etreiris.ch\\\/de\\\/produktpraesentation\\\/gesundes-leben\\\/gesunde-lebensmittel\\\/\"},{\"@type\":\"ListItem\",\"position\":5,\"name\":\"GETR\u00c4NKE\",\"item\":\"https:\\\/\\\/bien-etreiris.ch\\\/de\\\/produktpraesentation\\\/gesundes-leben\\\/gesunde-lebensmittel\\\/getraenke\\\/\"},{\"@type\":\"ListItem\",\"position\":6,\"name\":\"LAURETANA\"}]},{\"@type\":\"WebSite\",\"@id\":\"https:\\\/\\\/bien-etreiris.ch\\\/de\\\/#website\",\"url\":\"https:\\\/\\\/bien-etreiris.ch\\\/de\\\/\",\"name\":\"Bien-\u00eatre Iris\",\"description\":\"IHRE Gesundheit ist uns wichtig\",\"potentialAction\":[{\"@type\":\"SearchAction\",\"target\":{\"@type\":\"EntryPoint\",\"urlTemplate\":\"https:\\\/\\\/bien-etreiris.ch\\\/de\\\/?s={search_term_string}\"},\"query-input\":{\"@type\":\"PropertyValueSpecification\",\"valueRequired\":true,\"valueName\":\"search_term_string\"}}],\"inLanguage\":\"de\"}]}<\/script>\n<!-- \/ Yoast SEO plugin. -->","yoast_head_json":{"title":"LAURETANA - WOHLBEFINDEN","robots":{"index":"index","follow":"follow","max-snippet":"max-snippet:-1","max-image-preview":"max-image-preview:large","max-video-preview":"max-video-preview:-1"},"canonical":"https:\/\/bien-etreiris.ch\/de\/produktpraesentation\/gesundes-leben\/gesunde-lebensmittel\/getraenke\/lauretana\/","og_locale":"de_DE","og_type":"article","og_title":"LAURETANA - WOHLBEFINDEN","og_description":"LAURETANA - Das leichteste Wasser Europas &nbsp; &nbsp; &nbsp; &nbsp; LAURETANA - Das leichteste Wasser Europas, gilt aufgrund seines besonders geringen Gehalt an Mineralsalzen \u2013 oder gel\u00f6sten Feststoffen \u2013 von nur 14,0 mg\/Liter auch als das \u201eweichste\u201c Wasser Europas \u2013 eine Eigenschaft, die man schmeckt und in seiner Wirkung f\u00fchlt. LAURETANA z\u00e4hlt damit zu den Akratopegen, den kalten (max. 20&nbsp;Weiter lesen","og_url":"https:\/\/bien-etreiris.ch\/de\/produktpraesentation\/gesundes-leben\/gesunde-lebensmittel\/getraenke\/lauretana\/","og_site_name":"WOHLBEFINDEN","article_publisher":"https:\/\/www.facebook.com\/bienetreiris\/","article_modified_time":"2023-10-22T05:33:53+00:00","og_image":[{"width":500,"height":333,"url":"https:\/\/bien-etreiris.ch\/wp-content\/uploads\/2023\/10\/acceuil-leau-lauretana-2.jpg","type":"image\/jpeg"}],"twitter_misc":{"Gesch\u00e4tzte Lesezeit":"2\u00a0Minuten"},"schema":{"@context":"https:\/\/schema.org","@graph":[{"@type":"WebPage","@id":"https:\/\/bien-etreiris.ch\/de\/produktpraesentation\/gesundes-leben\/gesunde-lebensmittel\/getraenke\/lauretana\/","url":"https:\/\/bien-etreiris.ch\/de\/produktpraesentation\/gesundes-leben\/gesunde-lebensmittel\/getraenke\/lauretana\/","name":"LAURETANA - WOHLBEFINDEN","isPartOf":{"@id":"https:\/\/bien-etreiris.ch\/de\/#website"},"primaryImageOfPage":{"@id":"https:\/\/bien-etreiris.ch\/de\/produktpraesentation\/gesundes-leben\/gesunde-lebensmittel\/getraenke\/lauretana\/#primaryimage"},"image":{"@id":"https:\/\/bien-etreiris.ch\/de\/produktpraesentation\/gesundes-leben\/gesunde-lebensmittel\/getraenke\/lauretana\/#primaryimage"},"thumbnailUrl":"https:\/\/bien-etreiris.ch\/wp-content\/uploads\/2023\/10\/acceuil-leau-lauretana-2.jpg","datePublished":"2023-10-21T14:19:25+00:00","dateModified":"2023-10-22T05:33:53+00:00","breadcrumb":{"@id":"https:\/\/bien-etreiris.ch\/de\/produktpraesentation\/gesundes-leben\/gesunde-lebensmittel\/getraenke\/lauretana\/#breadcrumb"},"inLanguage":"de","potentialAction":[{"@type":"ReadAction","target":["https:\/\/bien-etreiris.ch\/de\/produktpraesentation\/gesundes-leben\/gesunde-lebensmittel\/getraenke\/lauretana\/"]}]},{"@type":"ImageObject","inLanguage":"de","@id":"https:\/\/bien-etreiris.ch\/de\/produktpraesentation\/gesundes-leben\/gesunde-lebensmittel\/getraenke\/lauretana\/#primaryimage","url":"https:\/\/bien-etreiris.ch\/wp-content\/uploads\/2023\/10\/acceuil-leau-lauretana-2.jpg","contentUrl":"https:\/\/bien-etreiris.ch\/wp-content\/uploads\/2023\/10\/acceuil-leau-lauretana-2.jpg","width":500,"height":333},{"@type":"BreadcrumbList","@id":"https:\/\/bien-etreiris.ch\/de\/produktpraesentation\/gesundes-leben\/gesunde-lebensmittel\/getraenke\/lauretana\/#breadcrumb","itemListElement":[{"@type":"ListItem","position":1,"name":"Home","item":"https:\/\/bien-etreiris.ch\/de\/"},{"@type":"ListItem","position":2,"name":"PRODUKTPR\u00c4SENTATION","item":"https:\/\/bien-etreiris.ch\/de\/produktpraesentation\/"},{"@type":"ListItem","position":3,"name":"GESUNDES LEBEN","item":"https:\/\/bien-etreiris.ch\/de\/produktpraesentation\/gesundes-leben\/"},{"@type":"ListItem","position":4,"name":"GESUNDE LEBENSMITTEL","item":"https:\/\/bien-etreiris.ch\/de\/produktpraesentation\/gesundes-leben\/gesunde-lebensmittel\/"},{"@type":"ListItem","position":5,"name":"GETR\u00c4NKE","item":"https:\/\/bien-etreiris.ch\/de\/produktpraesentation\/gesundes-leben\/gesunde-lebensmittel\/getraenke\/"},{"@type":"ListItem","position":6,"name":"LAURETANA"}]},{"@type":"WebSite","@id":"https:\/\/bien-etreiris.ch\/de\/#website","url":"https:\/\/bien-etreiris.ch\/de\/","name":"Bien-\u00eatre Iris","description":"IHRE Gesundheit ist uns wichtig","potentialAction":[{"@type":"SearchAction","target":{"@type":"EntryPoint","urlTemplate":"https:\/\/bien-etreiris.ch\/de\/?s={search_term_string}"},"query-input":{"@type":"PropertyValueSpecification","valueRequired":true,"valueName":"search_term_string"}}],"inLanguage":"de"}]}},"_links":{"self":[{"href":"https:\/\/bien-etreiris.ch\/de\/wp-json\/wp\/v2\/pages\/77770","targetHints":{"allow":["GET"]}}],"collection":[{"href":"https:\/\/bien-etreiris.ch\/de\/wp-json\/wp\/v2\/pages"}],"about":[{"href":"https:\/\/bien-etreiris.ch\/de\/wp-json\/wp\/v2\/types\/page"}],"author":[{"embeddable":true,"href":"https:\/\/bien-etreiris.ch\/de\/wp-json\/wp\/v2\/users\/1"}],"replies":[{"embeddable":true,"href":"https:\/\/bien-etreiris.ch\/de\/wp-json\/wp\/v2\/comments?post=77770"}],"version-history":[{"count":8,"href":"https:\/\/bien-etreiris.ch\/de\/wp-json\/wp\/v2\/pages\/77770\/revisions"}],"predecessor-version":[{"id":77794,"href":"https:\/\/bien-etreiris.ch\/de\/wp-json\/wp\/v2\/pages\/77770\/revisions\/77794"}],"up":[{"embeddable":true,"href":"https:\/\/bien-etreiris.ch\/de\/wp-json\/wp\/v2\/pages\/41475"}],"wp:featuredmedia":[{"embeddable":true,"href":"https:\/\/bien-etreiris.ch\/de\/wp-json\/wp\/v2\/media\/77695"}],"wp:attachment":[{"href":"https:\/\/bien-etreiris.ch\/de\/wp-json\/wp\/v2\/media?parent=77770"}],"curies":[{"name":"wp","href":"https:\/\/api.w.org\/{rel}","templated":true}]}}