{"id":77655,"date":"2023-10-21T11:23:00","date_gmt":"2023-10-21T09:23:00","guid":{"rendered":"https:\/\/bien-etreiris.ch\/produktpraesentation\/gesundes-leben\/nahrungsergaenzungsmittel\/pflanzenheilkunde-gleichgewicht-durch-heilpflanzen\/oxymel\/repos\/"},"modified":"2023-10-22T11:44:59","modified_gmt":"2023-10-22T09:44:59","slug":"ruhe","status":"publish","type":"page","link":"https:\/\/bien-etreiris.ch\/de\/produktpraesentation\/gesundes-leben\/nahrungsergaenzungsmittel\/pflanzenheilkunde-gleichgewicht-durch-heilpflanzen\/oxymel\/ruhe\/","title":{"rendered":"RUHE"},"content":{"rendered":"<h2>Ruhe<\/h2>\n<h4>Deine Portion Wildkr\u00e4uter am Abend. Der <em>beruhigende Geschmack<\/em> einer einsamen Waldwiese. Vor dem Schlafengehen oder als meditative Pause genie\u00dfen.<\/h4>\n\n\n<p><a href=\"https:\/\/bien-etreiris.ch\/de\/produktpraesentation\/gesundes-leben\/nahrungsergaenzungsmittel\/pflanzenheilkunde-gleichgewicht-durch-heilpflanzen\/oxymel\/repos\/ruhe-2\/\" rel=\"attachment wp-att-77643\"><img loading=\"lazy\" decoding=\"async\" class=\"wp-image-77643 alignleft\" src=\"https:\/\/bien-etreiris.ch\/wp-content\/uploads\/2023\/10\/Ruhe.jpg\" alt=\"\" width=\"250\" height=\"468\" srcset=\"https:\/\/bien-etreiris.ch\/wp-content\/uploads\/2023\/10\/Ruhe.jpg 364w, https:\/\/bien-etreiris.ch\/wp-content\/uploads\/2023\/10\/Ruhe-160x300.jpg 160w\" sizes=\"auto, (max-width: 250px) 100vw, 250px\" \/><\/a><\/p>\n\n\n\n<p>&nbsp;<\/p>\n<p>&nbsp;<\/p>\n<p>&nbsp;<\/p>\n<p>&nbsp;<\/p>\n<p>&nbsp;<\/p>\n<ul style=\"list-style-type: disc;\">\n<li>\n<p>Frische wilde Kr\u00e4uter. Melisse, Hafer, Baldrianwurzel und Fichtensprossen.<\/p>\n<\/li>\n<li>\n<p>Ideal, um sich vor dem Schlafengehen zu verw\u00f6hnen. Oder bei einer meditativen Pause zwischendurch.<\/p>\n<\/li>\n<li>\n<p>Einfach zu verwenden. Einen Essl\u00f6ffel mit Wasser mischen, umr\u00fchren und die Ruhe geniessen!<br>Biologische Zutaten 100% aus der Region<\/p>\n<\/li>\n<li>\n<p>Niemals erhitzen<\/p>\n<\/li>\n<li>\n<p>Ohne Zusatzstoffe<\/p>\n<\/li>\n<li>\n<p>Nach einem traditionellen Rezept<\/p>\n<p>Gr\u00f6ssen: 150ml enthalten 15 Portionen und reichen f\u00fcr 2 Wochen <strong>CHF 15.90<\/strong><\/p>\n<\/li>\n<\/ul>\n<p>&nbsp;<\/p>\n<p>&nbsp;<\/p>\n<p>&nbsp;<\/p>\n<div class=\"trigger is-active\">\n<h2>Oxymel Ruhe<\/h2>\n<\/div>\n<div class=\"block-content\">\n<p><strong>Oxymel<\/strong> ist eine traditionelle Rezeptur aus rohem Bl\u00fctenhonig, naturtr\u00fcbem Demeter-Apfelessig und einer Auswahl frischer Wildkr\u00e4uter. Deine Tinktur wird in einem schonenden Verfahren \u00fcber Wochen ger\u00fchrt und dabei niemals erhitzt. So bleiben alle Inhaltsstoffe in Rohkostqualit\u00e4t erhalten. F\u00fcr den echten Geschmack der Natur.<\/p>\n<p><em>Dein Abendritual.<br>100% frische Kr\u00e4uter.<br>Beste Qualit\u00e4t: Rohkost &amp; bio.<\/em><\/p>\n<p><strong>Wildkr\u00e4uter:<\/strong> Dieser leckere Bio-Kr\u00e4uterauszug holt dir den beruhigenden Geschmack einer einsamen Waldwiese mit den Wildpflanzen Melisse, Haferkraut, Baldrianwurzel und Fichtentrieben ins Glas.<\/p>\n<p><strong>Die Sorte:<\/strong> Wie ein erdender Waldspaziergang. Du h\u00f6rst das Bl\u00e4tterrauschen und atmest tief ein und aus. So f\u00fchlt sich diese Portion Natur an. Dein Ruhepol zum trinken.<\/p>\n<p><strong>Situation:&nbsp;<\/strong>Unser Oxymel Ruhe kann ein Teil deines Abendrituals sein, wie auch deiner Meditationspraxis. Nimm dir einen Moment der Entspannung mit einem Essl\u00f6ffel auf 150ml stilles oder sprudelndes Wasser. Calm-Down!<\/p>\n<p><strong>Geschmack:<\/strong> Melisse, frisch-herb, Fichtentriebe<\/p>\n<p><strong>Diese Sorte in drei Worten:<\/strong> Pause, Abendritual, Auszeit<\/p>\n<p>&nbsp;<\/p>\n<\/div>\n<p>&nbsp;<\/p>\n<h4>Sich <em>erden<\/em> und<em>&nbsp;verbunden<\/em> f\u00fchlen.<\/h4>\n<p>Die Natur hilft uns dabei, mehr in uns selbst zu ruhen. Schenkt Ruhe und Ausgeglichenheit.<\/p>\n<h4><a href=\"https:\/\/bien-etreiris.ch\/de\/produktpraesentation\/gesundes-leben\/nahrungsergaenzungsmittel\/pflanzenheilkunde-gleichgewicht-durch-heilpflanzen\/oxymel\/repos\/yogga-2\/\" rel=\"attachment wp-att-77649\"><img loading=\"lazy\" decoding=\"async\" class=\"size-full wp-image-77649 alignleft\" src=\"https:\/\/bien-etreiris.ch\/wp-content\/uploads\/2023\/10\/Yogga.jpg\" alt=\"\" width=\"300\" height=\"439\" srcset=\"https:\/\/bien-etreiris.ch\/wp-content\/uploads\/2023\/10\/Yogga.jpg 300w, https:\/\/bien-etreiris.ch\/wp-content\/uploads\/2023\/10\/Yogga-205x300.jpg 205w\" sizes=\"auto, (max-width: 300px) 100vw, 300px\" \/><\/a><\/h4>\n<p>&nbsp;<\/p>\n<p>&nbsp;<\/p>\n<p>&nbsp;<\/p>\n<h4><em>Deine Auszeit<\/em><\/h4>\n<p>Dein Oxymel Ruhe begleitet dich t\u00e4glich. Das gold-gelbe Elixier wird zu einem liebgewonnenen Ritual, das jeden Abend die Zeit f\u00fcr dich selbst einleitet. Die Wildpflanzen Melisse, Haferkraut, Baldrianwurzel und Fichtentriebe schmecken wie eine Auszeit im Gr\u00fcnen. Schliesse die Augen und du stehst unter ausladenden Fichtenzweigen auf einer wilden Waldwiese. Umgeben von duftenden Kr\u00e4utern und B\u00e4umen. Erholung!<\/p>\n<h4><em>Dein Atem<\/em><\/h4>\n<p>Wir nehmen uns abends bewusst Zeit f\u00fcr dieses kleine Ritual. Wir fokussieren uns auf unseren Atem - auf unsere ganz eigene Natur. Mit deinem eigenen Atem hast du ein ganz kraftvolles Werkzeug an der Hand, um dich im Hier und Jetzt zu verankern und die Gedanken einmal Gedanken sein zu lassen. Dein Atem begleitet dich dein Leben lang. Er ist die Natur in dir. Zehn bewusste Atemz\u00fcge reichen schon. Was ver\u00e4ndert sich in deinem Inneren?<\/p>\n<p>&nbsp;<\/p>\n<p>&nbsp;<\/p>\n","protected":false},"excerpt":{"rendered":"<p>Ruhe Deine Portion Wildkr\u00e4uter am Abend. Der beruhigende Geschmack einer einsamen Waldwiese. Vor dem Schlafengehen oder als meditative Pause genie\u00dfen. &nbsp; &nbsp; &nbsp; &nbsp; &nbsp; Frische wilde Kr\u00e4uter. Melisse, Hafer, Baldrianwurzel und Fichtensprossen. Ideal, um sich vor dem Schlafengehen zu verw\u00f6hnen. Oder bei einer meditativen Pause zwischendurch. Einfach zu verwenden. Einen Essl\u00f6ffel mit Wasser mischen, umr\u00fchren und die Ruhe geniessen!Biologische&nbsp;<a href=\"https:\/\/bien-etreiris.ch\/de\/produktpraesentation\/gesundes-leben\/nahrungsergaenzungsmittel\/pflanzenheilkunde-gleichgewicht-durch-heilpflanzen\/oxymel\/ruhe\/\" class=\"read-more\">Weiter lesen<\/a><\/p>\n","protected":false},"author":1,"featured_media":77648,"parent":77616,"menu_order":2701,"comment_status":"closed","ping_status":"closed","template":"page-with-child.php","meta":{"_acf_changed":false,"ngg_post_thumbnail":0,"footnotes":""},"class_list":["post-77655","page","type-page","status-publish","has-post-thumbnail","hentry"],"acf":[],"yoast_head":"<!-- This site is optimized with the Yoast SEO plugin v27.4 - https:\/\/yoast.com\/product\/yoast-seo-wordpress\/ -->\n<title>RUHE - WOHLBEFINDEN<\/title>\n<meta name=\"robots\" content=\"index, follow, max-snippet:-1, max-image-preview:large, max-video-preview:-1\" \/>\n<link rel=\"canonical\" href=\"https:\/\/bien-etreiris.ch\/de\/produktpraesentation\/gesundes-leben\/nahrungsergaenzungsmittel\/pflanzenheilkunde-gleichgewicht-durch-heilpflanzen\/oxymel\/ruhe\/\" \/>\n<meta property=\"og:locale\" content=\"de_DE\" \/>\n<meta property=\"og:type\" content=\"article\" \/>\n<meta property=\"og:title\" content=\"RUHE - WOHLBEFINDEN\" \/>\n<meta property=\"og:description\" content=\"Ruhe Deine Portion Wildkr\u00e4uter am Abend. Der beruhigende Geschmack einer einsamen Waldwiese. Vor dem Schlafengehen oder als meditative Pause genie\u00dfen. &nbsp; &nbsp; &nbsp; &nbsp; &nbsp; Frische wilde Kr\u00e4uter. Melisse, Hafer, Baldrianwurzel und Fichtensprossen. Ideal, um sich vor dem Schlafengehen zu verw\u00f6hnen. Oder bei einer meditativen Pause zwischendurch. Einfach zu verwenden. Einen Essl\u00f6ffel mit Wasser mischen, umr\u00fchren und die Ruhe geniessen!Biologische&nbsp;Weiter lesen\" \/>\n<meta property=\"og:url\" content=\"https:\/\/bien-etreiris.ch\/de\/produktpraesentation\/gesundes-leben\/nahrungsergaenzungsmittel\/pflanzenheilkunde-gleichgewicht-durch-heilpflanzen\/oxymel\/ruhe\/\" \/>\n<meta property=\"og:site_name\" content=\"WOHLBEFINDEN\" \/>\n<meta property=\"article:publisher\" content=\"https:\/\/www.facebook.com\/bienetreiris\/\" \/>\n<meta property=\"article:modified_time\" content=\"2023-10-22T09:44:59+00:00\" \/>\n<meta property=\"og:image\" content=\"https:\/\/bien-etreiris.ch\/wp-content\/uploads\/2023\/10\/acceuil-melanger-des-plantes-avec-Repos.jpg\" \/>\n\t<meta property=\"og:image:width\" content=\"500\" \/>\n\t<meta property=\"og:image:height\" content=\"333\" \/>\n\t<meta property=\"og:image:type\" content=\"image\/jpeg\" \/>\n<meta name=\"twitter:label1\" content=\"Gesch\u00e4tzte Lesezeit\" \/>\n\t<meta name=\"twitter:data1\" content=\"3\u00a0Minuten\" \/>\n<script type=\"application\/ld+json\" class=\"yoast-schema-graph\">{\"@context\":\"https:\\\/\\\/schema.org\",\"@graph\":[{\"@type\":\"WebPage\",\"@id\":\"https:\\\/\\\/bien-etreiris.ch\\\/de\\\/produktpraesentation\\\/gesundes-leben\\\/nahrungsergaenzungsmittel\\\/pflanzenheilkunde-gleichgewicht-durch-heilpflanzen\\\/oxymel\\\/ruhe\\\/\",\"url\":\"https:\\\/\\\/bien-etreiris.ch\\\/de\\\/produktpraesentation\\\/gesundes-leben\\\/nahrungsergaenzungsmittel\\\/pflanzenheilkunde-gleichgewicht-durch-heilpflanzen\\\/oxymel\\\/ruhe\\\/\",\"name\":\"RUHE - WOHLBEFINDEN\",\"isPartOf\":{\"@id\":\"https:\\\/\\\/bien-etreiris.ch\\\/de\\\/#website\"},\"primaryImageOfPage\":{\"@id\":\"https:\\\/\\\/bien-etreiris.ch\\\/de\\\/produktpraesentation\\\/gesundes-leben\\\/nahrungsergaenzungsmittel\\\/pflanzenheilkunde-gleichgewicht-durch-heilpflanzen\\\/oxymel\\\/ruhe\\\/#primaryimage\"},\"image\":{\"@id\":\"https:\\\/\\\/bien-etreiris.ch\\\/de\\\/produktpraesentation\\\/gesundes-leben\\\/nahrungsergaenzungsmittel\\\/pflanzenheilkunde-gleichgewicht-durch-heilpflanzen\\\/oxymel\\\/ruhe\\\/#primaryimage\"},\"thumbnailUrl\":\"https:\\\/\\\/bien-etreiris.ch\\\/wp-content\\\/uploads\\\/2023\\\/10\\\/acceuil-melanger-des-plantes-avec-Repos.jpg\",\"datePublished\":\"2023-10-21T09:23:00+00:00\",\"dateModified\":\"2023-10-22T09:44:59+00:00\",\"breadcrumb\":{\"@id\":\"https:\\\/\\\/bien-etreiris.ch\\\/de\\\/produktpraesentation\\\/gesundes-leben\\\/nahrungsergaenzungsmittel\\\/pflanzenheilkunde-gleichgewicht-durch-heilpflanzen\\\/oxymel\\\/ruhe\\\/#breadcrumb\"},\"inLanguage\":\"de\",\"potentialAction\":[{\"@type\":\"ReadAction\",\"target\":[\"https:\\\/\\\/bien-etreiris.ch\\\/de\\\/produktpraesentation\\\/gesundes-leben\\\/nahrungsergaenzungsmittel\\\/pflanzenheilkunde-gleichgewicht-durch-heilpflanzen\\\/oxymel\\\/ruhe\\\/\"]}]},{\"@type\":\"ImageObject\",\"inLanguage\":\"de\",\"@id\":\"https:\\\/\\\/bien-etreiris.ch\\\/de\\\/produktpraesentation\\\/gesundes-leben\\\/nahrungsergaenzungsmittel\\\/pflanzenheilkunde-gleichgewicht-durch-heilpflanzen\\\/oxymel\\\/ruhe\\\/#primaryimage\",\"url\":\"https:\\\/\\\/bien-etreiris.ch\\\/wp-content\\\/uploads\\\/2023\\\/10\\\/acceuil-melanger-des-plantes-avec-Repos.jpg\",\"contentUrl\":\"https:\\\/\\\/bien-etreiris.ch\\\/wp-content\\\/uploads\\\/2023\\\/10\\\/acceuil-melanger-des-plantes-avec-Repos.jpg\",\"width\":500,\"height\":333},{\"@type\":\"BreadcrumbList\",\"@id\":\"https:\\\/\\\/bien-etreiris.ch\\\/de\\\/produktpraesentation\\\/gesundes-leben\\\/nahrungsergaenzungsmittel\\\/pflanzenheilkunde-gleichgewicht-durch-heilpflanzen\\\/oxymel\\\/ruhe\\\/#breadcrumb\",\"itemListElement\":[{\"@type\":\"ListItem\",\"position\":1,\"name\":\"Home\",\"item\":\"https:\\\/\\\/bien-etreiris.ch\\\/de\\\/\"},{\"@type\":\"ListItem\",\"position\":2,\"name\":\"PRODUKTPR\u00c4SENTATION\",\"item\":\"https:\\\/\\\/bien-etreiris.ch\\\/de\\\/produktpraesentation\\\/\"},{\"@type\":\"ListItem\",\"position\":3,\"name\":\"GESUNDES LEBEN\",\"item\":\"https:\\\/\\\/bien-etreiris.ch\\\/de\\\/produktpraesentation\\\/gesundes-leben\\\/\"},{\"@type\":\"ListItem\",\"position\":4,\"name\":\"NAHRUNGSERG\u00c4NZUNG\",\"item\":\"https:\\\/\\\/bien-etreiris.ch\\\/de\\\/produktpraesentation\\\/gesundes-leben\\\/nahrungsergaenzungsmittel\\\/\"},{\"@type\":\"ListItem\",\"position\":5,\"name\":\"PFLANZENHEILKUNDE\",\"item\":\"https:\\\/\\\/bien-etreiris.ch\\\/de\\\/produktpraesentation\\\/gesundes-leben\\\/nahrungsergaenzungsmittel\\\/pflanzenheilkunde-gleichgewicht-durch-heilpflanzen\\\/\"},{\"@type\":\"ListItem\",\"position\":6,\"name\":\"OXYMEL\",\"item\":\"https:\\\/\\\/bien-etreiris.ch\\\/de\\\/produktpraesentation\\\/gesundes-leben\\\/nahrungsergaenzungsmittel\\\/pflanzenheilkunde-gleichgewicht-durch-heilpflanzen\\\/oxymel\\\/\"},{\"@type\":\"ListItem\",\"position\":7,\"name\":\"RUHE\"}]},{\"@type\":\"WebSite\",\"@id\":\"https:\\\/\\\/bien-etreiris.ch\\\/de\\\/#website\",\"url\":\"https:\\\/\\\/bien-etreiris.ch\\\/de\\\/\",\"name\":\"Bien-\u00eatre Iris\",\"description\":\"IHRE Gesundheit ist uns wichtig\",\"potentialAction\":[{\"@type\":\"SearchAction\",\"target\":{\"@type\":\"EntryPoint\",\"urlTemplate\":\"https:\\\/\\\/bien-etreiris.ch\\\/de\\\/?s={search_term_string}\"},\"query-input\":{\"@type\":\"PropertyValueSpecification\",\"valueRequired\":true,\"valueName\":\"search_term_string\"}}],\"inLanguage\":\"de\"}]}<\/script>\n<!-- \/ Yoast SEO plugin. -->","yoast_head_json":{"title":"RUHE - WOHLBEFINDEN","robots":{"index":"index","follow":"follow","max-snippet":"max-snippet:-1","max-image-preview":"max-image-preview:large","max-video-preview":"max-video-preview:-1"},"canonical":"https:\/\/bien-etreiris.ch\/de\/produktpraesentation\/gesundes-leben\/nahrungsergaenzungsmittel\/pflanzenheilkunde-gleichgewicht-durch-heilpflanzen\/oxymel\/ruhe\/","og_locale":"de_DE","og_type":"article","og_title":"RUHE - WOHLBEFINDEN","og_description":"Ruhe Deine Portion Wildkr\u00e4uter am Abend. Der beruhigende Geschmack einer einsamen Waldwiese. Vor dem Schlafengehen oder als meditative Pause genie\u00dfen. &nbsp; &nbsp; &nbsp; &nbsp; &nbsp; Frische wilde Kr\u00e4uter. Melisse, Hafer, Baldrianwurzel und Fichtensprossen. Ideal, um sich vor dem Schlafengehen zu verw\u00f6hnen. Oder bei einer meditativen Pause zwischendurch. Einfach zu verwenden. Einen Essl\u00f6ffel mit Wasser mischen, umr\u00fchren und die Ruhe geniessen!Biologische&nbsp;Weiter lesen","og_url":"https:\/\/bien-etreiris.ch\/de\/produktpraesentation\/gesundes-leben\/nahrungsergaenzungsmittel\/pflanzenheilkunde-gleichgewicht-durch-heilpflanzen\/oxymel\/ruhe\/","og_site_name":"WOHLBEFINDEN","article_publisher":"https:\/\/www.facebook.com\/bienetreiris\/","article_modified_time":"2023-10-22T09:44:59+00:00","og_image":[{"width":500,"height":333,"url":"https:\/\/bien-etreiris.ch\/wp-content\/uploads\/2023\/10\/acceuil-melanger-des-plantes-avec-Repos.jpg","type":"image\/jpeg"}],"twitter_misc":{"Gesch\u00e4tzte Lesezeit":"3\u00a0Minuten"},"schema":{"@context":"https:\/\/schema.org","@graph":[{"@type":"WebPage","@id":"https:\/\/bien-etreiris.ch\/de\/produktpraesentation\/gesundes-leben\/nahrungsergaenzungsmittel\/pflanzenheilkunde-gleichgewicht-durch-heilpflanzen\/oxymel\/ruhe\/","url":"https:\/\/bien-etreiris.ch\/de\/produktpraesentation\/gesundes-leben\/nahrungsergaenzungsmittel\/pflanzenheilkunde-gleichgewicht-durch-heilpflanzen\/oxymel\/ruhe\/","name":"RUHE - WOHLBEFINDEN","isPartOf":{"@id":"https:\/\/bien-etreiris.ch\/de\/#website"},"primaryImageOfPage":{"@id":"https:\/\/bien-etreiris.ch\/de\/produktpraesentation\/gesundes-leben\/nahrungsergaenzungsmittel\/pflanzenheilkunde-gleichgewicht-durch-heilpflanzen\/oxymel\/ruhe\/#primaryimage"},"image":{"@id":"https:\/\/bien-etreiris.ch\/de\/produktpraesentation\/gesundes-leben\/nahrungsergaenzungsmittel\/pflanzenheilkunde-gleichgewicht-durch-heilpflanzen\/oxymel\/ruhe\/#primaryimage"},"thumbnailUrl":"https:\/\/bien-etreiris.ch\/wp-content\/uploads\/2023\/10\/acceuil-melanger-des-plantes-avec-Repos.jpg","datePublished":"2023-10-21T09:23:00+00:00","dateModified":"2023-10-22T09:44:59+00:00","breadcrumb":{"@id":"https:\/\/bien-etreiris.ch\/de\/produktpraesentation\/gesundes-leben\/nahrungsergaenzungsmittel\/pflanzenheilkunde-gleichgewicht-durch-heilpflanzen\/oxymel\/ruhe\/#breadcrumb"},"inLanguage":"de","potentialAction":[{"@type":"ReadAction","target":["https:\/\/bien-etreiris.ch\/de\/produktpraesentation\/gesundes-leben\/nahrungsergaenzungsmittel\/pflanzenheilkunde-gleichgewicht-durch-heilpflanzen\/oxymel\/ruhe\/"]}]},{"@type":"ImageObject","inLanguage":"de","@id":"https:\/\/bien-etreiris.ch\/de\/produktpraesentation\/gesundes-leben\/nahrungsergaenzungsmittel\/pflanzenheilkunde-gleichgewicht-durch-heilpflanzen\/oxymel\/ruhe\/#primaryimage","url":"https:\/\/bien-etreiris.ch\/wp-content\/uploads\/2023\/10\/acceuil-melanger-des-plantes-avec-Repos.jpg","contentUrl":"https:\/\/bien-etreiris.ch\/wp-content\/uploads\/2023\/10\/acceuil-melanger-des-plantes-avec-Repos.jpg","width":500,"height":333},{"@type":"BreadcrumbList","@id":"https:\/\/bien-etreiris.ch\/de\/produktpraesentation\/gesundes-leben\/nahrungsergaenzungsmittel\/pflanzenheilkunde-gleichgewicht-durch-heilpflanzen\/oxymel\/ruhe\/#breadcrumb","itemListElement":[{"@type":"ListItem","position":1,"name":"Home","item":"https:\/\/bien-etreiris.ch\/de\/"},{"@type":"ListItem","position":2,"name":"PRODUKTPR\u00c4SENTATION","item":"https:\/\/bien-etreiris.ch\/de\/produktpraesentation\/"},{"@type":"ListItem","position":3,"name":"GESUNDES LEBEN","item":"https:\/\/bien-etreiris.ch\/de\/produktpraesentation\/gesundes-leben\/"},{"@type":"ListItem","position":4,"name":"NAHRUNGSERG\u00c4NZUNG","item":"https:\/\/bien-etreiris.ch\/de\/produktpraesentation\/gesundes-leben\/nahrungsergaenzungsmittel\/"},{"@type":"ListItem","position":5,"name":"PFLANZENHEILKUNDE","item":"https:\/\/bien-etreiris.ch\/de\/produktpraesentation\/gesundes-leben\/nahrungsergaenzungsmittel\/pflanzenheilkunde-gleichgewicht-durch-heilpflanzen\/"},{"@type":"ListItem","position":6,"name":"OXYMEL","item":"https:\/\/bien-etreiris.ch\/de\/produktpraesentation\/gesundes-leben\/nahrungsergaenzungsmittel\/pflanzenheilkunde-gleichgewicht-durch-heilpflanzen\/oxymel\/"},{"@type":"ListItem","position":7,"name":"RUHE"}]},{"@type":"WebSite","@id":"https:\/\/bien-etreiris.ch\/de\/#website","url":"https:\/\/bien-etreiris.ch\/de\/","name":"Bien-\u00eatre Iris","description":"IHRE Gesundheit ist uns wichtig","potentialAction":[{"@type":"SearchAction","target":{"@type":"EntryPoint","urlTemplate":"https:\/\/bien-etreiris.ch\/de\/?s={search_term_string}"},"query-input":{"@type":"PropertyValueSpecification","valueRequired":true,"valueName":"search_term_string"}}],"inLanguage":"de"}]}},"_links":{"self":[{"href":"https:\/\/bien-etreiris.ch\/de\/wp-json\/wp\/v2\/pages\/77655","targetHints":{"allow":["GET"]}}],"collection":[{"href":"https:\/\/bien-etreiris.ch\/de\/wp-json\/wp\/v2\/pages"}],"about":[{"href":"https:\/\/bien-etreiris.ch\/de\/wp-json\/wp\/v2\/types\/page"}],"author":[{"embeddable":true,"href":"https:\/\/bien-etreiris.ch\/de\/wp-json\/wp\/v2\/users\/1"}],"replies":[{"embeddable":true,"href":"https:\/\/bien-etreiris.ch\/de\/wp-json\/wp\/v2\/comments?post=77655"}],"version-history":[{"count":8,"href":"https:\/\/bien-etreiris.ch\/de\/wp-json\/wp\/v2\/pages\/77655\/revisions"}],"predecessor-version":[{"id":77863,"href":"https:\/\/bien-etreiris.ch\/de\/wp-json\/wp\/v2\/pages\/77655\/revisions\/77863"}],"up":[{"embeddable":true,"href":"https:\/\/bien-etreiris.ch\/de\/wp-json\/wp\/v2\/pages\/77616"}],"wp:featuredmedia":[{"embeddable":true,"href":"https:\/\/bien-etreiris.ch\/de\/wp-json\/wp\/v2\/media\/77648"}],"wp:attachment":[{"href":"https:\/\/bien-etreiris.ch\/de\/wp-json\/wp\/v2\/media?parent=77655"}],"curies":[{"name":"wp","href":"https:\/\/api.w.org\/{rel}","templated":true}]}}