{"id":77623,"date":"2023-10-21T10:48:03","date_gmt":"2023-10-21T08:48:03","guid":{"rendered":"https:\/\/bien-etreiris.ch\/produktpraesentation\/gesundes-leben\/nahrungsergaenzungsmittel\/pflanzenheilkunde-gleichgewicht-durch-heilpflanzen\/oxymel\/zyklus\/"},"modified":"2023-10-22T12:50:31","modified_gmt":"2023-10-22T10:50:31","slug":"zyklus","status":"publish","type":"page","link":"https:\/\/bien-etreiris.ch\/de\/produktpraesentation\/gesundes-leben\/nahrungsergaenzungsmittel\/pflanzenheilkunde-gleichgewicht-durch-heilpflanzen\/oxymel\/zyklus\/","title":{"rendered":"ZYKLUS"},"content":{"rendered":"<h2>Zyklus<\/h2>\n<p>Wie der Mond verl\u00e4uft auch unsere Natur in Zyklen. Verbinde dich mit den <em>unterschiedlichen Phasen deines Zyklus<\/em> und nimm dir mit duftenden Wildkr\u00e4utern Momente der Entspannung und Erdung.<\/p>\n<p><a href=\"https:\/\/bien-etreiris.ch\/de\/produktpraesentation\/gesundes-leben\/nahrungsergaenzungsmittel\/pflanzenheilkunde-gleichgewicht-durch-heilpflanzen\/oxymel\/zyklus\/zyklus-2\/\" rel=\"attachment wp-att-77599\"><img loading=\"lazy\" decoding=\"async\" class=\"wp-image-77599 alignleft\" src=\"https:\/\/bien-etreiris.ch\/wp-content\/uploads\/2023\/10\/zyklus.jpg\" alt=\"\" width=\"248\" height=\"407\" srcset=\"https:\/\/bien-etreiris.ch\/wp-content\/uploads\/2023\/10\/zyklus.jpg 403w, https:\/\/bien-etreiris.ch\/wp-content\/uploads\/2023\/10\/zyklus-183x300.jpg 183w\" sizes=\"auto, (max-width: 248px) 100vw, 248px\" \/><\/a><\/p>\n<p>&nbsp;<\/p>\n<p>&nbsp;<\/p>\n<p>&nbsp;<\/p>\n<p>&nbsp;<\/p>\n<p>&nbsp;<\/p>\n<h4><a href=\"https:\/\/bien-etreiris.ch\/de\/unsere-marken\/kruut\/\" target=\"_blank\" rel=\"noopener\"><span style=\"color: #ffcc00;\">Kruut<\/span><\/a><\/h4>\n<ul style=\"list-style-type: disc;\">\n<li>\n<div class=\"product-single__description rte\">\n<ul style=\"list-style-type: disc;\">\n<li><strong>Duftende Frauenkr\u00e4uter.<\/strong>&nbsp;Lavendel, Hanfbl\u00e4tter, Frauenmantel und G\u00e4nsefingerkraut. Hallo Wohlgef\u00fchl!<\/li>\n<li><strong>Selfcare f\u00fcr Entspannung und Erdung.&nbsp;<\/strong>St\u00e4rke dich in deinem weiblichen Flow und finde deinen Rhythmus.<\/li>\n<li><strong>Einfache Anwendung.<\/strong>&nbsp;Dein Ritual vor und w\u00e4hrend der Periode. Einen Essl\u00f6ffel mit Wasser mischen, umr\u00fchren und fertig!<\/li>\n<li><strong>100% heimische Bio-Zutaten. <\/strong>Niemals erhitzt. Ohne Zusatzstoffe.&nbsp;Traditioneller&nbsp;Rezeptur.<\/li>\n<\/ul>\n<\/div>\n<\/li>\n<\/ul>\n<p><strong>Gr\u00f6ssen:<\/strong><br \/>\n150ml enthalten 15 Portionen&nbsp; und reichen f\u00fcr eine 2-Wochen-Kur <strong>CHF 15.90<\/strong><\/p>\n<p>&nbsp;<\/p>\n<p>&nbsp;<\/p>\n<div class=\"trigger is-active\">\n<h2>Oxymel Zyklus<\/h2>\n<\/div>\n<div class=\"block-content\">\n<p><strong>Oxymel<\/strong> ist eine traditionelle Rezeptur aus rohem Bl\u00fctenhonig, naturtr\u00fcbem Demeter-Apfelessig und einer Auswahl frischer Wildkr\u00e4uter. Deine Tinktur wird in einem schonenden Verfahren \u00fcber Wochen ger\u00fchrt und dabei niemals erhitzt. So bleiben alle Inhaltsstoffe in Rohkostqualit\u00e4t erhalten. F\u00fcr den echten Geschmack der Natur.<\/p>\n<p><strong>Wildkr\u00e4uter:<\/strong> In diesem leckeren Bio-Kr\u00e4uterauszug sind Hanfbl\u00e4tter, Frauenmantel und G\u00e4nsefingerkraut enthalten. Lavendel rundet die Komposition ab und bringt dir duftende Ruhe ins Glas.<\/p>\n<p><strong>Die Sorte:<\/strong> Der weibliche Rhythmus ist ein ausbalancierter Wohlklang, dem wir viel h\u00e4ufiger Beachtung schenken sollten. Bevor dieser aus dem Takt ger\u00e4t, kannst du ihn mit Achtsamkeit wieder ausbalancieren.&nbsp;<\/p>\n<p><strong>Situation:<\/strong> Unser Oxymel Zyklus ist ein ideales Selfcare-Ritual kurz vor und w\u00e4hrend der Periode. Nimm dir einen Moment der Entspannung mit einem Essl\u00f6ffel auf 150ml stilles Wasser.<\/p>\n<p><strong>Geschmack:<\/strong> blumig, frisch, lavendel<\/p>\n<p><strong>Diese Sorte in drei Worten:<\/strong> Selfcare, blumig-frisch, Achtsamkeitsritual<\/p>\n<\/div>\n<p>&nbsp;<\/p>\n<p>&nbsp;<\/p>\n<p><a href=\"https:\/\/bien-etreiris.ch\/de\/produktpraesentation\/gesundes-leben\/nahrungsergaenzungsmittel\/pflanzenheilkunde-gleichgewicht-durch-heilpflanzen\/oxymel\/cycles\/zycle-1\/\" rel=\"attachment wp-att-77877\"><img loading=\"lazy\" decoding=\"async\" class=\"size-full wp-image-77877 alignleft\" src=\"https:\/\/bien-etreiris.ch\/wp-content\/uploads\/2023\/10\/zycle-1.png\" alt=\"\" width=\"174\" height=\"173\" srcset=\"https:\/\/bien-etreiris.ch\/wp-content\/uploads\/2023\/10\/zycle-1.png 174w, https:\/\/bien-etreiris.ch\/wp-content\/uploads\/2023\/10\/zycle-1-150x150.png 150w\" sizes=\"auto, (max-width: 174px) 100vw, 174px\" \/><\/a><\/p>\n<h4>Die Natur verl\u00e4uft in Zyklen, bestimmt durch Sonne, Mond und die Drehung der Erde. Auch wir haben unseren ganz eigenen Rhythmus. Dieser Oxymel ist eine Einladung an dich, <em>deinen Zyklus zu zelebrieren<\/em>.&nbsp;<\/h4>\n<p>&nbsp;<\/p>\n<p>&nbsp;<\/p>\n","protected":false},"excerpt":{"rendered":"<p>Zyklus Wie der Mond verl\u00e4uft auch unsere Natur in Zyklen. Verbinde dich mit den unterschiedlichen Phasen deines Zyklus und nimm dir mit duftenden Wildkr\u00e4utern Momente der Entspannung und Erdung. &nbsp; &nbsp; &nbsp; &nbsp; &nbsp; Kruut Duftende Frauenkr\u00e4uter.&nbsp;Lavendel, Hanfbl\u00e4tter, Frauenmantel und G\u00e4nsefingerkraut. Hallo Wohlgef\u00fchl! Selfcare f\u00fcr Entspannung und Erdung.&nbsp;St\u00e4rke dich in deinem weiblichen Flow und finde deinen Rhythmus. Einfache Anwendung.&nbsp;Dein Ritual&nbsp;<a href=\"https:\/\/bien-etreiris.ch\/de\/produktpraesentation\/gesundes-leben\/nahrungsergaenzungsmittel\/pflanzenheilkunde-gleichgewicht-durch-heilpflanzen\/oxymel\/zyklus\/\" class=\"read-more\">Weiter lesen<\/a><\/p>\n","protected":false},"author":1,"featured_media":77608,"parent":77616,"menu_order":2707,"comment_status":"closed","ping_status":"closed","template":"page-with-child.php","meta":{"_acf_changed":false,"ngg_post_thumbnail":0,"footnotes":""},"class_list":["post-77623","page","type-page","status-publish","has-post-thumbnail","hentry"],"acf":[],"yoast_head":"<!-- This site is optimized with the Yoast SEO plugin v27.4 - https:\/\/yoast.com\/product\/yoast-seo-wordpress\/ -->\n<title>ZYKLUS - WOHLBEFINDEN<\/title>\n<meta name=\"robots\" content=\"index, follow, max-snippet:-1, max-image-preview:large, max-video-preview:-1\" \/>\n<link rel=\"canonical\" href=\"https:\/\/bien-etreiris.ch\/de\/produktpraesentation\/gesundes-leben\/nahrungsergaenzungsmittel\/pflanzenheilkunde-gleichgewicht-durch-heilpflanzen\/oxymel\/zyklus\/\" \/>\n<meta property=\"og:locale\" content=\"de_DE\" \/>\n<meta property=\"og:type\" content=\"article\" \/>\n<meta property=\"og:title\" content=\"ZYKLUS - WOHLBEFINDEN\" \/>\n<meta property=\"og:description\" content=\"Zyklus Wie der Mond verl\u00e4uft auch unsere Natur in Zyklen. Verbinde dich mit den unterschiedlichen Phasen deines Zyklus und nimm dir mit duftenden Wildkr\u00e4utern Momente der Entspannung und Erdung. &nbsp; &nbsp; &nbsp; &nbsp; &nbsp; Kruut Duftende Frauenkr\u00e4uter.&nbsp;Lavendel, Hanfbl\u00e4tter, Frauenmantel und G\u00e4nsefingerkraut. Hallo Wohlgef\u00fchl! Selfcare f\u00fcr Entspannung und Erdung.&nbsp;St\u00e4rke dich in deinem weiblichen Flow und finde deinen Rhythmus. Einfache Anwendung.&nbsp;Dein Ritual&nbsp;Weiter lesen\" \/>\n<meta property=\"og:url\" content=\"https:\/\/bien-etreiris.ch\/de\/produktpraesentation\/gesundes-leben\/nahrungsergaenzungsmittel\/pflanzenheilkunde-gleichgewicht-durch-heilpflanzen\/oxymel\/zyklus\/\" \/>\n<meta property=\"og:site_name\" content=\"WOHLBEFINDEN\" \/>\n<meta property=\"article:publisher\" content=\"https:\/\/www.facebook.com\/bienetreiris\/\" \/>\n<meta property=\"article:modified_time\" content=\"2023-10-22T10:50:31+00:00\" \/>\n<meta property=\"og:image\" content=\"https:\/\/bien-etreiris.ch\/wp-content\/uploads\/2023\/10\/acceuil-melanger-des-plantes-avec-Zyklus.jpg\" \/>\n\t<meta property=\"og:image:width\" content=\"500\" \/>\n\t<meta property=\"og:image:height\" content=\"333\" \/>\n\t<meta property=\"og:image:type\" content=\"image\/jpeg\" \/>\n<meta name=\"twitter:label1\" content=\"Gesch\u00e4tzte Lesezeit\" \/>\n\t<meta name=\"twitter:data1\" content=\"2\u00a0Minuten\" \/>\n<script type=\"application\/ld+json\" class=\"yoast-schema-graph\">{\"@context\":\"https:\\\/\\\/schema.org\",\"@graph\":[{\"@type\":\"WebPage\",\"@id\":\"https:\\\/\\\/bien-etreiris.ch\\\/de\\\/produktpraesentation\\\/gesundes-leben\\\/nahrungsergaenzungsmittel\\\/pflanzenheilkunde-gleichgewicht-durch-heilpflanzen\\\/oxymel\\\/zyklus\\\/\",\"url\":\"https:\\\/\\\/bien-etreiris.ch\\\/de\\\/produktpraesentation\\\/gesundes-leben\\\/nahrungsergaenzungsmittel\\\/pflanzenheilkunde-gleichgewicht-durch-heilpflanzen\\\/oxymel\\\/zyklus\\\/\",\"name\":\"ZYKLUS - WOHLBEFINDEN\",\"isPartOf\":{\"@id\":\"https:\\\/\\\/bien-etreiris.ch\\\/de\\\/#website\"},\"primaryImageOfPage\":{\"@id\":\"https:\\\/\\\/bien-etreiris.ch\\\/de\\\/produktpraesentation\\\/gesundes-leben\\\/nahrungsergaenzungsmittel\\\/pflanzenheilkunde-gleichgewicht-durch-heilpflanzen\\\/oxymel\\\/zyklus\\\/#primaryimage\"},\"image\":{\"@id\":\"https:\\\/\\\/bien-etreiris.ch\\\/de\\\/produktpraesentation\\\/gesundes-leben\\\/nahrungsergaenzungsmittel\\\/pflanzenheilkunde-gleichgewicht-durch-heilpflanzen\\\/oxymel\\\/zyklus\\\/#primaryimage\"},\"thumbnailUrl\":\"https:\\\/\\\/bien-etreiris.ch\\\/wp-content\\\/uploads\\\/2023\\\/10\\\/acceuil-melanger-des-plantes-avec-Zyklus.jpg\",\"datePublished\":\"2023-10-21T08:48:03+00:00\",\"dateModified\":\"2023-10-22T10:50:31+00:00\",\"breadcrumb\":{\"@id\":\"https:\\\/\\\/bien-etreiris.ch\\\/de\\\/produktpraesentation\\\/gesundes-leben\\\/nahrungsergaenzungsmittel\\\/pflanzenheilkunde-gleichgewicht-durch-heilpflanzen\\\/oxymel\\\/zyklus\\\/#breadcrumb\"},\"inLanguage\":\"de\",\"potentialAction\":[{\"@type\":\"ReadAction\",\"target\":[\"https:\\\/\\\/bien-etreiris.ch\\\/de\\\/produktpraesentation\\\/gesundes-leben\\\/nahrungsergaenzungsmittel\\\/pflanzenheilkunde-gleichgewicht-durch-heilpflanzen\\\/oxymel\\\/zyklus\\\/\"]}]},{\"@type\":\"ImageObject\",\"inLanguage\":\"de\",\"@id\":\"https:\\\/\\\/bien-etreiris.ch\\\/de\\\/produktpraesentation\\\/gesundes-leben\\\/nahrungsergaenzungsmittel\\\/pflanzenheilkunde-gleichgewicht-durch-heilpflanzen\\\/oxymel\\\/zyklus\\\/#primaryimage\",\"url\":\"https:\\\/\\\/bien-etreiris.ch\\\/wp-content\\\/uploads\\\/2023\\\/10\\\/acceuil-melanger-des-plantes-avec-Zyklus.jpg\",\"contentUrl\":\"https:\\\/\\\/bien-etreiris.ch\\\/wp-content\\\/uploads\\\/2023\\\/10\\\/acceuil-melanger-des-plantes-avec-Zyklus.jpg\",\"width\":500,\"height\":333},{\"@type\":\"BreadcrumbList\",\"@id\":\"https:\\\/\\\/bien-etreiris.ch\\\/de\\\/produktpraesentation\\\/gesundes-leben\\\/nahrungsergaenzungsmittel\\\/pflanzenheilkunde-gleichgewicht-durch-heilpflanzen\\\/oxymel\\\/zyklus\\\/#breadcrumb\",\"itemListElement\":[{\"@type\":\"ListItem\",\"position\":1,\"name\":\"Home\",\"item\":\"https:\\\/\\\/bien-etreiris.ch\\\/de\\\/\"},{\"@type\":\"ListItem\",\"position\":2,\"name\":\"PRODUKTPR\u00c4SENTATION\",\"item\":\"https:\\\/\\\/bien-etreiris.ch\\\/de\\\/produktpraesentation\\\/\"},{\"@type\":\"ListItem\",\"position\":3,\"name\":\"GESUNDES LEBEN\",\"item\":\"https:\\\/\\\/bien-etreiris.ch\\\/de\\\/produktpraesentation\\\/gesundes-leben\\\/\"},{\"@type\":\"ListItem\",\"position\":4,\"name\":\"NAHRUNGSERG\u00c4NZUNG\",\"item\":\"https:\\\/\\\/bien-etreiris.ch\\\/de\\\/produktpraesentation\\\/gesundes-leben\\\/nahrungsergaenzungsmittel\\\/\"},{\"@type\":\"ListItem\",\"position\":5,\"name\":\"PFLANZENHEILKUNDE\",\"item\":\"https:\\\/\\\/bien-etreiris.ch\\\/de\\\/produktpraesentation\\\/gesundes-leben\\\/nahrungsergaenzungsmittel\\\/pflanzenheilkunde-gleichgewicht-durch-heilpflanzen\\\/\"},{\"@type\":\"ListItem\",\"position\":6,\"name\":\"OXYMEL\",\"item\":\"https:\\\/\\\/bien-etreiris.ch\\\/de\\\/produktpraesentation\\\/gesundes-leben\\\/nahrungsergaenzungsmittel\\\/pflanzenheilkunde-gleichgewicht-durch-heilpflanzen\\\/oxymel\\\/\"},{\"@type\":\"ListItem\",\"position\":7,\"name\":\"ZYKLUS\"}]},{\"@type\":\"WebSite\",\"@id\":\"https:\\\/\\\/bien-etreiris.ch\\\/de\\\/#website\",\"url\":\"https:\\\/\\\/bien-etreiris.ch\\\/de\\\/\",\"name\":\"Bien-\u00eatre Iris\",\"description\":\"IHRE Gesundheit ist uns wichtig\",\"potentialAction\":[{\"@type\":\"SearchAction\",\"target\":{\"@type\":\"EntryPoint\",\"urlTemplate\":\"https:\\\/\\\/bien-etreiris.ch\\\/de\\\/?s={search_term_string}\"},\"query-input\":{\"@type\":\"PropertyValueSpecification\",\"valueRequired\":true,\"valueName\":\"search_term_string\"}}],\"inLanguage\":\"de\"}]}<\/script>\n<!-- \/ Yoast SEO plugin. -->","yoast_head_json":{"title":"ZYKLUS - WOHLBEFINDEN","robots":{"index":"index","follow":"follow","max-snippet":"max-snippet:-1","max-image-preview":"max-image-preview:large","max-video-preview":"max-video-preview:-1"},"canonical":"https:\/\/bien-etreiris.ch\/de\/produktpraesentation\/gesundes-leben\/nahrungsergaenzungsmittel\/pflanzenheilkunde-gleichgewicht-durch-heilpflanzen\/oxymel\/zyklus\/","og_locale":"de_DE","og_type":"article","og_title":"ZYKLUS - WOHLBEFINDEN","og_description":"Zyklus Wie der Mond verl\u00e4uft auch unsere Natur in Zyklen. Verbinde dich mit den unterschiedlichen Phasen deines Zyklus und nimm dir mit duftenden Wildkr\u00e4utern Momente der Entspannung und Erdung. &nbsp; &nbsp; &nbsp; &nbsp; &nbsp; Kruut Duftende Frauenkr\u00e4uter.&nbsp;Lavendel, Hanfbl\u00e4tter, Frauenmantel und G\u00e4nsefingerkraut. Hallo Wohlgef\u00fchl! Selfcare f\u00fcr Entspannung und Erdung.&nbsp;St\u00e4rke dich in deinem weiblichen Flow und finde deinen Rhythmus. Einfache Anwendung.&nbsp;Dein Ritual&nbsp;Weiter lesen","og_url":"https:\/\/bien-etreiris.ch\/de\/produktpraesentation\/gesundes-leben\/nahrungsergaenzungsmittel\/pflanzenheilkunde-gleichgewicht-durch-heilpflanzen\/oxymel\/zyklus\/","og_site_name":"WOHLBEFINDEN","article_publisher":"https:\/\/www.facebook.com\/bienetreiris\/","article_modified_time":"2023-10-22T10:50:31+00:00","og_image":[{"width":500,"height":333,"url":"https:\/\/bien-etreiris.ch\/wp-content\/uploads\/2023\/10\/acceuil-melanger-des-plantes-avec-Zyklus.jpg","type":"image\/jpeg"}],"twitter_misc":{"Gesch\u00e4tzte Lesezeit":"2\u00a0Minuten"},"schema":{"@context":"https:\/\/schema.org","@graph":[{"@type":"WebPage","@id":"https:\/\/bien-etreiris.ch\/de\/produktpraesentation\/gesundes-leben\/nahrungsergaenzungsmittel\/pflanzenheilkunde-gleichgewicht-durch-heilpflanzen\/oxymel\/zyklus\/","url":"https:\/\/bien-etreiris.ch\/de\/produktpraesentation\/gesundes-leben\/nahrungsergaenzungsmittel\/pflanzenheilkunde-gleichgewicht-durch-heilpflanzen\/oxymel\/zyklus\/","name":"ZYKLUS - WOHLBEFINDEN","isPartOf":{"@id":"https:\/\/bien-etreiris.ch\/de\/#website"},"primaryImageOfPage":{"@id":"https:\/\/bien-etreiris.ch\/de\/produktpraesentation\/gesundes-leben\/nahrungsergaenzungsmittel\/pflanzenheilkunde-gleichgewicht-durch-heilpflanzen\/oxymel\/zyklus\/#primaryimage"},"image":{"@id":"https:\/\/bien-etreiris.ch\/de\/produktpraesentation\/gesundes-leben\/nahrungsergaenzungsmittel\/pflanzenheilkunde-gleichgewicht-durch-heilpflanzen\/oxymel\/zyklus\/#primaryimage"},"thumbnailUrl":"https:\/\/bien-etreiris.ch\/wp-content\/uploads\/2023\/10\/acceuil-melanger-des-plantes-avec-Zyklus.jpg","datePublished":"2023-10-21T08:48:03+00:00","dateModified":"2023-10-22T10:50:31+00:00","breadcrumb":{"@id":"https:\/\/bien-etreiris.ch\/de\/produktpraesentation\/gesundes-leben\/nahrungsergaenzungsmittel\/pflanzenheilkunde-gleichgewicht-durch-heilpflanzen\/oxymel\/zyklus\/#breadcrumb"},"inLanguage":"de","potentialAction":[{"@type":"ReadAction","target":["https:\/\/bien-etreiris.ch\/de\/produktpraesentation\/gesundes-leben\/nahrungsergaenzungsmittel\/pflanzenheilkunde-gleichgewicht-durch-heilpflanzen\/oxymel\/zyklus\/"]}]},{"@type":"ImageObject","inLanguage":"de","@id":"https:\/\/bien-etreiris.ch\/de\/produktpraesentation\/gesundes-leben\/nahrungsergaenzungsmittel\/pflanzenheilkunde-gleichgewicht-durch-heilpflanzen\/oxymel\/zyklus\/#primaryimage","url":"https:\/\/bien-etreiris.ch\/wp-content\/uploads\/2023\/10\/acceuil-melanger-des-plantes-avec-Zyklus.jpg","contentUrl":"https:\/\/bien-etreiris.ch\/wp-content\/uploads\/2023\/10\/acceuil-melanger-des-plantes-avec-Zyklus.jpg","width":500,"height":333},{"@type":"BreadcrumbList","@id":"https:\/\/bien-etreiris.ch\/de\/produktpraesentation\/gesundes-leben\/nahrungsergaenzungsmittel\/pflanzenheilkunde-gleichgewicht-durch-heilpflanzen\/oxymel\/zyklus\/#breadcrumb","itemListElement":[{"@type":"ListItem","position":1,"name":"Home","item":"https:\/\/bien-etreiris.ch\/de\/"},{"@type":"ListItem","position":2,"name":"PRODUKTPR\u00c4SENTATION","item":"https:\/\/bien-etreiris.ch\/de\/produktpraesentation\/"},{"@type":"ListItem","position":3,"name":"GESUNDES LEBEN","item":"https:\/\/bien-etreiris.ch\/de\/produktpraesentation\/gesundes-leben\/"},{"@type":"ListItem","position":4,"name":"NAHRUNGSERG\u00c4NZUNG","item":"https:\/\/bien-etreiris.ch\/de\/produktpraesentation\/gesundes-leben\/nahrungsergaenzungsmittel\/"},{"@type":"ListItem","position":5,"name":"PFLANZENHEILKUNDE","item":"https:\/\/bien-etreiris.ch\/de\/produktpraesentation\/gesundes-leben\/nahrungsergaenzungsmittel\/pflanzenheilkunde-gleichgewicht-durch-heilpflanzen\/"},{"@type":"ListItem","position":6,"name":"OXYMEL","item":"https:\/\/bien-etreiris.ch\/de\/produktpraesentation\/gesundes-leben\/nahrungsergaenzungsmittel\/pflanzenheilkunde-gleichgewicht-durch-heilpflanzen\/oxymel\/"},{"@type":"ListItem","position":7,"name":"ZYKLUS"}]},{"@type":"WebSite","@id":"https:\/\/bien-etreiris.ch\/de\/#website","url":"https:\/\/bien-etreiris.ch\/de\/","name":"Bien-\u00eatre Iris","description":"IHRE Gesundheit ist uns wichtig","potentialAction":[{"@type":"SearchAction","target":{"@type":"EntryPoint","urlTemplate":"https:\/\/bien-etreiris.ch\/de\/?s={search_term_string}"},"query-input":{"@type":"PropertyValueSpecification","valueRequired":true,"valueName":"search_term_string"}}],"inLanguage":"de"}]}},"_links":{"self":[{"href":"https:\/\/bien-etreiris.ch\/de\/wp-json\/wp\/v2\/pages\/77623","targetHints":{"allow":["GET"]}}],"collection":[{"href":"https:\/\/bien-etreiris.ch\/de\/wp-json\/wp\/v2\/pages"}],"about":[{"href":"https:\/\/bien-etreiris.ch\/de\/wp-json\/wp\/v2\/types\/page"}],"author":[{"embeddable":true,"href":"https:\/\/bien-etreiris.ch\/de\/wp-json\/wp\/v2\/users\/1"}],"replies":[{"embeddable":true,"href":"https:\/\/bien-etreiris.ch\/de\/wp-json\/wp\/v2\/comments?post=77623"}],"version-history":[{"count":13,"href":"https:\/\/bien-etreiris.ch\/de\/wp-json\/wp\/v2\/pages\/77623\/revisions"}],"predecessor-version":[{"id":77897,"href":"https:\/\/bien-etreiris.ch\/de\/wp-json\/wp\/v2\/pages\/77623\/revisions\/77897"}],"up":[{"embeddable":true,"href":"https:\/\/bien-etreiris.ch\/de\/wp-json\/wp\/v2\/pages\/77616"}],"wp:featuredmedia":[{"embeddable":true,"href":"https:\/\/bien-etreiris.ch\/de\/wp-json\/wp\/v2\/media\/77608"}],"wp:attachment":[{"href":"https:\/\/bien-etreiris.ch\/de\/wp-json\/wp\/v2\/media?parent=77623"}],"curies":[{"name":"wp","href":"https:\/\/api.w.org\/{rel}","templated":true}]}}