{"id":77465,"date":"2023-10-17T16:59:48","date_gmt":"2023-10-17T14:59:48","guid":{"rendered":"https:\/\/bien-etreiris.ch\/produktpraesentation\/hygiene\/haushaltsreinigung\/reinigungszubehoer\/cuillere-doseuse-en-bois\/"},"modified":"2023-11-05T22:15:01","modified_gmt":"2023-11-05T20:15:01","slug":"cuillere-doseuse-en-bois","status":"publish","type":"page","link":"https:\/\/bien-etreiris.ch\/de\/produktpraesentation\/hygiene\/haushaltsreinigung\/reinigungszubehoer\/cuillere-doseuse-en-bois\/","title":{"rendered":"CUILLERE DOSEUSE"},"content":{"rendered":"<h2><span style=\"color: #ccffcc;\">Cuill\u00e8re doseuse en bois Washo <\/span><br><span style=\"color: #ccffcc;\">100% swiss made en bois suisse<\/span><\/h2>\n\n\n<p><a href=\"https:\/\/bien-etreiris.ch\/?attachment_id=77460\" rel=\"attachment wp-att-77457\"><img loading=\"lazy\" decoding=\"async\" class=\"wp-image-77460  alignleft\" src=\"https:\/\/bien-etreiris.ch\/wp-content\/uploads\/2023\/10\/cuiller-a-mesurer-2.jpg\" alt=\"\" width=\"324\" height=\"398\" srcset=\"https:\/\/bien-etreiris.ch\/wp-content\/uploads\/2023\/10\/cuiller-a-mesurer-2.jpg 775w, https:\/\/bien-etreiris.ch\/wp-content\/uploads\/2023\/10\/cuiller-a-mesurer-2-244x300.jpg 244w, https:\/\/bien-etreiris.ch\/wp-content\/uploads\/2023\/10\/cuiller-a-mesurer-2-768x943.jpg 768w\" sizes=\"auto, (max-width: 324px) 100vw, 324px\" \/><\/a><\/p>\n\n\n<p>&nbsp;<\/p>\n<p>&nbsp;<\/p>\n<p>&nbsp;<\/p>\n<p>&nbsp;<\/p>\n<p>&nbsp;<\/p>\n<p>&nbsp;<\/p>\n<p>&nbsp;<\/p>\n<p>1 pi\u00e8ces <strong>CHF 7.10<\/strong><\/p>\n<p>&nbsp;<\/p>\n<p>&nbsp;<\/p>\n<p>&nbsp;<\/p>\n<p>&nbsp;<\/p>\n<p>Pour l'amour de l'environnement, un dosage simple, conscient et judicieux. <br>La cuill\u00e8re doseuse en bois Washo est une aide simple au dosage de l'eau de Javel oxyg\u00e9n\u00e9e Washo et d'autres produits en poudre pr\u00e9f\u00e9r\u00e9s. Avec une quantit\u00e9 de remplissage de 10 ml, elle met un terme \u00e0 la pollution inutile de l'environnement due au surdosage des poudres de lavage. Cela permet non seulement d'\u00e9conomiser les ressources naturelles, mais aussi de m\u00e9nager ton porte-monnaie. <br>Garantie de satisfaction remboursement \u00e0 100%. <br>La cuill\u00e8re doseuse de Washo est fabriqu\u00e9e en bois naturel suisse pur, par une entreprise familiale de Bauma dans le canton de Zurich.<\/p>\n<h4>Moins, c'est souvent plus<\/h4>\n<p>Avec les produits de lavage et de nettoyage traditionnels, on tire souvent au canon sur des moineaux. Il n'est pas rare que les quantit\u00e9s de dosage indiqu\u00e9es soient inutilement \u00e9lev\u00e9es et polluent ainsi nos eaux et notre environnement. La cuill\u00e8re doseuse en bois Washo doit aider \u00e0 renforcer notre conscience d'une mesure saine et \u00e0 m\u00e9nager les ressources de notre plan\u00e8te. <br>\"aussi peu que possible - juste ce qu'il faut\".<\/p>\n<h4>Avantages pour toi et l'environnement<\/h4>\n<ul style=\"list-style-type: disc;\">\n<li>100% biod\u00e9gradable<\/li>\n<li>100% swiss made<\/li>\n<li>100% bois naturel suisse<\/li>\n<\/ul>\n<p>&nbsp;<\/p>\n<h4>Application<\/h4>\n<p>1 cuill\u00e8re doseuse en bois Washo = 10ml <br>La cuill\u00e8re doseuse Washo est fabriqu\u00e9e en bois naturel 100% suisse. Veuillez \u00e9viter tout contact avec l'eau et conserver la cuill\u00e8re doseuse dans un endroit prot\u00e9g\u00e9 et sec (par ex. dans la bo\u00cete de conservation Washo).<\/p>\n<p><em><strong>Ne convient pas pour les lessives et les d\u00e9tergents liquides.<\/strong> <\/em><\/p>","protected":false},"excerpt":{"rendered":"<p>Cuill\u00e8re doseuse en bois Washo 100% swiss made en bois suisse &nbsp; &nbsp; &nbsp; &nbsp; &nbsp; &nbsp; &nbsp; 1 pi\u00e8ces CHF 7.10 &nbsp; &nbsp; &nbsp; &nbsp; Pour l'amour de l'environnement, un dosage simple, conscient et judicieux. La cuill\u00e8re doseuse en bois Washo est une aide simple au dosage de l'eau de Javel oxyg\u00e9n\u00e9e Washo et d'autres produits en poudre pr\u00e9f\u00e9r\u00e9s.&nbsp;<a href=\"https:\/\/bien-etreiris.ch\/de\/produktpraesentation\/hygiene\/haushaltsreinigung\/reinigungszubehoer\/cuillere-doseuse-en-bois\/\" class=\"read-more\">Weiter lesen<\/a><\/p>\n","protected":false},"author":1,"featured_media":77471,"parent":49001,"menu_order":2717,"comment_status":"closed","ping_status":"closed","template":"page-with-child.php","meta":{"_acf_changed":false,"ngg_post_thumbnail":0,"footnotes":""},"class_list":["post-77465","page","type-page","status-publish","has-post-thumbnail","hentry"],"acf":[],"yoast_head":"<!-- This site is optimized with the Yoast SEO plugin v27.4 - https:\/\/yoast.com\/product\/yoast-seo-wordpress\/ -->\n<title>CUILLERE DOSEUSE - WOHLBEFINDEN<\/title>\n<meta name=\"robots\" content=\"index, follow, max-snippet:-1, max-image-preview:large, max-video-preview:-1\" \/>\n<link rel=\"canonical\" href=\"https:\/\/bien-etreiris.ch\/de\/produktpraesentation\/hygiene\/haushaltsreinigung\/reinigungszubehoer\/cuillere-doseuse-en-bois\/\" \/>\n<meta property=\"og:locale\" content=\"de_DE\" \/>\n<meta property=\"og:type\" content=\"article\" \/>\n<meta property=\"og:title\" content=\"CUILLERE DOSEUSE - WOHLBEFINDEN\" \/>\n<meta property=\"og:description\" content=\"Cuill\u00e8re doseuse en bois Washo 100% swiss made en bois suisse &nbsp; &nbsp; &nbsp; &nbsp; &nbsp; &nbsp; &nbsp; 1 pi\u00e8ces CHF 7.10 &nbsp; &nbsp; &nbsp; &nbsp; Pour l&#039;amour de l&#039;environnement, un dosage simple, conscient et judicieux. La cuill\u00e8re doseuse en bois Washo est une aide simple au dosage de l&#039;eau de Javel oxyg\u00e9n\u00e9e Washo et d&#039;autres produits en poudre pr\u00e9f\u00e9r\u00e9s.&nbsp;Weiter lesen\" \/>\n<meta property=\"og:url\" content=\"https:\/\/bien-etreiris.ch\/de\/produktpraesentation\/hygiene\/haushaltsreinigung\/reinigungszubehoer\/cuillere-doseuse-en-bois\/\" \/>\n<meta property=\"og:site_name\" content=\"WOHLBEFINDEN\" \/>\n<meta property=\"article:publisher\" content=\"https:\/\/www.facebook.com\/bienetreiris\/\" \/>\n<meta property=\"article:modified_time\" content=\"2023-11-05T20:15:01+00:00\" \/>\n<meta property=\"og:image\" content=\"https:\/\/bien-etreiris.ch\/wp-content\/uploads\/2023\/10\/Cuillere-doseuse-en-bois-2.jpg\" \/>\n\t<meta property=\"og:image:width\" content=\"500\" \/>\n\t<meta property=\"og:image:height\" content=\"333\" \/>\n\t<meta property=\"og:image:type\" content=\"image\/jpeg\" \/>\n<meta name=\"twitter:label1\" content=\"Gesch\u00e4tzte Lesezeit\" \/>\n\t<meta name=\"twitter:data1\" content=\"2\u00a0Minuten\" \/>\n<script type=\"application\/ld+json\" class=\"yoast-schema-graph\">{\"@context\":\"https:\\\/\\\/schema.org\",\"@graph\":[{\"@type\":\"WebPage\",\"@id\":\"https:\\\/\\\/bien-etreiris.ch\\\/de\\\/produktpraesentation\\\/hygiene\\\/haushaltsreinigung\\\/reinigungszubehoer\\\/cuillere-doseuse-en-bois\\\/\",\"url\":\"https:\\\/\\\/bien-etreiris.ch\\\/de\\\/produktpraesentation\\\/hygiene\\\/haushaltsreinigung\\\/reinigungszubehoer\\\/cuillere-doseuse-en-bois\\\/\",\"name\":\"CUILLERE DOSEUSE - WOHLBEFINDEN\",\"isPartOf\":{\"@id\":\"https:\\\/\\\/bien-etreiris.ch\\\/de\\\/#website\"},\"primaryImageOfPage\":{\"@id\":\"https:\\\/\\\/bien-etreiris.ch\\\/de\\\/produktpraesentation\\\/hygiene\\\/haushaltsreinigung\\\/reinigungszubehoer\\\/cuillere-doseuse-en-bois\\\/#primaryimage\"},\"image\":{\"@id\":\"https:\\\/\\\/bien-etreiris.ch\\\/de\\\/produktpraesentation\\\/hygiene\\\/haushaltsreinigung\\\/reinigungszubehoer\\\/cuillere-doseuse-en-bois\\\/#primaryimage\"},\"thumbnailUrl\":\"https:\\\/\\\/bien-etreiris.ch\\\/wp-content\\\/uploads\\\/2023\\\/10\\\/Cuillere-doseuse-en-bois-2.jpg\",\"datePublished\":\"2023-10-17T14:59:48+00:00\",\"dateModified\":\"2023-11-05T20:15:01+00:00\",\"breadcrumb\":{\"@id\":\"https:\\\/\\\/bien-etreiris.ch\\\/de\\\/produktpraesentation\\\/hygiene\\\/haushaltsreinigung\\\/reinigungszubehoer\\\/cuillere-doseuse-en-bois\\\/#breadcrumb\"},\"inLanguage\":\"de\",\"potentialAction\":[{\"@type\":\"ReadAction\",\"target\":[\"https:\\\/\\\/bien-etreiris.ch\\\/de\\\/produktpraesentation\\\/hygiene\\\/haushaltsreinigung\\\/reinigungszubehoer\\\/cuillere-doseuse-en-bois\\\/\"]}]},{\"@type\":\"ImageObject\",\"inLanguage\":\"de\",\"@id\":\"https:\\\/\\\/bien-etreiris.ch\\\/de\\\/produktpraesentation\\\/hygiene\\\/haushaltsreinigung\\\/reinigungszubehoer\\\/cuillere-doseuse-en-bois\\\/#primaryimage\",\"url\":\"https:\\\/\\\/bien-etreiris.ch\\\/wp-content\\\/uploads\\\/2023\\\/10\\\/Cuillere-doseuse-en-bois-2.jpg\",\"contentUrl\":\"https:\\\/\\\/bien-etreiris.ch\\\/wp-content\\\/uploads\\\/2023\\\/10\\\/Cuillere-doseuse-en-bois-2.jpg\",\"width\":500,\"height\":333},{\"@type\":\"BreadcrumbList\",\"@id\":\"https:\\\/\\\/bien-etreiris.ch\\\/de\\\/produktpraesentation\\\/hygiene\\\/haushaltsreinigung\\\/reinigungszubehoer\\\/cuillere-doseuse-en-bois\\\/#breadcrumb\",\"itemListElement\":[{\"@type\":\"ListItem\",\"position\":1,\"name\":\"Home\",\"item\":\"https:\\\/\\\/bien-etreiris.ch\\\/de\\\/\"},{\"@type\":\"ListItem\",\"position\":2,\"name\":\"PRODUKTPR\u00c4SENTATION\",\"item\":\"https:\\\/\\\/bien-etreiris.ch\\\/de\\\/produktpraesentation\\\/\"},{\"@type\":\"ListItem\",\"position\":3,\"name\":\"HYGIENE\",\"item\":\"https:\\\/\\\/bien-etreiris.ch\\\/de\\\/produktpraesentation\\\/hygiene\\\/\"},{\"@type\":\"ListItem\",\"position\":4,\"name\":\"HAUSHALTSREINIGUNG\",\"item\":\"https:\\\/\\\/bien-etreiris.ch\\\/de\\\/produktpraesentation\\\/hygiene\\\/haushaltsreinigung\\\/\"},{\"@type\":\"ListItem\",\"position\":5,\"name\":\"REINIGUNGSZUBEH\u00d6R\",\"item\":\"https:\\\/\\\/bien-etreiris.ch\\\/de\\\/produktpraesentation\\\/hygiene\\\/haushaltsreinigung\\\/reinigungszubehoer\\\/\"},{\"@type\":\"ListItem\",\"position\":6,\"name\":\"CUILLERE DOSEUSE\"}]},{\"@type\":\"WebSite\",\"@id\":\"https:\\\/\\\/bien-etreiris.ch\\\/de\\\/#website\",\"url\":\"https:\\\/\\\/bien-etreiris.ch\\\/de\\\/\",\"name\":\"Bien-\u00eatre Iris\",\"description\":\"IHRE Gesundheit ist uns wichtig\",\"potentialAction\":[{\"@type\":\"SearchAction\",\"target\":{\"@type\":\"EntryPoint\",\"urlTemplate\":\"https:\\\/\\\/bien-etreiris.ch\\\/de\\\/?s={search_term_string}\"},\"query-input\":{\"@type\":\"PropertyValueSpecification\",\"valueRequired\":true,\"valueName\":\"search_term_string\"}}],\"inLanguage\":\"de\"}]}<\/script>\n<!-- \/ Yoast SEO plugin. -->","yoast_head_json":{"title":"CUILLERE DOSEUSE - WOHLBEFINDEN","robots":{"index":"index","follow":"follow","max-snippet":"max-snippet:-1","max-image-preview":"max-image-preview:large","max-video-preview":"max-video-preview:-1"},"canonical":"https:\/\/bien-etreiris.ch\/de\/produktpraesentation\/hygiene\/haushaltsreinigung\/reinigungszubehoer\/cuillere-doseuse-en-bois\/","og_locale":"de_DE","og_type":"article","og_title":"CUILLERE DOSEUSE - WOHLBEFINDEN","og_description":"Cuill\u00e8re doseuse en bois Washo 100% swiss made en bois suisse &nbsp; &nbsp; &nbsp; &nbsp; &nbsp; &nbsp; &nbsp; 1 pi\u00e8ces CHF 7.10 &nbsp; &nbsp; &nbsp; &nbsp; Pour l'amour de l'environnement, un dosage simple, conscient et judicieux. La cuill\u00e8re doseuse en bois Washo est une aide simple au dosage de l'eau de Javel oxyg\u00e9n\u00e9e Washo et d'autres produits en poudre pr\u00e9f\u00e9r\u00e9s.&nbsp;Weiter lesen","og_url":"https:\/\/bien-etreiris.ch\/de\/produktpraesentation\/hygiene\/haushaltsreinigung\/reinigungszubehoer\/cuillere-doseuse-en-bois\/","og_site_name":"WOHLBEFINDEN","article_publisher":"https:\/\/www.facebook.com\/bienetreiris\/","article_modified_time":"2023-11-05T20:15:01+00:00","og_image":[{"width":500,"height":333,"url":"https:\/\/bien-etreiris.ch\/wp-content\/uploads\/2023\/10\/Cuillere-doseuse-en-bois-2.jpg","type":"image\/jpeg"}],"twitter_misc":{"Gesch\u00e4tzte Lesezeit":"2\u00a0Minuten"},"schema":{"@context":"https:\/\/schema.org","@graph":[{"@type":"WebPage","@id":"https:\/\/bien-etreiris.ch\/de\/produktpraesentation\/hygiene\/haushaltsreinigung\/reinigungszubehoer\/cuillere-doseuse-en-bois\/","url":"https:\/\/bien-etreiris.ch\/de\/produktpraesentation\/hygiene\/haushaltsreinigung\/reinigungszubehoer\/cuillere-doseuse-en-bois\/","name":"CUILLERE DOSEUSE - WOHLBEFINDEN","isPartOf":{"@id":"https:\/\/bien-etreiris.ch\/de\/#website"},"primaryImageOfPage":{"@id":"https:\/\/bien-etreiris.ch\/de\/produktpraesentation\/hygiene\/haushaltsreinigung\/reinigungszubehoer\/cuillere-doseuse-en-bois\/#primaryimage"},"image":{"@id":"https:\/\/bien-etreiris.ch\/de\/produktpraesentation\/hygiene\/haushaltsreinigung\/reinigungszubehoer\/cuillere-doseuse-en-bois\/#primaryimage"},"thumbnailUrl":"https:\/\/bien-etreiris.ch\/wp-content\/uploads\/2023\/10\/Cuillere-doseuse-en-bois-2.jpg","datePublished":"2023-10-17T14:59:48+00:00","dateModified":"2023-11-05T20:15:01+00:00","breadcrumb":{"@id":"https:\/\/bien-etreiris.ch\/de\/produktpraesentation\/hygiene\/haushaltsreinigung\/reinigungszubehoer\/cuillere-doseuse-en-bois\/#breadcrumb"},"inLanguage":"de","potentialAction":[{"@type":"ReadAction","target":["https:\/\/bien-etreiris.ch\/de\/produktpraesentation\/hygiene\/haushaltsreinigung\/reinigungszubehoer\/cuillere-doseuse-en-bois\/"]}]},{"@type":"ImageObject","inLanguage":"de","@id":"https:\/\/bien-etreiris.ch\/de\/produktpraesentation\/hygiene\/haushaltsreinigung\/reinigungszubehoer\/cuillere-doseuse-en-bois\/#primaryimage","url":"https:\/\/bien-etreiris.ch\/wp-content\/uploads\/2023\/10\/Cuillere-doseuse-en-bois-2.jpg","contentUrl":"https:\/\/bien-etreiris.ch\/wp-content\/uploads\/2023\/10\/Cuillere-doseuse-en-bois-2.jpg","width":500,"height":333},{"@type":"BreadcrumbList","@id":"https:\/\/bien-etreiris.ch\/de\/produktpraesentation\/hygiene\/haushaltsreinigung\/reinigungszubehoer\/cuillere-doseuse-en-bois\/#breadcrumb","itemListElement":[{"@type":"ListItem","position":1,"name":"Home","item":"https:\/\/bien-etreiris.ch\/de\/"},{"@type":"ListItem","position":2,"name":"PRODUKTPR\u00c4SENTATION","item":"https:\/\/bien-etreiris.ch\/de\/produktpraesentation\/"},{"@type":"ListItem","position":3,"name":"HYGIENE","item":"https:\/\/bien-etreiris.ch\/de\/produktpraesentation\/hygiene\/"},{"@type":"ListItem","position":4,"name":"HAUSHALTSREINIGUNG","item":"https:\/\/bien-etreiris.ch\/de\/produktpraesentation\/hygiene\/haushaltsreinigung\/"},{"@type":"ListItem","position":5,"name":"REINIGUNGSZUBEH\u00d6R","item":"https:\/\/bien-etreiris.ch\/de\/produktpraesentation\/hygiene\/haushaltsreinigung\/reinigungszubehoer\/"},{"@type":"ListItem","position":6,"name":"CUILLERE DOSEUSE"}]},{"@type":"WebSite","@id":"https:\/\/bien-etreiris.ch\/de\/#website","url":"https:\/\/bien-etreiris.ch\/de\/","name":"Bien-\u00eatre Iris","description":"IHRE Gesundheit ist uns wichtig","potentialAction":[{"@type":"SearchAction","target":{"@type":"EntryPoint","urlTemplate":"https:\/\/bien-etreiris.ch\/de\/?s={search_term_string}"},"query-input":{"@type":"PropertyValueSpecification","valueRequired":true,"valueName":"search_term_string"}}],"inLanguage":"de"}]}},"_links":{"self":[{"href":"https:\/\/bien-etreiris.ch\/de\/wp-json\/wp\/v2\/pages\/77465","targetHints":{"allow":["GET"]}}],"collection":[{"href":"https:\/\/bien-etreiris.ch\/de\/wp-json\/wp\/v2\/pages"}],"about":[{"href":"https:\/\/bien-etreiris.ch\/de\/wp-json\/wp\/v2\/types\/page"}],"author":[{"embeddable":true,"href":"https:\/\/bien-etreiris.ch\/de\/wp-json\/wp\/v2\/users\/1"}],"replies":[{"embeddable":true,"href":"https:\/\/bien-etreiris.ch\/de\/wp-json\/wp\/v2\/comments?post=77465"}],"version-history":[{"count":5,"href":"https:\/\/bien-etreiris.ch\/de\/wp-json\/wp\/v2\/pages\/77465\/revisions"}],"predecessor-version":[{"id":79009,"href":"https:\/\/bien-etreiris.ch\/de\/wp-json\/wp\/v2\/pages\/77465\/revisions\/79009"}],"up":[{"embeddable":true,"href":"https:\/\/bien-etreiris.ch\/de\/wp-json\/wp\/v2\/pages\/49001"}],"wp:featuredmedia":[{"embeddable":true,"href":"https:\/\/bien-etreiris.ch\/de\/wp-json\/wp\/v2\/media\/77471"}],"wp:attachment":[{"href":"https:\/\/bien-etreiris.ch\/de\/wp-json\/wp\/v2\/media?parent=77465"}],"curies":[{"name":"wp","href":"https:\/\/api.w.org\/{rel}","templated":true}]}}