{"id":77438,"date":"2023-10-17T16:36:51","date_gmt":"2023-10-17T14:36:51","guid":{"rendered":"https:\/\/bien-etreiris.ch\/produktpraesentation\/hygiene\/haushaltsreinigung\/reinigungszubehoer\/boites-washo\/"},"modified":"2023-11-05T22:25:22","modified_gmt":"2023-11-05T20:25:22","slug":"boites-washo","status":"publish","type":"page","link":"https:\/\/bien-etreiris.ch\/de\/produktpraesentation\/hygiene\/haushaltsreinigung\/reinigungszubehoer\/boites-washo\/","title":{"rendered":"BO\u00ceTES WASHO"},"content":{"rendered":"\n<h2>Bo\u00eetes de rangements Washo<\/h2>\n<p>&nbsp;<\/p>\n<h4><span style=\"color: #ccffcc;\">Bo\u00eete de conservation des tablettes<\/span><\/h4>\n<p><a href=\"https:\/\/bien-etreiris.ch\/de\/produktpraesentation\/hygiene\/haushaltsreinigung\/reinigungszubehoer\/boites-washo\/boite-washo-petit-2\/\" rel=\"attachment wp-att-77432\"><img loading=\"lazy\" decoding=\"async\" class=\"wp-image-77432 alignleft\" src=\"https:\/\/bien-etreiris.ch\/wp-content\/uploads\/2023\/10\/boite-washo-petit.jpg\" alt=\"\" width=\"369\" height=\"344\" srcset=\"https:\/\/bien-etreiris.ch\/wp-content\/uploads\/2023\/10\/boite-washo-petit.jpg 751w, https:\/\/bien-etreiris.ch\/wp-content\/uploads\/2023\/10\/boite-washo-petit-300x280.jpg 300w\" sizes=\"auto, (max-width: 369px) 100vw, 369px\" \/><\/a><\/p>\n\n\n\n<p>&nbsp;<\/p>\n<p>&nbsp;<\/p>\n<p>&nbsp;<\/p>\n<p>Bo\u00eete de rangement id\u00e9al pour 1 paquet de tablettes lave vaisselle<\/p>\n<p>1 pi\u00e8ce&nbsp; 10 x 10 cm CHF 7.20<\/p>\n<p>offert lors du premier achat des onglets<\/p>\n<p>&nbsp;<\/p>\n<p>&nbsp;<\/p>\n<p>&nbsp;<\/p>\n<p>&nbsp;<\/p>\n<p>&nbsp;<\/p>\n<p>&nbsp;<\/p>\n<p>&nbsp;<\/p>\n<p>&nbsp;<\/p>\n<p>&nbsp;<\/p>\n<p>&nbsp;<\/p>\n<p>&nbsp;<\/p>\n<hr>\n<h4><span style=\"color: #ccffcc;\">Bo\u00eete de Conservation de la poudre de Washo<\/span><\/h4>\n<p><a href=\"https:\/\/bien-etreiris.ch\/de\/produktpraesentation\/hygiene\/haushaltsreinigung\/reinigungszubehoer\/boites-washo\/grand-boite-2\/\" rel=\"attachment wp-att-77446\"><img loading=\"lazy\" decoding=\"async\" class=\"wp-image-77446 alignleft\" src=\"https:\/\/bien-etreiris.ch\/wp-content\/uploads\/2023\/10\/grand-boite.jpg\" alt=\"\" width=\"419\" height=\"321\" srcset=\"https:\/\/bien-etreiris.ch\/wp-content\/uploads\/2023\/10\/grand-boite.jpg 1170w, https:\/\/bien-etreiris.ch\/wp-content\/uploads\/2023\/10\/grand-boite-300x230.jpg 300w, https:\/\/bien-etreiris.ch\/wp-content\/uploads\/2023\/10\/grand-boite-1024x784.jpg 1024w, https:\/\/bien-etreiris.ch\/wp-content\/uploads\/2023\/10\/grand-boite-768x588.jpg 768w\" sizes=\"auto, (max-width: 419px) 100vw, 419px\" \/><\/a><\/p>\n<p>&nbsp;<\/p>\n<p>&nbsp;<\/p>\n<p>&nbsp;<\/p>\n<p>&nbsp;<\/p>\n<p>&nbsp;<\/p>\n<p>1 Bo\u00eete de conservation de la poudre Washo<\/p>\n<p>&nbsp;1 pi\u00e8ce 16 x 10 cm <strong>CHF 9.30<\/strong><\/p>\n<p>&nbsp;<\/p>\n<p>&nbsp;<\/p>\n<p>&nbsp;<\/p>\n<p>&nbsp;<\/p>\n","protected":false},"excerpt":{"rendered":"<p>Bo\u00eetes de rangements Washo &nbsp; Bo\u00eete de conservation des tablettes &nbsp; &nbsp; &nbsp; Bo\u00eete de rangement id\u00e9al pour 1 paquet de tablettes lave vaisselle 1 pi\u00e8ce&nbsp; 10 x 10 cm CHF 7.20 offert lors du premier achat des onglets &nbsp; &nbsp; &nbsp; &nbsp; &nbsp; &nbsp; &nbsp; &nbsp; &nbsp; &nbsp; &nbsp; Bo\u00eete de Conservation de la poudre de Washo &nbsp; &nbsp;&nbsp;<a href=\"https:\/\/bien-etreiris.ch\/de\/produktpraesentation\/hygiene\/haushaltsreinigung\/reinigungszubehoer\/boites-washo\/\" class=\"read-more\">Weiter lesen<\/a><\/p>\n","protected":false},"author":1,"featured_media":77431,"parent":49001,"menu_order":2720,"comment_status":"closed","ping_status":"closed","template":"page-with-child.php","meta":{"_acf_changed":false,"ngg_post_thumbnail":0,"footnotes":""},"class_list":["post-77438","page","type-page","status-publish","has-post-thumbnail","hentry"],"acf":[],"yoast_head":"<!-- This site is optimized with the Yoast SEO plugin v27.4 - https:\/\/yoast.com\/product\/yoast-seo-wordpress\/ -->\n<title>BO\u00ceTES WASHO - WOHLBEFINDEN<\/title>\n<meta name=\"robots\" content=\"index, follow, max-snippet:-1, max-image-preview:large, max-video-preview:-1\" \/>\n<link rel=\"canonical\" href=\"https:\/\/bien-etreiris.ch\/de\/produktpraesentation\/hygiene\/haushaltsreinigung\/reinigungszubehoer\/boites-washo\/\" \/>\n<meta property=\"og:locale\" content=\"de_DE\" \/>\n<meta property=\"og:type\" content=\"article\" \/>\n<meta property=\"og:title\" content=\"BO\u00ceTES WASHO - WOHLBEFINDEN\" \/>\n<meta property=\"og:description\" content=\"Bo\u00eetes de rangements Washo &nbsp; Bo\u00eete de conservation des tablettes &nbsp; &nbsp; &nbsp; Bo\u00eete de rangement id\u00e9al pour 1 paquet de tablettes lave vaisselle 1 pi\u00e8ce&nbsp; 10 x 10 cm CHF 7.20 offert lors du premier achat des onglets &nbsp; &nbsp; &nbsp; &nbsp; &nbsp; &nbsp; &nbsp; &nbsp; &nbsp; &nbsp; &nbsp; Bo\u00eete de Conservation de la poudre de Washo &nbsp; &nbsp;&nbsp;Weiter lesen\" \/>\n<meta property=\"og:url\" content=\"https:\/\/bien-etreiris.ch\/de\/produktpraesentation\/hygiene\/haushaltsreinigung\/reinigungszubehoer\/boites-washo\/\" \/>\n<meta property=\"og:site_name\" content=\"WOHLBEFINDEN\" \/>\n<meta property=\"article:publisher\" content=\"https:\/\/www.facebook.com\/bienetreiris\/\" \/>\n<meta property=\"article:modified_time\" content=\"2023-11-05T20:25:22+00:00\" \/>\n<meta property=\"og:image\" content=\"https:\/\/bien-etreiris.ch\/wp-content\/uploads\/2023\/10\/Boites-metalliques-a-ranger.jpg\" \/>\n\t<meta property=\"og:image:width\" content=\"500\" \/>\n\t<meta property=\"og:image:height\" content=\"333\" \/>\n\t<meta property=\"og:image:type\" content=\"image\/jpeg\" \/>\n<meta name=\"twitter:label1\" content=\"Gesch\u00e4tzte Lesezeit\" \/>\n\t<meta name=\"twitter:data1\" content=\"1\u00a0Minute\" \/>\n<script type=\"application\/ld+json\" class=\"yoast-schema-graph\">{\"@context\":\"https:\\\/\\\/schema.org\",\"@graph\":[{\"@type\":\"WebPage\",\"@id\":\"https:\\\/\\\/bien-etreiris.ch\\\/de\\\/produktpraesentation\\\/hygiene\\\/haushaltsreinigung\\\/reinigungszubehoer\\\/boites-washo\\\/\",\"url\":\"https:\\\/\\\/bien-etreiris.ch\\\/de\\\/produktpraesentation\\\/hygiene\\\/haushaltsreinigung\\\/reinigungszubehoer\\\/boites-washo\\\/\",\"name\":\"BO\u00ceTES WASHO - WOHLBEFINDEN\",\"isPartOf\":{\"@id\":\"https:\\\/\\\/bien-etreiris.ch\\\/de\\\/#website\"},\"primaryImageOfPage\":{\"@id\":\"https:\\\/\\\/bien-etreiris.ch\\\/de\\\/produktpraesentation\\\/hygiene\\\/haushaltsreinigung\\\/reinigungszubehoer\\\/boites-washo\\\/#primaryimage\"},\"image\":{\"@id\":\"https:\\\/\\\/bien-etreiris.ch\\\/de\\\/produktpraesentation\\\/hygiene\\\/haushaltsreinigung\\\/reinigungszubehoer\\\/boites-washo\\\/#primaryimage\"},\"thumbnailUrl\":\"https:\\\/\\\/bien-etreiris.ch\\\/wp-content\\\/uploads\\\/2023\\\/10\\\/Boites-metalliques-a-ranger.jpg\",\"datePublished\":\"2023-10-17T14:36:51+00:00\",\"dateModified\":\"2023-11-05T20:25:22+00:00\",\"breadcrumb\":{\"@id\":\"https:\\\/\\\/bien-etreiris.ch\\\/de\\\/produktpraesentation\\\/hygiene\\\/haushaltsreinigung\\\/reinigungszubehoer\\\/boites-washo\\\/#breadcrumb\"},\"inLanguage\":\"de\",\"potentialAction\":[{\"@type\":\"ReadAction\",\"target\":[\"https:\\\/\\\/bien-etreiris.ch\\\/de\\\/produktpraesentation\\\/hygiene\\\/haushaltsreinigung\\\/reinigungszubehoer\\\/boites-washo\\\/\"]}]},{\"@type\":\"ImageObject\",\"inLanguage\":\"de\",\"@id\":\"https:\\\/\\\/bien-etreiris.ch\\\/de\\\/produktpraesentation\\\/hygiene\\\/haushaltsreinigung\\\/reinigungszubehoer\\\/boites-washo\\\/#primaryimage\",\"url\":\"https:\\\/\\\/bien-etreiris.ch\\\/wp-content\\\/uploads\\\/2023\\\/10\\\/Boites-metalliques-a-ranger.jpg\",\"contentUrl\":\"https:\\\/\\\/bien-etreiris.ch\\\/wp-content\\\/uploads\\\/2023\\\/10\\\/Boites-metalliques-a-ranger.jpg\",\"width\":500,\"height\":333},{\"@type\":\"BreadcrumbList\",\"@id\":\"https:\\\/\\\/bien-etreiris.ch\\\/de\\\/produktpraesentation\\\/hygiene\\\/haushaltsreinigung\\\/reinigungszubehoer\\\/boites-washo\\\/#breadcrumb\",\"itemListElement\":[{\"@type\":\"ListItem\",\"position\":1,\"name\":\"Home\",\"item\":\"https:\\\/\\\/bien-etreiris.ch\\\/de\\\/\"},{\"@type\":\"ListItem\",\"position\":2,\"name\":\"PRODUKTPR\u00c4SENTATION\",\"item\":\"https:\\\/\\\/bien-etreiris.ch\\\/de\\\/produktpraesentation\\\/\"},{\"@type\":\"ListItem\",\"position\":3,\"name\":\"HYGIENE\",\"item\":\"https:\\\/\\\/bien-etreiris.ch\\\/de\\\/produktpraesentation\\\/hygiene\\\/\"},{\"@type\":\"ListItem\",\"position\":4,\"name\":\"HAUSHALTSREINIGUNG\",\"item\":\"https:\\\/\\\/bien-etreiris.ch\\\/de\\\/produktpraesentation\\\/hygiene\\\/haushaltsreinigung\\\/\"},{\"@type\":\"ListItem\",\"position\":5,\"name\":\"REINIGUNGSZUBEH\u00d6R\",\"item\":\"https:\\\/\\\/bien-etreiris.ch\\\/de\\\/produktpraesentation\\\/hygiene\\\/haushaltsreinigung\\\/reinigungszubehoer\\\/\"},{\"@type\":\"ListItem\",\"position\":6,\"name\":\"BO\u00ceTES WASHO\"}]},{\"@type\":\"WebSite\",\"@id\":\"https:\\\/\\\/bien-etreiris.ch\\\/de\\\/#website\",\"url\":\"https:\\\/\\\/bien-etreiris.ch\\\/de\\\/\",\"name\":\"Bien-\u00eatre Iris\",\"description\":\"IHRE Gesundheit ist uns wichtig\",\"potentialAction\":[{\"@type\":\"SearchAction\",\"target\":{\"@type\":\"EntryPoint\",\"urlTemplate\":\"https:\\\/\\\/bien-etreiris.ch\\\/de\\\/?s={search_term_string}\"},\"query-input\":{\"@type\":\"PropertyValueSpecification\",\"valueRequired\":true,\"valueName\":\"search_term_string\"}}],\"inLanguage\":\"de\"}]}<\/script>\n<!-- \/ Yoast SEO plugin. -->","yoast_head_json":{"title":"BO\u00ceTES WASHO - WOHLBEFINDEN","robots":{"index":"index","follow":"follow","max-snippet":"max-snippet:-1","max-image-preview":"max-image-preview:large","max-video-preview":"max-video-preview:-1"},"canonical":"https:\/\/bien-etreiris.ch\/de\/produktpraesentation\/hygiene\/haushaltsreinigung\/reinigungszubehoer\/boites-washo\/","og_locale":"de_DE","og_type":"article","og_title":"BO\u00ceTES WASHO - WOHLBEFINDEN","og_description":"Bo\u00eetes de rangements Washo &nbsp; Bo\u00eete de conservation des tablettes &nbsp; &nbsp; &nbsp; Bo\u00eete de rangement id\u00e9al pour 1 paquet de tablettes lave vaisselle 1 pi\u00e8ce&nbsp; 10 x 10 cm CHF 7.20 offert lors du premier achat des onglets &nbsp; &nbsp; &nbsp; &nbsp; &nbsp; &nbsp; &nbsp; &nbsp; &nbsp; &nbsp; &nbsp; Bo\u00eete de Conservation de la poudre de Washo &nbsp; &nbsp;&nbsp;Weiter lesen","og_url":"https:\/\/bien-etreiris.ch\/de\/produktpraesentation\/hygiene\/haushaltsreinigung\/reinigungszubehoer\/boites-washo\/","og_site_name":"WOHLBEFINDEN","article_publisher":"https:\/\/www.facebook.com\/bienetreiris\/","article_modified_time":"2023-11-05T20:25:22+00:00","og_image":[{"width":500,"height":333,"url":"https:\/\/bien-etreiris.ch\/wp-content\/uploads\/2023\/10\/Boites-metalliques-a-ranger.jpg","type":"image\/jpeg"}],"twitter_misc":{"Gesch\u00e4tzte Lesezeit":"1\u00a0Minute"},"schema":{"@context":"https:\/\/schema.org","@graph":[{"@type":"WebPage","@id":"https:\/\/bien-etreiris.ch\/de\/produktpraesentation\/hygiene\/haushaltsreinigung\/reinigungszubehoer\/boites-washo\/","url":"https:\/\/bien-etreiris.ch\/de\/produktpraesentation\/hygiene\/haushaltsreinigung\/reinigungszubehoer\/boites-washo\/","name":"BO\u00ceTES WASHO - WOHLBEFINDEN","isPartOf":{"@id":"https:\/\/bien-etreiris.ch\/de\/#website"},"primaryImageOfPage":{"@id":"https:\/\/bien-etreiris.ch\/de\/produktpraesentation\/hygiene\/haushaltsreinigung\/reinigungszubehoer\/boites-washo\/#primaryimage"},"image":{"@id":"https:\/\/bien-etreiris.ch\/de\/produktpraesentation\/hygiene\/haushaltsreinigung\/reinigungszubehoer\/boites-washo\/#primaryimage"},"thumbnailUrl":"https:\/\/bien-etreiris.ch\/wp-content\/uploads\/2023\/10\/Boites-metalliques-a-ranger.jpg","datePublished":"2023-10-17T14:36:51+00:00","dateModified":"2023-11-05T20:25:22+00:00","breadcrumb":{"@id":"https:\/\/bien-etreiris.ch\/de\/produktpraesentation\/hygiene\/haushaltsreinigung\/reinigungszubehoer\/boites-washo\/#breadcrumb"},"inLanguage":"de","potentialAction":[{"@type":"ReadAction","target":["https:\/\/bien-etreiris.ch\/de\/produktpraesentation\/hygiene\/haushaltsreinigung\/reinigungszubehoer\/boites-washo\/"]}]},{"@type":"ImageObject","inLanguage":"de","@id":"https:\/\/bien-etreiris.ch\/de\/produktpraesentation\/hygiene\/haushaltsreinigung\/reinigungszubehoer\/boites-washo\/#primaryimage","url":"https:\/\/bien-etreiris.ch\/wp-content\/uploads\/2023\/10\/Boites-metalliques-a-ranger.jpg","contentUrl":"https:\/\/bien-etreiris.ch\/wp-content\/uploads\/2023\/10\/Boites-metalliques-a-ranger.jpg","width":500,"height":333},{"@type":"BreadcrumbList","@id":"https:\/\/bien-etreiris.ch\/de\/produktpraesentation\/hygiene\/haushaltsreinigung\/reinigungszubehoer\/boites-washo\/#breadcrumb","itemListElement":[{"@type":"ListItem","position":1,"name":"Home","item":"https:\/\/bien-etreiris.ch\/de\/"},{"@type":"ListItem","position":2,"name":"PRODUKTPR\u00c4SENTATION","item":"https:\/\/bien-etreiris.ch\/de\/produktpraesentation\/"},{"@type":"ListItem","position":3,"name":"HYGIENE","item":"https:\/\/bien-etreiris.ch\/de\/produktpraesentation\/hygiene\/"},{"@type":"ListItem","position":4,"name":"HAUSHALTSREINIGUNG","item":"https:\/\/bien-etreiris.ch\/de\/produktpraesentation\/hygiene\/haushaltsreinigung\/"},{"@type":"ListItem","position":5,"name":"REINIGUNGSZUBEH\u00d6R","item":"https:\/\/bien-etreiris.ch\/de\/produktpraesentation\/hygiene\/haushaltsreinigung\/reinigungszubehoer\/"},{"@type":"ListItem","position":6,"name":"BO\u00ceTES WASHO"}]},{"@type":"WebSite","@id":"https:\/\/bien-etreiris.ch\/de\/#website","url":"https:\/\/bien-etreiris.ch\/de\/","name":"Bien-\u00eatre Iris","description":"IHRE Gesundheit ist uns wichtig","potentialAction":[{"@type":"SearchAction","target":{"@type":"EntryPoint","urlTemplate":"https:\/\/bien-etreiris.ch\/de\/?s={search_term_string}"},"query-input":{"@type":"PropertyValueSpecification","valueRequired":true,"valueName":"search_term_string"}}],"inLanguage":"de"}]}},"_links":{"self":[{"href":"https:\/\/bien-etreiris.ch\/de\/wp-json\/wp\/v2\/pages\/77438","targetHints":{"allow":["GET"]}}],"collection":[{"href":"https:\/\/bien-etreiris.ch\/de\/wp-json\/wp\/v2\/pages"}],"about":[{"href":"https:\/\/bien-etreiris.ch\/de\/wp-json\/wp\/v2\/types\/page"}],"author":[{"embeddable":true,"href":"https:\/\/bien-etreiris.ch\/de\/wp-json\/wp\/v2\/users\/1"}],"replies":[{"embeddable":true,"href":"https:\/\/bien-etreiris.ch\/de\/wp-json\/wp\/v2\/comments?post=77438"}],"version-history":[{"count":5,"href":"https:\/\/bien-etreiris.ch\/de\/wp-json\/wp\/v2\/pages\/77438\/revisions"}],"predecessor-version":[{"id":79017,"href":"https:\/\/bien-etreiris.ch\/de\/wp-json\/wp\/v2\/pages\/77438\/revisions\/79017"}],"up":[{"embeddable":true,"href":"https:\/\/bien-etreiris.ch\/de\/wp-json\/wp\/v2\/pages\/49001"}],"wp:featuredmedia":[{"embeddable":true,"href":"https:\/\/bien-etreiris.ch\/de\/wp-json\/wp\/v2\/media\/77431"}],"wp:attachment":[{"href":"https:\/\/bien-etreiris.ch\/de\/wp-json\/wp\/v2\/media?parent=77438"}],"curies":[{"name":"wp","href":"https:\/\/api.w.org\/{rel}","templated":true}]}}