{"id":77372,"date":"2023-10-17T10:08:31","date_gmt":"2023-10-17T08:08:31","guid":{"rendered":"https:\/\/bien-etreiris.ch\/produktpraesentation\/hygiene\/haushaltsreinigung\/haushaltsseifen\/waesche-waschen\/washo\/savon-detachant\/"},"modified":"2023-10-18T07:53:31","modified_gmt":"2023-10-18T05:53:31","slug":"savon-detachant","status":"publish","type":"page","link":"https:\/\/bien-etreiris.ch\/de\/produktpraesentation\/hygiene\/haushaltsreinigung\/haushaltsseifen\/waesche-waschen\/washo\/savon-detachant\/","title":{"rendered":"SAVON DETACHANT"},"content":{"rendered":"<h2><span style=\"color: #ccffcc;\"><strong>Savon d\u00e9tachant<\/strong><\/span><\/h2>\n<h4>fort contre les taches tenaces<\/h4>\n\n\n<p><a href=\"https:\/\/bien-etreiris.ch\/de\/produktpraesentation\/hygiene\/haushaltsreinigung\/haushaltsseifen\/waesche-waschen\/washo\/savon-detachant\/savon-detachant-2\/\" rel=\"attachment wp-att-77366\"><img loading=\"lazy\" decoding=\"async\" class=\"wp-image-77366 alignleft\" src=\"https:\/\/bien-etreiris.ch\/wp-content\/uploads\/2023\/10\/Savon-detachant.jpg\" alt=\"\" width=\"387\" height=\"263\" srcset=\"https:\/\/bien-etreiris.ch\/wp-content\/uploads\/2023\/10\/Savon-detachant.jpg 1170w, https:\/\/bien-etreiris.ch\/wp-content\/uploads\/2023\/10\/Savon-detachant-300x204.jpg 300w, https:\/\/bien-etreiris.ch\/wp-content\/uploads\/2023\/10\/Savon-detachant-1024x697.jpg 1024w, https:\/\/bien-etreiris.ch\/wp-content\/uploads\/2023\/10\/Savon-detachant-768x523.jpg 768w\" sizes=\"auto, (max-width: 387px) 100vw, 387px\" \/><\/a><\/p>\n\n\n<p>&nbsp;<\/p>\n<p>&nbsp;<\/p>\n<p>&nbsp;1 pi\u00e8ce&nbsp; de100 g <strong>CHF 4.90<\/strong><\/p>\n<p>&nbsp;<\/p>\n<p>&nbsp;<\/p>\n<p>&nbsp;<\/p>\n<p>&nbsp;<\/p>\n<h4>Au revoir les taches ! Eliminer les taches de mani\u00e8re naturelle<\/h4>\n<p>Le savon d\u00e9tachant Washo est id\u00e9al pour le pr\u00e9traitement des taches. Enrichi en extrait de noix de lavage, il permet d'\u00e9liminer les taches les plus tenaces en un tour de main. Les ingr\u00e9dients naturels soigneusement s\u00e9lectionn\u00e9s m\u00e9nagent en outre les fibres de tes textiles pr\u00e9f\u00e9r\u00e9s \u00e0 long terme. <br>Garantie 100% satisfaction remboursement <br>M\u00eame les taches les plus tenaces, comme les taches de vin, d'herbe, de tomate, de sang, de sauce \u00e0 salade, etc. peuvent \u00eatre pr\u00e9-trait\u00e9 avec le savon d\u00e9tachant Washo.<\/p>\n<p><strong>Avantages pour toi et l'environnement<\/strong><\/p>\n<ul style=\"list-style-type: disc;\">\n<li>biod\u00e9gradable<\/li>\n<li>fort contre les taches tenaces<\/li>\n<li>avec des ingr\u00e9dients naturels<\/li>\n<li>exempt de microplastiques et de p\u00e9trole<\/li>\n<li>v\u00e9g\u00e9talien<\/li>\n<\/ul>\n<p>&nbsp;<\/p>\n<h4>Utilisation :<\/h4>\n<p>1 savon d\u00e9tachant Washo = environ 50 pr\u00e9traitements. <br>Mouille le savon d\u00e9tachant Washo et la tache avec de l'eau. Frotte ensuite soigneusement la zone concern\u00e9e avec le savon. Ce faisant, fais attention \u00e0 la force de la pression afin de ne pas endommager les fibres textiles. R\u00e9p\u00e9tez l'op\u00e9ration \u00e0 votre guise jusqu'\u00e0 ce que la tache ait largement disparu. Tu peux maintenant laver la bonne pi\u00e8ce comme d'habitude.<\/p>\n<p>&nbsp;<\/p>\n<h4>Conseils :<\/h4>\n<ul style=\"list-style-type: disc;\">\n<li>Rincer les taches \u00e0 l'eau d\u00e8s que possible<\/li>\n<li>Si possible, pr\u00e9traiter directement les taches<\/li>\n<li>Un frottement trop fort peut endommager les fibres textiles<\/li>\n<li>Toujours consulter l'\u00e9tiquette d'entretien des textiles avant utilisation<\/li>\n<li>En cas d'incertitude, tester \u00e0 un endroit peu visible<\/li>\n<\/ul>","protected":false},"excerpt":{"rendered":"<p>Savon d\u00e9tachant fort contre les taches tenaces &nbsp; &nbsp; &nbsp;1 pi\u00e8ce&nbsp; de100 g CHF 4.90 &nbsp; &nbsp; &nbsp; &nbsp; Au revoir les taches ! Eliminer les taches de mani\u00e8re naturelle Le savon d\u00e9tachant Washo est id\u00e9al pour le pr\u00e9traitement des taches. Enrichi en extrait de noix de lavage, il permet d'\u00e9liminer les taches les plus tenaces en un tour de&nbsp;<a href=\"https:\/\/bien-etreiris.ch\/de\/produktpraesentation\/hygiene\/haushaltsreinigung\/haushaltsseifen\/waesche-waschen\/washo\/savon-detachant\/\" class=\"read-more\">Weiter lesen<\/a><\/p>\n","protected":false},"author":1,"featured_media":77365,"parent":52403,"menu_order":2723,"comment_status":"closed","ping_status":"closed","template":"page-with-child.php","meta":{"_acf_changed":false,"ngg_post_thumbnail":0,"footnotes":""},"class_list":["post-77372","page","type-page","status-publish","has-post-thumbnail","hentry"],"acf":[],"yoast_head":"<!-- This site is optimized with the Yoast SEO plugin v27.4 - https:\/\/yoast.com\/product\/yoast-seo-wordpress\/ -->\n<title>SAVON DETACHANT - WOHLBEFINDEN<\/title>\n<meta name=\"robots\" content=\"index, follow, max-snippet:-1, max-image-preview:large, max-video-preview:-1\" \/>\n<link rel=\"canonical\" href=\"https:\/\/bien-etreiris.ch\/de\/produktpraesentation\/hygiene\/haushaltsreinigung\/haushaltsseifen\/waesche-waschen\/washo\/savon-detachant\/\" \/>\n<meta property=\"og:locale\" content=\"de_DE\" \/>\n<meta property=\"og:type\" content=\"article\" \/>\n<meta property=\"og:title\" content=\"SAVON DETACHANT - WOHLBEFINDEN\" \/>\n<meta property=\"og:description\" content=\"Savon d\u00e9tachant fort contre les taches tenaces &nbsp; &nbsp; &nbsp;1 pi\u00e8ce&nbsp; de100 g CHF 4.90 &nbsp; &nbsp; &nbsp; &nbsp; Au revoir les taches ! Eliminer les taches de mani\u00e8re naturelle Le savon d\u00e9tachant Washo est id\u00e9al pour le pr\u00e9traitement des taches. Enrichi en extrait de noix de lavage, il permet d&#039;\u00e9liminer les taches les plus tenaces en un tour de&nbsp;Weiter lesen\" \/>\n<meta property=\"og:url\" content=\"https:\/\/bien-etreiris.ch\/de\/produktpraesentation\/hygiene\/haushaltsreinigung\/haushaltsseifen\/waesche-waschen\/washo\/savon-detachant\/\" \/>\n<meta property=\"og:site_name\" content=\"WOHLBEFINDEN\" \/>\n<meta property=\"article:publisher\" content=\"https:\/\/www.facebook.com\/bienetreiris\/\" \/>\n<meta property=\"article:modified_time\" content=\"2023-10-18T05:53:31+00:00\" \/>\n<meta property=\"og:image\" content=\"https:\/\/bien-etreiris.ch\/wp-content\/uploads\/2023\/10\/Acceuil-savon-detachant.jpg\" \/>\n\t<meta property=\"og:image:width\" content=\"500\" \/>\n\t<meta property=\"og:image:height\" content=\"333\" \/>\n\t<meta property=\"og:image:type\" content=\"image\/jpeg\" \/>\n<meta name=\"twitter:label1\" content=\"Gesch\u00e4tzte Lesezeit\" \/>\n\t<meta name=\"twitter:data1\" content=\"2\u00a0Minuten\" \/>\n<script type=\"application\/ld+json\" class=\"yoast-schema-graph\">{\"@context\":\"https:\\\/\\\/schema.org\",\"@graph\":[{\"@type\":\"WebPage\",\"@id\":\"https:\\\/\\\/bien-etreiris.ch\\\/de\\\/produktpraesentation\\\/hygiene\\\/haushaltsreinigung\\\/haushaltsseifen\\\/waesche-waschen\\\/washo\\\/savon-detachant\\\/\",\"url\":\"https:\\\/\\\/bien-etreiris.ch\\\/de\\\/produktpraesentation\\\/hygiene\\\/haushaltsreinigung\\\/haushaltsseifen\\\/waesche-waschen\\\/washo\\\/savon-detachant\\\/\",\"name\":\"SAVON DETACHANT - WOHLBEFINDEN\",\"isPartOf\":{\"@id\":\"https:\\\/\\\/bien-etreiris.ch\\\/de\\\/#website\"},\"primaryImageOfPage\":{\"@id\":\"https:\\\/\\\/bien-etreiris.ch\\\/de\\\/produktpraesentation\\\/hygiene\\\/haushaltsreinigung\\\/haushaltsseifen\\\/waesche-waschen\\\/washo\\\/savon-detachant\\\/#primaryimage\"},\"image\":{\"@id\":\"https:\\\/\\\/bien-etreiris.ch\\\/de\\\/produktpraesentation\\\/hygiene\\\/haushaltsreinigung\\\/haushaltsseifen\\\/waesche-waschen\\\/washo\\\/savon-detachant\\\/#primaryimage\"},\"thumbnailUrl\":\"https:\\\/\\\/bien-etreiris.ch\\\/wp-content\\\/uploads\\\/2023\\\/10\\\/Acceuil-savon-detachant.jpg\",\"datePublished\":\"2023-10-17T08:08:31+00:00\",\"dateModified\":\"2023-10-18T05:53:31+00:00\",\"breadcrumb\":{\"@id\":\"https:\\\/\\\/bien-etreiris.ch\\\/de\\\/produktpraesentation\\\/hygiene\\\/haushaltsreinigung\\\/haushaltsseifen\\\/waesche-waschen\\\/washo\\\/savon-detachant\\\/#breadcrumb\"},\"inLanguage\":\"de\",\"potentialAction\":[{\"@type\":\"ReadAction\",\"target\":[\"https:\\\/\\\/bien-etreiris.ch\\\/de\\\/produktpraesentation\\\/hygiene\\\/haushaltsreinigung\\\/haushaltsseifen\\\/waesche-waschen\\\/washo\\\/savon-detachant\\\/\"]}]},{\"@type\":\"ImageObject\",\"inLanguage\":\"de\",\"@id\":\"https:\\\/\\\/bien-etreiris.ch\\\/de\\\/produktpraesentation\\\/hygiene\\\/haushaltsreinigung\\\/haushaltsseifen\\\/waesche-waschen\\\/washo\\\/savon-detachant\\\/#primaryimage\",\"url\":\"https:\\\/\\\/bien-etreiris.ch\\\/wp-content\\\/uploads\\\/2023\\\/10\\\/Acceuil-savon-detachant.jpg\",\"contentUrl\":\"https:\\\/\\\/bien-etreiris.ch\\\/wp-content\\\/uploads\\\/2023\\\/10\\\/Acceuil-savon-detachant.jpg\",\"width\":500,\"height\":333},{\"@type\":\"BreadcrumbList\",\"@id\":\"https:\\\/\\\/bien-etreiris.ch\\\/de\\\/produktpraesentation\\\/hygiene\\\/haushaltsreinigung\\\/haushaltsseifen\\\/waesche-waschen\\\/washo\\\/savon-detachant\\\/#breadcrumb\",\"itemListElement\":[{\"@type\":\"ListItem\",\"position\":1,\"name\":\"Home\",\"item\":\"https:\\\/\\\/bien-etreiris.ch\\\/de\\\/\"},{\"@type\":\"ListItem\",\"position\":2,\"name\":\"PRODUKTPR\u00c4SENTATION\",\"item\":\"https:\\\/\\\/bien-etreiris.ch\\\/de\\\/produktpraesentation\\\/\"},{\"@type\":\"ListItem\",\"position\":3,\"name\":\"HYGIENE\",\"item\":\"https:\\\/\\\/bien-etreiris.ch\\\/de\\\/produktpraesentation\\\/hygiene\\\/\"},{\"@type\":\"ListItem\",\"position\":4,\"name\":\"HAUSHALTSREINIGUNG\",\"item\":\"https:\\\/\\\/bien-etreiris.ch\\\/de\\\/produktpraesentation\\\/hygiene\\\/haushaltsreinigung\\\/\"},{\"@type\":\"ListItem\",\"position\":5,\"name\":\"HAUSHALTSSEIFEN\",\"item\":\"https:\\\/\\\/bien-etreiris.ch\\\/de\\\/produktpraesentation\\\/hygiene\\\/haushaltsreinigung\\\/haushaltsseifen\\\/\"},{\"@type\":\"ListItem\",\"position\":6,\"name\":\"W\u00c4SCHE WASCHEN\",\"item\":\"https:\\\/\\\/bien-etreiris.ch\\\/de\\\/produktpraesentation\\\/hygiene\\\/haushaltsreinigung\\\/haushaltsseifen\\\/waesche-waschen\\\/\"},{\"@type\":\"ListItem\",\"position\":7,\"name\":\"WASHO\",\"item\":\"https:\\\/\\\/bien-etreiris.ch\\\/de\\\/produktpraesentation\\\/hygiene\\\/haushaltsreinigung\\\/haushaltsseifen\\\/waesche-waschen\\\/washo\\\/\"},{\"@type\":\"ListItem\",\"position\":8,\"name\":\"SAVON DETACHANT\"}]},{\"@type\":\"WebSite\",\"@id\":\"https:\\\/\\\/bien-etreiris.ch\\\/de\\\/#website\",\"url\":\"https:\\\/\\\/bien-etreiris.ch\\\/de\\\/\",\"name\":\"Bien-\u00eatre Iris\",\"description\":\"IHRE Gesundheit ist uns wichtig\",\"potentialAction\":[{\"@type\":\"SearchAction\",\"target\":{\"@type\":\"EntryPoint\",\"urlTemplate\":\"https:\\\/\\\/bien-etreiris.ch\\\/de\\\/?s={search_term_string}\"},\"query-input\":{\"@type\":\"PropertyValueSpecification\",\"valueRequired\":true,\"valueName\":\"search_term_string\"}}],\"inLanguage\":\"de\"}]}<\/script>\n<!-- \/ Yoast SEO plugin. -->","yoast_head_json":{"title":"SAVON DETACHANT - WOHLBEFINDEN","robots":{"index":"index","follow":"follow","max-snippet":"max-snippet:-1","max-image-preview":"max-image-preview:large","max-video-preview":"max-video-preview:-1"},"canonical":"https:\/\/bien-etreiris.ch\/de\/produktpraesentation\/hygiene\/haushaltsreinigung\/haushaltsseifen\/waesche-waschen\/washo\/savon-detachant\/","og_locale":"de_DE","og_type":"article","og_title":"SAVON DETACHANT - WOHLBEFINDEN","og_description":"Savon d\u00e9tachant fort contre les taches tenaces &nbsp; &nbsp; &nbsp;1 pi\u00e8ce&nbsp; de100 g CHF 4.90 &nbsp; &nbsp; &nbsp; &nbsp; Au revoir les taches ! Eliminer les taches de mani\u00e8re naturelle Le savon d\u00e9tachant Washo est id\u00e9al pour le pr\u00e9traitement des taches. Enrichi en extrait de noix de lavage, il permet d'\u00e9liminer les taches les plus tenaces en un tour de&nbsp;Weiter lesen","og_url":"https:\/\/bien-etreiris.ch\/de\/produktpraesentation\/hygiene\/haushaltsreinigung\/haushaltsseifen\/waesche-waschen\/washo\/savon-detachant\/","og_site_name":"WOHLBEFINDEN","article_publisher":"https:\/\/www.facebook.com\/bienetreiris\/","article_modified_time":"2023-10-18T05:53:31+00:00","og_image":[{"width":500,"height":333,"url":"https:\/\/bien-etreiris.ch\/wp-content\/uploads\/2023\/10\/Acceuil-savon-detachant.jpg","type":"image\/jpeg"}],"twitter_misc":{"Gesch\u00e4tzte Lesezeit":"2\u00a0Minuten"},"schema":{"@context":"https:\/\/schema.org","@graph":[{"@type":"WebPage","@id":"https:\/\/bien-etreiris.ch\/de\/produktpraesentation\/hygiene\/haushaltsreinigung\/haushaltsseifen\/waesche-waschen\/washo\/savon-detachant\/","url":"https:\/\/bien-etreiris.ch\/de\/produktpraesentation\/hygiene\/haushaltsreinigung\/haushaltsseifen\/waesche-waschen\/washo\/savon-detachant\/","name":"SAVON DETACHANT - WOHLBEFINDEN","isPartOf":{"@id":"https:\/\/bien-etreiris.ch\/de\/#website"},"primaryImageOfPage":{"@id":"https:\/\/bien-etreiris.ch\/de\/produktpraesentation\/hygiene\/haushaltsreinigung\/haushaltsseifen\/waesche-waschen\/washo\/savon-detachant\/#primaryimage"},"image":{"@id":"https:\/\/bien-etreiris.ch\/de\/produktpraesentation\/hygiene\/haushaltsreinigung\/haushaltsseifen\/waesche-waschen\/washo\/savon-detachant\/#primaryimage"},"thumbnailUrl":"https:\/\/bien-etreiris.ch\/wp-content\/uploads\/2023\/10\/Acceuil-savon-detachant.jpg","datePublished":"2023-10-17T08:08:31+00:00","dateModified":"2023-10-18T05:53:31+00:00","breadcrumb":{"@id":"https:\/\/bien-etreiris.ch\/de\/produktpraesentation\/hygiene\/haushaltsreinigung\/haushaltsseifen\/waesche-waschen\/washo\/savon-detachant\/#breadcrumb"},"inLanguage":"de","potentialAction":[{"@type":"ReadAction","target":["https:\/\/bien-etreiris.ch\/de\/produktpraesentation\/hygiene\/haushaltsreinigung\/haushaltsseifen\/waesche-waschen\/washo\/savon-detachant\/"]}]},{"@type":"ImageObject","inLanguage":"de","@id":"https:\/\/bien-etreiris.ch\/de\/produktpraesentation\/hygiene\/haushaltsreinigung\/haushaltsseifen\/waesche-waschen\/washo\/savon-detachant\/#primaryimage","url":"https:\/\/bien-etreiris.ch\/wp-content\/uploads\/2023\/10\/Acceuil-savon-detachant.jpg","contentUrl":"https:\/\/bien-etreiris.ch\/wp-content\/uploads\/2023\/10\/Acceuil-savon-detachant.jpg","width":500,"height":333},{"@type":"BreadcrumbList","@id":"https:\/\/bien-etreiris.ch\/de\/produktpraesentation\/hygiene\/haushaltsreinigung\/haushaltsseifen\/waesche-waschen\/washo\/savon-detachant\/#breadcrumb","itemListElement":[{"@type":"ListItem","position":1,"name":"Home","item":"https:\/\/bien-etreiris.ch\/de\/"},{"@type":"ListItem","position":2,"name":"PRODUKTPR\u00c4SENTATION","item":"https:\/\/bien-etreiris.ch\/de\/produktpraesentation\/"},{"@type":"ListItem","position":3,"name":"HYGIENE","item":"https:\/\/bien-etreiris.ch\/de\/produktpraesentation\/hygiene\/"},{"@type":"ListItem","position":4,"name":"HAUSHALTSREINIGUNG","item":"https:\/\/bien-etreiris.ch\/de\/produktpraesentation\/hygiene\/haushaltsreinigung\/"},{"@type":"ListItem","position":5,"name":"HAUSHALTSSEIFEN","item":"https:\/\/bien-etreiris.ch\/de\/produktpraesentation\/hygiene\/haushaltsreinigung\/haushaltsseifen\/"},{"@type":"ListItem","position":6,"name":"W\u00c4SCHE WASCHEN","item":"https:\/\/bien-etreiris.ch\/de\/produktpraesentation\/hygiene\/haushaltsreinigung\/haushaltsseifen\/waesche-waschen\/"},{"@type":"ListItem","position":7,"name":"WASHO","item":"https:\/\/bien-etreiris.ch\/de\/produktpraesentation\/hygiene\/haushaltsreinigung\/haushaltsseifen\/waesche-waschen\/washo\/"},{"@type":"ListItem","position":8,"name":"SAVON DETACHANT"}]},{"@type":"WebSite","@id":"https:\/\/bien-etreiris.ch\/de\/#website","url":"https:\/\/bien-etreiris.ch\/de\/","name":"Bien-\u00eatre Iris","description":"IHRE Gesundheit ist uns wichtig","potentialAction":[{"@type":"SearchAction","target":{"@type":"EntryPoint","urlTemplate":"https:\/\/bien-etreiris.ch\/de\/?s={search_term_string}"},"query-input":{"@type":"PropertyValueSpecification","valueRequired":true,"valueName":"search_term_string"}}],"inLanguage":"de"}]}},"_links":{"self":[{"href":"https:\/\/bien-etreiris.ch\/de\/wp-json\/wp\/v2\/pages\/77372","targetHints":{"allow":["GET"]}}],"collection":[{"href":"https:\/\/bien-etreiris.ch\/de\/wp-json\/wp\/v2\/pages"}],"about":[{"href":"https:\/\/bien-etreiris.ch\/de\/wp-json\/wp\/v2\/types\/page"}],"author":[{"embeddable":true,"href":"https:\/\/bien-etreiris.ch\/de\/wp-json\/wp\/v2\/users\/1"}],"replies":[{"embeddable":true,"href":"https:\/\/bien-etreiris.ch\/de\/wp-json\/wp\/v2\/comments?post=77372"}],"version-history":[{"count":7,"href":"https:\/\/bien-etreiris.ch\/de\/wp-json\/wp\/v2\/pages\/77372\/revisions"}],"predecessor-version":[{"id":77507,"href":"https:\/\/bien-etreiris.ch\/de\/wp-json\/wp\/v2\/pages\/77372\/revisions\/77507"}],"up":[{"embeddable":true,"href":"https:\/\/bien-etreiris.ch\/de\/wp-json\/wp\/v2\/pages\/52403"}],"wp:featuredmedia":[{"embeddable":true,"href":"https:\/\/bien-etreiris.ch\/de\/wp-json\/wp\/v2\/media\/77365"}],"wp:attachment":[{"href":"https:\/\/bien-etreiris.ch\/de\/wp-json\/wp\/v2\/media?parent=77372"}],"curies":[{"name":"wp","href":"https:\/\/api.w.org\/{rel}","templated":true}]}}