{"id":77348,"date":"2023-10-17T09:36:25","date_gmt":"2023-10-17T07:36:25","guid":{"rendered":"https:\/\/bien-etreiris.ch\/produktpraesentation\/hygiene\/haushaltsreinigung\/haushaltsseifen\/geschirrspuelen\/washo\/blanchiment-a-loxygene\/"},"modified":"2023-10-17T09:55:51","modified_gmt":"2023-10-17T07:55:51","slug":"blanchiment-a-loxygene","status":"publish","type":"page","link":"https:\/\/bien-etreiris.ch\/de\/produktpraesentation\/hygiene\/haushaltsreinigung\/haushaltsseifen\/waesche-waschen\/washo\/blanchiment-a-loxygene\/","title":{"rendered":"BLANCHIMENT"},"content":{"rendered":"\n<h2><span style=\"color: #ccffcc;\">Blanchiment \u00e0 l'oxyg\u00e8ne<\/span><\/h2>\n<h4><span style=\"color: #ccffcc;\">Washo-<\/span><span style=\"color: #ccffcc;\">avec des ingr\u00e9dients naturels<\/span><\/h4>\n<p><a href=\"https:\/\/bien-etreiris.ch\/presentations-des-produits\/hygiene\/entretien-maison\/savon-menage\/laver-la-vaisselle\/washo\/blanchiment-a-loxygene\/blanchiment-a-loxigene\/\" rel=\"attachment wp-att-77349\"><img loading=\"lazy\" decoding=\"async\" class=\"wp-image-77349 alignleft\" src=\"https:\/\/bien-etreiris.ch\/wp-content\/uploads\/2023\/10\/Blanchiment-a-loxigene.jpg\" alt=\"\" width=\"311\" height=\"503\" srcset=\"https:\/\/bien-etreiris.ch\/wp-content\/uploads\/2023\/10\/Blanchiment-a-loxigene.jpg 543w, https:\/\/bien-etreiris.ch\/wp-content\/uploads\/2023\/10\/Blanchiment-a-loxigene-186x300.jpg 186w\" sizes=\"auto, (max-width: 311px) 100vw, 311px\" \/><\/a><\/p>\n<p>&nbsp;<\/p>\n<p>&nbsp;<\/p>\n<p>&nbsp;<\/p>\n<p>&nbsp;<\/p>\n<p>&nbsp;<\/p>\n<p>&nbsp;<\/p>\n<p>&nbsp;<\/p>\n<p>&nbsp;<\/p>\n<p>&nbsp;<\/p>\n<p>&nbsp;<\/p>\n<p>1 paquet de 800 g <strong>CHF 8.90<\/strong><\/p>\n<h4><span style=\"color: #ff9900;\"><em>lien pour l'achat doseur en bois<\/em><\/span>&nbsp;&nbsp;&nbsp;&nbsp;&nbsp;&nbsp;&nbsp;&nbsp;&nbsp; et &nbsp; &nbsp; &nbsp;&nbsp; <span style=\"color: #ff9900;\"><em>le lien pour boite de rangement<\/em><\/span><\/h4>\n<p>&nbsp;<\/p>\n<p>&nbsp;<\/p>\n<p>&nbsp;<\/p>\n<p>&nbsp;<\/p>\n<h4>Avec Washo, le blanc reste blanc plus longtemps.<\/h4>\n<p>L'eau de Javel oxyg\u00e9n\u00e9e Washo est un agent de blanchiment \u00e9cologique \u00e0 base d'oxyg\u00e8ne qui convient tr\u00e8s bien aux textiles blancs. Avec des ingr\u00e9dients naturels soigneusement s\u00e9lectionn\u00e9s et exempts de microplastiques.<\/p>\n<p><br><span style=\"color: #ccffcc;\">Garantie de satisfactionlremboursement \u00e0 100%.<\/span><\/p>\n<p>&nbsp;<\/p>\n<p>Optimal pour le linge blanc gr\u00e2ce \u00e0 la formule \u00e0 l'oxyg\u00e8ne actif <br>L'eau de Javel oxyg\u00e9n\u00e9e Washo met fin aux produits de blanchiment au chlore dans la buanderie. Avec seulement une dosette en bois Washo remplie de 10 ml par cycle de lavage, l'oxyg\u00e8ne blanchissant Washo pr\u00e9serve le linge blanc de la grisaille inesth\u00e9tique. L'oxyg\u00e8ne actif \u00e9limine en outre les odeurs d\u00e9sagr\u00e9ables d\u00e8s une temp\u00e9rature de lavage de 30\u00b0 C. <br>Neutralisation des odeurs - anti-voile gris\u00e2tre -\u00e9limination des germes <br>Avantages pour toi et l'environnement<\/p>\n<p>&nbsp;<\/p>\n<ul style=\"list-style-type: disc;\">\n<li>biod\u00e9gradable<\/li>\n<li>avec des ingr\u00e9dients naturels<\/li>\n<li>sans agents de blanchiment chlor\u00e9s<\/li>\n<li>sans microplastiques ni p\u00e9trole<\/li>\n<li>v\u00e9g\u00e9talien<\/li>\n<\/ul>\n<p>&nbsp;<\/p>\n<h4>Utilisation<\/h4>\n<p><br>1 doseur en bois Washo (10ml) = 1 cycle de lavage<\/p>\n<h4><em><span style=\"color: #ff9900;\">lien pour l'achat doseur en bois<\/span><\/em>&nbsp;&nbsp;&nbsp;&nbsp;&nbsp;&nbsp;&nbsp;&nbsp;&nbsp; et &nbsp; &nbsp; &nbsp;&nbsp; <em><span style=\"color: #ff9900;\">le lien pour boite de rangement<\/span><\/em><\/h4>\n<p><br>Remplir la machine \u00e0 laver et utiliser la lessive comme d'habitude. Ajouter maintenant Washo Oxyg\u00e8ne Blanchissant dans le compartiment \u00e0 linge principal et d\u00e9marrer le programme. Washo oxyg\u00e8ne blanchissant est enti\u00e8rement soluble dans l'eau et biod\u00e9gradable. <br>Veuillez toujours consulter l'\u00e9tiquette d'entretien des textiles avant de l'utiliser. Convient pour les textiles blancs \u00e0 des temp\u00e9ratures de 30-90\u00b0 C.<\/p>\n<p><br><span style=\"color: #ff0000;\">Ne convient pas pour la laine et la soie.<\/span><\/p>\n","protected":false},"excerpt":{"rendered":"<p>Blanchiment \u00e0 l'oxyg\u00e8ne Washo-avec des ingr\u00e9dients naturels &nbsp; &nbsp; &nbsp; &nbsp; &nbsp; &nbsp; &nbsp; &nbsp; &nbsp; &nbsp; 1 paquet de 800 g CHF 8.90 lien pour l'achat doseur en bois&nbsp;&nbsp;&nbsp;&nbsp;&nbsp;&nbsp;&nbsp;&nbsp;&nbsp; et &nbsp; &nbsp; &nbsp;&nbsp; le lien pour boite de rangement &nbsp; &nbsp; &nbsp; &nbsp; Avec Washo, le blanc reste blanc plus longtemps. L'eau de Javel oxyg\u00e9n\u00e9e Washo est un agent&nbsp;<a href=\"https:\/\/bien-etreiris.ch\/de\/produktpraesentation\/hygiene\/haushaltsreinigung\/haushaltsseifen\/waesche-waschen\/washo\/blanchiment-a-loxygene\/\" class=\"read-more\">Weiter lesen<\/a><\/p>\n","protected":false},"author":1,"featured_media":77345,"parent":52403,"menu_order":2728,"comment_status":"closed","ping_status":"closed","template":"page-with-child.php","meta":{"_acf_changed":false,"ngg_post_thumbnail":0,"footnotes":""},"class_list":["post-77348","page","type-page","status-publish","has-post-thumbnail","hentry"],"acf":[],"yoast_head":"<!-- This site is optimized with the Yoast SEO plugin v27.4 - https:\/\/yoast.com\/product\/yoast-seo-wordpress\/ -->\n<title>BLANCHIMENT - WOHLBEFINDEN<\/title>\n<meta name=\"robots\" content=\"index, follow, max-snippet:-1, max-image-preview:large, max-video-preview:-1\" \/>\n<link rel=\"canonical\" href=\"https:\/\/bien-etreiris.ch\/de\/produktpraesentation\/hygiene\/haushaltsreinigung\/haushaltsseifen\/waesche-waschen\/washo\/blanchiment-a-loxygene\/\" \/>\n<meta property=\"og:locale\" content=\"de_DE\" \/>\n<meta property=\"og:type\" content=\"article\" \/>\n<meta property=\"og:title\" content=\"BLANCHIMENT - WOHLBEFINDEN\" \/>\n<meta property=\"og:description\" content=\"Blanchiment \u00e0 l&#039;oxyg\u00e8ne Washo-avec des ingr\u00e9dients naturels &nbsp; &nbsp; &nbsp; &nbsp; &nbsp; &nbsp; &nbsp; &nbsp; &nbsp; &nbsp; 1 paquet de 800 g CHF 8.90 lien pour l&#039;achat doseur en bois&nbsp;&nbsp;&nbsp;&nbsp;&nbsp;&nbsp;&nbsp;&nbsp;&nbsp; et &nbsp; &nbsp; &nbsp;&nbsp; le lien pour boite de rangement &nbsp; &nbsp; &nbsp; &nbsp; Avec Washo, le blanc reste blanc plus longtemps. L&#039;eau de Javel oxyg\u00e9n\u00e9e Washo est un agent&nbsp;Weiter lesen\" \/>\n<meta property=\"og:url\" content=\"https:\/\/bien-etreiris.ch\/de\/produktpraesentation\/hygiene\/haushaltsreinigung\/haushaltsseifen\/waesche-waschen\/washo\/blanchiment-a-loxygene\/\" \/>\n<meta property=\"og:site_name\" content=\"WOHLBEFINDEN\" \/>\n<meta property=\"article:publisher\" content=\"https:\/\/www.facebook.com\/bienetreiris\/\" \/>\n<meta property=\"article:modified_time\" content=\"2023-10-17T07:55:51+00:00\" \/>\n<meta property=\"og:image\" content=\"https:\/\/bien-etreiris.ch\/wp-content\/uploads\/2023\/10\/acceuil-Blanchiment-a-loxygene.jpg\" \/>\n\t<meta property=\"og:image:width\" content=\"500\" \/>\n\t<meta property=\"og:image:height\" content=\"333\" \/>\n\t<meta property=\"og:image:type\" content=\"image\/jpeg\" \/>\n<meta name=\"twitter:label1\" content=\"Gesch\u00e4tzte Lesezeit\" \/>\n\t<meta name=\"twitter:data1\" content=\"2\u00a0Minuten\" \/>\n<script type=\"application\/ld+json\" class=\"yoast-schema-graph\">{\"@context\":\"https:\\\/\\\/schema.org\",\"@graph\":[{\"@type\":\"WebPage\",\"@id\":\"https:\\\/\\\/bien-etreiris.ch\\\/de\\\/produktpraesentation\\\/hygiene\\\/haushaltsreinigung\\\/haushaltsseifen\\\/waesche-waschen\\\/washo\\\/blanchiment-a-loxygene\\\/\",\"url\":\"https:\\\/\\\/bien-etreiris.ch\\\/de\\\/produktpraesentation\\\/hygiene\\\/haushaltsreinigung\\\/haushaltsseifen\\\/waesche-waschen\\\/washo\\\/blanchiment-a-loxygene\\\/\",\"name\":\"BLANCHIMENT - WOHLBEFINDEN\",\"isPartOf\":{\"@id\":\"https:\\\/\\\/bien-etreiris.ch\\\/de\\\/#website\"},\"primaryImageOfPage\":{\"@id\":\"https:\\\/\\\/bien-etreiris.ch\\\/de\\\/produktpraesentation\\\/hygiene\\\/haushaltsreinigung\\\/haushaltsseifen\\\/waesche-waschen\\\/washo\\\/blanchiment-a-loxygene\\\/#primaryimage\"},\"image\":{\"@id\":\"https:\\\/\\\/bien-etreiris.ch\\\/de\\\/produktpraesentation\\\/hygiene\\\/haushaltsreinigung\\\/haushaltsseifen\\\/waesche-waschen\\\/washo\\\/blanchiment-a-loxygene\\\/#primaryimage\"},\"thumbnailUrl\":\"https:\\\/\\\/bien-etreiris.ch\\\/wp-content\\\/uploads\\\/2023\\\/10\\\/acceuil-Blanchiment-a-loxygene.jpg\",\"datePublished\":\"2023-10-17T07:36:25+00:00\",\"dateModified\":\"2023-10-17T07:55:51+00:00\",\"breadcrumb\":{\"@id\":\"https:\\\/\\\/bien-etreiris.ch\\\/de\\\/produktpraesentation\\\/hygiene\\\/haushaltsreinigung\\\/haushaltsseifen\\\/waesche-waschen\\\/washo\\\/blanchiment-a-loxygene\\\/#breadcrumb\"},\"inLanguage\":\"de\",\"potentialAction\":[{\"@type\":\"ReadAction\",\"target\":[\"https:\\\/\\\/bien-etreiris.ch\\\/de\\\/produktpraesentation\\\/hygiene\\\/haushaltsreinigung\\\/haushaltsseifen\\\/waesche-waschen\\\/washo\\\/blanchiment-a-loxygene\\\/\"]}]},{\"@type\":\"ImageObject\",\"inLanguage\":\"de\",\"@id\":\"https:\\\/\\\/bien-etreiris.ch\\\/de\\\/produktpraesentation\\\/hygiene\\\/haushaltsreinigung\\\/haushaltsseifen\\\/waesche-waschen\\\/washo\\\/blanchiment-a-loxygene\\\/#primaryimage\",\"url\":\"https:\\\/\\\/bien-etreiris.ch\\\/wp-content\\\/uploads\\\/2023\\\/10\\\/acceuil-Blanchiment-a-loxygene.jpg\",\"contentUrl\":\"https:\\\/\\\/bien-etreiris.ch\\\/wp-content\\\/uploads\\\/2023\\\/10\\\/acceuil-Blanchiment-a-loxygene.jpg\",\"width\":500,\"height\":333},{\"@type\":\"BreadcrumbList\",\"@id\":\"https:\\\/\\\/bien-etreiris.ch\\\/de\\\/produktpraesentation\\\/hygiene\\\/haushaltsreinigung\\\/haushaltsseifen\\\/waesche-waschen\\\/washo\\\/blanchiment-a-loxygene\\\/#breadcrumb\",\"itemListElement\":[{\"@type\":\"ListItem\",\"position\":1,\"name\":\"Home\",\"item\":\"https:\\\/\\\/bien-etreiris.ch\\\/de\\\/\"},{\"@type\":\"ListItem\",\"position\":2,\"name\":\"PRODUKTPR\u00c4SENTATION\",\"item\":\"https:\\\/\\\/bien-etreiris.ch\\\/de\\\/produktpraesentation\\\/\"},{\"@type\":\"ListItem\",\"position\":3,\"name\":\"HYGIENE\",\"item\":\"https:\\\/\\\/bien-etreiris.ch\\\/de\\\/produktpraesentation\\\/hygiene\\\/\"},{\"@type\":\"ListItem\",\"position\":4,\"name\":\"HAUSHALTSREINIGUNG\",\"item\":\"https:\\\/\\\/bien-etreiris.ch\\\/de\\\/produktpraesentation\\\/hygiene\\\/haushaltsreinigung\\\/\"},{\"@type\":\"ListItem\",\"position\":5,\"name\":\"HAUSHALTSSEIFEN\",\"item\":\"https:\\\/\\\/bien-etreiris.ch\\\/de\\\/produktpraesentation\\\/hygiene\\\/haushaltsreinigung\\\/haushaltsseifen\\\/\"},{\"@type\":\"ListItem\",\"position\":6,\"name\":\"W\u00c4SCHE WASCHEN\",\"item\":\"https:\\\/\\\/bien-etreiris.ch\\\/de\\\/produktpraesentation\\\/hygiene\\\/haushaltsreinigung\\\/haushaltsseifen\\\/waesche-waschen\\\/\"},{\"@type\":\"ListItem\",\"position\":7,\"name\":\"WASHO\",\"item\":\"https:\\\/\\\/bien-etreiris.ch\\\/de\\\/produktpraesentation\\\/hygiene\\\/haushaltsreinigung\\\/haushaltsseifen\\\/waesche-waschen\\\/washo\\\/\"},{\"@type\":\"ListItem\",\"position\":8,\"name\":\"BLANCHIMENT\"}]},{\"@type\":\"WebSite\",\"@id\":\"https:\\\/\\\/bien-etreiris.ch\\\/de\\\/#website\",\"url\":\"https:\\\/\\\/bien-etreiris.ch\\\/de\\\/\",\"name\":\"Bien-\u00eatre Iris\",\"description\":\"IHRE Gesundheit ist uns wichtig\",\"potentialAction\":[{\"@type\":\"SearchAction\",\"target\":{\"@type\":\"EntryPoint\",\"urlTemplate\":\"https:\\\/\\\/bien-etreiris.ch\\\/de\\\/?s={search_term_string}\"},\"query-input\":{\"@type\":\"PropertyValueSpecification\",\"valueRequired\":true,\"valueName\":\"search_term_string\"}}],\"inLanguage\":\"de\"}]}<\/script>\n<!-- \/ Yoast SEO plugin. -->","yoast_head_json":{"title":"BLANCHIMENT - WOHLBEFINDEN","robots":{"index":"index","follow":"follow","max-snippet":"max-snippet:-1","max-image-preview":"max-image-preview:large","max-video-preview":"max-video-preview:-1"},"canonical":"https:\/\/bien-etreiris.ch\/de\/produktpraesentation\/hygiene\/haushaltsreinigung\/haushaltsseifen\/waesche-waschen\/washo\/blanchiment-a-loxygene\/","og_locale":"de_DE","og_type":"article","og_title":"BLANCHIMENT - WOHLBEFINDEN","og_description":"Blanchiment \u00e0 l'oxyg\u00e8ne Washo-avec des ingr\u00e9dients naturels &nbsp; &nbsp; &nbsp; &nbsp; &nbsp; &nbsp; &nbsp; &nbsp; &nbsp; &nbsp; 1 paquet de 800 g CHF 8.90 lien pour l'achat doseur en bois&nbsp;&nbsp;&nbsp;&nbsp;&nbsp;&nbsp;&nbsp;&nbsp;&nbsp; et &nbsp; &nbsp; &nbsp;&nbsp; le lien pour boite de rangement &nbsp; &nbsp; &nbsp; &nbsp; Avec Washo, le blanc reste blanc plus longtemps. L'eau de Javel oxyg\u00e9n\u00e9e Washo est un agent&nbsp;Weiter lesen","og_url":"https:\/\/bien-etreiris.ch\/de\/produktpraesentation\/hygiene\/haushaltsreinigung\/haushaltsseifen\/waesche-waschen\/washo\/blanchiment-a-loxygene\/","og_site_name":"WOHLBEFINDEN","article_publisher":"https:\/\/www.facebook.com\/bienetreiris\/","article_modified_time":"2023-10-17T07:55:51+00:00","og_image":[{"width":500,"height":333,"url":"https:\/\/bien-etreiris.ch\/wp-content\/uploads\/2023\/10\/acceuil-Blanchiment-a-loxygene.jpg","type":"image\/jpeg"}],"twitter_misc":{"Gesch\u00e4tzte Lesezeit":"2\u00a0Minuten"},"schema":{"@context":"https:\/\/schema.org","@graph":[{"@type":"WebPage","@id":"https:\/\/bien-etreiris.ch\/de\/produktpraesentation\/hygiene\/haushaltsreinigung\/haushaltsseifen\/waesche-waschen\/washo\/blanchiment-a-loxygene\/","url":"https:\/\/bien-etreiris.ch\/de\/produktpraesentation\/hygiene\/haushaltsreinigung\/haushaltsseifen\/waesche-waschen\/washo\/blanchiment-a-loxygene\/","name":"BLANCHIMENT - WOHLBEFINDEN","isPartOf":{"@id":"https:\/\/bien-etreiris.ch\/de\/#website"},"primaryImageOfPage":{"@id":"https:\/\/bien-etreiris.ch\/de\/produktpraesentation\/hygiene\/haushaltsreinigung\/haushaltsseifen\/waesche-waschen\/washo\/blanchiment-a-loxygene\/#primaryimage"},"image":{"@id":"https:\/\/bien-etreiris.ch\/de\/produktpraesentation\/hygiene\/haushaltsreinigung\/haushaltsseifen\/waesche-waschen\/washo\/blanchiment-a-loxygene\/#primaryimage"},"thumbnailUrl":"https:\/\/bien-etreiris.ch\/wp-content\/uploads\/2023\/10\/acceuil-Blanchiment-a-loxygene.jpg","datePublished":"2023-10-17T07:36:25+00:00","dateModified":"2023-10-17T07:55:51+00:00","breadcrumb":{"@id":"https:\/\/bien-etreiris.ch\/de\/produktpraesentation\/hygiene\/haushaltsreinigung\/haushaltsseifen\/waesche-waschen\/washo\/blanchiment-a-loxygene\/#breadcrumb"},"inLanguage":"de","potentialAction":[{"@type":"ReadAction","target":["https:\/\/bien-etreiris.ch\/de\/produktpraesentation\/hygiene\/haushaltsreinigung\/haushaltsseifen\/waesche-waschen\/washo\/blanchiment-a-loxygene\/"]}]},{"@type":"ImageObject","inLanguage":"de","@id":"https:\/\/bien-etreiris.ch\/de\/produktpraesentation\/hygiene\/haushaltsreinigung\/haushaltsseifen\/waesche-waschen\/washo\/blanchiment-a-loxygene\/#primaryimage","url":"https:\/\/bien-etreiris.ch\/wp-content\/uploads\/2023\/10\/acceuil-Blanchiment-a-loxygene.jpg","contentUrl":"https:\/\/bien-etreiris.ch\/wp-content\/uploads\/2023\/10\/acceuil-Blanchiment-a-loxygene.jpg","width":500,"height":333},{"@type":"BreadcrumbList","@id":"https:\/\/bien-etreiris.ch\/de\/produktpraesentation\/hygiene\/haushaltsreinigung\/haushaltsseifen\/waesche-waschen\/washo\/blanchiment-a-loxygene\/#breadcrumb","itemListElement":[{"@type":"ListItem","position":1,"name":"Home","item":"https:\/\/bien-etreiris.ch\/de\/"},{"@type":"ListItem","position":2,"name":"PRODUKTPR\u00c4SENTATION","item":"https:\/\/bien-etreiris.ch\/de\/produktpraesentation\/"},{"@type":"ListItem","position":3,"name":"HYGIENE","item":"https:\/\/bien-etreiris.ch\/de\/produktpraesentation\/hygiene\/"},{"@type":"ListItem","position":4,"name":"HAUSHALTSREINIGUNG","item":"https:\/\/bien-etreiris.ch\/de\/produktpraesentation\/hygiene\/haushaltsreinigung\/"},{"@type":"ListItem","position":5,"name":"HAUSHALTSSEIFEN","item":"https:\/\/bien-etreiris.ch\/de\/produktpraesentation\/hygiene\/haushaltsreinigung\/haushaltsseifen\/"},{"@type":"ListItem","position":6,"name":"W\u00c4SCHE WASCHEN","item":"https:\/\/bien-etreiris.ch\/de\/produktpraesentation\/hygiene\/haushaltsreinigung\/haushaltsseifen\/waesche-waschen\/"},{"@type":"ListItem","position":7,"name":"WASHO","item":"https:\/\/bien-etreiris.ch\/de\/produktpraesentation\/hygiene\/haushaltsreinigung\/haushaltsseifen\/waesche-waschen\/washo\/"},{"@type":"ListItem","position":8,"name":"BLANCHIMENT"}]},{"@type":"WebSite","@id":"https:\/\/bien-etreiris.ch\/de\/#website","url":"https:\/\/bien-etreiris.ch\/de\/","name":"Bien-\u00eatre Iris","description":"IHRE Gesundheit ist uns wichtig","potentialAction":[{"@type":"SearchAction","target":{"@type":"EntryPoint","urlTemplate":"https:\/\/bien-etreiris.ch\/de\/?s={search_term_string}"},"query-input":{"@type":"PropertyValueSpecification","valueRequired":true,"valueName":"search_term_string"}}],"inLanguage":"de"}]}},"_links":{"self":[{"href":"https:\/\/bien-etreiris.ch\/de\/wp-json\/wp\/v2\/pages\/77348","targetHints":{"allow":["GET"]}}],"collection":[{"href":"https:\/\/bien-etreiris.ch\/de\/wp-json\/wp\/v2\/pages"}],"about":[{"href":"https:\/\/bien-etreiris.ch\/de\/wp-json\/wp\/v2\/types\/page"}],"author":[{"embeddable":true,"href":"https:\/\/bien-etreiris.ch\/de\/wp-json\/wp\/v2\/users\/1"}],"replies":[{"embeddable":true,"href":"https:\/\/bien-etreiris.ch\/de\/wp-json\/wp\/v2\/comments?post=77348"}],"version-history":[{"count":2,"href":"https:\/\/bien-etreiris.ch\/de\/wp-json\/wp\/v2\/pages\/77348\/revisions"}],"predecessor-version":[{"id":77361,"href":"https:\/\/bien-etreiris.ch\/de\/wp-json\/wp\/v2\/pages\/77348\/revisions\/77361"}],"up":[{"embeddable":true,"href":"https:\/\/bien-etreiris.ch\/de\/wp-json\/wp\/v2\/pages\/52403"}],"wp:featuredmedia":[{"embeddable":true,"href":"https:\/\/bien-etreiris.ch\/de\/wp-json\/wp\/v2\/media\/77345"}],"wp:attachment":[{"href":"https:\/\/bien-etreiris.ch\/de\/wp-json\/wp\/v2\/media?parent=77348"}],"curies":[{"name":"wp","href":"https:\/\/api.w.org\/{rel}","templated":true}]}}