{"id":77322,"date":"2023-10-17T08:30:21","date_gmt":"2023-10-17T06:30:21","guid":{"rendered":"https:\/\/bien-etreiris.ch\/produktpraesentation\/hygiene\/haushaltsreinigung\/haushaltsseifen\/waesche-waschen\/washo\/feuilles-de-lavage-sans-parfum\/"},"modified":"2023-10-17T16:19:24","modified_gmt":"2023-10-17T14:19:24","slug":"feuilles-de-lavage-sans-parfum","status":"publish","type":"page","link":"https:\/\/bien-etreiris.ch\/de\/produktpraesentation\/hygiene\/haushaltsreinigung\/haushaltsseifen\/waesche-waschen\/washo\/feuilles-de-lavage-sans-parfum\/","title":{"rendered":"SANS PARFUM"},"content":{"rendered":"\n<h2>Feuilles de lavage - sans parfum<\/h2>\n<p>&nbsp;<\/p>\n\n\n<p><a href=\"https:\/\/bien-etreiris.ch\/de\/produktpraesentation\/hygiene\/haushaltsreinigung\/haushaltsseifen\/waesche-waschen\/washo\/feuilles-de-lavage-sans-parfum\/sans-parfum-2\/\"><img loading=\"lazy\" decoding=\"async\" class=\"wp-image-77411  alignleft\" src=\"https:\/\/bien-etreiris.ch\/wp-content\/uploads\/2023\/10\/sans-parfum.jpg\" alt=\"\" width=\"388\" height=\"496\" srcset=\"https:\/\/bien-etreiris.ch\/wp-content\/uploads\/2023\/10\/sans-parfum.jpg 674w, https:\/\/bien-etreiris.ch\/wp-content\/uploads\/2023\/10\/sans-parfum-235x300.jpg 235w\" sizes=\"auto, (max-width: 388px) 100vw, 388px\" \/><\/a><\/p>\n<p>&nbsp;<\/p>\n<p>&nbsp;<\/p>\n<p>&nbsp;<\/p>\n<p>&nbsp;<\/p>\n<p>&nbsp;<\/p>\n<p>&nbsp;<\/p>\n<p>&nbsp;<\/p>\n<div id=\"a-CfEcpGY2mYaY8sA_title1\" class=\"gt_atom-CfEcpGY2mYaY8sA_title1 gt_mb--medium gt_subheading gt_title\" data-name=\"Tile\" data-class=\"gt_mb--medium gt_subheading gt_title\">\n<h4 class=\"gt_box-desc\">Washo sans parfum<\/h4>\n<\/div>\n<div class=\"gt_atom-CfEcpGY2mYaY8sA_item1_0 gt_mb--small gt_item\" data-name=\"Item\" data-class=\"gt_mb--small gt_item\">\n<div id=\"a-CfEcpGY2mYaY8sA_text1_0\" class=\"gt_atom-CfEcpGY2mYaY8sA_text1_0\" data-name=\"Text\">\n<ul>\n<li class=\"gt_box-desc\">Tr\u00e8s l\u00e9ger, seulement 2g<\/li>\n<li>\n<div class=\"gt_box-desc\">100% biod\u00e9gradable<\/div>\n<\/li>\n<li>\n<div class=\"gt_box-desc\">Pas de microplastique<\/div>\n<\/li>\n<li>\n<div class=\"gt_box-desc\">Vegan<\/div>\n<\/li>\n<li>\n<div class=\"gt_box-desc\">Emballage en carton recyclable<\/div>\n<\/li>\n<\/ul>\n<\/div>\n<\/div>\n<p>&nbsp;<\/p>\n<p>&nbsp;<\/p>\n<p>&nbsp;<\/p>\n<div class=\"gt_atom-CfEcpGY2mYaY8sA_item1_0 gt_mb--small gt_item\" data-name=\"Item\" data-class=\"gt_mb--small gt_item\">\n<div id=\"a-CfEcpGY2mYaY8sA_text1_0\" class=\"gt_atom-CfEcpGY2mYaY8sA_text1_0\" data-name=\"Text\">\n<p><strong>Recevez 1 lingette<\/strong> <strong>de Washo gratuit \u00e0 tester chez Bien-\u00eatre Iris<\/strong><\/p>\n<p class=\"gt_heading\">1 B<strong>o\u00eete - avec 60 lavage -<\/strong><strong> sans parfum CHF 16.10<\/strong><\/p>\n<\/div>\n<\/div>","protected":false},"excerpt":{"rendered":"<p>Feuilles de lavage - sans parfum &nbsp; &nbsp; &nbsp; &nbsp; &nbsp; &nbsp; &nbsp; &nbsp; Washo sans parfum Tr\u00e8s l\u00e9ger, seulement 2g 100% biod\u00e9gradable Pas de microplastique Vegan Emballage en carton recyclable &nbsp; &nbsp; &nbsp; Recevez 1 lingette de Washo gratuit \u00e0 tester chez Bien-\u00eatre Iris 1 Bo\u00eete - avec 60 lavage - sans parfum CHF 16.10<\/p>\n","protected":false},"author":1,"featured_media":77319,"parent":52403,"menu_order":2732,"comment_status":"closed","ping_status":"closed","template":"page-with-child.php","meta":{"_acf_changed":false,"ngg_post_thumbnail":0,"footnotes":""},"class_list":["post-77322","page","type-page","status-publish","has-post-thumbnail","hentry"],"acf":[],"yoast_head":"<!-- This site is optimized with the Yoast SEO plugin v27.4 - https:\/\/yoast.com\/product\/yoast-seo-wordpress\/ -->\n<title>SANS PARFUM - WOHLBEFINDEN<\/title>\n<meta name=\"robots\" content=\"index, follow, max-snippet:-1, max-image-preview:large, max-video-preview:-1\" \/>\n<link rel=\"canonical\" href=\"https:\/\/bien-etreiris.ch\/de\/produktpraesentation\/hygiene\/haushaltsreinigung\/haushaltsseifen\/waesche-waschen\/washo\/feuilles-de-lavage-sans-parfum\/\" \/>\n<meta property=\"og:locale\" content=\"de_DE\" \/>\n<meta property=\"og:type\" content=\"article\" \/>\n<meta property=\"og:title\" content=\"SANS PARFUM - WOHLBEFINDEN\" \/>\n<meta property=\"og:description\" content=\"Feuilles de lavage - sans parfum &nbsp; &nbsp; &nbsp; &nbsp; &nbsp; &nbsp; &nbsp; &nbsp; Washo sans parfum Tr\u00e8s l\u00e9ger, seulement 2g 100% biod\u00e9gradable Pas de microplastique Vegan Emballage en carton recyclable &nbsp; &nbsp; &nbsp; Recevez 1 lingette de Washo gratuit \u00e0 tester chez Bien-\u00eatre Iris 1 Bo\u00eete - avec 60 lavage - sans parfum CHF 16.10\" \/>\n<meta property=\"og:url\" content=\"https:\/\/bien-etreiris.ch\/de\/produktpraesentation\/hygiene\/haushaltsreinigung\/haushaltsseifen\/waesche-waschen\/washo\/feuilles-de-lavage-sans-parfum\/\" \/>\n<meta property=\"og:site_name\" content=\"WOHLBEFINDEN\" \/>\n<meta property=\"article:publisher\" content=\"https:\/\/www.facebook.com\/bienetreiris\/\" \/>\n<meta property=\"article:modified_time\" content=\"2023-10-17T14:19:24+00:00\" \/>\n<meta property=\"og:image\" content=\"https:\/\/bien-etreiris.ch\/wp-content\/uploads\/2023\/10\/acceuil-Feuilles-de-lavagesans-parfum.jpg\" \/>\n\t<meta property=\"og:image:width\" content=\"500\" \/>\n\t<meta property=\"og:image:height\" content=\"333\" \/>\n\t<meta property=\"og:image:type\" content=\"image\/jpeg\" \/>\n<meta name=\"twitter:label1\" content=\"Gesch\u00e4tzte Lesezeit\" \/>\n\t<meta name=\"twitter:data1\" content=\"1\u00a0Minute\" \/>\n<script type=\"application\/ld+json\" class=\"yoast-schema-graph\">{\"@context\":\"https:\\\/\\\/schema.org\",\"@graph\":[{\"@type\":\"WebPage\",\"@id\":\"https:\\\/\\\/bien-etreiris.ch\\\/de\\\/produktpraesentation\\\/hygiene\\\/haushaltsreinigung\\\/haushaltsseifen\\\/waesche-waschen\\\/washo\\\/feuilles-de-lavage-sans-parfum\\\/\",\"url\":\"https:\\\/\\\/bien-etreiris.ch\\\/de\\\/produktpraesentation\\\/hygiene\\\/haushaltsreinigung\\\/haushaltsseifen\\\/waesche-waschen\\\/washo\\\/feuilles-de-lavage-sans-parfum\\\/\",\"name\":\"SANS PARFUM - WOHLBEFINDEN\",\"isPartOf\":{\"@id\":\"https:\\\/\\\/bien-etreiris.ch\\\/de\\\/#website\"},\"primaryImageOfPage\":{\"@id\":\"https:\\\/\\\/bien-etreiris.ch\\\/de\\\/produktpraesentation\\\/hygiene\\\/haushaltsreinigung\\\/haushaltsseifen\\\/waesche-waschen\\\/washo\\\/feuilles-de-lavage-sans-parfum\\\/#primaryimage\"},\"image\":{\"@id\":\"https:\\\/\\\/bien-etreiris.ch\\\/de\\\/produktpraesentation\\\/hygiene\\\/haushaltsreinigung\\\/haushaltsseifen\\\/waesche-waschen\\\/washo\\\/feuilles-de-lavage-sans-parfum\\\/#primaryimage\"},\"thumbnailUrl\":\"https:\\\/\\\/bien-etreiris.ch\\\/wp-content\\\/uploads\\\/2023\\\/10\\\/acceuil-Feuilles-de-lavagesans-parfum.jpg\",\"datePublished\":\"2023-10-17T06:30:21+00:00\",\"dateModified\":\"2023-10-17T14:19:24+00:00\",\"breadcrumb\":{\"@id\":\"https:\\\/\\\/bien-etreiris.ch\\\/de\\\/produktpraesentation\\\/hygiene\\\/haushaltsreinigung\\\/haushaltsseifen\\\/waesche-waschen\\\/washo\\\/feuilles-de-lavage-sans-parfum\\\/#breadcrumb\"},\"inLanguage\":\"de\",\"potentialAction\":[{\"@type\":\"ReadAction\",\"target\":[\"https:\\\/\\\/bien-etreiris.ch\\\/de\\\/produktpraesentation\\\/hygiene\\\/haushaltsreinigung\\\/haushaltsseifen\\\/waesche-waschen\\\/washo\\\/feuilles-de-lavage-sans-parfum\\\/\"]}]},{\"@type\":\"ImageObject\",\"inLanguage\":\"de\",\"@id\":\"https:\\\/\\\/bien-etreiris.ch\\\/de\\\/produktpraesentation\\\/hygiene\\\/haushaltsreinigung\\\/haushaltsseifen\\\/waesche-waschen\\\/washo\\\/feuilles-de-lavage-sans-parfum\\\/#primaryimage\",\"url\":\"https:\\\/\\\/bien-etreiris.ch\\\/wp-content\\\/uploads\\\/2023\\\/10\\\/acceuil-Feuilles-de-lavagesans-parfum.jpg\",\"contentUrl\":\"https:\\\/\\\/bien-etreiris.ch\\\/wp-content\\\/uploads\\\/2023\\\/10\\\/acceuil-Feuilles-de-lavagesans-parfum.jpg\",\"width\":500,\"height\":333},{\"@type\":\"BreadcrumbList\",\"@id\":\"https:\\\/\\\/bien-etreiris.ch\\\/de\\\/produktpraesentation\\\/hygiene\\\/haushaltsreinigung\\\/haushaltsseifen\\\/waesche-waschen\\\/washo\\\/feuilles-de-lavage-sans-parfum\\\/#breadcrumb\",\"itemListElement\":[{\"@type\":\"ListItem\",\"position\":1,\"name\":\"Home\",\"item\":\"https:\\\/\\\/bien-etreiris.ch\\\/de\\\/\"},{\"@type\":\"ListItem\",\"position\":2,\"name\":\"PRODUKTPR\u00c4SENTATION\",\"item\":\"https:\\\/\\\/bien-etreiris.ch\\\/de\\\/produktpraesentation\\\/\"},{\"@type\":\"ListItem\",\"position\":3,\"name\":\"HYGIENE\",\"item\":\"https:\\\/\\\/bien-etreiris.ch\\\/de\\\/produktpraesentation\\\/hygiene\\\/\"},{\"@type\":\"ListItem\",\"position\":4,\"name\":\"HAUSHALTSREINIGUNG\",\"item\":\"https:\\\/\\\/bien-etreiris.ch\\\/de\\\/produktpraesentation\\\/hygiene\\\/haushaltsreinigung\\\/\"},{\"@type\":\"ListItem\",\"position\":5,\"name\":\"HAUSHALTSSEIFEN\",\"item\":\"https:\\\/\\\/bien-etreiris.ch\\\/de\\\/produktpraesentation\\\/hygiene\\\/haushaltsreinigung\\\/haushaltsseifen\\\/\"},{\"@type\":\"ListItem\",\"position\":6,\"name\":\"W\u00c4SCHE WASCHEN\",\"item\":\"https:\\\/\\\/bien-etreiris.ch\\\/de\\\/produktpraesentation\\\/hygiene\\\/haushaltsreinigung\\\/haushaltsseifen\\\/waesche-waschen\\\/\"},{\"@type\":\"ListItem\",\"position\":7,\"name\":\"WASHO\",\"item\":\"https:\\\/\\\/bien-etreiris.ch\\\/de\\\/produktpraesentation\\\/hygiene\\\/haushaltsreinigung\\\/haushaltsseifen\\\/waesche-waschen\\\/washo\\\/\"},{\"@type\":\"ListItem\",\"position\":8,\"name\":\"SANS PARFUM\"}]},{\"@type\":\"WebSite\",\"@id\":\"https:\\\/\\\/bien-etreiris.ch\\\/de\\\/#website\",\"url\":\"https:\\\/\\\/bien-etreiris.ch\\\/de\\\/\",\"name\":\"Bien-\u00eatre Iris\",\"description\":\"IHRE Gesundheit ist uns wichtig\",\"potentialAction\":[{\"@type\":\"SearchAction\",\"target\":{\"@type\":\"EntryPoint\",\"urlTemplate\":\"https:\\\/\\\/bien-etreiris.ch\\\/de\\\/?s={search_term_string}\"},\"query-input\":{\"@type\":\"PropertyValueSpecification\",\"valueRequired\":true,\"valueName\":\"search_term_string\"}}],\"inLanguage\":\"de\"}]}<\/script>\n<!-- \/ Yoast SEO plugin. -->","yoast_head_json":{"title":"SANS PARFUM - WOHLBEFINDEN","robots":{"index":"index","follow":"follow","max-snippet":"max-snippet:-1","max-image-preview":"max-image-preview:large","max-video-preview":"max-video-preview:-1"},"canonical":"https:\/\/bien-etreiris.ch\/de\/produktpraesentation\/hygiene\/haushaltsreinigung\/haushaltsseifen\/waesche-waschen\/washo\/feuilles-de-lavage-sans-parfum\/","og_locale":"de_DE","og_type":"article","og_title":"SANS PARFUM - WOHLBEFINDEN","og_description":"Feuilles de lavage - sans parfum &nbsp; &nbsp; &nbsp; &nbsp; &nbsp; &nbsp; &nbsp; &nbsp; Washo sans parfum Tr\u00e8s l\u00e9ger, seulement 2g 100% biod\u00e9gradable Pas de microplastique Vegan Emballage en carton recyclable &nbsp; &nbsp; &nbsp; Recevez 1 lingette de Washo gratuit \u00e0 tester chez Bien-\u00eatre Iris 1 Bo\u00eete - avec 60 lavage - sans parfum CHF 16.10","og_url":"https:\/\/bien-etreiris.ch\/de\/produktpraesentation\/hygiene\/haushaltsreinigung\/haushaltsseifen\/waesche-waschen\/washo\/feuilles-de-lavage-sans-parfum\/","og_site_name":"WOHLBEFINDEN","article_publisher":"https:\/\/www.facebook.com\/bienetreiris\/","article_modified_time":"2023-10-17T14:19:24+00:00","og_image":[{"width":500,"height":333,"url":"https:\/\/bien-etreiris.ch\/wp-content\/uploads\/2023\/10\/acceuil-Feuilles-de-lavagesans-parfum.jpg","type":"image\/jpeg"}],"twitter_misc":{"Gesch\u00e4tzte Lesezeit":"1\u00a0Minute"},"schema":{"@context":"https:\/\/schema.org","@graph":[{"@type":"WebPage","@id":"https:\/\/bien-etreiris.ch\/de\/produktpraesentation\/hygiene\/haushaltsreinigung\/haushaltsseifen\/waesche-waschen\/washo\/feuilles-de-lavage-sans-parfum\/","url":"https:\/\/bien-etreiris.ch\/de\/produktpraesentation\/hygiene\/haushaltsreinigung\/haushaltsseifen\/waesche-waschen\/washo\/feuilles-de-lavage-sans-parfum\/","name":"SANS PARFUM - WOHLBEFINDEN","isPartOf":{"@id":"https:\/\/bien-etreiris.ch\/de\/#website"},"primaryImageOfPage":{"@id":"https:\/\/bien-etreiris.ch\/de\/produktpraesentation\/hygiene\/haushaltsreinigung\/haushaltsseifen\/waesche-waschen\/washo\/feuilles-de-lavage-sans-parfum\/#primaryimage"},"image":{"@id":"https:\/\/bien-etreiris.ch\/de\/produktpraesentation\/hygiene\/haushaltsreinigung\/haushaltsseifen\/waesche-waschen\/washo\/feuilles-de-lavage-sans-parfum\/#primaryimage"},"thumbnailUrl":"https:\/\/bien-etreiris.ch\/wp-content\/uploads\/2023\/10\/acceuil-Feuilles-de-lavagesans-parfum.jpg","datePublished":"2023-10-17T06:30:21+00:00","dateModified":"2023-10-17T14:19:24+00:00","breadcrumb":{"@id":"https:\/\/bien-etreiris.ch\/de\/produktpraesentation\/hygiene\/haushaltsreinigung\/haushaltsseifen\/waesche-waschen\/washo\/feuilles-de-lavage-sans-parfum\/#breadcrumb"},"inLanguage":"de","potentialAction":[{"@type":"ReadAction","target":["https:\/\/bien-etreiris.ch\/de\/produktpraesentation\/hygiene\/haushaltsreinigung\/haushaltsseifen\/waesche-waschen\/washo\/feuilles-de-lavage-sans-parfum\/"]}]},{"@type":"ImageObject","inLanguage":"de","@id":"https:\/\/bien-etreiris.ch\/de\/produktpraesentation\/hygiene\/haushaltsreinigung\/haushaltsseifen\/waesche-waschen\/washo\/feuilles-de-lavage-sans-parfum\/#primaryimage","url":"https:\/\/bien-etreiris.ch\/wp-content\/uploads\/2023\/10\/acceuil-Feuilles-de-lavagesans-parfum.jpg","contentUrl":"https:\/\/bien-etreiris.ch\/wp-content\/uploads\/2023\/10\/acceuil-Feuilles-de-lavagesans-parfum.jpg","width":500,"height":333},{"@type":"BreadcrumbList","@id":"https:\/\/bien-etreiris.ch\/de\/produktpraesentation\/hygiene\/haushaltsreinigung\/haushaltsseifen\/waesche-waschen\/washo\/feuilles-de-lavage-sans-parfum\/#breadcrumb","itemListElement":[{"@type":"ListItem","position":1,"name":"Home","item":"https:\/\/bien-etreiris.ch\/de\/"},{"@type":"ListItem","position":2,"name":"PRODUKTPR\u00c4SENTATION","item":"https:\/\/bien-etreiris.ch\/de\/produktpraesentation\/"},{"@type":"ListItem","position":3,"name":"HYGIENE","item":"https:\/\/bien-etreiris.ch\/de\/produktpraesentation\/hygiene\/"},{"@type":"ListItem","position":4,"name":"HAUSHALTSREINIGUNG","item":"https:\/\/bien-etreiris.ch\/de\/produktpraesentation\/hygiene\/haushaltsreinigung\/"},{"@type":"ListItem","position":5,"name":"HAUSHALTSSEIFEN","item":"https:\/\/bien-etreiris.ch\/de\/produktpraesentation\/hygiene\/haushaltsreinigung\/haushaltsseifen\/"},{"@type":"ListItem","position":6,"name":"W\u00c4SCHE WASCHEN","item":"https:\/\/bien-etreiris.ch\/de\/produktpraesentation\/hygiene\/haushaltsreinigung\/haushaltsseifen\/waesche-waschen\/"},{"@type":"ListItem","position":7,"name":"WASHO","item":"https:\/\/bien-etreiris.ch\/de\/produktpraesentation\/hygiene\/haushaltsreinigung\/haushaltsseifen\/waesche-waschen\/washo\/"},{"@type":"ListItem","position":8,"name":"SANS PARFUM"}]},{"@type":"WebSite","@id":"https:\/\/bien-etreiris.ch\/de\/#website","url":"https:\/\/bien-etreiris.ch\/de\/","name":"Bien-\u00eatre Iris","description":"IHRE Gesundheit ist uns wichtig","potentialAction":[{"@type":"SearchAction","target":{"@type":"EntryPoint","urlTemplate":"https:\/\/bien-etreiris.ch\/de\/?s={search_term_string}"},"query-input":{"@type":"PropertyValueSpecification","valueRequired":true,"valueName":"search_term_string"}}],"inLanguage":"de"}]}},"_links":{"self":[{"href":"https:\/\/bien-etreiris.ch\/de\/wp-json\/wp\/v2\/pages\/77322","targetHints":{"allow":["GET"]}}],"collection":[{"href":"https:\/\/bien-etreiris.ch\/de\/wp-json\/wp\/v2\/pages"}],"about":[{"href":"https:\/\/bien-etreiris.ch\/de\/wp-json\/wp\/v2\/types\/page"}],"author":[{"embeddable":true,"href":"https:\/\/bien-etreiris.ch\/de\/wp-json\/wp\/v2\/users\/1"}],"replies":[{"embeddable":true,"href":"https:\/\/bien-etreiris.ch\/de\/wp-json\/wp\/v2\/comments?post=77322"}],"version-history":[{"count":2,"href":"https:\/\/bien-etreiris.ch\/de\/wp-json\/wp\/v2\/pages\/77322\/revisions"}],"predecessor-version":[{"id":77417,"href":"https:\/\/bien-etreiris.ch\/de\/wp-json\/wp\/v2\/pages\/77322\/revisions\/77417"}],"up":[{"embeddable":true,"href":"https:\/\/bien-etreiris.ch\/de\/wp-json\/wp\/v2\/pages\/52403"}],"wp:featuredmedia":[{"embeddable":true,"href":"https:\/\/bien-etreiris.ch\/de\/wp-json\/wp\/v2\/media\/77319"}],"wp:attachment":[{"href":"https:\/\/bien-etreiris.ch\/de\/wp-json\/wp\/v2\/media?parent=77322"}],"curies":[{"name":"wp","href":"https:\/\/api.w.org\/{rel}","templated":true}]}}