{"id":77277,"date":"2023-10-16T23:55:54","date_gmt":"2023-10-16T21:55:54","guid":{"rendered":"https:\/\/bien-etreiris.ch\/produktpraesentation\/hygiene\/haushaltsreinigung\/reinigungszubehoer\/tumbler-balls\/"},"modified":"2023-11-06T08:31:14","modified_gmt":"2023-11-06T06:31:14","slug":"tumbler-balls","status":"publish","type":"page","link":"https:\/\/bien-etreiris.ch\/de\/produktpraesentation\/hygiene\/haushaltsreinigung\/reinigungszubehoer\/tumbler-balls\/","title":{"rendered":"TUMBLER BALLS"},"content":{"rendered":"<h2>S\u00e9cher plus vite gr\u00e2ce aux Washo Natur Tumbler Balls<\/h2>\n<p><a href=\"https:\/\/bien-etreiris.ch\/de\/produktpraesentation\/hygiene\/haushaltsreinigung\/reinigungszubehoer\/tumbler-balls\/tumbler-balls-2-2\/\" rel=\"attachment wp-att-77271\"><img loading=\"lazy\" decoding=\"async\" class=\"wp-image-77271 alignleft\" src=\"https:\/\/bien-etreiris.ch\/wp-content\/uploads\/2023\/10\/tumbler-balls-1.jpg\" alt=\"\" width=\"520\" height=\"382\" srcset=\"https:\/\/bien-etreiris.ch\/wp-content\/uploads\/2023\/10\/tumbler-balls-1.jpg 1042w, https:\/\/bien-etreiris.ch\/wp-content\/uploads\/2023\/10\/tumbler-balls-1-300x220.jpg 300w, https:\/\/bien-etreiris.ch\/wp-content\/uploads\/2023\/10\/tumbler-balls-1-1024x752.jpg 1024w, https:\/\/bien-etreiris.ch\/wp-content\/uploads\/2023\/10\/tumbler-balls-1-768x564.jpg 768w\" sizes=\"auto, (max-width: 520px) 100vw, 520px\" \/><\/a><\/p>\n<p>&nbsp;<\/p>\n<p>&nbsp;<\/p>\n<p>&nbsp;<\/p>\n<p>&nbsp;<\/p>\n<p>&nbsp;<\/p>\n<p>&nbsp;<\/p>\n<p>&nbsp;<\/p>\n<p>1 sac avec 3 ball <strong>CHF 16.90<\/strong><\/p>\n<p>&nbsp;<\/p>\n<p>&nbsp;<\/p>\n<p>&nbsp;<\/p>\n<p>Les Washo Dryer Balls sont de v\u00e9ritables multitalents. Tu mets les balles avec le linge mouill\u00e9 dans le s\u00e8che-linge et tu laisses le programme se d\u00e9rouler normalement. La diff\u00e9rence r\u00e9side dans le temps : le tumbling dure nettement moins longtemps avec les Washo Dryer Balls. Tu peux aussi choisir un programme \u00e9conomique plus court. Tu peux utiliser toutes les Washo Dryer Balls \u00e0 chaque cycle de s\u00e9chage (ind\u00e9pendamment de la quantit\u00e9 de linge dans le s\u00e8che-linge).<br \/>\nLes avantages sont nombreux : Tu \u00e9conomises de l'\u00e9lectricit\u00e9, de l'argent et du temps ! En outre, tu n'as plus besoin d'adoucissant et tu pr\u00e9serves ainsi l'environnement. De plus, les Washo Dryer Balls aident \u00e0 lutter contre les charges \u00e9lectrostatiques sur tes v\u00eatements.<\/p>\n<h4>Comment fonctionnent les Washo Dryer Balls ?<\/h4>\n<p>Les Washo Dryer Ballssont fabriqu\u00e9es en laine de mouton de qualit\u00e9 sup\u00e9rieure. Cette fibre naturelle est facile \u00e0 entretenir, r\u00e9sistante et constitue un isolant naturel. Cela signifie qu'elles emmagasinent de la chaleur pendant le processus de s\u00e9chage et r\u00e9duisent ainsi le temps de s\u00e9chage. L'id\u00e9e est \u00e9galement que les Washo Dryer Balls emp\u00eachent le linge de s'agglutiner - et ce pour jusqu'\u00e0 1000 cycles de lavage. Nous recommandons de remplacer les balles lorsqu'elles commencent \u00e0 lib\u00e9rer des fibres et \u00e0 devenir pelucheuses.<\/p>\n<p>Tu peux t'imaginer l'id\u00e9e des Washo Dryer Balls ainsi : Les serviettes mouill\u00e9es se collent ensemble, il faut juste un certain temps pour qu'elles soient suffisamment s\u00e8ches pour se d\u00e9tacher les unes des autres. Cela emp\u00eache longtemps l'air chaud de circuler entre elles. Les Washo Dryer Balls r\u00e9solvent ce probl\u00e8me -l'air peut passer \u00e0 travers malgr\u00e9 les tissus humides.<br \/>\nC'est le mouvement constant des balles qui fait que les v\u00eatements deviennent plus doux, car les fibres se frottent les unes aux autres. Ainsi, les Washo Dryer Balls remplacent \u00e9galement les adoucissants. Pour que les balles puissent se d\u00e9placer de mani\u00e8re optimale entre les tissus mouill\u00e9s, il faut un peu de place, c'est pourquoi il n'est pas utile de les utiliser si le s\u00e8che-linge est surcharg\u00e9.<\/p>\n<p>&nbsp;<\/p>\n<h4>Parfume ton linge - sans produits chimiques<\/h4>\n<p>Les Washo Dryer Balls n'utilisent pas de produits chimiques ou de substances synth\u00e9tiques et conviennent donc \u00e9galement aux personnes allergiques ou aux b\u00e9b\u00e9s. De plus, la laine de mouton est enti\u00e8rement biod\u00e9gradable. Si tu souhaites parfumer un peu ton linge, il te suffit de verser quelques gouttes d'huiles essentielles de ton choix sur chaque balle. Tu laisses ensuite agir l'huile pendant quelques heures et tu utilises ensuite les Washo Dryer Balls comme d'habitude elles apportent comme par magie de la fra\u00cecheur \u00e0 ton linge !<\/p>\n","protected":false},"excerpt":{"rendered":"<p>S\u00e9cher plus vite gr\u00e2ce aux Washo Natur Tumbler Balls &nbsp; &nbsp; &nbsp; &nbsp; &nbsp; &nbsp; &nbsp; 1 sac avec 3 ball CHF 16.90 &nbsp; &nbsp; &nbsp; Les Washo Dryer Balls sont de v\u00e9ritables multitalents. Tu mets les balles avec le linge mouill\u00e9 dans le s\u00e8che-linge et tu laisses le programme se d\u00e9rouler normalement. La diff\u00e9rence r\u00e9side dans le temps :&nbsp;<a href=\"https:\/\/bien-etreiris.ch\/de\/produktpraesentation\/hygiene\/haushaltsreinigung\/reinigungszubehoer\/tumbler-balls\/\" class=\"read-more\">Weiter lesen<\/a><\/p>\n","protected":false},"author":1,"featured_media":77270,"parent":49001,"menu_order":2742,"comment_status":"closed","ping_status":"closed","template":"page-with-child.php","meta":{"_acf_changed":false,"ngg_post_thumbnail":0,"footnotes":""},"class_list":["post-77277","page","type-page","status-publish","has-post-thumbnail","hentry"],"acf":[],"yoast_head":"<!-- This site is optimized with the Yoast SEO plugin v27.4 - https:\/\/yoast.com\/product\/yoast-seo-wordpress\/ -->\n<title>TUMBLER BALLS - WOHLBEFINDEN<\/title>\n<meta name=\"robots\" content=\"index, follow, max-snippet:-1, max-image-preview:large, max-video-preview:-1\" \/>\n<link rel=\"canonical\" href=\"https:\/\/bien-etreiris.ch\/de\/produktpraesentation\/hygiene\/haushaltsreinigung\/reinigungszubehoer\/tumbler-balls\/\" \/>\n<meta property=\"og:locale\" content=\"de_DE\" \/>\n<meta property=\"og:type\" content=\"article\" \/>\n<meta property=\"og:title\" content=\"TUMBLER BALLS - WOHLBEFINDEN\" \/>\n<meta property=\"og:description\" content=\"S\u00e9cher plus vite gr\u00e2ce aux Washo Natur Tumbler Balls &nbsp; &nbsp; &nbsp; &nbsp; &nbsp; &nbsp; &nbsp; 1 sac avec 3 ball CHF 16.90 &nbsp; &nbsp; &nbsp; Les Washo Dryer Balls sont de v\u00e9ritables multitalents. Tu mets les balles avec le linge mouill\u00e9 dans le s\u00e8che-linge et tu laisses le programme se d\u00e9rouler normalement. La diff\u00e9rence r\u00e9side dans le temps :&nbsp;Weiter lesen\" \/>\n<meta property=\"og:url\" content=\"https:\/\/bien-etreiris.ch\/de\/produktpraesentation\/hygiene\/haushaltsreinigung\/reinigungszubehoer\/tumbler-balls\/\" \/>\n<meta property=\"og:site_name\" content=\"WOHLBEFINDEN\" \/>\n<meta property=\"article:publisher\" content=\"https:\/\/www.facebook.com\/bienetreiris\/\" \/>\n<meta property=\"article:modified_time\" content=\"2023-11-06T06:31:14+00:00\" \/>\n<meta property=\"og:image\" content=\"https:\/\/bien-etreiris.ch\/wp-content\/uploads\/2023\/10\/tumbler-balls.jpg\" \/>\n\t<meta property=\"og:image:width\" content=\"1042\" \/>\n\t<meta property=\"og:image:height\" content=\"765\" \/>\n\t<meta property=\"og:image:type\" content=\"image\/jpeg\" \/>\n<meta name=\"twitter:label1\" content=\"Gesch\u00e4tzte Lesezeit\" \/>\n\t<meta name=\"twitter:data1\" content=\"3\u00a0Minuten\" \/>\n<script type=\"application\/ld+json\" class=\"yoast-schema-graph\">{\"@context\":\"https:\\\/\\\/schema.org\",\"@graph\":[{\"@type\":\"WebPage\",\"@id\":\"https:\\\/\\\/bien-etreiris.ch\\\/de\\\/produktpraesentation\\\/hygiene\\\/haushaltsreinigung\\\/reinigungszubehoer\\\/tumbler-balls\\\/\",\"url\":\"https:\\\/\\\/bien-etreiris.ch\\\/de\\\/produktpraesentation\\\/hygiene\\\/haushaltsreinigung\\\/reinigungszubehoer\\\/tumbler-balls\\\/\",\"name\":\"TUMBLER BALLS - WOHLBEFINDEN\",\"isPartOf\":{\"@id\":\"https:\\\/\\\/bien-etreiris.ch\\\/de\\\/#website\"},\"primaryImageOfPage\":{\"@id\":\"https:\\\/\\\/bien-etreiris.ch\\\/de\\\/produktpraesentation\\\/hygiene\\\/haushaltsreinigung\\\/reinigungszubehoer\\\/tumbler-balls\\\/#primaryimage\"},\"image\":{\"@id\":\"https:\\\/\\\/bien-etreiris.ch\\\/de\\\/produktpraesentation\\\/hygiene\\\/haushaltsreinigung\\\/reinigungszubehoer\\\/tumbler-balls\\\/#primaryimage\"},\"thumbnailUrl\":\"https:\\\/\\\/bien-etreiris.ch\\\/wp-content\\\/uploads\\\/2023\\\/10\\\/tumbler-balls.jpg\",\"datePublished\":\"2023-10-16T21:55:54+00:00\",\"dateModified\":\"2023-11-06T06:31:14+00:00\",\"breadcrumb\":{\"@id\":\"https:\\\/\\\/bien-etreiris.ch\\\/de\\\/produktpraesentation\\\/hygiene\\\/haushaltsreinigung\\\/reinigungszubehoer\\\/tumbler-balls\\\/#breadcrumb\"},\"inLanguage\":\"de\",\"potentialAction\":[{\"@type\":\"ReadAction\",\"target\":[\"https:\\\/\\\/bien-etreiris.ch\\\/de\\\/produktpraesentation\\\/hygiene\\\/haushaltsreinigung\\\/reinigungszubehoer\\\/tumbler-balls\\\/\"]}]},{\"@type\":\"ImageObject\",\"inLanguage\":\"de\",\"@id\":\"https:\\\/\\\/bien-etreiris.ch\\\/de\\\/produktpraesentation\\\/hygiene\\\/haushaltsreinigung\\\/reinigungszubehoer\\\/tumbler-balls\\\/#primaryimage\",\"url\":\"https:\\\/\\\/bien-etreiris.ch\\\/wp-content\\\/uploads\\\/2023\\\/10\\\/tumbler-balls.jpg\",\"contentUrl\":\"https:\\\/\\\/bien-etreiris.ch\\\/wp-content\\\/uploads\\\/2023\\\/10\\\/tumbler-balls.jpg\",\"width\":1042,\"height\":765},{\"@type\":\"BreadcrumbList\",\"@id\":\"https:\\\/\\\/bien-etreiris.ch\\\/de\\\/produktpraesentation\\\/hygiene\\\/haushaltsreinigung\\\/reinigungszubehoer\\\/tumbler-balls\\\/#breadcrumb\",\"itemListElement\":[{\"@type\":\"ListItem\",\"position\":1,\"name\":\"Home\",\"item\":\"https:\\\/\\\/bien-etreiris.ch\\\/de\\\/\"},{\"@type\":\"ListItem\",\"position\":2,\"name\":\"PRODUKTPR\u00c4SENTATION\",\"item\":\"https:\\\/\\\/bien-etreiris.ch\\\/de\\\/produktpraesentation\\\/\"},{\"@type\":\"ListItem\",\"position\":3,\"name\":\"HYGIENE\",\"item\":\"https:\\\/\\\/bien-etreiris.ch\\\/de\\\/produktpraesentation\\\/hygiene\\\/\"},{\"@type\":\"ListItem\",\"position\":4,\"name\":\"HAUSHALTSREINIGUNG\",\"item\":\"https:\\\/\\\/bien-etreiris.ch\\\/de\\\/produktpraesentation\\\/hygiene\\\/haushaltsreinigung\\\/\"},{\"@type\":\"ListItem\",\"position\":5,\"name\":\"REINIGUNGSZUBEH\u00d6R\",\"item\":\"https:\\\/\\\/bien-etreiris.ch\\\/de\\\/produktpraesentation\\\/hygiene\\\/haushaltsreinigung\\\/reinigungszubehoer\\\/\"},{\"@type\":\"ListItem\",\"position\":6,\"name\":\"TUMBLER BALLS\"}]},{\"@type\":\"WebSite\",\"@id\":\"https:\\\/\\\/bien-etreiris.ch\\\/de\\\/#website\",\"url\":\"https:\\\/\\\/bien-etreiris.ch\\\/de\\\/\",\"name\":\"Bien-\u00eatre Iris\",\"description\":\"IHRE Gesundheit ist uns wichtig\",\"potentialAction\":[{\"@type\":\"SearchAction\",\"target\":{\"@type\":\"EntryPoint\",\"urlTemplate\":\"https:\\\/\\\/bien-etreiris.ch\\\/de\\\/?s={search_term_string}\"},\"query-input\":{\"@type\":\"PropertyValueSpecification\",\"valueRequired\":true,\"valueName\":\"search_term_string\"}}],\"inLanguage\":\"de\"}]}<\/script>\n<!-- \/ Yoast SEO plugin. -->","yoast_head_json":{"title":"TUMBLER BALLS - WOHLBEFINDEN","robots":{"index":"index","follow":"follow","max-snippet":"max-snippet:-1","max-image-preview":"max-image-preview:large","max-video-preview":"max-video-preview:-1"},"canonical":"https:\/\/bien-etreiris.ch\/de\/produktpraesentation\/hygiene\/haushaltsreinigung\/reinigungszubehoer\/tumbler-balls\/","og_locale":"de_DE","og_type":"article","og_title":"TUMBLER BALLS - WOHLBEFINDEN","og_description":"S\u00e9cher plus vite gr\u00e2ce aux Washo Natur Tumbler Balls &nbsp; &nbsp; &nbsp; &nbsp; &nbsp; &nbsp; &nbsp; 1 sac avec 3 ball CHF 16.90 &nbsp; &nbsp; &nbsp; Les Washo Dryer Balls sont de v\u00e9ritables multitalents. Tu mets les balles avec le linge mouill\u00e9 dans le s\u00e8che-linge et tu laisses le programme se d\u00e9rouler normalement. La diff\u00e9rence r\u00e9side dans le temps :&nbsp;Weiter lesen","og_url":"https:\/\/bien-etreiris.ch\/de\/produktpraesentation\/hygiene\/haushaltsreinigung\/reinigungszubehoer\/tumbler-balls\/","og_site_name":"WOHLBEFINDEN","article_publisher":"https:\/\/www.facebook.com\/bienetreiris\/","article_modified_time":"2023-11-06T06:31:14+00:00","og_image":[{"width":1042,"height":765,"url":"https:\/\/bien-etreiris.ch\/wp-content\/uploads\/2023\/10\/tumbler-balls.jpg","type":"image\/jpeg"}],"twitter_misc":{"Gesch\u00e4tzte Lesezeit":"3\u00a0Minuten"},"schema":{"@context":"https:\/\/schema.org","@graph":[{"@type":"WebPage","@id":"https:\/\/bien-etreiris.ch\/de\/produktpraesentation\/hygiene\/haushaltsreinigung\/reinigungszubehoer\/tumbler-balls\/","url":"https:\/\/bien-etreiris.ch\/de\/produktpraesentation\/hygiene\/haushaltsreinigung\/reinigungszubehoer\/tumbler-balls\/","name":"TUMBLER BALLS - WOHLBEFINDEN","isPartOf":{"@id":"https:\/\/bien-etreiris.ch\/de\/#website"},"primaryImageOfPage":{"@id":"https:\/\/bien-etreiris.ch\/de\/produktpraesentation\/hygiene\/haushaltsreinigung\/reinigungszubehoer\/tumbler-balls\/#primaryimage"},"image":{"@id":"https:\/\/bien-etreiris.ch\/de\/produktpraesentation\/hygiene\/haushaltsreinigung\/reinigungszubehoer\/tumbler-balls\/#primaryimage"},"thumbnailUrl":"https:\/\/bien-etreiris.ch\/wp-content\/uploads\/2023\/10\/tumbler-balls.jpg","datePublished":"2023-10-16T21:55:54+00:00","dateModified":"2023-11-06T06:31:14+00:00","breadcrumb":{"@id":"https:\/\/bien-etreiris.ch\/de\/produktpraesentation\/hygiene\/haushaltsreinigung\/reinigungszubehoer\/tumbler-balls\/#breadcrumb"},"inLanguage":"de","potentialAction":[{"@type":"ReadAction","target":["https:\/\/bien-etreiris.ch\/de\/produktpraesentation\/hygiene\/haushaltsreinigung\/reinigungszubehoer\/tumbler-balls\/"]}]},{"@type":"ImageObject","inLanguage":"de","@id":"https:\/\/bien-etreiris.ch\/de\/produktpraesentation\/hygiene\/haushaltsreinigung\/reinigungszubehoer\/tumbler-balls\/#primaryimage","url":"https:\/\/bien-etreiris.ch\/wp-content\/uploads\/2023\/10\/tumbler-balls.jpg","contentUrl":"https:\/\/bien-etreiris.ch\/wp-content\/uploads\/2023\/10\/tumbler-balls.jpg","width":1042,"height":765},{"@type":"BreadcrumbList","@id":"https:\/\/bien-etreiris.ch\/de\/produktpraesentation\/hygiene\/haushaltsreinigung\/reinigungszubehoer\/tumbler-balls\/#breadcrumb","itemListElement":[{"@type":"ListItem","position":1,"name":"Home","item":"https:\/\/bien-etreiris.ch\/de\/"},{"@type":"ListItem","position":2,"name":"PRODUKTPR\u00c4SENTATION","item":"https:\/\/bien-etreiris.ch\/de\/produktpraesentation\/"},{"@type":"ListItem","position":3,"name":"HYGIENE","item":"https:\/\/bien-etreiris.ch\/de\/produktpraesentation\/hygiene\/"},{"@type":"ListItem","position":4,"name":"HAUSHALTSREINIGUNG","item":"https:\/\/bien-etreiris.ch\/de\/produktpraesentation\/hygiene\/haushaltsreinigung\/"},{"@type":"ListItem","position":5,"name":"REINIGUNGSZUBEH\u00d6R","item":"https:\/\/bien-etreiris.ch\/de\/produktpraesentation\/hygiene\/haushaltsreinigung\/reinigungszubehoer\/"},{"@type":"ListItem","position":6,"name":"TUMBLER BALLS"}]},{"@type":"WebSite","@id":"https:\/\/bien-etreiris.ch\/de\/#website","url":"https:\/\/bien-etreiris.ch\/de\/","name":"Bien-\u00eatre Iris","description":"IHRE Gesundheit ist uns wichtig","potentialAction":[{"@type":"SearchAction","target":{"@type":"EntryPoint","urlTemplate":"https:\/\/bien-etreiris.ch\/de\/?s={search_term_string}"},"query-input":{"@type":"PropertyValueSpecification","valueRequired":true,"valueName":"search_term_string"}}],"inLanguage":"de"}]}},"_links":{"self":[{"href":"https:\/\/bien-etreiris.ch\/de\/wp-json\/wp\/v2\/pages\/77277","targetHints":{"allow":["GET"]}}],"collection":[{"href":"https:\/\/bien-etreiris.ch\/de\/wp-json\/wp\/v2\/pages"}],"about":[{"href":"https:\/\/bien-etreiris.ch\/de\/wp-json\/wp\/v2\/types\/page"}],"author":[{"embeddable":true,"href":"https:\/\/bien-etreiris.ch\/de\/wp-json\/wp\/v2\/users\/1"}],"replies":[{"embeddable":true,"href":"https:\/\/bien-etreiris.ch\/de\/wp-json\/wp\/v2\/comments?post=77277"}],"version-history":[{"count":4,"href":"https:\/\/bien-etreiris.ch\/de\/wp-json\/wp\/v2\/pages\/77277\/revisions"}],"predecessor-version":[{"id":79020,"href":"https:\/\/bien-etreiris.ch\/de\/wp-json\/wp\/v2\/pages\/77277\/revisions\/79020"}],"up":[{"embeddable":true,"href":"https:\/\/bien-etreiris.ch\/de\/wp-json\/wp\/v2\/pages\/49001"}],"wp:featuredmedia":[{"embeddable":true,"href":"https:\/\/bien-etreiris.ch\/de\/wp-json\/wp\/v2\/media\/77270"}],"wp:attachment":[{"href":"https:\/\/bien-etreiris.ch\/de\/wp-json\/wp\/v2\/media?parent=77277"}],"curies":[{"name":"wp","href":"https:\/\/api.w.org\/{rel}","templated":true}]}}