{"id":76902,"date":"2023-05-24T22:50:59","date_gmt":"2023-05-24T20:50:59","guid":{"rendered":"https:\/\/bien-etreiris.ch\/produktpraesentation\/aromatherapie\/aetherische-oele\/ciste\/"},"modified":"2023-10-14T23:37:52","modified_gmt":"2023-10-14T21:37:52","slug":"ciste","status":"publish","type":"page","link":"https:\/\/bien-etreiris.ch\/de\/produktpraesentation\/aromatherapie\/aetherische-oele\/ciste\/","title":{"rendered":"CISTE"},"content":{"rendered":"<h2>Ciste<\/h2>\n<p><a href=\"https:\/\/bien-etreiris.ch\/de\/produktpraesentation\/aromatherapie\/aetherische-oele\/ciste\/ciste-6-2\/\" rel=\"attachment wp-att-70658\"><img loading=\"lazy\" decoding=\"async\" class=\"wp-image-70658 alignleft\" src=\"https:\/\/bien-etreiris.ch\/wp-content\/uploads\/2023\/05\/ciste.jpg\" alt=\"\" width=\"209\" height=\"472\" srcset=\"https:\/\/bien-etreiris.ch\/wp-content\/uploads\/2023\/05\/ciste.jpg 298w, https:\/\/bien-etreiris.ch\/wp-content\/uploads\/2023\/05\/ciste-133x300.jpg 133w\" sizes=\"auto, (max-width: 209px) 100vw, 209px\" \/><\/a><\/p>\n<p>&nbsp;<\/p>\n<p>&nbsp;<\/p>\n<p>&nbsp;<\/p>\n<p>&nbsp;<\/p>\n<p>&nbsp;<\/p>\n<p>&nbsp;<\/p>\n<p>&nbsp;<\/p>\n<p>&nbsp;<\/p>\n<p>1 Flacon 5 ml <strong>CHF 24.90<\/strong><\/p>\n<p>&nbsp;<\/p>\n<p>&nbsp;<\/p>\n<p>&nbsp;<\/p>\n<p>&nbsp;<\/p>\n<table style=\"width: 90.3571%;\">\n<tbody>\n<tr>\n<td style=\"width: 25.5952%;\"><strong>Nom botanique :<\/strong><\/td>\n<td style=\"width: 63.8095%;\"><em>Cistus ladaniferus<\/em><\/td>\n<\/tr>\n<tr>\n<td style=\"width: 25.5952%;\"><strong>Famille botanique :<\/strong><\/td>\n<td style=\"width: 63.8095%;\">Cistac\u00e9es\u200bs\u200b\u200b\u200b\u200b\u200b\u200b<\/td>\n<\/tr>\n<tr>\n<td style=\"width: 25.5952%;\"><strong>M\u00e9thode d'extraction :<\/strong><\/td>\n<td style=\"width: 63.8095%;\">Distillation \u00e0 la vapeur d'eau<\/td>\n<\/tr>\n<tr>\n<td style=\"width: 25.5952%;\"><strong>Partie de la plante utilis\u00e9e :<\/strong><\/td>\n<td style=\"width: 63.8095%;\">Rameaux<\/td>\n<\/tr>\n<tr>\n<td style=\"width: 25.5952%;\"><strong>Quantit\u00e9 v\u00e9g\u00e9tale :<\/strong><\/td>\n<td style=\"width: 63.8095%;\">170 kg de feuilles et de branches sont n\u00e9cessaires pour obtenir 1 kg d'huile.<\/td>\n<\/tr>\n<tr>\n<td style=\"width: 25.5952%;\"><strong>Origine g\u00e9ographique :<\/strong>&nbsp;<\/td>\n<td style=\"width: 63.8095%;\">Portugal (peut varier en fonction de la saison et de la r\u00e9colte)<\/td>\n<\/tr>\n<tr>\n<td style=\"width: 25.5952%;\"><strong>Culture qualit\u00e9&nbsp;:<\/strong><\/td>\n<td style=\"width: 63.8095%;\">Cueillette sauvage biologique (cpb), non test\u00e9 sur les animaux, v\u00e9g\u00e9talien<\/td>\n<\/tr>\n<tr>\n<td style=\"width: 25.5952%;\"><strong>Effet parfum\u00e9 :<\/strong><\/td>\n<td style=\"width: 63.8095%;\">Qui met \u00e0 la terre<\/td>\n<\/tr>\n<tr>\n<td style=\"width: 25.5952%;\"><strong>Note parfum\u00e9e :<\/strong><\/td>\n<td style=\"width: 63.8095%;\">Note de base\/de c\u0153ur<\/td>\n<\/tr>\n<tr>\n<td style=\"width: 25.5952%;\"><strong>Profil de parfum :<\/strong><\/td>\n<td style=\"width: 63.8095%;\">Plein, chaud, aromatique, \u00e9pic\u00e9, balsamique<\/td>\n<\/tr>\n<tr>\n<td style=\"width: 25.5952%;\"><strong>Th\u00e8me du parfum :<\/strong><\/td>\n<td style=\"width: 63.8095%;\">R\u00e9chauffe, \u00e9quilibre, soutient la m\u00e9ditation<\/td>\n<\/tr>\n<tr>\n<td style=\"width: 25.5952%;\"><strong>Energ\u00e9tique :<\/strong><\/td>\n<td style=\"width: 63.8095%;\">Orange \/ 2e chakra; magenta \/ 4e chakra<\/td>\n<\/tr>\n<tr>\n<td style=\"width: 25.5952%;\"><strong>Psycho-\u00e9motionnel :<\/strong>&nbsp;<\/td>\n<td style=\"width: 63.8095%;\">&nbsp;<\/td>\n<\/tr>\n<tr>\n<td style=\"width: 25.5952%;\"><strong>Description :<\/strong>&nbsp;<\/p>\n<p>&nbsp;<\/p>\n<p>&nbsp;<\/p>\n<p>&nbsp;<\/p>\n<p>&nbsp;<\/p>\n<p>&nbsp;<\/td>\n<td style=\"width: 63.8095%;\" scope=\"row\">\n<ul>\n<li>Le ciste pousse dans le bassin m\u00e9diterran\u00e9en. Ses d\u00e9licates fleurs blanches \u00e0 roses sont entour\u00e9es de feuilles vert gris\u00e2tre.<\/li>\n<li>L'huile essentielle extraite des feuilles et des branches \u00e9tait consid\u00e9r\u00e9e comme une plante sacr\u00e9e dans l'\u00c9gypte ancienne et dans la culture minoenne.Aujourd'hui encore, le ciste est un ingr\u00e9dient principal des produits de soin de la peau dans le bassin m\u00e9diterran\u00e9en et est utilis\u00e9 pour la cicatrisation des plaies et le soutien du flux lymphatique.<\/li>\n<li>L'huile de ciste BIO d\u00e9ploie toutefois son effet principal dans le domaine psychique.<br \/>\nElle procure un sentiment de s\u00e9curit\u00e9, nous permet d'ouvrir les portes de notre \u00e2me gr\u00e2ce \u00e0 sa protection et nous accompagne dans les profondeurs de notre subconscient.<\/li>\n<li>Son effet harmonisant et r\u00e9chauffant nous apporte l'\u00e9quilibre et renforce notre confiance en nous.<\/li>\n<\/ul>\n<\/td>\n<\/tr>\n<tr>\n<td style=\"width: 25.5952%;\"><strong>Application :<\/strong><\/td>\n<td style=\"width: 63.8095%;\">\n<ul style=\"list-style-type: disc;\">\n<li>Associ\u00e9e \u00e0 la bergamote et \u00e0 la myrrhe dans l'huile de millepertuis et d'amande, elle donne une huile de massage chauffante, balsamique et profond\u00e9ment relaxante.<\/li>\n<li>L'huile de ciste ne doit pas \u00eatre utilis\u00e9e pendant la grossesse !<\/li>\n<li>Des sp\u00e9cialistes qualifi\u00e9s vous donneront volontiers de plus amples informations sur les possibilit\u00e9s d'utilisation m\u00e9dicale et cosm\u00e9tique.<\/li>\n<\/ul>\n<\/td>\n<\/tr>\n<tr>\n<td style=\"width: 25.5952%;\"><strong>Principes actifs :<\/strong><\/td>\n<td>\n<ul style=\"list-style-type: disc;\">\n<li>Alpha-pin\u00e8ne (de 18&nbsp;\u00e0 50 %)<\/li>\n<li>Viridiflorol (de 2&nbsp;\u00e0 10 %)<\/li>\n<li>Camph\u00e8ne (de 2&nbsp;\u00e0 8 %)<\/li>\n<li>Trim\u00e9thylcyclohexanone (de 1&nbsp;\u00e0 6 %)&nbsp;<\/li>\n<\/ul>\n<\/td>\n<\/tr>\n<tr>\n<td style=\"width: 25.5952%;\"><strong>Allerg\u00e8nes :<br \/>\n<\/strong><\/td>\n<td>Linalool, Limonene, Citral<\/td>\n<\/tr>\n<tr>\n<td style=\"width: 25.5952%;\"><strong><span style=\"color: #ff0000;\">Pr\u00e9cautions :<\/span><br \/>\n<\/strong><\/td>\n<td><strong>Contient des c\u00e9tones<\/strong><\/td>\n<\/tr>\n<\/tbody>\n<\/table>\n","protected":false},"excerpt":{"rendered":"<p>Ciste &nbsp; &nbsp; &nbsp; &nbsp; &nbsp; &nbsp; &nbsp; &nbsp; 1 Flacon 5 ml CHF 24.90 &nbsp; &nbsp; &nbsp; &nbsp; Nom botanique : Cistus ladaniferus Famille botanique : Cistac\u00e9es\u200bs\u200b\u200b\u200b\u200b\u200b\u200b M\u00e9thode d'extraction : Distillation \u00e0 la vapeur d'eau Partie de la plante utilis\u00e9e : Rameaux Quantit\u00e9 v\u00e9g\u00e9tale : 170 kg de feuilles et de branches sont n\u00e9cessaires pour obtenir 1 kg d'huile.&nbsp;<a href=\"https:\/\/bien-etreiris.ch\/de\/produktpraesentation\/aromatherapie\/aetherische-oele\/ciste\/\" class=\"read-more\">Weiter lesen<\/a><\/p>\n","protected":false},"author":1,"featured_media":70663,"parent":37429,"menu_order":3506,"comment_status":"closed","ping_status":"closed","template":"page-with-child.php","meta":{"_acf_changed":false,"ngg_post_thumbnail":0,"footnotes":""},"class_list":["post-76902","page","type-page","status-publish","has-post-thumbnail","hentry"],"acf":[],"yoast_head":"<!-- This site is optimized with the Yoast SEO plugin v27.6 - https:\/\/yoast.com\/product\/yoast-seo-wordpress\/ -->\n<title>CISTE - WOHLBEFINDEN<\/title>\n<meta name=\"robots\" content=\"index, follow, max-snippet:-1, max-image-preview:large, max-video-preview:-1\" \/>\n<link rel=\"canonical\" href=\"https:\/\/bien-etreiris.ch\/de\/produktpraesentation\/aromatherapie\/aetherische-oele\/ciste\/\" \/>\n<meta property=\"og:locale\" content=\"de_DE\" \/>\n<meta property=\"og:type\" content=\"article\" \/>\n<meta property=\"og:title\" content=\"CISTE - WOHLBEFINDEN\" \/>\n<meta property=\"og:description\" content=\"Ciste &nbsp; &nbsp; &nbsp; &nbsp; &nbsp; &nbsp; &nbsp; &nbsp; 1 Flacon 5 ml CHF 24.90 &nbsp; &nbsp; &nbsp; &nbsp; Nom botanique : Cistus ladaniferus Famille botanique : Cistac\u00e9es\u200bs\u200b\u200b\u200b\u200b\u200b\u200b M\u00e9thode d&#039;extraction : Distillation \u00e0 la vapeur d&#039;eau Partie de la plante utilis\u00e9e : Rameaux Quantit\u00e9 v\u00e9g\u00e9tale : 170 kg de feuilles et de branches sont n\u00e9cessaires pour obtenir 1 kg d&#039;huile.&nbsp;Weiter lesen\" \/>\n<meta property=\"og:url\" content=\"https:\/\/bien-etreiris.ch\/de\/produktpraesentation\/aromatherapie\/aetherische-oele\/ciste\/\" \/>\n<meta property=\"og:site_name\" content=\"WOHLBEFINDEN\" \/>\n<meta property=\"article:publisher\" content=\"https:\/\/www.facebook.com\/bienetreiris\/\" \/>\n<meta property=\"article:modified_time\" content=\"2023-10-14T21:37:52+00:00\" \/>\n<meta property=\"og:image\" content=\"https:\/\/bien-etreiris.ch\/wp-content\/uploads\/2023\/05\/acceuil-ciste.png\" \/>\n\t<meta property=\"og:image:width\" content=\"500\" \/>\n\t<meta property=\"og:image:height\" content=\"303\" \/>\n\t<meta property=\"og:image:type\" content=\"image\/png\" \/>\n<meta name=\"twitter:label1\" content=\"Gesch\u00e4tzte Lesezeit\" \/>\n\t<meta name=\"twitter:data1\" content=\"2\u00a0Minuten\" \/>\n<script type=\"application\/ld+json\" class=\"yoast-schema-graph\">{\"@context\":\"https:\\\/\\\/schema.org\",\"@graph\":[{\"@type\":\"WebPage\",\"@id\":\"https:\\\/\\\/bien-etreiris.ch\\\/de\\\/produktpraesentation\\\/aromatherapie\\\/aetherische-oele\\\/ciste\\\/\",\"url\":\"https:\\\/\\\/bien-etreiris.ch\\\/de\\\/produktpraesentation\\\/aromatherapie\\\/aetherische-oele\\\/ciste\\\/\",\"name\":\"CISTE - WOHLBEFINDEN\",\"isPartOf\":{\"@id\":\"https:\\\/\\\/bien-etreiris.ch\\\/de\\\/#website\"},\"primaryImageOfPage\":{\"@id\":\"https:\\\/\\\/bien-etreiris.ch\\\/de\\\/produktpraesentation\\\/aromatherapie\\\/aetherische-oele\\\/ciste\\\/#primaryimage\"},\"image\":{\"@id\":\"https:\\\/\\\/bien-etreiris.ch\\\/de\\\/produktpraesentation\\\/aromatherapie\\\/aetherische-oele\\\/ciste\\\/#primaryimage\"},\"thumbnailUrl\":\"https:\\\/\\\/bien-etreiris.ch\\\/wp-content\\\/uploads\\\/2023\\\/05\\\/acceuil-ciste.png\",\"datePublished\":\"2023-05-24T20:50:59+00:00\",\"dateModified\":\"2023-10-14T21:37:52+00:00\",\"breadcrumb\":{\"@id\":\"https:\\\/\\\/bien-etreiris.ch\\\/de\\\/produktpraesentation\\\/aromatherapie\\\/aetherische-oele\\\/ciste\\\/#breadcrumb\"},\"inLanguage\":\"de\",\"potentialAction\":[{\"@type\":\"ReadAction\",\"target\":[\"https:\\\/\\\/bien-etreiris.ch\\\/de\\\/produktpraesentation\\\/aromatherapie\\\/aetherische-oele\\\/ciste\\\/\"]}]},{\"@type\":\"ImageObject\",\"inLanguage\":\"de\",\"@id\":\"https:\\\/\\\/bien-etreiris.ch\\\/de\\\/produktpraesentation\\\/aromatherapie\\\/aetherische-oele\\\/ciste\\\/#primaryimage\",\"url\":\"https:\\\/\\\/bien-etreiris.ch\\\/wp-content\\\/uploads\\\/2023\\\/05\\\/acceuil-ciste.png\",\"contentUrl\":\"https:\\\/\\\/bien-etreiris.ch\\\/wp-content\\\/uploads\\\/2023\\\/05\\\/acceuil-ciste.png\",\"width\":500,\"height\":303},{\"@type\":\"BreadcrumbList\",\"@id\":\"https:\\\/\\\/bien-etreiris.ch\\\/de\\\/produktpraesentation\\\/aromatherapie\\\/aetherische-oele\\\/ciste\\\/#breadcrumb\",\"itemListElement\":[{\"@type\":\"ListItem\",\"position\":1,\"name\":\"Home\",\"item\":\"https:\\\/\\\/bien-etreiris.ch\\\/de\\\/\"},{\"@type\":\"ListItem\",\"position\":2,\"name\":\"PRODUKTPR\u00c4SENTATION\",\"item\":\"https:\\\/\\\/bien-etreiris.ch\\\/de\\\/produktpraesentation\\\/\"},{\"@type\":\"ListItem\",\"position\":3,\"name\":\"AROMATHERAPIE\",\"item\":\"https:\\\/\\\/bien-etreiris.ch\\\/de\\\/produktpraesentation\\\/aromatherapie\\\/\"},{\"@type\":\"ListItem\",\"position\":4,\"name\":\"\u00c4THERISCHE \u00d6LE\",\"item\":\"https:\\\/\\\/bien-etreiris.ch\\\/de\\\/produktpraesentation\\\/aromatherapie\\\/aetherische-oele\\\/\"},{\"@type\":\"ListItem\",\"position\":5,\"name\":\"CISTE\"}]},{\"@type\":\"WebSite\",\"@id\":\"https:\\\/\\\/bien-etreiris.ch\\\/de\\\/#website\",\"url\":\"https:\\\/\\\/bien-etreiris.ch\\\/de\\\/\",\"name\":\"Bien-\u00eatre Iris\",\"description\":\"IHRE Gesundheit ist uns wichtig\",\"potentialAction\":[{\"@type\":\"SearchAction\",\"target\":{\"@type\":\"EntryPoint\",\"urlTemplate\":\"https:\\\/\\\/bien-etreiris.ch\\\/de\\\/?s={search_term_string}\"},\"query-input\":{\"@type\":\"PropertyValueSpecification\",\"valueRequired\":true,\"valueName\":\"search_term_string\"}}],\"inLanguage\":\"de\"}]}<\/script>\n<!-- \/ Yoast SEO plugin. -->","yoast_head_json":{"title":"CISTE - WOHLBEFINDEN","robots":{"index":"index","follow":"follow","max-snippet":"max-snippet:-1","max-image-preview":"max-image-preview:large","max-video-preview":"max-video-preview:-1"},"canonical":"https:\/\/bien-etreiris.ch\/de\/produktpraesentation\/aromatherapie\/aetherische-oele\/ciste\/","og_locale":"de_DE","og_type":"article","og_title":"CISTE - WOHLBEFINDEN","og_description":"Ciste &nbsp; &nbsp; &nbsp; &nbsp; &nbsp; &nbsp; &nbsp; &nbsp; 1 Flacon 5 ml CHF 24.90 &nbsp; &nbsp; &nbsp; &nbsp; Nom botanique : Cistus ladaniferus Famille botanique : Cistac\u00e9es\u200bs\u200b\u200b\u200b\u200b\u200b\u200b M\u00e9thode d'extraction : Distillation \u00e0 la vapeur d'eau Partie de la plante utilis\u00e9e : Rameaux Quantit\u00e9 v\u00e9g\u00e9tale : 170 kg de feuilles et de branches sont n\u00e9cessaires pour obtenir 1 kg d'huile.&nbsp;Weiter lesen","og_url":"https:\/\/bien-etreiris.ch\/de\/produktpraesentation\/aromatherapie\/aetherische-oele\/ciste\/","og_site_name":"WOHLBEFINDEN","article_publisher":"https:\/\/www.facebook.com\/bienetreiris\/","article_modified_time":"2023-10-14T21:37:52+00:00","og_image":[{"width":500,"height":303,"url":"https:\/\/bien-etreiris.ch\/wp-content\/uploads\/2023\/05\/acceuil-ciste.png","type":"image\/png"}],"twitter_misc":{"Gesch\u00e4tzte Lesezeit":"2\u00a0Minuten"},"schema":{"@context":"https:\/\/schema.org","@graph":[{"@type":"WebPage","@id":"https:\/\/bien-etreiris.ch\/de\/produktpraesentation\/aromatherapie\/aetherische-oele\/ciste\/","url":"https:\/\/bien-etreiris.ch\/de\/produktpraesentation\/aromatherapie\/aetherische-oele\/ciste\/","name":"CISTE - WOHLBEFINDEN","isPartOf":{"@id":"https:\/\/bien-etreiris.ch\/de\/#website"},"primaryImageOfPage":{"@id":"https:\/\/bien-etreiris.ch\/de\/produktpraesentation\/aromatherapie\/aetherische-oele\/ciste\/#primaryimage"},"image":{"@id":"https:\/\/bien-etreiris.ch\/de\/produktpraesentation\/aromatherapie\/aetherische-oele\/ciste\/#primaryimage"},"thumbnailUrl":"https:\/\/bien-etreiris.ch\/wp-content\/uploads\/2023\/05\/acceuil-ciste.png","datePublished":"2023-05-24T20:50:59+00:00","dateModified":"2023-10-14T21:37:52+00:00","breadcrumb":{"@id":"https:\/\/bien-etreiris.ch\/de\/produktpraesentation\/aromatherapie\/aetherische-oele\/ciste\/#breadcrumb"},"inLanguage":"de","potentialAction":[{"@type":"ReadAction","target":["https:\/\/bien-etreiris.ch\/de\/produktpraesentation\/aromatherapie\/aetherische-oele\/ciste\/"]}]},{"@type":"ImageObject","inLanguage":"de","@id":"https:\/\/bien-etreiris.ch\/de\/produktpraesentation\/aromatherapie\/aetherische-oele\/ciste\/#primaryimage","url":"https:\/\/bien-etreiris.ch\/wp-content\/uploads\/2023\/05\/acceuil-ciste.png","contentUrl":"https:\/\/bien-etreiris.ch\/wp-content\/uploads\/2023\/05\/acceuil-ciste.png","width":500,"height":303},{"@type":"BreadcrumbList","@id":"https:\/\/bien-etreiris.ch\/de\/produktpraesentation\/aromatherapie\/aetherische-oele\/ciste\/#breadcrumb","itemListElement":[{"@type":"ListItem","position":1,"name":"Home","item":"https:\/\/bien-etreiris.ch\/de\/"},{"@type":"ListItem","position":2,"name":"PRODUKTPR\u00c4SENTATION","item":"https:\/\/bien-etreiris.ch\/de\/produktpraesentation\/"},{"@type":"ListItem","position":3,"name":"AROMATHERAPIE","item":"https:\/\/bien-etreiris.ch\/de\/produktpraesentation\/aromatherapie\/"},{"@type":"ListItem","position":4,"name":"\u00c4THERISCHE \u00d6LE","item":"https:\/\/bien-etreiris.ch\/de\/produktpraesentation\/aromatherapie\/aetherische-oele\/"},{"@type":"ListItem","position":5,"name":"CISTE"}]},{"@type":"WebSite","@id":"https:\/\/bien-etreiris.ch\/de\/#website","url":"https:\/\/bien-etreiris.ch\/de\/","name":"Bien-\u00eatre Iris","description":"IHRE Gesundheit ist uns wichtig","potentialAction":[{"@type":"SearchAction","target":{"@type":"EntryPoint","urlTemplate":"https:\/\/bien-etreiris.ch\/de\/?s={search_term_string}"},"query-input":{"@type":"PropertyValueSpecification","valueRequired":true,"valueName":"search_term_string"}}],"inLanguage":"de"}]}},"_links":{"self":[{"href":"https:\/\/bien-etreiris.ch\/de\/wp-json\/wp\/v2\/pages\/76902","targetHints":{"allow":["GET"]}}],"collection":[{"href":"https:\/\/bien-etreiris.ch\/de\/wp-json\/wp\/v2\/pages"}],"about":[{"href":"https:\/\/bien-etreiris.ch\/de\/wp-json\/wp\/v2\/types\/page"}],"author":[{"embeddable":true,"href":"https:\/\/bien-etreiris.ch\/de\/wp-json\/wp\/v2\/users\/1"}],"replies":[{"embeddable":true,"href":"https:\/\/bien-etreiris.ch\/de\/wp-json\/wp\/v2\/comments?post=76902"}],"version-history":[{"count":1,"href":"https:\/\/bien-etreiris.ch\/de\/wp-json\/wp\/v2\/pages\/76902\/revisions"}],"predecessor-version":[{"id":76904,"href":"https:\/\/bien-etreiris.ch\/de\/wp-json\/wp\/v2\/pages\/76902\/revisions\/76904"}],"up":[{"embeddable":true,"href":"https:\/\/bien-etreiris.ch\/de\/wp-json\/wp\/v2\/pages\/37429"}],"wp:featuredmedia":[{"embeddable":true,"href":"https:\/\/bien-etreiris.ch\/de\/wp-json\/wp\/v2\/media\/70663"}],"wp:attachment":[{"href":"https:\/\/bien-etreiris.ch\/de\/wp-json\/wp\/v2\/media?parent=76902"}],"curies":[{"name":"wp","href":"https:\/\/api.w.org\/{rel}","templated":true}]}}