{"id":76845,"date":"2023-10-12T16:02:27","date_gmt":"2023-10-12T14:02:27","guid":{"rendered":"https:\/\/bien-etreiris.ch\/cabreuva\/"},"modified":"2023-10-12T16:03:52","modified_gmt":"2023-10-12T14:03:52","slug":"cabreuva","status":"publish","type":"page","link":"https:\/\/bien-etreiris.ch\/de\/produktpraesentation\/aromatherapie\/aetherische-oele\/cabreuva\/","title":{"rendered":"CABREUVA"},"content":{"rendered":"\n<h2>Cabreuva<\/h2>\n<p>&nbsp;<\/p>\n<p>&nbsp;<\/p>\n<p>&nbsp;<\/p>\n<p>&nbsp;<\/p>\n<p>&nbsp;<\/p>\n<p>&nbsp;<\/p>\n<p>&nbsp;<\/p>\n<table style=\"width: 100%;\">\n<tbody>\n<tr>\n<td style=\"width: 30.4762%;\"><strong>Nom botanique :<\/strong><\/td>\n<td style=\"width: 68.5714%;\"><em>Myrocarpus fastigiatus<\/em>&nbsp;Allemao<\/td>\n<\/tr>\n<tr>\n<td style=\"width: 30.4762%;\"><strong>Famille botanique :<\/strong><\/td>\n<td style=\"width: 68.5714%;\">Fabac\u00e9es (Leguminoceae) - l\u00e9gumineuses<\/td>\n<\/tr>\n<tr>\n<td style=\"width: 30.4762%;\"><strong>M\u00e9thode d'extraction :<\/strong><\/td>\n<td style=\"width: 68.5714%;\">distillation \u00e0 la vapeur d'eau<\/td>\n<\/tr>\n<tr>\n<td style=\"width: 30.4762%;\"><strong>Partie de la plante utilis\u00e9e :<\/strong><\/td>\n<td style=\"width: 68.5714%;\">Copeaux du bois<\/td>\n<\/tr>\n<tr>\n<td style=\"width: 30.4762%;\"><strong>Quantit\u00e9 v\u00e9g\u00e9tale :<\/strong><\/td>\n<td style=\"width: 68.5714%;\">&nbsp;<\/td>\n<\/tr>\n<tr>\n<td style=\"width: 30.4762%;\"><strong>Origine g\u00e9ographique :<\/strong>&nbsp;<\/td>\n<td style=\"width: 68.5714%;\">Paraguay<\/td>\n<\/tr>\n<tr>\n<td style=\"width: 30.4762%;\"><strong>Culture qualit\u00e9&nbsp;:<\/strong><\/td>\n<td style=\"width: 68.5714%;\">conventionnelle<\/td>\n<\/tr>\n<tr>\n<td style=\"width: 30.4762%;\"><strong>Effet parfum\u00e9 :<\/strong><\/td>\n<td style=\"width: 68.5714%;\">Lorsque l'huile est bien m\u00fbre, son odeur rappelle celle du whisky, elle est principalement utilis\u00e9e dans l'industrie du parfum.<\/td>\n<\/tr>\n<tr>\n<td style=\"width: 30.4762%;\"><strong>Note parfum\u00e9e :<\/strong><\/td>\n<td style=\"width: 68.5714%;\">Note c\u0153ur-base<\/td>\n<\/tr>\n<tr>\n<td style=\"width: 30.4762%;\"><strong>Profil de parfum :<\/strong><\/td>\n<td style=\"width: 68.5714%;\">Suave, chaud, doux, sucr\u00e9, bois\u00e9, l\u00e9g\u00e8rement floral. Parfum de bois de rose et de bois de santal.<\/td>\n<\/tr>\n<tr>\n<td style=\"width: 30.4762%;\"><strong>Th\u00e8me du parfum :<\/strong><\/td>\n<td style=\"width: 68.5714%;\">A un effet \u00e9nergisant, \u00e9quilibrant et aphrodisiaque, des r\u00e9sultats positifs peuvent \u00eatre obtenus, notamment en cas de probl\u00e8mes masculins<\/td>\n<\/tr>\n<tr>\n<td style=\"width: 30.4762%;\"><strong>Energ\u00e9tique :<\/strong><\/td>\n<td style=\"width: 68.5714%;\">&nbsp;<\/td>\n<\/tr>\n<tr>\n<td style=\"width: 30.4762%;\"><strong>Psycho-\u00e9motionnel :<\/strong>&nbsp;<\/td>\n<td style=\"width: 68.5714%;\">&nbsp;<\/td>\n<\/tr>\n<tr>\n<td style=\"width: 30.4762%;\">\n<p><strong>Description :<\/strong><\/p>\n<\/td>\n<td style=\"width: 68.5714%;\" scope=\"row\">\n<ul>\n<li>\n<p>L'huile essentielle de cabreuva, extraite de l'arbre de cabreuva (Myrocarpus fastigiatus), est obtenue par distillation du bois extr\u00eamement dur et r\u00e9sistant, g\u00e9n\u00e9ralement broy\u00e9 en sciure.<\/p>\n<\/li>\n<li>\n<p>&nbsp;<\/p>\n<p>Il a une odeur douce et bois\u00e9e, tr\u00e8s d\u00e9licate et l\u00e9g\u00e8rement florale, d'une tr\u00e8s grande dur\u00e9e d'adh\u00e9rence. L'intensit\u00e9 (impact) de l'odeur semble plut\u00f4t faible. Pourtant, les qualit\u00e9s olfactives, notamment pour la parfumerie, r\u00e9sident dans l'effet olfactif au sein d'un m\u00e9lange de senteurs ou d'un parfum.<\/p>\n<\/li>\n<li>\n<p>&nbsp;<\/p>\n<p>En effet, la composition de la cabreuva en fait une particularit\u00e9 parmi les huiles essentielles naturelles, car son composant principal est, avec environ 75 \u00e0 80 %, l'alcool sesquiterp\u00e9nique n\u00e9rolidol, qui, \u00e0 l'\u00e9tat pur, n'a qu'une odeur relativement faible, suave et florale, un peu bois\u00e9e. Le n\u00e9rolidol est en outre plut\u00f4t peu volatile, ce qui signifie qu'il adh\u00e8re longtemps et qu'il est pr\u00e9sent dans les notes de fond.<\/p>\n<\/li>\n<li>\n<p>D'autres composants de l'huile, comme le farn\u00e9sol, \u00e0 l'odeur douce et florale de muguet et de tilleul, appartiennent \u00e9galement au groupe des sesquiterp\u00e9nols, qui ont une longue dur\u00e9e de vie.<\/p>\n<\/li>\n<li>\n<p>&nbsp;<\/p>\n<p>L'effet obtenu par l'huile au sein d'un m\u00e9lange de senteurs ou d'un parfum r\u00e9side dans le fait qu'elle g\u00e9n\u00e8re de la fra\u00eecheur et des notes florales suaves. En m\u00eame temps, elle agit comme un fixateur et conf\u00e8re aux parfums l'impression olfactive recherch\u00e9e des bois pr\u00e9cieux dans la note de fond.<\/p>\n<\/li>\n<li>\n<p>&nbsp;<\/p>\n<p>La cabreuva fait donc partie des huiles qui agissent moins en tant que parfum individuel, mais qui montrent leur qualit\u00e9 olfactive particuli\u00e8re lorsqu'elles sont associ\u00e9es \u00e0 d'autres huiles. N'h\u00e9sitez donc pas \u00e0 essayer vos propres m\u00e9langes de parfums avec cette huile rare ! Pour obtenir les effets d\u00e9crits, il suffit de quelques pour cent dans un m\u00e9lange.<\/p>\n<\/li>\n<\/ul>\n<\/td>\n<\/tr>\n<tr>\n<td style=\"width: 30.4762%;\">\n<p><strong>Application :<\/strong><\/p>\n<\/td>\n<td style=\"width: 68.5714%;\">\n<ul style=\"list-style-type: disc;\">\n<li>r\u00e9gulateur hormonal, surtout pour les hommes<\/li>\n<li>tonifiant et \u00e9nergisant<\/li>\n<li>cicatrisant (\u00e9pith\u00e9lialisant) et soignant la peau<\/li>\n<li>r\u00e9duisant l'inflammation en cas de polyarthrite rhumato\u00efde<\/li>\n<\/ul>\n<\/td>\n<\/tr>\n<tr>\n<td style=\"width: 30.4762%;\"><strong>Principes actifs :<\/strong><\/td>\n<td style=\"width: 68.5714%;\">\n<ul>\n<li>Trans-n\u00e9rolidol (de 60&nbsp;\u00e0 86 %)<\/li>\n<li>Tau-muurolol (\u2264 7 %)<\/li>\n<li>Delta + gamma-cadin\u00e8ne (de 2&nbsp;\u00e0 6 %)<\/li>\n<\/ul>\n<\/td>\n<\/tr>\n<tr>\n<td style=\"width: 30.4762%;\"><strong>Allerg\u00e8nes :<\/strong><\/td>\n<td style=\"width: 68.5714%;\">&nbsp;<\/td>\n<\/tr>\n<tr>\n<td style=\"width: 30.4762%;\"><strong>Pr\u00e9cautions :<\/strong><\/td>\n<td style=\"width: 68.5714%;\"><strong>femmes enceintes<\/strong><\/td>\n<\/tr>\n<\/tbody>\n<\/table>\n<p>&nbsp;<\/p>\n<p>&nbsp;<\/p>\n<p>&nbsp;<\/p>\n<p>&nbsp;<\/p>\n","protected":false},"excerpt":{"rendered":"<p>Cabreuva &nbsp; &nbsp; &nbsp; &nbsp; &nbsp; &nbsp; &nbsp; Nom botanique : Myrocarpus fastigiatus&nbsp;Allemao Famille botanique : Fabac\u00e9es (Leguminoceae) - l\u00e9gumineuses M\u00e9thode d'extraction : distillation \u00e0 la vapeur d'eau Partie de la plante utilis\u00e9e : Copeaux du bois Quantit\u00e9 v\u00e9g\u00e9tale : &nbsp; Origine g\u00e9ographique :&nbsp; Paraguay Culture qualit\u00e9&nbsp;: conventionnelle Effet parfum\u00e9 : Lorsque l'huile est bien m\u00fbre, son odeur rappelle celle&nbsp;<a href=\"https:\/\/bien-etreiris.ch\/de\/produktpraesentation\/aromatherapie\/aetherische-oele\/cabreuva\/\" class=\"read-more\">Weiter lesen<\/a><\/p>\n","protected":false},"author":1,"featured_media":76842,"parent":37429,"menu_order":2820,"comment_status":"closed","ping_status":"closed","template":"page-with-child.php","meta":{"_acf_changed":false,"ngg_post_thumbnail":0,"footnotes":""},"class_list":["post-76845","page","type-page","status-publish","has-post-thumbnail","hentry"],"acf":[],"yoast_head":"<!-- This site is optimized with the Yoast SEO plugin v27.6 - https:\/\/yoast.com\/product\/yoast-seo-wordpress\/ -->\n<title>CABREUVA - WOHLBEFINDEN<\/title>\n<meta name=\"robots\" content=\"index, follow, max-snippet:-1, max-image-preview:large, max-video-preview:-1\" \/>\n<link rel=\"canonical\" href=\"https:\/\/bien-etreiris.ch\/de\/produktpraesentation\/aromatherapie\/aetherische-oele\/cabreuva\/\" \/>\n<meta property=\"og:locale\" content=\"de_DE\" \/>\n<meta property=\"og:type\" content=\"article\" \/>\n<meta property=\"og:title\" content=\"CABREUVA - WOHLBEFINDEN\" \/>\n<meta property=\"og:description\" content=\"Cabreuva &nbsp; &nbsp; &nbsp; &nbsp; &nbsp; &nbsp; &nbsp; Nom botanique : Myrocarpus fastigiatus&nbsp;Allemao Famille botanique : Fabac\u00e9es (Leguminoceae) - l\u00e9gumineuses M\u00e9thode d&#039;extraction : distillation \u00e0 la vapeur d&#039;eau Partie de la plante utilis\u00e9e : Copeaux du bois Quantit\u00e9 v\u00e9g\u00e9tale : &nbsp; Origine g\u00e9ographique :&nbsp; Paraguay Culture qualit\u00e9&nbsp;: conventionnelle Effet parfum\u00e9 : Lorsque l&#039;huile est bien m\u00fbre, son odeur rappelle celle&nbsp;Weiter lesen\" \/>\n<meta property=\"og:url\" content=\"https:\/\/bien-etreiris.ch\/de\/produktpraesentation\/aromatherapie\/aetherische-oele\/cabreuva\/\" \/>\n<meta property=\"og:site_name\" content=\"WOHLBEFINDEN\" \/>\n<meta property=\"article:publisher\" content=\"https:\/\/www.facebook.com\/bienetreiris\/\" \/>\n<meta property=\"article:modified_time\" content=\"2023-10-12T14:03:52+00:00\" \/>\n<meta property=\"og:image\" content=\"https:\/\/bien-etreiris.ch\/wp-content\/uploads\/2023\/10\/acceuil-cabreuva.png\" \/>\n\t<meta property=\"og:image:width\" content=\"500\" \/>\n\t<meta property=\"og:image:height\" content=\"303\" \/>\n\t<meta property=\"og:image:type\" content=\"image\/png\" \/>\n<meta name=\"twitter:label1\" content=\"Gesch\u00e4tzte Lesezeit\" \/>\n\t<meta name=\"twitter:data1\" content=\"3\u00a0Minuten\" \/>\n<script type=\"application\/ld+json\" class=\"yoast-schema-graph\">{\"@context\":\"https:\\\/\\\/schema.org\",\"@graph\":[{\"@type\":\"WebPage\",\"@id\":\"https:\\\/\\\/bien-etreiris.ch\\\/de\\\/produktpraesentation\\\/aromatherapie\\\/aetherische-oele\\\/cabreuva\\\/\",\"url\":\"https:\\\/\\\/bien-etreiris.ch\\\/de\\\/produktpraesentation\\\/aromatherapie\\\/aetherische-oele\\\/cabreuva\\\/\",\"name\":\"CABREUVA - WOHLBEFINDEN\",\"isPartOf\":{\"@id\":\"https:\\\/\\\/bien-etreiris.ch\\\/de\\\/#website\"},\"primaryImageOfPage\":{\"@id\":\"https:\\\/\\\/bien-etreiris.ch\\\/de\\\/produktpraesentation\\\/aromatherapie\\\/aetherische-oele\\\/cabreuva\\\/#primaryimage\"},\"image\":{\"@id\":\"https:\\\/\\\/bien-etreiris.ch\\\/de\\\/produktpraesentation\\\/aromatherapie\\\/aetherische-oele\\\/cabreuva\\\/#primaryimage\"},\"thumbnailUrl\":\"https:\\\/\\\/bien-etreiris.ch\\\/wp-content\\\/uploads\\\/2023\\\/10\\\/acceuil-cabreuva.png\",\"datePublished\":\"2023-10-12T14:02:27+00:00\",\"dateModified\":\"2023-10-12T14:03:52+00:00\",\"breadcrumb\":{\"@id\":\"https:\\\/\\\/bien-etreiris.ch\\\/de\\\/produktpraesentation\\\/aromatherapie\\\/aetherische-oele\\\/cabreuva\\\/#breadcrumb\"},\"inLanguage\":\"de\",\"potentialAction\":[{\"@type\":\"ReadAction\",\"target\":[\"https:\\\/\\\/bien-etreiris.ch\\\/de\\\/produktpraesentation\\\/aromatherapie\\\/aetherische-oele\\\/cabreuva\\\/\"]}]},{\"@type\":\"ImageObject\",\"inLanguage\":\"de\",\"@id\":\"https:\\\/\\\/bien-etreiris.ch\\\/de\\\/produktpraesentation\\\/aromatherapie\\\/aetherische-oele\\\/cabreuva\\\/#primaryimage\",\"url\":\"https:\\\/\\\/bien-etreiris.ch\\\/wp-content\\\/uploads\\\/2023\\\/10\\\/acceuil-cabreuva.png\",\"contentUrl\":\"https:\\\/\\\/bien-etreiris.ch\\\/wp-content\\\/uploads\\\/2023\\\/10\\\/acceuil-cabreuva.png\",\"width\":500,\"height\":303},{\"@type\":\"BreadcrumbList\",\"@id\":\"https:\\\/\\\/bien-etreiris.ch\\\/de\\\/produktpraesentation\\\/aromatherapie\\\/aetherische-oele\\\/cabreuva\\\/#breadcrumb\",\"itemListElement\":[{\"@type\":\"ListItem\",\"position\":1,\"name\":\"Home\",\"item\":\"https:\\\/\\\/bien-etreiris.ch\\\/de\\\/\"},{\"@type\":\"ListItem\",\"position\":2,\"name\":\"PRODUKTPR\u00c4SENTATION\",\"item\":\"https:\\\/\\\/bien-etreiris.ch\\\/de\\\/produktpraesentation\\\/\"},{\"@type\":\"ListItem\",\"position\":3,\"name\":\"AROMATHERAPIE\",\"item\":\"https:\\\/\\\/bien-etreiris.ch\\\/de\\\/produktpraesentation\\\/aromatherapie\\\/\"},{\"@type\":\"ListItem\",\"position\":4,\"name\":\"\u00c4THERISCHE \u00d6LE\",\"item\":\"https:\\\/\\\/bien-etreiris.ch\\\/de\\\/produktpraesentation\\\/aromatherapie\\\/aetherische-oele\\\/\"},{\"@type\":\"ListItem\",\"position\":5,\"name\":\"CABREUVA\"}]},{\"@type\":\"WebSite\",\"@id\":\"https:\\\/\\\/bien-etreiris.ch\\\/de\\\/#website\",\"url\":\"https:\\\/\\\/bien-etreiris.ch\\\/de\\\/\",\"name\":\"Bien-\u00eatre Iris\",\"description\":\"IHRE Gesundheit ist uns wichtig\",\"potentialAction\":[{\"@type\":\"SearchAction\",\"target\":{\"@type\":\"EntryPoint\",\"urlTemplate\":\"https:\\\/\\\/bien-etreiris.ch\\\/de\\\/?s={search_term_string}\"},\"query-input\":{\"@type\":\"PropertyValueSpecification\",\"valueRequired\":true,\"valueName\":\"search_term_string\"}}],\"inLanguage\":\"de\"}]}<\/script>\n<!-- \/ Yoast SEO plugin. -->","yoast_head_json":{"title":"CABREUVA - WOHLBEFINDEN","robots":{"index":"index","follow":"follow","max-snippet":"max-snippet:-1","max-image-preview":"max-image-preview:large","max-video-preview":"max-video-preview:-1"},"canonical":"https:\/\/bien-etreiris.ch\/de\/produktpraesentation\/aromatherapie\/aetherische-oele\/cabreuva\/","og_locale":"de_DE","og_type":"article","og_title":"CABREUVA - WOHLBEFINDEN","og_description":"Cabreuva &nbsp; &nbsp; &nbsp; &nbsp; &nbsp; &nbsp; &nbsp; Nom botanique : Myrocarpus fastigiatus&nbsp;Allemao Famille botanique : Fabac\u00e9es (Leguminoceae) - l\u00e9gumineuses M\u00e9thode d'extraction : distillation \u00e0 la vapeur d'eau Partie de la plante utilis\u00e9e : Copeaux du bois Quantit\u00e9 v\u00e9g\u00e9tale : &nbsp; Origine g\u00e9ographique :&nbsp; Paraguay Culture qualit\u00e9&nbsp;: conventionnelle Effet parfum\u00e9 : Lorsque l'huile est bien m\u00fbre, son odeur rappelle celle&nbsp;Weiter lesen","og_url":"https:\/\/bien-etreiris.ch\/de\/produktpraesentation\/aromatherapie\/aetherische-oele\/cabreuva\/","og_site_name":"WOHLBEFINDEN","article_publisher":"https:\/\/www.facebook.com\/bienetreiris\/","article_modified_time":"2023-10-12T14:03:52+00:00","og_image":[{"width":500,"height":303,"url":"https:\/\/bien-etreiris.ch\/wp-content\/uploads\/2023\/10\/acceuil-cabreuva.png","type":"image\/png"}],"twitter_misc":{"Gesch\u00e4tzte Lesezeit":"3\u00a0Minuten"},"schema":{"@context":"https:\/\/schema.org","@graph":[{"@type":"WebPage","@id":"https:\/\/bien-etreiris.ch\/de\/produktpraesentation\/aromatherapie\/aetherische-oele\/cabreuva\/","url":"https:\/\/bien-etreiris.ch\/de\/produktpraesentation\/aromatherapie\/aetherische-oele\/cabreuva\/","name":"CABREUVA - WOHLBEFINDEN","isPartOf":{"@id":"https:\/\/bien-etreiris.ch\/de\/#website"},"primaryImageOfPage":{"@id":"https:\/\/bien-etreiris.ch\/de\/produktpraesentation\/aromatherapie\/aetherische-oele\/cabreuva\/#primaryimage"},"image":{"@id":"https:\/\/bien-etreiris.ch\/de\/produktpraesentation\/aromatherapie\/aetherische-oele\/cabreuva\/#primaryimage"},"thumbnailUrl":"https:\/\/bien-etreiris.ch\/wp-content\/uploads\/2023\/10\/acceuil-cabreuva.png","datePublished":"2023-10-12T14:02:27+00:00","dateModified":"2023-10-12T14:03:52+00:00","breadcrumb":{"@id":"https:\/\/bien-etreiris.ch\/de\/produktpraesentation\/aromatherapie\/aetherische-oele\/cabreuva\/#breadcrumb"},"inLanguage":"de","potentialAction":[{"@type":"ReadAction","target":["https:\/\/bien-etreiris.ch\/de\/produktpraesentation\/aromatherapie\/aetherische-oele\/cabreuva\/"]}]},{"@type":"ImageObject","inLanguage":"de","@id":"https:\/\/bien-etreiris.ch\/de\/produktpraesentation\/aromatherapie\/aetherische-oele\/cabreuva\/#primaryimage","url":"https:\/\/bien-etreiris.ch\/wp-content\/uploads\/2023\/10\/acceuil-cabreuva.png","contentUrl":"https:\/\/bien-etreiris.ch\/wp-content\/uploads\/2023\/10\/acceuil-cabreuva.png","width":500,"height":303},{"@type":"BreadcrumbList","@id":"https:\/\/bien-etreiris.ch\/de\/produktpraesentation\/aromatherapie\/aetherische-oele\/cabreuva\/#breadcrumb","itemListElement":[{"@type":"ListItem","position":1,"name":"Home","item":"https:\/\/bien-etreiris.ch\/de\/"},{"@type":"ListItem","position":2,"name":"PRODUKTPR\u00c4SENTATION","item":"https:\/\/bien-etreiris.ch\/de\/produktpraesentation\/"},{"@type":"ListItem","position":3,"name":"AROMATHERAPIE","item":"https:\/\/bien-etreiris.ch\/de\/produktpraesentation\/aromatherapie\/"},{"@type":"ListItem","position":4,"name":"\u00c4THERISCHE \u00d6LE","item":"https:\/\/bien-etreiris.ch\/de\/produktpraesentation\/aromatherapie\/aetherische-oele\/"},{"@type":"ListItem","position":5,"name":"CABREUVA"}]},{"@type":"WebSite","@id":"https:\/\/bien-etreiris.ch\/de\/#website","url":"https:\/\/bien-etreiris.ch\/de\/","name":"Bien-\u00eatre Iris","description":"IHRE Gesundheit ist uns wichtig","potentialAction":[{"@type":"SearchAction","target":{"@type":"EntryPoint","urlTemplate":"https:\/\/bien-etreiris.ch\/de\/?s={search_term_string}"},"query-input":{"@type":"PropertyValueSpecification","valueRequired":true,"valueName":"search_term_string"}}],"inLanguage":"de"}]}},"_links":{"self":[{"href":"https:\/\/bien-etreiris.ch\/de\/wp-json\/wp\/v2\/pages\/76845","targetHints":{"allow":["GET"]}}],"collection":[{"href":"https:\/\/bien-etreiris.ch\/de\/wp-json\/wp\/v2\/pages"}],"about":[{"href":"https:\/\/bien-etreiris.ch\/de\/wp-json\/wp\/v2\/types\/page"}],"author":[{"embeddable":true,"href":"https:\/\/bien-etreiris.ch\/de\/wp-json\/wp\/v2\/users\/1"}],"replies":[{"embeddable":true,"href":"https:\/\/bien-etreiris.ch\/de\/wp-json\/wp\/v2\/comments?post=76845"}],"version-history":[{"count":1,"href":"https:\/\/bien-etreiris.ch\/de\/wp-json\/wp\/v2\/pages\/76845\/revisions"}],"predecessor-version":[{"id":76847,"href":"https:\/\/bien-etreiris.ch\/de\/wp-json\/wp\/v2\/pages\/76845\/revisions\/76847"}],"up":[{"embeddable":true,"href":"https:\/\/bien-etreiris.ch\/de\/wp-json\/wp\/v2\/pages\/37429"}],"wp:featuredmedia":[{"embeddable":true,"href":"https:\/\/bien-etreiris.ch\/de\/wp-json\/wp\/v2\/media\/76842"}],"wp:attachment":[{"href":"https:\/\/bien-etreiris.ch\/de\/wp-json\/wp\/v2\/media?parent=76845"}],"curies":[{"name":"wp","href":"https:\/\/api.w.org\/{rel}","templated":true}]}}