{"id":76829,"date":"2023-10-12T08:59:53","date_gmt":"2023-10-12T06:59:53","guid":{"rendered":"https:\/\/bien-etreiris.ch\/produktpraesentation\/aromatherapie\/aetherische-oele\/camomille\/romaine\/"},"modified":"2023-10-12T09:03:13","modified_gmt":"2023-10-12T07:03:13","slug":"romaine","status":"publish","type":"page","link":"https:\/\/bien-etreiris.ch\/de\/produktpraesentation\/aromatherapie\/aetherische-oele\/camomille\/romaine\/","title":{"rendered":"ROMAINE"},"content":{"rendered":"<h2>Camomille Romaine<\/h2>\n<p>&nbsp;<\/p>\n<p><a href=\"https:\/\/bien-etreiris.ch\/de\/produktpraesentation\/aromatherapie\/aetherische-oele\/camomille\/romaine\/camomille-romaine-2-2\/\" rel=\"attachment wp-att-76819\"><img loading=\"lazy\" decoding=\"async\" class=\"wp-image-76819 alignleft\" src=\"https:\/\/bien-etreiris.ch\/wp-content\/uploads\/2023\/10\/Camomille-romaine.jpg\" alt=\"\" width=\"286\" height=\"428\" srcset=\"https:\/\/bien-etreiris.ch\/wp-content\/uploads\/2023\/10\/Camomille-romaine.jpg 462w, https:\/\/bien-etreiris.ch\/wp-content\/uploads\/2023\/10\/Camomille-romaine-201x300.jpg 201w\" sizes=\"auto, (max-width: 286px) 100vw, 286px\" \/><\/a><\/p>\n<p>&nbsp;<\/p>\n<p>&nbsp;<\/p>\n<p>&nbsp;<\/p>\n<p>&nbsp;<\/p>\n<p>&nbsp;<\/p>\n<p>&nbsp;<\/p>\n<p>&nbsp;<\/p>\n<p>&nbsp;<\/p>\n<p>Flacon 1 ml <strong>CHF 9.40<\/strong><\/p>\n<p>&nbsp;<\/p>\n<p>&nbsp;<\/p>\n<p>&nbsp;<\/p>\n<p>&nbsp;<\/p>\n<p><a href=\"https:\/\/bien-etreiris.ch\/de\/produktpraesentation\/aromatherapie\/aetherische-oele\/camomille\/romaine\/camomille-romaine-5-ml-2\/\" rel=\"attachment wp-att-76822\"><img loading=\"lazy\" decoding=\"async\" class=\"wp-image-76822 alignleft\" src=\"https:\/\/bien-etreiris.ch\/wp-content\/uploads\/2023\/10\/Camomille-romaine-5-ml.jpg\" alt=\"\" width=\"271\" height=\"574\" srcset=\"https:\/\/bien-etreiris.ch\/wp-content\/uploads\/2023\/10\/Camomille-romaine-5-ml.jpg 327w, https:\/\/bien-etreiris.ch\/wp-content\/uploads\/2023\/10\/Camomille-romaine-5-ml-142x300.jpg 142w\" sizes=\"auto, (max-width: 271px) 100vw, 271px\" \/><\/a><\/p>\n<p>&nbsp;<\/p>\n<p>&nbsp;<\/p>\n<p>&nbsp;<\/p>\n<p>&nbsp;<\/p>\n<p>&nbsp;<\/p>\n<p>&nbsp;<\/p>\n<p>&nbsp;<\/p>\n<p>&nbsp;<\/p>\n<p>&nbsp;<\/p>\n<p>&nbsp;<\/p>\n<p>&nbsp;<\/p>\n<p>Flacon 5 ml <strong>CHF 23.50<\/strong><\/p>\n<p>&nbsp;<\/p>\n<p>&nbsp;<\/p>\n<p>&nbsp;<\/p>\n<p>&nbsp;<\/p>\n<p>&nbsp;<\/p>\n<table style=\"width: 100%;\">\n<tbody>\n<tr>\n<td style=\"width: 25.1191%;\"><strong>Nom botanique :<\/strong><\/td>\n<td style=\"width: 73.9286%;\"><em>Chamaemelum nobile<\/em> (L.) All&nbsp; - Anthemis nobilis<\/td>\n<\/tr>\n<tr>\n<td style=\"width: 25.1191%;\"><strong>Famille botanique :<\/strong><\/td>\n<td style=\"width: 73.9286%;\">Ast\u00e9rac\u00e9es<\/td>\n<\/tr>\n<tr>\n<td style=\"width: 25.1191%;\"><strong>M\u00e9thode d'extraction :<\/strong><\/td>\n<td style=\"width: 73.9286%;\">distillation \u00e0 la vapeur d'eau<\/td>\n<\/tr>\n<tr>\n<td style=\"width: 25.1191%;\"><strong>Partie de la plante utilis\u00e9e :<\/strong><\/td>\n<td style=\"width: 73.9286%;\">Fleurs<\/td>\n<\/tr>\n<tr>\n<td style=\"width: 25.1191%;\"><strong>Quantit\u00e9 v\u00e9g\u00e9tale :<\/strong><\/td>\n<td style=\"width: 73.9286%;\">200 kg de fleurs fra\u00eeches sont n\u00e9cessaires pour obtenir 1 kg d'huile<\/td>\n<\/tr>\n<tr>\n<td style=\"width: 25.1191%;\"><strong>Origine g\u00e9ographique :<\/strong>&nbsp;<\/td>\n<td style=\"width: 73.9286%;\">Suisse<a href=\"https:\/\/bien-etreiris.ch\/de\/produktpraesentation\/gesundes-leben\/gesunde-lebensmittel\/superfoods\/koernrer-samen\/hanfsamen\/suisse-2-2\/\" rel=\"attachment wp-att-75231\"><img loading=\"lazy\" decoding=\"async\" class=\"alignnone  wp-image-75231\" src=\"https:\/\/bien-etreiris.ch\/wp-content\/uploads\/2023\/09\/suisse.png\" alt=\"\" width=\"29\" height=\"29\"><\/a><\/td>\n<\/tr>\n<tr>\n<td style=\"width: 25.1191%;\"><strong>Culture qualit\u00e9&nbsp;:<\/strong><\/td>\n<td style=\"width: 73.9286%;\">traditionnelle<\/td>\n<\/tr>\n<tr>\n<td style=\"width: 25.1191%;\"><strong>Effet parfum\u00e9 :<\/strong><\/td>\n<td style=\"width: 73.9286%;\">relaxante<\/td>\n<\/tr>\n<tr>\n<td style=\"width: 25.1191%;\"><strong>Note parfum\u00e9e :<\/strong><\/td>\n<td style=\"width: 73.9286%;\">note de base\/c\u0153ur<\/td>\n<\/tr>\n<tr>\n<td style=\"width: 25.1191%;\"><strong>Profil de parfum :<\/strong><\/td>\n<td style=\"width: 73.9286%;\">doux-chaud, floral, fin<\/td>\n<\/tr>\n<tr>\n<td style=\"width: 25.1191%;\"><strong>Th\u00e8me du parfum :<\/strong><\/td>\n<td style=\"width: 73.9286%;\">\u00e9claircissante, r\u00e9confortante, harmonisante, joyeuse<\/td>\n<\/tr>\n<tr>\n<td style=\"width: 25.1191%;\"><strong>\u00c9nerg\u00e9tique :<\/strong><\/td>\n<td style=\"width: 73.9286%;\"><strong>j<\/strong>aune \/ 3e chakra<\/td>\n<\/tr>\n<tr>\n<td style=\"width: 25.1191%;\"><strong>Psycho-\u00e9motionnel :<\/strong>&nbsp;<\/td>\n<td style=\"width: 73.9286%;\">aide dans les probl\u00e8me de col\u00e8re, d'irritabilit\u00e9 et d'hypersensibilit\u00e9. Elle calme, pose et diminue le stress. Favorise la chance.<\/td>\n<\/tr>\n<tr>\n<td style=\"width: 25.1191%;\"><strong>Description :<\/strong><\/td>\n<td style=\"width: 73.9286%;\" scope=\"row\">\n<ul>\n<li>La camomille romaine est, comme la vraie camomille, une plante modeste avec une longue histoire. En raison de son port plat, elle est \u00e9galement appel\u00e9e camomille de gazon. Lorsqu'on se prom\u00e8ne sur les tapis verts aux fleurs blanches, elle d\u00e9gage un parfum d\u00e9licatement herbac\u00e9.<\/li>\n<li>Ses propri\u00e9t\u00e9s antispasmodiques et anti-inflammatoires en font une huile essentielle apaisante en cas de troubles digestifs.<\/li>\n<li>Elle montre cependant sa force dans le domaine \u00e9motionnel et psychique. La camomille romaine peut stimuler la production de s\u00e9rotonine et agit ainsi directement sur le syst\u00e8me nerveux central et v\u00e9g\u00e9tatif, et donc aussi sur les organes internes.<\/li>\n<li>Avec son parfum chaud, l'huile de camomille romaine suisse procure un sentiment de s\u00e9curit\u00e9 et peut apaiser les angoisses.<\/li>\n<li>Chez les enfants en particulier, elle combat les ins\u00e9curit\u00e9s et les tensions. Elle favorise la communication int\u00e9rieure et ext\u00e9rieure.<\/li>\n<\/ul>\n<\/td>\n<\/tr>\n<tr>\n<td style=\"width: 25.1191%;\"><strong>Application :<\/strong><\/td>\n<td style=\"width: 73.9286%;\">\n<ul style=\"list-style-type: disc;\">\n<li>La camomille romaine se m\u00e9lange bien avec le pamplemousse, le citron, l'orange, la lavande, l'encens, le bois de rose et le g\u00e9ranium rosat.<\/li>\n<li>&nbsp;Pour un massage relaxant des pieds, m\u00e9langez l'huile d'amande avec la camomille romaine, l'huile de c\u00e8dre et le n\u00e9roli.<\/li>\n<li>&nbsp;Des sp\u00e9cialistes qualifi\u00e9s vous donneront volontiers de plus amples informations sur les possibilit\u00e9s d'utilisation m\u00e9dicale et cosm\u00e9tique.<\/li>\n<\/ul>\n<\/td>\n<\/tr>\n<tr>\n<td style=\"width: 25.1191%;\"><strong>Principes actifs :<\/strong><\/td>\n<td style=\"width: 73.9286%;\">\n<ul style=\"list-style-type: disc;\">\n<li>Ang\u00e9late&nbsp;d'isobutyl (de 30&nbsp;\u00e0 38 %)<\/li>\n<li>Ang\u00e9late&nbsp;d'isoamyl (de 10&nbsp;\u00e0 22 %)<\/li>\n<li>Ang\u00e9late de m\u00e9thylallyle (de 6&nbsp;\u00e0 12 %)<\/li>\n<\/ul>\n<\/td>\n<\/tr>\n<tr>\n<td style=\"width: 25.1191%;\"><strong>Allerg\u00e8nes :<\/strong><\/td>\n<td style=\"width: 73.9286%;\">limon\u00e8ne<\/td>\n<\/tr>\n<tr>\n<td style=\"width: 25.1191%;\"><strong>Pr\u00e9cautions :<\/strong><\/td>\n<td style=\"width: 73.9286%;\">&nbsp;<\/td>\n<\/tr>\n<\/tbody>\n<\/table>\n","protected":false},"excerpt":{"rendered":"<p>Camomille Romaine &nbsp; &nbsp; &nbsp; &nbsp; &nbsp; &nbsp; &nbsp; &nbsp; &nbsp; Flacon 1 ml CHF 9.40 &nbsp; &nbsp; &nbsp; &nbsp; &nbsp; &nbsp; &nbsp; &nbsp; &nbsp; &nbsp; &nbsp; &nbsp; &nbsp; &nbsp; &nbsp; Flacon 5 ml CHF 23.50 &nbsp; &nbsp; &nbsp; &nbsp; &nbsp; Nom botanique : Chamaemelum nobile (L.) All&nbsp; - Anthemis nobilis Famille botanique : Ast\u00e9rac\u00e9es M\u00e9thode d'extraction : distillation \u00e0&nbsp;<a href=\"https:\/\/bien-etreiris.ch\/de\/produktpraesentation\/aromatherapie\/aetherische-oele\/camomille\/romaine\/\" class=\"read-more\">Weiter lesen<\/a><\/p>\n","protected":false},"author":1,"featured_media":76781,"parent":76170,"menu_order":2823,"comment_status":"closed","ping_status":"closed","template":"page-with-child.php","meta":{"_acf_changed":false,"ngg_post_thumbnail":0,"footnotes":""},"class_list":["post-76829","page","type-page","status-publish","has-post-thumbnail","hentry"],"acf":[],"yoast_head":"<!-- This site is optimized with the Yoast SEO plugin v27.6 - https:\/\/yoast.com\/product\/yoast-seo-wordpress\/ -->\n<title>ROMAINE - WOHLBEFINDEN<\/title>\n<meta name=\"robots\" content=\"index, follow, max-snippet:-1, max-image-preview:large, max-video-preview:-1\" \/>\n<link rel=\"canonical\" href=\"https:\/\/bien-etreiris.ch\/de\/produktpraesentation\/aromatherapie\/aetherische-oele\/camomille\/romaine\/\" \/>\n<meta property=\"og:locale\" content=\"de_DE\" \/>\n<meta property=\"og:type\" content=\"article\" \/>\n<meta property=\"og:title\" content=\"ROMAINE - WOHLBEFINDEN\" \/>\n<meta property=\"og:description\" content=\"Camomille Romaine &nbsp; &nbsp; &nbsp; &nbsp; &nbsp; &nbsp; &nbsp; &nbsp; &nbsp; Flacon 1 ml CHF 9.40 &nbsp; &nbsp; &nbsp; &nbsp; &nbsp; &nbsp; &nbsp; &nbsp; &nbsp; &nbsp; &nbsp; &nbsp; &nbsp; &nbsp; &nbsp; Flacon 5 ml CHF 23.50 &nbsp; &nbsp; &nbsp; &nbsp; &nbsp; Nom botanique : Chamaemelum nobile (L.) All&nbsp; - Anthemis nobilis Famille botanique : Ast\u00e9rac\u00e9es M\u00e9thode d&#039;extraction : distillation \u00e0&nbsp;Weiter lesen\" \/>\n<meta property=\"og:url\" content=\"https:\/\/bien-etreiris.ch\/de\/produktpraesentation\/aromatherapie\/aetherische-oele\/camomille\/romaine\/\" \/>\n<meta property=\"og:site_name\" content=\"WOHLBEFINDEN\" \/>\n<meta property=\"article:publisher\" content=\"https:\/\/www.facebook.com\/bienetreiris\/\" \/>\n<meta property=\"article:modified_time\" content=\"2023-10-12T07:03:13+00:00\" \/>\n<meta property=\"og:image\" content=\"https:\/\/bien-etreiris.ch\/wp-content\/uploads\/2023\/10\/acceuil-camomille-bleu.png\" \/>\n\t<meta property=\"og:image:width\" content=\"500\" \/>\n\t<meta property=\"og:image:height\" content=\"303\" \/>\n\t<meta property=\"og:image:type\" content=\"image\/png\" \/>\n<meta name=\"twitter:label1\" content=\"Gesch\u00e4tzte Lesezeit\" \/>\n\t<meta name=\"twitter:data1\" content=\"3\u00a0Minuten\" \/>\n<script type=\"application\/ld+json\" class=\"yoast-schema-graph\">{\"@context\":\"https:\\\/\\\/schema.org\",\"@graph\":[{\"@type\":\"WebPage\",\"@id\":\"https:\\\/\\\/bien-etreiris.ch\\\/de\\\/produktpraesentation\\\/aromatherapie\\\/aetherische-oele\\\/camomille\\\/romaine\\\/\",\"url\":\"https:\\\/\\\/bien-etreiris.ch\\\/de\\\/produktpraesentation\\\/aromatherapie\\\/aetherische-oele\\\/camomille\\\/romaine\\\/\",\"name\":\"ROMAINE - WOHLBEFINDEN\",\"isPartOf\":{\"@id\":\"https:\\\/\\\/bien-etreiris.ch\\\/de\\\/#website\"},\"primaryImageOfPage\":{\"@id\":\"https:\\\/\\\/bien-etreiris.ch\\\/de\\\/produktpraesentation\\\/aromatherapie\\\/aetherische-oele\\\/camomille\\\/romaine\\\/#primaryimage\"},\"image\":{\"@id\":\"https:\\\/\\\/bien-etreiris.ch\\\/de\\\/produktpraesentation\\\/aromatherapie\\\/aetherische-oele\\\/camomille\\\/romaine\\\/#primaryimage\"},\"thumbnailUrl\":\"https:\\\/\\\/bien-etreiris.ch\\\/wp-content\\\/uploads\\\/2023\\\/10\\\/acceuil-camomille-bleu.png\",\"datePublished\":\"2023-10-12T06:59:53+00:00\",\"dateModified\":\"2023-10-12T07:03:13+00:00\",\"breadcrumb\":{\"@id\":\"https:\\\/\\\/bien-etreiris.ch\\\/de\\\/produktpraesentation\\\/aromatherapie\\\/aetherische-oele\\\/camomille\\\/romaine\\\/#breadcrumb\"},\"inLanguage\":\"de\",\"potentialAction\":[{\"@type\":\"ReadAction\",\"target\":[\"https:\\\/\\\/bien-etreiris.ch\\\/de\\\/produktpraesentation\\\/aromatherapie\\\/aetherische-oele\\\/camomille\\\/romaine\\\/\"]}]},{\"@type\":\"ImageObject\",\"inLanguage\":\"de\",\"@id\":\"https:\\\/\\\/bien-etreiris.ch\\\/de\\\/produktpraesentation\\\/aromatherapie\\\/aetherische-oele\\\/camomille\\\/romaine\\\/#primaryimage\",\"url\":\"https:\\\/\\\/bien-etreiris.ch\\\/wp-content\\\/uploads\\\/2023\\\/10\\\/acceuil-camomille-bleu.png\",\"contentUrl\":\"https:\\\/\\\/bien-etreiris.ch\\\/wp-content\\\/uploads\\\/2023\\\/10\\\/acceuil-camomille-bleu.png\",\"width\":500,\"height\":303},{\"@type\":\"BreadcrumbList\",\"@id\":\"https:\\\/\\\/bien-etreiris.ch\\\/de\\\/produktpraesentation\\\/aromatherapie\\\/aetherische-oele\\\/camomille\\\/romaine\\\/#breadcrumb\",\"itemListElement\":[{\"@type\":\"ListItem\",\"position\":1,\"name\":\"Home\",\"item\":\"https:\\\/\\\/bien-etreiris.ch\\\/de\\\/\"},{\"@type\":\"ListItem\",\"position\":2,\"name\":\"PRODUKTPR\u00c4SENTATION\",\"item\":\"https:\\\/\\\/bien-etreiris.ch\\\/de\\\/produktpraesentation\\\/\"},{\"@type\":\"ListItem\",\"position\":3,\"name\":\"AROMATHERAPIE\",\"item\":\"https:\\\/\\\/bien-etreiris.ch\\\/de\\\/produktpraesentation\\\/aromatherapie\\\/\"},{\"@type\":\"ListItem\",\"position\":4,\"name\":\"\u00c4THERISCHE \u00d6LE\",\"item\":\"https:\\\/\\\/bien-etreiris.ch\\\/de\\\/produktpraesentation\\\/aromatherapie\\\/aetherische-oele\\\/\"},{\"@type\":\"ListItem\",\"position\":5,\"name\":\"KAMILLEN\",\"item\":\"https:\\\/\\\/bien-etreiris.ch\\\/de\\\/produktpraesentation\\\/aromatherapie\\\/aetherische-oele\\\/camomille\\\/\"},{\"@type\":\"ListItem\",\"position\":6,\"name\":\"ROMAINE\"}]},{\"@type\":\"WebSite\",\"@id\":\"https:\\\/\\\/bien-etreiris.ch\\\/de\\\/#website\",\"url\":\"https:\\\/\\\/bien-etreiris.ch\\\/de\\\/\",\"name\":\"Bien-\u00eatre Iris\",\"description\":\"IHRE Gesundheit ist uns wichtig\",\"potentialAction\":[{\"@type\":\"SearchAction\",\"target\":{\"@type\":\"EntryPoint\",\"urlTemplate\":\"https:\\\/\\\/bien-etreiris.ch\\\/de\\\/?s={search_term_string}\"},\"query-input\":{\"@type\":\"PropertyValueSpecification\",\"valueRequired\":true,\"valueName\":\"search_term_string\"}}],\"inLanguage\":\"de\"}]}<\/script>\n<!-- \/ Yoast SEO plugin. -->","yoast_head_json":{"title":"ROMAINE - WOHLBEFINDEN","robots":{"index":"index","follow":"follow","max-snippet":"max-snippet:-1","max-image-preview":"max-image-preview:large","max-video-preview":"max-video-preview:-1"},"canonical":"https:\/\/bien-etreiris.ch\/de\/produktpraesentation\/aromatherapie\/aetherische-oele\/camomille\/romaine\/","og_locale":"de_DE","og_type":"article","og_title":"ROMAINE - WOHLBEFINDEN","og_description":"Camomille Romaine &nbsp; &nbsp; &nbsp; &nbsp; &nbsp; &nbsp; &nbsp; &nbsp; &nbsp; Flacon 1 ml CHF 9.40 &nbsp; &nbsp; &nbsp; &nbsp; &nbsp; &nbsp; &nbsp; &nbsp; &nbsp; &nbsp; &nbsp; &nbsp; &nbsp; &nbsp; &nbsp; Flacon 5 ml CHF 23.50 &nbsp; &nbsp; &nbsp; &nbsp; &nbsp; Nom botanique : Chamaemelum nobile (L.) All&nbsp; - Anthemis nobilis Famille botanique : Ast\u00e9rac\u00e9es M\u00e9thode d'extraction : distillation \u00e0&nbsp;Weiter lesen","og_url":"https:\/\/bien-etreiris.ch\/de\/produktpraesentation\/aromatherapie\/aetherische-oele\/camomille\/romaine\/","og_site_name":"WOHLBEFINDEN","article_publisher":"https:\/\/www.facebook.com\/bienetreiris\/","article_modified_time":"2023-10-12T07:03:13+00:00","og_image":[{"width":500,"height":303,"url":"https:\/\/bien-etreiris.ch\/wp-content\/uploads\/2023\/10\/acceuil-camomille-bleu.png","type":"image\/png"}],"twitter_misc":{"Gesch\u00e4tzte Lesezeit":"3\u00a0Minuten"},"schema":{"@context":"https:\/\/schema.org","@graph":[{"@type":"WebPage","@id":"https:\/\/bien-etreiris.ch\/de\/produktpraesentation\/aromatherapie\/aetherische-oele\/camomille\/romaine\/","url":"https:\/\/bien-etreiris.ch\/de\/produktpraesentation\/aromatherapie\/aetherische-oele\/camomille\/romaine\/","name":"ROMAINE - WOHLBEFINDEN","isPartOf":{"@id":"https:\/\/bien-etreiris.ch\/de\/#website"},"primaryImageOfPage":{"@id":"https:\/\/bien-etreiris.ch\/de\/produktpraesentation\/aromatherapie\/aetherische-oele\/camomille\/romaine\/#primaryimage"},"image":{"@id":"https:\/\/bien-etreiris.ch\/de\/produktpraesentation\/aromatherapie\/aetherische-oele\/camomille\/romaine\/#primaryimage"},"thumbnailUrl":"https:\/\/bien-etreiris.ch\/wp-content\/uploads\/2023\/10\/acceuil-camomille-bleu.png","datePublished":"2023-10-12T06:59:53+00:00","dateModified":"2023-10-12T07:03:13+00:00","breadcrumb":{"@id":"https:\/\/bien-etreiris.ch\/de\/produktpraesentation\/aromatherapie\/aetherische-oele\/camomille\/romaine\/#breadcrumb"},"inLanguage":"de","potentialAction":[{"@type":"ReadAction","target":["https:\/\/bien-etreiris.ch\/de\/produktpraesentation\/aromatherapie\/aetherische-oele\/camomille\/romaine\/"]}]},{"@type":"ImageObject","inLanguage":"de","@id":"https:\/\/bien-etreiris.ch\/de\/produktpraesentation\/aromatherapie\/aetherische-oele\/camomille\/romaine\/#primaryimage","url":"https:\/\/bien-etreiris.ch\/wp-content\/uploads\/2023\/10\/acceuil-camomille-bleu.png","contentUrl":"https:\/\/bien-etreiris.ch\/wp-content\/uploads\/2023\/10\/acceuil-camomille-bleu.png","width":500,"height":303},{"@type":"BreadcrumbList","@id":"https:\/\/bien-etreiris.ch\/de\/produktpraesentation\/aromatherapie\/aetherische-oele\/camomille\/romaine\/#breadcrumb","itemListElement":[{"@type":"ListItem","position":1,"name":"Home","item":"https:\/\/bien-etreiris.ch\/de\/"},{"@type":"ListItem","position":2,"name":"PRODUKTPR\u00c4SENTATION","item":"https:\/\/bien-etreiris.ch\/de\/produktpraesentation\/"},{"@type":"ListItem","position":3,"name":"AROMATHERAPIE","item":"https:\/\/bien-etreiris.ch\/de\/produktpraesentation\/aromatherapie\/"},{"@type":"ListItem","position":4,"name":"\u00c4THERISCHE \u00d6LE","item":"https:\/\/bien-etreiris.ch\/de\/produktpraesentation\/aromatherapie\/aetherische-oele\/"},{"@type":"ListItem","position":5,"name":"KAMILLEN","item":"https:\/\/bien-etreiris.ch\/de\/produktpraesentation\/aromatherapie\/aetherische-oele\/camomille\/"},{"@type":"ListItem","position":6,"name":"ROMAINE"}]},{"@type":"WebSite","@id":"https:\/\/bien-etreiris.ch\/de\/#website","url":"https:\/\/bien-etreiris.ch\/de\/","name":"Bien-\u00eatre Iris","description":"IHRE Gesundheit ist uns wichtig","potentialAction":[{"@type":"SearchAction","target":{"@type":"EntryPoint","urlTemplate":"https:\/\/bien-etreiris.ch\/de\/?s={search_term_string}"},"query-input":{"@type":"PropertyValueSpecification","valueRequired":true,"valueName":"search_term_string"}}],"inLanguage":"de"}]}},"_links":{"self":[{"href":"https:\/\/bien-etreiris.ch\/de\/wp-json\/wp\/v2\/pages\/76829","targetHints":{"allow":["GET"]}}],"collection":[{"href":"https:\/\/bien-etreiris.ch\/de\/wp-json\/wp\/v2\/pages"}],"about":[{"href":"https:\/\/bien-etreiris.ch\/de\/wp-json\/wp\/v2\/types\/page"}],"author":[{"embeddable":true,"href":"https:\/\/bien-etreiris.ch\/de\/wp-json\/wp\/v2\/users\/1"}],"replies":[{"embeddable":true,"href":"https:\/\/bien-etreiris.ch\/de\/wp-json\/wp\/v2\/comments?post=76829"}],"version-history":[{"count":3,"href":"https:\/\/bien-etreiris.ch\/de\/wp-json\/wp\/v2\/pages\/76829\/revisions"}],"predecessor-version":[{"id":76838,"href":"https:\/\/bien-etreiris.ch\/de\/wp-json\/wp\/v2\/pages\/76829\/revisions\/76838"}],"up":[{"embeddable":true,"href":"https:\/\/bien-etreiris.ch\/de\/wp-json\/wp\/v2\/pages\/76170"}],"wp:featuredmedia":[{"embeddable":true,"href":"https:\/\/bien-etreiris.ch\/de\/wp-json\/wp\/v2\/media\/76781"}],"wp:attachment":[{"href":"https:\/\/bien-etreiris.ch\/de\/wp-json\/wp\/v2\/media?parent=76829"}],"curies":[{"name":"wp","href":"https:\/\/api.w.org\/{rel}","templated":true}]}}