{"id":76783,"date":"2023-10-12T03:59:44","date_gmt":"2023-10-12T01:59:44","guid":{"rendered":"https:\/\/bien-etreiris.ch\/produktpraesentation\/aromatherapie\/aetherische-oele\/camomille\/bleue-matricaire\/"},"modified":"2023-10-12T08:09:56","modified_gmt":"2023-10-12T06:09:56","slug":"bleue-matricaire-allemande","status":"publish","type":"page","link":"https:\/\/bien-etreiris.ch\/de\/produktpraesentation\/aromatherapie\/aetherische-oele\/camomille\/bleue-matricaire-allemande\/","title":{"rendered":"BLEUE (MATRICAIRE)"},"content":{"rendered":"<h2>Camomille bleue \u00e9galement appel\u00e9e camomille matricaire<\/h2>\n<h2>ou camomille allemande<\/h2>\n<p><a href=\"https:\/\/bien-etreiris.ch\/presentations-des-produits\/aromatherapie\/huiles-essentielles\/camomille\/bleue-matricaire\/camomille-bleu-1-ml\/\" rel=\"attachment wp-att-76788\"><img loading=\"lazy\" decoding=\"async\" class=\"wp-image-76788 alignleft\" src=\"https:\/\/bien-etreiris.ch\/wp-content\/uploads\/2023\/10\/camomille-bleu-1-ml.jpg\" alt=\"\" width=\"213\" height=\"327\" srcset=\"https:\/\/bien-etreiris.ch\/wp-content\/uploads\/2023\/10\/camomille-bleu-1-ml.jpg 427w, https:\/\/bien-etreiris.ch\/wp-content\/uploads\/2023\/10\/camomille-bleu-1-ml-195x300.jpg 195w\" sizes=\"auto, (max-width: 213px) 100vw, 213px\" \/><\/a><\/p>\n<p>&nbsp;<\/p>\n<p>&nbsp;<\/p>\n<p>&nbsp;<\/p>\n<p>&nbsp;<\/p>\n<p>&nbsp;<\/p>\n<p>&nbsp;<\/p>\n<p>Flacon de 1 ml <strong>CHF 12.00<br \/>\n<\/strong><\/p>\n<p>&nbsp;<\/p>\n<p>&nbsp;<\/p>\n<p>&nbsp;<\/p>\n<p><a href=\"https:\/\/bien-etreiris.ch\/presentations-des-produits\/aromatherapie\/huiles-essentielles\/camomille\/bleue-matricaire\/camomille-bleu\/\" rel=\"attachment wp-att-76785\"><img loading=\"lazy\" decoding=\"async\" class=\"wp-image-76785 alignleft\" src=\"https:\/\/bien-etreiris.ch\/wp-content\/uploads\/2023\/10\/camomille-bleu.jpg\" alt=\"\" width=\"153\" height=\"347\"><\/a><\/p>\n<p>&nbsp;<\/p>\n<p>&nbsp;<\/p>\n<p>&nbsp;<\/p>\n<p>&nbsp;<\/p>\n<p>&nbsp;<\/p>\n<p>&nbsp;<\/p>\n<p>&nbsp;<\/p>\n<p>Flacon de 5 ml <strong>CHF 48.00<br \/>\n<\/strong><\/p>\n<p>&nbsp;<\/p>\n<p>autre Fournisseur un Flacon 2 ml <strong>CHF 10.50<\/strong><\/p>\n<p>&nbsp;<\/p>\n<table style=\"width: 100%;\">\n<tbody>\n<tr>\n<td style=\"width: 22.5%;\"><strong>Nom botanique :<\/strong><\/td>\n<td style=\"width: 76.5476%;\"><em>Matricaria recutita<\/em>&nbsp;L. ou <em>Matricaria chamomilla<\/em> L.<\/td>\n<\/tr>\n<tr>\n<td style=\"width: 22.5%;\"><strong>Famille botanique :<\/strong><\/td>\n<td style=\"width: 76.5476%;\">ast\u00e9rac\u00e9es<\/td>\n<\/tr>\n<tr>\n<td style=\"width: 22.5%;\"><strong>M\u00e9thode d'extraction :<\/strong><\/td>\n<td style=\"width: 76.5476%;\">distillation \u00e0 la vapeur d'eau<\/td>\n<\/tr>\n<tr>\n<td style=\"width: 22.5%;\"><strong>Partie de la plante utilis\u00e9e :<\/strong><\/td>\n<td style=\"width: 76.5476%;\">sommit\u00e9s fleuries<\/td>\n<\/tr>\n<tr>\n<td style=\"width: 22.5%;\"><strong>Quantit\u00e9 v\u00e9g\u00e9tale :<\/strong><\/td>\n<td style=\"width: 76.5476%;\">500 kg de fleurs fra\u00eeches sont n\u00e9cessaires pour obtenir 1 kg d'huile<\/td>\n<\/tr>\n<tr>\n<td style=\"width: 22.5%;\"><strong>Origine g\u00e9ographique :<\/strong>&nbsp;<\/td>\n<td style=\"width: 76.5476%;\">Bulgarie (peut varier en fonction de la saison et de la r\u00e9colte)<\/td>\n<\/tr>\n<tr>\n<td style=\"width: 22.5%;\"><strong>Culture qualit\u00e9&nbsp;:<\/strong><\/td>\n<td style=\"width: 76.5476%;\">issu de l'agriculture biologique, non test\u00e9 sur les animaux, v\u00e9g\u00e9talien<\/td>\n<\/tr>\n<tr>\n<td style=\"width: 22.5%;\"><strong>Effet parfum\u00e9 :<\/strong><\/td>\n<td style=\"width: 76.5476%;\">relaxante<\/td>\n<\/tr>\n<tr>\n<td style=\"width: 22.5%;\"><strong>Note parfum\u00e9e :<\/strong><\/td>\n<td style=\"width: 76.5476%;\">c\u0153ur<\/td>\n<\/tr>\n<tr>\n<td style=\"width: 22.5%;\"><strong>Profil de parfum :<\/strong><\/td>\n<td style=\"width: 76.5476%;\">herbac\u00e9, doux, chaud, enveloppant<\/td>\n<\/tr>\n<tr>\n<td style=\"width: 22.5%;\"><strong>Th\u00e8me du parfum :<\/strong><\/td>\n<td style=\"width: 76.5476%;\">apaisant, adoucissant, \u00e9quilibrant, harmonisant<\/td>\n<\/tr>\n<tr>\n<td style=\"width: 22.5%;\"><strong>\u00c9nerg\u00e9tique :<\/strong><\/td>\n<td style=\"width: 76.5476%;\">5\u00e8me chakra (Vishuddhi) et le 6\u00e8me (Ajna) tout en les reliant au 4\u00e8me (Anahata)<\/td>\n<\/tr>\n<tr>\n<td style=\"width: 22.5%;\"><strong>Psycho-\u00e9motionnel :<\/strong>&nbsp;<\/td>\n<td style=\"width: 76.5476%;\">Pour s'affirmer et ne plus se soucier&nbsp;du jugement<\/td>\n<\/tr>\n<tr>\n<td style=\"width: 22.5%;\"><strong>Description :<\/strong><\/td>\n<td style=\"width: 76.5476%;\" scope=\"row\">\n<ul style=\"list-style-type: disc;\">\n<li>La camomille vraie, ou camomille bleue, fait partie d'une famille de plantes qui compte plus de 200 esp\u00e8ces de camomille.<\/li>\n<li>D\u00e9j\u00e0 dans l'Antiquit\u00e9, la vraie camomille \u00e9tait appr\u00e9ci\u00e9e comme plante m\u00e9dicinale et jusqu'\u00e0 aujourd'hui, elle n'a rien perdu de son importance.<\/li>\n<li>Que ce soit en cas de tensions, d'irritations cutan\u00e9es ou de maux de t\u00eate, ses propri\u00e9t\u00e9s anti-inflammatoires, analg\u00e9siques et antispasmodiques sont utilis\u00e9es en cosm\u00e9tique et en th\u00e9rapie.<\/li>\n<li>En p\u00e9riode de stress, la camomille bleue BIO apaise et \u00e9quilibre. Elle prot\u00e8ge contre les tensions excessives.<\/li>\n<li>La camomille vraie est une huile douce et harmonisant, en particulier pour les enfants qui souffrent d'un exc\u00e8s de stimulation.<\/li>\n<\/ul>\n<\/td>\n<\/tr>\n<tr>\n<td style=\"width: 22.5%;\"><strong>Application :<\/strong><\/td>\n<td style=\"width: 76.5476%;\">\n<ul style=\"list-style-type: disc;\">\n<li>La camomille bleue se m\u00e9lange bien avec la bergamote, le pamplemousse, la lavande, le g\u00e9ranium, la m\u00e9lisse et la cardamome.<\/li>\n<li>Pour une compresse \"bien-\u00eatre du ventre\", m\u00e9langez la camomille bleue avec de l'orange, du miel et de l'huile d'amande.<\/li>\n<li>Des sp\u00e9cialistes form\u00e9s vous donneront volontiers de plus amples informations sur les possibilit\u00e9s d'utilisation m\u00e9dicale et cosm\u00e9tique.<\/li>\n<\/ul>\n<\/td>\n<\/tr>\n<tr>\n<td style=\"width: 22.5%;\"><strong>Principes actifs :<\/strong><\/td>\n<td style=\"width: 76.5476%;\">\n<ul style=\"list-style-type: disc;\">\n<li>Beta-farnes\u00e8ne (de 15&nbsp;\u00e0 45 %)<\/li>\n<li>Alpha-bisabolol (de 18&nbsp;\u00e0 42 %)<\/li>\n<li>Alpha-bisabolol-oxyde (de 2&nbsp;\u00e0 20 %)<\/li>\n<li>Chamazul\u00e8ne (\u2264 11 %)<\/li>\n<li>B\u00e9ta-bisabolol-oxyde (de 1&nbsp;\u00e0 10 %)<\/li>\n<li>Trans-alpha-farnes\u00e8ne (\u2264 8 %)&nbsp;<\/li>\n<\/ul>\n<\/td>\n<\/tr>\n<tr>\n<td style=\"width: 22.5%;\"><strong>Allerg\u00e8nes :<\/strong><\/td>\n<td style=\"width: 76.5476%;\">g\u00e9raniol, citral et citronellol<\/td>\n<\/tr>\n<tr>\n<td style=\"width: 22.5%;\"><strong>Pr\u00e9cautions :<\/strong><\/td>\n<td style=\"width: 76.5476%;\"><i>De mani\u00e8re g\u00e9n\u00e9rale et sauf avis d\u2019un professionnel, les huiles essentielles sont d\u00e9conseill\u00e9es aux femmes enceintes ou allaitantes ainsi qu'aux enfants de moins de 6 ans.<\/i><\/td>\n<\/tr>\n<\/tbody>\n<\/table>\n<h2>&nbsp;<\/h2>\n<h2><span style=\"color: #99cc00;\"><a style=\"color: #99cc00;\" href=\"https:\/\/bien-etreiris.ch\/de\/ratgeber-klarheit-beratung\/natuerliche-heilmittel\/pflanzenheilkunde\/aetherische-oele\/anwendungsleitfaden-fuer-aetherische-oele\/kamillenoele\/bleue-matricaire\/\" target=\"_blank\" rel=\"noopener\"><em>Si tu veux en savoir plus sur cette huile, clique ici.<\/em><\/a><\/span><\/h2>\n","protected":false},"excerpt":{"rendered":"<p>Camomille bleue \u00e9galement appel\u00e9e camomille matricaire ou camomille allemande &nbsp; &nbsp; &nbsp; &nbsp; &nbsp; &nbsp; Flacon de 1 ml CHF 12.00 &nbsp; &nbsp; &nbsp; &nbsp; &nbsp; &nbsp; &nbsp; &nbsp; &nbsp; &nbsp; Flacon de 5 ml CHF 48.00 &nbsp; autre Fournisseur un Flacon 2 ml CHF 10.50 &nbsp; Nom botanique : Matricaria recutita&nbsp;L. ou Matricaria chamomilla L. Famille botanique : ast\u00e9rac\u00e9es&nbsp;<a href=\"https:\/\/bien-etreiris.ch\/de\/produktpraesentation\/aromatherapie\/aetherische-oele\/camomille\/bleue-matricaire-allemande\/\" class=\"read-more\">Weiter lesen<\/a><\/p>\n","protected":false},"author":1,"featured_media":76815,"parent":76170,"menu_order":2826,"comment_status":"closed","ping_status":"closed","template":"page-with-child.php","meta":{"_acf_changed":false,"ngg_post_thumbnail":0,"footnotes":""},"class_list":["post-76783","page","type-page","status-publish","has-post-thumbnail","hentry"],"acf":[],"yoast_head":"<!-- This site is optimized with the Yoast SEO plugin v27.6 - https:\/\/yoast.com\/product\/yoast-seo-wordpress\/ -->\n<title>BLEUE (MATRICAIRE) - WOHLBEFINDEN<\/title>\n<meta name=\"robots\" content=\"index, follow, max-snippet:-1, max-image-preview:large, max-video-preview:-1\" \/>\n<link rel=\"canonical\" href=\"https:\/\/bien-etreiris.ch\/de\/produktpraesentation\/aromatherapie\/aetherische-oele\/camomille\/bleue-matricaire-allemande\/\" \/>\n<meta property=\"og:locale\" content=\"de_DE\" \/>\n<meta property=\"og:type\" content=\"article\" \/>\n<meta property=\"og:title\" content=\"BLEUE (MATRICAIRE) - WOHLBEFINDEN\" \/>\n<meta property=\"og:description\" content=\"Camomille bleue \u00e9galement appel\u00e9e camomille matricaire ou camomille allemande &nbsp; &nbsp; &nbsp; &nbsp; &nbsp; &nbsp; Flacon de 1 ml CHF 12.00 &nbsp; &nbsp; &nbsp; &nbsp; &nbsp; &nbsp; &nbsp; &nbsp; &nbsp; &nbsp; Flacon de 5 ml CHF 48.00 &nbsp; autre Fournisseur un Flacon 2 ml CHF 10.50 &nbsp; Nom botanique : Matricaria recutita&nbsp;L. ou Matricaria chamomilla L. Famille botanique : ast\u00e9rac\u00e9es&nbsp;Weiter lesen\" \/>\n<meta property=\"og:url\" content=\"https:\/\/bien-etreiris.ch\/de\/produktpraesentation\/aromatherapie\/aetherische-oele\/camomille\/bleue-matricaire-allemande\/\" \/>\n<meta property=\"og:site_name\" content=\"WOHLBEFINDEN\" \/>\n<meta property=\"article:publisher\" content=\"https:\/\/www.facebook.com\/bienetreiris\/\" \/>\n<meta property=\"article:modified_time\" content=\"2023-10-12T06:09:56+00:00\" \/>\n<meta property=\"og:image\" content=\"https:\/\/bien-etreiris.ch\/wp-content\/uploads\/2023\/10\/acceuil-camomille-bleu-2.png\" \/>\n\t<meta property=\"og:image:width\" content=\"500\" \/>\n\t<meta property=\"og:image:height\" content=\"303\" \/>\n\t<meta property=\"og:image:type\" content=\"image\/png\" \/>\n<meta name=\"twitter:label1\" content=\"Gesch\u00e4tzte Lesezeit\" \/>\n\t<meta name=\"twitter:data1\" content=\"3\u00a0Minuten\" \/>\n<script type=\"application\/ld+json\" class=\"yoast-schema-graph\">{\"@context\":\"https:\\\/\\\/schema.org\",\"@graph\":[{\"@type\":\"WebPage\",\"@id\":\"https:\\\/\\\/bien-etreiris.ch\\\/de\\\/produktpraesentation\\\/aromatherapie\\\/aetherische-oele\\\/camomille\\\/bleue-matricaire-allemande\\\/\",\"url\":\"https:\\\/\\\/bien-etreiris.ch\\\/de\\\/produktpraesentation\\\/aromatherapie\\\/aetherische-oele\\\/camomille\\\/bleue-matricaire-allemande\\\/\",\"name\":\"BLEUE (MATRICAIRE) - WOHLBEFINDEN\",\"isPartOf\":{\"@id\":\"https:\\\/\\\/bien-etreiris.ch\\\/de\\\/#website\"},\"primaryImageOfPage\":{\"@id\":\"https:\\\/\\\/bien-etreiris.ch\\\/de\\\/produktpraesentation\\\/aromatherapie\\\/aetherische-oele\\\/camomille\\\/bleue-matricaire-allemande\\\/#primaryimage\"},\"image\":{\"@id\":\"https:\\\/\\\/bien-etreiris.ch\\\/de\\\/produktpraesentation\\\/aromatherapie\\\/aetherische-oele\\\/camomille\\\/bleue-matricaire-allemande\\\/#primaryimage\"},\"thumbnailUrl\":\"https:\\\/\\\/bien-etreiris.ch\\\/wp-content\\\/uploads\\\/2023\\\/10\\\/acceuil-camomille-bleu-2.png\",\"datePublished\":\"2023-10-12T01:59:44+00:00\",\"dateModified\":\"2023-10-12T06:09:56+00:00\",\"breadcrumb\":{\"@id\":\"https:\\\/\\\/bien-etreiris.ch\\\/de\\\/produktpraesentation\\\/aromatherapie\\\/aetherische-oele\\\/camomille\\\/bleue-matricaire-allemande\\\/#breadcrumb\"},\"inLanguage\":\"de\",\"potentialAction\":[{\"@type\":\"ReadAction\",\"target\":[\"https:\\\/\\\/bien-etreiris.ch\\\/de\\\/produktpraesentation\\\/aromatherapie\\\/aetherische-oele\\\/camomille\\\/bleue-matricaire-allemande\\\/\"]}]},{\"@type\":\"ImageObject\",\"inLanguage\":\"de\",\"@id\":\"https:\\\/\\\/bien-etreiris.ch\\\/de\\\/produktpraesentation\\\/aromatherapie\\\/aetherische-oele\\\/camomille\\\/bleue-matricaire-allemande\\\/#primaryimage\",\"url\":\"https:\\\/\\\/bien-etreiris.ch\\\/wp-content\\\/uploads\\\/2023\\\/10\\\/acceuil-camomille-bleu-2.png\",\"contentUrl\":\"https:\\\/\\\/bien-etreiris.ch\\\/wp-content\\\/uploads\\\/2023\\\/10\\\/acceuil-camomille-bleu-2.png\",\"width\":500,\"height\":303},{\"@type\":\"BreadcrumbList\",\"@id\":\"https:\\\/\\\/bien-etreiris.ch\\\/de\\\/produktpraesentation\\\/aromatherapie\\\/aetherische-oele\\\/camomille\\\/bleue-matricaire-allemande\\\/#breadcrumb\",\"itemListElement\":[{\"@type\":\"ListItem\",\"position\":1,\"name\":\"Home\",\"item\":\"https:\\\/\\\/bien-etreiris.ch\\\/de\\\/\"},{\"@type\":\"ListItem\",\"position\":2,\"name\":\"PRODUKTPR\u00c4SENTATION\",\"item\":\"https:\\\/\\\/bien-etreiris.ch\\\/de\\\/produktpraesentation\\\/\"},{\"@type\":\"ListItem\",\"position\":3,\"name\":\"AROMATHERAPIE\",\"item\":\"https:\\\/\\\/bien-etreiris.ch\\\/de\\\/produktpraesentation\\\/aromatherapie\\\/\"},{\"@type\":\"ListItem\",\"position\":4,\"name\":\"\u00c4THERISCHE \u00d6LE\",\"item\":\"https:\\\/\\\/bien-etreiris.ch\\\/de\\\/produktpraesentation\\\/aromatherapie\\\/aetherische-oele\\\/\"},{\"@type\":\"ListItem\",\"position\":5,\"name\":\"KAMILLEN\",\"item\":\"https:\\\/\\\/bien-etreiris.ch\\\/de\\\/produktpraesentation\\\/aromatherapie\\\/aetherische-oele\\\/camomille\\\/\"},{\"@type\":\"ListItem\",\"position\":6,\"name\":\"BLEUE (MATRICAIRE)\"}]},{\"@type\":\"WebSite\",\"@id\":\"https:\\\/\\\/bien-etreiris.ch\\\/de\\\/#website\",\"url\":\"https:\\\/\\\/bien-etreiris.ch\\\/de\\\/\",\"name\":\"Bien-\u00eatre Iris\",\"description\":\"IHRE Gesundheit ist uns wichtig\",\"potentialAction\":[{\"@type\":\"SearchAction\",\"target\":{\"@type\":\"EntryPoint\",\"urlTemplate\":\"https:\\\/\\\/bien-etreiris.ch\\\/de\\\/?s={search_term_string}\"},\"query-input\":{\"@type\":\"PropertyValueSpecification\",\"valueRequired\":true,\"valueName\":\"search_term_string\"}}],\"inLanguage\":\"de\"}]}<\/script>\n<!-- \/ Yoast SEO plugin. -->","yoast_head_json":{"title":"BLEUE (MATRICAIRE) - WOHLBEFINDEN","robots":{"index":"index","follow":"follow","max-snippet":"max-snippet:-1","max-image-preview":"max-image-preview:large","max-video-preview":"max-video-preview:-1"},"canonical":"https:\/\/bien-etreiris.ch\/de\/produktpraesentation\/aromatherapie\/aetherische-oele\/camomille\/bleue-matricaire-allemande\/","og_locale":"de_DE","og_type":"article","og_title":"BLEUE (MATRICAIRE) - WOHLBEFINDEN","og_description":"Camomille bleue \u00e9galement appel\u00e9e camomille matricaire ou camomille allemande &nbsp; &nbsp; &nbsp; &nbsp; &nbsp; &nbsp; Flacon de 1 ml CHF 12.00 &nbsp; &nbsp; &nbsp; &nbsp; &nbsp; &nbsp; &nbsp; &nbsp; &nbsp; &nbsp; Flacon de 5 ml CHF 48.00 &nbsp; autre Fournisseur un Flacon 2 ml CHF 10.50 &nbsp; Nom botanique : Matricaria recutita&nbsp;L. ou Matricaria chamomilla L. Famille botanique : ast\u00e9rac\u00e9es&nbsp;Weiter lesen","og_url":"https:\/\/bien-etreiris.ch\/de\/produktpraesentation\/aromatherapie\/aetherische-oele\/camomille\/bleue-matricaire-allemande\/","og_site_name":"WOHLBEFINDEN","article_publisher":"https:\/\/www.facebook.com\/bienetreiris\/","article_modified_time":"2023-10-12T06:09:56+00:00","og_image":[{"width":500,"height":303,"url":"https:\/\/bien-etreiris.ch\/wp-content\/uploads\/2023\/10\/acceuil-camomille-bleu-2.png","type":"image\/png"}],"twitter_misc":{"Gesch\u00e4tzte Lesezeit":"3\u00a0Minuten"},"schema":{"@context":"https:\/\/schema.org","@graph":[{"@type":"WebPage","@id":"https:\/\/bien-etreiris.ch\/de\/produktpraesentation\/aromatherapie\/aetherische-oele\/camomille\/bleue-matricaire-allemande\/","url":"https:\/\/bien-etreiris.ch\/de\/produktpraesentation\/aromatherapie\/aetherische-oele\/camomille\/bleue-matricaire-allemande\/","name":"BLEUE (MATRICAIRE) - WOHLBEFINDEN","isPartOf":{"@id":"https:\/\/bien-etreiris.ch\/de\/#website"},"primaryImageOfPage":{"@id":"https:\/\/bien-etreiris.ch\/de\/produktpraesentation\/aromatherapie\/aetherische-oele\/camomille\/bleue-matricaire-allemande\/#primaryimage"},"image":{"@id":"https:\/\/bien-etreiris.ch\/de\/produktpraesentation\/aromatherapie\/aetherische-oele\/camomille\/bleue-matricaire-allemande\/#primaryimage"},"thumbnailUrl":"https:\/\/bien-etreiris.ch\/wp-content\/uploads\/2023\/10\/acceuil-camomille-bleu-2.png","datePublished":"2023-10-12T01:59:44+00:00","dateModified":"2023-10-12T06:09:56+00:00","breadcrumb":{"@id":"https:\/\/bien-etreiris.ch\/de\/produktpraesentation\/aromatherapie\/aetherische-oele\/camomille\/bleue-matricaire-allemande\/#breadcrumb"},"inLanguage":"de","potentialAction":[{"@type":"ReadAction","target":["https:\/\/bien-etreiris.ch\/de\/produktpraesentation\/aromatherapie\/aetherische-oele\/camomille\/bleue-matricaire-allemande\/"]}]},{"@type":"ImageObject","inLanguage":"de","@id":"https:\/\/bien-etreiris.ch\/de\/produktpraesentation\/aromatherapie\/aetherische-oele\/camomille\/bleue-matricaire-allemande\/#primaryimage","url":"https:\/\/bien-etreiris.ch\/wp-content\/uploads\/2023\/10\/acceuil-camomille-bleu-2.png","contentUrl":"https:\/\/bien-etreiris.ch\/wp-content\/uploads\/2023\/10\/acceuil-camomille-bleu-2.png","width":500,"height":303},{"@type":"BreadcrumbList","@id":"https:\/\/bien-etreiris.ch\/de\/produktpraesentation\/aromatherapie\/aetherische-oele\/camomille\/bleue-matricaire-allemande\/#breadcrumb","itemListElement":[{"@type":"ListItem","position":1,"name":"Home","item":"https:\/\/bien-etreiris.ch\/de\/"},{"@type":"ListItem","position":2,"name":"PRODUKTPR\u00c4SENTATION","item":"https:\/\/bien-etreiris.ch\/de\/produktpraesentation\/"},{"@type":"ListItem","position":3,"name":"AROMATHERAPIE","item":"https:\/\/bien-etreiris.ch\/de\/produktpraesentation\/aromatherapie\/"},{"@type":"ListItem","position":4,"name":"\u00c4THERISCHE \u00d6LE","item":"https:\/\/bien-etreiris.ch\/de\/produktpraesentation\/aromatherapie\/aetherische-oele\/"},{"@type":"ListItem","position":5,"name":"KAMILLEN","item":"https:\/\/bien-etreiris.ch\/de\/produktpraesentation\/aromatherapie\/aetherische-oele\/camomille\/"},{"@type":"ListItem","position":6,"name":"BLEUE (MATRICAIRE)"}]},{"@type":"WebSite","@id":"https:\/\/bien-etreiris.ch\/de\/#website","url":"https:\/\/bien-etreiris.ch\/de\/","name":"Bien-\u00eatre Iris","description":"IHRE Gesundheit ist uns wichtig","potentialAction":[{"@type":"SearchAction","target":{"@type":"EntryPoint","urlTemplate":"https:\/\/bien-etreiris.ch\/de\/?s={search_term_string}"},"query-input":{"@type":"PropertyValueSpecification","valueRequired":true,"valueName":"search_term_string"}}],"inLanguage":"de"}]}},"_links":{"self":[{"href":"https:\/\/bien-etreiris.ch\/de\/wp-json\/wp\/v2\/pages\/76783","targetHints":{"allow":["GET"]}}],"collection":[{"href":"https:\/\/bien-etreiris.ch\/de\/wp-json\/wp\/v2\/pages"}],"about":[{"href":"https:\/\/bien-etreiris.ch\/de\/wp-json\/wp\/v2\/types\/page"}],"author":[{"embeddable":true,"href":"https:\/\/bien-etreiris.ch\/de\/wp-json\/wp\/v2\/users\/1"}],"replies":[{"embeddable":true,"href":"https:\/\/bien-etreiris.ch\/de\/wp-json\/wp\/v2\/comments?post=76783"}],"version-history":[{"count":5,"href":"https:\/\/bien-etreiris.ch\/de\/wp-json\/wp\/v2\/pages\/76783\/revisions"}],"predecessor-version":[{"id":76818,"href":"https:\/\/bien-etreiris.ch\/de\/wp-json\/wp\/v2\/pages\/76783\/revisions\/76818"}],"up":[{"embeddable":true,"href":"https:\/\/bien-etreiris.ch\/de\/wp-json\/wp\/v2\/pages\/76170"}],"wp:featuredmedia":[{"embeddable":true,"href":"https:\/\/bien-etreiris.ch\/de\/wp-json\/wp\/v2\/media\/76815"}],"wp:attachment":[{"href":"https:\/\/bien-etreiris.ch\/de\/wp-json\/wp\/v2\/media?parent=76783"}],"curies":[{"name":"wp","href":"https:\/\/api.w.org\/{rel}","templated":true}]}}