{"id":76743,"date":"2023-10-11T09:02:09","date_gmt":"2023-10-11T07:02:09","guid":{"rendered":"https:\/\/bien-etreiris.ch\/ratgeber-klarheit-beratung\/natuerliche-heilmittel\/kranheiten-a-z\/magen-darm-erkrankungen\/verstopfung\/huiles-essentielles-en-cas-de-constipation\/lavandes\/"},"modified":"2024-09-27T16:32:18","modified_gmt":"2024-09-27T14:32:18","slug":"lavandes","status":"publish","type":"page","link":"https:\/\/bien-etreiris.ch\/de\/produktpraesentation\/aromatherapie\/aetherische-oele\/lavandes\/","title":{"rendered":"LAVANDES"},"content":{"rendered":"\n<h2>Les Lavandes<\/h2>\n\n\n\n<p>Bien qu\u2019elles aient toutes le m\u00eame genre Lavandula, la plupart des Lavandes se distinguent par leur esp\u00e8ce, le nom qui vient juste apr\u00e8s le genre. Cette classification \u00e9tablit les fondements de la botanique et permet, ce qui nous int\u00e9resse le plus, l\u2019obtention d\u2019huiles essentielles aussi diff\u00e9rentes les unes que les autres. L\u2019existence de toutes ces esp\u00e8ces s\u2019explique, comme pour tous les v\u00e9g\u00e9taux, par une \u00e9volution et une transformation d\u2019une seule et m\u00eame esp\u00e8ce \u00e0 la base. Pour la Lavande, ses origines remontent \u00e0 l\u2019Antiquit\u00e9, o\u00f9 elle \u00e9tait nomm\u00e9e Lavandula stoechas, ou spica. Ce n\u2019est qu\u2019au Moyen \u00c2ge que le terme de \u201clavande\u201d fait son apparition, du verbe latin lavare, qui signifie laver. Eh oui, \u00e0 cette \u00e9poque, on pensait que si quelque chose sentait bon, c\u2019est qu\u2019il n\u2019y avait pas de maladie ! Les nombreuses s\u00e9lections et transplantations au fil des ann\u00e9es nous permettent aujourd\u2019hui de proposer de nombreuses huiles essentielles issues de diff\u00e9rentes esp\u00e8ces de Lavandes.<\/p>\n<h4 class=\"cta-blog__title bold mtb-15\">Lavande Fine, Lavande Vraie, Lavande Aspic, Lavandin Super, Lavandula Stoechas<\/h4>\n<p>&nbsp;<\/p>\n<p>&nbsp;<\/p>\n","protected":false},"excerpt":{"rendered":"<p>Les Lavandes Bien qu\u2019elles aient toutes le m\u00eame genre Lavandula, la plupart des Lavandes se distinguent par leur esp\u00e8ce, le nom qui vient juste apr\u00e8s le genre. Cette classification \u00e9tablit les fondements de la botanique et permet, ce qui nous int\u00e9resse le plus, l\u2019obtention d\u2019huiles essentielles aussi diff\u00e9rentes les unes que les autres. L\u2019existence de toutes ces esp\u00e8ces s\u2019explique, comme&nbsp;<a href=\"https:\/\/bien-etreiris.ch\/de\/produktpraesentation\/aromatherapie\/aetherische-oele\/lavandes\/\" class=\"read-more\">Weiter lesen<\/a><\/p>\n","protected":false},"author":1,"featured_media":89749,"parent":37429,"menu_order":2831,"comment_status":"closed","ping_status":"closed","template":"page-with-child.php","meta":{"_acf_changed":false,"ngg_post_thumbnail":0,"footnotes":""},"class_list":["post-76743","page","type-page","status-publish","has-post-thumbnail","hentry"],"acf":[],"yoast_head":"<!-- This site is optimized with the Yoast SEO plugin v27.6 - https:\/\/yoast.com\/product\/yoast-seo-wordpress\/ -->\n<title>LAVANDES - WOHLBEFINDEN<\/title>\n<meta name=\"robots\" content=\"index, follow, max-snippet:-1, max-image-preview:large, max-video-preview:-1\" \/>\n<link rel=\"canonical\" href=\"https:\/\/bien-etreiris.ch\/de\/produktpraesentation\/aromatherapie\/aetherische-oele\/lavandes\/\" \/>\n<meta property=\"og:locale\" content=\"de_DE\" \/>\n<meta property=\"og:type\" content=\"article\" \/>\n<meta property=\"og:title\" content=\"LAVANDES - WOHLBEFINDEN\" \/>\n<meta property=\"og:description\" content=\"Les Lavandes Bien qu\u2019elles aient toutes le m\u00eame genre Lavandula, la plupart des Lavandes se distinguent par leur esp\u00e8ce, le nom qui vient juste apr\u00e8s le genre. Cette classification \u00e9tablit les fondements de la botanique et permet, ce qui nous int\u00e9resse le plus, l\u2019obtention d\u2019huiles essentielles aussi diff\u00e9rentes les unes que les autres. L\u2019existence de toutes ces esp\u00e8ces s\u2019explique, comme&nbsp;Weiter lesen\" \/>\n<meta property=\"og:url\" content=\"https:\/\/bien-etreiris.ch\/de\/produktpraesentation\/aromatherapie\/aetherische-oele\/lavandes\/\" \/>\n<meta property=\"og:site_name\" content=\"WOHLBEFINDEN\" \/>\n<meta property=\"article:publisher\" content=\"https:\/\/www.facebook.com\/bienetreiris\/\" \/>\n<meta property=\"article:modified_time\" content=\"2024-09-27T14:32:18+00:00\" \/>\n<meta property=\"og:image\" content=\"https:\/\/bien-etreiris.ch\/wp-content\/uploads\/2023\/10\/acceuil-lavandes.png\" \/>\n\t<meta property=\"og:image:width\" content=\"500\" \/>\n\t<meta property=\"og:image:height\" content=\"333\" \/>\n\t<meta property=\"og:image:type\" content=\"image\/png\" \/>\n<meta name=\"twitter:label1\" content=\"Gesch\u00e4tzte Lesezeit\" \/>\n\t<meta name=\"twitter:data1\" content=\"1\u00a0Minute\" \/>\n<script type=\"application\/ld+json\" class=\"yoast-schema-graph\">{\"@context\":\"https:\\\/\\\/schema.org\",\"@graph\":[{\"@type\":\"WebPage\",\"@id\":\"https:\\\/\\\/bien-etreiris.ch\\\/de\\\/produktpraesentation\\\/aromatherapie\\\/aetherische-oele\\\/lavandes\\\/\",\"url\":\"https:\\\/\\\/bien-etreiris.ch\\\/de\\\/produktpraesentation\\\/aromatherapie\\\/aetherische-oele\\\/lavandes\\\/\",\"name\":\"LAVANDES - WOHLBEFINDEN\",\"isPartOf\":{\"@id\":\"https:\\\/\\\/bien-etreiris.ch\\\/de\\\/#website\"},\"primaryImageOfPage\":{\"@id\":\"https:\\\/\\\/bien-etreiris.ch\\\/de\\\/produktpraesentation\\\/aromatherapie\\\/aetherische-oele\\\/lavandes\\\/#primaryimage\"},\"image\":{\"@id\":\"https:\\\/\\\/bien-etreiris.ch\\\/de\\\/produktpraesentation\\\/aromatherapie\\\/aetherische-oele\\\/lavandes\\\/#primaryimage\"},\"thumbnailUrl\":\"https:\\\/\\\/bien-etreiris.ch\\\/wp-content\\\/uploads\\\/2024\\\/09\\\/acceuil-lavandes.png\",\"datePublished\":\"2023-10-11T07:02:09+00:00\",\"dateModified\":\"2024-09-27T14:32:18+00:00\",\"breadcrumb\":{\"@id\":\"https:\\\/\\\/bien-etreiris.ch\\\/de\\\/produktpraesentation\\\/aromatherapie\\\/aetherische-oele\\\/lavandes\\\/#breadcrumb\"},\"inLanguage\":\"de\",\"potentialAction\":[{\"@type\":\"ReadAction\",\"target\":[\"https:\\\/\\\/bien-etreiris.ch\\\/de\\\/produktpraesentation\\\/aromatherapie\\\/aetherische-oele\\\/lavandes\\\/\"]}]},{\"@type\":\"ImageObject\",\"inLanguage\":\"de\",\"@id\":\"https:\\\/\\\/bien-etreiris.ch\\\/de\\\/produktpraesentation\\\/aromatherapie\\\/aetherische-oele\\\/lavandes\\\/#primaryimage\",\"url\":\"https:\\\/\\\/bien-etreiris.ch\\\/wp-content\\\/uploads\\\/2024\\\/09\\\/acceuil-lavandes.png\",\"contentUrl\":\"https:\\\/\\\/bien-etreiris.ch\\\/wp-content\\\/uploads\\\/2024\\\/09\\\/acceuil-lavandes.png\",\"width\":500,\"height\":305},{\"@type\":\"BreadcrumbList\",\"@id\":\"https:\\\/\\\/bien-etreiris.ch\\\/de\\\/produktpraesentation\\\/aromatherapie\\\/aetherische-oele\\\/lavandes\\\/#breadcrumb\",\"itemListElement\":[{\"@type\":\"ListItem\",\"position\":1,\"name\":\"Home\",\"item\":\"https:\\\/\\\/bien-etreiris.ch\\\/de\\\/\"},{\"@type\":\"ListItem\",\"position\":2,\"name\":\"PRODUKTPR\u00c4SENTATION\",\"item\":\"https:\\\/\\\/bien-etreiris.ch\\\/de\\\/produktpraesentation\\\/\"},{\"@type\":\"ListItem\",\"position\":3,\"name\":\"AROMATHERAPIE\",\"item\":\"https:\\\/\\\/bien-etreiris.ch\\\/de\\\/produktpraesentation\\\/aromatherapie\\\/\"},{\"@type\":\"ListItem\",\"position\":4,\"name\":\"\u00c4THERISCHE \u00d6LE\",\"item\":\"https:\\\/\\\/bien-etreiris.ch\\\/de\\\/produktpraesentation\\\/aromatherapie\\\/aetherische-oele\\\/\"},{\"@type\":\"ListItem\",\"position\":5,\"name\":\"LAVANDES\"}]},{\"@type\":\"WebSite\",\"@id\":\"https:\\\/\\\/bien-etreiris.ch\\\/de\\\/#website\",\"url\":\"https:\\\/\\\/bien-etreiris.ch\\\/de\\\/\",\"name\":\"Bien-\u00eatre Iris\",\"description\":\"IHRE Gesundheit ist uns wichtig\",\"potentialAction\":[{\"@type\":\"SearchAction\",\"target\":{\"@type\":\"EntryPoint\",\"urlTemplate\":\"https:\\\/\\\/bien-etreiris.ch\\\/de\\\/?s={search_term_string}\"},\"query-input\":{\"@type\":\"PropertyValueSpecification\",\"valueRequired\":true,\"valueName\":\"search_term_string\"}}],\"inLanguage\":\"de\"}]}<\/script>\n<!-- \/ Yoast SEO plugin. -->","yoast_head_json":{"title":"LAVANDES - WOHLBEFINDEN","robots":{"index":"index","follow":"follow","max-snippet":"max-snippet:-1","max-image-preview":"max-image-preview:large","max-video-preview":"max-video-preview:-1"},"canonical":"https:\/\/bien-etreiris.ch\/de\/produktpraesentation\/aromatherapie\/aetherische-oele\/lavandes\/","og_locale":"de_DE","og_type":"article","og_title":"LAVANDES - WOHLBEFINDEN","og_description":"Les Lavandes Bien qu\u2019elles aient toutes le m\u00eame genre Lavandula, la plupart des Lavandes se distinguent par leur esp\u00e8ce, le nom qui vient juste apr\u00e8s le genre. Cette classification \u00e9tablit les fondements de la botanique et permet, ce qui nous int\u00e9resse le plus, l\u2019obtention d\u2019huiles essentielles aussi diff\u00e9rentes les unes que les autres. L\u2019existence de toutes ces esp\u00e8ces s\u2019explique, comme&nbsp;Weiter lesen","og_url":"https:\/\/bien-etreiris.ch\/de\/produktpraesentation\/aromatherapie\/aetherische-oele\/lavandes\/","og_site_name":"WOHLBEFINDEN","article_publisher":"https:\/\/www.facebook.com\/bienetreiris\/","article_modified_time":"2024-09-27T14:32:18+00:00","og_image":[{"width":500,"height":333,"url":"https:\/\/bien-etreiris.ch\/wp-content\/uploads\/2023\/10\/acceuil-lavandes.png","type":"image\/png"}],"twitter_misc":{"Gesch\u00e4tzte Lesezeit":"1\u00a0Minute"},"schema":{"@context":"https:\/\/schema.org","@graph":[{"@type":"WebPage","@id":"https:\/\/bien-etreiris.ch\/de\/produktpraesentation\/aromatherapie\/aetherische-oele\/lavandes\/","url":"https:\/\/bien-etreiris.ch\/de\/produktpraesentation\/aromatherapie\/aetherische-oele\/lavandes\/","name":"LAVANDES - WOHLBEFINDEN","isPartOf":{"@id":"https:\/\/bien-etreiris.ch\/de\/#website"},"primaryImageOfPage":{"@id":"https:\/\/bien-etreiris.ch\/de\/produktpraesentation\/aromatherapie\/aetherische-oele\/lavandes\/#primaryimage"},"image":{"@id":"https:\/\/bien-etreiris.ch\/de\/produktpraesentation\/aromatherapie\/aetherische-oele\/lavandes\/#primaryimage"},"thumbnailUrl":"https:\/\/bien-etreiris.ch\/wp-content\/uploads\/2024\/09\/acceuil-lavandes.png","datePublished":"2023-10-11T07:02:09+00:00","dateModified":"2024-09-27T14:32:18+00:00","breadcrumb":{"@id":"https:\/\/bien-etreiris.ch\/de\/produktpraesentation\/aromatherapie\/aetherische-oele\/lavandes\/#breadcrumb"},"inLanguage":"de","potentialAction":[{"@type":"ReadAction","target":["https:\/\/bien-etreiris.ch\/de\/produktpraesentation\/aromatherapie\/aetherische-oele\/lavandes\/"]}]},{"@type":"ImageObject","inLanguage":"de","@id":"https:\/\/bien-etreiris.ch\/de\/produktpraesentation\/aromatherapie\/aetherische-oele\/lavandes\/#primaryimage","url":"https:\/\/bien-etreiris.ch\/wp-content\/uploads\/2024\/09\/acceuil-lavandes.png","contentUrl":"https:\/\/bien-etreiris.ch\/wp-content\/uploads\/2024\/09\/acceuil-lavandes.png","width":500,"height":305},{"@type":"BreadcrumbList","@id":"https:\/\/bien-etreiris.ch\/de\/produktpraesentation\/aromatherapie\/aetherische-oele\/lavandes\/#breadcrumb","itemListElement":[{"@type":"ListItem","position":1,"name":"Home","item":"https:\/\/bien-etreiris.ch\/de\/"},{"@type":"ListItem","position":2,"name":"PRODUKTPR\u00c4SENTATION","item":"https:\/\/bien-etreiris.ch\/de\/produktpraesentation\/"},{"@type":"ListItem","position":3,"name":"AROMATHERAPIE","item":"https:\/\/bien-etreiris.ch\/de\/produktpraesentation\/aromatherapie\/"},{"@type":"ListItem","position":4,"name":"\u00c4THERISCHE \u00d6LE","item":"https:\/\/bien-etreiris.ch\/de\/produktpraesentation\/aromatherapie\/aetherische-oele\/"},{"@type":"ListItem","position":5,"name":"LAVANDES"}]},{"@type":"WebSite","@id":"https:\/\/bien-etreiris.ch\/de\/#website","url":"https:\/\/bien-etreiris.ch\/de\/","name":"Bien-\u00eatre Iris","description":"IHRE Gesundheit ist uns wichtig","potentialAction":[{"@type":"SearchAction","target":{"@type":"EntryPoint","urlTemplate":"https:\/\/bien-etreiris.ch\/de\/?s={search_term_string}"},"query-input":{"@type":"PropertyValueSpecification","valueRequired":true,"valueName":"search_term_string"}}],"inLanguage":"de"}]}},"_links":{"self":[{"href":"https:\/\/bien-etreiris.ch\/de\/wp-json\/wp\/v2\/pages\/76743","targetHints":{"allow":["GET"]}}],"collection":[{"href":"https:\/\/bien-etreiris.ch\/de\/wp-json\/wp\/v2\/pages"}],"about":[{"href":"https:\/\/bien-etreiris.ch\/de\/wp-json\/wp\/v2\/types\/page"}],"author":[{"embeddable":true,"href":"https:\/\/bien-etreiris.ch\/de\/wp-json\/wp\/v2\/users\/1"}],"replies":[{"embeddable":true,"href":"https:\/\/bien-etreiris.ch\/de\/wp-json\/wp\/v2\/comments?post=76743"}],"version-history":[{"count":3,"href":"https:\/\/bien-etreiris.ch\/de\/wp-json\/wp\/v2\/pages\/76743\/revisions"}],"predecessor-version":[{"id":79601,"href":"https:\/\/bien-etreiris.ch\/de\/wp-json\/wp\/v2\/pages\/76743\/revisions\/79601"}],"up":[{"embeddable":true,"href":"https:\/\/bien-etreiris.ch\/de\/wp-json\/wp\/v2\/pages\/37429"}],"wp:featuredmedia":[{"embeddable":true,"href":"https:\/\/bien-etreiris.ch\/de\/wp-json\/wp\/v2\/media\/89749"}],"wp:attachment":[{"href":"https:\/\/bien-etreiris.ch\/de\/wp-json\/wp\/v2\/media?parent=76743"}],"curies":[{"name":"wp","href":"https:\/\/api.w.org\/{rel}","templated":true}]}}