{"id":76623,"date":"2023-10-08T19:21:31","date_gmt":"2023-10-08T17:21:31","guid":{"rendered":"https:\/\/bien-etreiris.ch\/produktpraesentation\/aromatherapie\/raeuchern\/divers-encens\/harze-und-balsame\/jerusalem\/"},"modified":"2023-10-08T19:23:21","modified_gmt":"2023-10-08T17:23:21","slug":"jerusalem","status":"publish","type":"page","link":"https:\/\/bien-etreiris.ch\/de\/produktpraesentation\/aromatherapie\/raeuchern\/divers-encens\/harze-und-balsame\/jerusalem\/","title":{"rendered":"JERUSALEM"},"content":{"rendered":"\n<h2>R\u00e9sine de J\u00e9rusalem<\/h2>\n<p><a href=\"https:\/\/bien-etreiris.ch\/de\/produktpraesentation\/aromatherapie\/raeuchern\/divers-encens\/harze-und-balsame\/jerusalem\/rasine-jerusalem-2\/\" rel=\"attachment wp-att-76614\"><img loading=\"lazy\" decoding=\"async\" class=\"wp-image-76614 alignleft\" src=\"https:\/\/bien-etreiris.ch\/wp-content\/uploads\/2023\/10\/Rasine-Jerusalem.jpg\" alt=\"\" width=\"273\" height=\"353\" srcset=\"https:\/\/bien-etreiris.ch\/wp-content\/uploads\/2023\/10\/Rasine-Jerusalem.jpg 1086w, https:\/\/bien-etreiris.ch\/wp-content\/uploads\/2023\/10\/Rasine-Jerusalem-232x300.jpg 232w, https:\/\/bien-etreiris.ch\/wp-content\/uploads\/2023\/10\/Rasine-Jerusalem-792x1024.jpg 792w, https:\/\/bien-etreiris.ch\/wp-content\/uploads\/2023\/10\/Rasine-Jerusalem-768x993.jpg 768w\" sizes=\"auto, (max-width: 273px) 100vw, 273px\" \/><\/a><\/p>\n<p>&nbsp;<\/p>\n<p>&nbsp;<\/p>\n<p>&nbsp;<\/p>\n<p>&nbsp;<\/p>\n<p>&nbsp;<\/p>\n<p>&nbsp;<\/p>\n<p>&nbsp;<\/p>\n<p>&nbsp;<\/p>\n<p>1 sachet \u00e0 10 g <strong>CHF 3.00<\/strong><\/p>\n<p>&nbsp;<\/p>\n<p>&nbsp;<\/p>\n<p>Les r\u00e9sine naturelles J\u00e9rusalem sont id\u00e9ales pour la cons\u00e9cration d'un lieu de pri\u00e8re.<\/p>\n<p>Cet encens est r\u00e9put\u00e9 pour accentuer les rituels de bougies et d'agir en faveur de ou des personnes qui prient. On attribue \u00e9galement \u00e0 r\u00e9sine J\u00e9rusalem la capacit\u00e9 d\u2019accro\u00eetre le d\u00e9sir et de vaincre les difficult\u00e9s. Favorise relaxation, r\u00e9flexion, m\u00e9ditation assainit et d\u00e9sodorise votre maison.<\/p>\n<p>&nbsp;<\/p>\n","protected":false},"excerpt":{"rendered":"<p>R\u00e9sine de J\u00e9rusalem &nbsp; &nbsp; &nbsp; &nbsp; &nbsp; &nbsp; &nbsp; &nbsp; 1 sachet \u00e0 10 g CHF 3.00 &nbsp; &nbsp; Les r\u00e9sine naturelles J\u00e9rusalem sont id\u00e9ales pour la cons\u00e9cration d'un lieu de pri\u00e8re. Cet encens est r\u00e9put\u00e9 pour accentuer les rituels de bougies et d'agir en faveur de ou des personnes qui prient. On attribue \u00e9galement \u00e0 r\u00e9sine J\u00e9rusalem la&nbsp;<a href=\"https:\/\/bien-etreiris.ch\/de\/produktpraesentation\/aromatherapie\/raeuchern\/divers-encens\/harze-und-balsame\/jerusalem\/\" class=\"read-more\">Weiter lesen<\/a><\/p>\n","protected":false},"author":1,"featured_media":76619,"parent":62711,"menu_order":2851,"comment_status":"closed","ping_status":"closed","template":"page-with-child.php","meta":{"_acf_changed":false,"ngg_post_thumbnail":0,"footnotes":""},"class_list":["post-76623","page","type-page","status-publish","has-post-thumbnail","hentry"],"acf":[],"yoast_head":"<!-- This site is optimized with the Yoast SEO plugin v27.5 - https:\/\/yoast.com\/product\/yoast-seo-wordpress\/ -->\n<title>JERUSALEM - WOHLBEFINDEN<\/title>\n<meta name=\"robots\" content=\"index, follow, max-snippet:-1, max-image-preview:large, max-video-preview:-1\" \/>\n<link rel=\"canonical\" href=\"https:\/\/bien-etreiris.ch\/de\/produktpraesentation\/aromatherapie\/raeuchern\/divers-encens\/harze-und-balsame\/jerusalem\/\" \/>\n<meta property=\"og:locale\" content=\"de_DE\" \/>\n<meta property=\"og:type\" content=\"article\" \/>\n<meta property=\"og:title\" content=\"JERUSALEM - WOHLBEFINDEN\" \/>\n<meta property=\"og:description\" content=\"R\u00e9sine de J\u00e9rusalem &nbsp; &nbsp; &nbsp; &nbsp; &nbsp; &nbsp; &nbsp; &nbsp; 1 sachet \u00e0 10 g CHF 3.00 &nbsp; &nbsp; Les r\u00e9sine naturelles J\u00e9rusalem sont id\u00e9ales pour la cons\u00e9cration d&#039;un lieu de pri\u00e8re. Cet encens est r\u00e9put\u00e9 pour accentuer les rituels de bougies et d&#039;agir en faveur de ou des personnes qui prient. On attribue \u00e9galement \u00e0 r\u00e9sine J\u00e9rusalem la&nbsp;Weiter lesen\" \/>\n<meta property=\"og:url\" content=\"https:\/\/bien-etreiris.ch\/de\/produktpraesentation\/aromatherapie\/raeuchern\/divers-encens\/harze-und-balsame\/jerusalem\/\" \/>\n<meta property=\"og:site_name\" content=\"WOHLBEFINDEN\" \/>\n<meta property=\"article:publisher\" content=\"https:\/\/www.facebook.com\/bienetreiris\/\" \/>\n<meta property=\"article:modified_time\" content=\"2023-10-08T17:23:21+00:00\" \/>\n<meta property=\"og:image\" content=\"https:\/\/bien-etreiris.ch\/wp-content\/uploads\/2023\/10\/acceuil-jerusalem.jpg\" \/>\n\t<meta property=\"og:image:width\" content=\"500\" \/>\n\t<meta property=\"og:image:height\" content=\"333\" \/>\n\t<meta property=\"og:image:type\" content=\"image\/jpeg\" \/>\n<meta name=\"twitter:label1\" content=\"Gesch\u00e4tzte Lesezeit\" \/>\n\t<meta name=\"twitter:data1\" content=\"1\u00a0Minute\" \/>\n<script type=\"application\/ld+json\" class=\"yoast-schema-graph\">{\"@context\":\"https:\\\/\\\/schema.org\",\"@graph\":[{\"@type\":\"WebPage\",\"@id\":\"https:\\\/\\\/bien-etreiris.ch\\\/de\\\/produktpraesentation\\\/aromatherapie\\\/raeuchern\\\/divers-encens\\\/harze-und-balsame\\\/jerusalem\\\/\",\"url\":\"https:\\\/\\\/bien-etreiris.ch\\\/de\\\/produktpraesentation\\\/aromatherapie\\\/raeuchern\\\/divers-encens\\\/harze-und-balsame\\\/jerusalem\\\/\",\"name\":\"JERUSALEM - WOHLBEFINDEN\",\"isPartOf\":{\"@id\":\"https:\\\/\\\/bien-etreiris.ch\\\/de\\\/#website\"},\"primaryImageOfPage\":{\"@id\":\"https:\\\/\\\/bien-etreiris.ch\\\/de\\\/produktpraesentation\\\/aromatherapie\\\/raeuchern\\\/divers-encens\\\/harze-und-balsame\\\/jerusalem\\\/#primaryimage\"},\"image\":{\"@id\":\"https:\\\/\\\/bien-etreiris.ch\\\/de\\\/produktpraesentation\\\/aromatherapie\\\/raeuchern\\\/divers-encens\\\/harze-und-balsame\\\/jerusalem\\\/#primaryimage\"},\"thumbnailUrl\":\"https:\\\/\\\/bien-etreiris.ch\\\/wp-content\\\/uploads\\\/2023\\\/10\\\/acceuil-jerusalem.jpg\",\"datePublished\":\"2023-10-08T17:21:31+00:00\",\"dateModified\":\"2023-10-08T17:23:21+00:00\",\"breadcrumb\":{\"@id\":\"https:\\\/\\\/bien-etreiris.ch\\\/de\\\/produktpraesentation\\\/aromatherapie\\\/raeuchern\\\/divers-encens\\\/harze-und-balsame\\\/jerusalem\\\/#breadcrumb\"},\"inLanguage\":\"de\",\"potentialAction\":[{\"@type\":\"ReadAction\",\"target\":[\"https:\\\/\\\/bien-etreiris.ch\\\/de\\\/produktpraesentation\\\/aromatherapie\\\/raeuchern\\\/divers-encens\\\/harze-und-balsame\\\/jerusalem\\\/\"]}]},{\"@type\":\"ImageObject\",\"inLanguage\":\"de\",\"@id\":\"https:\\\/\\\/bien-etreiris.ch\\\/de\\\/produktpraesentation\\\/aromatherapie\\\/raeuchern\\\/divers-encens\\\/harze-und-balsame\\\/jerusalem\\\/#primaryimage\",\"url\":\"https:\\\/\\\/bien-etreiris.ch\\\/wp-content\\\/uploads\\\/2023\\\/10\\\/acceuil-jerusalem.jpg\",\"contentUrl\":\"https:\\\/\\\/bien-etreiris.ch\\\/wp-content\\\/uploads\\\/2023\\\/10\\\/acceuil-jerusalem.jpg\",\"width\":500,\"height\":333},{\"@type\":\"BreadcrumbList\",\"@id\":\"https:\\\/\\\/bien-etreiris.ch\\\/de\\\/produktpraesentation\\\/aromatherapie\\\/raeuchern\\\/divers-encens\\\/harze-und-balsame\\\/jerusalem\\\/#breadcrumb\",\"itemListElement\":[{\"@type\":\"ListItem\",\"position\":1,\"name\":\"Home\",\"item\":\"https:\\\/\\\/bien-etreiris.ch\\\/de\\\/\"},{\"@type\":\"ListItem\",\"position\":2,\"name\":\"PRODUKTPR\u00c4SENTATION\",\"item\":\"https:\\\/\\\/bien-etreiris.ch\\\/de\\\/produktpraesentation\\\/\"},{\"@type\":\"ListItem\",\"position\":3,\"name\":\"AROMATHERAPIE\",\"item\":\"https:\\\/\\\/bien-etreiris.ch\\\/de\\\/produktpraesentation\\\/aromatherapie\\\/\"},{\"@type\":\"ListItem\",\"position\":4,\"name\":\"R\u00e4UCHERN\",\"item\":\"https:\\\/\\\/bien-etreiris.ch\\\/de\\\/produktpraesentation\\\/aromatherapie\\\/raeuchern\\\/\"},{\"@type\":\"ListItem\",\"position\":5,\"name\":\"R\u00c4UCHERSTOFFE\",\"item\":\"https:\\\/\\\/bien-etreiris.ch\\\/de\\\/produktpraesentation\\\/aromatherapie\\\/raeuchern\\\/divers-encens\\\/\"},{\"@type\":\"ListItem\",\"position\":6,\"name\":\"HARZE &#038; BALSAME\",\"item\":\"https:\\\/\\\/bien-etreiris.ch\\\/de\\\/produktpraesentation\\\/aromatherapie\\\/raeuchern\\\/divers-encens\\\/harze-und-balsame\\\/\"},{\"@type\":\"ListItem\",\"position\":7,\"name\":\"JERUSALEM\"}]},{\"@type\":\"WebSite\",\"@id\":\"https:\\\/\\\/bien-etreiris.ch\\\/de\\\/#website\",\"url\":\"https:\\\/\\\/bien-etreiris.ch\\\/de\\\/\",\"name\":\"Bien-\u00eatre Iris\",\"description\":\"IHRE Gesundheit ist uns wichtig\",\"potentialAction\":[{\"@type\":\"SearchAction\",\"target\":{\"@type\":\"EntryPoint\",\"urlTemplate\":\"https:\\\/\\\/bien-etreiris.ch\\\/de\\\/?s={search_term_string}\"},\"query-input\":{\"@type\":\"PropertyValueSpecification\",\"valueRequired\":true,\"valueName\":\"search_term_string\"}}],\"inLanguage\":\"de\"}]}<\/script>\n<!-- \/ Yoast SEO plugin. -->","yoast_head_json":{"title":"JERUSALEM - WOHLBEFINDEN","robots":{"index":"index","follow":"follow","max-snippet":"max-snippet:-1","max-image-preview":"max-image-preview:large","max-video-preview":"max-video-preview:-1"},"canonical":"https:\/\/bien-etreiris.ch\/de\/produktpraesentation\/aromatherapie\/raeuchern\/divers-encens\/harze-und-balsame\/jerusalem\/","og_locale":"de_DE","og_type":"article","og_title":"JERUSALEM - WOHLBEFINDEN","og_description":"R\u00e9sine de J\u00e9rusalem &nbsp; &nbsp; &nbsp; &nbsp; &nbsp; &nbsp; &nbsp; &nbsp; 1 sachet \u00e0 10 g CHF 3.00 &nbsp; &nbsp; Les r\u00e9sine naturelles J\u00e9rusalem sont id\u00e9ales pour la cons\u00e9cration d'un lieu de pri\u00e8re. Cet encens est r\u00e9put\u00e9 pour accentuer les rituels de bougies et d'agir en faveur de ou des personnes qui prient. On attribue \u00e9galement \u00e0 r\u00e9sine J\u00e9rusalem la&nbsp;Weiter lesen","og_url":"https:\/\/bien-etreiris.ch\/de\/produktpraesentation\/aromatherapie\/raeuchern\/divers-encens\/harze-und-balsame\/jerusalem\/","og_site_name":"WOHLBEFINDEN","article_publisher":"https:\/\/www.facebook.com\/bienetreiris\/","article_modified_time":"2023-10-08T17:23:21+00:00","og_image":[{"width":500,"height":333,"url":"https:\/\/bien-etreiris.ch\/wp-content\/uploads\/2023\/10\/acceuil-jerusalem.jpg","type":"image\/jpeg"}],"twitter_misc":{"Gesch\u00e4tzte Lesezeit":"1\u00a0Minute"},"schema":{"@context":"https:\/\/schema.org","@graph":[{"@type":"WebPage","@id":"https:\/\/bien-etreiris.ch\/de\/produktpraesentation\/aromatherapie\/raeuchern\/divers-encens\/harze-und-balsame\/jerusalem\/","url":"https:\/\/bien-etreiris.ch\/de\/produktpraesentation\/aromatherapie\/raeuchern\/divers-encens\/harze-und-balsame\/jerusalem\/","name":"JERUSALEM - WOHLBEFINDEN","isPartOf":{"@id":"https:\/\/bien-etreiris.ch\/de\/#website"},"primaryImageOfPage":{"@id":"https:\/\/bien-etreiris.ch\/de\/produktpraesentation\/aromatherapie\/raeuchern\/divers-encens\/harze-und-balsame\/jerusalem\/#primaryimage"},"image":{"@id":"https:\/\/bien-etreiris.ch\/de\/produktpraesentation\/aromatherapie\/raeuchern\/divers-encens\/harze-und-balsame\/jerusalem\/#primaryimage"},"thumbnailUrl":"https:\/\/bien-etreiris.ch\/wp-content\/uploads\/2023\/10\/acceuil-jerusalem.jpg","datePublished":"2023-10-08T17:21:31+00:00","dateModified":"2023-10-08T17:23:21+00:00","breadcrumb":{"@id":"https:\/\/bien-etreiris.ch\/de\/produktpraesentation\/aromatherapie\/raeuchern\/divers-encens\/harze-und-balsame\/jerusalem\/#breadcrumb"},"inLanguage":"de","potentialAction":[{"@type":"ReadAction","target":["https:\/\/bien-etreiris.ch\/de\/produktpraesentation\/aromatherapie\/raeuchern\/divers-encens\/harze-und-balsame\/jerusalem\/"]}]},{"@type":"ImageObject","inLanguage":"de","@id":"https:\/\/bien-etreiris.ch\/de\/produktpraesentation\/aromatherapie\/raeuchern\/divers-encens\/harze-und-balsame\/jerusalem\/#primaryimage","url":"https:\/\/bien-etreiris.ch\/wp-content\/uploads\/2023\/10\/acceuil-jerusalem.jpg","contentUrl":"https:\/\/bien-etreiris.ch\/wp-content\/uploads\/2023\/10\/acceuil-jerusalem.jpg","width":500,"height":333},{"@type":"BreadcrumbList","@id":"https:\/\/bien-etreiris.ch\/de\/produktpraesentation\/aromatherapie\/raeuchern\/divers-encens\/harze-und-balsame\/jerusalem\/#breadcrumb","itemListElement":[{"@type":"ListItem","position":1,"name":"Home","item":"https:\/\/bien-etreiris.ch\/de\/"},{"@type":"ListItem","position":2,"name":"PRODUKTPR\u00c4SENTATION","item":"https:\/\/bien-etreiris.ch\/de\/produktpraesentation\/"},{"@type":"ListItem","position":3,"name":"AROMATHERAPIE","item":"https:\/\/bien-etreiris.ch\/de\/produktpraesentation\/aromatherapie\/"},{"@type":"ListItem","position":4,"name":"R\u00e4UCHERN","item":"https:\/\/bien-etreiris.ch\/de\/produktpraesentation\/aromatherapie\/raeuchern\/"},{"@type":"ListItem","position":5,"name":"R\u00c4UCHERSTOFFE","item":"https:\/\/bien-etreiris.ch\/de\/produktpraesentation\/aromatherapie\/raeuchern\/divers-encens\/"},{"@type":"ListItem","position":6,"name":"HARZE &#038; BALSAME","item":"https:\/\/bien-etreiris.ch\/de\/produktpraesentation\/aromatherapie\/raeuchern\/divers-encens\/harze-und-balsame\/"},{"@type":"ListItem","position":7,"name":"JERUSALEM"}]},{"@type":"WebSite","@id":"https:\/\/bien-etreiris.ch\/de\/#website","url":"https:\/\/bien-etreiris.ch\/de\/","name":"Bien-\u00eatre Iris","description":"IHRE Gesundheit ist uns wichtig","potentialAction":[{"@type":"SearchAction","target":{"@type":"EntryPoint","urlTemplate":"https:\/\/bien-etreiris.ch\/de\/?s={search_term_string}"},"query-input":{"@type":"PropertyValueSpecification","valueRequired":true,"valueName":"search_term_string"}}],"inLanguage":"de"}]}},"_links":{"self":[{"href":"https:\/\/bien-etreiris.ch\/de\/wp-json\/wp\/v2\/pages\/76623","targetHints":{"allow":["GET"]}}],"collection":[{"href":"https:\/\/bien-etreiris.ch\/de\/wp-json\/wp\/v2\/pages"}],"about":[{"href":"https:\/\/bien-etreiris.ch\/de\/wp-json\/wp\/v2\/types\/page"}],"author":[{"embeddable":true,"href":"https:\/\/bien-etreiris.ch\/de\/wp-json\/wp\/v2\/users\/1"}],"replies":[{"embeddable":true,"href":"https:\/\/bien-etreiris.ch\/de\/wp-json\/wp\/v2\/comments?post=76623"}],"version-history":[{"count":4,"href":"https:\/\/bien-etreiris.ch\/de\/wp-json\/wp\/v2\/pages\/76623\/revisions"}],"predecessor-version":[{"id":76635,"href":"https:\/\/bien-etreiris.ch\/de\/wp-json\/wp\/v2\/pages\/76623\/revisions\/76635"}],"up":[{"embeddable":true,"href":"https:\/\/bien-etreiris.ch\/de\/wp-json\/wp\/v2\/pages\/62711"}],"wp:featuredmedia":[{"embeddable":true,"href":"https:\/\/bien-etreiris.ch\/de\/wp-json\/wp\/v2\/media\/76619"}],"wp:attachment":[{"href":"https:\/\/bien-etreiris.ch\/de\/wp-json\/wp\/v2\/media?parent=76623"}],"curies":[{"name":"wp","href":"https:\/\/api.w.org\/{rel}","templated":true}]}}