{"id":76546,"date":"2023-10-08T14:07:32","date_gmt":"2023-10-08T12:07:32","guid":{"rendered":"https:\/\/bien-etreiris.ch\/produktpraesentation\/aromatherapie\/raeuchern\/divers-encens\/harze-und-balsame\/76533-2\/"},"modified":"2023-10-08T14:08:49","modified_gmt":"2023-10-08T12:08:49","slug":"myrrhe","status":"publish","type":"page","link":"https:\/\/bien-etreiris.ch\/de\/produktpraesentation\/aromatherapie\/raeuchern\/divers-encens\/harze-und-balsame\/myrrhe\/","title":{"rendered":"MYRRHE"},"content":{"rendered":"\n<h2>Myrrhe<\/h2>\n<p>&nbsp;<\/p>\n\n\n<p><a href=\"https:\/\/bien-etreiris.ch\/de\/produktpraesentation\/aromatherapie\/raeuchern\/divers-encens\/harze-und-balsame\/myrrhe\/myhrre-2\/\" rel=\"attachment wp-att-76534\"><img loading=\"lazy\" decoding=\"async\" class=\"wp-image-76534 aligncenter\" src=\"https:\/\/bien-etreiris.ch\/wp-content\/uploads\/2023\/10\/Myhrre.png\" alt=\"\" width=\"322\" height=\"297\"><\/a>&nbsp;<\/p>\n<p>&nbsp;<\/p>\n<p>&nbsp;<\/p>\n<p><a href=\"https:\/\/bien-etreiris.ch\/de\/produktpraesentation\/aromatherapie\/raeuchern\/divers-encens\/harze-und-balsame\/myrrhe\/sachet-myrrhe-2\/\" rel=\"attachment wp-att-76537\"><img loading=\"lazy\" decoding=\"async\" class=\"wp-image-76537 alignleft\" src=\"https:\/\/bien-etreiris.ch\/wp-content\/uploads\/2023\/10\/sachet-Myrrhe.jpg\" alt=\"\" width=\"449\" height=\"628\" srcset=\"https:\/\/bien-etreiris.ch\/wp-content\/uploads\/2023\/10\/sachet-Myrrhe.jpg 1155w, https:\/\/bien-etreiris.ch\/wp-content\/uploads\/2023\/10\/sachet-Myrrhe-215x300.jpg 215w, https:\/\/bien-etreiris.ch\/wp-content\/uploads\/2023\/10\/sachet-Myrrhe-732x1024.jpg 732w, https:\/\/bien-etreiris.ch\/wp-content\/uploads\/2023\/10\/sachet-Myrrhe-768x1074.jpg 768w, https:\/\/bien-etreiris.ch\/wp-content\/uploads\/2023\/10\/sachet-Myrrhe-1099x1536.jpg 1099w\" sizes=\"auto, (max-width: 449px) 100vw, 449px\" \/><\/a><\/p>\n<p>&nbsp;<\/p>\n<p>&nbsp;<\/p>\n<p>&nbsp;<\/p>\n<p>&nbsp;<\/p>\n<p>&nbsp;<\/p>\n<p>&nbsp;<\/p>\n<p>&nbsp;<\/p>\n<p>&nbsp;<\/p>\n<p>&nbsp;<\/p>\n<p>&nbsp;<\/p>\n<p>&nbsp;<\/p>\n<p>&nbsp;<\/p>\n<p>&nbsp;<\/p>\n<p>1 sachet de 10 g <strong>CHF 3.00<\/strong><\/p>\n<p>&nbsp;<\/p>\n<p>&nbsp;<\/p>\n<p>&nbsp;<\/p>\n<p>La myrrhe est une gomme-r\u00e9sine aromatique produite par l\u2019arbre \u00e0 Myrrhe (commiphora myrrha ou commiphora molmol), appel\u00e9 aussi \u00ab myrrhe \u00bb. Elle est utilis\u00e9e en m\u00e9decine ayurv\u00e9dique dans le traitement de l\u2019ob\u00e9sit\u00e9, de l\u2019arthrite rhumato\u00efde et des maladies li\u00e9es \u00e0 l\u2019accumulation de toxines. En Afrique, la m\u00e9decine traditionnelle l\u2019utilisait dans le traitement des parasitoses. En m\u00e9decine occidentale, on a recours \u00e0 ses propri\u00e9t\u00e9s th\u00e9rapeutiques dans le traitement des cancers du sein, de la prostate et du syst\u00e8me digestif. La tradition de br\u00fbler de la r\u00e9sine de myrrhe lors de certains rituels remonte d\u00e9j\u00e0 \u00e0 de nombreux si\u00e8cles.<\/p>","protected":false},"excerpt":{"rendered":"<p>Myrrhe &nbsp; &nbsp; &nbsp; &nbsp; &nbsp; &nbsp; &nbsp; &nbsp; &nbsp; &nbsp; &nbsp; &nbsp; &nbsp; &nbsp; &nbsp; &nbsp; &nbsp; 1 sachet de 10 g CHF 3.00 &nbsp; &nbsp; &nbsp; La myrrhe est une gomme-r\u00e9sine aromatique produite par l\u2019arbre \u00e0 Myrrhe (commiphora myrrha ou commiphora molmol), appel\u00e9 aussi \u00ab myrrhe \u00bb. Elle est utilis\u00e9e en m\u00e9decine ayurv\u00e9dique dans le traitement de l\u2019ob\u00e9sit\u00e9,&nbsp;<a href=\"https:\/\/bien-etreiris.ch\/de\/produktpraesentation\/aromatherapie\/raeuchern\/divers-encens\/harze-und-balsame\/myrrhe\/\" class=\"read-more\">Weiter lesen<\/a><\/p>\n","protected":false},"author":1,"featured_media":76542,"parent":62711,"menu_order":2860,"comment_status":"closed","ping_status":"closed","template":"page-with-child.php","meta":{"_acf_changed":false,"ngg_post_thumbnail":0,"footnotes":""},"class_list":["post-76546","page","type-page","status-publish","has-post-thumbnail","hentry"],"acf":[],"yoast_head":"<!-- This site is optimized with the Yoast SEO plugin v27.5 - https:\/\/yoast.com\/product\/yoast-seo-wordpress\/ -->\n<title>MYRRHE - WOHLBEFINDEN<\/title>\n<meta name=\"robots\" content=\"index, follow, max-snippet:-1, max-image-preview:large, max-video-preview:-1\" \/>\n<link rel=\"canonical\" href=\"https:\/\/bien-etreiris.ch\/de\/produktpraesentation\/aromatherapie\/raeuchern\/divers-encens\/harze-und-balsame\/myrrhe\/\" \/>\n<meta property=\"og:locale\" content=\"de_DE\" \/>\n<meta property=\"og:type\" content=\"article\" \/>\n<meta property=\"og:title\" content=\"MYRRHE - WOHLBEFINDEN\" \/>\n<meta property=\"og:description\" content=\"Myrrhe &nbsp; &nbsp; &nbsp; &nbsp; &nbsp; &nbsp; &nbsp; &nbsp; &nbsp; &nbsp; &nbsp; &nbsp; &nbsp; &nbsp; &nbsp; &nbsp; &nbsp; 1 sachet de 10 g CHF 3.00 &nbsp; &nbsp; &nbsp; La myrrhe est une gomme-r\u00e9sine aromatique produite par l\u2019arbre \u00e0 Myrrhe (commiphora myrrha ou commiphora molmol), appel\u00e9 aussi \u00ab myrrhe \u00bb. Elle est utilis\u00e9e en m\u00e9decine ayurv\u00e9dique dans le traitement de l\u2019ob\u00e9sit\u00e9,&nbsp;Weiter lesen\" \/>\n<meta property=\"og:url\" content=\"https:\/\/bien-etreiris.ch\/de\/produktpraesentation\/aromatherapie\/raeuchern\/divers-encens\/harze-und-balsame\/myrrhe\/\" \/>\n<meta property=\"og:site_name\" content=\"WOHLBEFINDEN\" \/>\n<meta property=\"article:publisher\" content=\"https:\/\/www.facebook.com\/bienetreiris\/\" \/>\n<meta property=\"article:modified_time\" content=\"2023-10-08T12:08:49+00:00\" \/>\n<meta property=\"og:image\" content=\"https:\/\/bien-etreiris.ch\/wp-content\/uploads\/2023\/10\/acceuil-Myrrhe.png\" \/>\n\t<meta property=\"og:image:width\" content=\"368\" \/>\n\t<meta property=\"og:image:height\" content=\"237\" \/>\n\t<meta property=\"og:image:type\" content=\"image\/png\" \/>\n<meta name=\"twitter:label1\" content=\"Gesch\u00e4tzte Lesezeit\" \/>\n\t<meta name=\"twitter:data1\" content=\"1\u00a0Minute\" \/>\n<script type=\"application\/ld+json\" class=\"yoast-schema-graph\">{\"@context\":\"https:\\\/\\\/schema.org\",\"@graph\":[{\"@type\":\"WebPage\",\"@id\":\"https:\\\/\\\/bien-etreiris.ch\\\/de\\\/produktpraesentation\\\/aromatherapie\\\/raeuchern\\\/divers-encens\\\/harze-und-balsame\\\/myrrhe\\\/\",\"url\":\"https:\\\/\\\/bien-etreiris.ch\\\/de\\\/produktpraesentation\\\/aromatherapie\\\/raeuchern\\\/divers-encens\\\/harze-und-balsame\\\/myrrhe\\\/\",\"name\":\"MYRRHE - WOHLBEFINDEN\",\"isPartOf\":{\"@id\":\"https:\\\/\\\/bien-etreiris.ch\\\/de\\\/#website\"},\"primaryImageOfPage\":{\"@id\":\"https:\\\/\\\/bien-etreiris.ch\\\/de\\\/produktpraesentation\\\/aromatherapie\\\/raeuchern\\\/divers-encens\\\/harze-und-balsame\\\/myrrhe\\\/#primaryimage\"},\"image\":{\"@id\":\"https:\\\/\\\/bien-etreiris.ch\\\/de\\\/produktpraesentation\\\/aromatherapie\\\/raeuchern\\\/divers-encens\\\/harze-und-balsame\\\/myrrhe\\\/#primaryimage\"},\"thumbnailUrl\":\"https:\\\/\\\/bien-etreiris.ch\\\/wp-content\\\/uploads\\\/2023\\\/10\\\/acceuil-Myrrhe.png\",\"datePublished\":\"2023-10-08T12:07:32+00:00\",\"dateModified\":\"2023-10-08T12:08:49+00:00\",\"breadcrumb\":{\"@id\":\"https:\\\/\\\/bien-etreiris.ch\\\/de\\\/produktpraesentation\\\/aromatherapie\\\/raeuchern\\\/divers-encens\\\/harze-und-balsame\\\/myrrhe\\\/#breadcrumb\"},\"inLanguage\":\"de\",\"potentialAction\":[{\"@type\":\"ReadAction\",\"target\":[\"https:\\\/\\\/bien-etreiris.ch\\\/de\\\/produktpraesentation\\\/aromatherapie\\\/raeuchern\\\/divers-encens\\\/harze-und-balsame\\\/myrrhe\\\/\"]}]},{\"@type\":\"ImageObject\",\"inLanguage\":\"de\",\"@id\":\"https:\\\/\\\/bien-etreiris.ch\\\/de\\\/produktpraesentation\\\/aromatherapie\\\/raeuchern\\\/divers-encens\\\/harze-und-balsame\\\/myrrhe\\\/#primaryimage\",\"url\":\"https:\\\/\\\/bien-etreiris.ch\\\/wp-content\\\/uploads\\\/2023\\\/10\\\/acceuil-Myrrhe.png\",\"contentUrl\":\"https:\\\/\\\/bien-etreiris.ch\\\/wp-content\\\/uploads\\\/2023\\\/10\\\/acceuil-Myrrhe.png\",\"width\":368,\"height\":237},{\"@type\":\"BreadcrumbList\",\"@id\":\"https:\\\/\\\/bien-etreiris.ch\\\/de\\\/produktpraesentation\\\/aromatherapie\\\/raeuchern\\\/divers-encens\\\/harze-und-balsame\\\/myrrhe\\\/#breadcrumb\",\"itemListElement\":[{\"@type\":\"ListItem\",\"position\":1,\"name\":\"Home\",\"item\":\"https:\\\/\\\/bien-etreiris.ch\\\/de\\\/\"},{\"@type\":\"ListItem\",\"position\":2,\"name\":\"PRODUKTPR\u00c4SENTATION\",\"item\":\"https:\\\/\\\/bien-etreiris.ch\\\/de\\\/produktpraesentation\\\/\"},{\"@type\":\"ListItem\",\"position\":3,\"name\":\"AROMATHERAPIE\",\"item\":\"https:\\\/\\\/bien-etreiris.ch\\\/de\\\/produktpraesentation\\\/aromatherapie\\\/\"},{\"@type\":\"ListItem\",\"position\":4,\"name\":\"R\u00e4UCHERN\",\"item\":\"https:\\\/\\\/bien-etreiris.ch\\\/de\\\/produktpraesentation\\\/aromatherapie\\\/raeuchern\\\/\"},{\"@type\":\"ListItem\",\"position\":5,\"name\":\"R\u00c4UCHERSTOFFE\",\"item\":\"https:\\\/\\\/bien-etreiris.ch\\\/de\\\/produktpraesentation\\\/aromatherapie\\\/raeuchern\\\/divers-encens\\\/\"},{\"@type\":\"ListItem\",\"position\":6,\"name\":\"HARZE &#038; BALSAME\",\"item\":\"https:\\\/\\\/bien-etreiris.ch\\\/de\\\/produktpraesentation\\\/aromatherapie\\\/raeuchern\\\/divers-encens\\\/harze-und-balsame\\\/\"},{\"@type\":\"ListItem\",\"position\":7,\"name\":\"MYRRHE\"}]},{\"@type\":\"WebSite\",\"@id\":\"https:\\\/\\\/bien-etreiris.ch\\\/de\\\/#website\",\"url\":\"https:\\\/\\\/bien-etreiris.ch\\\/de\\\/\",\"name\":\"Bien-\u00eatre Iris\",\"description\":\"IHRE Gesundheit ist uns wichtig\",\"potentialAction\":[{\"@type\":\"SearchAction\",\"target\":{\"@type\":\"EntryPoint\",\"urlTemplate\":\"https:\\\/\\\/bien-etreiris.ch\\\/de\\\/?s={search_term_string}\"},\"query-input\":{\"@type\":\"PropertyValueSpecification\",\"valueRequired\":true,\"valueName\":\"search_term_string\"}}],\"inLanguage\":\"de\"}]}<\/script>\n<!-- \/ Yoast SEO plugin. -->","yoast_head_json":{"title":"MYRRHE - WOHLBEFINDEN","robots":{"index":"index","follow":"follow","max-snippet":"max-snippet:-1","max-image-preview":"max-image-preview:large","max-video-preview":"max-video-preview:-1"},"canonical":"https:\/\/bien-etreiris.ch\/de\/produktpraesentation\/aromatherapie\/raeuchern\/divers-encens\/harze-und-balsame\/myrrhe\/","og_locale":"de_DE","og_type":"article","og_title":"MYRRHE - WOHLBEFINDEN","og_description":"Myrrhe &nbsp; &nbsp; &nbsp; &nbsp; &nbsp; &nbsp; &nbsp; &nbsp; &nbsp; &nbsp; &nbsp; &nbsp; &nbsp; &nbsp; &nbsp; &nbsp; &nbsp; 1 sachet de 10 g CHF 3.00 &nbsp; &nbsp; &nbsp; La myrrhe est une gomme-r\u00e9sine aromatique produite par l\u2019arbre \u00e0 Myrrhe (commiphora myrrha ou commiphora molmol), appel\u00e9 aussi \u00ab myrrhe \u00bb. Elle est utilis\u00e9e en m\u00e9decine ayurv\u00e9dique dans le traitement de l\u2019ob\u00e9sit\u00e9,&nbsp;Weiter lesen","og_url":"https:\/\/bien-etreiris.ch\/de\/produktpraesentation\/aromatherapie\/raeuchern\/divers-encens\/harze-und-balsame\/myrrhe\/","og_site_name":"WOHLBEFINDEN","article_publisher":"https:\/\/www.facebook.com\/bienetreiris\/","article_modified_time":"2023-10-08T12:08:49+00:00","og_image":[{"width":368,"height":237,"url":"https:\/\/bien-etreiris.ch\/wp-content\/uploads\/2023\/10\/acceuil-Myrrhe.png","type":"image\/png"}],"twitter_misc":{"Gesch\u00e4tzte Lesezeit":"1\u00a0Minute"},"schema":{"@context":"https:\/\/schema.org","@graph":[{"@type":"WebPage","@id":"https:\/\/bien-etreiris.ch\/de\/produktpraesentation\/aromatherapie\/raeuchern\/divers-encens\/harze-und-balsame\/myrrhe\/","url":"https:\/\/bien-etreiris.ch\/de\/produktpraesentation\/aromatherapie\/raeuchern\/divers-encens\/harze-und-balsame\/myrrhe\/","name":"MYRRHE - WOHLBEFINDEN","isPartOf":{"@id":"https:\/\/bien-etreiris.ch\/de\/#website"},"primaryImageOfPage":{"@id":"https:\/\/bien-etreiris.ch\/de\/produktpraesentation\/aromatherapie\/raeuchern\/divers-encens\/harze-und-balsame\/myrrhe\/#primaryimage"},"image":{"@id":"https:\/\/bien-etreiris.ch\/de\/produktpraesentation\/aromatherapie\/raeuchern\/divers-encens\/harze-und-balsame\/myrrhe\/#primaryimage"},"thumbnailUrl":"https:\/\/bien-etreiris.ch\/wp-content\/uploads\/2023\/10\/acceuil-Myrrhe.png","datePublished":"2023-10-08T12:07:32+00:00","dateModified":"2023-10-08T12:08:49+00:00","breadcrumb":{"@id":"https:\/\/bien-etreiris.ch\/de\/produktpraesentation\/aromatherapie\/raeuchern\/divers-encens\/harze-und-balsame\/myrrhe\/#breadcrumb"},"inLanguage":"de","potentialAction":[{"@type":"ReadAction","target":["https:\/\/bien-etreiris.ch\/de\/produktpraesentation\/aromatherapie\/raeuchern\/divers-encens\/harze-und-balsame\/myrrhe\/"]}]},{"@type":"ImageObject","inLanguage":"de","@id":"https:\/\/bien-etreiris.ch\/de\/produktpraesentation\/aromatherapie\/raeuchern\/divers-encens\/harze-und-balsame\/myrrhe\/#primaryimage","url":"https:\/\/bien-etreiris.ch\/wp-content\/uploads\/2023\/10\/acceuil-Myrrhe.png","contentUrl":"https:\/\/bien-etreiris.ch\/wp-content\/uploads\/2023\/10\/acceuil-Myrrhe.png","width":368,"height":237},{"@type":"BreadcrumbList","@id":"https:\/\/bien-etreiris.ch\/de\/produktpraesentation\/aromatherapie\/raeuchern\/divers-encens\/harze-und-balsame\/myrrhe\/#breadcrumb","itemListElement":[{"@type":"ListItem","position":1,"name":"Home","item":"https:\/\/bien-etreiris.ch\/de\/"},{"@type":"ListItem","position":2,"name":"PRODUKTPR\u00c4SENTATION","item":"https:\/\/bien-etreiris.ch\/de\/produktpraesentation\/"},{"@type":"ListItem","position":3,"name":"AROMATHERAPIE","item":"https:\/\/bien-etreiris.ch\/de\/produktpraesentation\/aromatherapie\/"},{"@type":"ListItem","position":4,"name":"R\u00e4UCHERN","item":"https:\/\/bien-etreiris.ch\/de\/produktpraesentation\/aromatherapie\/raeuchern\/"},{"@type":"ListItem","position":5,"name":"R\u00c4UCHERSTOFFE","item":"https:\/\/bien-etreiris.ch\/de\/produktpraesentation\/aromatherapie\/raeuchern\/divers-encens\/"},{"@type":"ListItem","position":6,"name":"HARZE &#038; BALSAME","item":"https:\/\/bien-etreiris.ch\/de\/produktpraesentation\/aromatherapie\/raeuchern\/divers-encens\/harze-und-balsame\/"},{"@type":"ListItem","position":7,"name":"MYRRHE"}]},{"@type":"WebSite","@id":"https:\/\/bien-etreiris.ch\/de\/#website","url":"https:\/\/bien-etreiris.ch\/de\/","name":"Bien-\u00eatre Iris","description":"IHRE Gesundheit ist uns wichtig","potentialAction":[{"@type":"SearchAction","target":{"@type":"EntryPoint","urlTemplate":"https:\/\/bien-etreiris.ch\/de\/?s={search_term_string}"},"query-input":{"@type":"PropertyValueSpecification","valueRequired":true,"valueName":"search_term_string"}}],"inLanguage":"de"}]}},"_links":{"self":[{"href":"https:\/\/bien-etreiris.ch\/de\/wp-json\/wp\/v2\/pages\/76546","targetHints":{"allow":["GET"]}}],"collection":[{"href":"https:\/\/bien-etreiris.ch\/de\/wp-json\/wp\/v2\/pages"}],"about":[{"href":"https:\/\/bien-etreiris.ch\/de\/wp-json\/wp\/v2\/types\/page"}],"author":[{"embeddable":true,"href":"https:\/\/bien-etreiris.ch\/de\/wp-json\/wp\/v2\/users\/1"}],"replies":[{"embeddable":true,"href":"https:\/\/bien-etreiris.ch\/de\/wp-json\/wp\/v2\/comments?post=76546"}],"version-history":[{"count":4,"href":"https:\/\/bien-etreiris.ch\/de\/wp-json\/wp\/v2\/pages\/76546\/revisions"}],"predecessor-version":[{"id":76558,"href":"https:\/\/bien-etreiris.ch\/de\/wp-json\/wp\/v2\/pages\/76546\/revisions\/76558"}],"up":[{"embeddable":true,"href":"https:\/\/bien-etreiris.ch\/de\/wp-json\/wp\/v2\/pages\/62711"}],"wp:featuredmedia":[{"embeddable":true,"href":"https:\/\/bien-etreiris.ch\/de\/wp-json\/wp\/v2\/media\/76542"}],"wp:attachment":[{"href":"https:\/\/bien-etreiris.ch\/de\/wp-json\/wp\/v2\/media?parent=76546"}],"curies":[{"name":"wp","href":"https:\/\/api.w.org\/{rel}","templated":true}]}}