{"id":76460,"date":"2023-10-06T21:12:47","date_gmt":"2023-10-06T19:12:47","guid":{"rendered":"https:\/\/bien-etreiris.ch\/produktpraesentation\/wohlfuehl-duefte\/natuerliche-parfuems\/song-of-india\/"},"modified":"2023-10-08T09:55:11","modified_gmt":"2023-10-08T07:55:11","slug":"song-of-india","status":"publish","type":"page","link":"https:\/\/bien-etreiris.ch\/de\/produktpraesentation\/wohlfuehl-duefte\/natuerliche-parfuems\/song-of-india\/","title":{"rendered":"SONG OF INDIA"},"content":{"rendered":"<h2>DUFTENDENTE \u00d6LE<\/h2>\n<p>Song of India Natural Frangrant Oil wird aus reinen \u00e4therischen \u00d6len hergestellt, die aus Bl\u00fcten, Bl\u00e4ttern, Wurzeln und Holz gewonnen werden. Dies sind die am l\u00e4ngsten anhaltenden D\u00fcfte der Welt. Sie sind sehr lange haltbar, 5-10-15 Jahre. Wenn sie \u00e4lter werden, reifen sie und werden dunkler, dichter und angenehmer im Duft.<br \/>\nR-Expo (Indien) stellt seit 1932 Parf\u00fcm\u00f6le her. Die Tradition wurde in unserer Familie Mathur bis zur heutigen vierten Generation weitergegeben. Unser st\u00e4ndiges Bestreben ist es, D\u00fcfte zu kreieren und zu produzieren, die den menschlichen Geruchssinn ansprechen. Wir haben uns bem\u00fcht, scharfe T\u00f6ne oder starke, irritierende D\u00fcfte zu vermeiden. Mit unerm\u00fcdlichem Einsatz sind wir in der Lage, all unseren gesch\u00e4tzten Kunden weltweit die angenehmsten und sanftesten D\u00fcfte zu pr\u00e4sentieren.<br \/>\nGenie\u00dfen Sie den sch\u00f6nen Duft. Kochen Sie in Aroma-Lampen. Bum in Aroma Rings, f\u00fcgen Sie zu Ihrem Lieblings-Massage-\u00d6l, reiben Sie ein wenig in Ihren Handfl\u00e4chen und klopfen Sie sanft auf Ihre Freizeitkleidung, Bettlaken oder Vorh\u00e4nge.<\/p>\n<p>&nbsp;<\/p>\n<p>&nbsp;<\/p>\n<h2>Amber<\/h2>\n<p><a href=\"https:\/\/bien-etreiris.ch\/de\/produktpraesentation\/wohlfuehl-duefte\/natuerliche-parfuems\/song-of-india\/ambe-2-2\/\" rel=\"attachment wp-att-76399\"><img loading=\"lazy\" decoding=\"async\" class=\"wp-image-76448  alignleft\" src=\"https:\/\/bien-etreiris.ch\/wp-content\/uploads\/2023\/10\/Ambe-2.jpg\" alt=\"\" width=\"257\" height=\"541\" srcset=\"https:\/\/bien-etreiris.ch\/wp-content\/uploads\/2023\/10\/Ambe-2.jpg 304w, https:\/\/bien-etreiris.ch\/wp-content\/uploads\/2023\/10\/Ambe-2-143x300.jpg 143w\" sizes=\"auto, (max-width: 257px) 100vw, 257px\" \/><\/a><\/p>\n<p>&nbsp;<\/p>\n<p>&nbsp;<\/p>\n<p>&nbsp;<\/p>\n<p>&nbsp;<\/p>\n<p>&nbsp;<\/p>\n<p>&nbsp;<\/p>\n<p>&nbsp;<\/p>\n<p>&nbsp;<\/p>\n<p>&nbsp;<\/p>\n<p>&nbsp;<\/p>\n<p>&nbsp;<\/p>\n<p>&nbsp;<\/p>\n<p>&nbsp;<\/p>\n<p>10 ml CHF 15.00<\/p>\n<p>&nbsp;<\/p>\n<p>&nbsp;<\/p>\n<p>&nbsp;<\/p>\n<hr>\n<h2>Frangipani<\/h2>\n<p><a href=\"https:\/\/bien-etreiris.ch\/de\/produktpraesentation\/wohlfuehl-duefte\/natuerliche-parfuems\/song-of-india\/frangipani-2-2\/\" rel=\"attachment wp-att-76403\"><img loading=\"lazy\" decoding=\"async\" class=\"wp-image-76453  alignleft\" src=\"https:\/\/bien-etreiris.ch\/wp-content\/uploads\/2023\/10\/Frangipani-2.jpg\" alt=\"\" width=\"263\" height=\"520\" srcset=\"https:\/\/bien-etreiris.ch\/wp-content\/uploads\/2023\/10\/Frangipani-2.jpg 324w, https:\/\/bien-etreiris.ch\/wp-content\/uploads\/2023\/10\/Frangipani-2-152x300.jpg 152w\" sizes=\"auto, (max-width: 263px) 100vw, 263px\" \/><\/a><\/p>\n<p>&nbsp;<\/p>\n<p>&nbsp;<\/p>\n<p>&nbsp;<\/p>\n<p>&nbsp;<\/p>\n<p>&nbsp;<\/p>\n<p>&nbsp;<\/p>\n<p>&nbsp;<\/p>\n<p>&nbsp;<\/p>\n<p>&nbsp;<\/p>\n<p>&nbsp;<\/p>\n<p>&nbsp;<\/p>\n<p>&nbsp;<\/p>\n<p>10 ml CHF 15.00<\/p>\n<p>&nbsp;<\/p>\n<p>&nbsp;<\/p>\n<p>&nbsp;<\/p>\n<hr>\n<h2>Jasmine<\/h2>\n<p><a href=\"https:\/\/bien-etreiris.ch\/de\/produktpraesentation\/wohlfuehl-duefte\/natuerliche-parfuems\/song-of-india\/jasmin-4-2\/\" rel=\"attachment wp-att-76408\"><img loading=\"lazy\" decoding=\"async\" class=\"wp-image-76421  alignleft\" src=\"https:\/\/bien-etreiris.ch\/wp-content\/uploads\/2023\/10\/Jasmin.bmp\" alt=\"\" width=\"255\" height=\"468\" srcset=\"https:\/\/bien-etreiris.ch\/wp-content\/uploads\/2023\/10\/Jasmin.bmp 274w, https:\/\/bien-etreiris.ch\/wp-content\/uploads\/2023\/10\/Jasmin-163x300.jpg 163w\" sizes=\"auto, (max-width: 255px) 100vw, 255px\" \/><\/a><\/p>\n<p>&nbsp;<\/p>\n<p>&nbsp;<\/p>\n<p>&nbsp;<\/p>\n<p>&nbsp;<\/p>\n<p>&nbsp;<\/p>\n<p>&nbsp;<\/p>\n<p>&nbsp;<\/p>\n<p>&nbsp;<\/p>\n<p>&nbsp;<\/p>\n<p>&nbsp;<\/p>\n<p>&nbsp;<\/p>\n<p>10 ml CHF 15.00<\/p>\n<p>&nbsp;<\/p>\n<p>&nbsp;<\/p>\n<p>&nbsp;<\/p>\n<hr>\n<h2>Krishna Musk<\/h2>\n<p><a href=\"https:\/\/bien-etreiris.ch\/de\/produktpraesentation\/wohlfuehl-duefte\/natuerliche-parfuems\/song-of-india\/musk-2\/\" rel=\"attachment wp-att-76411\"><img loading=\"lazy\" decoding=\"async\" class=\"wp-image-76411 alignleft\" src=\"https:\/\/bien-etreiris.ch\/wp-content\/uploads\/2023\/10\/musk.jpg\" alt=\"\" width=\"258\" height=\"471\" srcset=\"https:\/\/bien-etreiris.ch\/wp-content\/uploads\/2023\/10\/musk.jpg 275w, https:\/\/bien-etreiris.ch\/wp-content\/uploads\/2023\/10\/musk-164x300.jpg 164w\" sizes=\"auto, (max-width: 258px) 100vw, 258px\" \/><\/a><\/p>\n<p>&nbsp;<\/p>\n<p>&nbsp;<\/p>\n<p>&nbsp;<\/p>\n<p>&nbsp;<\/p>\n<p>&nbsp;<\/p>\n<p>&nbsp;<\/p>\n<p>&nbsp;<\/p>\n<p>&nbsp;<\/p>\n<p>&nbsp;<\/p>\n<p>&nbsp;<\/p>\n<p>&nbsp;<\/p>\n<p>10 ml CHF 15.00<\/p>\n<p>&nbsp;<\/p>\n<p>&nbsp;<\/p>\n<hr>\n<h2>Patchouli<\/h2>\n<p><a href=\"https:\/\/bien-etreiris.ch\/de\/produktpraesentation\/wohlfuehl-duefte\/natuerliche-parfuems\/song-of-india\/patchouli-3-2\/\" rel=\"attachment wp-att-76435\"><img loading=\"lazy\" decoding=\"async\" class=\"wp-image-76435 alignleft\" src=\"https:\/\/bien-etreiris.ch\/wp-content\/uploads\/2023\/10\/patchouli.jpg\" alt=\"\" width=\"258\" height=\"420\" srcset=\"https:\/\/bien-etreiris.ch\/wp-content\/uploads\/2023\/10\/patchouli.jpg 381w, https:\/\/bien-etreiris.ch\/wp-content\/uploads\/2023\/10\/patchouli-184x300.jpg 184w\" sizes=\"auto, (max-width: 258px) 100vw, 258px\" \/><\/a><\/p>\n<p>&nbsp;<\/p>\n<p>&nbsp;<\/p>\n<p>&nbsp;<\/p>\n<p>&nbsp;<\/p>\n<p>&nbsp;<\/p>\n<p>&nbsp;<\/p>\n<p>&nbsp;<\/p>\n<p>&nbsp;<\/p>\n<p>&nbsp;<\/p>\n<p>&nbsp;<\/p>\n<p>10 ml <strong>CHF 15.00<\/strong><\/p>\n<p>&nbsp;<\/p>\n<p>&nbsp;<\/p>\n<p>&nbsp;<\/p>\n<hr>\n<h2>Rose<\/h2>\n<p><a href=\"https:\/\/bien-etreiris.ch\/de\/produktpraesentation\/wohlfuehl-duefte\/natuerliche-parfuems\/song-of-india\/rose-3-2\/\" rel=\"attachment wp-att-76440\"><img loading=\"lazy\" decoding=\"async\" class=\"wp-image-76443  alignleft\" src=\"https:\/\/bien-etreiris.ch\/wp-content\/uploads\/2023\/10\/rose-1.jpg\" alt=\"\" width=\"257\" height=\"400\" srcset=\"https:\/\/bien-etreiris.ch\/wp-content\/uploads\/2023\/10\/rose-1.jpg 411w, https:\/\/bien-etreiris.ch\/wp-content\/uploads\/2023\/10\/rose-1-193x300.jpg 193w\" sizes=\"auto, (max-width: 257px) 100vw, 257px\" \/><\/a><\/p>\n<p>&nbsp;<\/p>\n<p>&nbsp;<\/p>\n<p>&nbsp;<\/p>\n<p>&nbsp;<\/p>\n<p>&nbsp;<\/p>\n<p>&nbsp;<\/p>\n<p>&nbsp;<\/p>\n<p>&nbsp;<\/p>\n<p>&nbsp;<\/p>\n<p>10 ml <strong>CHF 15.00<\/strong><\/p>\n<p>&nbsp;<\/p>\n<p>&nbsp;<\/p>\n<p>&nbsp;<\/p>\n<p>&nbsp;<\/p>\n","protected":false},"excerpt":{"rendered":"<p>DUFTENDENTE \u00d6LE Song of India Natural Frangrant Oil wird aus reinen \u00e4therischen \u00d6len hergestellt, die aus Bl\u00fcten, Bl\u00e4ttern, Wurzeln und Holz gewonnen werden. Dies sind die am l\u00e4ngsten anhaltenden D\u00fcfte der Welt. Sie sind sehr lange haltbar, 5-10-15 Jahre. Wenn sie \u00e4lter werden, reifen sie und werden dunkler, dichter und angenehmer im Duft. R-Expo (Indien) stellt seit 1932 Parf\u00fcm\u00f6le her.&nbsp;<a href=\"https:\/\/bien-etreiris.ch\/de\/produktpraesentation\/wohlfuehl-duefte\/natuerliche-parfuems\/song-of-india\/\" class=\"read-more\">Weiter lesen<\/a><\/p>\n","protected":false},"author":1,"featured_media":76369,"parent":38816,"menu_order":2872,"comment_status":"closed","ping_status":"closed","template":"page-with-child.php","meta":{"_acf_changed":false,"ngg_post_thumbnail":0,"footnotes":""},"class_list":["post-76460","page","type-page","status-publish","has-post-thumbnail","hentry"],"acf":[],"yoast_head":"<!-- This site is optimized with the Yoast SEO plugin v27.5 - https:\/\/yoast.com\/product\/yoast-seo-wordpress\/ -->\n<title>SONG OF INDIA - WOHLBEFINDEN<\/title>\n<meta name=\"robots\" content=\"index, follow, max-snippet:-1, max-image-preview:large, max-video-preview:-1\" \/>\n<link rel=\"canonical\" href=\"https:\/\/bien-etreiris.ch\/de\/produktpraesentation\/wohlfuehl-duefte\/natuerliche-parfuems\/song-of-india\/\" \/>\n<meta property=\"og:locale\" content=\"de_DE\" \/>\n<meta property=\"og:type\" content=\"article\" \/>\n<meta property=\"og:title\" content=\"SONG OF INDIA - WOHLBEFINDEN\" \/>\n<meta property=\"og:description\" content=\"DUFTENDENTE \u00d6LE Song of India Natural Frangrant Oil wird aus reinen \u00e4therischen \u00d6len hergestellt, die aus Bl\u00fcten, Bl\u00e4ttern, Wurzeln und Holz gewonnen werden. Dies sind die am l\u00e4ngsten anhaltenden D\u00fcfte der Welt. Sie sind sehr lange haltbar, 5-10-15 Jahre. Wenn sie \u00e4lter werden, reifen sie und werden dunkler, dichter und angenehmer im Duft. R-Expo (Indien) stellt seit 1932 Parf\u00fcm\u00f6le her.&nbsp;Weiter lesen\" \/>\n<meta property=\"og:url\" content=\"https:\/\/bien-etreiris.ch\/de\/produktpraesentation\/wohlfuehl-duefte\/natuerliche-parfuems\/song-of-india\/\" \/>\n<meta property=\"og:site_name\" content=\"WOHLBEFINDEN\" \/>\n<meta property=\"article:publisher\" content=\"https:\/\/www.facebook.com\/bienetreiris\/\" \/>\n<meta property=\"article:modified_time\" content=\"2023-10-08T07:55:11+00:00\" \/>\n<meta property=\"og:image\" content=\"https:\/\/bien-etreiris.ch\/wp-content\/uploads\/2023\/10\/song-of-india.jpg\" \/>\n\t<meta property=\"og:image:width\" content=\"500\" \/>\n\t<meta property=\"og:image:height\" content=\"333\" \/>\n\t<meta property=\"og:image:type\" content=\"image\/jpeg\" \/>\n<meta name=\"twitter:label1\" content=\"Gesch\u00e4tzte Lesezeit\" \/>\n\t<meta name=\"twitter:data1\" content=\"3\u00a0Minuten\" \/>\n<script type=\"application\/ld+json\" class=\"yoast-schema-graph\">{\"@context\":\"https:\\\/\\\/schema.org\",\"@graph\":[{\"@type\":\"WebPage\",\"@id\":\"https:\\\/\\\/bien-etreiris.ch\\\/de\\\/produktpraesentation\\\/wohlfuehl-duefte\\\/natuerliche-parfuems\\\/song-of-india\\\/\",\"url\":\"https:\\\/\\\/bien-etreiris.ch\\\/de\\\/produktpraesentation\\\/wohlfuehl-duefte\\\/natuerliche-parfuems\\\/song-of-india\\\/\",\"name\":\"SONG OF INDIA - WOHLBEFINDEN\",\"isPartOf\":{\"@id\":\"https:\\\/\\\/bien-etreiris.ch\\\/de\\\/#website\"},\"primaryImageOfPage\":{\"@id\":\"https:\\\/\\\/bien-etreiris.ch\\\/de\\\/produktpraesentation\\\/wohlfuehl-duefte\\\/natuerliche-parfuems\\\/song-of-india\\\/#primaryimage\"},\"image\":{\"@id\":\"https:\\\/\\\/bien-etreiris.ch\\\/de\\\/produktpraesentation\\\/wohlfuehl-duefte\\\/natuerliche-parfuems\\\/song-of-india\\\/#primaryimage\"},\"thumbnailUrl\":\"https:\\\/\\\/bien-etreiris.ch\\\/wp-content\\\/uploads\\\/2023\\\/10\\\/song-of-india.jpg\",\"datePublished\":\"2023-10-06T19:12:47+00:00\",\"dateModified\":\"2023-10-08T07:55:11+00:00\",\"breadcrumb\":{\"@id\":\"https:\\\/\\\/bien-etreiris.ch\\\/de\\\/produktpraesentation\\\/wohlfuehl-duefte\\\/natuerliche-parfuems\\\/song-of-india\\\/#breadcrumb\"},\"inLanguage\":\"de\",\"potentialAction\":[{\"@type\":\"ReadAction\",\"target\":[\"https:\\\/\\\/bien-etreiris.ch\\\/de\\\/produktpraesentation\\\/wohlfuehl-duefte\\\/natuerliche-parfuems\\\/song-of-india\\\/\"]}]},{\"@type\":\"ImageObject\",\"inLanguage\":\"de\",\"@id\":\"https:\\\/\\\/bien-etreiris.ch\\\/de\\\/produktpraesentation\\\/wohlfuehl-duefte\\\/natuerliche-parfuems\\\/song-of-india\\\/#primaryimage\",\"url\":\"https:\\\/\\\/bien-etreiris.ch\\\/wp-content\\\/uploads\\\/2023\\\/10\\\/song-of-india.jpg\",\"contentUrl\":\"https:\\\/\\\/bien-etreiris.ch\\\/wp-content\\\/uploads\\\/2023\\\/10\\\/song-of-india.jpg\",\"width\":500,\"height\":333},{\"@type\":\"BreadcrumbList\",\"@id\":\"https:\\\/\\\/bien-etreiris.ch\\\/de\\\/produktpraesentation\\\/wohlfuehl-duefte\\\/natuerliche-parfuems\\\/song-of-india\\\/#breadcrumb\",\"itemListElement\":[{\"@type\":\"ListItem\",\"position\":1,\"name\":\"Home\",\"item\":\"https:\\\/\\\/bien-etreiris.ch\\\/de\\\/\"},{\"@type\":\"ListItem\",\"position\":2,\"name\":\"PRODUKTPR\u00c4SENTATION\",\"item\":\"https:\\\/\\\/bien-etreiris.ch\\\/de\\\/produktpraesentation\\\/\"},{\"@type\":\"ListItem\",\"position\":3,\"name\":\"WOHLF\u00dcHL-D\u00dcFTE\",\"item\":\"https:\\\/\\\/bien-etreiris.ch\\\/de\\\/produktpraesentation\\\/wohlfuehl-duefte\\\/\"},{\"@type\":\"ListItem\",\"position\":4,\"name\":\"NAT\u00dcRLICHE PARF\u00dcMS\",\"item\":\"https:\\\/\\\/bien-etreiris.ch\\\/de\\\/produktpraesentation\\\/wohlfuehl-duefte\\\/natuerliche-parfuems\\\/\"},{\"@type\":\"ListItem\",\"position\":5,\"name\":\"SONG OF INDIA\"}]},{\"@type\":\"WebSite\",\"@id\":\"https:\\\/\\\/bien-etreiris.ch\\\/de\\\/#website\",\"url\":\"https:\\\/\\\/bien-etreiris.ch\\\/de\\\/\",\"name\":\"Bien-\u00eatre Iris\",\"description\":\"IHRE Gesundheit ist uns wichtig\",\"potentialAction\":[{\"@type\":\"SearchAction\",\"target\":{\"@type\":\"EntryPoint\",\"urlTemplate\":\"https:\\\/\\\/bien-etreiris.ch\\\/de\\\/?s={search_term_string}\"},\"query-input\":{\"@type\":\"PropertyValueSpecification\",\"valueRequired\":true,\"valueName\":\"search_term_string\"}}],\"inLanguage\":\"de\"}]}<\/script>\n<!-- \/ Yoast SEO plugin. -->","yoast_head_json":{"title":"SONG OF INDIA - WOHLBEFINDEN","robots":{"index":"index","follow":"follow","max-snippet":"max-snippet:-1","max-image-preview":"max-image-preview:large","max-video-preview":"max-video-preview:-1"},"canonical":"https:\/\/bien-etreiris.ch\/de\/produktpraesentation\/wohlfuehl-duefte\/natuerliche-parfuems\/song-of-india\/","og_locale":"de_DE","og_type":"article","og_title":"SONG OF INDIA - WOHLBEFINDEN","og_description":"DUFTENDENTE \u00d6LE Song of India Natural Frangrant Oil wird aus reinen \u00e4therischen \u00d6len hergestellt, die aus Bl\u00fcten, Bl\u00e4ttern, Wurzeln und Holz gewonnen werden. Dies sind die am l\u00e4ngsten anhaltenden D\u00fcfte der Welt. Sie sind sehr lange haltbar, 5-10-15 Jahre. Wenn sie \u00e4lter werden, reifen sie und werden dunkler, dichter und angenehmer im Duft. R-Expo (Indien) stellt seit 1932 Parf\u00fcm\u00f6le her.&nbsp;Weiter lesen","og_url":"https:\/\/bien-etreiris.ch\/de\/produktpraesentation\/wohlfuehl-duefte\/natuerliche-parfuems\/song-of-india\/","og_site_name":"WOHLBEFINDEN","article_publisher":"https:\/\/www.facebook.com\/bienetreiris\/","article_modified_time":"2023-10-08T07:55:11+00:00","og_image":[{"width":500,"height":333,"url":"https:\/\/bien-etreiris.ch\/wp-content\/uploads\/2023\/10\/song-of-india.jpg","type":"image\/jpeg"}],"twitter_misc":{"Gesch\u00e4tzte Lesezeit":"3\u00a0Minuten"},"schema":{"@context":"https:\/\/schema.org","@graph":[{"@type":"WebPage","@id":"https:\/\/bien-etreiris.ch\/de\/produktpraesentation\/wohlfuehl-duefte\/natuerliche-parfuems\/song-of-india\/","url":"https:\/\/bien-etreiris.ch\/de\/produktpraesentation\/wohlfuehl-duefte\/natuerliche-parfuems\/song-of-india\/","name":"SONG OF INDIA - WOHLBEFINDEN","isPartOf":{"@id":"https:\/\/bien-etreiris.ch\/de\/#website"},"primaryImageOfPage":{"@id":"https:\/\/bien-etreiris.ch\/de\/produktpraesentation\/wohlfuehl-duefte\/natuerliche-parfuems\/song-of-india\/#primaryimage"},"image":{"@id":"https:\/\/bien-etreiris.ch\/de\/produktpraesentation\/wohlfuehl-duefte\/natuerliche-parfuems\/song-of-india\/#primaryimage"},"thumbnailUrl":"https:\/\/bien-etreiris.ch\/wp-content\/uploads\/2023\/10\/song-of-india.jpg","datePublished":"2023-10-06T19:12:47+00:00","dateModified":"2023-10-08T07:55:11+00:00","breadcrumb":{"@id":"https:\/\/bien-etreiris.ch\/de\/produktpraesentation\/wohlfuehl-duefte\/natuerliche-parfuems\/song-of-india\/#breadcrumb"},"inLanguage":"de","potentialAction":[{"@type":"ReadAction","target":["https:\/\/bien-etreiris.ch\/de\/produktpraesentation\/wohlfuehl-duefte\/natuerliche-parfuems\/song-of-india\/"]}]},{"@type":"ImageObject","inLanguage":"de","@id":"https:\/\/bien-etreiris.ch\/de\/produktpraesentation\/wohlfuehl-duefte\/natuerliche-parfuems\/song-of-india\/#primaryimage","url":"https:\/\/bien-etreiris.ch\/wp-content\/uploads\/2023\/10\/song-of-india.jpg","contentUrl":"https:\/\/bien-etreiris.ch\/wp-content\/uploads\/2023\/10\/song-of-india.jpg","width":500,"height":333},{"@type":"BreadcrumbList","@id":"https:\/\/bien-etreiris.ch\/de\/produktpraesentation\/wohlfuehl-duefte\/natuerliche-parfuems\/song-of-india\/#breadcrumb","itemListElement":[{"@type":"ListItem","position":1,"name":"Home","item":"https:\/\/bien-etreiris.ch\/de\/"},{"@type":"ListItem","position":2,"name":"PRODUKTPR\u00c4SENTATION","item":"https:\/\/bien-etreiris.ch\/de\/produktpraesentation\/"},{"@type":"ListItem","position":3,"name":"WOHLF\u00dcHL-D\u00dcFTE","item":"https:\/\/bien-etreiris.ch\/de\/produktpraesentation\/wohlfuehl-duefte\/"},{"@type":"ListItem","position":4,"name":"NAT\u00dcRLICHE PARF\u00dcMS","item":"https:\/\/bien-etreiris.ch\/de\/produktpraesentation\/wohlfuehl-duefte\/natuerliche-parfuems\/"},{"@type":"ListItem","position":5,"name":"SONG OF INDIA"}]},{"@type":"WebSite","@id":"https:\/\/bien-etreiris.ch\/de\/#website","url":"https:\/\/bien-etreiris.ch\/de\/","name":"Bien-\u00eatre Iris","description":"IHRE Gesundheit ist uns wichtig","potentialAction":[{"@type":"SearchAction","target":{"@type":"EntryPoint","urlTemplate":"https:\/\/bien-etreiris.ch\/de\/?s={search_term_string}"},"query-input":{"@type":"PropertyValueSpecification","valueRequired":true,"valueName":"search_term_string"}}],"inLanguage":"de"}]}},"_links":{"self":[{"href":"https:\/\/bien-etreiris.ch\/de\/wp-json\/wp\/v2\/pages\/76460","targetHints":{"allow":["GET"]}}],"collection":[{"href":"https:\/\/bien-etreiris.ch\/de\/wp-json\/wp\/v2\/pages"}],"about":[{"href":"https:\/\/bien-etreiris.ch\/de\/wp-json\/wp\/v2\/types\/page"}],"author":[{"embeddable":true,"href":"https:\/\/bien-etreiris.ch\/de\/wp-json\/wp\/v2\/users\/1"}],"replies":[{"embeddable":true,"href":"https:\/\/bien-etreiris.ch\/de\/wp-json\/wp\/v2\/comments?post=76460"}],"version-history":[{"count":3,"href":"https:\/\/bien-etreiris.ch\/de\/wp-json\/wp\/v2\/pages\/76460\/revisions"}],"predecessor-version":[{"id":76466,"href":"https:\/\/bien-etreiris.ch\/de\/wp-json\/wp\/v2\/pages\/76460\/revisions\/76466"}],"up":[{"embeddable":true,"href":"https:\/\/bien-etreiris.ch\/de\/wp-json\/wp\/v2\/pages\/38816"}],"wp:featuredmedia":[{"embeddable":true,"href":"https:\/\/bien-etreiris.ch\/de\/wp-json\/wp\/v2\/media\/76369"}],"wp:attachment":[{"href":"https:\/\/bien-etreiris.ch\/de\/wp-json\/wp\/v2\/media?parent=76460"}],"curies":[{"name":"wp","href":"https:\/\/api.w.org\/{rel}","templated":true}]}}