{"id":76379,"date":"2023-10-06T21:46:36","date_gmt":"2023-10-06T19:46:36","guid":{"rendered":"https:\/\/bien-etreiris.ch\/produktpraesentation\/wohlfuehl-duefte\/natuerliche-parfuems\/damascena\/"},"modified":"2023-10-06T21:51:12","modified_gmt":"2023-10-06T19:51:12","slug":"damascena","status":"publish","type":"page","link":"https:\/\/bien-etreiris.ch\/de\/produktpraesentation\/wohlfuehl-duefte\/natuerliche-parfuems\/damascena\/","title":{"rendered":"DAMASCENA"},"content":{"rendered":"\n<h2>Parfums naturel sur base huileuse<\/h2>\n\n\n<p>&nbsp;<\/p>\n<p><a href=\"https:\/\/bien-etreiris.ch\/wp-content\/uploads\/2023\/03\/rose-de-Damascena.jpg\"><img loading=\"lazy\" decoding=\"async\" class=\" wp-image-67683 alignleft\" src=\"https:\/\/bien-etreiris.ch\/wp-content\/uploads\/2023\/03\/rose-de-Damascena.jpg\" alt=\"\" width=\"379\" height=\"258\" srcset=\"https:\/\/bien-etreiris.ch\/wp-content\/uploads\/2023\/03\/rose-de-Damascena.jpg 700w, https:\/\/bien-etreiris.ch\/wp-content\/uploads\/2023\/03\/rose-de-Damascena-300x204.jpg 300w\" sizes=\"auto, (max-width: 379px) 100vw, 379px\" \/><\/a><\/p>\n<p>&nbsp;<\/p>\n<p>&nbsp;<\/p>\n<p>&nbsp;<\/p>\n<p>&nbsp;<\/p>\n<p>10 ml <strong>CHF 29.00<\/strong><\/p>\n<p>&nbsp;<\/p>\n<p>&nbsp;<\/p>\n<p>Parfum \u00e0 bille avec des composants nobles comme l'huile de rose, l'absolue de rose, l'huile de bois de santal, etc. \u00e0 base d'huile de jojoba bio.<\/p>\n<p>Ce noble parfum naturel de rose \u00e0 bille est harmonisant, relaxant &amp; \u00e9quilibrant et offre des moments merveilleux.<\/p>","protected":false},"excerpt":{"rendered":"<p>Parfums naturel sur base huileuse &nbsp; &nbsp; &nbsp; &nbsp; &nbsp; 10 ml CHF 29.00 &nbsp; &nbsp; Parfum \u00e0 bille avec des composants nobles comme l'huile de rose, l'absolue de rose, l'huile de bois de santal, etc. \u00e0 base d'huile de jojoba bio. Ce noble parfum naturel de rose \u00e0 bille est harmonisant, relaxant &amp; \u00e9quilibrant et offre des moments merveilleux.<\/p>\n","protected":false},"author":1,"featured_media":76375,"parent":38816,"menu_order":2867,"comment_status":"closed","ping_status":"closed","template":"page-with-child.php","meta":{"_acf_changed":false,"ngg_post_thumbnail":0,"footnotes":""},"class_list":["post-76379","page","type-page","status-publish","has-post-thumbnail","hentry"],"acf":[],"yoast_head":"<!-- This site is optimized with the Yoast SEO plugin v27.5 - https:\/\/yoast.com\/product\/yoast-seo-wordpress\/ -->\n<title>DAMASCENA - WOHLBEFINDEN<\/title>\n<meta name=\"robots\" content=\"index, follow, max-snippet:-1, max-image-preview:large, max-video-preview:-1\" \/>\n<link rel=\"canonical\" href=\"https:\/\/bien-etreiris.ch\/de\/produktpraesentation\/wohlfuehl-duefte\/natuerliche-parfuems\/damascena\/\" \/>\n<meta property=\"og:locale\" content=\"de_DE\" \/>\n<meta property=\"og:type\" content=\"article\" \/>\n<meta property=\"og:title\" content=\"DAMASCENA - WOHLBEFINDEN\" \/>\n<meta property=\"og:description\" content=\"Parfums naturel sur base huileuse &nbsp; &nbsp; &nbsp; &nbsp; &nbsp; 10 ml CHF 29.00 &nbsp; &nbsp; Parfum \u00e0 bille avec des composants nobles comme l&#039;huile de rose, l&#039;absolue de rose, l&#039;huile de bois de santal, etc. \u00e0 base d&#039;huile de jojoba bio. Ce noble parfum naturel de rose \u00e0 bille est harmonisant, relaxant &amp; \u00e9quilibrant et offre des moments merveilleux.\" \/>\n<meta property=\"og:url\" content=\"https:\/\/bien-etreiris.ch\/de\/produktpraesentation\/wohlfuehl-duefte\/natuerliche-parfuems\/damascena\/\" \/>\n<meta property=\"og:site_name\" content=\"WOHLBEFINDEN\" \/>\n<meta property=\"article:publisher\" content=\"https:\/\/www.facebook.com\/bienetreiris\/\" \/>\n<meta property=\"article:modified_time\" content=\"2023-10-06T19:51:12+00:00\" \/>\n<meta property=\"og:image\" content=\"https:\/\/bien-etreiris.ch\/wp-content\/uploads\/2023\/10\/Damascena.jpg\" \/>\n\t<meta property=\"og:image:width\" content=\"500\" \/>\n\t<meta property=\"og:image:height\" content=\"333\" \/>\n\t<meta property=\"og:image:type\" content=\"image\/jpeg\" \/>\n<meta name=\"twitter:label1\" content=\"Gesch\u00e4tzte Lesezeit\" \/>\n\t<meta name=\"twitter:data1\" content=\"1\u00a0Minute\" \/>\n<script type=\"application\/ld+json\" class=\"yoast-schema-graph\">{\"@context\":\"https:\\\/\\\/schema.org\",\"@graph\":[{\"@type\":\"WebPage\",\"@id\":\"https:\\\/\\\/bien-etreiris.ch\\\/de\\\/produktpraesentation\\\/wohlfuehl-duefte\\\/natuerliche-parfuems\\\/damascena\\\/\",\"url\":\"https:\\\/\\\/bien-etreiris.ch\\\/de\\\/produktpraesentation\\\/wohlfuehl-duefte\\\/natuerliche-parfuems\\\/damascena\\\/\",\"name\":\"DAMASCENA - WOHLBEFINDEN\",\"isPartOf\":{\"@id\":\"https:\\\/\\\/bien-etreiris.ch\\\/de\\\/#website\"},\"primaryImageOfPage\":{\"@id\":\"https:\\\/\\\/bien-etreiris.ch\\\/de\\\/produktpraesentation\\\/wohlfuehl-duefte\\\/natuerliche-parfuems\\\/damascena\\\/#primaryimage\"},\"image\":{\"@id\":\"https:\\\/\\\/bien-etreiris.ch\\\/de\\\/produktpraesentation\\\/wohlfuehl-duefte\\\/natuerliche-parfuems\\\/damascena\\\/#primaryimage\"},\"thumbnailUrl\":\"https:\\\/\\\/bien-etreiris.ch\\\/wp-content\\\/uploads\\\/2023\\\/10\\\/Damascena.jpg\",\"datePublished\":\"2023-10-06T19:46:36+00:00\",\"dateModified\":\"2023-10-06T19:51:12+00:00\",\"breadcrumb\":{\"@id\":\"https:\\\/\\\/bien-etreiris.ch\\\/de\\\/produktpraesentation\\\/wohlfuehl-duefte\\\/natuerliche-parfuems\\\/damascena\\\/#breadcrumb\"},\"inLanguage\":\"de\",\"potentialAction\":[{\"@type\":\"ReadAction\",\"target\":[\"https:\\\/\\\/bien-etreiris.ch\\\/de\\\/produktpraesentation\\\/wohlfuehl-duefte\\\/natuerliche-parfuems\\\/damascena\\\/\"]}]},{\"@type\":\"ImageObject\",\"inLanguage\":\"de\",\"@id\":\"https:\\\/\\\/bien-etreiris.ch\\\/de\\\/produktpraesentation\\\/wohlfuehl-duefte\\\/natuerliche-parfuems\\\/damascena\\\/#primaryimage\",\"url\":\"https:\\\/\\\/bien-etreiris.ch\\\/wp-content\\\/uploads\\\/2023\\\/10\\\/Damascena.jpg\",\"contentUrl\":\"https:\\\/\\\/bien-etreiris.ch\\\/wp-content\\\/uploads\\\/2023\\\/10\\\/Damascena.jpg\",\"width\":500,\"height\":333},{\"@type\":\"BreadcrumbList\",\"@id\":\"https:\\\/\\\/bien-etreiris.ch\\\/de\\\/produktpraesentation\\\/wohlfuehl-duefte\\\/natuerliche-parfuems\\\/damascena\\\/#breadcrumb\",\"itemListElement\":[{\"@type\":\"ListItem\",\"position\":1,\"name\":\"Home\",\"item\":\"https:\\\/\\\/bien-etreiris.ch\\\/de\\\/\"},{\"@type\":\"ListItem\",\"position\":2,\"name\":\"PRODUKTPR\u00c4SENTATION\",\"item\":\"https:\\\/\\\/bien-etreiris.ch\\\/de\\\/produktpraesentation\\\/\"},{\"@type\":\"ListItem\",\"position\":3,\"name\":\"WOHLF\u00dcHL-D\u00dcFTE\",\"item\":\"https:\\\/\\\/bien-etreiris.ch\\\/de\\\/produktpraesentation\\\/wohlfuehl-duefte\\\/\"},{\"@type\":\"ListItem\",\"position\":4,\"name\":\"NAT\u00dcRLICHE PARF\u00dcMS\",\"item\":\"https:\\\/\\\/bien-etreiris.ch\\\/de\\\/produktpraesentation\\\/wohlfuehl-duefte\\\/natuerliche-parfuems\\\/\"},{\"@type\":\"ListItem\",\"position\":5,\"name\":\"DAMASCENA\"}]},{\"@type\":\"WebSite\",\"@id\":\"https:\\\/\\\/bien-etreiris.ch\\\/de\\\/#website\",\"url\":\"https:\\\/\\\/bien-etreiris.ch\\\/de\\\/\",\"name\":\"Bien-\u00eatre Iris\",\"description\":\"IHRE Gesundheit ist uns wichtig\",\"potentialAction\":[{\"@type\":\"SearchAction\",\"target\":{\"@type\":\"EntryPoint\",\"urlTemplate\":\"https:\\\/\\\/bien-etreiris.ch\\\/de\\\/?s={search_term_string}\"},\"query-input\":{\"@type\":\"PropertyValueSpecification\",\"valueRequired\":true,\"valueName\":\"search_term_string\"}}],\"inLanguage\":\"de\"}]}<\/script>\n<!-- \/ Yoast SEO plugin. -->","yoast_head_json":{"title":"DAMASCENA - WOHLBEFINDEN","robots":{"index":"index","follow":"follow","max-snippet":"max-snippet:-1","max-image-preview":"max-image-preview:large","max-video-preview":"max-video-preview:-1"},"canonical":"https:\/\/bien-etreiris.ch\/de\/produktpraesentation\/wohlfuehl-duefte\/natuerliche-parfuems\/damascena\/","og_locale":"de_DE","og_type":"article","og_title":"DAMASCENA - WOHLBEFINDEN","og_description":"Parfums naturel sur base huileuse &nbsp; &nbsp; &nbsp; &nbsp; &nbsp; 10 ml CHF 29.00 &nbsp; &nbsp; Parfum \u00e0 bille avec des composants nobles comme l'huile de rose, l'absolue de rose, l'huile de bois de santal, etc. \u00e0 base d'huile de jojoba bio. Ce noble parfum naturel de rose \u00e0 bille est harmonisant, relaxant &amp; \u00e9quilibrant et offre des moments merveilleux.","og_url":"https:\/\/bien-etreiris.ch\/de\/produktpraesentation\/wohlfuehl-duefte\/natuerliche-parfuems\/damascena\/","og_site_name":"WOHLBEFINDEN","article_publisher":"https:\/\/www.facebook.com\/bienetreiris\/","article_modified_time":"2023-10-06T19:51:12+00:00","og_image":[{"width":500,"height":333,"url":"https:\/\/bien-etreiris.ch\/wp-content\/uploads\/2023\/10\/Damascena.jpg","type":"image\/jpeg"}],"twitter_misc":{"Gesch\u00e4tzte Lesezeit":"1\u00a0Minute"},"schema":{"@context":"https:\/\/schema.org","@graph":[{"@type":"WebPage","@id":"https:\/\/bien-etreiris.ch\/de\/produktpraesentation\/wohlfuehl-duefte\/natuerliche-parfuems\/damascena\/","url":"https:\/\/bien-etreiris.ch\/de\/produktpraesentation\/wohlfuehl-duefte\/natuerliche-parfuems\/damascena\/","name":"DAMASCENA - WOHLBEFINDEN","isPartOf":{"@id":"https:\/\/bien-etreiris.ch\/de\/#website"},"primaryImageOfPage":{"@id":"https:\/\/bien-etreiris.ch\/de\/produktpraesentation\/wohlfuehl-duefte\/natuerliche-parfuems\/damascena\/#primaryimage"},"image":{"@id":"https:\/\/bien-etreiris.ch\/de\/produktpraesentation\/wohlfuehl-duefte\/natuerliche-parfuems\/damascena\/#primaryimage"},"thumbnailUrl":"https:\/\/bien-etreiris.ch\/wp-content\/uploads\/2023\/10\/Damascena.jpg","datePublished":"2023-10-06T19:46:36+00:00","dateModified":"2023-10-06T19:51:12+00:00","breadcrumb":{"@id":"https:\/\/bien-etreiris.ch\/de\/produktpraesentation\/wohlfuehl-duefte\/natuerliche-parfuems\/damascena\/#breadcrumb"},"inLanguage":"de","potentialAction":[{"@type":"ReadAction","target":["https:\/\/bien-etreiris.ch\/de\/produktpraesentation\/wohlfuehl-duefte\/natuerliche-parfuems\/damascena\/"]}]},{"@type":"ImageObject","inLanguage":"de","@id":"https:\/\/bien-etreiris.ch\/de\/produktpraesentation\/wohlfuehl-duefte\/natuerliche-parfuems\/damascena\/#primaryimage","url":"https:\/\/bien-etreiris.ch\/wp-content\/uploads\/2023\/10\/Damascena.jpg","contentUrl":"https:\/\/bien-etreiris.ch\/wp-content\/uploads\/2023\/10\/Damascena.jpg","width":500,"height":333},{"@type":"BreadcrumbList","@id":"https:\/\/bien-etreiris.ch\/de\/produktpraesentation\/wohlfuehl-duefte\/natuerliche-parfuems\/damascena\/#breadcrumb","itemListElement":[{"@type":"ListItem","position":1,"name":"Home","item":"https:\/\/bien-etreiris.ch\/de\/"},{"@type":"ListItem","position":2,"name":"PRODUKTPR\u00c4SENTATION","item":"https:\/\/bien-etreiris.ch\/de\/produktpraesentation\/"},{"@type":"ListItem","position":3,"name":"WOHLF\u00dcHL-D\u00dcFTE","item":"https:\/\/bien-etreiris.ch\/de\/produktpraesentation\/wohlfuehl-duefte\/"},{"@type":"ListItem","position":4,"name":"NAT\u00dcRLICHE PARF\u00dcMS","item":"https:\/\/bien-etreiris.ch\/de\/produktpraesentation\/wohlfuehl-duefte\/natuerliche-parfuems\/"},{"@type":"ListItem","position":5,"name":"DAMASCENA"}]},{"@type":"WebSite","@id":"https:\/\/bien-etreiris.ch\/de\/#website","url":"https:\/\/bien-etreiris.ch\/de\/","name":"Bien-\u00eatre Iris","description":"IHRE Gesundheit ist uns wichtig","potentialAction":[{"@type":"SearchAction","target":{"@type":"EntryPoint","urlTemplate":"https:\/\/bien-etreiris.ch\/de\/?s={search_term_string}"},"query-input":{"@type":"PropertyValueSpecification","valueRequired":true,"valueName":"search_term_string"}}],"inLanguage":"de"}]}},"_links":{"self":[{"href":"https:\/\/bien-etreiris.ch\/de\/wp-json\/wp\/v2\/pages\/76379","targetHints":{"allow":["GET"]}}],"collection":[{"href":"https:\/\/bien-etreiris.ch\/de\/wp-json\/wp\/v2\/pages"}],"about":[{"href":"https:\/\/bien-etreiris.ch\/de\/wp-json\/wp\/v2\/types\/page"}],"author":[{"embeddable":true,"href":"https:\/\/bien-etreiris.ch\/de\/wp-json\/wp\/v2\/users\/1"}],"replies":[{"embeddable":true,"href":"https:\/\/bien-etreiris.ch\/de\/wp-json\/wp\/v2\/comments?post=76379"}],"version-history":[{"count":1,"href":"https:\/\/bien-etreiris.ch\/de\/wp-json\/wp\/v2\/pages\/76379\/revisions"}],"predecessor-version":[{"id":76381,"href":"https:\/\/bien-etreiris.ch\/de\/wp-json\/wp\/v2\/pages\/76379\/revisions\/76381"}],"up":[{"embeddable":true,"href":"https:\/\/bien-etreiris.ch\/de\/wp-json\/wp\/v2\/pages\/38816"}],"wp:featuredmedia":[{"embeddable":true,"href":"https:\/\/bien-etreiris.ch\/de\/wp-json\/wp\/v2\/media\/76375"}],"wp:attachment":[{"href":"https:\/\/bien-etreiris.ch\/de\/wp-json\/wp\/v2\/media?parent=76379"}],"curies":[{"name":"wp","href":"https:\/\/api.w.org\/{rel}","templated":true}]}}