{"id":76308,"date":"2023-10-05T16:54:02","date_gmt":"2023-10-05T14:54:02","guid":{"rendered":"https:\/\/bien-etreiris.ch\/unsere-marken\/dixa\/"},"modified":"2023-12-08T13:41:48","modified_gmt":"2023-12-08T11:41:48","slug":"dixa","status":"publish","type":"page","link":"https:\/\/bien-etreiris.ch\/de\/unsere-marken\/dixa\/","title":{"rendered":"DIXA"},"content":{"rendered":"<h2 class=\"title s\">Plantes m\u00e9dicinales, herbes et \u00e9pices \u2013 le monde de DIXA<\/h2>\n<p><a href=\"https:\/\/bien-etreiris.ch\/de\/unsere-marken\/dixa\/dixa-image-2\/\" rel=\"attachment wp-att-76301\"><img loading=\"lazy\" decoding=\"async\" class=\"alignnone  wp-image-76301\" src=\"https:\/\/bien-etreiris.ch\/wp-content\/uploads\/2023\/10\/Dixa-image.jpg\" alt=\"\" width=\"737\" height=\"506\" srcset=\"https:\/\/bien-etreiris.ch\/wp-content\/uploads\/2023\/10\/Dixa-image.jpg 837w, https:\/\/bien-etreiris.ch\/wp-content\/uploads\/2023\/10\/Dixa-image-300x206.jpg 300w, https:\/\/bien-etreiris.ch\/wp-content\/uploads\/2023\/10\/Dixa-image-768x528.jpg 768w\" sizes=\"auto, (max-width: 737px) 100vw, 737px\" \/><\/a><\/p>\n<div class=\"content \">\n<p>Forte de plus de 100&nbsp;ann\u00e9es d\u2019exp\u00e9rience dans le commerce et la transformation des plantes m\u00e9dicinales, des herbes et des \u00e9pices et d\u00e9tentrice de toutes les certifications n\u00e9cessaires, DIXA vous garantit des produits de la plus haute qualit\u00e9. Parce que nous sommes d\u00e9sireux de vous proposer le meilleur de la nature \u00e0 l\u2019\u00e9tat pur, la puret\u00e9 et la qualit\u00e9 sont nos ma\u00eetres mots.<\/p>\n<h2 class=\"title s\">Services DIXA \u2013 presque aussi diversifi\u00e9s que M\u00e8re Nature<\/h2>\n<div class=\"content \">\n<p>Contr\u00f4ler et analyser, d\u00e9couper et m\u00e9langer, tamiser, broyer et moudre, granuler et comprimer, d\u00e9sinsectiser par injection de CO<sub>2<\/sub> sous pression ou encore d\u00e9germer \u2013 Nos m\u00e9thodes de transformation sont aussi vari\u00e9es et flexibles que la nature elle-m\u00eame.<\/p>\n<p>&nbsp;<\/p>\n<\/div>\n<\/div>\n<p>&nbsp;<\/p>\n<h2><a href=\"https:\/\/bien-etreiris.ch\/de\/produktpraesentation\/gesundes-leben\/nahrungsergaenzungsmittel\/pflanzenheilkunde-gleichgewicht-durch-heilpflanzen\/kraeuter-und-pflanzen\/bouillon-blanc\/\" target=\"_blank\" rel=\"noopener\">BOUILLON BLANC<\/a><\/h2>\n<h2><a href=\"https:\/\/bien-etreiris.ch\/presentations-des-produits\/vie-saine\/complements-alimentaires\/phytotherapie\/herbes-et-plantes\/feuilles-de-bouleau\/\" target=\"_blank\" rel=\"noopener\">BOULEAU - FEUILLES<\/a><\/h2>\n<h2><a href=\"https:\/\/bien-etreiris.ch\/de\/produktpraesentation\/gesundes-leben\/nahrungsergaenzungsmittel\/pflanzenheilkunde-gleichgewicht-durch-heilpflanzen\/kraeuter-und-pflanzen\/chanvre\/\" target=\"_blank\" rel=\"noopener\">CHANVRE<\/a><\/h2>\n<h2><a href=\"https:\/\/bien-etreiris.ch\/de\/produktpraesentation\/gesundes-leben\/nahrungsergaenzungsmittel\/pflanzenheilkunde-gleichgewicht-durch-heilpflanzen\/kraeuter-und-pflanzen\/weidenroeschenkraut-epilobii-herba\/\" target=\"_blank\" rel=\"noopener\">EPILOPE<\/a><\/h2>\n<h2><a href=\"https:\/\/bien-etreiris.ch\/de\/produktpraesentation\/gesundes-leben\/nahrungsergaenzungsmittel\/pflanzenheilkunde-gleichgewicht-durch-heilpflanzen\/kraeuter-und-pflanzen\/eukalyptusblaetter\/\" target=\"_blank\" rel=\"noopener\">EUCALYPTUS<\/a><\/h2>\n<h2><a href=\"https:\/\/bien-etreiris.ch\/de\/produktpraesentation\/gesundes-leben\/nahrungsergaenzungsmittel\/pflanzenheilkunde-gleichgewicht-durch-heilpflanzen\/kraeuter-und-pflanzen\/fenchelsamen\/\" target=\"_blank\" rel=\"noopener\">FENOUIL <\/a><a href=\"https:\/\/bien-etreiris.ch\/de\/produktpraesentation\/gesundes-leben\/nahrungsergaenzungsmittel\/pflanzenheilkunde-gleichgewicht-durch-heilpflanzen\/kraeuter-und-pflanzen\/fenchelsamen\/\" target=\"_blank\" rel=\"noopener\">- GRAINES <\/a><\/h2>\n<h2><a href=\"https:\/\/bien-etreiris.ch\/de\/produktpraesentation\/gesundes-leben\/nahrungsergaenzungsmittel\/pflanzenheilkunde-gleichgewicht-durch-heilpflanzen\/kraeuter-und-pflanzen\/girofle\/\" target=\"_blank\" rel=\"noopener\">GIROFLE - CLOUS OU RACINE<\/a><\/h2>\n<h2><a href=\"https:\/\/bien-etreiris.ch\/de\/produktpraesentation\/gesundes-leben\/nahrungsergaenzungsmittel\/pflanzenheilkunde-gleichgewicht-durch-heilpflanzen\/kraeuter-und-pflanzen\/guimauve\/\" target=\"_blank\" rel=\"noopener\">GUIMAUVE<\/a><\/h2>\n<h2><a href=\"https:\/\/bien-etreiris.ch\/de\/produktpraesentation\/gesundes-leben\/nahrungsergaenzungsmittel\/pflanzenheilkunde-gleichgewicht-durch-heilpflanzen\/kraeuter-und-pflanzen\/laurier\/\" target=\"_blank\" rel=\"noopener\">LAURIER<\/a><\/h2>\n<h2><a href=\"https:\/\/bien-etreiris.ch\/de\/produktpraesentation\/gesundes-leben\/nahrungsergaenzungsmittel\/pflanzenheilkunde-gleichgewicht-durch-heilpflanzen\/kraeuter-und-pflanzen\/malve\/\" target=\"_blank\" rel=\"noopener\">MAUVE BLEU<\/a><\/h2>\n<h2><a href=\"https:\/\/bien-etreiris.ch\/de\/produktpraesentation\/gesundes-leben\/nahrungsergaenzungsmittel\/pflanzenheilkunde-gleichgewicht-durch-heilpflanzen\/kraeuter-und-pflanzen\/melissen\/\" target=\"_blank\" rel=\"noopener\">MELISSE<\/a><\/h2>\n<h2><a href=\"https:\/\/bien-etreiris.ch\/de\/produktpraesentation\/gesundes-leben\/nahrungsergaenzungsmittel\/pflanzenheilkunde-gleichgewicht-durch-heilpflanzen\/kraeuter-und-pflanzen\/pfefferminze\/\" target=\"_blank\" rel=\"noopener\">MENTHE POIVREE<\/a><\/h2>\n<h2><a href=\"https:\/\/bien-etreiris.ch\/de\/produktpraesentation\/gesundes-leben\/nahrungsergaenzungsmittel\/pflanzenheilkunde-gleichgewicht-durch-heilpflanzen\/kraeuter-und-pflanzen\/islaendisches-moos\/\" target=\"_blank\" rel=\"noopener\">MOUSSE D'ISLANDE<\/a><\/h2>\n<h2><a href=\"https:\/\/bien-etreiris.ch\/de\/produktpraesentation\/gesundes-leben\/nahrungsergaenzungsmittel\/pflanzenheilkunde-gleichgewicht-durch-heilpflanzen\/kraeuter-und-pflanzen\/brennnessel\/\" target=\"_blank\" rel=\"noopener\">ORTIE<\/a><\/h2>\n<h2><a href=\"https:\/\/bien-etreiris.ch\/de\/produktpraesentation\/gesundes-leben\/nahrungsergaenzungsmittel\/pflanzenheilkunde-gleichgewicht-durch-heilpflanzen\/kraeuter-und-pflanzen\/pied-de-lion\/\" target=\"_blank\" rel=\"noopener\">PIED DE LION<\/a><\/h2>\n<h2><a href=\"https:\/\/bien-etreiris.ch\/de\/produktpraesentation\/gesundes-leben\/nahrungsergaenzungsmittel\/pflanzenheilkunde-gleichgewicht-durch-heilpflanzen\/kraeuter-und-pflanzen\/spitzwegerich\/\" target=\"_blank\" rel=\"noopener\">PLANTAIN LANCEOLE<\/a><\/h2>\n<h2><a href=\"https:\/\/bien-etreiris.ch\/de\/produktpraesentation\/gesundes-leben\/nahrungsergaenzungsmittel\/pflanzenheilkunde-gleichgewicht-durch-heilpflanzen\/kraeuter-und-pflanzen\/suessholz-lakritze-suessholzwurzel\/\" target=\"_blank\" rel=\"noopener\">REGLISSE<\/a><\/h2>\n<h2><a href=\"https:\/\/bien-etreiris.ch\/de\/produktpraesentation\/gesundes-leben\/nahrungsergaenzungsmittel\/pflanzenheilkunde-gleichgewicht-durch-heilpflanzen\/kraeuter-und-pflanzen\/maedesuess\/\" target=\"_blank\" rel=\"noopener\">REINE DE PRES<\/a><\/h2>\n<h2><a href=\"https:\/\/bien-etreiris.ch\/de\/produktpraesentation\/gesundes-leben\/nahrungsergaenzungsmittel\/pflanzenheilkunde-gleichgewicht-durch-heilpflanzen\/kraeuter-und-pflanzen\/holunderblueten\/\" target=\"_blank\" rel=\"noopener\">SUREAU - FLEURS<\/a><\/h2>\n<h2><a href=\"https:\/\/bien-etreiris.ch\/de\/produktpraesentation\/gesundes-leben\/nahrungsergaenzungsmittel\/pflanzenheilkunde-gleichgewicht-durch-heilpflanzen\/kraeuter-und-pflanzen\/lindenblueten\/\" target=\"_blank\" rel=\"noopener\">TILLEUIL<\/a><\/h2>\n<h2><a href=\"https:\/\/bien-etreiris.ch\/de\/produktpraesentation\/gesundes-leben\/nahrungsergaenzungsmittel\/pflanzenheilkunde-gleichgewicht-durch-heilpflanzen\/kraeuter-und-pflanzen\/zitronenverbene-kraeutertee\/\" target=\"_blank\" rel=\"noopener\">VERVEINE<\/a><\/h2>\n","protected":false},"excerpt":{"rendered":"<p>Plantes m\u00e9dicinales, herbes et \u00e9pices \u2013 le monde de DIXA Forte de plus de 100&nbsp;ann\u00e9es d\u2019exp\u00e9rience dans le commerce et la transformation des plantes m\u00e9dicinales, des herbes et des \u00e9pices et d\u00e9tentrice de toutes les certifications n\u00e9cessaires, DIXA vous garantit des produits de la plus haute qualit\u00e9. Parce que nous sommes d\u00e9sireux de vous proposer le meilleur de la nature&nbsp;<a href=\"https:\/\/bien-etreiris.ch\/de\/unsere-marken\/dixa\/\" class=\"read-more\">Weiter lesen<\/a><\/p>\n","protected":false},"author":1,"featured_media":76300,"parent":44406,"menu_order":2877,"comment_status":"closed","ping_status":"closed","template":"page-with-child.php","meta":{"_acf_changed":false,"ngg_post_thumbnail":0,"footnotes":""},"class_list":["post-76308","page","type-page","status-publish","has-post-thumbnail","hentry"],"acf":[],"yoast_head":"<!-- This site is optimized with the Yoast SEO plugin v27.6 - https:\/\/yoast.com\/product\/yoast-seo-wordpress\/ -->\n<title>DIXA - WOHLBEFINDEN<\/title>\n<meta name=\"robots\" content=\"index, follow, max-snippet:-1, max-image-preview:large, max-video-preview:-1\" \/>\n<link rel=\"canonical\" href=\"https:\/\/bien-etreiris.ch\/de\/unsere-marken\/dixa\/\" \/>\n<meta property=\"og:locale\" content=\"de_DE\" \/>\n<meta property=\"og:type\" content=\"article\" \/>\n<meta property=\"og:title\" content=\"DIXA - WOHLBEFINDEN\" \/>\n<meta property=\"og:description\" content=\"Plantes m\u00e9dicinales, herbes et \u00e9pices \u2013 le monde de DIXA Forte de plus de 100&nbsp;ann\u00e9es d\u2019exp\u00e9rience dans le commerce et la transformation des plantes m\u00e9dicinales, des herbes et des \u00e9pices et d\u00e9tentrice de toutes les certifications n\u00e9cessaires, DIXA vous garantit des produits de la plus haute qualit\u00e9. Parce que nous sommes d\u00e9sireux de vous proposer le meilleur de la nature&nbsp;Weiter lesen\" \/>\n<meta property=\"og:url\" content=\"https:\/\/bien-etreiris.ch\/de\/unsere-marken\/dixa\/\" \/>\n<meta property=\"og:site_name\" content=\"WOHLBEFINDEN\" \/>\n<meta property=\"article:publisher\" content=\"https:\/\/www.facebook.com\/bienetreiris\/\" \/>\n<meta property=\"article:modified_time\" content=\"2023-12-08T11:41:48+00:00\" \/>\n<meta property=\"og:image\" content=\"https:\/\/bien-etreiris.ch\/wp-content\/uploads\/2023\/10\/Dixa.jpg\" \/>\n\t<meta property=\"og:image:width\" content=\"500\" \/>\n\t<meta property=\"og:image:height\" content=\"333\" \/>\n\t<meta property=\"og:image:type\" content=\"image\/jpeg\" \/>\n<meta name=\"twitter:label1\" content=\"Gesch\u00e4tzte Lesezeit\" \/>\n\t<meta name=\"twitter:data1\" content=\"1\u00a0Minute\" \/>\n<script type=\"application\/ld+json\" class=\"yoast-schema-graph\">{\"@context\":\"https:\\\/\\\/schema.org\",\"@graph\":[{\"@type\":\"WebPage\",\"@id\":\"https:\\\/\\\/bien-etreiris.ch\\\/de\\\/unsere-marken\\\/dixa\\\/\",\"url\":\"https:\\\/\\\/bien-etreiris.ch\\\/de\\\/unsere-marken\\\/dixa\\\/\",\"name\":\"DIXA - WOHLBEFINDEN\",\"isPartOf\":{\"@id\":\"https:\\\/\\\/bien-etreiris.ch\\\/de\\\/#website\"},\"primaryImageOfPage\":{\"@id\":\"https:\\\/\\\/bien-etreiris.ch\\\/de\\\/unsere-marken\\\/dixa\\\/#primaryimage\"},\"image\":{\"@id\":\"https:\\\/\\\/bien-etreiris.ch\\\/de\\\/unsere-marken\\\/dixa\\\/#primaryimage\"},\"thumbnailUrl\":\"https:\\\/\\\/bien-etreiris.ch\\\/wp-content\\\/uploads\\\/2023\\\/10\\\/Dixa.jpg\",\"datePublished\":\"2023-10-05T14:54:02+00:00\",\"dateModified\":\"2023-12-08T11:41:48+00:00\",\"breadcrumb\":{\"@id\":\"https:\\\/\\\/bien-etreiris.ch\\\/de\\\/unsere-marken\\\/dixa\\\/#breadcrumb\"},\"inLanguage\":\"de\",\"potentialAction\":[{\"@type\":\"ReadAction\",\"target\":[\"https:\\\/\\\/bien-etreiris.ch\\\/de\\\/unsere-marken\\\/dixa\\\/\"]}]},{\"@type\":\"ImageObject\",\"inLanguage\":\"de\",\"@id\":\"https:\\\/\\\/bien-etreiris.ch\\\/de\\\/unsere-marken\\\/dixa\\\/#primaryimage\",\"url\":\"https:\\\/\\\/bien-etreiris.ch\\\/wp-content\\\/uploads\\\/2023\\\/10\\\/Dixa.jpg\",\"contentUrl\":\"https:\\\/\\\/bien-etreiris.ch\\\/wp-content\\\/uploads\\\/2023\\\/10\\\/Dixa.jpg\",\"width\":500,\"height\":333},{\"@type\":\"BreadcrumbList\",\"@id\":\"https:\\\/\\\/bien-etreiris.ch\\\/de\\\/unsere-marken\\\/dixa\\\/#breadcrumb\",\"itemListElement\":[{\"@type\":\"ListItem\",\"position\":1,\"name\":\"Home\",\"item\":\"https:\\\/\\\/bien-etreiris.ch\\\/de\\\/\"},{\"@type\":\"ListItem\",\"position\":2,\"name\":\"UNSERE MARKEN\",\"item\":\"https:\\\/\\\/bien-etreiris.ch\\\/de\\\/unsere-marken\\\/\"},{\"@type\":\"ListItem\",\"position\":3,\"name\":\"DIXA\"}]},{\"@type\":\"WebSite\",\"@id\":\"https:\\\/\\\/bien-etreiris.ch\\\/de\\\/#website\",\"url\":\"https:\\\/\\\/bien-etreiris.ch\\\/de\\\/\",\"name\":\"Bien-\u00eatre Iris\",\"description\":\"IHRE Gesundheit ist uns wichtig\",\"potentialAction\":[{\"@type\":\"SearchAction\",\"target\":{\"@type\":\"EntryPoint\",\"urlTemplate\":\"https:\\\/\\\/bien-etreiris.ch\\\/de\\\/?s={search_term_string}\"},\"query-input\":{\"@type\":\"PropertyValueSpecification\",\"valueRequired\":true,\"valueName\":\"search_term_string\"}}],\"inLanguage\":\"de\"}]}<\/script>\n<!-- \/ Yoast SEO plugin. -->","yoast_head_json":{"title":"DIXA - WOHLBEFINDEN","robots":{"index":"index","follow":"follow","max-snippet":"max-snippet:-1","max-image-preview":"max-image-preview:large","max-video-preview":"max-video-preview:-1"},"canonical":"https:\/\/bien-etreiris.ch\/de\/unsere-marken\/dixa\/","og_locale":"de_DE","og_type":"article","og_title":"DIXA - WOHLBEFINDEN","og_description":"Plantes m\u00e9dicinales, herbes et \u00e9pices \u2013 le monde de DIXA Forte de plus de 100&nbsp;ann\u00e9es d\u2019exp\u00e9rience dans le commerce et la transformation des plantes m\u00e9dicinales, des herbes et des \u00e9pices et d\u00e9tentrice de toutes les certifications n\u00e9cessaires, DIXA vous garantit des produits de la plus haute qualit\u00e9. Parce que nous sommes d\u00e9sireux de vous proposer le meilleur de la nature&nbsp;Weiter lesen","og_url":"https:\/\/bien-etreiris.ch\/de\/unsere-marken\/dixa\/","og_site_name":"WOHLBEFINDEN","article_publisher":"https:\/\/www.facebook.com\/bienetreiris\/","article_modified_time":"2023-12-08T11:41:48+00:00","og_image":[{"width":500,"height":333,"url":"https:\/\/bien-etreiris.ch\/wp-content\/uploads\/2023\/10\/Dixa.jpg","type":"image\/jpeg"}],"twitter_misc":{"Gesch\u00e4tzte Lesezeit":"1\u00a0Minute"},"schema":{"@context":"https:\/\/schema.org","@graph":[{"@type":"WebPage","@id":"https:\/\/bien-etreiris.ch\/de\/unsere-marken\/dixa\/","url":"https:\/\/bien-etreiris.ch\/de\/unsere-marken\/dixa\/","name":"DIXA - WOHLBEFINDEN","isPartOf":{"@id":"https:\/\/bien-etreiris.ch\/de\/#website"},"primaryImageOfPage":{"@id":"https:\/\/bien-etreiris.ch\/de\/unsere-marken\/dixa\/#primaryimage"},"image":{"@id":"https:\/\/bien-etreiris.ch\/de\/unsere-marken\/dixa\/#primaryimage"},"thumbnailUrl":"https:\/\/bien-etreiris.ch\/wp-content\/uploads\/2023\/10\/Dixa.jpg","datePublished":"2023-10-05T14:54:02+00:00","dateModified":"2023-12-08T11:41:48+00:00","breadcrumb":{"@id":"https:\/\/bien-etreiris.ch\/de\/unsere-marken\/dixa\/#breadcrumb"},"inLanguage":"de","potentialAction":[{"@type":"ReadAction","target":["https:\/\/bien-etreiris.ch\/de\/unsere-marken\/dixa\/"]}]},{"@type":"ImageObject","inLanguage":"de","@id":"https:\/\/bien-etreiris.ch\/de\/unsere-marken\/dixa\/#primaryimage","url":"https:\/\/bien-etreiris.ch\/wp-content\/uploads\/2023\/10\/Dixa.jpg","contentUrl":"https:\/\/bien-etreiris.ch\/wp-content\/uploads\/2023\/10\/Dixa.jpg","width":500,"height":333},{"@type":"BreadcrumbList","@id":"https:\/\/bien-etreiris.ch\/de\/unsere-marken\/dixa\/#breadcrumb","itemListElement":[{"@type":"ListItem","position":1,"name":"Home","item":"https:\/\/bien-etreiris.ch\/de\/"},{"@type":"ListItem","position":2,"name":"UNSERE MARKEN","item":"https:\/\/bien-etreiris.ch\/de\/unsere-marken\/"},{"@type":"ListItem","position":3,"name":"DIXA"}]},{"@type":"WebSite","@id":"https:\/\/bien-etreiris.ch\/de\/#website","url":"https:\/\/bien-etreiris.ch\/de\/","name":"Bien-\u00eatre Iris","description":"IHRE Gesundheit ist uns wichtig","potentialAction":[{"@type":"SearchAction","target":{"@type":"EntryPoint","urlTemplate":"https:\/\/bien-etreiris.ch\/de\/?s={search_term_string}"},"query-input":{"@type":"PropertyValueSpecification","valueRequired":true,"valueName":"search_term_string"}}],"inLanguage":"de"}]}},"_links":{"self":[{"href":"https:\/\/bien-etreiris.ch\/de\/wp-json\/wp\/v2\/pages\/76308","targetHints":{"allow":["GET"]}}],"collection":[{"href":"https:\/\/bien-etreiris.ch\/de\/wp-json\/wp\/v2\/pages"}],"about":[{"href":"https:\/\/bien-etreiris.ch\/de\/wp-json\/wp\/v2\/types\/page"}],"author":[{"embeddable":true,"href":"https:\/\/bien-etreiris.ch\/de\/wp-json\/wp\/v2\/users\/1"}],"replies":[{"embeddable":true,"href":"https:\/\/bien-etreiris.ch\/de\/wp-json\/wp\/v2\/comments?post=76308"}],"version-history":[{"count":23,"href":"https:\/\/bien-etreiris.ch\/de\/wp-json\/wp\/v2\/pages\/76308\/revisions"}],"predecessor-version":[{"id":81824,"href":"https:\/\/bien-etreiris.ch\/de\/wp-json\/wp\/v2\/pages\/76308\/revisions\/81824"}],"up":[{"embeddable":true,"href":"https:\/\/bien-etreiris.ch\/de\/wp-json\/wp\/v2\/pages\/44406"}],"wp:featuredmedia":[{"embeddable":true,"href":"https:\/\/bien-etreiris.ch\/de\/wp-json\/wp\/v2\/media\/76300"}],"wp:attachment":[{"href":"https:\/\/bien-etreiris.ch\/de\/wp-json\/wp\/v2\/media?parent=76308"}],"curies":[{"name":"wp","href":"https:\/\/api.w.org\/{rel}","templated":true}]}}