{"id":76170,"date":"2023-10-04T08:38:32","date_gmt":"2023-10-04T06:38:32","guid":{"rendered":"https:\/\/bien-etreiris.ch\/ratgeber-klarheit-beratung\/natuerliche-heilmittel\/kranheiten-a-z\/magen-darm-erkrankungen\/verstopfung\/huiles-essentielles-en-cas-de-constipation\/camomille\/"},"modified":"2023-10-04T09:31:09","modified_gmt":"2023-10-04T07:31:09","slug":"camomille","status":"publish","type":"page","link":"https:\/\/bien-etreiris.ch\/de\/produktpraesentation\/aromatherapie\/aetherische-oele\/camomille\/","title":{"rendered":"KAMILLEN"},"content":{"rendered":"\n<h2>Kamillen<\/h2>\n\n\n<p>Das Blaue Kamillen\u00f6l f\u00e4rbt sich unter dem Einfluss von Licht und Luft schnell gr\u00fcn bis braungelb (\u201eVergr\u00fcnen\u201c) und wird schlie\u00dflich dickfl\u00fcssig braun. Es duftet s\u00fc\u00df-aromatisch, kr\u00e4uterartig mit einer frisch-fruchtigen Nuance von Kakao. Der Geschmack ist aromatisch bitter.[5]\n<p>Das R\u00f6mische Kamillen\u00f6l ist ein gelbliches bis leicht gr\u00fcn-bl\u00e4uliches \u00d6l. Der Duft wird als frisch, s\u00fc\u00df, kr\u00e4uterartig, mit teeartigen Nuancen beschrieben.[5]\n<p>Das marokkanische Kamillen\u00f6l ist leicht gelblich und hat einen s\u00fc\u00dfen, kr\u00e4uterartigen, holzigen und balsamartigen Duft. Bestandteile sind Santolina- und Artemisia-Alkohol.<\/p>\n<p>Im Handel sind unterschiedliche Kamillen\u00f6le erh\u00e4ltlich. Meistens werden die Kamille blau (Chamomilla recutita), Kamille r\u00f6misch (Chamaemelum nobile) und die Kamille wild (Chamaemelum ormensis oder Ormensis mixta) angeboten. Sie unterscheiden sich alle drei durch komplett andere Inhaltsstoffe und Wirkweisen.<\/p>","protected":false},"excerpt":{"rendered":"<p>Kamillen Das Blaue Kamillen\u00f6l f\u00e4rbt sich unter dem Einfluss von Licht und Luft schnell gr\u00fcn bis braungelb (\u201eVergr\u00fcnen\u201c) und wird schlie\u00dflich dickfl\u00fcssig braun. Es duftet s\u00fc\u00df-aromatisch, kr\u00e4uterartig mit einer frisch-fruchtigen Nuance von Kakao. Der Geschmack ist aromatisch bitter.[5] Das R\u00f6mische Kamillen\u00f6l ist ein gelbliches bis leicht gr\u00fcn-bl\u00e4uliches \u00d6l. Der Duft wird als frisch, s\u00fc\u00df, kr\u00e4uterartig, mit teeartigen Nuancen beschrieben.[5] Das&nbsp;<a href=\"https:\/\/bien-etreiris.ch\/de\/produktpraesentation\/aromatherapie\/aetherische-oele\/camomille\/\" class=\"read-more\">Weiter lesen<\/a><\/p>\n","protected":false},"author":1,"featured_media":76175,"parent":37429,"menu_order":2886,"comment_status":"closed","ping_status":"closed","template":"page-with-child.php","meta":{"_acf_changed":false,"ngg_post_thumbnail":0,"footnotes":""},"class_list":["post-76170","page","type-page","status-publish","has-post-thumbnail","hentry"],"acf":[],"yoast_head":"<!-- This site is optimized with the Yoast SEO plugin v27.6 - https:\/\/yoast.com\/product\/yoast-seo-wordpress\/ -->\n<title>KAMILLEN - WOHLBEFINDEN<\/title>\n<meta name=\"robots\" content=\"index, follow, max-snippet:-1, max-image-preview:large, max-video-preview:-1\" \/>\n<link rel=\"canonical\" href=\"https:\/\/bien-etreiris.ch\/de\/produktpraesentation\/aromatherapie\/aetherische-oele\/camomille\/\" \/>\n<meta property=\"og:locale\" content=\"de_DE\" \/>\n<meta property=\"og:type\" content=\"article\" \/>\n<meta property=\"og:title\" content=\"KAMILLEN - WOHLBEFINDEN\" \/>\n<meta property=\"og:description\" content=\"Kamillen Das Blaue Kamillen\u00f6l f\u00e4rbt sich unter dem Einfluss von Licht und Luft schnell gr\u00fcn bis braungelb (\u201eVergr\u00fcnen\u201c) und wird schlie\u00dflich dickfl\u00fcssig braun. Es duftet s\u00fc\u00df-aromatisch, kr\u00e4uterartig mit einer frisch-fruchtigen Nuance von Kakao. Der Geschmack ist aromatisch bitter.[5] Das R\u00f6mische Kamillen\u00f6l ist ein gelbliches bis leicht gr\u00fcn-bl\u00e4uliches \u00d6l. Der Duft wird als frisch, s\u00fc\u00df, kr\u00e4uterartig, mit teeartigen Nuancen beschrieben.[5] Das&nbsp;Weiter lesen\" \/>\n<meta property=\"og:url\" content=\"https:\/\/bien-etreiris.ch\/de\/produktpraesentation\/aromatherapie\/aetherische-oele\/camomille\/\" \/>\n<meta property=\"og:site_name\" content=\"WOHLBEFINDEN\" \/>\n<meta property=\"article:publisher\" content=\"https:\/\/www.facebook.com\/bienetreiris\/\" \/>\n<meta property=\"article:modified_time\" content=\"2023-10-04T07:31:09+00:00\" \/>\n<meta property=\"og:image\" content=\"https:\/\/bien-etreiris.ch\/wp-content\/uploads\/2023\/10\/acceuil-camomille.png\" \/>\n\t<meta property=\"og:image:width\" content=\"500\" \/>\n\t<meta property=\"og:image:height\" content=\"303\" \/>\n\t<meta property=\"og:image:type\" content=\"image\/png\" \/>\n<meta name=\"twitter:label1\" content=\"Gesch\u00e4tzte Lesezeit\" \/>\n\t<meta name=\"twitter:data1\" content=\"1\u00a0Minute\" \/>\n<script type=\"application\/ld+json\" class=\"yoast-schema-graph\">{\"@context\":\"https:\\\/\\\/schema.org\",\"@graph\":[{\"@type\":\"WebPage\",\"@id\":\"https:\\\/\\\/bien-etreiris.ch\\\/de\\\/produktpraesentation\\\/aromatherapie\\\/aetherische-oele\\\/camomille\\\/\",\"url\":\"https:\\\/\\\/bien-etreiris.ch\\\/de\\\/produktpraesentation\\\/aromatherapie\\\/aetherische-oele\\\/camomille\\\/\",\"name\":\"KAMILLEN - WOHLBEFINDEN\",\"isPartOf\":{\"@id\":\"https:\\\/\\\/bien-etreiris.ch\\\/de\\\/#website\"},\"primaryImageOfPage\":{\"@id\":\"https:\\\/\\\/bien-etreiris.ch\\\/de\\\/produktpraesentation\\\/aromatherapie\\\/aetherische-oele\\\/camomille\\\/#primaryimage\"},\"image\":{\"@id\":\"https:\\\/\\\/bien-etreiris.ch\\\/de\\\/produktpraesentation\\\/aromatherapie\\\/aetherische-oele\\\/camomille\\\/#primaryimage\"},\"thumbnailUrl\":\"https:\\\/\\\/bien-etreiris.ch\\\/wp-content\\\/uploads\\\/2023\\\/10\\\/acceuil-camomille.png\",\"datePublished\":\"2023-10-04T06:38:32+00:00\",\"dateModified\":\"2023-10-04T07:31:09+00:00\",\"breadcrumb\":{\"@id\":\"https:\\\/\\\/bien-etreiris.ch\\\/de\\\/produktpraesentation\\\/aromatherapie\\\/aetherische-oele\\\/camomille\\\/#breadcrumb\"},\"inLanguage\":\"de\",\"potentialAction\":[{\"@type\":\"ReadAction\",\"target\":[\"https:\\\/\\\/bien-etreiris.ch\\\/de\\\/produktpraesentation\\\/aromatherapie\\\/aetherische-oele\\\/camomille\\\/\"]}]},{\"@type\":\"ImageObject\",\"inLanguage\":\"de\",\"@id\":\"https:\\\/\\\/bien-etreiris.ch\\\/de\\\/produktpraesentation\\\/aromatherapie\\\/aetherische-oele\\\/camomille\\\/#primaryimage\",\"url\":\"https:\\\/\\\/bien-etreiris.ch\\\/wp-content\\\/uploads\\\/2023\\\/10\\\/acceuil-camomille.png\",\"contentUrl\":\"https:\\\/\\\/bien-etreiris.ch\\\/wp-content\\\/uploads\\\/2023\\\/10\\\/acceuil-camomille.png\",\"width\":500,\"height\":303},{\"@type\":\"BreadcrumbList\",\"@id\":\"https:\\\/\\\/bien-etreiris.ch\\\/de\\\/produktpraesentation\\\/aromatherapie\\\/aetherische-oele\\\/camomille\\\/#breadcrumb\",\"itemListElement\":[{\"@type\":\"ListItem\",\"position\":1,\"name\":\"Home\",\"item\":\"https:\\\/\\\/bien-etreiris.ch\\\/de\\\/\"},{\"@type\":\"ListItem\",\"position\":2,\"name\":\"PRODUKTPR\u00c4SENTATION\",\"item\":\"https:\\\/\\\/bien-etreiris.ch\\\/de\\\/produktpraesentation\\\/\"},{\"@type\":\"ListItem\",\"position\":3,\"name\":\"AROMATHERAPIE\",\"item\":\"https:\\\/\\\/bien-etreiris.ch\\\/de\\\/produktpraesentation\\\/aromatherapie\\\/\"},{\"@type\":\"ListItem\",\"position\":4,\"name\":\"\u00c4THERISCHE \u00d6LE\",\"item\":\"https:\\\/\\\/bien-etreiris.ch\\\/de\\\/produktpraesentation\\\/aromatherapie\\\/aetherische-oele\\\/\"},{\"@type\":\"ListItem\",\"position\":5,\"name\":\"KAMILLEN\"}]},{\"@type\":\"WebSite\",\"@id\":\"https:\\\/\\\/bien-etreiris.ch\\\/de\\\/#website\",\"url\":\"https:\\\/\\\/bien-etreiris.ch\\\/de\\\/\",\"name\":\"Bien-\u00eatre Iris\",\"description\":\"IHRE Gesundheit ist uns wichtig\",\"potentialAction\":[{\"@type\":\"SearchAction\",\"target\":{\"@type\":\"EntryPoint\",\"urlTemplate\":\"https:\\\/\\\/bien-etreiris.ch\\\/de\\\/?s={search_term_string}\"},\"query-input\":{\"@type\":\"PropertyValueSpecification\",\"valueRequired\":true,\"valueName\":\"search_term_string\"}}],\"inLanguage\":\"de\"}]}<\/script>\n<!-- \/ Yoast SEO plugin. -->","yoast_head_json":{"title":"KAMILLEN - WOHLBEFINDEN","robots":{"index":"index","follow":"follow","max-snippet":"max-snippet:-1","max-image-preview":"max-image-preview:large","max-video-preview":"max-video-preview:-1"},"canonical":"https:\/\/bien-etreiris.ch\/de\/produktpraesentation\/aromatherapie\/aetherische-oele\/camomille\/","og_locale":"de_DE","og_type":"article","og_title":"KAMILLEN - WOHLBEFINDEN","og_description":"Kamillen Das Blaue Kamillen\u00f6l f\u00e4rbt sich unter dem Einfluss von Licht und Luft schnell gr\u00fcn bis braungelb (\u201eVergr\u00fcnen\u201c) und wird schlie\u00dflich dickfl\u00fcssig braun. Es duftet s\u00fc\u00df-aromatisch, kr\u00e4uterartig mit einer frisch-fruchtigen Nuance von Kakao. Der Geschmack ist aromatisch bitter.[5] Das R\u00f6mische Kamillen\u00f6l ist ein gelbliches bis leicht gr\u00fcn-bl\u00e4uliches \u00d6l. Der Duft wird als frisch, s\u00fc\u00df, kr\u00e4uterartig, mit teeartigen Nuancen beschrieben.[5] Das&nbsp;Weiter lesen","og_url":"https:\/\/bien-etreiris.ch\/de\/produktpraesentation\/aromatherapie\/aetherische-oele\/camomille\/","og_site_name":"WOHLBEFINDEN","article_publisher":"https:\/\/www.facebook.com\/bienetreiris\/","article_modified_time":"2023-10-04T07:31:09+00:00","og_image":[{"width":500,"height":303,"url":"https:\/\/bien-etreiris.ch\/wp-content\/uploads\/2023\/10\/acceuil-camomille.png","type":"image\/png"}],"twitter_misc":{"Gesch\u00e4tzte Lesezeit":"1\u00a0Minute"},"schema":{"@context":"https:\/\/schema.org","@graph":[{"@type":"WebPage","@id":"https:\/\/bien-etreiris.ch\/de\/produktpraesentation\/aromatherapie\/aetherische-oele\/camomille\/","url":"https:\/\/bien-etreiris.ch\/de\/produktpraesentation\/aromatherapie\/aetherische-oele\/camomille\/","name":"KAMILLEN - WOHLBEFINDEN","isPartOf":{"@id":"https:\/\/bien-etreiris.ch\/de\/#website"},"primaryImageOfPage":{"@id":"https:\/\/bien-etreiris.ch\/de\/produktpraesentation\/aromatherapie\/aetherische-oele\/camomille\/#primaryimage"},"image":{"@id":"https:\/\/bien-etreiris.ch\/de\/produktpraesentation\/aromatherapie\/aetherische-oele\/camomille\/#primaryimage"},"thumbnailUrl":"https:\/\/bien-etreiris.ch\/wp-content\/uploads\/2023\/10\/acceuil-camomille.png","datePublished":"2023-10-04T06:38:32+00:00","dateModified":"2023-10-04T07:31:09+00:00","breadcrumb":{"@id":"https:\/\/bien-etreiris.ch\/de\/produktpraesentation\/aromatherapie\/aetherische-oele\/camomille\/#breadcrumb"},"inLanguage":"de","potentialAction":[{"@type":"ReadAction","target":["https:\/\/bien-etreiris.ch\/de\/produktpraesentation\/aromatherapie\/aetherische-oele\/camomille\/"]}]},{"@type":"ImageObject","inLanguage":"de","@id":"https:\/\/bien-etreiris.ch\/de\/produktpraesentation\/aromatherapie\/aetherische-oele\/camomille\/#primaryimage","url":"https:\/\/bien-etreiris.ch\/wp-content\/uploads\/2023\/10\/acceuil-camomille.png","contentUrl":"https:\/\/bien-etreiris.ch\/wp-content\/uploads\/2023\/10\/acceuil-camomille.png","width":500,"height":303},{"@type":"BreadcrumbList","@id":"https:\/\/bien-etreiris.ch\/de\/produktpraesentation\/aromatherapie\/aetherische-oele\/camomille\/#breadcrumb","itemListElement":[{"@type":"ListItem","position":1,"name":"Home","item":"https:\/\/bien-etreiris.ch\/de\/"},{"@type":"ListItem","position":2,"name":"PRODUKTPR\u00c4SENTATION","item":"https:\/\/bien-etreiris.ch\/de\/produktpraesentation\/"},{"@type":"ListItem","position":3,"name":"AROMATHERAPIE","item":"https:\/\/bien-etreiris.ch\/de\/produktpraesentation\/aromatherapie\/"},{"@type":"ListItem","position":4,"name":"\u00c4THERISCHE \u00d6LE","item":"https:\/\/bien-etreiris.ch\/de\/produktpraesentation\/aromatherapie\/aetherische-oele\/"},{"@type":"ListItem","position":5,"name":"KAMILLEN"}]},{"@type":"WebSite","@id":"https:\/\/bien-etreiris.ch\/de\/#website","url":"https:\/\/bien-etreiris.ch\/de\/","name":"Bien-\u00eatre Iris","description":"IHRE Gesundheit ist uns wichtig","potentialAction":[{"@type":"SearchAction","target":{"@type":"EntryPoint","urlTemplate":"https:\/\/bien-etreiris.ch\/de\/?s={search_term_string}"},"query-input":{"@type":"PropertyValueSpecification","valueRequired":true,"valueName":"search_term_string"}}],"inLanguage":"de"}]}},"_links":{"self":[{"href":"https:\/\/bien-etreiris.ch\/de\/wp-json\/wp\/v2\/pages\/76170","targetHints":{"allow":["GET"]}}],"collection":[{"href":"https:\/\/bien-etreiris.ch\/de\/wp-json\/wp\/v2\/pages"}],"about":[{"href":"https:\/\/bien-etreiris.ch\/de\/wp-json\/wp\/v2\/types\/page"}],"author":[{"embeddable":true,"href":"https:\/\/bien-etreiris.ch\/de\/wp-json\/wp\/v2\/users\/1"}],"replies":[{"embeddable":true,"href":"https:\/\/bien-etreiris.ch\/de\/wp-json\/wp\/v2\/comments?post=76170"}],"version-history":[{"count":4,"href":"https:\/\/bien-etreiris.ch\/de\/wp-json\/wp\/v2\/pages\/76170\/revisions"}],"predecessor-version":[{"id":76184,"href":"https:\/\/bien-etreiris.ch\/de\/wp-json\/wp\/v2\/pages\/76170\/revisions\/76184"}],"up":[{"embeddable":true,"href":"https:\/\/bien-etreiris.ch\/de\/wp-json\/wp\/v2\/pages\/37429"}],"wp:featuredmedia":[{"embeddable":true,"href":"https:\/\/bien-etreiris.ch\/de\/wp-json\/wp\/v2\/media\/76175"}],"wp:attachment":[{"href":"https:\/\/bien-etreiris.ch\/de\/wp-json\/wp\/v2\/media?parent=76170"}],"curies":[{"name":"wp","href":"https:\/\/api.w.org\/{rel}","templated":true}]}}